{"id":758826,"date":"2026-04-16T17:07:57","date_gmt":"2026-04-16T10:07:57","guid":{"rendered":"http:\/\/tourcruiser.com\/product\/nike-air-force-1-low-cactus-plant-flea-market-white-dd7050-100"},"modified":"2026-04-17T22:49:11","modified_gmt":"2026-04-17T15:49:11","slug":"nike-air-force-1-low-cactus-plant-flea-market-white-dd7050-100","status":"publish","type":"product","link":"https:\/\/tourcruiser.com\/fr\/products\/nike-air-force-1-low-cactus-plant-flea-market-white-dd7050-100\/","title":{"rendered":"Nike Air Force 1 Low &lsquo;Cactus Plant Flea Market White&rsquo; DD7050-100"},"content":{"rendered":"<p>La Nike Air Force 1 Low Cactus Plant Flea Market White est une sneaker iconique et \u00e9l\u00e9gante de Nike. Avec sa couleur blanche immacul\u00e9e et son motif Cactus Plant Flea Market unique, cette chaussure est un incontournable pour tout amateur de sneakers. Parfaite pour un look streetwear ou d\u00e9contract\u00e9, elle allie style et confort.<\/p>\n<p>Coloris : Blanc\/Blanc-Beige clair<\/p>\n<p>Code article : DD7050-100<\/p>\n<p>Tige : Cuir<\/p>\n<p>Semelle interm\u00e9diaire : Air<\/p>\n<p>Couleur : Blanc<\/p>\n<p>Designer : Bruce Kilgore<\/p>\n<p>Saison : Automne<\/p>\n<p>Ann\u00e9e de sortie : 2020<br \/>\n\u00c2ge : Adulte<br \/>\nCouleur : Blanc<br \/>\nGenre : Homme<\/p>\n","protected":false},"excerpt":{"rendered":"<p>La Nike Air Force 1 Low Cactus Plant Flea Market White est une sneaker iconique et \u00e9l\u00e9gante de Nike. Avec sa couleur blanche immacul\u00e9e et son motif Cactus Plant Flea Market unique, cette chaussure est un incontournable pour tout amateur de sneakers. Parfaite pour un look streetwear ou d\u00e9contract\u00e9, elle allie style et confort. Coloris [&hellip;]<\/p>\n","protected":false},"featured_media":758827,"comment_status":"open","ping_status":"closed","template":"","meta":[],"product_brand":[],"product_cat":[10803],"product_tag":[10800,38839,38841,38878,38842,38886,10801,38887,38846],"class_list":{"0":"post-758826","1":"product","2":"type-product","3":"status-publish","4":"has-post-thumbnail","6":"product_cat-nike","7":"product_tag-basketball-shoes","8":"product_tag-basketball-shoes-with-ankle-support","9":"product_tag-casual-shoes","10":"product_tag-current-offers","11":"product_tag-gift-idea-for-him","12":"product_tag-lifestyle-shoes-inspired-by-basketball","13":"product_tag-nike","14":"product_tag-nike-skateboard-shoes","15":"product_tag-performance-sports-shoes","16":"wcpa_has_options","18":"first","19":"instock","20":"taxable","21":"shipping-taxable","22":"purchasable","23":"product-type-simple"},"wcpa_form_fields":{"rules":{"pric_overide_base_price":false,"pric_overide_base_price_if_gt_zero":false,"pric_overide_base_price_fully":false,"pric_cal_option_once":false,"pric_use_as_fee":false,"bind_quantity":false,"quantity_bind_formula":false},"fields":[{"type":"color-group","required":true,"elementId":"wcpa-color-group-66c4a75505e74","label":"Taille","inline":true,"priceOptions":"different_for_all","pricingType":"fixed","className":"hassizechart product-shoes-size-eu product-shoes-size","name":"color-group-66c4a75505e89","disp_type":"square","selection_type":"tick-border","disp_size":"44","show_label_inside":true,"adjust_width":true,"cart_display_type":"text","other_text":"Other","cl_rule":"show","col":6,"values":[{"label":"35.5","value":"EU 35.5","price":"","pimage":"","pimage_id":"","pthumb":"","color":""},{"label":"36","value":"EU 36","price":"","pimage":"","pimage_id":"","pthumb":"","color":"","selected":true},{"label":"36.5","value":"EU 36.5","price":"","pimage":"","pimage_id":"","pthumb":"","color":""},{"label":"37.5","value":"EU 37.5","price":"","pimage":"","pimage_id":"","pthumb":"","color":""},{"label":"38","value":"EU 38","price":"","pimage":"","pimage_id":"","pthumb":"","color":""},{"label":"38.5","value":"EU 38.5","price":"","pimage":"","pimage_id":"","pthumb":"","color":""},{"label":"39","value":"EU 39","price":"","pimage":"","pimage_id":"","pthumb":"","color":""},{"label":"40","value":"EU 40","price":"","pimage":"","pimage_id":"","pthumb":"","color":""},{"label":"40.5","value":"EU 40.5","price":"","pimage":"","pimage_id":"","pthumb":"","color":""},{"label":"41","value":"EU 41","price":"","pimage":"","pimage_id":"","pthumb":"","color":""},{"label":"42","value":"EU 42","price":"","pimage":"","pimage_id":"","pthumb":"","color":""},{"label":"42.5","value":"EU 42.5","price":"","pimage":"","pimage_id":"","pthumb":"","color":""},{"label":"43","value":"EU 43","price":"","pimage":"","pimage_id":"","pthumb":"","color":""},{"label":"44","value":"EU 44","price":"","pimage":"","pimage_id":"","pthumb":"","color":""},{"label":"44.5","value":"EU 44.5","price":"","pimage":"","pimage_id":"","pthumb":"","color":""},{"label":"45","value":"EU 45","price":"","pimage":"","pimage_id":"","pthumb":"","color":""},{"label":"45.5","value":"EU 45.5","price":"","pimage":"","pimage_id":"","pthumb":"","color":""},{"label":"46","value":"EU 46","price":"","pimage":"","pimage_id":"","pthumb":"","color":""},{"label":"47","value":"EU 47","price":"","pimage":"","pimage_id":"","pthumb":"","color":""},{"label":"47.5","value":"EU 47.5","price":"","pimage":"","pimage_id":"","pthumb":"","color":""},{"label":"48","value":"EU 48","price":"","pimage":"","pimage_id":"","pthumb":"","color":""}],"relations":[{"operator":false,"rules":[]}],"form_id":18106,"form_rules":{"pric_cal_option_once":false,"exclude_from_discount":false,"pric_use_as_fee":false,"fee_label":"Fee","render_after_acb":false,"disp_hide_options_price":false}}]},"yoast_head":"<!-- This site is optimized with the Yoast SEO plugin v26.5 - https:\/\/yoast.com\/wordpress\/plugins\/seo\/ -->\n<title>Nike Air Force 1 Low &#039;Cactus Plant Flea Market White&#039; DD7050-100 - TOURCRUISER PTE. LTD<\/title>\n<meta name=\"robots\" content=\"index, follow, max-snippet:-1, max-image-preview:large, max-video-preview:-1\" \/>\n<link rel=\"canonical\" href=\"https:\/\/tourcruiser.com\/fr\/products\/nike-air-force-1-low-cactus-plant-flea-market-white-dd7050-100\/\" \/>\n<meta property=\"og:locale\" content=\"fr_FR\" \/>\n<meta property=\"og:type\" content=\"article\" \/>\n<meta property=\"og:title\" content=\"Nike Air Force 1 Low &#039;Cactus Plant Flea Market White&#039; DD7050-100 - TOURCRUISER PTE. LTD\" \/>\n<meta property=\"og:description\" content=\"La Nike Air Force 1 Low Cactus Plant Flea Market White est une sneaker iconique et \u00e9l\u00e9gante de Nike. Avec sa couleur blanche immacul\u00e9e et son motif Cactus Plant Flea Market unique, cette chaussure est un incontournable pour tout amateur de sneakers. Parfaite pour un look streetwear ou d\u00e9contract\u00e9, elle allie style et confort. Coloris [&hellip;]\" \/>\n<meta property=\"og:url\" content=\"https:\/\/tourcruiser.com\/fr\/products\/nike-air-force-1-low-cactus-plant-flea-market-white-dd7050-100\/\" \/>\n<meta property=\"og:site_name\" content=\"Tourcruiser Sneaker Store\" \/>\n<meta property=\"article:modified_time\" content=\"2026-04-17T15:49:11+00:00\" \/>\n<meta name=\"twitter:card\" content=\"summary_large_image\" \/>\n<meta name=\"twitter:image\" content=\"https:\/\/images.novelship.com\/product\/nike_air_force_1_low__cactus_plant_flea_market_whi_0_72856.jpeg;https:\/\/images.novelship.com\/product\/nike_air_force_1_low__cactus_plant_flea_market_whi_1_72856.jpeg;https:\/\/images.novelship.com\/product\/nike_air_force_1_low__cactus_plant_flea_market_whi_2_72856.jpeg;https:\/\/images.novelship.com\/product\/nike_air_force_1_low__cactus_plant_flea_market_whi_3_72856.jpeg;https:\/\/images.novelship.com\/product\/nike_air_force_1_low__cactus_plant_flea_market_whi_4_72856.jpeg;https:\/\/images.novelship.com\/product\/nike_air_force_1_low__cactus_plant_flea_market_whi_5_72856.jpeg;https:\/\/images.novelship.com\/product\/nike_air_force_1_low__cactus_plant_flea_market_whi_6_72856.jpeg;https:\/\/images.novelship.com\/product\/nike_air_force_1_low__cactus_plant_flea_market_whi_7_72856.jpeg\" \/>\n<script type=\"application\/ld+json\" class=\"yoast-schema-graph\">{\"@context\":\"https:\/\/schema.org\",\"@graph\":[{\"@type\":\"WebPage\",\"@id\":\"https:\/\/tourcruiser.com\/fr\/products\/nike-air-force-1-low-cactus-plant-flea-market-white-dd7050-100\/\",\"url\":\"https:\/\/tourcruiser.com\/fr\/products\/nike-air-force-1-low-cactus-plant-flea-market-white-dd7050-100\/\",\"name\":\"Nike Air Force 1 Low 'Cactus Plant Flea Market White' DD7050-100 - TOURCRUISER PTE. LTD\",\"isPartOf\":{\"@id\":\"\/#website\"},\"primaryImageOfPage\":{\"@id\":\"https:\/\/tourcruiser.com\/fr\/products\/nike-air-force-1-low-cactus-plant-flea-market-white-dd7050-100\/#primaryimage\"},\"image\":{\"@id\":\"https:\/\/tourcruiser.com\/fr\/products\/nike-air-force-1-low-cactus-plant-flea-market-white-dd7050-100\/#primaryimage\"},\"thumbnailUrl\":\"https:\/\/images.novelship.com\/product\/nike_air_force_1_low__cactus_plant_flea_market_whi_0_72856.jpeg;https:\/\/images.novelship.com\/product\/nike_air_force_1_low__cactus_plant_flea_market_whi_1_72856.jpeg;https:\/\/images.novelship.com\/product\/nike_air_force_1_low__cactus_plant_flea_market_whi_2_72856.jpeg;https:\/\/images.novelship.com\/product\/nike_air_force_1_low__cactus_plant_flea_market_whi_3_72856.jpeg;https:\/\/images.novelship.com\/product\/nike_air_force_1_low__cactus_plant_flea_market_whi_4_72856.jpeg;https:\/\/images.novelship.com\/product\/nike_air_force_1_low__cactus_plant_flea_market_whi_5_72856.jpeg;https:\/\/images.novelship.com\/product\/nike_air_force_1_low__cactus_plant_flea_market_whi_6_72856.jpeg;https:\/\/images.novelship.com\/product\/nike_air_force_1_low__cactus_plant_flea_market_whi_7_72856.jpeg\",\"datePublished\":\"2026-04-16T10:07:57+00:00\",\"dateModified\":\"2026-04-17T15:49:11+00:00\",\"breadcrumb\":{\"@id\":\"https:\/\/tourcruiser.com\/fr\/products\/nike-air-force-1-low-cactus-plant-flea-market-white-dd7050-100\/#breadcrumb\"},\"inLanguage\":\"fr-FR\",\"potentialAction\":[{\"@type\":\"ReadAction\",\"target\":[\"https:\/\/tourcruiser.com\/fr\/products\/nike-air-force-1-low-cactus-plant-flea-market-white-dd7050-100\/\"]}]},{\"@type\":\"ImageObject\",\"inLanguage\":\"fr-FR\",\"@id\":\"https:\/\/tourcruiser.com\/fr\/products\/nike-air-force-1-low-cactus-plant-flea-market-white-dd7050-100\/#primaryimage\",\"url\":\"https:\/\/images.novelship.com\/product\/nike_air_force_1_low__cactus_plant_flea_market_whi_0_72856.jpeg;https:\/\/images.novelship.com\/product\/nike_air_force_1_low__cactus_plant_flea_market_whi_1_72856.jpeg;https:\/\/images.novelship.com\/product\/nike_air_force_1_low__cactus_plant_flea_market_whi_2_72856.jpeg;https:\/\/images.novelship.com\/product\/nike_air_force_1_low__cactus_plant_flea_market_whi_3_72856.jpeg;https:\/\/images.novelship.com\/product\/nike_air_force_1_low__cactus_plant_flea_market_whi_4_72856.jpeg;https:\/\/images.novelship.com\/product\/nike_air_force_1_low__cactus_plant_flea_market_whi_5_72856.jpeg;https:\/\/images.novelship.com\/product\/nike_air_force_1_low__cactus_plant_flea_market_whi_6_72856.jpeg;https:\/\/images.novelship.com\/product\/nike_air_force_1_low__cactus_plant_flea_market_whi_7_72856.jpeg\",\"contentUrl\":\"https:\/\/images.novelship.com\/product\/nike_air_force_1_low__cactus_plant_flea_market_whi_0_72856.jpeg;https:\/\/images.novelship.com\/product\/nike_air_force_1_low__cactus_plant_flea_market_whi_1_72856.jpeg;https:\/\/images.novelship.com\/product\/nike_air_force_1_low__cactus_plant_flea_market_whi_2_72856.jpeg;https:\/\/images.novelship.com\/product\/nike_air_force_1_low__cactus_plant_flea_market_whi_3_72856.jpeg;https:\/\/images.novelship.com\/product\/nike_air_force_1_low__cactus_plant_flea_market_whi_4_72856.jpeg;https:\/\/images.novelship.com\/product\/nike_air_force_1_low__cactus_plant_flea_market_whi_5_72856.jpeg;https:\/\/images.novelship.com\/product\/nike_air_force_1_low__cactus_plant_flea_market_whi_6_72856.jpeg;https:\/\/images.novelship.com\/product\/nike_air_force_1_low__cactus_plant_flea_market_whi_7_72856.jpeg\"},{\"@type\":\"BreadcrumbList\",\"@id\":\"https:\/\/tourcruiser.com\/fr\/products\/nike-air-force-1-low-cactus-plant-flea-market-white-dd7050-100\/#breadcrumb\",\"itemListElement\":[{\"@type\":\"ListItem\",\"position\":1,\"name\":\"Home\",\"item\":\"https:\/\/tourcruiser.com\/fr\/\"},{\"@type\":\"ListItem\",\"position\":2,\"name\":\"Shop\",\"item\":\"https:\/\/tourcruiser.com\/fr\/shop\/\"},{\"@type\":\"ListItem\",\"position\":3,\"name\":\"Nike Air Force 1 Low &#8216;Cactus Plant Flea Market White&#8217; DD7050-100\"}]},{\"@type\":\"WebSite\",\"@id\":\"\/#website\",\"url\":\"\/\",\"name\":\"Styloral Jewelry Shop\",\"description\":\"Tourcruiser Sneaker Store \u2014 L\u2019endroit o\u00f9 l\u2019univers rencontre votre singularit\u00e9.\",\"publisher\":{\"@id\":\"\/#organization\"},\"potentialAction\":[{\"@type\":\"SearchAction\",\"target\":{\"@type\":\"EntryPoint\",\"urlTemplate\":\"\/?s={search_term_string}\"},\"query-input\":{\"@type\":\"PropertyValueSpecification\",\"valueRequired\":true,\"valueName\":\"search_term_string\"}}],\"inLanguage\":\"fr-FR\"},{\"@type\":\"Organization\",\"@id\":\"\/#organization\",\"name\":\"STYLORAL PTE. LTD\",\"url\":\"\/\",\"logo\":{\"@type\":\"ImageObject\",\"inLanguage\":\"fr-FR\",\"@id\":\"\/#\/schema\/logo\/image\/\",\"url\":\"https:\/\/www.tourcruiser.com\/wp-content\/uploads\/2025\/12\/logo.png\",\"contentUrl\":\"https:\/\/www.tourcruiser.com\/wp-content\/uploads\/2025\/12\/logo.png\",\"width\":200,\"height\":65,\"caption\":\"STYLORAL PTE. LTD\"},\"image\":{\"@id\":\"\/#\/schema\/logo\/image\/\"}}]}<\/script>\n<!-- \/ Yoast SEO plugin. -->","yoast_head_json":{"title":"Nike Air Force 1 Low 'Cactus Plant Flea Market White' DD7050-100 - TOURCRUISER PTE. LTD","robots":{"index":"index","follow":"follow","max-snippet":"max-snippet:-1","max-image-preview":"max-image-preview:large","max-video-preview":"max-video-preview:-1"},"canonical":"https:\/\/tourcruiser.com\/fr\/products\/nike-air-force-1-low-cactus-plant-flea-market-white-dd7050-100\/","og_locale":"fr_FR","og_type":"article","og_title":"Nike Air Force 1 Low 'Cactus Plant Flea Market White' DD7050-100 - TOURCRUISER PTE. LTD","og_description":"La Nike Air Force 1 Low Cactus Plant Flea Market White est une sneaker iconique et \u00e9l\u00e9gante de Nike. Avec sa couleur blanche immacul\u00e9e et son motif Cactus Plant Flea Market unique, cette chaussure est un incontournable pour tout amateur de sneakers. Parfaite pour un look streetwear ou d\u00e9contract\u00e9, elle allie style et confort. Coloris [&hellip;]","og_url":"https:\/\/tourcruiser.com\/fr\/products\/nike-air-force-1-low-cactus-plant-flea-market-white-dd7050-100\/","og_site_name":"Tourcruiser Sneaker Store","article_modified_time":"2026-04-17T15:49:11+00:00","twitter_card":"summary_large_image","twitter_image":"https:\/\/images.novelship.com\/product\/nike_air_force_1_low__cactus_plant_flea_market_whi_0_72856.jpeg;https:\/\/images.novelship.com\/product\/nike_air_force_1_low__cactus_plant_flea_market_whi_1_72856.jpeg;https:\/\/images.novelship.com\/product\/nike_air_force_1_low__cactus_plant_flea_market_whi_2_72856.jpeg;https:\/\/images.novelship.com\/product\/nike_air_force_1_low__cactus_plant_flea_market_whi_3_72856.jpeg;https:\/\/images.novelship.com\/product\/nike_air_force_1_low__cactus_plant_flea_market_whi_4_72856.jpeg;https:\/\/images.novelship.com\/product\/nike_air_force_1_low__cactus_plant_flea_market_whi_5_72856.jpeg;https:\/\/images.novelship.com\/product\/nike_air_force_1_low__cactus_plant_flea_market_whi_6_72856.jpeg;https:\/\/images.novelship.com\/product\/nike_air_force_1_low__cactus_plant_flea_market_whi_7_72856.jpeg","schema":{"@context":"https:\/\/schema.org","@graph":[{"@type":"WebPage","@id":"https:\/\/tourcruiser.com\/fr\/products\/nike-air-force-1-low-cactus-plant-flea-market-white-dd7050-100\/","url":"https:\/\/tourcruiser.com\/fr\/products\/nike-air-force-1-low-cactus-plant-flea-market-white-dd7050-100\/","name":"Nike Air Force 1 Low 'Cactus Plant Flea Market White' DD7050-100 - TOURCRUISER PTE. LTD","isPartOf":{"@id":"\/#website"},"primaryImageOfPage":{"@id":"https:\/\/tourcruiser.com\/fr\/products\/nike-air-force-1-low-cactus-plant-flea-market-white-dd7050-100\/#primaryimage"},"image":{"@id":"https:\/\/tourcruiser.com\/fr\/products\/nike-air-force-1-low-cactus-plant-flea-market-white-dd7050-100\/#primaryimage"},"thumbnailUrl":"https:\/\/images.novelship.com\/product\/nike_air_force_1_low__cactus_plant_flea_market_whi_0_72856.jpeg;https:\/\/images.novelship.com\/product\/nike_air_force_1_low__cactus_plant_flea_market_whi_1_72856.jpeg;https:\/\/images.novelship.com\/product\/nike_air_force_1_low__cactus_plant_flea_market_whi_2_72856.jpeg;https:\/\/images.novelship.com\/product\/nike_air_force_1_low__cactus_plant_flea_market_whi_3_72856.jpeg;https:\/\/images.novelship.com\/product\/nike_air_force_1_low__cactus_plant_flea_market_whi_4_72856.jpeg;https:\/\/images.novelship.com\/product\/nike_air_force_1_low__cactus_plant_flea_market_whi_5_72856.jpeg;https:\/\/images.novelship.com\/product\/nike_air_force_1_low__cactus_plant_flea_market_whi_6_72856.jpeg;https:\/\/images.novelship.com\/product\/nike_air_force_1_low__cactus_plant_flea_market_whi_7_72856.jpeg","datePublished":"2026-04-16T10:07:57+00:00","dateModified":"2026-04-17T15:49:11+00:00","breadcrumb":{"@id":"https:\/\/tourcruiser.com\/fr\/products\/nike-air-force-1-low-cactus-plant-flea-market-white-dd7050-100\/#breadcrumb"},"inLanguage":"fr-FR","potentialAction":[{"@type":"ReadAction","target":["https:\/\/tourcruiser.com\/fr\/products\/nike-air-force-1-low-cactus-plant-flea-market-white-dd7050-100\/"]}]},{"@type":"ImageObject","inLanguage":"fr-FR","@id":"https:\/\/tourcruiser.com\/fr\/products\/nike-air-force-1-low-cactus-plant-flea-market-white-dd7050-100\/#primaryimage","url":"https:\/\/images.novelship.com\/product\/nike_air_force_1_low__cactus_plant_flea_market_whi_0_72856.jpeg;https:\/\/images.novelship.com\/product\/nike_air_force_1_low__cactus_plant_flea_market_whi_1_72856.jpeg;https:\/\/images.novelship.com\/product\/nike_air_force_1_low__cactus_plant_flea_market_whi_2_72856.jpeg;https:\/\/images.novelship.com\/product\/nike_air_force_1_low__cactus_plant_flea_market_whi_3_72856.jpeg;https:\/\/images.novelship.com\/product\/nike_air_force_1_low__cactus_plant_flea_market_whi_4_72856.jpeg;https:\/\/images.novelship.com\/product\/nike_air_force_1_low__cactus_plant_flea_market_whi_5_72856.jpeg;https:\/\/images.novelship.com\/product\/nike_air_force_1_low__cactus_plant_flea_market_whi_6_72856.jpeg;https:\/\/images.novelship.com\/product\/nike_air_force_1_low__cactus_plant_flea_market_whi_7_72856.jpeg","contentUrl":"https:\/\/images.novelship.com\/product\/nike_air_force_1_low__cactus_plant_flea_market_whi_0_72856.jpeg;https:\/\/images.novelship.com\/product\/nike_air_force_1_low__cactus_plant_flea_market_whi_1_72856.jpeg;https:\/\/images.novelship.com\/product\/nike_air_force_1_low__cactus_plant_flea_market_whi_2_72856.jpeg;https:\/\/images.novelship.com\/product\/nike_air_force_1_low__cactus_plant_flea_market_whi_3_72856.jpeg;https:\/\/images.novelship.com\/product\/nike_air_force_1_low__cactus_plant_flea_market_whi_4_72856.jpeg;https:\/\/images.novelship.com\/product\/nike_air_force_1_low__cactus_plant_flea_market_whi_5_72856.jpeg;https:\/\/images.novelship.com\/product\/nike_air_force_1_low__cactus_plant_flea_market_whi_6_72856.jpeg;https:\/\/images.novelship.com\/product\/nike_air_force_1_low__cactus_plant_flea_market_whi_7_72856.jpeg"},{"@type":"BreadcrumbList","@id":"https:\/\/tourcruiser.com\/fr\/products\/nike-air-force-1-low-cactus-plant-flea-market-white-dd7050-100\/#breadcrumb","itemListElement":[{"@type":"ListItem","position":1,"name":"Home","item":"https:\/\/tourcruiser.com\/fr\/"},{"@type":"ListItem","position":2,"name":"Shop","item":"https:\/\/tourcruiser.com\/fr\/shop\/"},{"@type":"ListItem","position":3,"name":"Nike Air Force 1 Low &#8216;Cactus Plant Flea Market White&#8217; DD7050-100"}]},{"@type":"WebSite","@id":"\/#website","url":"\/","name":"Styloral Jewelry Shop","description":"Tourcruiser Sneaker Store \u2014 L\u2019endroit o\u00f9 l\u2019univers rencontre votre singularit\u00e9.","publisher":{"@id":"\/#organization"},"potentialAction":[{"@type":"SearchAction","target":{"@type":"EntryPoint","urlTemplate":"\/?s={search_term_string}"},"query-input":{"@type":"PropertyValueSpecification","valueRequired":true,"valueName":"search_term_string"}}],"inLanguage":"fr-FR"},{"@type":"Organization","@id":"\/#organization","name":"STYLORAL PTE. LTD","url":"\/","logo":{"@type":"ImageObject","inLanguage":"fr-FR","@id":"\/#\/schema\/logo\/image\/","url":"https:\/\/www.tourcruiser.com\/wp-content\/uploads\/2025\/12\/logo.png","contentUrl":"https:\/\/www.tourcruiser.com\/wp-content\/uploads\/2025\/12\/logo.png","width":200,"height":65,"caption":"STYLORAL PTE. LTD"},"image":{"@id":"\/#\/schema\/logo\/image\/"}}]}},"_links":{"self":[{"href":"https:\/\/tourcruiser.com\/fr\/wp-json\/wp\/v2\/product\/758826","targetHints":{"allow":["GET"]}}],"collection":[{"href":"https:\/\/tourcruiser.com\/fr\/wp-json\/wp\/v2\/product"}],"about":[{"href":"https:\/\/tourcruiser.com\/fr\/wp-json\/wp\/v2\/types\/product"}],"replies":[{"embeddable":true,"href":"https:\/\/tourcruiser.com\/fr\/wp-json\/wp\/v2\/comments?post=758826"}],"wp:featuredmedia":[{"embeddable":true,"href":"https:\/\/tourcruiser.com\/fr\/wp-json\/wp\/v2\/media\/758827"}],"wp:attachment":[{"href":"https:\/\/tourcruiser.com\/fr\/wp-json\/wp\/v2\/media?parent=758826"}],"wp:term":[{"taxonomy":"product_brand","embeddable":true,"href":"https:\/\/tourcruiser.com\/fr\/wp-json\/wp\/v2\/product_brand?post=758826"},{"taxonomy":"product_cat","embeddable":true,"href":"https:\/\/tourcruiser.com\/fr\/wp-json\/wp\/v2\/product_cat?post=758826"},{"taxonomy":"product_tag","embeddable":true,"href":"https:\/\/tourcruiser.com\/fr\/wp-json\/wp\/v2\/product_tag?post=758826"}],"curies":[{"name":"wp","href":"https:\/\/api.w.org\/{rel}","templated":true}]}}