{"id":758754,"date":"2026-04-16T17:07:55","date_gmt":"2026-04-16T10:07:55","guid":{"rendered":"http:\/\/tourcruiser.com\/product\/sacai-x-nike-vaporwaffle-tour-yellow-cv1363-700"},"modified":"2026-04-17T22:49:06","modified_gmt":"2026-04-17T15:49:06","slug":"sacai-x-nike-vaporwaffle-tour-yellow-cv1363-700","status":"publish","type":"product","link":"https:\/\/tourcruiser.com\/fr\/products\/sacai-x-nike-vaporwaffle-tour-yellow-cv1363-700\/","title":{"rendered":"sacai x Nike VaporWaffle &lsquo;Tour Yellow&rsquo; CV1363-700"},"content":{"rendered":"<p>La sacai x Nike VaporWaffle Tour Yellow est une collaboration \u00e9l\u00e9gante et performante entre sacai et Nike. Avec son coloris jaune \u00e9clatant, cette chaussure est id\u00e9ale pour affirmer votre style. L&rsquo;alliance du design unique de sacai et de la technologie innovante de Nike fait de cette VaporWaffle un mod\u00e8le qui attire tous les regards, tout en offrant un confort exceptionnel. Rehaussez votre style avec ces chaussures tendance et originales.<\/p>\n<p>Coloris : Tour Yellow\/Stadium Green\/Sail<\/p>\n<p>Code article : CV1363-700<\/p>\n<p>Tige : Daim<\/p>\n<p>Semelle interm\u00e9diaire : Gaufr\u00e9e<\/p>\n<p>Couleur : Multicolore<\/p>\n<p>Saison : Hiver<\/p>\n<p>Ann\u00e9e de sortie : 2020<\/p>\n<p>\u00c2ge : Adulte<\/p>\n<p>Couleur : Multicolore<\/p>\n<p>Genre : Homme<\/p>\n","protected":false},"excerpt":{"rendered":"<p>La sacai x Nike VaporWaffle Tour Yellow est une collaboration \u00e9l\u00e9gante et performante entre sacai et Nike. Avec son coloris jaune \u00e9clatant, cette chaussure est id\u00e9ale pour affirmer votre style. L&rsquo;alliance du design unique de sacai et de la technologie innovante de Nike fait de cette VaporWaffle un mod\u00e8le qui attire tous les regards, tout [&hellip;]<\/p>\n","protected":false},"featured_media":758755,"comment_status":"open","ping_status":"closed","template":"","meta":[],"product_brand":[],"product_cat":[10803],"product_tag":[10750,38841,38842,38894,10801,10768],"class_list":{"0":"post-758754","1":"product","2":"type-product","3":"status-publish","4":"has-post-thumbnail","6":"product_cat-nike","7":"product_tag-athleisure-shoes","8":"product_tag-casual-shoes","9":"product_tag-gift-idea-for-him","10":"product_tag-lifestyle-shoes-running-shoes","11":"product_tag-nike","12":"product_tag-retro-running-shoes","13":"wcpa_has_options","15":"first","16":"instock","17":"taxable","18":"shipping-taxable","19":"purchasable","20":"product-type-simple"},"wcpa_form_fields":{"rules":{"pric_overide_base_price":false,"pric_overide_base_price_if_gt_zero":false,"pric_overide_base_price_fully":false,"pric_cal_option_once":false,"pric_use_as_fee":false,"bind_quantity":false,"quantity_bind_formula":false},"fields":[{"type":"color-group","required":true,"elementId":"wcpa-color-group-66c4a75505e74","label":"Taille","inline":true,"priceOptions":"different_for_all","pricingType":"fixed","className":"hassizechart product-shoes-size-eu product-shoes-size","name":"color-group-66c4a75505e89","disp_type":"square","selection_type":"tick-border","disp_size":"44","show_label_inside":true,"adjust_width":true,"cart_display_type":"text","other_text":"Other","cl_rule":"show","col":6,"values":[{"label":"35.5","value":"EU 35.5","price":"","pimage":"","pimage_id":"","pthumb":"","color":""},{"label":"36","value":"EU 36","price":"","pimage":"","pimage_id":"","pthumb":"","color":"","selected":true},{"label":"36.5","value":"EU 36.5","price":"","pimage":"","pimage_id":"","pthumb":"","color":""},{"label":"37.5","value":"EU 37.5","price":"","pimage":"","pimage_id":"","pthumb":"","color":""},{"label":"38","value":"EU 38","price":"","pimage":"","pimage_id":"","pthumb":"","color":""},{"label":"38.5","value":"EU 38.5","price":"","pimage":"","pimage_id":"","pthumb":"","color":""},{"label":"39","value":"EU 39","price":"","pimage":"","pimage_id":"","pthumb":"","color":""},{"label":"40","value":"EU 40","price":"","pimage":"","pimage_id":"","pthumb":"","color":""},{"label":"40.5","value":"EU 40.5","price":"","pimage":"","pimage_id":"","pthumb":"","color":""},{"label":"41","value":"EU 41","price":"","pimage":"","pimage_id":"","pthumb":"","color":""},{"label":"42","value":"EU 42","price":"","pimage":"","pimage_id":"","pthumb":"","color":""},{"label":"42.5","value":"EU 42.5","price":"","pimage":"","pimage_id":"","pthumb":"","color":""},{"label":"43","value":"EU 43","price":"","pimage":"","pimage_id":"","pthumb":"","color":""},{"label":"44","value":"EU 44","price":"","pimage":"","pimage_id":"","pthumb":"","color":""},{"label":"44.5","value":"EU 44.5","price":"","pimage":"","pimage_id":"","pthumb":"","color":""},{"label":"45","value":"EU 45","price":"","pimage":"","pimage_id":"","pthumb":"","color":""},{"label":"45.5","value":"EU 45.5","price":"","pimage":"","pimage_id":"","pthumb":"","color":""},{"label":"46","value":"EU 46","price":"","pimage":"","pimage_id":"","pthumb":"","color":""},{"label":"47","value":"EU 47","price":"","pimage":"","pimage_id":"","pthumb":"","color":""},{"label":"47.5","value":"EU 47.5","price":"","pimage":"","pimage_id":"","pthumb":"","color":""},{"label":"48","value":"EU 48","price":"","pimage":"","pimage_id":"","pthumb":"","color":""}],"relations":[{"operator":false,"rules":[]}],"form_id":18106,"form_rules":{"pric_cal_option_once":false,"exclude_from_discount":false,"pric_use_as_fee":false,"fee_label":"Fee","render_after_acb":false,"disp_hide_options_price":false}}]},"yoast_head":"<!-- This site is optimized with the Yoast SEO plugin v26.5 - https:\/\/yoast.com\/wordpress\/plugins\/seo\/ -->\n<title>sacai x Nike VaporWaffle &#039;Tour Yellow&#039; CV1363-700 - TOURCRUISER PTE. LTD<\/title>\n<meta name=\"robots\" content=\"index, follow, max-snippet:-1, max-image-preview:large, max-video-preview:-1\" \/>\n<link rel=\"canonical\" href=\"https:\/\/tourcruiser.com\/fr\/products\/sacai-x-nike-vaporwaffle-tour-yellow-cv1363-700\/\" \/>\n<meta property=\"og:locale\" content=\"fr_FR\" \/>\n<meta property=\"og:type\" content=\"article\" \/>\n<meta property=\"og:title\" content=\"sacai x Nike VaporWaffle &#039;Tour Yellow&#039; CV1363-700 - TOURCRUISER PTE. LTD\" \/>\n<meta property=\"og:description\" content=\"La sacai x Nike VaporWaffle Tour Yellow est une collaboration \u00e9l\u00e9gante et performante entre sacai et Nike. Avec son coloris jaune \u00e9clatant, cette chaussure est id\u00e9ale pour affirmer votre style. L&rsquo;alliance du design unique de sacai et de la technologie innovante de Nike fait de cette VaporWaffle un mod\u00e8le qui attire tous les regards, tout [&hellip;]\" \/>\n<meta property=\"og:url\" content=\"https:\/\/tourcruiser.com\/fr\/products\/sacai-x-nike-vaporwaffle-tour-yellow-cv1363-700\/\" \/>\n<meta property=\"og:site_name\" content=\"Tourcruiser Sneaker Store\" \/>\n<meta property=\"article:modified_time\" content=\"2026-04-17T15:49:06+00:00\" \/>\n<meta name=\"twitter:card\" content=\"summary_large_image\" \/>\n<meta name=\"twitter:image\" content=\"https:\/\/images.novelship.com\/product\/sacai_x_nike_vaporwaffle__tour_yellow__cv1363_700_0_77601.jpeg;https:\/\/images.novelship.com\/product\/sacai_x_nike_vaporwaffle__tour_yellow__cv1363_700_1_77601.jpeg;https:\/\/images.novelship.com\/product\/sacai_x_nike_vaporwaffle__tour_yellow__cv1363_700_2_77601.jpeg;https:\/\/images.novelship.com\/product\/sacai_x_nike_vaporwaffle__tour_yellow__cv1363_700_3_77601.jpeg;https:\/\/images.novelship.com\/product\/sacai_x_nike_vaporwaffle__tour_yellow__cv1363_700_4_77601.jpeg;https:\/\/images.novelship.com\/product\/sacai_x_nike_vaporwaffle__tour_yellow__cv1363_700_5_77601.jpeg;https:\/\/images.novelship.com\/product\/sacai_x_nike_vaporwaffle__tour_yellow__cv1363_700_6_77601.jpeg;https:\/\/images.novelship.com\/product\/sacai_x_nike_vaporwaffle__tour_yellow__cv1363_700_7_77601.jpeg\" \/>\n<meta name=\"twitter:label1\" content=\"Dur\u00e9e de lecture estim\u00e9e\" \/>\n\t<meta name=\"twitter:data1\" content=\"1 minute\" \/>\n<script type=\"application\/ld+json\" class=\"yoast-schema-graph\">{\"@context\":\"https:\/\/schema.org\",\"@graph\":[{\"@type\":\"WebPage\",\"@id\":\"https:\/\/tourcruiser.com\/fr\/products\/sacai-x-nike-vaporwaffle-tour-yellow-cv1363-700\/\",\"url\":\"https:\/\/tourcruiser.com\/fr\/products\/sacai-x-nike-vaporwaffle-tour-yellow-cv1363-700\/\",\"name\":\"sacai x Nike VaporWaffle 'Tour Yellow' CV1363-700 - TOURCRUISER PTE. LTD\",\"isPartOf\":{\"@id\":\"https:\/\/tourcruiser.com\/fr\/#website\"},\"primaryImageOfPage\":{\"@id\":\"https:\/\/tourcruiser.com\/fr\/products\/sacai-x-nike-vaporwaffle-tour-yellow-cv1363-700\/#primaryimage\"},\"image\":{\"@id\":\"https:\/\/tourcruiser.com\/fr\/products\/sacai-x-nike-vaporwaffle-tour-yellow-cv1363-700\/#primaryimage\"},\"thumbnailUrl\":\"https:\/\/images.novelship.com\/product\/sacai_x_nike_vaporwaffle__tour_yellow__cv1363_700_0_77601.jpeg;https:\/\/images.novelship.com\/product\/sacai_x_nike_vaporwaffle__tour_yellow__cv1363_700_1_77601.jpeg;https:\/\/images.novelship.com\/product\/sacai_x_nike_vaporwaffle__tour_yellow__cv1363_700_2_77601.jpeg;https:\/\/images.novelship.com\/product\/sacai_x_nike_vaporwaffle__tour_yellow__cv1363_700_3_77601.jpeg;https:\/\/images.novelship.com\/product\/sacai_x_nike_vaporwaffle__tour_yellow__cv1363_700_4_77601.jpeg;https:\/\/images.novelship.com\/product\/sacai_x_nike_vaporwaffle__tour_yellow__cv1363_700_5_77601.jpeg;https:\/\/images.novelship.com\/product\/sacai_x_nike_vaporwaffle__tour_yellow__cv1363_700_6_77601.jpeg;https:\/\/images.novelship.com\/product\/sacai_x_nike_vaporwaffle__tour_yellow__cv1363_700_7_77601.jpeg\",\"datePublished\":\"2026-04-16T10:07:55+00:00\",\"dateModified\":\"2026-04-17T15:49:06+00:00\",\"breadcrumb\":{\"@id\":\"https:\/\/tourcruiser.com\/fr\/products\/sacai-x-nike-vaporwaffle-tour-yellow-cv1363-700\/#breadcrumb\"},\"inLanguage\":\"fr-FR\",\"potentialAction\":[{\"@type\":\"ReadAction\",\"target\":[\"https:\/\/tourcruiser.com\/fr\/products\/sacai-x-nike-vaporwaffle-tour-yellow-cv1363-700\/\"]}]},{\"@type\":\"ImageObject\",\"inLanguage\":\"fr-FR\",\"@id\":\"https:\/\/tourcruiser.com\/fr\/products\/sacai-x-nike-vaporwaffle-tour-yellow-cv1363-700\/#primaryimage\",\"url\":\"https:\/\/images.novelship.com\/product\/sacai_x_nike_vaporwaffle__tour_yellow__cv1363_700_0_77601.jpeg;https:\/\/images.novelship.com\/product\/sacai_x_nike_vaporwaffle__tour_yellow__cv1363_700_1_77601.jpeg;https:\/\/images.novelship.com\/product\/sacai_x_nike_vaporwaffle__tour_yellow__cv1363_700_2_77601.jpeg;https:\/\/images.novelship.com\/product\/sacai_x_nike_vaporwaffle__tour_yellow__cv1363_700_3_77601.jpeg;https:\/\/images.novelship.com\/product\/sacai_x_nike_vaporwaffle__tour_yellow__cv1363_700_4_77601.jpeg;https:\/\/images.novelship.com\/product\/sacai_x_nike_vaporwaffle__tour_yellow__cv1363_700_5_77601.jpeg;https:\/\/images.novelship.com\/product\/sacai_x_nike_vaporwaffle__tour_yellow__cv1363_700_6_77601.jpeg;https:\/\/images.novelship.com\/product\/sacai_x_nike_vaporwaffle__tour_yellow__cv1363_700_7_77601.jpeg\",\"contentUrl\":\"https:\/\/images.novelship.com\/product\/sacai_x_nike_vaporwaffle__tour_yellow__cv1363_700_0_77601.jpeg;https:\/\/images.novelship.com\/product\/sacai_x_nike_vaporwaffle__tour_yellow__cv1363_700_1_77601.jpeg;https:\/\/images.novelship.com\/product\/sacai_x_nike_vaporwaffle__tour_yellow__cv1363_700_2_77601.jpeg;https:\/\/images.novelship.com\/product\/sacai_x_nike_vaporwaffle__tour_yellow__cv1363_700_3_77601.jpeg;https:\/\/images.novelship.com\/product\/sacai_x_nike_vaporwaffle__tour_yellow__cv1363_700_4_77601.jpeg;https:\/\/images.novelship.com\/product\/sacai_x_nike_vaporwaffle__tour_yellow__cv1363_700_5_77601.jpeg;https:\/\/images.novelship.com\/product\/sacai_x_nike_vaporwaffle__tour_yellow__cv1363_700_6_77601.jpeg;https:\/\/images.novelship.com\/product\/sacai_x_nike_vaporwaffle__tour_yellow__cv1363_700_7_77601.jpeg\"},{\"@type\":\"BreadcrumbList\",\"@id\":\"https:\/\/tourcruiser.com\/fr\/products\/sacai-x-nike-vaporwaffle-tour-yellow-cv1363-700\/#breadcrumb\",\"itemListElement\":[{\"@type\":\"ListItem\",\"position\":1,\"name\":\"Home\",\"item\":\"https:\/\/tourcruiser.com\/fr\/\"},{\"@type\":\"ListItem\",\"position\":2,\"name\":\"Shop\",\"item\":\"https:\/\/tourcruiser.com\/fr\/shop\/\"},{\"@type\":\"ListItem\",\"position\":3,\"name\":\"sacai x Nike VaporWaffle &#8216;Tour Yellow&#8217; CV1363-700\"}]},{\"@type\":\"WebSite\",\"@id\":\"https:\/\/tourcruiser.com\/fr\/#website\",\"url\":\"https:\/\/tourcruiser.com\/fr\/\",\"name\":\"Styloral Jewelry Shop\",\"description\":\"Tourcruiser Sneaker Store \u2014 L\u2019endroit o\u00f9 l\u2019univers rencontre votre singularit\u00e9.\",\"publisher\":{\"@id\":\"https:\/\/tourcruiser.com\/fr\/#organization\"},\"potentialAction\":[{\"@type\":\"SearchAction\",\"target\":{\"@type\":\"EntryPoint\",\"urlTemplate\":\"https:\/\/tourcruiser.com\/fr\/?s={search_term_string}\"},\"query-input\":{\"@type\":\"PropertyValueSpecification\",\"valueRequired\":true,\"valueName\":\"search_term_string\"}}],\"inLanguage\":\"fr-FR\"},{\"@type\":\"Organization\",\"@id\":\"https:\/\/tourcruiser.com\/fr\/#organization\",\"name\":\"STYLORAL PTE. LTD\",\"url\":\"https:\/\/tourcruiser.com\/fr\/\",\"logo\":{\"@type\":\"ImageObject\",\"inLanguage\":\"fr-FR\",\"@id\":\"https:\/\/tourcruiser.com\/fr\/#\/schema\/logo\/image\/\",\"url\":\"https:\/\/www.tourcruiser.com\/wp-content\/uploads\/2025\/12\/logo.png\",\"contentUrl\":\"https:\/\/www.tourcruiser.com\/wp-content\/uploads\/2025\/12\/logo.png\",\"width\":200,\"height\":65,\"caption\":\"STYLORAL PTE. LTD\"},\"image\":{\"@id\":\"https:\/\/tourcruiser.com\/fr\/#\/schema\/logo\/image\/\"}}]}<\/script>\n<!-- \/ Yoast SEO plugin. -->","yoast_head_json":{"title":"sacai x Nike VaporWaffle 'Tour Yellow' CV1363-700 - TOURCRUISER PTE. LTD","robots":{"index":"index","follow":"follow","max-snippet":"max-snippet:-1","max-image-preview":"max-image-preview:large","max-video-preview":"max-video-preview:-1"},"canonical":"https:\/\/tourcruiser.com\/fr\/products\/sacai-x-nike-vaporwaffle-tour-yellow-cv1363-700\/","og_locale":"fr_FR","og_type":"article","og_title":"sacai x Nike VaporWaffle 'Tour Yellow' CV1363-700 - TOURCRUISER PTE. LTD","og_description":"La sacai x Nike VaporWaffle Tour Yellow est une collaboration \u00e9l\u00e9gante et performante entre sacai et Nike. Avec son coloris jaune \u00e9clatant, cette chaussure est id\u00e9ale pour affirmer votre style. L&rsquo;alliance du design unique de sacai et de la technologie innovante de Nike fait de cette VaporWaffle un mod\u00e8le qui attire tous les regards, tout [&hellip;]","og_url":"https:\/\/tourcruiser.com\/fr\/products\/sacai-x-nike-vaporwaffle-tour-yellow-cv1363-700\/","og_site_name":"Tourcruiser Sneaker Store","article_modified_time":"2026-04-17T15:49:06+00:00","twitter_card":"summary_large_image","twitter_image":"https:\/\/images.novelship.com\/product\/sacai_x_nike_vaporwaffle__tour_yellow__cv1363_700_0_77601.jpeg;https:\/\/images.novelship.com\/product\/sacai_x_nike_vaporwaffle__tour_yellow__cv1363_700_1_77601.jpeg;https:\/\/images.novelship.com\/product\/sacai_x_nike_vaporwaffle__tour_yellow__cv1363_700_2_77601.jpeg;https:\/\/images.novelship.com\/product\/sacai_x_nike_vaporwaffle__tour_yellow__cv1363_700_3_77601.jpeg;https:\/\/images.novelship.com\/product\/sacai_x_nike_vaporwaffle__tour_yellow__cv1363_700_4_77601.jpeg;https:\/\/images.novelship.com\/product\/sacai_x_nike_vaporwaffle__tour_yellow__cv1363_700_5_77601.jpeg;https:\/\/images.novelship.com\/product\/sacai_x_nike_vaporwaffle__tour_yellow__cv1363_700_6_77601.jpeg;https:\/\/images.novelship.com\/product\/sacai_x_nike_vaporwaffle__tour_yellow__cv1363_700_7_77601.jpeg","twitter_misc":{"Dur\u00e9e de lecture estim\u00e9e":"1 minute"},"schema":{"@context":"https:\/\/schema.org","@graph":[{"@type":"WebPage","@id":"https:\/\/tourcruiser.com\/fr\/products\/sacai-x-nike-vaporwaffle-tour-yellow-cv1363-700\/","url":"https:\/\/tourcruiser.com\/fr\/products\/sacai-x-nike-vaporwaffle-tour-yellow-cv1363-700\/","name":"sacai x Nike VaporWaffle 'Tour Yellow' CV1363-700 - TOURCRUISER PTE. LTD","isPartOf":{"@id":"https:\/\/tourcruiser.com\/fr\/#website"},"primaryImageOfPage":{"@id":"https:\/\/tourcruiser.com\/fr\/products\/sacai-x-nike-vaporwaffle-tour-yellow-cv1363-700\/#primaryimage"},"image":{"@id":"https:\/\/tourcruiser.com\/fr\/products\/sacai-x-nike-vaporwaffle-tour-yellow-cv1363-700\/#primaryimage"},"thumbnailUrl":"https:\/\/images.novelship.com\/product\/sacai_x_nike_vaporwaffle__tour_yellow__cv1363_700_0_77601.jpeg;https:\/\/images.novelship.com\/product\/sacai_x_nike_vaporwaffle__tour_yellow__cv1363_700_1_77601.jpeg;https:\/\/images.novelship.com\/product\/sacai_x_nike_vaporwaffle__tour_yellow__cv1363_700_2_77601.jpeg;https:\/\/images.novelship.com\/product\/sacai_x_nike_vaporwaffle__tour_yellow__cv1363_700_3_77601.jpeg;https:\/\/images.novelship.com\/product\/sacai_x_nike_vaporwaffle__tour_yellow__cv1363_700_4_77601.jpeg;https:\/\/images.novelship.com\/product\/sacai_x_nike_vaporwaffle__tour_yellow__cv1363_700_5_77601.jpeg;https:\/\/images.novelship.com\/product\/sacai_x_nike_vaporwaffle__tour_yellow__cv1363_700_6_77601.jpeg;https:\/\/images.novelship.com\/product\/sacai_x_nike_vaporwaffle__tour_yellow__cv1363_700_7_77601.jpeg","datePublished":"2026-04-16T10:07:55+00:00","dateModified":"2026-04-17T15:49:06+00:00","breadcrumb":{"@id":"https:\/\/tourcruiser.com\/fr\/products\/sacai-x-nike-vaporwaffle-tour-yellow-cv1363-700\/#breadcrumb"},"inLanguage":"fr-FR","potentialAction":[{"@type":"ReadAction","target":["https:\/\/tourcruiser.com\/fr\/products\/sacai-x-nike-vaporwaffle-tour-yellow-cv1363-700\/"]}]},{"@type":"ImageObject","inLanguage":"fr-FR","@id":"https:\/\/tourcruiser.com\/fr\/products\/sacai-x-nike-vaporwaffle-tour-yellow-cv1363-700\/#primaryimage","url":"https:\/\/images.novelship.com\/product\/sacai_x_nike_vaporwaffle__tour_yellow__cv1363_700_0_77601.jpeg;https:\/\/images.novelship.com\/product\/sacai_x_nike_vaporwaffle__tour_yellow__cv1363_700_1_77601.jpeg;https:\/\/images.novelship.com\/product\/sacai_x_nike_vaporwaffle__tour_yellow__cv1363_700_2_77601.jpeg;https:\/\/images.novelship.com\/product\/sacai_x_nike_vaporwaffle__tour_yellow__cv1363_700_3_77601.jpeg;https:\/\/images.novelship.com\/product\/sacai_x_nike_vaporwaffle__tour_yellow__cv1363_700_4_77601.jpeg;https:\/\/images.novelship.com\/product\/sacai_x_nike_vaporwaffle__tour_yellow__cv1363_700_5_77601.jpeg;https:\/\/images.novelship.com\/product\/sacai_x_nike_vaporwaffle__tour_yellow__cv1363_700_6_77601.jpeg;https:\/\/images.novelship.com\/product\/sacai_x_nike_vaporwaffle__tour_yellow__cv1363_700_7_77601.jpeg","contentUrl":"https:\/\/images.novelship.com\/product\/sacai_x_nike_vaporwaffle__tour_yellow__cv1363_700_0_77601.jpeg;https:\/\/images.novelship.com\/product\/sacai_x_nike_vaporwaffle__tour_yellow__cv1363_700_1_77601.jpeg;https:\/\/images.novelship.com\/product\/sacai_x_nike_vaporwaffle__tour_yellow__cv1363_700_2_77601.jpeg;https:\/\/images.novelship.com\/product\/sacai_x_nike_vaporwaffle__tour_yellow__cv1363_700_3_77601.jpeg;https:\/\/images.novelship.com\/product\/sacai_x_nike_vaporwaffle__tour_yellow__cv1363_700_4_77601.jpeg;https:\/\/images.novelship.com\/product\/sacai_x_nike_vaporwaffle__tour_yellow__cv1363_700_5_77601.jpeg;https:\/\/images.novelship.com\/product\/sacai_x_nike_vaporwaffle__tour_yellow__cv1363_700_6_77601.jpeg;https:\/\/images.novelship.com\/product\/sacai_x_nike_vaporwaffle__tour_yellow__cv1363_700_7_77601.jpeg"},{"@type":"BreadcrumbList","@id":"https:\/\/tourcruiser.com\/fr\/products\/sacai-x-nike-vaporwaffle-tour-yellow-cv1363-700\/#breadcrumb","itemListElement":[{"@type":"ListItem","position":1,"name":"Home","item":"https:\/\/tourcruiser.com\/fr\/"},{"@type":"ListItem","position":2,"name":"Shop","item":"https:\/\/tourcruiser.com\/fr\/shop\/"},{"@type":"ListItem","position":3,"name":"sacai x Nike VaporWaffle &#8216;Tour Yellow&#8217; CV1363-700"}]},{"@type":"WebSite","@id":"https:\/\/tourcruiser.com\/fr\/#website","url":"https:\/\/tourcruiser.com\/fr\/","name":"Styloral Jewelry Shop","description":"Tourcruiser Sneaker Store \u2014 L\u2019endroit o\u00f9 l\u2019univers rencontre votre singularit\u00e9.","publisher":{"@id":"https:\/\/tourcruiser.com\/fr\/#organization"},"potentialAction":[{"@type":"SearchAction","target":{"@type":"EntryPoint","urlTemplate":"https:\/\/tourcruiser.com\/fr\/?s={search_term_string}"},"query-input":{"@type":"PropertyValueSpecification","valueRequired":true,"valueName":"search_term_string"}}],"inLanguage":"fr-FR"},{"@type":"Organization","@id":"https:\/\/tourcruiser.com\/fr\/#organization","name":"STYLORAL PTE. LTD","url":"https:\/\/tourcruiser.com\/fr\/","logo":{"@type":"ImageObject","inLanguage":"fr-FR","@id":"https:\/\/tourcruiser.com\/fr\/#\/schema\/logo\/image\/","url":"https:\/\/www.tourcruiser.com\/wp-content\/uploads\/2025\/12\/logo.png","contentUrl":"https:\/\/www.tourcruiser.com\/wp-content\/uploads\/2025\/12\/logo.png","width":200,"height":65,"caption":"STYLORAL PTE. LTD"},"image":{"@id":"https:\/\/tourcruiser.com\/fr\/#\/schema\/logo\/image\/"}}]}},"_links":{"self":[{"href":"https:\/\/tourcruiser.com\/fr\/wp-json\/wp\/v2\/product\/758754","targetHints":{"allow":["GET"]}}],"collection":[{"href":"https:\/\/tourcruiser.com\/fr\/wp-json\/wp\/v2\/product"}],"about":[{"href":"https:\/\/tourcruiser.com\/fr\/wp-json\/wp\/v2\/types\/product"}],"replies":[{"embeddable":true,"href":"https:\/\/tourcruiser.com\/fr\/wp-json\/wp\/v2\/comments?post=758754"}],"wp:featuredmedia":[{"embeddable":true,"href":"https:\/\/tourcruiser.com\/fr\/wp-json\/wp\/v2\/media\/758755"}],"wp:attachment":[{"href":"https:\/\/tourcruiser.com\/fr\/wp-json\/wp\/v2\/media?parent=758754"}],"wp:term":[{"taxonomy":"product_brand","embeddable":true,"href":"https:\/\/tourcruiser.com\/fr\/wp-json\/wp\/v2\/product_brand?post=758754"},{"taxonomy":"product_cat","embeddable":true,"href":"https:\/\/tourcruiser.com\/fr\/wp-json\/wp\/v2\/product_cat?post=758754"},{"taxonomy":"product_tag","embeddable":true,"href":"https:\/\/tourcruiser.com\/fr\/wp-json\/wp\/v2\/product_tag?post=758754"}],"curies":[{"name":"wp","href":"https:\/\/api.w.org\/{rel}","templated":true}]}}