{"id":757568,"date":"2026-04-16T17:07:19","date_gmt":"2026-04-16T10:07:19","guid":{"rendered":"http:\/\/tourcruiser.com\/product\/grade-school-air-jordan-9-retro-particle-grey-302359-060"},"modified":"2026-04-17T22:47:39","modified_gmt":"2026-04-17T15:47:39","slug":"grade-school-air-jordan-9-retro-particle-grey-302359-060","status":"publish","type":"product","link":"https:\/\/tourcruiser.com\/fr\/products\/grade-school-air-jordan-9-retro-particle-grey-302359-060\/","title":{"rendered":"(Grade School) Air Jordan 9 Retro &lsquo;Particle Grey&rsquo; 302359-060"},"content":{"rendered":"<p>Les sneakers Air Jordan 9 Retro Particle Grey (GS) de Jordan sont un incontournable pour les fans de sneakers. Avec leur coloris gris et leur design r\u00e9tro, ces sneakers styl\u00e9es s\u00e9duisent tous ceux qui appr\u00e9cient le look classique. Arborant l&#8217;embl\u00e9matique logo Air Jordan, elles allient style et confort exceptionnel. Compl\u00e9tez votre collection d\u00e8s aujourd&rsquo;hui avec ces Air Jordan et affirmez votre style\u00a0!<\/p>\n<p>Coloris\u00a0: Noir\/Rouge universitaire\/Gris particule\/Blanc<\/p>\n<p>Code article\u00a0: 302359-060<\/p>\n<p>Tige\u00a0: Cuir<\/p>\n<p>Semelle interm\u00e9diaire\u00a0: Air<\/p>\n<p>Couleur\u00a0: Noir<\/p>\n<p>Designer\u00a0: Tinker Hatfield<\/p>\n<p>Saison\u00a0: \u00c9t\u00e9<\/p>\n<p>Ann\u00e9e de sortie\u00a0: 2022<\/p>\n<p>\u00c2ge\u00a0: Adulte<\/p>\n<p>Couleur\u00a0: Noir<\/p>\n<p>Genre\u00a0: Jeune<\/p>\n","protected":false},"excerpt":{"rendered":"<p>Les sneakers Air Jordan 9 Retro Particle Grey (GS) de Jordan sont un incontournable pour les fans de sneakers. Avec leur coloris gris et leur design r\u00e9tro, ces sneakers styl\u00e9es s\u00e9duisent tous ceux qui appr\u00e9cient le look classique. Arborant l&#8217;embl\u00e9matique logo Air Jordan, elles allient style et confort exceptionnel. Compl\u00e9tez votre collection d\u00e8s aujourd&rsquo;hui avec [&hellip;]<\/p>\n","protected":false},"featured_media":757569,"comment_status":"open","ping_status":"closed","template":"","meta":[],"product_brand":[],"product_cat":[38880],"product_tag":[10750,38988,10776,11349,38875,10756,39039],"class_list":{"0":"post-757568","1":"product","2":"type-product","3":"status-publish","4":"has-post-thumbnail","6":"product_cat-jordan","7":"product_tag-athleisure-shoes","8":"product_tag-casual-shoes-for-kids","9":"product_tag-jordan","10":"product_tag-jordan-basketball-shoes","11":"product_tag-jordan-skateboard-shoes","12":"product_tag-retro-casual-shoes","13":"product_tag-sneakers-for-kids","15":"first","16":"instock","17":"taxable","18":"shipping-taxable","19":"purchasable","20":"product-type-simple"},"wcpa_form_fields":null,"yoast_head":"<!-- This site is optimized with the Yoast SEO plugin v26.5 - https:\/\/yoast.com\/wordpress\/plugins\/seo\/ -->\n<title>(Grade School) Air Jordan 9 Retro &#039;Particle Grey&#039; 302359-060 - TOURCRUISER PTE. LTD<\/title>\n<meta name=\"robots\" content=\"index, follow, max-snippet:-1, max-image-preview:large, max-video-preview:-1\" \/>\n<link rel=\"canonical\" href=\"https:\/\/tourcruiser.com\/fr\/products\/grade-school-air-jordan-9-retro-particle-grey-302359-060\/\" \/>\n<meta property=\"og:locale\" content=\"fr_FR\" \/>\n<meta property=\"og:type\" content=\"article\" \/>\n<meta property=\"og:title\" content=\"(Grade School) Air Jordan 9 Retro &#039;Particle Grey&#039; 302359-060 - TOURCRUISER PTE. LTD\" \/>\n<meta property=\"og:description\" content=\"Les sneakers Air Jordan 9 Retro Particle Grey (GS) de Jordan sont un incontournable pour les fans de sneakers. Avec leur coloris gris et leur design r\u00e9tro, ces sneakers styl\u00e9es s\u00e9duisent tous ceux qui appr\u00e9cient le look classique. Arborant l&#8217;embl\u00e9matique logo Air Jordan, elles allient style et confort exceptionnel. Compl\u00e9tez votre collection d\u00e8s aujourd&rsquo;hui avec [&hellip;]\" \/>\n<meta property=\"og:url\" content=\"https:\/\/tourcruiser.com\/fr\/products\/grade-school-air-jordan-9-retro-particle-grey-302359-060\/\" \/>\n<meta property=\"og:site_name\" content=\"Tourcruiser Sneaker Store\" \/>\n<meta property=\"article:modified_time\" content=\"2026-04-17T15:47:39+00:00\" \/>\n<meta name=\"twitter:card\" content=\"summary_large_image\" \/>\n<meta name=\"twitter:image\" content=\"https:\/\/images.novelship.com\/product\/1655101715165_AirJordan90.jpeg;https:\/\/images.novelship.com\/product\/1655101715165_AirJordan91.jpeg;https:\/\/images.novelship.com\/product\/1655101715165_AirJordan92.jpeg;https:\/\/images.novelship.com\/product\/1655101715165_AirJordan93.jpeg\" \/>\n<meta name=\"twitter:label1\" content=\"Dur\u00e9e de lecture estim\u00e9e\" \/>\n\t<meta name=\"twitter:data1\" content=\"1 minute\" \/>\n<script type=\"application\/ld+json\" class=\"yoast-schema-graph\">{\"@context\":\"https:\/\/schema.org\",\"@graph\":[{\"@type\":\"WebPage\",\"@id\":\"https:\/\/tourcruiser.com\/fr\/products\/grade-school-air-jordan-9-retro-particle-grey-302359-060\/\",\"url\":\"https:\/\/tourcruiser.com\/fr\/products\/grade-school-air-jordan-9-retro-particle-grey-302359-060\/\",\"name\":\"(Grade School) Air Jordan 9 Retro 'Particle Grey' 302359-060 - TOURCRUISER PTE. LTD\",\"isPartOf\":{\"@id\":\"\/#website\"},\"primaryImageOfPage\":{\"@id\":\"https:\/\/tourcruiser.com\/fr\/products\/grade-school-air-jordan-9-retro-particle-grey-302359-060\/#primaryimage\"},\"image\":{\"@id\":\"https:\/\/tourcruiser.com\/fr\/products\/grade-school-air-jordan-9-retro-particle-grey-302359-060\/#primaryimage\"},\"thumbnailUrl\":\"https:\/\/images.novelship.com\/product\/1655101715165_AirJordan90.jpeg;https:\/\/images.novelship.com\/product\/1655101715165_AirJordan91.jpeg;https:\/\/images.novelship.com\/product\/1655101715165_AirJordan92.jpeg;https:\/\/images.novelship.com\/product\/1655101715165_AirJordan93.jpeg\",\"datePublished\":\"2026-04-16T10:07:19+00:00\",\"dateModified\":\"2026-04-17T15:47:39+00:00\",\"breadcrumb\":{\"@id\":\"https:\/\/tourcruiser.com\/fr\/products\/grade-school-air-jordan-9-retro-particle-grey-302359-060\/#breadcrumb\"},\"inLanguage\":\"fr-FR\",\"potentialAction\":[{\"@type\":\"ReadAction\",\"target\":[\"https:\/\/tourcruiser.com\/fr\/products\/grade-school-air-jordan-9-retro-particle-grey-302359-060\/\"]}]},{\"@type\":\"ImageObject\",\"inLanguage\":\"fr-FR\",\"@id\":\"https:\/\/tourcruiser.com\/fr\/products\/grade-school-air-jordan-9-retro-particle-grey-302359-060\/#primaryimage\",\"url\":\"https:\/\/images.novelship.com\/product\/1655101715165_AirJordan90.jpeg;https:\/\/images.novelship.com\/product\/1655101715165_AirJordan91.jpeg;https:\/\/images.novelship.com\/product\/1655101715165_AirJordan92.jpeg;https:\/\/images.novelship.com\/product\/1655101715165_AirJordan93.jpeg\",\"contentUrl\":\"https:\/\/images.novelship.com\/product\/1655101715165_AirJordan90.jpeg;https:\/\/images.novelship.com\/product\/1655101715165_AirJordan91.jpeg;https:\/\/images.novelship.com\/product\/1655101715165_AirJordan92.jpeg;https:\/\/images.novelship.com\/product\/1655101715165_AirJordan93.jpeg\"},{\"@type\":\"BreadcrumbList\",\"@id\":\"https:\/\/tourcruiser.com\/fr\/products\/grade-school-air-jordan-9-retro-particle-grey-302359-060\/#breadcrumb\",\"itemListElement\":[{\"@type\":\"ListItem\",\"position\":1,\"name\":\"Home\",\"item\":\"https:\/\/tourcruiser.com\/fr\/\"},{\"@type\":\"ListItem\",\"position\":2,\"name\":\"Shop\",\"item\":\"https:\/\/tourcruiser.com\/fr\/shop\/\"},{\"@type\":\"ListItem\",\"position\":3,\"name\":\"(Grade School) Air Jordan 9 Retro &#8216;Particle Grey&#8217; 302359-060\"}]},{\"@type\":\"WebSite\",\"@id\":\"\/#website\",\"url\":\"\/\",\"name\":\"Styloral Jewelry Shop\",\"description\":\"Tourcruiser Sneaker Store \u2014 L\u2019endroit o\u00f9 l\u2019univers rencontre votre singularit\u00e9.\",\"publisher\":{\"@id\":\"\/#organization\"},\"potentialAction\":[{\"@type\":\"SearchAction\",\"target\":{\"@type\":\"EntryPoint\",\"urlTemplate\":\"\/?s={search_term_string}\"},\"query-input\":{\"@type\":\"PropertyValueSpecification\",\"valueRequired\":true,\"valueName\":\"search_term_string\"}}],\"inLanguage\":\"fr-FR\"},{\"@type\":\"Organization\",\"@id\":\"\/#organization\",\"name\":\"STYLORAL PTE. LTD\",\"url\":\"\/\",\"logo\":{\"@type\":\"ImageObject\",\"inLanguage\":\"fr-FR\",\"@id\":\"\/#\/schema\/logo\/image\/\",\"url\":\"https:\/\/www.tourcruiser.com\/wp-content\/uploads\/2025\/12\/logo.png\",\"contentUrl\":\"https:\/\/www.tourcruiser.com\/wp-content\/uploads\/2025\/12\/logo.png\",\"width\":200,\"height\":65,\"caption\":\"STYLORAL PTE. LTD\"},\"image\":{\"@id\":\"\/#\/schema\/logo\/image\/\"}}]}<\/script>\n<!-- \/ Yoast SEO plugin. -->","yoast_head_json":{"title":"(Grade School) Air Jordan 9 Retro 'Particle Grey' 302359-060 - TOURCRUISER PTE. LTD","robots":{"index":"index","follow":"follow","max-snippet":"max-snippet:-1","max-image-preview":"max-image-preview:large","max-video-preview":"max-video-preview:-1"},"canonical":"https:\/\/tourcruiser.com\/fr\/products\/grade-school-air-jordan-9-retro-particle-grey-302359-060\/","og_locale":"fr_FR","og_type":"article","og_title":"(Grade School) Air Jordan 9 Retro 'Particle Grey' 302359-060 - TOURCRUISER PTE. LTD","og_description":"Les sneakers Air Jordan 9 Retro Particle Grey (GS) de Jordan sont un incontournable pour les fans de sneakers. Avec leur coloris gris et leur design r\u00e9tro, ces sneakers styl\u00e9es s\u00e9duisent tous ceux qui appr\u00e9cient le look classique. Arborant l&#8217;embl\u00e9matique logo Air Jordan, elles allient style et confort exceptionnel. Compl\u00e9tez votre collection d\u00e8s aujourd&rsquo;hui avec [&hellip;]","og_url":"https:\/\/tourcruiser.com\/fr\/products\/grade-school-air-jordan-9-retro-particle-grey-302359-060\/","og_site_name":"Tourcruiser Sneaker Store","article_modified_time":"2026-04-17T15:47:39+00:00","twitter_card":"summary_large_image","twitter_image":"https:\/\/images.novelship.com\/product\/1655101715165_AirJordan90.jpeg;https:\/\/images.novelship.com\/product\/1655101715165_AirJordan91.jpeg;https:\/\/images.novelship.com\/product\/1655101715165_AirJordan92.jpeg;https:\/\/images.novelship.com\/product\/1655101715165_AirJordan93.jpeg","twitter_misc":{"Dur\u00e9e de lecture estim\u00e9e":"1 minute"},"schema":{"@context":"https:\/\/schema.org","@graph":[{"@type":"WebPage","@id":"https:\/\/tourcruiser.com\/fr\/products\/grade-school-air-jordan-9-retro-particle-grey-302359-060\/","url":"https:\/\/tourcruiser.com\/fr\/products\/grade-school-air-jordan-9-retro-particle-grey-302359-060\/","name":"(Grade School) Air Jordan 9 Retro 'Particle Grey' 302359-060 - TOURCRUISER PTE. LTD","isPartOf":{"@id":"\/#website"},"primaryImageOfPage":{"@id":"https:\/\/tourcruiser.com\/fr\/products\/grade-school-air-jordan-9-retro-particle-grey-302359-060\/#primaryimage"},"image":{"@id":"https:\/\/tourcruiser.com\/fr\/products\/grade-school-air-jordan-9-retro-particle-grey-302359-060\/#primaryimage"},"thumbnailUrl":"https:\/\/images.novelship.com\/product\/1655101715165_AirJordan90.jpeg;https:\/\/images.novelship.com\/product\/1655101715165_AirJordan91.jpeg;https:\/\/images.novelship.com\/product\/1655101715165_AirJordan92.jpeg;https:\/\/images.novelship.com\/product\/1655101715165_AirJordan93.jpeg","datePublished":"2026-04-16T10:07:19+00:00","dateModified":"2026-04-17T15:47:39+00:00","breadcrumb":{"@id":"https:\/\/tourcruiser.com\/fr\/products\/grade-school-air-jordan-9-retro-particle-grey-302359-060\/#breadcrumb"},"inLanguage":"fr-FR","potentialAction":[{"@type":"ReadAction","target":["https:\/\/tourcruiser.com\/fr\/products\/grade-school-air-jordan-9-retro-particle-grey-302359-060\/"]}]},{"@type":"ImageObject","inLanguage":"fr-FR","@id":"https:\/\/tourcruiser.com\/fr\/products\/grade-school-air-jordan-9-retro-particle-grey-302359-060\/#primaryimage","url":"https:\/\/images.novelship.com\/product\/1655101715165_AirJordan90.jpeg;https:\/\/images.novelship.com\/product\/1655101715165_AirJordan91.jpeg;https:\/\/images.novelship.com\/product\/1655101715165_AirJordan92.jpeg;https:\/\/images.novelship.com\/product\/1655101715165_AirJordan93.jpeg","contentUrl":"https:\/\/images.novelship.com\/product\/1655101715165_AirJordan90.jpeg;https:\/\/images.novelship.com\/product\/1655101715165_AirJordan91.jpeg;https:\/\/images.novelship.com\/product\/1655101715165_AirJordan92.jpeg;https:\/\/images.novelship.com\/product\/1655101715165_AirJordan93.jpeg"},{"@type":"BreadcrumbList","@id":"https:\/\/tourcruiser.com\/fr\/products\/grade-school-air-jordan-9-retro-particle-grey-302359-060\/#breadcrumb","itemListElement":[{"@type":"ListItem","position":1,"name":"Home","item":"https:\/\/tourcruiser.com\/fr\/"},{"@type":"ListItem","position":2,"name":"Shop","item":"https:\/\/tourcruiser.com\/fr\/shop\/"},{"@type":"ListItem","position":3,"name":"(Grade School) Air Jordan 9 Retro &#8216;Particle Grey&#8217; 302359-060"}]},{"@type":"WebSite","@id":"\/#website","url":"\/","name":"Styloral Jewelry Shop","description":"Tourcruiser Sneaker Store \u2014 L\u2019endroit o\u00f9 l\u2019univers rencontre votre singularit\u00e9.","publisher":{"@id":"\/#organization"},"potentialAction":[{"@type":"SearchAction","target":{"@type":"EntryPoint","urlTemplate":"\/?s={search_term_string}"},"query-input":{"@type":"PropertyValueSpecification","valueRequired":true,"valueName":"search_term_string"}}],"inLanguage":"fr-FR"},{"@type":"Organization","@id":"\/#organization","name":"STYLORAL PTE. LTD","url":"\/","logo":{"@type":"ImageObject","inLanguage":"fr-FR","@id":"\/#\/schema\/logo\/image\/","url":"https:\/\/www.tourcruiser.com\/wp-content\/uploads\/2025\/12\/logo.png","contentUrl":"https:\/\/www.tourcruiser.com\/wp-content\/uploads\/2025\/12\/logo.png","width":200,"height":65,"caption":"STYLORAL PTE. LTD"},"image":{"@id":"\/#\/schema\/logo\/image\/"}}]}},"_links":{"self":[{"href":"https:\/\/tourcruiser.com\/fr\/wp-json\/wp\/v2\/product\/757568","targetHints":{"allow":["GET"]}}],"collection":[{"href":"https:\/\/tourcruiser.com\/fr\/wp-json\/wp\/v2\/product"}],"about":[{"href":"https:\/\/tourcruiser.com\/fr\/wp-json\/wp\/v2\/types\/product"}],"replies":[{"embeddable":true,"href":"https:\/\/tourcruiser.com\/fr\/wp-json\/wp\/v2\/comments?post=757568"}],"wp:featuredmedia":[{"embeddable":true,"href":"https:\/\/tourcruiser.com\/fr\/wp-json\/wp\/v2\/media\/757569"}],"wp:attachment":[{"href":"https:\/\/tourcruiser.com\/fr\/wp-json\/wp\/v2\/media?parent=757568"}],"wp:term":[{"taxonomy":"product_brand","embeddable":true,"href":"https:\/\/tourcruiser.com\/fr\/wp-json\/wp\/v2\/product_brand?post=757568"},{"taxonomy":"product_cat","embeddable":true,"href":"https:\/\/tourcruiser.com\/fr\/wp-json\/wp\/v2\/product_cat?post=757568"},{"taxonomy":"product_tag","embeddable":true,"href":"https:\/\/tourcruiser.com\/fr\/wp-json\/wp\/v2\/product_tag?post=757568"}],"curies":[{"name":"wp","href":"https:\/\/api.w.org\/{rel}","templated":true}]}}