{"id":757559,"date":"2026-04-16T17:07:19","date_gmt":"2026-04-16T10:07:19","guid":{"rendered":"http:\/\/tourcruiser.com\/product\/grade-school-air-jordan-6-retro-unc-384665-006"},"modified":"2026-04-17T22:47:39","modified_gmt":"2026-04-17T15:47:39","slug":"grade-school-air-jordan-6-retro-unc-384665-006","status":"publish","type":"product","link":"https:\/\/tourcruiser.com\/fr\/products\/grade-school-air-jordan-6-retro-unc-384665-006\/","title":{"rendered":"(Grade School) Air Jordan 6 Retro &lsquo;UNC&rsquo; 384665-006"},"content":{"rendered":"<p>Offrez \u00e0 votre petit champion un look irr\u00e9sistible avec la Air Jordan 6 Retro \u00ab\u00a0UNC\u00a0\u00bb pour les enfants du primaire\u00a0! Avec son empeigne en cuir blanc \u00e9clatant, ses touches de bleu vif et le logo Jumpman embl\u00e9matique, cette basket incarne l&rsquo;h\u00e9ritage l\u00e9gendaire de Jordan. L&rsquo;unit\u00e9 Air-Sole visible assure un amorti optimal, tandis que la semelle ext\u00e9rieure en caoutchouc r\u00e9sistant garantit une adh\u00e9rence parfaite. Id\u00e9ale pour les fans de basketball et les amateurs de sneakers, cette version r\u00e9tro allie confort, style et une touche de nostalgie. Pr\u00e9parez vos enfants pour la Air Jordan 6 Retro \u00ab\u00a0UNC\u00a0\u00bb\u00a0!<\/p>\n<p>Coloris\u00a0: Noir\/Bleu universitaire<\/p>\n<p>Code article\u00a0: 384665-006<\/p>\n<p>Empeigne\u00a0: Cuir<\/p>\n<p>Semelle interm\u00e9diaire\u00a0: Air<\/p>\n<p>Couleur\u00a0: Noir<\/p>\n<p>Designer\u00a0: Tinker Hatfield<\/p>\n<p>Saison\u00a0: Toute l&rsquo;ann\u00e9e<\/p>\n<p>Ann\u00e9e de sortie\u00a0: 2017<\/p>\n<p>\u00c2ge\u00a0: Adulte<\/p>\n<p>Couleur\u00a0: Noir<\/p>\n<p>Genre\u00a0: Enfant<\/p>\n","protected":false},"excerpt":{"rendered":"<p>Offrez \u00e0 votre petit champion un look irr\u00e9sistible avec la Air Jordan 6 Retro \u00ab\u00a0UNC\u00a0\u00bb pour les enfants du primaire\u00a0! Avec son empeigne en cuir blanc \u00e9clatant, ses touches de bleu vif et le logo Jumpman embl\u00e9matique, cette basket incarne l&rsquo;h\u00e9ritage l\u00e9gendaire de Jordan. L&rsquo;unit\u00e9 Air-Sole visible assure un amorti optimal, tandis que la semelle [&hellip;]<\/p>\n","protected":false},"featured_media":757560,"comment_status":"open","ping_status":"closed","template":"","meta":[],"product_brand":[],"product_cat":[38880],"product_tag":[10750,38988,10776,11349,38875,10756,39039],"class_list":{"0":"post-757559","1":"product","2":"type-product","3":"status-publish","4":"has-post-thumbnail","6":"product_cat-jordan","7":"product_tag-athleisure-shoes","8":"product_tag-casual-shoes-for-kids","9":"product_tag-jordan","10":"product_tag-jordan-basketball-shoes","11":"product_tag-jordan-skateboard-shoes","12":"product_tag-retro-casual-shoes","13":"product_tag-sneakers-for-kids","15":"first","16":"instock","17":"taxable","18":"shipping-taxable","19":"purchasable","20":"product-type-simple"},"wcpa_form_fields":null,"yoast_head":"<!-- This site is optimized with the Yoast SEO plugin v26.5 - https:\/\/yoast.com\/wordpress\/plugins\/seo\/ -->\n<title>(Grade School) Air Jordan 6 Retro &#039;UNC&#039; 384665-006 - TOURCRUISER PTE. LTD<\/title>\n<meta name=\"robots\" content=\"index, follow, max-snippet:-1, max-image-preview:large, max-video-preview:-1\" \/>\n<link rel=\"canonical\" href=\"https:\/\/tourcruiser.com\/fr\/products\/grade-school-air-jordan-6-retro-unc-384665-006\/\" \/>\n<meta property=\"og:locale\" content=\"fr_FR\" \/>\n<meta property=\"og:type\" content=\"article\" \/>\n<meta property=\"og:title\" content=\"(Grade School) Air Jordan 6 Retro &#039;UNC&#039; 384665-006 - TOURCRUISER PTE. LTD\" \/>\n<meta property=\"og:description\" content=\"Offrez \u00e0 votre petit champion un look irr\u00e9sistible avec la Air Jordan 6 Retro \u00ab\u00a0UNC\u00a0\u00bb pour les enfants du primaire\u00a0! Avec son empeigne en cuir blanc \u00e9clatant, ses touches de bleu vif et le logo Jumpman embl\u00e9matique, cette basket incarne l&rsquo;h\u00e9ritage l\u00e9gendaire de Jordan. L&rsquo;unit\u00e9 Air-Sole visible assure un amorti optimal, tandis que la semelle [&hellip;]\" \/>\n<meta property=\"og:url\" content=\"https:\/\/tourcruiser.com\/fr\/products\/grade-school-air-jordan-6-retro-unc-384665-006\/\" \/>\n<meta property=\"og:site_name\" content=\"Tourcruiser Sneaker Store\" \/>\n<meta property=\"article:modified_time\" content=\"2026-04-17T15:47:39+00:00\" \/>\n<meta name=\"twitter:card\" content=\"summary_large_image\" \/>\n<meta name=\"twitter:image\" content=\"https:\/\/images.novelship.com\/product\/_grade_school__air_jordan_6_retro__unc__384665_006_0_58537.jpeg;https:\/\/images.novelship.com\/product\/_grade_school__air_jordan_6_retro__unc__384665_006_1_58537.jpeg;https:\/\/images.novelship.com\/product\/_grade_school__air_jordan_6_retro__unc__384665_006_2_58537.jpeg;https:\/\/images.novelship.com\/product\/_grade_school__air_jordan_6_retro__unc__384665_006_3_58537.jpeg;https:\/\/images.novelship.com\/product\/_grade_school__air_jordan_6_retro__unc__384665_006_4_58537.jpeg;https:\/\/images.novelship.com\/product\/_grade_school__air_jordan_6_retro__unc__384665_006_5_58537.jpeg;https:\/\/images.novelship.com\/product\/_grade_school__air_jordan_6_retro__unc__384665_006_6_58537.jpeg;https:\/\/images.novelship.com\/product\/_grade_school__air_jordan_6_retro__unc__384665_006_7_58537.jpeg\" \/>\n<meta name=\"twitter:label1\" content=\"Dur\u00e9e de lecture estim\u00e9e\" \/>\n\t<meta name=\"twitter:data1\" content=\"1 minute\" \/>\n<script type=\"application\/ld+json\" class=\"yoast-schema-graph\">{\"@context\":\"https:\/\/schema.org\",\"@graph\":[{\"@type\":\"WebPage\",\"@id\":\"https:\/\/tourcruiser.com\/fr\/products\/grade-school-air-jordan-6-retro-unc-384665-006\/\",\"url\":\"https:\/\/tourcruiser.com\/fr\/products\/grade-school-air-jordan-6-retro-unc-384665-006\/\",\"name\":\"(Grade School) Air Jordan 6 Retro 'UNC' 384665-006 - TOURCRUISER PTE. LTD\",\"isPartOf\":{\"@id\":\"\/#website\"},\"primaryImageOfPage\":{\"@id\":\"https:\/\/tourcruiser.com\/fr\/products\/grade-school-air-jordan-6-retro-unc-384665-006\/#primaryimage\"},\"image\":{\"@id\":\"https:\/\/tourcruiser.com\/fr\/products\/grade-school-air-jordan-6-retro-unc-384665-006\/#primaryimage\"},\"thumbnailUrl\":\"https:\/\/images.novelship.com\/product\/_grade_school__air_jordan_6_retro__unc__384665_006_0_58537.jpeg;https:\/\/images.novelship.com\/product\/_grade_school__air_jordan_6_retro__unc__384665_006_1_58537.jpeg;https:\/\/images.novelship.com\/product\/_grade_school__air_jordan_6_retro__unc__384665_006_2_58537.jpeg;https:\/\/images.novelship.com\/product\/_grade_school__air_jordan_6_retro__unc__384665_006_3_58537.jpeg;https:\/\/images.novelship.com\/product\/_grade_school__air_jordan_6_retro__unc__384665_006_4_58537.jpeg;https:\/\/images.novelship.com\/product\/_grade_school__air_jordan_6_retro__unc__384665_006_5_58537.jpeg;https:\/\/images.novelship.com\/product\/_grade_school__air_jordan_6_retro__unc__384665_006_6_58537.jpeg;https:\/\/images.novelship.com\/product\/_grade_school__air_jordan_6_retro__unc__384665_006_7_58537.jpeg\",\"datePublished\":\"2026-04-16T10:07:19+00:00\",\"dateModified\":\"2026-04-17T15:47:39+00:00\",\"breadcrumb\":{\"@id\":\"https:\/\/tourcruiser.com\/fr\/products\/grade-school-air-jordan-6-retro-unc-384665-006\/#breadcrumb\"},\"inLanguage\":\"fr-FR\",\"potentialAction\":[{\"@type\":\"ReadAction\",\"target\":[\"https:\/\/tourcruiser.com\/fr\/products\/grade-school-air-jordan-6-retro-unc-384665-006\/\"]}]},{\"@type\":\"ImageObject\",\"inLanguage\":\"fr-FR\",\"@id\":\"https:\/\/tourcruiser.com\/fr\/products\/grade-school-air-jordan-6-retro-unc-384665-006\/#primaryimage\",\"url\":\"https:\/\/images.novelship.com\/product\/_grade_school__air_jordan_6_retro__unc__384665_006_0_58537.jpeg;https:\/\/images.novelship.com\/product\/_grade_school__air_jordan_6_retro__unc__384665_006_1_58537.jpeg;https:\/\/images.novelship.com\/product\/_grade_school__air_jordan_6_retro__unc__384665_006_2_58537.jpeg;https:\/\/images.novelship.com\/product\/_grade_school__air_jordan_6_retro__unc__384665_006_3_58537.jpeg;https:\/\/images.novelship.com\/product\/_grade_school__air_jordan_6_retro__unc__384665_006_4_58537.jpeg;https:\/\/images.novelship.com\/product\/_grade_school__air_jordan_6_retro__unc__384665_006_5_58537.jpeg;https:\/\/images.novelship.com\/product\/_grade_school__air_jordan_6_retro__unc__384665_006_6_58537.jpeg;https:\/\/images.novelship.com\/product\/_grade_school__air_jordan_6_retro__unc__384665_006_7_58537.jpeg\",\"contentUrl\":\"https:\/\/images.novelship.com\/product\/_grade_school__air_jordan_6_retro__unc__384665_006_0_58537.jpeg;https:\/\/images.novelship.com\/product\/_grade_school__air_jordan_6_retro__unc__384665_006_1_58537.jpeg;https:\/\/images.novelship.com\/product\/_grade_school__air_jordan_6_retro__unc__384665_006_2_58537.jpeg;https:\/\/images.novelship.com\/product\/_grade_school__air_jordan_6_retro__unc__384665_006_3_58537.jpeg;https:\/\/images.novelship.com\/product\/_grade_school__air_jordan_6_retro__unc__384665_006_4_58537.jpeg;https:\/\/images.novelship.com\/product\/_grade_school__air_jordan_6_retro__unc__384665_006_5_58537.jpeg;https:\/\/images.novelship.com\/product\/_grade_school__air_jordan_6_retro__unc__384665_006_6_58537.jpeg;https:\/\/images.novelship.com\/product\/_grade_school__air_jordan_6_retro__unc__384665_006_7_58537.jpeg\"},{\"@type\":\"BreadcrumbList\",\"@id\":\"https:\/\/tourcruiser.com\/fr\/products\/grade-school-air-jordan-6-retro-unc-384665-006\/#breadcrumb\",\"itemListElement\":[{\"@type\":\"ListItem\",\"position\":1,\"name\":\"Home\",\"item\":\"https:\/\/tourcruiser.com\/fr\/\"},{\"@type\":\"ListItem\",\"position\":2,\"name\":\"Shop\",\"item\":\"https:\/\/tourcruiser.com\/fr\/shop\/\"},{\"@type\":\"ListItem\",\"position\":3,\"name\":\"(Grade School) Air Jordan 6 Retro &#8216;UNC&#8217; 384665-006\"}]},{\"@type\":\"WebSite\",\"@id\":\"\/#website\",\"url\":\"\/\",\"name\":\"Styloral Jewelry Shop\",\"description\":\"Tourcruiser Sneaker Store \u2014 L\u2019endroit o\u00f9 l\u2019univers rencontre votre singularit\u00e9.\",\"publisher\":{\"@id\":\"\/#organization\"},\"potentialAction\":[{\"@type\":\"SearchAction\",\"target\":{\"@type\":\"EntryPoint\",\"urlTemplate\":\"\/?s={search_term_string}\"},\"query-input\":{\"@type\":\"PropertyValueSpecification\",\"valueRequired\":true,\"valueName\":\"search_term_string\"}}],\"inLanguage\":\"fr-FR\"},{\"@type\":\"Organization\",\"@id\":\"\/#organization\",\"name\":\"STYLORAL PTE. LTD\",\"url\":\"\/\",\"logo\":{\"@type\":\"ImageObject\",\"inLanguage\":\"fr-FR\",\"@id\":\"\/#\/schema\/logo\/image\/\",\"url\":\"https:\/\/www.tourcruiser.com\/wp-content\/uploads\/2025\/12\/logo.png\",\"contentUrl\":\"https:\/\/www.tourcruiser.com\/wp-content\/uploads\/2025\/12\/logo.png\",\"width\":200,\"height\":65,\"caption\":\"STYLORAL PTE. LTD\"},\"image\":{\"@id\":\"\/#\/schema\/logo\/image\/\"}}]}<\/script>\n<!-- \/ Yoast SEO plugin. -->","yoast_head_json":{"title":"(Grade School) Air Jordan 6 Retro 'UNC' 384665-006 - TOURCRUISER PTE. LTD","robots":{"index":"index","follow":"follow","max-snippet":"max-snippet:-1","max-image-preview":"max-image-preview:large","max-video-preview":"max-video-preview:-1"},"canonical":"https:\/\/tourcruiser.com\/fr\/products\/grade-school-air-jordan-6-retro-unc-384665-006\/","og_locale":"fr_FR","og_type":"article","og_title":"(Grade School) Air Jordan 6 Retro 'UNC' 384665-006 - TOURCRUISER PTE. LTD","og_description":"Offrez \u00e0 votre petit champion un look irr\u00e9sistible avec la Air Jordan 6 Retro \u00ab\u00a0UNC\u00a0\u00bb pour les enfants du primaire\u00a0! Avec son empeigne en cuir blanc \u00e9clatant, ses touches de bleu vif et le logo Jumpman embl\u00e9matique, cette basket incarne l&rsquo;h\u00e9ritage l\u00e9gendaire de Jordan. L&rsquo;unit\u00e9 Air-Sole visible assure un amorti optimal, tandis que la semelle [&hellip;]","og_url":"https:\/\/tourcruiser.com\/fr\/products\/grade-school-air-jordan-6-retro-unc-384665-006\/","og_site_name":"Tourcruiser Sneaker Store","article_modified_time":"2026-04-17T15:47:39+00:00","twitter_card":"summary_large_image","twitter_image":"https:\/\/images.novelship.com\/product\/_grade_school__air_jordan_6_retro__unc__384665_006_0_58537.jpeg;https:\/\/images.novelship.com\/product\/_grade_school__air_jordan_6_retro__unc__384665_006_1_58537.jpeg;https:\/\/images.novelship.com\/product\/_grade_school__air_jordan_6_retro__unc__384665_006_2_58537.jpeg;https:\/\/images.novelship.com\/product\/_grade_school__air_jordan_6_retro__unc__384665_006_3_58537.jpeg;https:\/\/images.novelship.com\/product\/_grade_school__air_jordan_6_retro__unc__384665_006_4_58537.jpeg;https:\/\/images.novelship.com\/product\/_grade_school__air_jordan_6_retro__unc__384665_006_5_58537.jpeg;https:\/\/images.novelship.com\/product\/_grade_school__air_jordan_6_retro__unc__384665_006_6_58537.jpeg;https:\/\/images.novelship.com\/product\/_grade_school__air_jordan_6_retro__unc__384665_006_7_58537.jpeg","twitter_misc":{"Dur\u00e9e de lecture estim\u00e9e":"1 minute"},"schema":{"@context":"https:\/\/schema.org","@graph":[{"@type":"WebPage","@id":"https:\/\/tourcruiser.com\/fr\/products\/grade-school-air-jordan-6-retro-unc-384665-006\/","url":"https:\/\/tourcruiser.com\/fr\/products\/grade-school-air-jordan-6-retro-unc-384665-006\/","name":"(Grade School) Air Jordan 6 Retro 'UNC' 384665-006 - TOURCRUISER PTE. LTD","isPartOf":{"@id":"\/#website"},"primaryImageOfPage":{"@id":"https:\/\/tourcruiser.com\/fr\/products\/grade-school-air-jordan-6-retro-unc-384665-006\/#primaryimage"},"image":{"@id":"https:\/\/tourcruiser.com\/fr\/products\/grade-school-air-jordan-6-retro-unc-384665-006\/#primaryimage"},"thumbnailUrl":"https:\/\/images.novelship.com\/product\/_grade_school__air_jordan_6_retro__unc__384665_006_0_58537.jpeg;https:\/\/images.novelship.com\/product\/_grade_school__air_jordan_6_retro__unc__384665_006_1_58537.jpeg;https:\/\/images.novelship.com\/product\/_grade_school__air_jordan_6_retro__unc__384665_006_2_58537.jpeg;https:\/\/images.novelship.com\/product\/_grade_school__air_jordan_6_retro__unc__384665_006_3_58537.jpeg;https:\/\/images.novelship.com\/product\/_grade_school__air_jordan_6_retro__unc__384665_006_4_58537.jpeg;https:\/\/images.novelship.com\/product\/_grade_school__air_jordan_6_retro__unc__384665_006_5_58537.jpeg;https:\/\/images.novelship.com\/product\/_grade_school__air_jordan_6_retro__unc__384665_006_6_58537.jpeg;https:\/\/images.novelship.com\/product\/_grade_school__air_jordan_6_retro__unc__384665_006_7_58537.jpeg","datePublished":"2026-04-16T10:07:19+00:00","dateModified":"2026-04-17T15:47:39+00:00","breadcrumb":{"@id":"https:\/\/tourcruiser.com\/fr\/products\/grade-school-air-jordan-6-retro-unc-384665-006\/#breadcrumb"},"inLanguage":"fr-FR","potentialAction":[{"@type":"ReadAction","target":["https:\/\/tourcruiser.com\/fr\/products\/grade-school-air-jordan-6-retro-unc-384665-006\/"]}]},{"@type":"ImageObject","inLanguage":"fr-FR","@id":"https:\/\/tourcruiser.com\/fr\/products\/grade-school-air-jordan-6-retro-unc-384665-006\/#primaryimage","url":"https:\/\/images.novelship.com\/product\/_grade_school__air_jordan_6_retro__unc__384665_006_0_58537.jpeg;https:\/\/images.novelship.com\/product\/_grade_school__air_jordan_6_retro__unc__384665_006_1_58537.jpeg;https:\/\/images.novelship.com\/product\/_grade_school__air_jordan_6_retro__unc__384665_006_2_58537.jpeg;https:\/\/images.novelship.com\/product\/_grade_school__air_jordan_6_retro__unc__384665_006_3_58537.jpeg;https:\/\/images.novelship.com\/product\/_grade_school__air_jordan_6_retro__unc__384665_006_4_58537.jpeg;https:\/\/images.novelship.com\/product\/_grade_school__air_jordan_6_retro__unc__384665_006_5_58537.jpeg;https:\/\/images.novelship.com\/product\/_grade_school__air_jordan_6_retro__unc__384665_006_6_58537.jpeg;https:\/\/images.novelship.com\/product\/_grade_school__air_jordan_6_retro__unc__384665_006_7_58537.jpeg","contentUrl":"https:\/\/images.novelship.com\/product\/_grade_school__air_jordan_6_retro__unc__384665_006_0_58537.jpeg;https:\/\/images.novelship.com\/product\/_grade_school__air_jordan_6_retro__unc__384665_006_1_58537.jpeg;https:\/\/images.novelship.com\/product\/_grade_school__air_jordan_6_retro__unc__384665_006_2_58537.jpeg;https:\/\/images.novelship.com\/product\/_grade_school__air_jordan_6_retro__unc__384665_006_3_58537.jpeg;https:\/\/images.novelship.com\/product\/_grade_school__air_jordan_6_retro__unc__384665_006_4_58537.jpeg;https:\/\/images.novelship.com\/product\/_grade_school__air_jordan_6_retro__unc__384665_006_5_58537.jpeg;https:\/\/images.novelship.com\/product\/_grade_school__air_jordan_6_retro__unc__384665_006_6_58537.jpeg;https:\/\/images.novelship.com\/product\/_grade_school__air_jordan_6_retro__unc__384665_006_7_58537.jpeg"},{"@type":"BreadcrumbList","@id":"https:\/\/tourcruiser.com\/fr\/products\/grade-school-air-jordan-6-retro-unc-384665-006\/#breadcrumb","itemListElement":[{"@type":"ListItem","position":1,"name":"Home","item":"https:\/\/tourcruiser.com\/fr\/"},{"@type":"ListItem","position":2,"name":"Shop","item":"https:\/\/tourcruiser.com\/fr\/shop\/"},{"@type":"ListItem","position":3,"name":"(Grade School) Air Jordan 6 Retro &#8216;UNC&#8217; 384665-006"}]},{"@type":"WebSite","@id":"\/#website","url":"\/","name":"Styloral Jewelry Shop","description":"Tourcruiser Sneaker Store \u2014 L\u2019endroit o\u00f9 l\u2019univers rencontre votre singularit\u00e9.","publisher":{"@id":"\/#organization"},"potentialAction":[{"@type":"SearchAction","target":{"@type":"EntryPoint","urlTemplate":"\/?s={search_term_string}"},"query-input":{"@type":"PropertyValueSpecification","valueRequired":true,"valueName":"search_term_string"}}],"inLanguage":"fr-FR"},{"@type":"Organization","@id":"\/#organization","name":"STYLORAL PTE. LTD","url":"\/","logo":{"@type":"ImageObject","inLanguage":"fr-FR","@id":"\/#\/schema\/logo\/image\/","url":"https:\/\/www.tourcruiser.com\/wp-content\/uploads\/2025\/12\/logo.png","contentUrl":"https:\/\/www.tourcruiser.com\/wp-content\/uploads\/2025\/12\/logo.png","width":200,"height":65,"caption":"STYLORAL PTE. LTD"},"image":{"@id":"\/#\/schema\/logo\/image\/"}}]}},"_links":{"self":[{"href":"https:\/\/tourcruiser.com\/fr\/wp-json\/wp\/v2\/product\/757559","targetHints":{"allow":["GET"]}}],"collection":[{"href":"https:\/\/tourcruiser.com\/fr\/wp-json\/wp\/v2\/product"}],"about":[{"href":"https:\/\/tourcruiser.com\/fr\/wp-json\/wp\/v2\/types\/product"}],"replies":[{"embeddable":true,"href":"https:\/\/tourcruiser.com\/fr\/wp-json\/wp\/v2\/comments?post=757559"}],"wp:featuredmedia":[{"embeddable":true,"href":"https:\/\/tourcruiser.com\/fr\/wp-json\/wp\/v2\/media\/757560"}],"wp:attachment":[{"href":"https:\/\/tourcruiser.com\/fr\/wp-json\/wp\/v2\/media?parent=757559"}],"wp:term":[{"taxonomy":"product_brand","embeddable":true,"href":"https:\/\/tourcruiser.com\/fr\/wp-json\/wp\/v2\/product_brand?post=757559"},{"taxonomy":"product_cat","embeddable":true,"href":"https:\/\/tourcruiser.com\/fr\/wp-json\/wp\/v2\/product_cat?post=757559"},{"taxonomy":"product_tag","embeddable":true,"href":"https:\/\/tourcruiser.com\/fr\/wp-json\/wp\/v2\/product_tag?post=757559"}],"curies":[{"name":"wp","href":"https:\/\/api.w.org\/{rel}","templated":true}]}}