{"id":757410,"date":"2026-04-16T17:07:14","date_gmt":"2026-04-16T10:07:14","guid":{"rendered":"http:\/\/tourcruiser.com\/product\/women-air-jordan-11-retro-low-concord-sketch-ah7860-100"},"modified":"2026-04-17T22:47:27","modified_gmt":"2026-04-17T15:47:27","slug":"women-air-jordan-11-retro-low-concord-sketch-ah7860-100","status":"publish","type":"product","link":"https:\/\/tourcruiser.com\/fr\/products\/women-air-jordan-11-retro-low-concord-sketch-ah7860-100\/","title":{"rendered":"(Women) Air Jordan 11 Retro Low &lsquo;Concord Sketch&rsquo; AH7860-100"},"content":{"rendered":"<p>D\u00e9couvrez la Air Jordan 11 Retro Low Concord Sketch (WMNS) de Jordan. Cette sneaker basse a \u00e9t\u00e9 sp\u00e9cialement con\u00e7ue pour les femmes et arbore un coloris blanc immacul\u00e9 ainsi que les d\u00e9tails embl\u00e9matiques du motif Concord Sketch. Avec son style r\u00e9tro et sa qualit\u00e9 de fabrication exceptionnelle, c&rsquo;est un incontournable pour toutes les passionn\u00e9es de sneakers.<\/p>\n<p>&#8230; \u00c2ge\u00a0: Adulte<br \/>\nCouleur\u00a0: Blanc<br \/>\nGenre\u00a0: Femme<\/p>\n","protected":false},"excerpt":{"rendered":"<p>D\u00e9couvrez la Air Jordan 11 Retro Low Concord Sketch (WMNS) de Jordan. Cette sneaker basse a \u00e9t\u00e9 sp\u00e9cialement con\u00e7ue pour les femmes et arbore un coloris blanc immacul\u00e9 ainsi que les d\u00e9tails embl\u00e9matiques du motif Concord Sketch. Avec son style r\u00e9tro et sa qualit\u00e9 de fabrication exceptionnelle, c&rsquo;est un incontournable pour toutes les passionn\u00e9es de [&hellip;]<\/p>\n","protected":false},"featured_media":757411,"comment_status":"open","ping_status":"closed","template":"","meta":[],"product_brand":[],"product_cat":[38880],"product_tag":[10800,38861,38872,10776,38875,11129,38846,38844],"class_list":{"0":"post-757410","1":"product","2":"type-product","3":"status-publish","4":"has-post-thumbnail","6":"product_cat-jordan","7":"product_tag-basketball-shoes","8":"product_tag-below-retail-price","9":"product_tag-gift-idea-for-her","10":"product_tag-jordan","11":"product_tag-jordan-skateboard-shoes","12":"product_tag-lightweight-basketball-shoes","13":"product_tag-performance-sports-shoes","14":"product_tag-top-offers","16":"first","17":"instock","18":"taxable","19":"shipping-taxable","20":"purchasable","21":"product-type-simple"},"wcpa_form_fields":null,"yoast_head":"<!-- This site is optimized with the Yoast SEO plugin v26.5 - https:\/\/yoast.com\/wordpress\/plugins\/seo\/ -->\n<title>(Women) Air Jordan 11 Retro Low &#039;Concord Sketch&#039; AH7860-100 - TOURCRUISER PTE. LTD<\/title>\n<meta name=\"robots\" content=\"index, follow, max-snippet:-1, max-image-preview:large, max-video-preview:-1\" \/>\n<link rel=\"canonical\" href=\"https:\/\/tourcruiser.com\/fr\/products\/women-air-jordan-11-retro-low-concord-sketch-ah7860-100\/\" \/>\n<meta property=\"og:locale\" content=\"fr_FR\" \/>\n<meta property=\"og:type\" content=\"article\" \/>\n<meta property=\"og:title\" content=\"(Women) Air Jordan 11 Retro Low &#039;Concord Sketch&#039; AH7860-100 - TOURCRUISER PTE. LTD\" \/>\n<meta property=\"og:description\" content=\"D\u00e9couvrez la Air Jordan 11 Retro Low Concord Sketch (WMNS) de Jordan. Cette sneaker basse a \u00e9t\u00e9 sp\u00e9cialement con\u00e7ue pour les femmes et arbore un coloris blanc immacul\u00e9 ainsi que les d\u00e9tails embl\u00e9matiques du motif Concord Sketch. Avec son style r\u00e9tro et sa qualit\u00e9 de fabrication exceptionnelle, c&rsquo;est un incontournable pour toutes les passionn\u00e9es de [&hellip;]\" \/>\n<meta property=\"og:url\" content=\"https:\/\/tourcruiser.com\/fr\/products\/women-air-jordan-11-retro-low-concord-sketch-ah7860-100\/\" \/>\n<meta property=\"og:site_name\" content=\"Tourcruiser Sneaker Store\" \/>\n<meta property=\"article:modified_time\" content=\"2026-04-17T15:47:27+00:00\" \/>\n<meta name=\"twitter:card\" content=\"summary_large_image\" \/>\n<meta name=\"twitter:image\" content=\"https:\/\/images.novelship.com\/product\/_women__air_jordan_11_retro_low__concord_sketch__a_0_41019.jpeg;https:\/\/images.novelship.com\/product\/_women__air_jordan_11_retro_low__concord_sketch__a_1_41020.jpeg;https:\/\/images.novelship.com\/product\/_women__air_jordan_11_retro_low__concord_sketch__a_2_41020.jpeg;https:\/\/images.novelship.com\/product\/_women__air_jordan_11_retro_low__concord_sketch__a_3_41020.jpeg;https:\/\/images.novelship.com\/product\/_women__air_jordan_11_retro_low__concord_sketch__a_4_41020.jpeg;https:\/\/images.novelship.com\/product\/_women__air_jordan_11_retro_low__concord_sketch__a_5_41020.jpeg;https:\/\/images.novelship.com\/product\/_women__air_jordan_11_retro_low__concord_sketch__a_6_41020.jpeg;https:\/\/images.novelship.com\/product\/_women__air_jordan_11_retro_low__concord_sketch__a_7_41020.jpeg\" \/>\n<script type=\"application\/ld+json\" class=\"yoast-schema-graph\">{\"@context\":\"https:\/\/schema.org\",\"@graph\":[{\"@type\":\"WebPage\",\"@id\":\"https:\/\/tourcruiser.com\/fr\/products\/women-air-jordan-11-retro-low-concord-sketch-ah7860-100\/\",\"url\":\"https:\/\/tourcruiser.com\/fr\/products\/women-air-jordan-11-retro-low-concord-sketch-ah7860-100\/\",\"name\":\"(Women) Air Jordan 11 Retro Low 'Concord Sketch' AH7860-100 - TOURCRUISER PTE. LTD\",\"isPartOf\":{\"@id\":\"\/#website\"},\"primaryImageOfPage\":{\"@id\":\"https:\/\/tourcruiser.com\/fr\/products\/women-air-jordan-11-retro-low-concord-sketch-ah7860-100\/#primaryimage\"},\"image\":{\"@id\":\"https:\/\/tourcruiser.com\/fr\/products\/women-air-jordan-11-retro-low-concord-sketch-ah7860-100\/#primaryimage\"},\"thumbnailUrl\":\"https:\/\/images.novelship.com\/product\/_women__air_jordan_11_retro_low__concord_sketch__a_0_41019.jpeg;https:\/\/images.novelship.com\/product\/_women__air_jordan_11_retro_low__concord_sketch__a_1_41020.jpeg;https:\/\/images.novelship.com\/product\/_women__air_jordan_11_retro_low__concord_sketch__a_2_41020.jpeg;https:\/\/images.novelship.com\/product\/_women__air_jordan_11_retro_low__concord_sketch__a_3_41020.jpeg;https:\/\/images.novelship.com\/product\/_women__air_jordan_11_retro_low__concord_sketch__a_4_41020.jpeg;https:\/\/images.novelship.com\/product\/_women__air_jordan_11_retro_low__concord_sketch__a_5_41020.jpeg;https:\/\/images.novelship.com\/product\/_women__air_jordan_11_retro_low__concord_sketch__a_6_41020.jpeg;https:\/\/images.novelship.com\/product\/_women__air_jordan_11_retro_low__concord_sketch__a_7_41020.jpeg\",\"datePublished\":\"2026-04-16T10:07:14+00:00\",\"dateModified\":\"2026-04-17T15:47:27+00:00\",\"breadcrumb\":{\"@id\":\"https:\/\/tourcruiser.com\/fr\/products\/women-air-jordan-11-retro-low-concord-sketch-ah7860-100\/#breadcrumb\"},\"inLanguage\":\"fr-FR\",\"potentialAction\":[{\"@type\":\"ReadAction\",\"target\":[\"https:\/\/tourcruiser.com\/fr\/products\/women-air-jordan-11-retro-low-concord-sketch-ah7860-100\/\"]}]},{\"@type\":\"ImageObject\",\"inLanguage\":\"fr-FR\",\"@id\":\"https:\/\/tourcruiser.com\/fr\/products\/women-air-jordan-11-retro-low-concord-sketch-ah7860-100\/#primaryimage\",\"url\":\"https:\/\/images.novelship.com\/product\/_women__air_jordan_11_retro_low__concord_sketch__a_0_41019.jpeg;https:\/\/images.novelship.com\/product\/_women__air_jordan_11_retro_low__concord_sketch__a_1_41020.jpeg;https:\/\/images.novelship.com\/product\/_women__air_jordan_11_retro_low__concord_sketch__a_2_41020.jpeg;https:\/\/images.novelship.com\/product\/_women__air_jordan_11_retro_low__concord_sketch__a_3_41020.jpeg;https:\/\/images.novelship.com\/product\/_women__air_jordan_11_retro_low__concord_sketch__a_4_41020.jpeg;https:\/\/images.novelship.com\/product\/_women__air_jordan_11_retro_low__concord_sketch__a_5_41020.jpeg;https:\/\/images.novelship.com\/product\/_women__air_jordan_11_retro_low__concord_sketch__a_6_41020.jpeg;https:\/\/images.novelship.com\/product\/_women__air_jordan_11_retro_low__concord_sketch__a_7_41020.jpeg\",\"contentUrl\":\"https:\/\/images.novelship.com\/product\/_women__air_jordan_11_retro_low__concord_sketch__a_0_41019.jpeg;https:\/\/images.novelship.com\/product\/_women__air_jordan_11_retro_low__concord_sketch__a_1_41020.jpeg;https:\/\/images.novelship.com\/product\/_women__air_jordan_11_retro_low__concord_sketch__a_2_41020.jpeg;https:\/\/images.novelship.com\/product\/_women__air_jordan_11_retro_low__concord_sketch__a_3_41020.jpeg;https:\/\/images.novelship.com\/product\/_women__air_jordan_11_retro_low__concord_sketch__a_4_41020.jpeg;https:\/\/images.novelship.com\/product\/_women__air_jordan_11_retro_low__concord_sketch__a_5_41020.jpeg;https:\/\/images.novelship.com\/product\/_women__air_jordan_11_retro_low__concord_sketch__a_6_41020.jpeg;https:\/\/images.novelship.com\/product\/_women__air_jordan_11_retro_low__concord_sketch__a_7_41020.jpeg\"},{\"@type\":\"BreadcrumbList\",\"@id\":\"https:\/\/tourcruiser.com\/fr\/products\/women-air-jordan-11-retro-low-concord-sketch-ah7860-100\/#breadcrumb\",\"itemListElement\":[{\"@type\":\"ListItem\",\"position\":1,\"name\":\"Home\",\"item\":\"https:\/\/tourcruiser.com\/fr\/\"},{\"@type\":\"ListItem\",\"position\":2,\"name\":\"Shop\",\"item\":\"https:\/\/tourcruiser.com\/fr\/shop\/\"},{\"@type\":\"ListItem\",\"position\":3,\"name\":\"(Women) Air Jordan 11 Retro Low &#8216;Concord Sketch&#8217; AH7860-100\"}]},{\"@type\":\"WebSite\",\"@id\":\"\/#website\",\"url\":\"\/\",\"name\":\"Styloral Jewelry Shop\",\"description\":\"Tourcruiser Sneaker Store \u2014 L\u2019endroit o\u00f9 l\u2019univers rencontre votre singularit\u00e9.\",\"publisher\":{\"@id\":\"\/#organization\"},\"potentialAction\":[{\"@type\":\"SearchAction\",\"target\":{\"@type\":\"EntryPoint\",\"urlTemplate\":\"\/?s={search_term_string}\"},\"query-input\":{\"@type\":\"PropertyValueSpecification\",\"valueRequired\":true,\"valueName\":\"search_term_string\"}}],\"inLanguage\":\"fr-FR\"},{\"@type\":\"Organization\",\"@id\":\"\/#organization\",\"name\":\"STYLORAL PTE. LTD\",\"url\":\"\/\",\"logo\":{\"@type\":\"ImageObject\",\"inLanguage\":\"fr-FR\",\"@id\":\"\/#\/schema\/logo\/image\/\",\"url\":\"https:\/\/www.tourcruiser.com\/wp-content\/uploads\/2025\/12\/logo.png\",\"contentUrl\":\"https:\/\/www.tourcruiser.com\/wp-content\/uploads\/2025\/12\/logo.png\",\"width\":200,\"height\":65,\"caption\":\"STYLORAL PTE. LTD\"},\"image\":{\"@id\":\"\/#\/schema\/logo\/image\/\"}}]}<\/script>\n<!-- \/ Yoast SEO plugin. -->","yoast_head_json":{"title":"(Women) Air Jordan 11 Retro Low 'Concord Sketch' AH7860-100 - TOURCRUISER PTE. LTD","robots":{"index":"index","follow":"follow","max-snippet":"max-snippet:-1","max-image-preview":"max-image-preview:large","max-video-preview":"max-video-preview:-1"},"canonical":"https:\/\/tourcruiser.com\/fr\/products\/women-air-jordan-11-retro-low-concord-sketch-ah7860-100\/","og_locale":"fr_FR","og_type":"article","og_title":"(Women) Air Jordan 11 Retro Low 'Concord Sketch' AH7860-100 - TOURCRUISER PTE. LTD","og_description":"D\u00e9couvrez la Air Jordan 11 Retro Low Concord Sketch (WMNS) de Jordan. Cette sneaker basse a \u00e9t\u00e9 sp\u00e9cialement con\u00e7ue pour les femmes et arbore un coloris blanc immacul\u00e9 ainsi que les d\u00e9tails embl\u00e9matiques du motif Concord Sketch. Avec son style r\u00e9tro et sa qualit\u00e9 de fabrication exceptionnelle, c&rsquo;est un incontournable pour toutes les passionn\u00e9es de [&hellip;]","og_url":"https:\/\/tourcruiser.com\/fr\/products\/women-air-jordan-11-retro-low-concord-sketch-ah7860-100\/","og_site_name":"Tourcruiser Sneaker Store","article_modified_time":"2026-04-17T15:47:27+00:00","twitter_card":"summary_large_image","twitter_image":"https:\/\/images.novelship.com\/product\/_women__air_jordan_11_retro_low__concord_sketch__a_0_41019.jpeg;https:\/\/images.novelship.com\/product\/_women__air_jordan_11_retro_low__concord_sketch__a_1_41020.jpeg;https:\/\/images.novelship.com\/product\/_women__air_jordan_11_retro_low__concord_sketch__a_2_41020.jpeg;https:\/\/images.novelship.com\/product\/_women__air_jordan_11_retro_low__concord_sketch__a_3_41020.jpeg;https:\/\/images.novelship.com\/product\/_women__air_jordan_11_retro_low__concord_sketch__a_4_41020.jpeg;https:\/\/images.novelship.com\/product\/_women__air_jordan_11_retro_low__concord_sketch__a_5_41020.jpeg;https:\/\/images.novelship.com\/product\/_women__air_jordan_11_retro_low__concord_sketch__a_6_41020.jpeg;https:\/\/images.novelship.com\/product\/_women__air_jordan_11_retro_low__concord_sketch__a_7_41020.jpeg","schema":{"@context":"https:\/\/schema.org","@graph":[{"@type":"WebPage","@id":"https:\/\/tourcruiser.com\/fr\/products\/women-air-jordan-11-retro-low-concord-sketch-ah7860-100\/","url":"https:\/\/tourcruiser.com\/fr\/products\/women-air-jordan-11-retro-low-concord-sketch-ah7860-100\/","name":"(Women) Air Jordan 11 Retro Low 'Concord Sketch' AH7860-100 - TOURCRUISER PTE. LTD","isPartOf":{"@id":"\/#website"},"primaryImageOfPage":{"@id":"https:\/\/tourcruiser.com\/fr\/products\/women-air-jordan-11-retro-low-concord-sketch-ah7860-100\/#primaryimage"},"image":{"@id":"https:\/\/tourcruiser.com\/fr\/products\/women-air-jordan-11-retro-low-concord-sketch-ah7860-100\/#primaryimage"},"thumbnailUrl":"https:\/\/images.novelship.com\/product\/_women__air_jordan_11_retro_low__concord_sketch__a_0_41019.jpeg;https:\/\/images.novelship.com\/product\/_women__air_jordan_11_retro_low__concord_sketch__a_1_41020.jpeg;https:\/\/images.novelship.com\/product\/_women__air_jordan_11_retro_low__concord_sketch__a_2_41020.jpeg;https:\/\/images.novelship.com\/product\/_women__air_jordan_11_retro_low__concord_sketch__a_3_41020.jpeg;https:\/\/images.novelship.com\/product\/_women__air_jordan_11_retro_low__concord_sketch__a_4_41020.jpeg;https:\/\/images.novelship.com\/product\/_women__air_jordan_11_retro_low__concord_sketch__a_5_41020.jpeg;https:\/\/images.novelship.com\/product\/_women__air_jordan_11_retro_low__concord_sketch__a_6_41020.jpeg;https:\/\/images.novelship.com\/product\/_women__air_jordan_11_retro_low__concord_sketch__a_7_41020.jpeg","datePublished":"2026-04-16T10:07:14+00:00","dateModified":"2026-04-17T15:47:27+00:00","breadcrumb":{"@id":"https:\/\/tourcruiser.com\/fr\/products\/women-air-jordan-11-retro-low-concord-sketch-ah7860-100\/#breadcrumb"},"inLanguage":"fr-FR","potentialAction":[{"@type":"ReadAction","target":["https:\/\/tourcruiser.com\/fr\/products\/women-air-jordan-11-retro-low-concord-sketch-ah7860-100\/"]}]},{"@type":"ImageObject","inLanguage":"fr-FR","@id":"https:\/\/tourcruiser.com\/fr\/products\/women-air-jordan-11-retro-low-concord-sketch-ah7860-100\/#primaryimage","url":"https:\/\/images.novelship.com\/product\/_women__air_jordan_11_retro_low__concord_sketch__a_0_41019.jpeg;https:\/\/images.novelship.com\/product\/_women__air_jordan_11_retro_low__concord_sketch__a_1_41020.jpeg;https:\/\/images.novelship.com\/product\/_women__air_jordan_11_retro_low__concord_sketch__a_2_41020.jpeg;https:\/\/images.novelship.com\/product\/_women__air_jordan_11_retro_low__concord_sketch__a_3_41020.jpeg;https:\/\/images.novelship.com\/product\/_women__air_jordan_11_retro_low__concord_sketch__a_4_41020.jpeg;https:\/\/images.novelship.com\/product\/_women__air_jordan_11_retro_low__concord_sketch__a_5_41020.jpeg;https:\/\/images.novelship.com\/product\/_women__air_jordan_11_retro_low__concord_sketch__a_6_41020.jpeg;https:\/\/images.novelship.com\/product\/_women__air_jordan_11_retro_low__concord_sketch__a_7_41020.jpeg","contentUrl":"https:\/\/images.novelship.com\/product\/_women__air_jordan_11_retro_low__concord_sketch__a_0_41019.jpeg;https:\/\/images.novelship.com\/product\/_women__air_jordan_11_retro_low__concord_sketch__a_1_41020.jpeg;https:\/\/images.novelship.com\/product\/_women__air_jordan_11_retro_low__concord_sketch__a_2_41020.jpeg;https:\/\/images.novelship.com\/product\/_women__air_jordan_11_retro_low__concord_sketch__a_3_41020.jpeg;https:\/\/images.novelship.com\/product\/_women__air_jordan_11_retro_low__concord_sketch__a_4_41020.jpeg;https:\/\/images.novelship.com\/product\/_women__air_jordan_11_retro_low__concord_sketch__a_5_41020.jpeg;https:\/\/images.novelship.com\/product\/_women__air_jordan_11_retro_low__concord_sketch__a_6_41020.jpeg;https:\/\/images.novelship.com\/product\/_women__air_jordan_11_retro_low__concord_sketch__a_7_41020.jpeg"},{"@type":"BreadcrumbList","@id":"https:\/\/tourcruiser.com\/fr\/products\/women-air-jordan-11-retro-low-concord-sketch-ah7860-100\/#breadcrumb","itemListElement":[{"@type":"ListItem","position":1,"name":"Home","item":"https:\/\/tourcruiser.com\/fr\/"},{"@type":"ListItem","position":2,"name":"Shop","item":"https:\/\/tourcruiser.com\/fr\/shop\/"},{"@type":"ListItem","position":3,"name":"(Women) Air Jordan 11 Retro Low &#8216;Concord Sketch&#8217; AH7860-100"}]},{"@type":"WebSite","@id":"\/#website","url":"\/","name":"Styloral Jewelry Shop","description":"Tourcruiser Sneaker Store \u2014 L\u2019endroit o\u00f9 l\u2019univers rencontre votre singularit\u00e9.","publisher":{"@id":"\/#organization"},"potentialAction":[{"@type":"SearchAction","target":{"@type":"EntryPoint","urlTemplate":"\/?s={search_term_string}"},"query-input":{"@type":"PropertyValueSpecification","valueRequired":true,"valueName":"search_term_string"}}],"inLanguage":"fr-FR"},{"@type":"Organization","@id":"\/#organization","name":"STYLORAL PTE. LTD","url":"\/","logo":{"@type":"ImageObject","inLanguage":"fr-FR","@id":"\/#\/schema\/logo\/image\/","url":"https:\/\/www.tourcruiser.com\/wp-content\/uploads\/2025\/12\/logo.png","contentUrl":"https:\/\/www.tourcruiser.com\/wp-content\/uploads\/2025\/12\/logo.png","width":200,"height":65,"caption":"STYLORAL PTE. LTD"},"image":{"@id":"\/#\/schema\/logo\/image\/"}}]}},"_links":{"self":[{"href":"https:\/\/tourcruiser.com\/fr\/wp-json\/wp\/v2\/product\/757410","targetHints":{"allow":["GET"]}}],"collection":[{"href":"https:\/\/tourcruiser.com\/fr\/wp-json\/wp\/v2\/product"}],"about":[{"href":"https:\/\/tourcruiser.com\/fr\/wp-json\/wp\/v2\/types\/product"}],"replies":[{"embeddable":true,"href":"https:\/\/tourcruiser.com\/fr\/wp-json\/wp\/v2\/comments?post=757410"}],"wp:featuredmedia":[{"embeddable":true,"href":"https:\/\/tourcruiser.com\/fr\/wp-json\/wp\/v2\/media\/757411"}],"wp:attachment":[{"href":"https:\/\/tourcruiser.com\/fr\/wp-json\/wp\/v2\/media?parent=757410"}],"wp:term":[{"taxonomy":"product_brand","embeddable":true,"href":"https:\/\/tourcruiser.com\/fr\/wp-json\/wp\/v2\/product_brand?post=757410"},{"taxonomy":"product_cat","embeddable":true,"href":"https:\/\/tourcruiser.com\/fr\/wp-json\/wp\/v2\/product_cat?post=757410"},{"taxonomy":"product_tag","embeddable":true,"href":"https:\/\/tourcruiser.com\/fr\/wp-json\/wp\/v2\/product_tag?post=757410"}],"curies":[{"name":"wp","href":"https:\/\/api.w.org\/{rel}","templated":true}]}}