{"id":757174,"date":"2026-04-16T17:06:54","date_gmt":"2026-04-16T10:06:54","guid":{"rendered":"http:\/\/tourcruiser.com\/product\/nike-zoom-span-4-pure-platinum-imperial-blue-dc8996-010"},"modified":"2026-04-17T22:47:06","modified_gmt":"2026-04-17T15:47:06","slug":"nike-zoom-span-4-pure-platinum-imperial-blue-dc8996-010","status":"publish","type":"product","link":"https:\/\/tourcruiser.com\/fr\/products\/nike-zoom-span-4-pure-platinum-imperial-blue-dc8996-010\/","title":{"rendered":"Nike Zoom Span 4 &lsquo;Pure Platinum Imperial Blue&rsquo; DC8996-010"},"content":{"rendered":"<p>Affirmez votre style avec la Nike Zoom Span 4 Low-Top \u00ab\u00a0Blanc\u00a0\u00bb Gris\/Bleu. Cette sneaker est dot\u00e9e d&rsquo;une empeigne en cuir synth\u00e9tique respirant alliant confort et durabilit\u00e9. L&rsquo;unit\u00e9 Zoom Air innovante offre un amorti r\u00e9actif, tandis que la semelle ext\u00e9rieure en caoutchouc garantit une excellente adh\u00e9rence. L&rsquo;association classique de gris et de bleu, rehauss\u00e9e de touches de blanc, apporte une note d&rsquo;\u00e9l\u00e9gance. Que ce soit au quotidien ou pour vos loisirs, cette sneaker est le compl\u00e9ment id\u00e9al de votre style. D\u00e9couvrez la fusion parfaite du style et de la performance avec la Nike Zoom Span 4 Low-Top \u00ab\u00a0Blanc\u00a0\u00bb Gris\/Bleu.<\/p>\n<p>Combinaison de couleurs\u00a0: Gris\/Blanc\/Bleu<\/p>\n<p>Code article\u00a0: DC8996-010<\/p>\n<p>Mati\u00e8re de l&#8217;empeigne\u00a0: Textile<\/p>\n<p>Semelle interm\u00e9diaire\u00a0: Zoom Air<\/p>\n<p>Couleur\u00a0: Gris<\/p>\n<p>Saison\u00a0: Toutes saisons<\/p>\n<p>\u00c2ge\u00a0: Adulte<\/p>\n<p>Couleur\u00a0: Gris<\/p>\n<p>Genre\u00a0: Homme<\/p>\n","protected":false},"excerpt":{"rendered":"<p>Affirmez votre style avec la Nike Zoom Span 4 Low-Top \u00ab\u00a0Blanc\u00a0\u00bb Gris\/Bleu. Cette sneaker est dot\u00e9e d&rsquo;une empeigne en cuir synth\u00e9tique respirant alliant confort et durabilit\u00e9. L&rsquo;unit\u00e9 Zoom Air innovante offre un amorti r\u00e9actif, tandis que la semelle ext\u00e9rieure en caoutchouc garantit une excellente adh\u00e9rence. L&rsquo;association classique de gris et de bleu, rehauss\u00e9e de touches [&hellip;]<\/p>\n","protected":false},"featured_media":757175,"comment_status":"open","ping_status":"closed","template":"","meta":[],"product_brand":[],"product_cat":[10803],"product_tag":[10750,38847,38841,38842,10801,10882,10756,10840,38902],"class_list":{"0":"post-757174","1":"product","2":"type-product","3":"status-publish","4":"has-post-thumbnail","6":"product_cat-nike","7":"product_tag-athleisure-shoes","8":"product_tag-below-the-regular-price","9":"product_tag-casual-shoes","10":"product_tag-gift-idea-for-him","11":"product_tag-nike","12":"product_tag-nike-running-shoes","13":"product_tag-retro-casual-shoes","14":"product_tag-running-shoes","15":"product_tag-trendy-offers","16":"wcpa_has_options","18":"first","19":"instock","20":"taxable","21":"shipping-taxable","22":"purchasable","23":"product-type-simple"},"wcpa_form_fields":{"rules":{"pric_overide_base_price":false,"pric_overide_base_price_if_gt_zero":false,"pric_overide_base_price_fully":false,"pric_cal_option_once":false,"pric_use_as_fee":false,"bind_quantity":false,"quantity_bind_formula":false},"fields":[{"type":"color-group","required":true,"elementId":"wcpa-color-group-66c4a75505e74","label":"Taille","inline":true,"priceOptions":"different_for_all","pricingType":"fixed","className":"hassizechart product-shoes-size-eu product-shoes-size","name":"color-group-66c4a75505e89","disp_type":"square","selection_type":"tick-border","disp_size":"44","show_label_inside":true,"adjust_width":true,"cart_display_type":"text","other_text":"Other","cl_rule":"show","col":6,"values":[{"label":"35.5","value":"EU 35.5","price":"","pimage":"","pimage_id":"","pthumb":"","color":""},{"label":"36","value":"EU 36","price":"","pimage":"","pimage_id":"","pthumb":"","color":"","selected":true},{"label":"36.5","value":"EU 36.5","price":"","pimage":"","pimage_id":"","pthumb":"","color":""},{"label":"37.5","value":"EU 37.5","price":"","pimage":"","pimage_id":"","pthumb":"","color":""},{"label":"38","value":"EU 38","price":"","pimage":"","pimage_id":"","pthumb":"","color":""},{"label":"38.5","value":"EU 38.5","price":"","pimage":"","pimage_id":"","pthumb":"","color":""},{"label":"39","value":"EU 39","price":"","pimage":"","pimage_id":"","pthumb":"","color":""},{"label":"40","value":"EU 40","price":"","pimage":"","pimage_id":"","pthumb":"","color":""},{"label":"40.5","value":"EU 40.5","price":"","pimage":"","pimage_id":"","pthumb":"","color":""},{"label":"41","value":"EU 41","price":"","pimage":"","pimage_id":"","pthumb":"","color":""},{"label":"42","value":"EU 42","price":"","pimage":"","pimage_id":"","pthumb":"","color":""},{"label":"42.5","value":"EU 42.5","price":"","pimage":"","pimage_id":"","pthumb":"","color":""},{"label":"43","value":"EU 43","price":"","pimage":"","pimage_id":"","pthumb":"","color":""},{"label":"44","value":"EU 44","price":"","pimage":"","pimage_id":"","pthumb":"","color":""},{"label":"44.5","value":"EU 44.5","price":"","pimage":"","pimage_id":"","pthumb":"","color":""},{"label":"45","value":"EU 45","price":"","pimage":"","pimage_id":"","pthumb":"","color":""},{"label":"45.5","value":"EU 45.5","price":"","pimage":"","pimage_id":"","pthumb":"","color":""},{"label":"46","value":"EU 46","price":"","pimage":"","pimage_id":"","pthumb":"","color":""},{"label":"47","value":"EU 47","price":"","pimage":"","pimage_id":"","pthumb":"","color":""},{"label":"47.5","value":"EU 47.5","price":"","pimage":"","pimage_id":"","pthumb":"","color":""},{"label":"48","value":"EU 48","price":"","pimage":"","pimage_id":"","pthumb":"","color":""}],"relations":[{"operator":false,"rules":[]}],"form_id":18106,"form_rules":{"pric_cal_option_once":false,"exclude_from_discount":false,"pric_use_as_fee":false,"fee_label":"Fee","render_after_acb":false,"disp_hide_options_price":false}}]},"yoast_head":"<!-- This site is optimized with the Yoast SEO plugin v26.5 - https:\/\/yoast.com\/wordpress\/plugins\/seo\/ -->\n<title>Nike Zoom Span 4 &#039;Pure Platinum Imperial Blue&#039; DC8996-010 - TOURCRUISER PTE. LTD<\/title>\n<meta name=\"robots\" content=\"index, follow, max-snippet:-1, max-image-preview:large, max-video-preview:-1\" \/>\n<link rel=\"canonical\" href=\"https:\/\/tourcruiser.com\/fr\/products\/nike-zoom-span-4-pure-platinum-imperial-blue-dc8996-010\/\" \/>\n<meta property=\"og:locale\" content=\"fr_FR\" \/>\n<meta property=\"og:type\" content=\"article\" \/>\n<meta property=\"og:title\" content=\"Nike Zoom Span 4 &#039;Pure Platinum Imperial Blue&#039; DC8996-010 - TOURCRUISER PTE. LTD\" \/>\n<meta property=\"og:description\" content=\"Affirmez votre style avec la Nike Zoom Span 4 Low-Top \u00ab\u00a0Blanc\u00a0\u00bb Gris\/Bleu. Cette sneaker est dot\u00e9e d&rsquo;une empeigne en cuir synth\u00e9tique respirant alliant confort et durabilit\u00e9. L&rsquo;unit\u00e9 Zoom Air innovante offre un amorti r\u00e9actif, tandis que la semelle ext\u00e9rieure en caoutchouc garantit une excellente adh\u00e9rence. L&rsquo;association classique de gris et de bleu, rehauss\u00e9e de touches [&hellip;]\" \/>\n<meta property=\"og:url\" content=\"https:\/\/tourcruiser.com\/fr\/products\/nike-zoom-span-4-pure-platinum-imperial-blue-dc8996-010\/\" \/>\n<meta property=\"og:site_name\" content=\"Tourcruiser Sneaker Store\" \/>\n<meta property=\"article:modified_time\" content=\"2026-04-17T15:47:06+00:00\" \/>\n<meta name=\"twitter:card\" content=\"summary_large_image\" \/>\n<meta name=\"twitter:image\" content=\"https:\/\/images.novelship.com\/product\/nike_zoom_span_4_low__grey_white_blue__dc8996_010_0_48380.jpeg;https:\/\/images.novelship.com\/product\/nike_zoom_span_4_low__grey_white_blue__dc8996_010_1_48380.jpeg;https:\/\/images.novelship.com\/product\/nike_zoom_span_4_low__grey_white_blue__dc8996_010_2_48380.jpeg;https:\/\/images.novelship.com\/product\/nike_zoom_span_4_low__grey_white_blue__dc8996_010_3_48380.jpeg;https:\/\/images.novelship.com\/product\/nike_zoom_span_4_low__grey_white_blue__dc8996_010_4_48380.jpeg\" \/>\n<meta name=\"twitter:label1\" content=\"Dur\u00e9e de lecture estim\u00e9e\" \/>\n\t<meta name=\"twitter:data1\" content=\"1 minute\" \/>\n<script type=\"application\/ld+json\" class=\"yoast-schema-graph\">{\"@context\":\"https:\/\/schema.org\",\"@graph\":[{\"@type\":\"WebPage\",\"@id\":\"https:\/\/tourcruiser.com\/fr\/products\/nike-zoom-span-4-pure-platinum-imperial-blue-dc8996-010\/\",\"url\":\"https:\/\/tourcruiser.com\/fr\/products\/nike-zoom-span-4-pure-platinum-imperial-blue-dc8996-010\/\",\"name\":\"Nike Zoom Span 4 'Pure Platinum Imperial Blue' DC8996-010 - TOURCRUISER PTE. LTD\",\"isPartOf\":{\"@id\":\"\/#website\"},\"primaryImageOfPage\":{\"@id\":\"https:\/\/tourcruiser.com\/fr\/products\/nike-zoom-span-4-pure-platinum-imperial-blue-dc8996-010\/#primaryimage\"},\"image\":{\"@id\":\"https:\/\/tourcruiser.com\/fr\/products\/nike-zoom-span-4-pure-platinum-imperial-blue-dc8996-010\/#primaryimage\"},\"thumbnailUrl\":\"https:\/\/images.novelship.com\/product\/nike_zoom_span_4_low__grey_white_blue__dc8996_010_0_48380.jpeg;https:\/\/images.novelship.com\/product\/nike_zoom_span_4_low__grey_white_blue__dc8996_010_1_48380.jpeg;https:\/\/images.novelship.com\/product\/nike_zoom_span_4_low__grey_white_blue__dc8996_010_2_48380.jpeg;https:\/\/images.novelship.com\/product\/nike_zoom_span_4_low__grey_white_blue__dc8996_010_3_48380.jpeg;https:\/\/images.novelship.com\/product\/nike_zoom_span_4_low__grey_white_blue__dc8996_010_4_48380.jpeg\",\"datePublished\":\"2026-04-16T10:06:54+00:00\",\"dateModified\":\"2026-04-17T15:47:06+00:00\",\"breadcrumb\":{\"@id\":\"https:\/\/tourcruiser.com\/fr\/products\/nike-zoom-span-4-pure-platinum-imperial-blue-dc8996-010\/#breadcrumb\"},\"inLanguage\":\"fr-FR\",\"potentialAction\":[{\"@type\":\"ReadAction\",\"target\":[\"https:\/\/tourcruiser.com\/fr\/products\/nike-zoom-span-4-pure-platinum-imperial-blue-dc8996-010\/\"]}]},{\"@type\":\"ImageObject\",\"inLanguage\":\"fr-FR\",\"@id\":\"https:\/\/tourcruiser.com\/fr\/products\/nike-zoom-span-4-pure-platinum-imperial-blue-dc8996-010\/#primaryimage\",\"url\":\"https:\/\/images.novelship.com\/product\/nike_zoom_span_4_low__grey_white_blue__dc8996_010_0_48380.jpeg;https:\/\/images.novelship.com\/product\/nike_zoom_span_4_low__grey_white_blue__dc8996_010_1_48380.jpeg;https:\/\/images.novelship.com\/product\/nike_zoom_span_4_low__grey_white_blue__dc8996_010_2_48380.jpeg;https:\/\/images.novelship.com\/product\/nike_zoom_span_4_low__grey_white_blue__dc8996_010_3_48380.jpeg;https:\/\/images.novelship.com\/product\/nike_zoom_span_4_low__grey_white_blue__dc8996_010_4_48380.jpeg\",\"contentUrl\":\"https:\/\/images.novelship.com\/product\/nike_zoom_span_4_low__grey_white_blue__dc8996_010_0_48380.jpeg;https:\/\/images.novelship.com\/product\/nike_zoom_span_4_low__grey_white_blue__dc8996_010_1_48380.jpeg;https:\/\/images.novelship.com\/product\/nike_zoom_span_4_low__grey_white_blue__dc8996_010_2_48380.jpeg;https:\/\/images.novelship.com\/product\/nike_zoom_span_4_low__grey_white_blue__dc8996_010_3_48380.jpeg;https:\/\/images.novelship.com\/product\/nike_zoom_span_4_low__grey_white_blue__dc8996_010_4_48380.jpeg\"},{\"@type\":\"BreadcrumbList\",\"@id\":\"https:\/\/tourcruiser.com\/fr\/products\/nike-zoom-span-4-pure-platinum-imperial-blue-dc8996-010\/#breadcrumb\",\"itemListElement\":[{\"@type\":\"ListItem\",\"position\":1,\"name\":\"Home\",\"item\":\"https:\/\/tourcruiser.com\/fr\/\"},{\"@type\":\"ListItem\",\"position\":2,\"name\":\"Shop\",\"item\":\"https:\/\/tourcruiser.com\/fr\/shop\/\"},{\"@type\":\"ListItem\",\"position\":3,\"name\":\"Nike Zoom Span 4 &#8216;Pure Platinum Imperial Blue&#8217; DC8996-010\"}]},{\"@type\":\"WebSite\",\"@id\":\"\/#website\",\"url\":\"\/\",\"name\":\"Styloral Jewelry Shop\",\"description\":\"Tourcruiser Sneaker Store \u2014 L\u2019endroit o\u00f9 l\u2019univers rencontre votre singularit\u00e9.\",\"publisher\":{\"@id\":\"\/#organization\"},\"potentialAction\":[{\"@type\":\"SearchAction\",\"target\":{\"@type\":\"EntryPoint\",\"urlTemplate\":\"\/?s={search_term_string}\"},\"query-input\":{\"@type\":\"PropertyValueSpecification\",\"valueRequired\":true,\"valueName\":\"search_term_string\"}}],\"inLanguage\":\"fr-FR\"},{\"@type\":\"Organization\",\"@id\":\"\/#organization\",\"name\":\"STYLORAL PTE. LTD\",\"url\":\"\/\",\"logo\":{\"@type\":\"ImageObject\",\"inLanguage\":\"fr-FR\",\"@id\":\"\/#\/schema\/logo\/image\/\",\"url\":\"https:\/\/www.tourcruiser.com\/wp-content\/uploads\/2025\/12\/logo.png\",\"contentUrl\":\"https:\/\/www.tourcruiser.com\/wp-content\/uploads\/2025\/12\/logo.png\",\"width\":200,\"height\":65,\"caption\":\"STYLORAL PTE. LTD\"},\"image\":{\"@id\":\"\/#\/schema\/logo\/image\/\"}}]}<\/script>\n<!-- \/ Yoast SEO plugin. -->","yoast_head_json":{"title":"Nike Zoom Span 4 'Pure Platinum Imperial Blue' DC8996-010 - TOURCRUISER PTE. LTD","robots":{"index":"index","follow":"follow","max-snippet":"max-snippet:-1","max-image-preview":"max-image-preview:large","max-video-preview":"max-video-preview:-1"},"canonical":"https:\/\/tourcruiser.com\/fr\/products\/nike-zoom-span-4-pure-platinum-imperial-blue-dc8996-010\/","og_locale":"fr_FR","og_type":"article","og_title":"Nike Zoom Span 4 'Pure Platinum Imperial Blue' DC8996-010 - TOURCRUISER PTE. LTD","og_description":"Affirmez votre style avec la Nike Zoom Span 4 Low-Top \u00ab\u00a0Blanc\u00a0\u00bb Gris\/Bleu. Cette sneaker est dot\u00e9e d&rsquo;une empeigne en cuir synth\u00e9tique respirant alliant confort et durabilit\u00e9. L&rsquo;unit\u00e9 Zoom Air innovante offre un amorti r\u00e9actif, tandis que la semelle ext\u00e9rieure en caoutchouc garantit une excellente adh\u00e9rence. L&rsquo;association classique de gris et de bleu, rehauss\u00e9e de touches [&hellip;]","og_url":"https:\/\/tourcruiser.com\/fr\/products\/nike-zoom-span-4-pure-platinum-imperial-blue-dc8996-010\/","og_site_name":"Tourcruiser Sneaker Store","article_modified_time":"2026-04-17T15:47:06+00:00","twitter_card":"summary_large_image","twitter_image":"https:\/\/images.novelship.com\/product\/nike_zoom_span_4_low__grey_white_blue__dc8996_010_0_48380.jpeg;https:\/\/images.novelship.com\/product\/nike_zoom_span_4_low__grey_white_blue__dc8996_010_1_48380.jpeg;https:\/\/images.novelship.com\/product\/nike_zoom_span_4_low__grey_white_blue__dc8996_010_2_48380.jpeg;https:\/\/images.novelship.com\/product\/nike_zoom_span_4_low__grey_white_blue__dc8996_010_3_48380.jpeg;https:\/\/images.novelship.com\/product\/nike_zoom_span_4_low__grey_white_blue__dc8996_010_4_48380.jpeg","twitter_misc":{"Dur\u00e9e de lecture estim\u00e9e":"1 minute"},"schema":{"@context":"https:\/\/schema.org","@graph":[{"@type":"WebPage","@id":"https:\/\/tourcruiser.com\/fr\/products\/nike-zoom-span-4-pure-platinum-imperial-blue-dc8996-010\/","url":"https:\/\/tourcruiser.com\/fr\/products\/nike-zoom-span-4-pure-platinum-imperial-blue-dc8996-010\/","name":"Nike Zoom Span 4 'Pure Platinum Imperial Blue' DC8996-010 - TOURCRUISER PTE. LTD","isPartOf":{"@id":"\/#website"},"primaryImageOfPage":{"@id":"https:\/\/tourcruiser.com\/fr\/products\/nike-zoom-span-4-pure-platinum-imperial-blue-dc8996-010\/#primaryimage"},"image":{"@id":"https:\/\/tourcruiser.com\/fr\/products\/nike-zoom-span-4-pure-platinum-imperial-blue-dc8996-010\/#primaryimage"},"thumbnailUrl":"https:\/\/images.novelship.com\/product\/nike_zoom_span_4_low__grey_white_blue__dc8996_010_0_48380.jpeg;https:\/\/images.novelship.com\/product\/nike_zoom_span_4_low__grey_white_blue__dc8996_010_1_48380.jpeg;https:\/\/images.novelship.com\/product\/nike_zoom_span_4_low__grey_white_blue__dc8996_010_2_48380.jpeg;https:\/\/images.novelship.com\/product\/nike_zoom_span_4_low__grey_white_blue__dc8996_010_3_48380.jpeg;https:\/\/images.novelship.com\/product\/nike_zoom_span_4_low__grey_white_blue__dc8996_010_4_48380.jpeg","datePublished":"2026-04-16T10:06:54+00:00","dateModified":"2026-04-17T15:47:06+00:00","breadcrumb":{"@id":"https:\/\/tourcruiser.com\/fr\/products\/nike-zoom-span-4-pure-platinum-imperial-blue-dc8996-010\/#breadcrumb"},"inLanguage":"fr-FR","potentialAction":[{"@type":"ReadAction","target":["https:\/\/tourcruiser.com\/fr\/products\/nike-zoom-span-4-pure-platinum-imperial-blue-dc8996-010\/"]}]},{"@type":"ImageObject","inLanguage":"fr-FR","@id":"https:\/\/tourcruiser.com\/fr\/products\/nike-zoom-span-4-pure-platinum-imperial-blue-dc8996-010\/#primaryimage","url":"https:\/\/images.novelship.com\/product\/nike_zoom_span_4_low__grey_white_blue__dc8996_010_0_48380.jpeg;https:\/\/images.novelship.com\/product\/nike_zoom_span_4_low__grey_white_blue__dc8996_010_1_48380.jpeg;https:\/\/images.novelship.com\/product\/nike_zoom_span_4_low__grey_white_blue__dc8996_010_2_48380.jpeg;https:\/\/images.novelship.com\/product\/nike_zoom_span_4_low__grey_white_blue__dc8996_010_3_48380.jpeg;https:\/\/images.novelship.com\/product\/nike_zoom_span_4_low__grey_white_blue__dc8996_010_4_48380.jpeg","contentUrl":"https:\/\/images.novelship.com\/product\/nike_zoom_span_4_low__grey_white_blue__dc8996_010_0_48380.jpeg;https:\/\/images.novelship.com\/product\/nike_zoom_span_4_low__grey_white_blue__dc8996_010_1_48380.jpeg;https:\/\/images.novelship.com\/product\/nike_zoom_span_4_low__grey_white_blue__dc8996_010_2_48380.jpeg;https:\/\/images.novelship.com\/product\/nike_zoom_span_4_low__grey_white_blue__dc8996_010_3_48380.jpeg;https:\/\/images.novelship.com\/product\/nike_zoom_span_4_low__grey_white_blue__dc8996_010_4_48380.jpeg"},{"@type":"BreadcrumbList","@id":"https:\/\/tourcruiser.com\/fr\/products\/nike-zoom-span-4-pure-platinum-imperial-blue-dc8996-010\/#breadcrumb","itemListElement":[{"@type":"ListItem","position":1,"name":"Home","item":"https:\/\/tourcruiser.com\/fr\/"},{"@type":"ListItem","position":2,"name":"Shop","item":"https:\/\/tourcruiser.com\/fr\/shop\/"},{"@type":"ListItem","position":3,"name":"Nike Zoom Span 4 &#8216;Pure Platinum Imperial Blue&#8217; DC8996-010"}]},{"@type":"WebSite","@id":"\/#website","url":"\/","name":"Styloral Jewelry Shop","description":"Tourcruiser Sneaker Store \u2014 L\u2019endroit o\u00f9 l\u2019univers rencontre votre singularit\u00e9.","publisher":{"@id":"\/#organization"},"potentialAction":[{"@type":"SearchAction","target":{"@type":"EntryPoint","urlTemplate":"\/?s={search_term_string}"},"query-input":{"@type":"PropertyValueSpecification","valueRequired":true,"valueName":"search_term_string"}}],"inLanguage":"fr-FR"},{"@type":"Organization","@id":"\/#organization","name":"STYLORAL PTE. LTD","url":"\/","logo":{"@type":"ImageObject","inLanguage":"fr-FR","@id":"\/#\/schema\/logo\/image\/","url":"https:\/\/www.tourcruiser.com\/wp-content\/uploads\/2025\/12\/logo.png","contentUrl":"https:\/\/www.tourcruiser.com\/wp-content\/uploads\/2025\/12\/logo.png","width":200,"height":65,"caption":"STYLORAL PTE. LTD"},"image":{"@id":"\/#\/schema\/logo\/image\/"}}]}},"_links":{"self":[{"href":"https:\/\/tourcruiser.com\/fr\/wp-json\/wp\/v2\/product\/757174","targetHints":{"allow":["GET"]}}],"collection":[{"href":"https:\/\/tourcruiser.com\/fr\/wp-json\/wp\/v2\/product"}],"about":[{"href":"https:\/\/tourcruiser.com\/fr\/wp-json\/wp\/v2\/types\/product"}],"replies":[{"embeddable":true,"href":"https:\/\/tourcruiser.com\/fr\/wp-json\/wp\/v2\/comments?post=757174"}],"wp:featuredmedia":[{"embeddable":true,"href":"https:\/\/tourcruiser.com\/fr\/wp-json\/wp\/v2\/media\/757175"}],"wp:attachment":[{"href":"https:\/\/tourcruiser.com\/fr\/wp-json\/wp\/v2\/media?parent=757174"}],"wp:term":[{"taxonomy":"product_brand","embeddable":true,"href":"https:\/\/tourcruiser.com\/fr\/wp-json\/wp\/v2\/product_brand?post=757174"},{"taxonomy":"product_cat","embeddable":true,"href":"https:\/\/tourcruiser.com\/fr\/wp-json\/wp\/v2\/product_cat?post=757174"},{"taxonomy":"product_tag","embeddable":true,"href":"https:\/\/tourcruiser.com\/fr\/wp-json\/wp\/v2\/product_tag?post=757174"}],"curies":[{"name":"wp","href":"https:\/\/api.w.org\/{rel}","templated":true}]}}