{"id":756709,"date":"2026-04-16T17:06:24","date_gmt":"2026-04-16T10:06:24","guid":{"rendered":"http:\/\/tourcruiser.com\/product\/nike-air-zoom-rival-fly-3-lime-blast-ct2405-300"},"modified":"2026-04-17T22:46:22","modified_gmt":"2026-04-17T15:46:22","slug":"nike-air-zoom-rival-fly-3-lime-blast-ct2405-300","status":"publish","type":"product","link":"https:\/\/tourcruiser.com\/fr\/products\/nike-air-zoom-rival-fly-3-lime-blast-ct2405-300\/","title":{"rendered":"Nike Air Zoom Rival Fly 3 &lsquo;Lime Blast&rsquo; CT2405-300"},"content":{"rendered":"<p>Am\u00e9liorez vos performances en course \u00e0 pied avec la Nike Air Zoom Rival Fly 3 \u00ab\u00a0Lime Blast\u00a0\u00bb CT2405-300. Cette chaussure de running dynamique est dot\u00e9e d&rsquo;un amorti Zoom Air r\u00e9actif pour une vitesse et un confort in\u00e9gal\u00e9s. Son empeigne en mesh l\u00e9ger et respirant assure une a\u00e9ration optimale, tandis que sa semelle ext\u00e9rieure en caoutchouc r\u00e9sistant offre une excellente adh\u00e9rence. Avec son coloris \u00ab\u00a0Lime Blast\u00a0\u00bb \u00e9clatant et son design \u00e9l\u00e9gant, l&rsquo;Air Zoom Rival Fly 3 booste vos performances et attire tous les regards. Id\u00e9ale pour les athl\u00e8tes qui veulent repousser leurs limites. Courez plus vite, courez plus loin.<\/p>\n<p>Coloris\u00a0: Blanc\/Vert<\/p>\n<p>R\u00e9f\u00e9rence\u00a0: CT2405-300<br \/>\nEmpeigne\u00a0: Mesh<br \/>\nSemelle interm\u00e9diaire\u00a0: Air<\/p>\n<p>Couleur\u00a0: Vert<\/p>\n<p>Saison\u00a0: Toutes saisons<br \/>\nAnn\u00e9e de sortie\u00a0: 2021<\/p>\n<p>\u00c2ge\u00a0: Adultes<br \/>\nCouleur\u00a0: Vert<br \/>\nGenre\u00a0: Homme<\/p>\n","protected":false},"excerpt":{"rendered":"<p>Am\u00e9liorez vos performances en course \u00e0 pied avec la Nike Air Zoom Rival Fly 3 \u00ab\u00a0Lime Blast\u00a0\u00bb CT2405-300. Cette chaussure de running dynamique est dot\u00e9e d&rsquo;un amorti Zoom Air r\u00e9actif pour une vitesse et un confort in\u00e9gal\u00e9s. Son empeigne en mesh l\u00e9ger et respirant assure une a\u00e9ration optimale, tandis que sa semelle ext\u00e9rieure en caoutchouc [&hellip;]<\/p>\n","protected":false},"featured_media":756710,"comment_status":"open","ping_status":"closed","template":"","meta":[],"product_brand":[],"product_cat":[10803],"product_tag":[38847,38842,11053,10801,10882,10839,38846,10840,38844,38845],"class_list":{"0":"post-756709","1":"product","2":"type-product","3":"status-publish","4":"has-post-thumbnail","6":"product_cat-nike","7":"product_tag-below-the-regular-price","8":"product_tag-gift-idea-for-him","9":"product_tag-lightweight-running-shoes","10":"product_tag-nike","11":"product_tag-nike-running-shoes","12":"product_tag-performance-running-shoes","13":"product_tag-performance-sports-shoes","14":"product_tag-running-shoes","15":"product_tag-top-offers","16":"product_tag-top-offers-under-a-150","17":"wcpa_has_options","19":"first","20":"instock","21":"taxable","22":"shipping-taxable","23":"purchasable","24":"product-type-simple"},"wcpa_form_fields":{"rules":{"pric_overide_base_price":false,"pric_overide_base_price_if_gt_zero":false,"pric_overide_base_price_fully":false,"pric_cal_option_once":false,"pric_use_as_fee":false,"bind_quantity":false,"quantity_bind_formula":false},"fields":[{"type":"color-group","required":true,"elementId":"wcpa-color-group-66c4a75505e74","label":"Taille","inline":true,"priceOptions":"different_for_all","pricingType":"fixed","className":"hassizechart product-shoes-size-eu product-shoes-size","name":"color-group-66c4a75505e89","disp_type":"square","selection_type":"tick-border","disp_size":"44","show_label_inside":true,"adjust_width":true,"cart_display_type":"text","other_text":"Other","cl_rule":"show","col":6,"values":[{"label":"35.5","value":"EU 35.5","price":"","pimage":"","pimage_id":"","pthumb":"","color":""},{"label":"36","value":"EU 36","price":"","pimage":"","pimage_id":"","pthumb":"","color":"","selected":true},{"label":"36.5","value":"EU 36.5","price":"","pimage":"","pimage_id":"","pthumb":"","color":""},{"label":"37.5","value":"EU 37.5","price":"","pimage":"","pimage_id":"","pthumb":"","color":""},{"label":"38","value":"EU 38","price":"","pimage":"","pimage_id":"","pthumb":"","color":""},{"label":"38.5","value":"EU 38.5","price":"","pimage":"","pimage_id":"","pthumb":"","color":""},{"label":"39","value":"EU 39","price":"","pimage":"","pimage_id":"","pthumb":"","color":""},{"label":"40","value":"EU 40","price":"","pimage":"","pimage_id":"","pthumb":"","color":""},{"label":"40.5","value":"EU 40.5","price":"","pimage":"","pimage_id":"","pthumb":"","color":""},{"label":"41","value":"EU 41","price":"","pimage":"","pimage_id":"","pthumb":"","color":""},{"label":"42","value":"EU 42","price":"","pimage":"","pimage_id":"","pthumb":"","color":""},{"label":"42.5","value":"EU 42.5","price":"","pimage":"","pimage_id":"","pthumb":"","color":""},{"label":"43","value":"EU 43","price":"","pimage":"","pimage_id":"","pthumb":"","color":""},{"label":"44","value":"EU 44","price":"","pimage":"","pimage_id":"","pthumb":"","color":""},{"label":"44.5","value":"EU 44.5","price":"","pimage":"","pimage_id":"","pthumb":"","color":""},{"label":"45","value":"EU 45","price":"","pimage":"","pimage_id":"","pthumb":"","color":""},{"label":"45.5","value":"EU 45.5","price":"","pimage":"","pimage_id":"","pthumb":"","color":""},{"label":"46","value":"EU 46","price":"","pimage":"","pimage_id":"","pthumb":"","color":""},{"label":"47","value":"EU 47","price":"","pimage":"","pimage_id":"","pthumb":"","color":""},{"label":"47.5","value":"EU 47.5","price":"","pimage":"","pimage_id":"","pthumb":"","color":""},{"label":"48","value":"EU 48","price":"","pimage":"","pimage_id":"","pthumb":"","color":""}],"relations":[{"operator":false,"rules":[]}],"form_id":18106,"form_rules":{"pric_cal_option_once":false,"exclude_from_discount":false,"pric_use_as_fee":false,"fee_label":"Fee","render_after_acb":false,"disp_hide_options_price":false}}]},"yoast_head":"<!-- This site is optimized with the Yoast SEO plugin v26.5 - https:\/\/yoast.com\/wordpress\/plugins\/seo\/ -->\n<title>Nike Air Zoom Rival Fly 3 &#039;Lime Blast&#039; CT2405-300 - TOURCRUISER PTE. LTD<\/title>\n<meta name=\"robots\" content=\"index, follow, max-snippet:-1, max-image-preview:large, max-video-preview:-1\" \/>\n<link rel=\"canonical\" href=\"https:\/\/tourcruiser.com\/fr\/products\/nike-air-zoom-rival-fly-3-lime-blast-ct2405-300\/\" \/>\n<meta property=\"og:locale\" content=\"fr_FR\" \/>\n<meta property=\"og:type\" content=\"article\" \/>\n<meta property=\"og:title\" content=\"Nike Air Zoom Rival Fly 3 &#039;Lime Blast&#039; CT2405-300 - TOURCRUISER PTE. LTD\" \/>\n<meta property=\"og:description\" content=\"Am\u00e9liorez vos performances en course \u00e0 pied avec la Nike Air Zoom Rival Fly 3 \u00ab\u00a0Lime Blast\u00a0\u00bb CT2405-300. Cette chaussure de running dynamique est dot\u00e9e d&rsquo;un amorti Zoom Air r\u00e9actif pour une vitesse et un confort in\u00e9gal\u00e9s. Son empeigne en mesh l\u00e9ger et respirant assure une a\u00e9ration optimale, tandis que sa semelle ext\u00e9rieure en caoutchouc [&hellip;]\" \/>\n<meta property=\"og:url\" content=\"https:\/\/tourcruiser.com\/fr\/products\/nike-air-zoom-rival-fly-3-lime-blast-ct2405-300\/\" \/>\n<meta property=\"og:site_name\" content=\"Tourcruiser Sneaker Store\" \/>\n<meta property=\"article:modified_time\" content=\"2026-04-17T15:46:22+00:00\" \/>\n<meta name=\"twitter:card\" content=\"summary_large_image\" \/>\n<meta name=\"twitter:image\" content=\"https:\/\/images.novelship.com\/product\/nike_air_zoom_rival_fly_3__lime_blast__ct2405-300_0_56372.jpeg;https:\/\/images.novelship.com\/product\/nike_air_zoom_rival_fly_3__lime_blast__ct2405-300_1_56372.jpeg;https:\/\/images.novelship.com\/product\/nike_air_zoom_rival_fly_3__lime_blast__ct2405-300_2_56372.jpeg;https:\/\/images.novelship.com\/product\/nike_air_zoom_rival_fly_3__lime_blast__ct2405-300_3_56372.jpeg;https:\/\/images.novelship.com\/product\/nike_air_zoom_rival_fly_3__lime_blast__ct2405-300_4_56372.jpeg;https:\/\/images.novelship.com\/product\/nike_air_zoom_rival_fly_3__lime_blast__ct2405-300_5_56372.jpeg\" \/>\n<meta name=\"twitter:label1\" content=\"Dur\u00e9e de lecture estim\u00e9e\" \/>\n\t<meta name=\"twitter:data1\" content=\"1 minute\" \/>\n<script type=\"application\/ld+json\" class=\"yoast-schema-graph\">{\"@context\":\"https:\/\/schema.org\",\"@graph\":[{\"@type\":\"WebPage\",\"@id\":\"https:\/\/tourcruiser.com\/fr\/products\/nike-air-zoom-rival-fly-3-lime-blast-ct2405-300\/\",\"url\":\"https:\/\/tourcruiser.com\/fr\/products\/nike-air-zoom-rival-fly-3-lime-blast-ct2405-300\/\",\"name\":\"Nike Air Zoom Rival Fly 3 'Lime Blast' CT2405-300 - TOURCRUISER PTE. LTD\",\"isPartOf\":{\"@id\":\"\/#website\"},\"primaryImageOfPage\":{\"@id\":\"https:\/\/tourcruiser.com\/fr\/products\/nike-air-zoom-rival-fly-3-lime-blast-ct2405-300\/#primaryimage\"},\"image\":{\"@id\":\"https:\/\/tourcruiser.com\/fr\/products\/nike-air-zoom-rival-fly-3-lime-blast-ct2405-300\/#primaryimage\"},\"thumbnailUrl\":\"https:\/\/images.novelship.com\/product\/nike_air_zoom_rival_fly_3__lime_blast__ct2405-300_0_56372.jpeg;https:\/\/images.novelship.com\/product\/nike_air_zoom_rival_fly_3__lime_blast__ct2405-300_1_56372.jpeg;https:\/\/images.novelship.com\/product\/nike_air_zoom_rival_fly_3__lime_blast__ct2405-300_2_56372.jpeg;https:\/\/images.novelship.com\/product\/nike_air_zoom_rival_fly_3__lime_blast__ct2405-300_3_56372.jpeg;https:\/\/images.novelship.com\/product\/nike_air_zoom_rival_fly_3__lime_blast__ct2405-300_4_56372.jpeg;https:\/\/images.novelship.com\/product\/nike_air_zoom_rival_fly_3__lime_blast__ct2405-300_5_56372.jpeg\",\"datePublished\":\"2026-04-16T10:06:24+00:00\",\"dateModified\":\"2026-04-17T15:46:22+00:00\",\"breadcrumb\":{\"@id\":\"https:\/\/tourcruiser.com\/fr\/products\/nike-air-zoom-rival-fly-3-lime-blast-ct2405-300\/#breadcrumb\"},\"inLanguage\":\"fr-FR\",\"potentialAction\":[{\"@type\":\"ReadAction\",\"target\":[\"https:\/\/tourcruiser.com\/fr\/products\/nike-air-zoom-rival-fly-3-lime-blast-ct2405-300\/\"]}]},{\"@type\":\"ImageObject\",\"inLanguage\":\"fr-FR\",\"@id\":\"https:\/\/tourcruiser.com\/fr\/products\/nike-air-zoom-rival-fly-3-lime-blast-ct2405-300\/#primaryimage\",\"url\":\"https:\/\/images.novelship.com\/product\/nike_air_zoom_rival_fly_3__lime_blast__ct2405-300_0_56372.jpeg;https:\/\/images.novelship.com\/product\/nike_air_zoom_rival_fly_3__lime_blast__ct2405-300_1_56372.jpeg;https:\/\/images.novelship.com\/product\/nike_air_zoom_rival_fly_3__lime_blast__ct2405-300_2_56372.jpeg;https:\/\/images.novelship.com\/product\/nike_air_zoom_rival_fly_3__lime_blast__ct2405-300_3_56372.jpeg;https:\/\/images.novelship.com\/product\/nike_air_zoom_rival_fly_3__lime_blast__ct2405-300_4_56372.jpeg;https:\/\/images.novelship.com\/product\/nike_air_zoom_rival_fly_3__lime_blast__ct2405-300_5_56372.jpeg\",\"contentUrl\":\"https:\/\/images.novelship.com\/product\/nike_air_zoom_rival_fly_3__lime_blast__ct2405-300_0_56372.jpeg;https:\/\/images.novelship.com\/product\/nike_air_zoom_rival_fly_3__lime_blast__ct2405-300_1_56372.jpeg;https:\/\/images.novelship.com\/product\/nike_air_zoom_rival_fly_3__lime_blast__ct2405-300_2_56372.jpeg;https:\/\/images.novelship.com\/product\/nike_air_zoom_rival_fly_3__lime_blast__ct2405-300_3_56372.jpeg;https:\/\/images.novelship.com\/product\/nike_air_zoom_rival_fly_3__lime_blast__ct2405-300_4_56372.jpeg;https:\/\/images.novelship.com\/product\/nike_air_zoom_rival_fly_3__lime_blast__ct2405-300_5_56372.jpeg\"},{\"@type\":\"BreadcrumbList\",\"@id\":\"https:\/\/tourcruiser.com\/fr\/products\/nike-air-zoom-rival-fly-3-lime-blast-ct2405-300\/#breadcrumb\",\"itemListElement\":[{\"@type\":\"ListItem\",\"position\":1,\"name\":\"Home\",\"item\":\"https:\/\/tourcruiser.com\/fr\/\"},{\"@type\":\"ListItem\",\"position\":2,\"name\":\"Shop\",\"item\":\"https:\/\/tourcruiser.com\/fr\/shop\/\"},{\"@type\":\"ListItem\",\"position\":3,\"name\":\"Nike Air Zoom Rival Fly 3 &#8216;Lime Blast&#8217; CT2405-300\"}]},{\"@type\":\"WebSite\",\"@id\":\"\/#website\",\"url\":\"\/\",\"name\":\"Styloral Jewelry Shop\",\"description\":\"Tourcruiser Sneaker Store \u2014 L\u2019endroit o\u00f9 l\u2019univers rencontre votre singularit\u00e9.\",\"publisher\":{\"@id\":\"\/#organization\"},\"potentialAction\":[{\"@type\":\"SearchAction\",\"target\":{\"@type\":\"EntryPoint\",\"urlTemplate\":\"\/?s={search_term_string}\"},\"query-input\":{\"@type\":\"PropertyValueSpecification\",\"valueRequired\":true,\"valueName\":\"search_term_string\"}}],\"inLanguage\":\"fr-FR\"},{\"@type\":\"Organization\",\"@id\":\"\/#organization\",\"name\":\"STYLORAL PTE. LTD\",\"url\":\"\/\",\"logo\":{\"@type\":\"ImageObject\",\"inLanguage\":\"fr-FR\",\"@id\":\"\/#\/schema\/logo\/image\/\",\"url\":\"https:\/\/www.tourcruiser.com\/wp-content\/uploads\/2025\/12\/logo.png\",\"contentUrl\":\"https:\/\/www.tourcruiser.com\/wp-content\/uploads\/2025\/12\/logo.png\",\"width\":200,\"height\":65,\"caption\":\"STYLORAL PTE. LTD\"},\"image\":{\"@id\":\"\/#\/schema\/logo\/image\/\"}}]}<\/script>\n<!-- \/ Yoast SEO plugin. -->","yoast_head_json":{"title":"Nike Air Zoom Rival Fly 3 'Lime Blast' CT2405-300 - TOURCRUISER PTE. LTD","robots":{"index":"index","follow":"follow","max-snippet":"max-snippet:-1","max-image-preview":"max-image-preview:large","max-video-preview":"max-video-preview:-1"},"canonical":"https:\/\/tourcruiser.com\/fr\/products\/nike-air-zoom-rival-fly-3-lime-blast-ct2405-300\/","og_locale":"fr_FR","og_type":"article","og_title":"Nike Air Zoom Rival Fly 3 'Lime Blast' CT2405-300 - TOURCRUISER PTE. LTD","og_description":"Am\u00e9liorez vos performances en course \u00e0 pied avec la Nike Air Zoom Rival Fly 3 \u00ab\u00a0Lime Blast\u00a0\u00bb CT2405-300. Cette chaussure de running dynamique est dot\u00e9e d&rsquo;un amorti Zoom Air r\u00e9actif pour une vitesse et un confort in\u00e9gal\u00e9s. Son empeigne en mesh l\u00e9ger et respirant assure une a\u00e9ration optimale, tandis que sa semelle ext\u00e9rieure en caoutchouc [&hellip;]","og_url":"https:\/\/tourcruiser.com\/fr\/products\/nike-air-zoom-rival-fly-3-lime-blast-ct2405-300\/","og_site_name":"Tourcruiser Sneaker Store","article_modified_time":"2026-04-17T15:46:22+00:00","twitter_card":"summary_large_image","twitter_image":"https:\/\/images.novelship.com\/product\/nike_air_zoom_rival_fly_3__lime_blast__ct2405-300_0_56372.jpeg;https:\/\/images.novelship.com\/product\/nike_air_zoom_rival_fly_3__lime_blast__ct2405-300_1_56372.jpeg;https:\/\/images.novelship.com\/product\/nike_air_zoom_rival_fly_3__lime_blast__ct2405-300_2_56372.jpeg;https:\/\/images.novelship.com\/product\/nike_air_zoom_rival_fly_3__lime_blast__ct2405-300_3_56372.jpeg;https:\/\/images.novelship.com\/product\/nike_air_zoom_rival_fly_3__lime_blast__ct2405-300_4_56372.jpeg;https:\/\/images.novelship.com\/product\/nike_air_zoom_rival_fly_3__lime_blast__ct2405-300_5_56372.jpeg","twitter_misc":{"Dur\u00e9e de lecture estim\u00e9e":"1 minute"},"schema":{"@context":"https:\/\/schema.org","@graph":[{"@type":"WebPage","@id":"https:\/\/tourcruiser.com\/fr\/products\/nike-air-zoom-rival-fly-3-lime-blast-ct2405-300\/","url":"https:\/\/tourcruiser.com\/fr\/products\/nike-air-zoom-rival-fly-3-lime-blast-ct2405-300\/","name":"Nike Air Zoom Rival Fly 3 'Lime Blast' CT2405-300 - TOURCRUISER PTE. LTD","isPartOf":{"@id":"\/#website"},"primaryImageOfPage":{"@id":"https:\/\/tourcruiser.com\/fr\/products\/nike-air-zoom-rival-fly-3-lime-blast-ct2405-300\/#primaryimage"},"image":{"@id":"https:\/\/tourcruiser.com\/fr\/products\/nike-air-zoom-rival-fly-3-lime-blast-ct2405-300\/#primaryimage"},"thumbnailUrl":"https:\/\/images.novelship.com\/product\/nike_air_zoom_rival_fly_3__lime_blast__ct2405-300_0_56372.jpeg;https:\/\/images.novelship.com\/product\/nike_air_zoom_rival_fly_3__lime_blast__ct2405-300_1_56372.jpeg;https:\/\/images.novelship.com\/product\/nike_air_zoom_rival_fly_3__lime_blast__ct2405-300_2_56372.jpeg;https:\/\/images.novelship.com\/product\/nike_air_zoom_rival_fly_3__lime_blast__ct2405-300_3_56372.jpeg;https:\/\/images.novelship.com\/product\/nike_air_zoom_rival_fly_3__lime_blast__ct2405-300_4_56372.jpeg;https:\/\/images.novelship.com\/product\/nike_air_zoom_rival_fly_3__lime_blast__ct2405-300_5_56372.jpeg","datePublished":"2026-04-16T10:06:24+00:00","dateModified":"2026-04-17T15:46:22+00:00","breadcrumb":{"@id":"https:\/\/tourcruiser.com\/fr\/products\/nike-air-zoom-rival-fly-3-lime-blast-ct2405-300\/#breadcrumb"},"inLanguage":"fr-FR","potentialAction":[{"@type":"ReadAction","target":["https:\/\/tourcruiser.com\/fr\/products\/nike-air-zoom-rival-fly-3-lime-blast-ct2405-300\/"]}]},{"@type":"ImageObject","inLanguage":"fr-FR","@id":"https:\/\/tourcruiser.com\/fr\/products\/nike-air-zoom-rival-fly-3-lime-blast-ct2405-300\/#primaryimage","url":"https:\/\/images.novelship.com\/product\/nike_air_zoom_rival_fly_3__lime_blast__ct2405-300_0_56372.jpeg;https:\/\/images.novelship.com\/product\/nike_air_zoom_rival_fly_3__lime_blast__ct2405-300_1_56372.jpeg;https:\/\/images.novelship.com\/product\/nike_air_zoom_rival_fly_3__lime_blast__ct2405-300_2_56372.jpeg;https:\/\/images.novelship.com\/product\/nike_air_zoom_rival_fly_3__lime_blast__ct2405-300_3_56372.jpeg;https:\/\/images.novelship.com\/product\/nike_air_zoom_rival_fly_3__lime_blast__ct2405-300_4_56372.jpeg;https:\/\/images.novelship.com\/product\/nike_air_zoom_rival_fly_3__lime_blast__ct2405-300_5_56372.jpeg","contentUrl":"https:\/\/images.novelship.com\/product\/nike_air_zoom_rival_fly_3__lime_blast__ct2405-300_0_56372.jpeg;https:\/\/images.novelship.com\/product\/nike_air_zoom_rival_fly_3__lime_blast__ct2405-300_1_56372.jpeg;https:\/\/images.novelship.com\/product\/nike_air_zoom_rival_fly_3__lime_blast__ct2405-300_2_56372.jpeg;https:\/\/images.novelship.com\/product\/nike_air_zoom_rival_fly_3__lime_blast__ct2405-300_3_56372.jpeg;https:\/\/images.novelship.com\/product\/nike_air_zoom_rival_fly_3__lime_blast__ct2405-300_4_56372.jpeg;https:\/\/images.novelship.com\/product\/nike_air_zoom_rival_fly_3__lime_blast__ct2405-300_5_56372.jpeg"},{"@type":"BreadcrumbList","@id":"https:\/\/tourcruiser.com\/fr\/products\/nike-air-zoom-rival-fly-3-lime-blast-ct2405-300\/#breadcrumb","itemListElement":[{"@type":"ListItem","position":1,"name":"Home","item":"https:\/\/tourcruiser.com\/fr\/"},{"@type":"ListItem","position":2,"name":"Shop","item":"https:\/\/tourcruiser.com\/fr\/shop\/"},{"@type":"ListItem","position":3,"name":"Nike Air Zoom Rival Fly 3 &#8216;Lime Blast&#8217; CT2405-300"}]},{"@type":"WebSite","@id":"\/#website","url":"\/","name":"Styloral Jewelry Shop","description":"Tourcruiser Sneaker Store \u2014 L\u2019endroit o\u00f9 l\u2019univers rencontre votre singularit\u00e9.","publisher":{"@id":"\/#organization"},"potentialAction":[{"@type":"SearchAction","target":{"@type":"EntryPoint","urlTemplate":"\/?s={search_term_string}"},"query-input":{"@type":"PropertyValueSpecification","valueRequired":true,"valueName":"search_term_string"}}],"inLanguage":"fr-FR"},{"@type":"Organization","@id":"\/#organization","name":"STYLORAL PTE. LTD","url":"\/","logo":{"@type":"ImageObject","inLanguage":"fr-FR","@id":"\/#\/schema\/logo\/image\/","url":"https:\/\/www.tourcruiser.com\/wp-content\/uploads\/2025\/12\/logo.png","contentUrl":"https:\/\/www.tourcruiser.com\/wp-content\/uploads\/2025\/12\/logo.png","width":200,"height":65,"caption":"STYLORAL PTE. LTD"},"image":{"@id":"\/#\/schema\/logo\/image\/"}}]}},"_links":{"self":[{"href":"https:\/\/tourcruiser.com\/fr\/wp-json\/wp\/v2\/product\/756709","targetHints":{"allow":["GET"]}}],"collection":[{"href":"https:\/\/tourcruiser.com\/fr\/wp-json\/wp\/v2\/product"}],"about":[{"href":"https:\/\/tourcruiser.com\/fr\/wp-json\/wp\/v2\/types\/product"}],"replies":[{"embeddable":true,"href":"https:\/\/tourcruiser.com\/fr\/wp-json\/wp\/v2\/comments?post=756709"}],"wp:featuredmedia":[{"embeddable":true,"href":"https:\/\/tourcruiser.com\/fr\/wp-json\/wp\/v2\/media\/756710"}],"wp:attachment":[{"href":"https:\/\/tourcruiser.com\/fr\/wp-json\/wp\/v2\/media?parent=756709"}],"wp:term":[{"taxonomy":"product_brand","embeddable":true,"href":"https:\/\/tourcruiser.com\/fr\/wp-json\/wp\/v2\/product_brand?post=756709"},{"taxonomy":"product_cat","embeddable":true,"href":"https:\/\/tourcruiser.com\/fr\/wp-json\/wp\/v2\/product_cat?post=756709"},{"taxonomy":"product_tag","embeddable":true,"href":"https:\/\/tourcruiser.com\/fr\/wp-json\/wp\/v2\/product_tag?post=756709"}],"curies":[{"name":"wp","href":"https:\/\/api.w.org\/{rel}","templated":true}]}}