{"id":756702,"date":"2026-04-16T17:06:24","date_gmt":"2026-04-16T10:06:24","guid":{"rendered":"http:\/\/tourcruiser.com\/product\/youth-nike-court-borough-low-2-white-blue-red-bq5448-109"},"modified":"2026-04-17T22:46:21","modified_gmt":"2026-04-17T15:46:21","slug":"youth-nike-court-borough-low-2-white-blue-red-bq5448-109","status":"publish","type":"product","link":"https:\/\/tourcruiser.com\/fr\/products\/youth-nike-court-borough-low-2-white-blue-red-bq5448-109\/","title":{"rendered":"(Youth) Nike Court Borough Low 2 &lsquo;White Blue Red&rsquo; BQ5448-109"},"content":{"rendered":"<p>Affirmez votre style et dominez le terrain avec les Nike Court Borough Low 2 \u00ab\u00a0Blanc Bleu Rouge\u00a0\u00bb. Ces sneakers allient l&rsquo;esth\u00e9tique classique du basketball \u00e0 une touche de modernit\u00e9. Con\u00e7ues en cuir r\u00e9sistant et en mati\u00e8res synth\u00e9tiques, elles offrent un confort et un maintien optimaux. Le Swoosh embl\u00e9matique et les d\u00e9tails dynamiques leur conf\u00e8rent un look sportif, id\u00e9al pour le terrain comme pour vos moments de d\u00e9tente. D\u00e9couvrez l&rsquo;alliance parfaite du style, de la durabilit\u00e9 et de la performance avec les Nike Court Borough Low 2 \u00ab\u00a0Blanc Bleu Rouge\u00a0\u00bb.<\/p>\n<p>Coloris\u00a0: Blanc\/Bleu<\/p>\n<p>Code article\u00a0: BQ5448-109<\/p>\n<p>Couleur\u00a0: Blanc<\/p>\n<p>\u00c2ge\u00a0: Adulte<\/p>\n<p>Couleur\u00a0: Blanc<\/p>\n<p>Genre\u00a0: Enfant<\/p>\n","protected":false},"excerpt":{"rendered":"<p>Affirmez votre style et dominez le terrain avec les Nike Court Borough Low 2 \u00ab\u00a0Blanc Bleu Rouge\u00a0\u00bb. Ces sneakers allient l&rsquo;esth\u00e9tique classique du basketball \u00e0 une touche de modernit\u00e9. Con\u00e7ues en cuir r\u00e9sistant et en mati\u00e8res synth\u00e9tiques, elles offrent un confort et un maintien optimaux. Le Swoosh embl\u00e9matique et les d\u00e9tails dynamiques leur conf\u00e8rent un [&hellip;]<\/p>\n","protected":false},"featured_media":756703,"comment_status":"open","ping_status":"closed","template":"","meta":[],"product_brand":[],"product_cat":[10803],"product_tag":[10750,38855,38917,39106,10801,38887,38954,38902,38936],"class_list":{"0":"post-756702","1":"product","2":"type-product","3":"status-publish","4":"has-post-thumbnail","6":"product_cat-nike","7":"product_tag-athleisure-shoes","8":"product_tag-below-the-regular-retail-price","9":"product_tag-casual-shoes-for-children","10":"product_tag-court-shoes","11":"product_tag-nike","12":"product_tag-nike-skateboard-shoes","13":"product_tag-sneakers-for-children","14":"product_tag-trendy-offers","15":"product_tag-trendy-offers-under-a-150","16":"wcpa_has_options","18":"first","19":"instock","20":"taxable","21":"shipping-taxable","22":"purchasable","23":"product-type-simple"},"wcpa_form_fields":{"rules":{"pric_overide_base_price":false,"pric_overide_base_price_if_gt_zero":false,"pric_overide_base_price_fully":false,"pric_cal_option_once":false,"pric_use_as_fee":false,"bind_quantity":false,"quantity_bind_formula":false},"fields":[{"type":"color-group","required":true,"elementId":"wcpa-color-group-66c4a75505e74","label":"Taille","inline":true,"priceOptions":"different_for_all","pricingType":"fixed","className":"hassizechart product-shoes-size-eu product-shoes-size","name":"color-group-66c4a75505e89","disp_type":"square","selection_type":"tick-border","disp_size":"44","show_label_inside":true,"adjust_width":true,"cart_display_type":"text","other_text":"Other","cl_rule":"show","col":6,"values":[{"label":"35.5","value":"EU 35.5","price":"","pimage":"","pimage_id":"","pthumb":"","color":""},{"label":"36","value":"EU 36","price":"","pimage":"","pimage_id":"","pthumb":"","color":"","selected":true},{"label":"36.5","value":"EU 36.5","price":"","pimage":"","pimage_id":"","pthumb":"","color":""},{"label":"37.5","value":"EU 37.5","price":"","pimage":"","pimage_id":"","pthumb":"","color":""},{"label":"38","value":"EU 38","price":"","pimage":"","pimage_id":"","pthumb":"","color":""},{"label":"38.5","value":"EU 38.5","price":"","pimage":"","pimage_id":"","pthumb":"","color":""},{"label":"39","value":"EU 39","price":"","pimage":"","pimage_id":"","pthumb":"","color":""},{"label":"40","value":"EU 40","price":"","pimage":"","pimage_id":"","pthumb":"","color":""},{"label":"40.5","value":"EU 40.5","price":"","pimage":"","pimage_id":"","pthumb":"","color":""},{"label":"41","value":"EU 41","price":"","pimage":"","pimage_id":"","pthumb":"","color":""},{"label":"42","value":"EU 42","price":"","pimage":"","pimage_id":"","pthumb":"","color":""},{"label":"42.5","value":"EU 42.5","price":"","pimage":"","pimage_id":"","pthumb":"","color":""},{"label":"43","value":"EU 43","price":"","pimage":"","pimage_id":"","pthumb":"","color":""},{"label":"44","value":"EU 44","price":"","pimage":"","pimage_id":"","pthumb":"","color":""},{"label":"44.5","value":"EU 44.5","price":"","pimage":"","pimage_id":"","pthumb":"","color":""},{"label":"45","value":"EU 45","price":"","pimage":"","pimage_id":"","pthumb":"","color":""},{"label":"45.5","value":"EU 45.5","price":"","pimage":"","pimage_id":"","pthumb":"","color":""},{"label":"46","value":"EU 46","price":"","pimage":"","pimage_id":"","pthumb":"","color":""},{"label":"47","value":"EU 47","price":"","pimage":"","pimage_id":"","pthumb":"","color":""},{"label":"47.5","value":"EU 47.5","price":"","pimage":"","pimage_id":"","pthumb":"","color":""},{"label":"48","value":"EU 48","price":"","pimage":"","pimage_id":"","pthumb":"","color":""}],"relations":[{"operator":false,"rules":[]}],"form_id":18106,"form_rules":{"pric_cal_option_once":false,"exclude_from_discount":false,"pric_use_as_fee":false,"fee_label":"Fee","render_after_acb":false,"disp_hide_options_price":false}}]},"yoast_head":"<!-- This site is optimized with the Yoast SEO plugin v26.5 - https:\/\/yoast.com\/wordpress\/plugins\/seo\/ -->\n<title>(Youth) Nike Court Borough Low 2 &#039;White Blue Red&#039; BQ5448-109 - TOURCRUISER PTE. LTD<\/title>\n<meta name=\"robots\" content=\"index, follow, max-snippet:-1, max-image-preview:large, max-video-preview:-1\" \/>\n<link rel=\"canonical\" href=\"https:\/\/tourcruiser.com\/fr\/products\/youth-nike-court-borough-low-2-white-blue-red-bq5448-109\/\" \/>\n<meta property=\"og:locale\" content=\"fr_FR\" \/>\n<meta property=\"og:type\" content=\"article\" \/>\n<meta property=\"og:title\" content=\"(Youth) Nike Court Borough Low 2 &#039;White Blue Red&#039; BQ5448-109 - TOURCRUISER PTE. LTD\" \/>\n<meta property=\"og:description\" content=\"Affirmez votre style et dominez le terrain avec les Nike Court Borough Low 2 \u00ab\u00a0Blanc Bleu Rouge\u00a0\u00bb. Ces sneakers allient l&rsquo;esth\u00e9tique classique du basketball \u00e0 une touche de modernit\u00e9. Con\u00e7ues en cuir r\u00e9sistant et en mati\u00e8res synth\u00e9tiques, elles offrent un confort et un maintien optimaux. Le Swoosh embl\u00e9matique et les d\u00e9tails dynamiques leur conf\u00e8rent un [&hellip;]\" \/>\n<meta property=\"og:url\" content=\"https:\/\/tourcruiser.com\/fr\/products\/youth-nike-court-borough-low-2-white-blue-red-bq5448-109\/\" \/>\n<meta property=\"og:site_name\" content=\"Tourcruiser Sneaker Store\" \/>\n<meta property=\"article:modified_time\" content=\"2026-04-17T15:46:21+00:00\" \/>\n<meta name=\"twitter:card\" content=\"summary_large_image\" \/>\n<meta name=\"twitter:image\" content=\"https:\/\/images.novelship.com\/product\/nike_court_borough_low__white_blue__bq5448_109_0_88491.jpeg;https:\/\/images.novelship.com\/product\/nike_court_borough_low__white_blue__bq5448_109_1_88491.jpeg;https:\/\/images.novelship.com\/product\/nike_court_borough_low__white_blue__bq5448_109_2_88491.jpeg;https:\/\/images.novelship.com\/product\/nike_court_borough_low__white_blue__bq5448_109_3_88491.jpeg;https:\/\/images.novelship.com\/product\/nike_court_borough_low__white_blue__bq5448_109_4_88491.jpeg;https:\/\/images.novelship.com\/product\/nike_court_borough_low__white_blue__bq5448_109_5_88491.jpeg\" \/>\n<meta name=\"twitter:label1\" content=\"Dur\u00e9e de lecture estim\u00e9e\" \/>\n\t<meta name=\"twitter:data1\" content=\"1 minute\" \/>\n<script type=\"application\/ld+json\" class=\"yoast-schema-graph\">{\"@context\":\"https:\/\/schema.org\",\"@graph\":[{\"@type\":\"WebPage\",\"@id\":\"https:\/\/tourcruiser.com\/fr\/products\/youth-nike-court-borough-low-2-white-blue-red-bq5448-109\/\",\"url\":\"https:\/\/tourcruiser.com\/fr\/products\/youth-nike-court-borough-low-2-white-blue-red-bq5448-109\/\",\"name\":\"(Youth) Nike Court Borough Low 2 'White Blue Red' BQ5448-109 - TOURCRUISER PTE. LTD\",\"isPartOf\":{\"@id\":\"\/#website\"},\"primaryImageOfPage\":{\"@id\":\"https:\/\/tourcruiser.com\/fr\/products\/youth-nike-court-borough-low-2-white-blue-red-bq5448-109\/#primaryimage\"},\"image\":{\"@id\":\"https:\/\/tourcruiser.com\/fr\/products\/youth-nike-court-borough-low-2-white-blue-red-bq5448-109\/#primaryimage\"},\"thumbnailUrl\":\"https:\/\/images.novelship.com\/product\/nike_court_borough_low__white_blue__bq5448_109_0_88491.jpeg;https:\/\/images.novelship.com\/product\/nike_court_borough_low__white_blue__bq5448_109_1_88491.jpeg;https:\/\/images.novelship.com\/product\/nike_court_borough_low__white_blue__bq5448_109_2_88491.jpeg;https:\/\/images.novelship.com\/product\/nike_court_borough_low__white_blue__bq5448_109_3_88491.jpeg;https:\/\/images.novelship.com\/product\/nike_court_borough_low__white_blue__bq5448_109_4_88491.jpeg;https:\/\/images.novelship.com\/product\/nike_court_borough_low__white_blue__bq5448_109_5_88491.jpeg\",\"datePublished\":\"2026-04-16T10:06:24+00:00\",\"dateModified\":\"2026-04-17T15:46:21+00:00\",\"breadcrumb\":{\"@id\":\"https:\/\/tourcruiser.com\/fr\/products\/youth-nike-court-borough-low-2-white-blue-red-bq5448-109\/#breadcrumb\"},\"inLanguage\":\"fr-FR\",\"potentialAction\":[{\"@type\":\"ReadAction\",\"target\":[\"https:\/\/tourcruiser.com\/fr\/products\/youth-nike-court-borough-low-2-white-blue-red-bq5448-109\/\"]}]},{\"@type\":\"ImageObject\",\"inLanguage\":\"fr-FR\",\"@id\":\"https:\/\/tourcruiser.com\/fr\/products\/youth-nike-court-borough-low-2-white-blue-red-bq5448-109\/#primaryimage\",\"url\":\"https:\/\/images.novelship.com\/product\/nike_court_borough_low__white_blue__bq5448_109_0_88491.jpeg;https:\/\/images.novelship.com\/product\/nike_court_borough_low__white_blue__bq5448_109_1_88491.jpeg;https:\/\/images.novelship.com\/product\/nike_court_borough_low__white_blue__bq5448_109_2_88491.jpeg;https:\/\/images.novelship.com\/product\/nike_court_borough_low__white_blue__bq5448_109_3_88491.jpeg;https:\/\/images.novelship.com\/product\/nike_court_borough_low__white_blue__bq5448_109_4_88491.jpeg;https:\/\/images.novelship.com\/product\/nike_court_borough_low__white_blue__bq5448_109_5_88491.jpeg\",\"contentUrl\":\"https:\/\/images.novelship.com\/product\/nike_court_borough_low__white_blue__bq5448_109_0_88491.jpeg;https:\/\/images.novelship.com\/product\/nike_court_borough_low__white_blue__bq5448_109_1_88491.jpeg;https:\/\/images.novelship.com\/product\/nike_court_borough_low__white_blue__bq5448_109_2_88491.jpeg;https:\/\/images.novelship.com\/product\/nike_court_borough_low__white_blue__bq5448_109_3_88491.jpeg;https:\/\/images.novelship.com\/product\/nike_court_borough_low__white_blue__bq5448_109_4_88491.jpeg;https:\/\/images.novelship.com\/product\/nike_court_borough_low__white_blue__bq5448_109_5_88491.jpeg\"},{\"@type\":\"BreadcrumbList\",\"@id\":\"https:\/\/tourcruiser.com\/fr\/products\/youth-nike-court-borough-low-2-white-blue-red-bq5448-109\/#breadcrumb\",\"itemListElement\":[{\"@type\":\"ListItem\",\"position\":1,\"name\":\"Home\",\"item\":\"https:\/\/tourcruiser.com\/fr\/\"},{\"@type\":\"ListItem\",\"position\":2,\"name\":\"Shop\",\"item\":\"https:\/\/tourcruiser.com\/fr\/shop\/\"},{\"@type\":\"ListItem\",\"position\":3,\"name\":\"(Youth) Nike Court Borough Low 2 &#8216;White Blue Red&#8217; BQ5448-109\"}]},{\"@type\":\"WebSite\",\"@id\":\"\/#website\",\"url\":\"\/\",\"name\":\"Styloral Jewelry Shop\",\"description\":\"Tourcruiser Sneaker Store \u2014 L\u2019endroit o\u00f9 l\u2019univers rencontre votre singularit\u00e9.\",\"publisher\":{\"@id\":\"\/#organization\"},\"potentialAction\":[{\"@type\":\"SearchAction\",\"target\":{\"@type\":\"EntryPoint\",\"urlTemplate\":\"\/?s={search_term_string}\"},\"query-input\":{\"@type\":\"PropertyValueSpecification\",\"valueRequired\":true,\"valueName\":\"search_term_string\"}}],\"inLanguage\":\"fr-FR\"},{\"@type\":\"Organization\",\"@id\":\"\/#organization\",\"name\":\"STYLORAL PTE. LTD\",\"url\":\"\/\",\"logo\":{\"@type\":\"ImageObject\",\"inLanguage\":\"fr-FR\",\"@id\":\"\/#\/schema\/logo\/image\/\",\"url\":\"https:\/\/www.tourcruiser.com\/wp-content\/uploads\/2025\/12\/logo.png\",\"contentUrl\":\"https:\/\/www.tourcruiser.com\/wp-content\/uploads\/2025\/12\/logo.png\",\"width\":200,\"height\":65,\"caption\":\"STYLORAL PTE. LTD\"},\"image\":{\"@id\":\"\/#\/schema\/logo\/image\/\"}}]}<\/script>\n<!-- \/ Yoast SEO plugin. -->","yoast_head_json":{"title":"(Youth) Nike Court Borough Low 2 'White Blue Red' BQ5448-109 - TOURCRUISER PTE. LTD","robots":{"index":"index","follow":"follow","max-snippet":"max-snippet:-1","max-image-preview":"max-image-preview:large","max-video-preview":"max-video-preview:-1"},"canonical":"https:\/\/tourcruiser.com\/fr\/products\/youth-nike-court-borough-low-2-white-blue-red-bq5448-109\/","og_locale":"fr_FR","og_type":"article","og_title":"(Youth) Nike Court Borough Low 2 'White Blue Red' BQ5448-109 - TOURCRUISER PTE. LTD","og_description":"Affirmez votre style et dominez le terrain avec les Nike Court Borough Low 2 \u00ab\u00a0Blanc Bleu Rouge\u00a0\u00bb. Ces sneakers allient l&rsquo;esth\u00e9tique classique du basketball \u00e0 une touche de modernit\u00e9. Con\u00e7ues en cuir r\u00e9sistant et en mati\u00e8res synth\u00e9tiques, elles offrent un confort et un maintien optimaux. Le Swoosh embl\u00e9matique et les d\u00e9tails dynamiques leur conf\u00e8rent un [&hellip;]","og_url":"https:\/\/tourcruiser.com\/fr\/products\/youth-nike-court-borough-low-2-white-blue-red-bq5448-109\/","og_site_name":"Tourcruiser Sneaker Store","article_modified_time":"2026-04-17T15:46:21+00:00","twitter_card":"summary_large_image","twitter_image":"https:\/\/images.novelship.com\/product\/nike_court_borough_low__white_blue__bq5448_109_0_88491.jpeg;https:\/\/images.novelship.com\/product\/nike_court_borough_low__white_blue__bq5448_109_1_88491.jpeg;https:\/\/images.novelship.com\/product\/nike_court_borough_low__white_blue__bq5448_109_2_88491.jpeg;https:\/\/images.novelship.com\/product\/nike_court_borough_low__white_blue__bq5448_109_3_88491.jpeg;https:\/\/images.novelship.com\/product\/nike_court_borough_low__white_blue__bq5448_109_4_88491.jpeg;https:\/\/images.novelship.com\/product\/nike_court_borough_low__white_blue__bq5448_109_5_88491.jpeg","twitter_misc":{"Dur\u00e9e de lecture estim\u00e9e":"1 minute"},"schema":{"@context":"https:\/\/schema.org","@graph":[{"@type":"WebPage","@id":"https:\/\/tourcruiser.com\/fr\/products\/youth-nike-court-borough-low-2-white-blue-red-bq5448-109\/","url":"https:\/\/tourcruiser.com\/fr\/products\/youth-nike-court-borough-low-2-white-blue-red-bq5448-109\/","name":"(Youth) Nike Court Borough Low 2 'White Blue Red' BQ5448-109 - TOURCRUISER PTE. LTD","isPartOf":{"@id":"\/#website"},"primaryImageOfPage":{"@id":"https:\/\/tourcruiser.com\/fr\/products\/youth-nike-court-borough-low-2-white-blue-red-bq5448-109\/#primaryimage"},"image":{"@id":"https:\/\/tourcruiser.com\/fr\/products\/youth-nike-court-borough-low-2-white-blue-red-bq5448-109\/#primaryimage"},"thumbnailUrl":"https:\/\/images.novelship.com\/product\/nike_court_borough_low__white_blue__bq5448_109_0_88491.jpeg;https:\/\/images.novelship.com\/product\/nike_court_borough_low__white_blue__bq5448_109_1_88491.jpeg;https:\/\/images.novelship.com\/product\/nike_court_borough_low__white_blue__bq5448_109_2_88491.jpeg;https:\/\/images.novelship.com\/product\/nike_court_borough_low__white_blue__bq5448_109_3_88491.jpeg;https:\/\/images.novelship.com\/product\/nike_court_borough_low__white_blue__bq5448_109_4_88491.jpeg;https:\/\/images.novelship.com\/product\/nike_court_borough_low__white_blue__bq5448_109_5_88491.jpeg","datePublished":"2026-04-16T10:06:24+00:00","dateModified":"2026-04-17T15:46:21+00:00","breadcrumb":{"@id":"https:\/\/tourcruiser.com\/fr\/products\/youth-nike-court-borough-low-2-white-blue-red-bq5448-109\/#breadcrumb"},"inLanguage":"fr-FR","potentialAction":[{"@type":"ReadAction","target":["https:\/\/tourcruiser.com\/fr\/products\/youth-nike-court-borough-low-2-white-blue-red-bq5448-109\/"]}]},{"@type":"ImageObject","inLanguage":"fr-FR","@id":"https:\/\/tourcruiser.com\/fr\/products\/youth-nike-court-borough-low-2-white-blue-red-bq5448-109\/#primaryimage","url":"https:\/\/images.novelship.com\/product\/nike_court_borough_low__white_blue__bq5448_109_0_88491.jpeg;https:\/\/images.novelship.com\/product\/nike_court_borough_low__white_blue__bq5448_109_1_88491.jpeg;https:\/\/images.novelship.com\/product\/nike_court_borough_low__white_blue__bq5448_109_2_88491.jpeg;https:\/\/images.novelship.com\/product\/nike_court_borough_low__white_blue__bq5448_109_3_88491.jpeg;https:\/\/images.novelship.com\/product\/nike_court_borough_low__white_blue__bq5448_109_4_88491.jpeg;https:\/\/images.novelship.com\/product\/nike_court_borough_low__white_blue__bq5448_109_5_88491.jpeg","contentUrl":"https:\/\/images.novelship.com\/product\/nike_court_borough_low__white_blue__bq5448_109_0_88491.jpeg;https:\/\/images.novelship.com\/product\/nike_court_borough_low__white_blue__bq5448_109_1_88491.jpeg;https:\/\/images.novelship.com\/product\/nike_court_borough_low__white_blue__bq5448_109_2_88491.jpeg;https:\/\/images.novelship.com\/product\/nike_court_borough_low__white_blue__bq5448_109_3_88491.jpeg;https:\/\/images.novelship.com\/product\/nike_court_borough_low__white_blue__bq5448_109_4_88491.jpeg;https:\/\/images.novelship.com\/product\/nike_court_borough_low__white_blue__bq5448_109_5_88491.jpeg"},{"@type":"BreadcrumbList","@id":"https:\/\/tourcruiser.com\/fr\/products\/youth-nike-court-borough-low-2-white-blue-red-bq5448-109\/#breadcrumb","itemListElement":[{"@type":"ListItem","position":1,"name":"Home","item":"https:\/\/tourcruiser.com\/fr\/"},{"@type":"ListItem","position":2,"name":"Shop","item":"https:\/\/tourcruiser.com\/fr\/shop\/"},{"@type":"ListItem","position":3,"name":"(Youth) Nike Court Borough Low 2 &#8216;White Blue Red&#8217; BQ5448-109"}]},{"@type":"WebSite","@id":"\/#website","url":"\/","name":"Styloral Jewelry Shop","description":"Tourcruiser Sneaker Store \u2014 L\u2019endroit o\u00f9 l\u2019univers rencontre votre singularit\u00e9.","publisher":{"@id":"\/#organization"},"potentialAction":[{"@type":"SearchAction","target":{"@type":"EntryPoint","urlTemplate":"\/?s={search_term_string}"},"query-input":{"@type":"PropertyValueSpecification","valueRequired":true,"valueName":"search_term_string"}}],"inLanguage":"fr-FR"},{"@type":"Organization","@id":"\/#organization","name":"STYLORAL PTE. LTD","url":"\/","logo":{"@type":"ImageObject","inLanguage":"fr-FR","@id":"\/#\/schema\/logo\/image\/","url":"https:\/\/www.tourcruiser.com\/wp-content\/uploads\/2025\/12\/logo.png","contentUrl":"https:\/\/www.tourcruiser.com\/wp-content\/uploads\/2025\/12\/logo.png","width":200,"height":65,"caption":"STYLORAL PTE. LTD"},"image":{"@id":"\/#\/schema\/logo\/image\/"}}]}},"_links":{"self":[{"href":"https:\/\/tourcruiser.com\/fr\/wp-json\/wp\/v2\/product\/756702","targetHints":{"allow":["GET"]}}],"collection":[{"href":"https:\/\/tourcruiser.com\/fr\/wp-json\/wp\/v2\/product"}],"about":[{"href":"https:\/\/tourcruiser.com\/fr\/wp-json\/wp\/v2\/types\/product"}],"replies":[{"embeddable":true,"href":"https:\/\/tourcruiser.com\/fr\/wp-json\/wp\/v2\/comments?post=756702"}],"wp:featuredmedia":[{"embeddable":true,"href":"https:\/\/tourcruiser.com\/fr\/wp-json\/wp\/v2\/media\/756703"}],"wp:attachment":[{"href":"https:\/\/tourcruiser.com\/fr\/wp-json\/wp\/v2\/media?parent=756702"}],"wp:term":[{"taxonomy":"product_brand","embeddable":true,"href":"https:\/\/tourcruiser.com\/fr\/wp-json\/wp\/v2\/product_brand?post=756702"},{"taxonomy":"product_cat","embeddable":true,"href":"https:\/\/tourcruiser.com\/fr\/wp-json\/wp\/v2\/product_cat?post=756702"},{"taxonomy":"product_tag","embeddable":true,"href":"https:\/\/tourcruiser.com\/fr\/wp-json\/wp\/v2\/product_tag?post=756702"}],"curies":[{"name":"wp","href":"https:\/\/api.w.org\/{rel}","templated":true}]}}