{"id":756557,"date":"2026-04-16T17:06:19","date_gmt":"2026-04-16T10:06:19","guid":{"rendered":"http:\/\/tourcruiser.com\/product\/rich-mnisi-x-adidas-superstar-pride-id7493"},"modified":"2026-04-17T22:46:09","modified_gmt":"2026-04-17T15:46:09","slug":"rich-mnisi-x-adidas-superstar-pride-id7493","status":"publish","type":"product","link":"https:\/\/tourcruiser.com\/fr\/products\/rich-mnisi-x-adidas-superstar-pride-id7493\/","title":{"rendered":"Rich Mnisi x adidas Superstar &lsquo;Pride&rsquo; ID7493"},"content":{"rendered":"<p>D\u00e9couvrez les sneakers Rich Mnisi x adidas Superstar Pride. Con\u00e7ues par la marque embl\u00e9matique adidas en collaboration avec le cr\u00e9ateur de mode Rich Mnisi, ces sneakers arborent un design unique et styl\u00e9, inspir\u00e9 par la fiert\u00e9 LGBTQ+. Elles sont parfaites pour affirmer votre style tout en soutenant une bonne cause. Ces sneakers sont non seulement tendance, mais aussi socialement responsables. Avec ces sneakers Rich Mnisi x adidas Superstar Pride en \u00e9dition limit\u00e9e, vous serez toujours \u00e0 la pointe de la mode.<\/p>\n<p>Coloris : Blanc cass\u00e9\/Noir\/Blanc cass\u00e9<\/p>\n<p>Code article : ID7493<\/p>\n<p>Mati\u00e8re ext\u00e9rieure : Cuir<\/p>\n<p>Cr\u00e9ateur : Horst Dassler<\/p>\n<p>Ann\u00e9e de sortie : 2023<\/p>\n<p>Couleur : Blanc cass\u00e9\/Noir\/Blanc cass\u00e9<\/p>\n<p>\u00c2ge : Adulte<\/p>\n<p>Couleur : Blanc<\/p>\n<p>Genre : Homme<\/p>\n","protected":false},"excerpt":{"rendered":"<p>D\u00e9couvrez les sneakers Rich Mnisi x adidas Superstar Pride. Con\u00e7ues par la marque embl\u00e9matique adidas en collaboration avec le cr\u00e9ateur de mode Rich Mnisi, ces sneakers arborent un design unique et styl\u00e9, inspir\u00e9 par la fiert\u00e9 LGBTQ+. Elles sont parfaites pour affirmer votre style tout en soutenant une bonne cause. Ces sneakers sont non seulement [&hellip;]<\/p>\n","protected":false},"featured_media":756558,"comment_status":"open","ping_status":"closed","template":"","meta":[],"product_brand":[],"product_cat":[10760],"product_tag":[10759,10750,38855,38841,38842,10756,38902,38936],"class_list":{"0":"post-756557","1":"product","2":"type-product","3":"status-publish","4":"has-post-thumbnail","6":"product_cat-adidas","7":"product_tag-adidas","8":"product_tag-athleisure-shoes","9":"product_tag-below-the-regular-retail-price","10":"product_tag-casual-shoes","11":"product_tag-gift-idea-for-him","12":"product_tag-retro-casual-shoes","13":"product_tag-trendy-offers","14":"product_tag-trendy-offers-under-a-150","15":"wcpa_has_options","17":"first","18":"instock","19":"taxable","20":"shipping-taxable","21":"purchasable","22":"product-type-simple"},"wcpa_form_fields":{"rules":{"pric_overide_base_price":false,"pric_overide_base_price_if_gt_zero":false,"pric_overide_base_price_fully":false,"pric_cal_option_once":false,"pric_use_as_fee":false,"bind_quantity":false,"quantity_bind_formula":false},"fields":[{"type":"color-group","required":true,"elementId":"wcpa-color-group-66c4a7f817afe","label":"Taille","inline":true,"priceOptions":"different_for_all","pricingType":"fixed","className":"hassizechart product-shoes-size-eu product-shoes-size","name":"color-group-66c4a7f817b18","disp_type":"square","selection_type":"tick-border","disp_size":"50","show_label_inside":true,"adjust_width":true,"cart_display_type":"text","other_text":"Other","cl_rule":"show","col":6,"values":[{"label":"35","value":"EU 35","price":"","pimage":"","pimage_id":"","pthumb":"","color":""},{"label":"35.5","value":"EU 35.5","price":"","pimage":"","pimage_id":"","pthumb":"","color":""},{"label":"36","value":"EU 36","price":"","pimage":"","pimage_id":"","pthumb":"","color":"","selected":true},{"label":"36 2\/3","value":"EU 36 2\/3","price":"","pimage":"","pimage_id":"","pthumb":"","color":""},{"label":"37 1\/3","value":"EU 37 1\/3","price":"","pimage":"","pimage_id":"","pthumb":"","color":""},{"label":"38","value":"EU 38","price":"","pimage":"","pimage_id":"","pthumb":"","color":""},{"label":"38 2\/3","value":"EU 38 2\/3","price":"","pimage":"","pimage_id":"","pthumb":"","color":""},{"label":"39 1\/3","value":"EU 39 1\/3","price":"","pimage":"","pimage_id":"","pthumb":"","color":""},{"label":"40","value":"EU 40","price":"","pimage":"","pimage_id":"","pthumb":"","color":""},{"label":"40 2\/3","value":"EU 40 2\/3","price":"","pimage":"","pimage_id":"","pthumb":"","color":""},{"label":"41 1\/3","value":"EU 41 1\/3","price":"","pimage":"","pimage_id":"","pthumb":"","color":""},{"label":"42","value":"EU 42","price":"","pimage":"","pimage_id":"","pthumb":"","color":""},{"label":"42 2\/3","value":"EU 42 2\/3","price":"","pimage":"","pimage_id":"","pthumb":"","color":""},{"label":"43 1\/3","value":"EU 43 1\/3","price":"","pimage":"","pimage_id":"","pthumb":"","color":""},{"label":"44","value":"EU 44","price":"","pimage":"","pimage_id":"","pthumb":"","color":""},{"label":"44 2\/3","value":"EU 44 2\/3","price":"","pimage":"","pimage_id":"","pthumb":"","color":""},{"label":"45 1\/3","value":"EU 45 1\/3","price":"","pimage":"","pimage_id":"","pthumb":"","color":""},{"label":"46","value":"EU 46","price":"","pimage":"","pimage_id":"","pthumb":"","color":""},{"label":"46 2\/3","value":"EU 46 2\/3","price":"","pimage":"","pimage_id":"","pthumb":"","color":""},{"label":"47 1\/3","value":"EU 47 1\/3","price":"","pimage":"","pimage_id":"","pthumb":"","color":""}],"relations":[{"operator":false,"rules":[]}],"form_id":24802,"form_rules":{"pric_cal_option_once":false,"exclude_from_discount":false,"pric_use_as_fee":false,"fee_label":"Fee","render_after_acb":false,"disp_hide_options_price":false}}]},"yoast_head":"<!-- This site is optimized with the Yoast SEO plugin v26.5 - https:\/\/yoast.com\/wordpress\/plugins\/seo\/ -->\n<title>Rich Mnisi x adidas Superstar &#039;Pride&#039; ID7493 - TOURCRUISER PTE. LTD<\/title>\n<meta name=\"robots\" content=\"index, follow, max-snippet:-1, max-image-preview:large, max-video-preview:-1\" \/>\n<link rel=\"canonical\" href=\"https:\/\/tourcruiser.com\/fr\/products\/rich-mnisi-x-adidas-superstar-pride-id7493\/\" \/>\n<meta property=\"og:locale\" content=\"fr_FR\" \/>\n<meta property=\"og:type\" content=\"article\" \/>\n<meta property=\"og:title\" content=\"Rich Mnisi x adidas Superstar &#039;Pride&#039; ID7493 - TOURCRUISER PTE. LTD\" \/>\n<meta property=\"og:description\" content=\"D\u00e9couvrez les sneakers Rich Mnisi x adidas Superstar Pride. Con\u00e7ues par la marque embl\u00e9matique adidas en collaboration avec le cr\u00e9ateur de mode Rich Mnisi, ces sneakers arborent un design unique et styl\u00e9, inspir\u00e9 par la fiert\u00e9 LGBTQ+. Elles sont parfaites pour affirmer votre style tout en soutenant une bonne cause. Ces sneakers sont non seulement [&hellip;]\" \/>\n<meta property=\"og:url\" content=\"https:\/\/tourcruiser.com\/fr\/products\/rich-mnisi-x-adidas-superstar-pride-id7493\/\" \/>\n<meta property=\"og:site_name\" content=\"Tourcruiser Sneaker Store\" \/>\n<meta property=\"article:modified_time\" content=\"2026-04-17T15:46:09+00:00\" \/>\n<meta name=\"twitter:card\" content=\"summary_large_image\" \/>\n<meta name=\"twitter:image\" content=\"https:\/\/images.novelship.com\/product\/rich_mnisi_x_adidas_superstar__pride__id7493_0_85171.png;https:\/\/images.novelship.com\/product\/rich_mnisi_x_adidas_superstar__pride__id7493_1_85172.png;https:\/\/images.novelship.com\/product\/rich_mnisi_x_adidas_superstar__pride__id7493_2_85172.png;https:\/\/images.novelship.com\/product\/rich_mnisi_x_adidas_superstar__pride__id7493_3_85172.png;https:\/\/images.novelship.com\/product\/rich_mnisi_x_adidas_superstar__pride__id7493_4_85172.png;https:\/\/images.novelship.com\/product\/rich_mnisi_x_adidas_superstar__pride__id7493_5_85172.png\" \/>\n<meta name=\"twitter:label1\" content=\"Dur\u00e9e de lecture estim\u00e9e\" \/>\n\t<meta name=\"twitter:data1\" content=\"1 minute\" \/>\n<script type=\"application\/ld+json\" class=\"yoast-schema-graph\">{\"@context\":\"https:\/\/schema.org\",\"@graph\":[{\"@type\":\"WebPage\",\"@id\":\"https:\/\/tourcruiser.com\/fr\/products\/rich-mnisi-x-adidas-superstar-pride-id7493\/\",\"url\":\"https:\/\/tourcruiser.com\/fr\/products\/rich-mnisi-x-adidas-superstar-pride-id7493\/\",\"name\":\"Rich Mnisi x adidas Superstar 'Pride' ID7493 - TOURCRUISER PTE. LTD\",\"isPartOf\":{\"@id\":\"\/#website\"},\"primaryImageOfPage\":{\"@id\":\"https:\/\/tourcruiser.com\/fr\/products\/rich-mnisi-x-adidas-superstar-pride-id7493\/#primaryimage\"},\"image\":{\"@id\":\"https:\/\/tourcruiser.com\/fr\/products\/rich-mnisi-x-adidas-superstar-pride-id7493\/#primaryimage\"},\"thumbnailUrl\":\"https:\/\/images.novelship.com\/product\/rich_mnisi_x_adidas_superstar__pride__id7493_0_85171.png;https:\/\/images.novelship.com\/product\/rich_mnisi_x_adidas_superstar__pride__id7493_1_85172.png;https:\/\/images.novelship.com\/product\/rich_mnisi_x_adidas_superstar__pride__id7493_2_85172.png;https:\/\/images.novelship.com\/product\/rich_mnisi_x_adidas_superstar__pride__id7493_3_85172.png;https:\/\/images.novelship.com\/product\/rich_mnisi_x_adidas_superstar__pride__id7493_4_85172.png;https:\/\/images.novelship.com\/product\/rich_mnisi_x_adidas_superstar__pride__id7493_5_85172.png\",\"datePublished\":\"2026-04-16T10:06:19+00:00\",\"dateModified\":\"2026-04-17T15:46:09+00:00\",\"breadcrumb\":{\"@id\":\"https:\/\/tourcruiser.com\/fr\/products\/rich-mnisi-x-adidas-superstar-pride-id7493\/#breadcrumb\"},\"inLanguage\":\"fr-FR\",\"potentialAction\":[{\"@type\":\"ReadAction\",\"target\":[\"https:\/\/tourcruiser.com\/fr\/products\/rich-mnisi-x-adidas-superstar-pride-id7493\/\"]}]},{\"@type\":\"ImageObject\",\"inLanguage\":\"fr-FR\",\"@id\":\"https:\/\/tourcruiser.com\/fr\/products\/rich-mnisi-x-adidas-superstar-pride-id7493\/#primaryimage\",\"url\":\"https:\/\/images.novelship.com\/product\/rich_mnisi_x_adidas_superstar__pride__id7493_0_85171.png;https:\/\/images.novelship.com\/product\/rich_mnisi_x_adidas_superstar__pride__id7493_1_85172.png;https:\/\/images.novelship.com\/product\/rich_mnisi_x_adidas_superstar__pride__id7493_2_85172.png;https:\/\/images.novelship.com\/product\/rich_mnisi_x_adidas_superstar__pride__id7493_3_85172.png;https:\/\/images.novelship.com\/product\/rich_mnisi_x_adidas_superstar__pride__id7493_4_85172.png;https:\/\/images.novelship.com\/product\/rich_mnisi_x_adidas_superstar__pride__id7493_5_85172.png\",\"contentUrl\":\"https:\/\/images.novelship.com\/product\/rich_mnisi_x_adidas_superstar__pride__id7493_0_85171.png;https:\/\/images.novelship.com\/product\/rich_mnisi_x_adidas_superstar__pride__id7493_1_85172.png;https:\/\/images.novelship.com\/product\/rich_mnisi_x_adidas_superstar__pride__id7493_2_85172.png;https:\/\/images.novelship.com\/product\/rich_mnisi_x_adidas_superstar__pride__id7493_3_85172.png;https:\/\/images.novelship.com\/product\/rich_mnisi_x_adidas_superstar__pride__id7493_4_85172.png;https:\/\/images.novelship.com\/product\/rich_mnisi_x_adidas_superstar__pride__id7493_5_85172.png\"},{\"@type\":\"BreadcrumbList\",\"@id\":\"https:\/\/tourcruiser.com\/fr\/products\/rich-mnisi-x-adidas-superstar-pride-id7493\/#breadcrumb\",\"itemListElement\":[{\"@type\":\"ListItem\",\"position\":1,\"name\":\"Home\",\"item\":\"https:\/\/tourcruiser.com\/fr\/\"},{\"@type\":\"ListItem\",\"position\":2,\"name\":\"Shop\",\"item\":\"https:\/\/tourcruiser.com\/fr\/shop\/\"},{\"@type\":\"ListItem\",\"position\":3,\"name\":\"Rich Mnisi x adidas Superstar &#8216;Pride&#8217; ID7493\"}]},{\"@type\":\"WebSite\",\"@id\":\"\/#website\",\"url\":\"\/\",\"name\":\"Styloral Jewelry Shop\",\"description\":\"Tourcruiser Sneaker Store \u2014 L\u2019endroit o\u00f9 l\u2019univers rencontre votre singularit\u00e9.\",\"publisher\":{\"@id\":\"\/#organization\"},\"potentialAction\":[{\"@type\":\"SearchAction\",\"target\":{\"@type\":\"EntryPoint\",\"urlTemplate\":\"\/?s={search_term_string}\"},\"query-input\":{\"@type\":\"PropertyValueSpecification\",\"valueRequired\":true,\"valueName\":\"search_term_string\"}}],\"inLanguage\":\"fr-FR\"},{\"@type\":\"Organization\",\"@id\":\"\/#organization\",\"name\":\"STYLORAL PTE. LTD\",\"url\":\"\/\",\"logo\":{\"@type\":\"ImageObject\",\"inLanguage\":\"fr-FR\",\"@id\":\"\/#\/schema\/logo\/image\/\",\"url\":\"https:\/\/www.tourcruiser.com\/wp-content\/uploads\/2025\/12\/logo.png\",\"contentUrl\":\"https:\/\/www.tourcruiser.com\/wp-content\/uploads\/2025\/12\/logo.png\",\"width\":200,\"height\":65,\"caption\":\"STYLORAL PTE. LTD\"},\"image\":{\"@id\":\"\/#\/schema\/logo\/image\/\"}}]}<\/script>\n<!-- \/ Yoast SEO plugin. -->","yoast_head_json":{"title":"Rich Mnisi x adidas Superstar 'Pride' ID7493 - TOURCRUISER PTE. LTD","robots":{"index":"index","follow":"follow","max-snippet":"max-snippet:-1","max-image-preview":"max-image-preview:large","max-video-preview":"max-video-preview:-1"},"canonical":"https:\/\/tourcruiser.com\/fr\/products\/rich-mnisi-x-adidas-superstar-pride-id7493\/","og_locale":"fr_FR","og_type":"article","og_title":"Rich Mnisi x adidas Superstar 'Pride' ID7493 - TOURCRUISER PTE. LTD","og_description":"D\u00e9couvrez les sneakers Rich Mnisi x adidas Superstar Pride. Con\u00e7ues par la marque embl\u00e9matique adidas en collaboration avec le cr\u00e9ateur de mode Rich Mnisi, ces sneakers arborent un design unique et styl\u00e9, inspir\u00e9 par la fiert\u00e9 LGBTQ+. Elles sont parfaites pour affirmer votre style tout en soutenant une bonne cause. Ces sneakers sont non seulement [&hellip;]","og_url":"https:\/\/tourcruiser.com\/fr\/products\/rich-mnisi-x-adidas-superstar-pride-id7493\/","og_site_name":"Tourcruiser Sneaker Store","article_modified_time":"2026-04-17T15:46:09+00:00","twitter_card":"summary_large_image","twitter_image":"https:\/\/images.novelship.com\/product\/rich_mnisi_x_adidas_superstar__pride__id7493_0_85171.png;https:\/\/images.novelship.com\/product\/rich_mnisi_x_adidas_superstar__pride__id7493_1_85172.png;https:\/\/images.novelship.com\/product\/rich_mnisi_x_adidas_superstar__pride__id7493_2_85172.png;https:\/\/images.novelship.com\/product\/rich_mnisi_x_adidas_superstar__pride__id7493_3_85172.png;https:\/\/images.novelship.com\/product\/rich_mnisi_x_adidas_superstar__pride__id7493_4_85172.png;https:\/\/images.novelship.com\/product\/rich_mnisi_x_adidas_superstar__pride__id7493_5_85172.png","twitter_misc":{"Dur\u00e9e de lecture estim\u00e9e":"1 minute"},"schema":{"@context":"https:\/\/schema.org","@graph":[{"@type":"WebPage","@id":"https:\/\/tourcruiser.com\/fr\/products\/rich-mnisi-x-adidas-superstar-pride-id7493\/","url":"https:\/\/tourcruiser.com\/fr\/products\/rich-mnisi-x-adidas-superstar-pride-id7493\/","name":"Rich Mnisi x adidas Superstar 'Pride' ID7493 - TOURCRUISER PTE. LTD","isPartOf":{"@id":"\/#website"},"primaryImageOfPage":{"@id":"https:\/\/tourcruiser.com\/fr\/products\/rich-mnisi-x-adidas-superstar-pride-id7493\/#primaryimage"},"image":{"@id":"https:\/\/tourcruiser.com\/fr\/products\/rich-mnisi-x-adidas-superstar-pride-id7493\/#primaryimage"},"thumbnailUrl":"https:\/\/images.novelship.com\/product\/rich_mnisi_x_adidas_superstar__pride__id7493_0_85171.png;https:\/\/images.novelship.com\/product\/rich_mnisi_x_adidas_superstar__pride__id7493_1_85172.png;https:\/\/images.novelship.com\/product\/rich_mnisi_x_adidas_superstar__pride__id7493_2_85172.png;https:\/\/images.novelship.com\/product\/rich_mnisi_x_adidas_superstar__pride__id7493_3_85172.png;https:\/\/images.novelship.com\/product\/rich_mnisi_x_adidas_superstar__pride__id7493_4_85172.png;https:\/\/images.novelship.com\/product\/rich_mnisi_x_adidas_superstar__pride__id7493_5_85172.png","datePublished":"2026-04-16T10:06:19+00:00","dateModified":"2026-04-17T15:46:09+00:00","breadcrumb":{"@id":"https:\/\/tourcruiser.com\/fr\/products\/rich-mnisi-x-adidas-superstar-pride-id7493\/#breadcrumb"},"inLanguage":"fr-FR","potentialAction":[{"@type":"ReadAction","target":["https:\/\/tourcruiser.com\/fr\/products\/rich-mnisi-x-adidas-superstar-pride-id7493\/"]}]},{"@type":"ImageObject","inLanguage":"fr-FR","@id":"https:\/\/tourcruiser.com\/fr\/products\/rich-mnisi-x-adidas-superstar-pride-id7493\/#primaryimage","url":"https:\/\/images.novelship.com\/product\/rich_mnisi_x_adidas_superstar__pride__id7493_0_85171.png;https:\/\/images.novelship.com\/product\/rich_mnisi_x_adidas_superstar__pride__id7493_1_85172.png;https:\/\/images.novelship.com\/product\/rich_mnisi_x_adidas_superstar__pride__id7493_2_85172.png;https:\/\/images.novelship.com\/product\/rich_mnisi_x_adidas_superstar__pride__id7493_3_85172.png;https:\/\/images.novelship.com\/product\/rich_mnisi_x_adidas_superstar__pride__id7493_4_85172.png;https:\/\/images.novelship.com\/product\/rich_mnisi_x_adidas_superstar__pride__id7493_5_85172.png","contentUrl":"https:\/\/images.novelship.com\/product\/rich_mnisi_x_adidas_superstar__pride__id7493_0_85171.png;https:\/\/images.novelship.com\/product\/rich_mnisi_x_adidas_superstar__pride__id7493_1_85172.png;https:\/\/images.novelship.com\/product\/rich_mnisi_x_adidas_superstar__pride__id7493_2_85172.png;https:\/\/images.novelship.com\/product\/rich_mnisi_x_adidas_superstar__pride__id7493_3_85172.png;https:\/\/images.novelship.com\/product\/rich_mnisi_x_adidas_superstar__pride__id7493_4_85172.png;https:\/\/images.novelship.com\/product\/rich_mnisi_x_adidas_superstar__pride__id7493_5_85172.png"},{"@type":"BreadcrumbList","@id":"https:\/\/tourcruiser.com\/fr\/products\/rich-mnisi-x-adidas-superstar-pride-id7493\/#breadcrumb","itemListElement":[{"@type":"ListItem","position":1,"name":"Home","item":"https:\/\/tourcruiser.com\/fr\/"},{"@type":"ListItem","position":2,"name":"Shop","item":"https:\/\/tourcruiser.com\/fr\/shop\/"},{"@type":"ListItem","position":3,"name":"Rich Mnisi x adidas Superstar &#8216;Pride&#8217; ID7493"}]},{"@type":"WebSite","@id":"\/#website","url":"\/","name":"Styloral Jewelry Shop","description":"Tourcruiser Sneaker Store \u2014 L\u2019endroit o\u00f9 l\u2019univers rencontre votre singularit\u00e9.","publisher":{"@id":"\/#organization"},"potentialAction":[{"@type":"SearchAction","target":{"@type":"EntryPoint","urlTemplate":"\/?s={search_term_string}"},"query-input":{"@type":"PropertyValueSpecification","valueRequired":true,"valueName":"search_term_string"}}],"inLanguage":"fr-FR"},{"@type":"Organization","@id":"\/#organization","name":"STYLORAL PTE. LTD","url":"\/","logo":{"@type":"ImageObject","inLanguage":"fr-FR","@id":"\/#\/schema\/logo\/image\/","url":"https:\/\/www.tourcruiser.com\/wp-content\/uploads\/2025\/12\/logo.png","contentUrl":"https:\/\/www.tourcruiser.com\/wp-content\/uploads\/2025\/12\/logo.png","width":200,"height":65,"caption":"STYLORAL PTE. LTD"},"image":{"@id":"\/#\/schema\/logo\/image\/"}}]}},"_links":{"self":[{"href":"https:\/\/tourcruiser.com\/fr\/wp-json\/wp\/v2\/product\/756557","targetHints":{"allow":["GET"]}}],"collection":[{"href":"https:\/\/tourcruiser.com\/fr\/wp-json\/wp\/v2\/product"}],"about":[{"href":"https:\/\/tourcruiser.com\/fr\/wp-json\/wp\/v2\/types\/product"}],"replies":[{"embeddable":true,"href":"https:\/\/tourcruiser.com\/fr\/wp-json\/wp\/v2\/comments?post=756557"}],"wp:featuredmedia":[{"embeddable":true,"href":"https:\/\/tourcruiser.com\/fr\/wp-json\/wp\/v2\/media\/756558"}],"wp:attachment":[{"href":"https:\/\/tourcruiser.com\/fr\/wp-json\/wp\/v2\/media?parent=756557"}],"wp:term":[{"taxonomy":"product_brand","embeddable":true,"href":"https:\/\/tourcruiser.com\/fr\/wp-json\/wp\/v2\/product_brand?post=756557"},{"taxonomy":"product_cat","embeddable":true,"href":"https:\/\/tourcruiser.com\/fr\/wp-json\/wp\/v2\/product_cat?post=756557"},{"taxonomy":"product_tag","embeddable":true,"href":"https:\/\/tourcruiser.com\/fr\/wp-json\/wp\/v2\/product_tag?post=756557"}],"curies":[{"name":"wp","href":"https:\/\/api.w.org\/{rel}","templated":true}]}}