{"id":756352,"date":"2026-04-16T17:06:11","date_gmt":"2026-04-16T10:06:11","guid":{"rendered":"http:\/\/tourcruiser.com\/product\/nike-air-zoom-rival-fly-3-ekiden-zoom-pack-ct2405-301"},"modified":"2026-04-17T22:45:49","modified_gmt":"2026-04-17T15:45:49","slug":"nike-air-zoom-rival-fly-3-ekiden-zoom-pack-ct2405-301","status":"publish","type":"product","link":"https:\/\/tourcruiser.com\/fr\/products\/nike-air-zoom-rival-fly-3-ekiden-zoom-pack-ct2405-301\/","title":{"rendered":"Nike Air Zoom Rival Fly 3 &lsquo;Ekiden Zoom Pack&rsquo; CT2405-301"},"content":{"rendered":"<p>Optimisez vos performances en course \u00e0 pied avec la Nike Air Zoom Rival Fly 3 \u00ab\u00a0Ekiden Zoom Pack\u00a0\u00bb. Con\u00e7ue pour la vitesse et l&rsquo;agilit\u00e9, cette chaussure de running est dot\u00e9e d&rsquo;une empeigne en mesh l\u00e9ger pour une respirabilit\u00e9 et un maintien optimaux. Les unit\u00e9s Zoom Air \u00e0 l&rsquo;avant-pied et au talon offrent un amorti r\u00e9actif, tandis que la plaque en fibre de carbone vous propulse vers l&rsquo;avant \u00e0 chaque foul\u00e9e. Son coloris dynamique, inspir\u00e9 de la course de relais Ekiden, apporte une touche de style \u00e0 vos performances. D\u00e9couvrez une vitesse et un confort in\u00e9gal\u00e9s avec la Nike Air Zoom Rival Fly 3 \u00ab\u00a0Ekiden Zoom Pack\u00a0\u00bb.<\/p>\n<p>Coloris\u00a0: Vert lumineux\/Volt\/Citron vert\/Noir<\/p>\n<p>Code article\u00a0: CT2405-301<br \/>\nEmpeigne\u00a0: Mesh<br \/>\nSemelle interm\u00e9diaire\u00a0: Zoom Air<\/p>\n<p>Couleur\u00a0: Jaune<\/p>\n<p>\u00c2ge\u00a0: Adulte<\/p>\n<p>Couleur\u00a0: Jaune<\/p>\n<p>Genre\u00a0: Homme<\/p>\n","protected":false},"excerpt":{"rendered":"<p>Optimisez vos performances en course \u00e0 pied avec la Nike Air Zoom Rival Fly 3 \u00ab\u00a0Ekiden Zoom Pack\u00a0\u00bb. Con\u00e7ue pour la vitesse et l&rsquo;agilit\u00e9, cette chaussure de running est dot\u00e9e d&rsquo;une empeigne en mesh l\u00e9ger pour une respirabilit\u00e9 et un maintien optimaux. Les unit\u00e9s Zoom Air \u00e0 l&rsquo;avant-pied et au talon offrent un amorti r\u00e9actif, [&hellip;]<\/p>\n","protected":false},"featured_media":756353,"comment_status":"open","ping_status":"closed","template":"","meta":[],"product_brand":[],"product_cat":[10803],"product_tag":[38847,38842,11053,10801,10839,10840,38866,38844,38845],"class_list":{"0":"post-756352","1":"product","2":"type-product","3":"status-publish","4":"has-post-thumbnail","6":"product_cat-nike","7":"product_tag-below-the-regular-price","8":"product_tag-gift-idea-for-him","9":"product_tag-lightweight-running-shoes","10":"product_tag-nike","11":"product_tag-performance-running-shoes","12":"product_tag-running-shoes","13":"product_tag-sports-shoes","14":"product_tag-top-offers","15":"product_tag-top-offers-under-a-150","16":"wcpa_has_options","18":"first","19":"instock","20":"taxable","21":"shipping-taxable","22":"purchasable","23":"product-type-simple"},"wcpa_form_fields":{"rules":{"pric_overide_base_price":false,"pric_overide_base_price_if_gt_zero":false,"pric_overide_base_price_fully":false,"pric_cal_option_once":false,"pric_use_as_fee":false,"bind_quantity":false,"quantity_bind_formula":false},"fields":[{"type":"color-group","required":true,"elementId":"wcpa-color-group-66c4a75505e74","label":"Taille","inline":true,"priceOptions":"different_for_all","pricingType":"fixed","className":"hassizechart product-shoes-size-eu product-shoes-size","name":"color-group-66c4a75505e89","disp_type":"square","selection_type":"tick-border","disp_size":"44","show_label_inside":true,"adjust_width":true,"cart_display_type":"text","other_text":"Other","cl_rule":"show","col":6,"values":[{"label":"35.5","value":"EU 35.5","price":"","pimage":"","pimage_id":"","pthumb":"","color":""},{"label":"36","value":"EU 36","price":"","pimage":"","pimage_id":"","pthumb":"","color":"","selected":true},{"label":"36.5","value":"EU 36.5","price":"","pimage":"","pimage_id":"","pthumb":"","color":""},{"label":"37.5","value":"EU 37.5","price":"","pimage":"","pimage_id":"","pthumb":"","color":""},{"label":"38","value":"EU 38","price":"","pimage":"","pimage_id":"","pthumb":"","color":""},{"label":"38.5","value":"EU 38.5","price":"","pimage":"","pimage_id":"","pthumb":"","color":""},{"label":"39","value":"EU 39","price":"","pimage":"","pimage_id":"","pthumb":"","color":""},{"label":"40","value":"EU 40","price":"","pimage":"","pimage_id":"","pthumb":"","color":""},{"label":"40.5","value":"EU 40.5","price":"","pimage":"","pimage_id":"","pthumb":"","color":""},{"label":"41","value":"EU 41","price":"","pimage":"","pimage_id":"","pthumb":"","color":""},{"label":"42","value":"EU 42","price":"","pimage":"","pimage_id":"","pthumb":"","color":""},{"label":"42.5","value":"EU 42.5","price":"","pimage":"","pimage_id":"","pthumb":"","color":""},{"label":"43","value":"EU 43","price":"","pimage":"","pimage_id":"","pthumb":"","color":""},{"label":"44","value":"EU 44","price":"","pimage":"","pimage_id":"","pthumb":"","color":""},{"label":"44.5","value":"EU 44.5","price":"","pimage":"","pimage_id":"","pthumb":"","color":""},{"label":"45","value":"EU 45","price":"","pimage":"","pimage_id":"","pthumb":"","color":""},{"label":"45.5","value":"EU 45.5","price":"","pimage":"","pimage_id":"","pthumb":"","color":""},{"label":"46","value":"EU 46","price":"","pimage":"","pimage_id":"","pthumb":"","color":""},{"label":"47","value":"EU 47","price":"","pimage":"","pimage_id":"","pthumb":"","color":""},{"label":"47.5","value":"EU 47.5","price":"","pimage":"","pimage_id":"","pthumb":"","color":""},{"label":"48","value":"EU 48","price":"","pimage":"","pimage_id":"","pthumb":"","color":""}],"relations":[{"operator":false,"rules":[]}],"form_id":18106,"form_rules":{"pric_cal_option_once":false,"exclude_from_discount":false,"pric_use_as_fee":false,"fee_label":"Fee","render_after_acb":false,"disp_hide_options_price":false}}]},"yoast_head":"<!-- This site is optimized with the Yoast SEO plugin v26.5 - https:\/\/yoast.com\/wordpress\/plugins\/seo\/ -->\n<title>Nike Air Zoom Rival Fly 3 &#039;Ekiden Zoom Pack&#039; CT2405-301 - TOURCRUISER PTE. LTD<\/title>\n<meta name=\"robots\" content=\"index, follow, max-snippet:-1, max-image-preview:large, max-video-preview:-1\" \/>\n<link rel=\"canonical\" href=\"https:\/\/tourcruiser.com\/fr\/products\/nike-air-zoom-rival-fly-3-ekiden-zoom-pack-ct2405-301\/\" \/>\n<meta property=\"og:locale\" content=\"fr_FR\" \/>\n<meta property=\"og:type\" content=\"article\" \/>\n<meta property=\"og:title\" content=\"Nike Air Zoom Rival Fly 3 &#039;Ekiden Zoom Pack&#039; CT2405-301 - TOURCRUISER PTE. LTD\" \/>\n<meta property=\"og:description\" content=\"Optimisez vos performances en course \u00e0 pied avec la Nike Air Zoom Rival Fly 3 \u00ab\u00a0Ekiden Zoom Pack\u00a0\u00bb. Con\u00e7ue pour la vitesse et l&rsquo;agilit\u00e9, cette chaussure de running est dot\u00e9e d&rsquo;une empeigne en mesh l\u00e9ger pour une respirabilit\u00e9 et un maintien optimaux. Les unit\u00e9s Zoom Air \u00e0 l&rsquo;avant-pied et au talon offrent un amorti r\u00e9actif, [&hellip;]\" \/>\n<meta property=\"og:url\" content=\"https:\/\/tourcruiser.com\/fr\/products\/nike-air-zoom-rival-fly-3-ekiden-zoom-pack-ct2405-301\/\" \/>\n<meta property=\"og:site_name\" content=\"Tourcruiser Sneaker Store\" \/>\n<meta property=\"article:modified_time\" content=\"2026-04-17T15:45:49+00:00\" \/>\n<meta name=\"twitter:card\" content=\"summary_large_image\" \/>\n<meta name=\"twitter:image\" content=\"https:\/\/images.novelship.com\/product\/nike_air_zoom_rival_fly_3__ekiden_zoom_pack__ct240_0_27096.jpeg;https:\/\/images.novelship.com\/product\/nike_air_zoom_rival_fly_3__ekiden_zoom_pack__ct240_1_27096.jpeg;https:\/\/images.novelship.com\/product\/nike_air_zoom_rival_fly_3__ekiden_zoom_pack__ct240_2_27096.jpeg;https:\/\/images.novelship.com\/product\/nike_air_zoom_rival_fly_3__ekiden_zoom_pack__ct240_3_27096.jpeg\" \/>\n<meta name=\"twitter:label1\" content=\"Dur\u00e9e de lecture estim\u00e9e\" \/>\n\t<meta name=\"twitter:data1\" content=\"1 minute\" \/>\n<script type=\"application\/ld+json\" class=\"yoast-schema-graph\">{\"@context\":\"https:\/\/schema.org\",\"@graph\":[{\"@type\":\"WebPage\",\"@id\":\"https:\/\/tourcruiser.com\/fr\/products\/nike-air-zoom-rival-fly-3-ekiden-zoom-pack-ct2405-301\/\",\"url\":\"https:\/\/tourcruiser.com\/fr\/products\/nike-air-zoom-rival-fly-3-ekiden-zoom-pack-ct2405-301\/\",\"name\":\"Nike Air Zoom Rival Fly 3 'Ekiden Zoom Pack' CT2405-301 - TOURCRUISER PTE. LTD\",\"isPartOf\":{\"@id\":\"\/#website\"},\"primaryImageOfPage\":{\"@id\":\"https:\/\/tourcruiser.com\/fr\/products\/nike-air-zoom-rival-fly-3-ekiden-zoom-pack-ct2405-301\/#primaryimage\"},\"image\":{\"@id\":\"https:\/\/tourcruiser.com\/fr\/products\/nike-air-zoom-rival-fly-3-ekiden-zoom-pack-ct2405-301\/#primaryimage\"},\"thumbnailUrl\":\"https:\/\/images.novelship.com\/product\/nike_air_zoom_rival_fly_3__ekiden_zoom_pack__ct240_0_27096.jpeg;https:\/\/images.novelship.com\/product\/nike_air_zoom_rival_fly_3__ekiden_zoom_pack__ct240_1_27096.jpeg;https:\/\/images.novelship.com\/product\/nike_air_zoom_rival_fly_3__ekiden_zoom_pack__ct240_2_27096.jpeg;https:\/\/images.novelship.com\/product\/nike_air_zoom_rival_fly_3__ekiden_zoom_pack__ct240_3_27096.jpeg\",\"datePublished\":\"2026-04-16T10:06:11+00:00\",\"dateModified\":\"2026-04-17T15:45:49+00:00\",\"breadcrumb\":{\"@id\":\"https:\/\/tourcruiser.com\/fr\/products\/nike-air-zoom-rival-fly-3-ekiden-zoom-pack-ct2405-301\/#breadcrumb\"},\"inLanguage\":\"fr-FR\",\"potentialAction\":[{\"@type\":\"ReadAction\",\"target\":[\"https:\/\/tourcruiser.com\/fr\/products\/nike-air-zoom-rival-fly-3-ekiden-zoom-pack-ct2405-301\/\"]}]},{\"@type\":\"ImageObject\",\"inLanguage\":\"fr-FR\",\"@id\":\"https:\/\/tourcruiser.com\/fr\/products\/nike-air-zoom-rival-fly-3-ekiden-zoom-pack-ct2405-301\/#primaryimage\",\"url\":\"https:\/\/images.novelship.com\/product\/nike_air_zoom_rival_fly_3__ekiden_zoom_pack__ct240_0_27096.jpeg;https:\/\/images.novelship.com\/product\/nike_air_zoom_rival_fly_3__ekiden_zoom_pack__ct240_1_27096.jpeg;https:\/\/images.novelship.com\/product\/nike_air_zoom_rival_fly_3__ekiden_zoom_pack__ct240_2_27096.jpeg;https:\/\/images.novelship.com\/product\/nike_air_zoom_rival_fly_3__ekiden_zoom_pack__ct240_3_27096.jpeg\",\"contentUrl\":\"https:\/\/images.novelship.com\/product\/nike_air_zoom_rival_fly_3__ekiden_zoom_pack__ct240_0_27096.jpeg;https:\/\/images.novelship.com\/product\/nike_air_zoom_rival_fly_3__ekiden_zoom_pack__ct240_1_27096.jpeg;https:\/\/images.novelship.com\/product\/nike_air_zoom_rival_fly_3__ekiden_zoom_pack__ct240_2_27096.jpeg;https:\/\/images.novelship.com\/product\/nike_air_zoom_rival_fly_3__ekiden_zoom_pack__ct240_3_27096.jpeg\"},{\"@type\":\"BreadcrumbList\",\"@id\":\"https:\/\/tourcruiser.com\/fr\/products\/nike-air-zoom-rival-fly-3-ekiden-zoom-pack-ct2405-301\/#breadcrumb\",\"itemListElement\":[{\"@type\":\"ListItem\",\"position\":1,\"name\":\"Home\",\"item\":\"https:\/\/tourcruiser.com\/fr\/\"},{\"@type\":\"ListItem\",\"position\":2,\"name\":\"Shop\",\"item\":\"https:\/\/tourcruiser.com\/fr\/shop\/\"},{\"@type\":\"ListItem\",\"position\":3,\"name\":\"Nike Air Zoom Rival Fly 3 &#8216;Ekiden Zoom Pack&#8217; CT2405-301\"}]},{\"@type\":\"WebSite\",\"@id\":\"\/#website\",\"url\":\"\/\",\"name\":\"Styloral Jewelry Shop\",\"description\":\"Tourcruiser Sneaker Store \u2014 L\u2019endroit o\u00f9 l\u2019univers rencontre votre singularit\u00e9.\",\"publisher\":{\"@id\":\"\/#organization\"},\"potentialAction\":[{\"@type\":\"SearchAction\",\"target\":{\"@type\":\"EntryPoint\",\"urlTemplate\":\"\/?s={search_term_string}\"},\"query-input\":{\"@type\":\"PropertyValueSpecification\",\"valueRequired\":true,\"valueName\":\"search_term_string\"}}],\"inLanguage\":\"fr-FR\"},{\"@type\":\"Organization\",\"@id\":\"\/#organization\",\"name\":\"STYLORAL PTE. LTD\",\"url\":\"\/\",\"logo\":{\"@type\":\"ImageObject\",\"inLanguage\":\"fr-FR\",\"@id\":\"\/#\/schema\/logo\/image\/\",\"url\":\"https:\/\/www.tourcruiser.com\/wp-content\/uploads\/2025\/12\/logo.png\",\"contentUrl\":\"https:\/\/www.tourcruiser.com\/wp-content\/uploads\/2025\/12\/logo.png\",\"width\":200,\"height\":65,\"caption\":\"STYLORAL PTE. LTD\"},\"image\":{\"@id\":\"\/#\/schema\/logo\/image\/\"}}]}<\/script>\n<!-- \/ Yoast SEO plugin. -->","yoast_head_json":{"title":"Nike Air Zoom Rival Fly 3 'Ekiden Zoom Pack' CT2405-301 - TOURCRUISER PTE. LTD","robots":{"index":"index","follow":"follow","max-snippet":"max-snippet:-1","max-image-preview":"max-image-preview:large","max-video-preview":"max-video-preview:-1"},"canonical":"https:\/\/tourcruiser.com\/fr\/products\/nike-air-zoom-rival-fly-3-ekiden-zoom-pack-ct2405-301\/","og_locale":"fr_FR","og_type":"article","og_title":"Nike Air Zoom Rival Fly 3 'Ekiden Zoom Pack' CT2405-301 - TOURCRUISER PTE. LTD","og_description":"Optimisez vos performances en course \u00e0 pied avec la Nike Air Zoom Rival Fly 3 \u00ab\u00a0Ekiden Zoom Pack\u00a0\u00bb. Con\u00e7ue pour la vitesse et l&rsquo;agilit\u00e9, cette chaussure de running est dot\u00e9e d&rsquo;une empeigne en mesh l\u00e9ger pour une respirabilit\u00e9 et un maintien optimaux. Les unit\u00e9s Zoom Air \u00e0 l&rsquo;avant-pied et au talon offrent un amorti r\u00e9actif, [&hellip;]","og_url":"https:\/\/tourcruiser.com\/fr\/products\/nike-air-zoom-rival-fly-3-ekiden-zoom-pack-ct2405-301\/","og_site_name":"Tourcruiser Sneaker Store","article_modified_time":"2026-04-17T15:45:49+00:00","twitter_card":"summary_large_image","twitter_image":"https:\/\/images.novelship.com\/product\/nike_air_zoom_rival_fly_3__ekiden_zoom_pack__ct240_0_27096.jpeg;https:\/\/images.novelship.com\/product\/nike_air_zoom_rival_fly_3__ekiden_zoom_pack__ct240_1_27096.jpeg;https:\/\/images.novelship.com\/product\/nike_air_zoom_rival_fly_3__ekiden_zoom_pack__ct240_2_27096.jpeg;https:\/\/images.novelship.com\/product\/nike_air_zoom_rival_fly_3__ekiden_zoom_pack__ct240_3_27096.jpeg","twitter_misc":{"Dur\u00e9e de lecture estim\u00e9e":"1 minute"},"schema":{"@context":"https:\/\/schema.org","@graph":[{"@type":"WebPage","@id":"https:\/\/tourcruiser.com\/fr\/products\/nike-air-zoom-rival-fly-3-ekiden-zoom-pack-ct2405-301\/","url":"https:\/\/tourcruiser.com\/fr\/products\/nike-air-zoom-rival-fly-3-ekiden-zoom-pack-ct2405-301\/","name":"Nike Air Zoom Rival Fly 3 'Ekiden Zoom Pack' CT2405-301 - TOURCRUISER PTE. LTD","isPartOf":{"@id":"\/#website"},"primaryImageOfPage":{"@id":"https:\/\/tourcruiser.com\/fr\/products\/nike-air-zoom-rival-fly-3-ekiden-zoom-pack-ct2405-301\/#primaryimage"},"image":{"@id":"https:\/\/tourcruiser.com\/fr\/products\/nike-air-zoom-rival-fly-3-ekiden-zoom-pack-ct2405-301\/#primaryimage"},"thumbnailUrl":"https:\/\/images.novelship.com\/product\/nike_air_zoom_rival_fly_3__ekiden_zoom_pack__ct240_0_27096.jpeg;https:\/\/images.novelship.com\/product\/nike_air_zoom_rival_fly_3__ekiden_zoom_pack__ct240_1_27096.jpeg;https:\/\/images.novelship.com\/product\/nike_air_zoom_rival_fly_3__ekiden_zoom_pack__ct240_2_27096.jpeg;https:\/\/images.novelship.com\/product\/nike_air_zoom_rival_fly_3__ekiden_zoom_pack__ct240_3_27096.jpeg","datePublished":"2026-04-16T10:06:11+00:00","dateModified":"2026-04-17T15:45:49+00:00","breadcrumb":{"@id":"https:\/\/tourcruiser.com\/fr\/products\/nike-air-zoom-rival-fly-3-ekiden-zoom-pack-ct2405-301\/#breadcrumb"},"inLanguage":"fr-FR","potentialAction":[{"@type":"ReadAction","target":["https:\/\/tourcruiser.com\/fr\/products\/nike-air-zoom-rival-fly-3-ekiden-zoom-pack-ct2405-301\/"]}]},{"@type":"ImageObject","inLanguage":"fr-FR","@id":"https:\/\/tourcruiser.com\/fr\/products\/nike-air-zoom-rival-fly-3-ekiden-zoom-pack-ct2405-301\/#primaryimage","url":"https:\/\/images.novelship.com\/product\/nike_air_zoom_rival_fly_3__ekiden_zoom_pack__ct240_0_27096.jpeg;https:\/\/images.novelship.com\/product\/nike_air_zoom_rival_fly_3__ekiden_zoom_pack__ct240_1_27096.jpeg;https:\/\/images.novelship.com\/product\/nike_air_zoom_rival_fly_3__ekiden_zoom_pack__ct240_2_27096.jpeg;https:\/\/images.novelship.com\/product\/nike_air_zoom_rival_fly_3__ekiden_zoom_pack__ct240_3_27096.jpeg","contentUrl":"https:\/\/images.novelship.com\/product\/nike_air_zoom_rival_fly_3__ekiden_zoom_pack__ct240_0_27096.jpeg;https:\/\/images.novelship.com\/product\/nike_air_zoom_rival_fly_3__ekiden_zoom_pack__ct240_1_27096.jpeg;https:\/\/images.novelship.com\/product\/nike_air_zoom_rival_fly_3__ekiden_zoom_pack__ct240_2_27096.jpeg;https:\/\/images.novelship.com\/product\/nike_air_zoom_rival_fly_3__ekiden_zoom_pack__ct240_3_27096.jpeg"},{"@type":"BreadcrumbList","@id":"https:\/\/tourcruiser.com\/fr\/products\/nike-air-zoom-rival-fly-3-ekiden-zoom-pack-ct2405-301\/#breadcrumb","itemListElement":[{"@type":"ListItem","position":1,"name":"Home","item":"https:\/\/tourcruiser.com\/fr\/"},{"@type":"ListItem","position":2,"name":"Shop","item":"https:\/\/tourcruiser.com\/fr\/shop\/"},{"@type":"ListItem","position":3,"name":"Nike Air Zoom Rival Fly 3 &#8216;Ekiden Zoom Pack&#8217; CT2405-301"}]},{"@type":"WebSite","@id":"\/#website","url":"\/","name":"Styloral Jewelry Shop","description":"Tourcruiser Sneaker Store \u2014 L\u2019endroit o\u00f9 l\u2019univers rencontre votre singularit\u00e9.","publisher":{"@id":"\/#organization"},"potentialAction":[{"@type":"SearchAction","target":{"@type":"EntryPoint","urlTemplate":"\/?s={search_term_string}"},"query-input":{"@type":"PropertyValueSpecification","valueRequired":true,"valueName":"search_term_string"}}],"inLanguage":"fr-FR"},{"@type":"Organization","@id":"\/#organization","name":"STYLORAL PTE. LTD","url":"\/","logo":{"@type":"ImageObject","inLanguage":"fr-FR","@id":"\/#\/schema\/logo\/image\/","url":"https:\/\/www.tourcruiser.com\/wp-content\/uploads\/2025\/12\/logo.png","contentUrl":"https:\/\/www.tourcruiser.com\/wp-content\/uploads\/2025\/12\/logo.png","width":200,"height":65,"caption":"STYLORAL PTE. LTD"},"image":{"@id":"\/#\/schema\/logo\/image\/"}}]}},"_links":{"self":[{"href":"https:\/\/tourcruiser.com\/fr\/wp-json\/wp\/v2\/product\/756352","targetHints":{"allow":["GET"]}}],"collection":[{"href":"https:\/\/tourcruiser.com\/fr\/wp-json\/wp\/v2\/product"}],"about":[{"href":"https:\/\/tourcruiser.com\/fr\/wp-json\/wp\/v2\/types\/product"}],"replies":[{"embeddable":true,"href":"https:\/\/tourcruiser.com\/fr\/wp-json\/wp\/v2\/comments?post=756352"}],"wp:featuredmedia":[{"embeddable":true,"href":"https:\/\/tourcruiser.com\/fr\/wp-json\/wp\/v2\/media\/756353"}],"wp:attachment":[{"href":"https:\/\/tourcruiser.com\/fr\/wp-json\/wp\/v2\/media?parent=756352"}],"wp:term":[{"taxonomy":"product_brand","embeddable":true,"href":"https:\/\/tourcruiser.com\/fr\/wp-json\/wp\/v2\/product_brand?post=756352"},{"taxonomy":"product_cat","embeddable":true,"href":"https:\/\/tourcruiser.com\/fr\/wp-json\/wp\/v2\/product_cat?post=756352"},{"taxonomy":"product_tag","embeddable":true,"href":"https:\/\/tourcruiser.com\/fr\/wp-json\/wp\/v2\/product_tag?post=756352"}],"curies":[{"name":"wp","href":"https:\/\/api.w.org\/{rel}","templated":true}]}}