{"id":755882,"date":"2026-04-16T17:05:53","date_gmt":"2026-04-16T10:05:53","guid":{"rendered":"http:\/\/tourcruiser.com\/product\/grade-school-air-jordan-1-mid-greyscale-554725-078"},"modified":"2026-04-17T22:45:04","modified_gmt":"2026-04-17T15:45:04","slug":"grade-school-air-jordan-1-mid-greyscale-554725-078","status":"publish","type":"product","link":"https:\/\/tourcruiser.com\/fr\/products\/grade-school-air-jordan-1-mid-greyscale-554725-078\/","title":{"rendered":"(Grade School) Air Jordan 1 Mid &lsquo;Greyscale&rsquo; 554725-078"},"content":{"rendered":"<p>D\u00e9couvrez la Air Jordan 1 Mid Greyscale de Jordan. Cette sneaker styl\u00e9e arbore un design \u00e9l\u00e9gant en nuances de gris qui s&rsquo;accorde avec toutes vos tenues. Avec son logo Air Jordan embl\u00e9matique et son confort optimal, elle est parfaite pour un look d\u00e9contract\u00e9 comme pour le sport. Ajoutez ce mod\u00e8le Jordan classique \u00e0 votre collection\u00a0!<\/p>\n<p>\u2026 \u00c2ge\u00a0: Adulte<br \/>\nCouleur\u00a0: Gris<br \/>\nGenre\u00a0: Jeune<\/p>\n","protected":false},"excerpt":{"rendered":"<p>D\u00e9couvrez la Air Jordan 1 Mid Greyscale de Jordan. Cette sneaker styl\u00e9e arbore un design \u00e9l\u00e9gant en nuances de gris qui s&rsquo;accorde avec toutes vos tenues. Avec son logo Air Jordan embl\u00e9matique et son confort optimal, elle est parfaite pour un look d\u00e9contract\u00e9 comme pour le sport. Ajoutez ce mod\u00e8le Jordan classique \u00e0 votre collection\u00a0! [&hellip;]<\/p>\n","protected":false},"featured_media":755883,"comment_status":"open","ping_status":"closed","template":"","meta":[],"product_brand":[],"product_cat":[38880],"product_tag":[10750,38855,38988,10776,11349,38875,10756,39039,38902,38936],"class_list":{"0":"post-755882","1":"product","2":"type-product","3":"status-publish","4":"has-post-thumbnail","6":"product_cat-jordan","7":"product_tag-athleisure-shoes","8":"product_tag-below-the-regular-retail-price","9":"product_tag-casual-shoes-for-kids","10":"product_tag-jordan","11":"product_tag-jordan-basketball-shoes","12":"product_tag-jordan-skateboard-shoes","13":"product_tag-retro-casual-shoes","14":"product_tag-sneakers-for-kids","15":"product_tag-trendy-offers","16":"product_tag-trendy-offers-under-a-150","18":"first","19":"instock","20":"taxable","21":"shipping-taxable","22":"purchasable","23":"product-type-simple"},"wcpa_form_fields":null,"yoast_head":"<!-- This site is optimized with the Yoast SEO plugin v26.5 - https:\/\/yoast.com\/wordpress\/plugins\/seo\/ -->\n<title>(Grade School) Air Jordan 1 Mid &#039;Greyscale&#039; 554725-078 - TOURCRUISER PTE. LTD<\/title>\n<meta name=\"robots\" content=\"index, follow, max-snippet:-1, max-image-preview:large, max-video-preview:-1\" \/>\n<link rel=\"canonical\" href=\"https:\/\/tourcruiser.com\/fr\/products\/grade-school-air-jordan-1-mid-greyscale-554725-078\/\" \/>\n<meta property=\"og:locale\" content=\"fr_FR\" \/>\n<meta property=\"og:type\" content=\"article\" \/>\n<meta property=\"og:title\" content=\"(Grade School) Air Jordan 1 Mid &#039;Greyscale&#039; 554725-078 - TOURCRUISER PTE. LTD\" \/>\n<meta property=\"og:description\" content=\"D\u00e9couvrez la Air Jordan 1 Mid Greyscale de Jordan. Cette sneaker styl\u00e9e arbore un design \u00e9l\u00e9gant en nuances de gris qui s&rsquo;accorde avec toutes vos tenues. Avec son logo Air Jordan embl\u00e9matique et son confort optimal, elle est parfaite pour un look d\u00e9contract\u00e9 comme pour le sport. Ajoutez ce mod\u00e8le Jordan classique \u00e0 votre collection\u00a0! [&hellip;]\" \/>\n<meta property=\"og:url\" content=\"https:\/\/tourcruiser.com\/fr\/products\/grade-school-air-jordan-1-mid-greyscale-554725-078\/\" \/>\n<meta property=\"og:site_name\" content=\"Tourcruiser Sneaker Store\" \/>\n<meta property=\"article:modified_time\" content=\"2026-04-17T15:45:04+00:00\" \/>\n<meta name=\"twitter:card\" content=\"summary_large_image\" \/>\n<meta name=\"twitter:image\" content=\"https:\/\/images.novelship.com\/product\/_grade_school__air_jordan_1_mid__greyscale__554725_0_49556.jpeg;https:\/\/images.novelship.com\/product\/_grade_school__air_jordan_1_mid__greyscale__554725_1_49556.jpeg;https:\/\/images.novelship.com\/product\/_grade_school__air_jordan_1_mid__greyscale__554725_2_49556.jpeg;https:\/\/images.novelship.com\/product\/_grade_school__air_jordan_1_mid__greyscale__554725_3_49556.jpeg;https:\/\/images.novelship.com\/product\/_grade_school__air_jordan_1_mid__greyscale__554725_4_49556.jpeg;https:\/\/images.novelship.com\/product\/_grade_school__air_jordan_1_mid__greyscale__554725_5_49556.jpeg;https:\/\/images.novelship.com\/product\/_grade_school__air_jordan_1_mid__greyscale__554725_6_49556.jpeg;https:\/\/images.novelship.com\/product\/_grade_school__air_jordan_1_mid__greyscale__554725_7_49556.jpeg\" \/>\n<script type=\"application\/ld+json\" class=\"yoast-schema-graph\">{\"@context\":\"https:\/\/schema.org\",\"@graph\":[{\"@type\":\"WebPage\",\"@id\":\"https:\/\/tourcruiser.com\/fr\/products\/grade-school-air-jordan-1-mid-greyscale-554725-078\/\",\"url\":\"https:\/\/tourcruiser.com\/fr\/products\/grade-school-air-jordan-1-mid-greyscale-554725-078\/\",\"name\":\"(Grade School) Air Jordan 1 Mid 'Greyscale' 554725-078 - TOURCRUISER PTE. LTD\",\"isPartOf\":{\"@id\":\"\/#website\"},\"primaryImageOfPage\":{\"@id\":\"https:\/\/tourcruiser.com\/fr\/products\/grade-school-air-jordan-1-mid-greyscale-554725-078\/#primaryimage\"},\"image\":{\"@id\":\"https:\/\/tourcruiser.com\/fr\/products\/grade-school-air-jordan-1-mid-greyscale-554725-078\/#primaryimage\"},\"thumbnailUrl\":\"https:\/\/images.novelship.com\/product\/_grade_school__air_jordan_1_mid__greyscale__554725_0_49556.jpeg;https:\/\/images.novelship.com\/product\/_grade_school__air_jordan_1_mid__greyscale__554725_1_49556.jpeg;https:\/\/images.novelship.com\/product\/_grade_school__air_jordan_1_mid__greyscale__554725_2_49556.jpeg;https:\/\/images.novelship.com\/product\/_grade_school__air_jordan_1_mid__greyscale__554725_3_49556.jpeg;https:\/\/images.novelship.com\/product\/_grade_school__air_jordan_1_mid__greyscale__554725_4_49556.jpeg;https:\/\/images.novelship.com\/product\/_grade_school__air_jordan_1_mid__greyscale__554725_5_49556.jpeg;https:\/\/images.novelship.com\/product\/_grade_school__air_jordan_1_mid__greyscale__554725_6_49556.jpeg;https:\/\/images.novelship.com\/product\/_grade_school__air_jordan_1_mid__greyscale__554725_7_49556.jpeg\",\"datePublished\":\"2026-04-16T10:05:53+00:00\",\"dateModified\":\"2026-04-17T15:45:04+00:00\",\"breadcrumb\":{\"@id\":\"https:\/\/tourcruiser.com\/fr\/products\/grade-school-air-jordan-1-mid-greyscale-554725-078\/#breadcrumb\"},\"inLanguage\":\"fr-FR\",\"potentialAction\":[{\"@type\":\"ReadAction\",\"target\":[\"https:\/\/tourcruiser.com\/fr\/products\/grade-school-air-jordan-1-mid-greyscale-554725-078\/\"]}]},{\"@type\":\"ImageObject\",\"inLanguage\":\"fr-FR\",\"@id\":\"https:\/\/tourcruiser.com\/fr\/products\/grade-school-air-jordan-1-mid-greyscale-554725-078\/#primaryimage\",\"url\":\"https:\/\/images.novelship.com\/product\/_grade_school__air_jordan_1_mid__greyscale__554725_0_49556.jpeg;https:\/\/images.novelship.com\/product\/_grade_school__air_jordan_1_mid__greyscale__554725_1_49556.jpeg;https:\/\/images.novelship.com\/product\/_grade_school__air_jordan_1_mid__greyscale__554725_2_49556.jpeg;https:\/\/images.novelship.com\/product\/_grade_school__air_jordan_1_mid__greyscale__554725_3_49556.jpeg;https:\/\/images.novelship.com\/product\/_grade_school__air_jordan_1_mid__greyscale__554725_4_49556.jpeg;https:\/\/images.novelship.com\/product\/_grade_school__air_jordan_1_mid__greyscale__554725_5_49556.jpeg;https:\/\/images.novelship.com\/product\/_grade_school__air_jordan_1_mid__greyscale__554725_6_49556.jpeg;https:\/\/images.novelship.com\/product\/_grade_school__air_jordan_1_mid__greyscale__554725_7_49556.jpeg\",\"contentUrl\":\"https:\/\/images.novelship.com\/product\/_grade_school__air_jordan_1_mid__greyscale__554725_0_49556.jpeg;https:\/\/images.novelship.com\/product\/_grade_school__air_jordan_1_mid__greyscale__554725_1_49556.jpeg;https:\/\/images.novelship.com\/product\/_grade_school__air_jordan_1_mid__greyscale__554725_2_49556.jpeg;https:\/\/images.novelship.com\/product\/_grade_school__air_jordan_1_mid__greyscale__554725_3_49556.jpeg;https:\/\/images.novelship.com\/product\/_grade_school__air_jordan_1_mid__greyscale__554725_4_49556.jpeg;https:\/\/images.novelship.com\/product\/_grade_school__air_jordan_1_mid__greyscale__554725_5_49556.jpeg;https:\/\/images.novelship.com\/product\/_grade_school__air_jordan_1_mid__greyscale__554725_6_49556.jpeg;https:\/\/images.novelship.com\/product\/_grade_school__air_jordan_1_mid__greyscale__554725_7_49556.jpeg\"},{\"@type\":\"BreadcrumbList\",\"@id\":\"https:\/\/tourcruiser.com\/fr\/products\/grade-school-air-jordan-1-mid-greyscale-554725-078\/#breadcrumb\",\"itemListElement\":[{\"@type\":\"ListItem\",\"position\":1,\"name\":\"Home\",\"item\":\"https:\/\/tourcruiser.com\/fr\/\"},{\"@type\":\"ListItem\",\"position\":2,\"name\":\"Shop\",\"item\":\"https:\/\/tourcruiser.com\/fr\/shop\/\"},{\"@type\":\"ListItem\",\"position\":3,\"name\":\"(Grade School) Air Jordan 1 Mid &#8216;Greyscale&#8217; 554725-078\"}]},{\"@type\":\"WebSite\",\"@id\":\"\/#website\",\"url\":\"\/\",\"name\":\"Styloral Jewelry Shop\",\"description\":\"Tourcruiser Sneaker Store \u2014 L\u2019endroit o\u00f9 l\u2019univers rencontre votre singularit\u00e9.\",\"publisher\":{\"@id\":\"\/#organization\"},\"potentialAction\":[{\"@type\":\"SearchAction\",\"target\":{\"@type\":\"EntryPoint\",\"urlTemplate\":\"\/?s={search_term_string}\"},\"query-input\":{\"@type\":\"PropertyValueSpecification\",\"valueRequired\":true,\"valueName\":\"search_term_string\"}}],\"inLanguage\":\"fr-FR\"},{\"@type\":\"Organization\",\"@id\":\"\/#organization\",\"name\":\"STYLORAL PTE. LTD\",\"url\":\"\/\",\"logo\":{\"@type\":\"ImageObject\",\"inLanguage\":\"fr-FR\",\"@id\":\"\/#\/schema\/logo\/image\/\",\"url\":\"https:\/\/www.tourcruiser.com\/wp-content\/uploads\/2025\/12\/logo.png\",\"contentUrl\":\"https:\/\/www.tourcruiser.com\/wp-content\/uploads\/2025\/12\/logo.png\",\"width\":200,\"height\":65,\"caption\":\"STYLORAL PTE. LTD\"},\"image\":{\"@id\":\"\/#\/schema\/logo\/image\/\"}}]}<\/script>\n<!-- \/ Yoast SEO plugin. -->","yoast_head_json":{"title":"(Grade School) Air Jordan 1 Mid 'Greyscale' 554725-078 - TOURCRUISER PTE. LTD","robots":{"index":"index","follow":"follow","max-snippet":"max-snippet:-1","max-image-preview":"max-image-preview:large","max-video-preview":"max-video-preview:-1"},"canonical":"https:\/\/tourcruiser.com\/fr\/products\/grade-school-air-jordan-1-mid-greyscale-554725-078\/","og_locale":"fr_FR","og_type":"article","og_title":"(Grade School) Air Jordan 1 Mid 'Greyscale' 554725-078 - TOURCRUISER PTE. LTD","og_description":"D\u00e9couvrez la Air Jordan 1 Mid Greyscale de Jordan. Cette sneaker styl\u00e9e arbore un design \u00e9l\u00e9gant en nuances de gris qui s&rsquo;accorde avec toutes vos tenues. Avec son logo Air Jordan embl\u00e9matique et son confort optimal, elle est parfaite pour un look d\u00e9contract\u00e9 comme pour le sport. Ajoutez ce mod\u00e8le Jordan classique \u00e0 votre collection\u00a0! [&hellip;]","og_url":"https:\/\/tourcruiser.com\/fr\/products\/grade-school-air-jordan-1-mid-greyscale-554725-078\/","og_site_name":"Tourcruiser Sneaker Store","article_modified_time":"2026-04-17T15:45:04+00:00","twitter_card":"summary_large_image","twitter_image":"https:\/\/images.novelship.com\/product\/_grade_school__air_jordan_1_mid__greyscale__554725_0_49556.jpeg;https:\/\/images.novelship.com\/product\/_grade_school__air_jordan_1_mid__greyscale__554725_1_49556.jpeg;https:\/\/images.novelship.com\/product\/_grade_school__air_jordan_1_mid__greyscale__554725_2_49556.jpeg;https:\/\/images.novelship.com\/product\/_grade_school__air_jordan_1_mid__greyscale__554725_3_49556.jpeg;https:\/\/images.novelship.com\/product\/_grade_school__air_jordan_1_mid__greyscale__554725_4_49556.jpeg;https:\/\/images.novelship.com\/product\/_grade_school__air_jordan_1_mid__greyscale__554725_5_49556.jpeg;https:\/\/images.novelship.com\/product\/_grade_school__air_jordan_1_mid__greyscale__554725_6_49556.jpeg;https:\/\/images.novelship.com\/product\/_grade_school__air_jordan_1_mid__greyscale__554725_7_49556.jpeg","schema":{"@context":"https:\/\/schema.org","@graph":[{"@type":"WebPage","@id":"https:\/\/tourcruiser.com\/fr\/products\/grade-school-air-jordan-1-mid-greyscale-554725-078\/","url":"https:\/\/tourcruiser.com\/fr\/products\/grade-school-air-jordan-1-mid-greyscale-554725-078\/","name":"(Grade School) Air Jordan 1 Mid 'Greyscale' 554725-078 - TOURCRUISER PTE. LTD","isPartOf":{"@id":"\/#website"},"primaryImageOfPage":{"@id":"https:\/\/tourcruiser.com\/fr\/products\/grade-school-air-jordan-1-mid-greyscale-554725-078\/#primaryimage"},"image":{"@id":"https:\/\/tourcruiser.com\/fr\/products\/grade-school-air-jordan-1-mid-greyscale-554725-078\/#primaryimage"},"thumbnailUrl":"https:\/\/images.novelship.com\/product\/_grade_school__air_jordan_1_mid__greyscale__554725_0_49556.jpeg;https:\/\/images.novelship.com\/product\/_grade_school__air_jordan_1_mid__greyscale__554725_1_49556.jpeg;https:\/\/images.novelship.com\/product\/_grade_school__air_jordan_1_mid__greyscale__554725_2_49556.jpeg;https:\/\/images.novelship.com\/product\/_grade_school__air_jordan_1_mid__greyscale__554725_3_49556.jpeg;https:\/\/images.novelship.com\/product\/_grade_school__air_jordan_1_mid__greyscale__554725_4_49556.jpeg;https:\/\/images.novelship.com\/product\/_grade_school__air_jordan_1_mid__greyscale__554725_5_49556.jpeg;https:\/\/images.novelship.com\/product\/_grade_school__air_jordan_1_mid__greyscale__554725_6_49556.jpeg;https:\/\/images.novelship.com\/product\/_grade_school__air_jordan_1_mid__greyscale__554725_7_49556.jpeg","datePublished":"2026-04-16T10:05:53+00:00","dateModified":"2026-04-17T15:45:04+00:00","breadcrumb":{"@id":"https:\/\/tourcruiser.com\/fr\/products\/grade-school-air-jordan-1-mid-greyscale-554725-078\/#breadcrumb"},"inLanguage":"fr-FR","potentialAction":[{"@type":"ReadAction","target":["https:\/\/tourcruiser.com\/fr\/products\/grade-school-air-jordan-1-mid-greyscale-554725-078\/"]}]},{"@type":"ImageObject","inLanguage":"fr-FR","@id":"https:\/\/tourcruiser.com\/fr\/products\/grade-school-air-jordan-1-mid-greyscale-554725-078\/#primaryimage","url":"https:\/\/images.novelship.com\/product\/_grade_school__air_jordan_1_mid__greyscale__554725_0_49556.jpeg;https:\/\/images.novelship.com\/product\/_grade_school__air_jordan_1_mid__greyscale__554725_1_49556.jpeg;https:\/\/images.novelship.com\/product\/_grade_school__air_jordan_1_mid__greyscale__554725_2_49556.jpeg;https:\/\/images.novelship.com\/product\/_grade_school__air_jordan_1_mid__greyscale__554725_3_49556.jpeg;https:\/\/images.novelship.com\/product\/_grade_school__air_jordan_1_mid__greyscale__554725_4_49556.jpeg;https:\/\/images.novelship.com\/product\/_grade_school__air_jordan_1_mid__greyscale__554725_5_49556.jpeg;https:\/\/images.novelship.com\/product\/_grade_school__air_jordan_1_mid__greyscale__554725_6_49556.jpeg;https:\/\/images.novelship.com\/product\/_grade_school__air_jordan_1_mid__greyscale__554725_7_49556.jpeg","contentUrl":"https:\/\/images.novelship.com\/product\/_grade_school__air_jordan_1_mid__greyscale__554725_0_49556.jpeg;https:\/\/images.novelship.com\/product\/_grade_school__air_jordan_1_mid__greyscale__554725_1_49556.jpeg;https:\/\/images.novelship.com\/product\/_grade_school__air_jordan_1_mid__greyscale__554725_2_49556.jpeg;https:\/\/images.novelship.com\/product\/_grade_school__air_jordan_1_mid__greyscale__554725_3_49556.jpeg;https:\/\/images.novelship.com\/product\/_grade_school__air_jordan_1_mid__greyscale__554725_4_49556.jpeg;https:\/\/images.novelship.com\/product\/_grade_school__air_jordan_1_mid__greyscale__554725_5_49556.jpeg;https:\/\/images.novelship.com\/product\/_grade_school__air_jordan_1_mid__greyscale__554725_6_49556.jpeg;https:\/\/images.novelship.com\/product\/_grade_school__air_jordan_1_mid__greyscale__554725_7_49556.jpeg"},{"@type":"BreadcrumbList","@id":"https:\/\/tourcruiser.com\/fr\/products\/grade-school-air-jordan-1-mid-greyscale-554725-078\/#breadcrumb","itemListElement":[{"@type":"ListItem","position":1,"name":"Home","item":"https:\/\/tourcruiser.com\/fr\/"},{"@type":"ListItem","position":2,"name":"Shop","item":"https:\/\/tourcruiser.com\/fr\/shop\/"},{"@type":"ListItem","position":3,"name":"(Grade School) Air Jordan 1 Mid &#8216;Greyscale&#8217; 554725-078"}]},{"@type":"WebSite","@id":"\/#website","url":"\/","name":"Styloral Jewelry Shop","description":"Tourcruiser Sneaker Store \u2014 L\u2019endroit o\u00f9 l\u2019univers rencontre votre singularit\u00e9.","publisher":{"@id":"\/#organization"},"potentialAction":[{"@type":"SearchAction","target":{"@type":"EntryPoint","urlTemplate":"\/?s={search_term_string}"},"query-input":{"@type":"PropertyValueSpecification","valueRequired":true,"valueName":"search_term_string"}}],"inLanguage":"fr-FR"},{"@type":"Organization","@id":"\/#organization","name":"STYLORAL PTE. LTD","url":"\/","logo":{"@type":"ImageObject","inLanguage":"fr-FR","@id":"\/#\/schema\/logo\/image\/","url":"https:\/\/www.tourcruiser.com\/wp-content\/uploads\/2025\/12\/logo.png","contentUrl":"https:\/\/www.tourcruiser.com\/wp-content\/uploads\/2025\/12\/logo.png","width":200,"height":65,"caption":"STYLORAL PTE. LTD"},"image":{"@id":"\/#\/schema\/logo\/image\/"}}]}},"_links":{"self":[{"href":"https:\/\/tourcruiser.com\/fr\/wp-json\/wp\/v2\/product\/755882","targetHints":{"allow":["GET"]}}],"collection":[{"href":"https:\/\/tourcruiser.com\/fr\/wp-json\/wp\/v2\/product"}],"about":[{"href":"https:\/\/tourcruiser.com\/fr\/wp-json\/wp\/v2\/types\/product"}],"replies":[{"embeddable":true,"href":"https:\/\/tourcruiser.com\/fr\/wp-json\/wp\/v2\/comments?post=755882"}],"wp:featuredmedia":[{"embeddable":true,"href":"https:\/\/tourcruiser.com\/fr\/wp-json\/wp\/v2\/media\/755883"}],"wp:attachment":[{"href":"https:\/\/tourcruiser.com\/fr\/wp-json\/wp\/v2\/media?parent=755882"}],"wp:term":[{"taxonomy":"product_brand","embeddable":true,"href":"https:\/\/tourcruiser.com\/fr\/wp-json\/wp\/v2\/product_brand?post=755882"},{"taxonomy":"product_cat","embeddable":true,"href":"https:\/\/tourcruiser.com\/fr\/wp-json\/wp\/v2\/product_cat?post=755882"},{"taxonomy":"product_tag","embeddable":true,"href":"https:\/\/tourcruiser.com\/fr\/wp-json\/wp\/v2\/product_tag?post=755882"}],"curies":[{"name":"wp","href":"https:\/\/api.w.org\/{rel}","templated":true}]}}