{"id":755564,"date":"2026-04-16T17:05:40","date_gmt":"2026-04-16T10:05:40","guid":{"rendered":"http:\/\/tourcruiser.com\/product\/nike-air-zoom-rival-fly-3-black-white-ct2405-001"},"modified":"2026-04-17T22:44:31","modified_gmt":"2026-04-17T15:44:31","slug":"nike-air-zoom-rival-fly-3-black-white-ct2405-001","status":"publish","type":"product","link":"https:\/\/tourcruiser.com\/fr\/products\/nike-air-zoom-rival-fly-3-black-white-ct2405-001\/","title":{"rendered":"Nike Air Zoom Rival Fly 3 &lsquo;Black White&rsquo; CT2405-001"},"content":{"rendered":"<p>D\u00e9couvrez la Nike Air Zoom Rival Fly 3 Noir et Blanc \u2013 une chaussure de running \u00e9l\u00e9gante et styl\u00e9e con\u00e7ue pour optimiser vos performances. Son empeigne noire rehauss\u00e9e de d\u00e9tails blancs lui conf\u00e8re un look saisissant. La technologie Air Zoom assure amorti et maintien, tandis que les c\u00e2bles Flywire garantissent un maintien s\u00fbr et confortable. Enfilez-les et profitez de l&rsquo;alliance parfaite du style et de la performance avec la Nike Air Zoom Rival Fly 3 Noir et Blanc.<\/p>\n<p>Coloris\u00a0: Noir\/Blanc\/Anthracite\/Volt<\/p>\n<p>R\u00e9f\u00e9rence\u00a0: CT2405-001<\/p>\n<p>Empeigne\u00a0: Mesh<\/p>\n<p>Semelle interm\u00e9diaire\u00a0: Zoom Air<\/p>\n<p>Saison\u00a0: Toutes saisons<\/p>\n<p>Couleur\u00a0: Noir\/Blanc\/Anthracite\/Volt<\/p>\n<p>\u00c2ge\u00a0: Adultes<\/p>\n<p>Couleur\u00a0: Blanc\/Noir\/Gris<\/p>\n<p>Genre\u00a0: Homme<\/p>\n","protected":false},"excerpt":{"rendered":"<p>D\u00e9couvrez la Nike Air Zoom Rival Fly 3 Noir et Blanc \u2013 une chaussure de running \u00e9l\u00e9gante et styl\u00e9e con\u00e7ue pour optimiser vos performances. Son empeigne noire rehauss\u00e9e de d\u00e9tails blancs lui conf\u00e8re un look saisissant. La technologie Air Zoom assure amorti et maintien, tandis que les c\u00e2bles Flywire garantissent un maintien s\u00fbr et confortable. [&hellip;]<\/p>\n","protected":false},"featured_media":755565,"comment_status":"open","ping_status":"closed","template":"","meta":[],"product_brand":[],"product_cat":[10803],"product_tag":[38861,39006,10839,38846,10840],"class_list":{"0":"post-755564","1":"product","2":"type-product","3":"status-publish","4":"has-post-thumbnail","6":"product_cat-nike","7":"product_tag-below-retail-price","8":"product_tag-gift-idea-for-him-lightweight-running-shoes-from-nike","9":"product_tag-performance-running-shoes","10":"product_tag-performance-sports-shoes","11":"product_tag-running-shoes","12":"wcpa_has_options","14":"first","15":"instock","16":"taxable","17":"shipping-taxable","18":"purchasable","19":"product-type-simple"},"wcpa_form_fields":{"rules":{"pric_overide_base_price":false,"pric_overide_base_price_if_gt_zero":false,"pric_overide_base_price_fully":false,"pric_cal_option_once":false,"pric_use_as_fee":false,"bind_quantity":false,"quantity_bind_formula":false},"fields":[{"type":"color-group","required":true,"elementId":"wcpa-color-group-66c4a75505e74","label":"Taille","inline":true,"priceOptions":"different_for_all","pricingType":"fixed","className":"hassizechart product-shoes-size-eu product-shoes-size","name":"color-group-66c4a75505e89","disp_type":"square","selection_type":"tick-border","disp_size":"44","show_label_inside":true,"adjust_width":true,"cart_display_type":"text","other_text":"Other","cl_rule":"show","col":6,"values":[{"label":"35.5","value":"EU 35.5","price":"","pimage":"","pimage_id":"","pthumb":"","color":""},{"label":"36","value":"EU 36","price":"","pimage":"","pimage_id":"","pthumb":"","color":"","selected":true},{"label":"36.5","value":"EU 36.5","price":"","pimage":"","pimage_id":"","pthumb":"","color":""},{"label":"37.5","value":"EU 37.5","price":"","pimage":"","pimage_id":"","pthumb":"","color":""},{"label":"38","value":"EU 38","price":"","pimage":"","pimage_id":"","pthumb":"","color":""},{"label":"38.5","value":"EU 38.5","price":"","pimage":"","pimage_id":"","pthumb":"","color":""},{"label":"39","value":"EU 39","price":"","pimage":"","pimage_id":"","pthumb":"","color":""},{"label":"40","value":"EU 40","price":"","pimage":"","pimage_id":"","pthumb":"","color":""},{"label":"40.5","value":"EU 40.5","price":"","pimage":"","pimage_id":"","pthumb":"","color":""},{"label":"41","value":"EU 41","price":"","pimage":"","pimage_id":"","pthumb":"","color":""},{"label":"42","value":"EU 42","price":"","pimage":"","pimage_id":"","pthumb":"","color":""},{"label":"42.5","value":"EU 42.5","price":"","pimage":"","pimage_id":"","pthumb":"","color":""},{"label":"43","value":"EU 43","price":"","pimage":"","pimage_id":"","pthumb":"","color":""},{"label":"44","value":"EU 44","price":"","pimage":"","pimage_id":"","pthumb":"","color":""},{"label":"44.5","value":"EU 44.5","price":"","pimage":"","pimage_id":"","pthumb":"","color":""},{"label":"45","value":"EU 45","price":"","pimage":"","pimage_id":"","pthumb":"","color":""},{"label":"45.5","value":"EU 45.5","price":"","pimage":"","pimage_id":"","pthumb":"","color":""},{"label":"46","value":"EU 46","price":"","pimage":"","pimage_id":"","pthumb":"","color":""},{"label":"47","value":"EU 47","price":"","pimage":"","pimage_id":"","pthumb":"","color":""},{"label":"47.5","value":"EU 47.5","price":"","pimage":"","pimage_id":"","pthumb":"","color":""},{"label":"48","value":"EU 48","price":"","pimage":"","pimage_id":"","pthumb":"","color":""}],"relations":[{"operator":false,"rules":[]}],"form_id":18106,"form_rules":{"pric_cal_option_once":false,"exclude_from_discount":false,"pric_use_as_fee":false,"fee_label":"Fee","render_after_acb":false,"disp_hide_options_price":false}}]},"yoast_head":"<!-- This site is optimized with the Yoast SEO plugin v26.5 - https:\/\/yoast.com\/wordpress\/plugins\/seo\/ -->\n<title>Nike Air Zoom Rival Fly 3 &#039;Black White&#039; CT2405-001 - TOURCRUISER PTE. LTD<\/title>\n<meta name=\"robots\" content=\"index, follow, max-snippet:-1, max-image-preview:large, max-video-preview:-1\" \/>\n<link rel=\"canonical\" href=\"https:\/\/tourcruiser.com\/fr\/products\/nike-air-zoom-rival-fly-3-black-white-ct2405-001\/\" \/>\n<meta property=\"og:locale\" content=\"fr_FR\" \/>\n<meta property=\"og:type\" content=\"article\" \/>\n<meta property=\"og:title\" content=\"Nike Air Zoom Rival Fly 3 &#039;Black White&#039; CT2405-001 - TOURCRUISER PTE. LTD\" \/>\n<meta property=\"og:description\" content=\"D\u00e9couvrez la Nike Air Zoom Rival Fly 3 Noir et Blanc \u2013 une chaussure de running \u00e9l\u00e9gante et styl\u00e9e con\u00e7ue pour optimiser vos performances. Son empeigne noire rehauss\u00e9e de d\u00e9tails blancs lui conf\u00e8re un look saisissant. La technologie Air Zoom assure amorti et maintien, tandis que les c\u00e2bles Flywire garantissent un maintien s\u00fbr et confortable. [&hellip;]\" \/>\n<meta property=\"og:url\" content=\"https:\/\/tourcruiser.com\/fr\/products\/nike-air-zoom-rival-fly-3-black-white-ct2405-001\/\" \/>\n<meta property=\"og:site_name\" content=\"Tourcruiser Sneaker Store\" \/>\n<meta property=\"article:modified_time\" content=\"2026-04-17T15:44:31+00:00\" \/>\n<meta name=\"twitter:card\" content=\"summary_large_image\" \/>\n<meta name=\"twitter:image\" content=\"https:\/\/images.novelship.com\/product\/nike_air_zoom_rival_fly_3__black_white__ct2405-001_0_76243.jpeg;https:\/\/images.novelship.com\/product\/nike_air_zoom_rival_fly_3__black_white__ct2405-001_1_76244.jpeg;https:\/\/images.novelship.com\/product\/nike_air_zoom_rival_fly_3__black_white__ct2405-001_2_76244.jpeg;https:\/\/images.novelship.com\/product\/nike_air_zoom_rival_fly_3__black_white__ct2405-001_3_76244.jpeg;https:\/\/images.novelship.com\/product\/nike_air_zoom_rival_fly_3__black_white__ct2405-001_4_76244.jpeg;https:\/\/images.novelship.com\/product\/nike_air_zoom_rival_fly_3__black_white__ct2405-001_5_76244.jpeg;https:\/\/images.novelship.com\/product\/nike_air_zoom_rival_fly_3__black_white__ct2405-001_6_76244.jpeg;https:\/\/images.novelship.com\/product\/nike_air_zoom_rival_fly_3__black_white__ct2405-001_7_76244.jpeg\" \/>\n<meta name=\"twitter:label1\" content=\"Dur\u00e9e de lecture estim\u00e9e\" \/>\n\t<meta name=\"twitter:data1\" content=\"1 minute\" \/>\n<script type=\"application\/ld+json\" class=\"yoast-schema-graph\">{\"@context\":\"https:\/\/schema.org\",\"@graph\":[{\"@type\":\"WebPage\",\"@id\":\"https:\/\/tourcruiser.com\/fr\/products\/nike-air-zoom-rival-fly-3-black-white-ct2405-001\/\",\"url\":\"https:\/\/tourcruiser.com\/fr\/products\/nike-air-zoom-rival-fly-3-black-white-ct2405-001\/\",\"name\":\"Nike Air Zoom Rival Fly 3 'Black White' CT2405-001 - TOURCRUISER PTE. LTD\",\"isPartOf\":{\"@id\":\"https:\/\/tourcruiser.com\/fr\/#website\"},\"primaryImageOfPage\":{\"@id\":\"https:\/\/tourcruiser.com\/fr\/products\/nike-air-zoom-rival-fly-3-black-white-ct2405-001\/#primaryimage\"},\"image\":{\"@id\":\"https:\/\/tourcruiser.com\/fr\/products\/nike-air-zoom-rival-fly-3-black-white-ct2405-001\/#primaryimage\"},\"thumbnailUrl\":\"https:\/\/images.novelship.com\/product\/nike_air_zoom_rival_fly_3__black_white__ct2405-001_0_76243.jpeg;https:\/\/images.novelship.com\/product\/nike_air_zoom_rival_fly_3__black_white__ct2405-001_1_76244.jpeg;https:\/\/images.novelship.com\/product\/nike_air_zoom_rival_fly_3__black_white__ct2405-001_2_76244.jpeg;https:\/\/images.novelship.com\/product\/nike_air_zoom_rival_fly_3__black_white__ct2405-001_3_76244.jpeg;https:\/\/images.novelship.com\/product\/nike_air_zoom_rival_fly_3__black_white__ct2405-001_4_76244.jpeg;https:\/\/images.novelship.com\/product\/nike_air_zoom_rival_fly_3__black_white__ct2405-001_5_76244.jpeg;https:\/\/images.novelship.com\/product\/nike_air_zoom_rival_fly_3__black_white__ct2405-001_6_76244.jpeg;https:\/\/images.novelship.com\/product\/nike_air_zoom_rival_fly_3__black_white__ct2405-001_7_76244.jpeg\",\"datePublished\":\"2026-04-16T10:05:40+00:00\",\"dateModified\":\"2026-04-17T15:44:31+00:00\",\"breadcrumb\":{\"@id\":\"https:\/\/tourcruiser.com\/fr\/products\/nike-air-zoom-rival-fly-3-black-white-ct2405-001\/#breadcrumb\"},\"inLanguage\":\"fr-FR\",\"potentialAction\":[{\"@type\":\"ReadAction\",\"target\":[\"https:\/\/tourcruiser.com\/fr\/products\/nike-air-zoom-rival-fly-3-black-white-ct2405-001\/\"]}]},{\"@type\":\"ImageObject\",\"inLanguage\":\"fr-FR\",\"@id\":\"https:\/\/tourcruiser.com\/fr\/products\/nike-air-zoom-rival-fly-3-black-white-ct2405-001\/#primaryimage\",\"url\":\"https:\/\/images.novelship.com\/product\/nike_air_zoom_rival_fly_3__black_white__ct2405-001_0_76243.jpeg;https:\/\/images.novelship.com\/product\/nike_air_zoom_rival_fly_3__black_white__ct2405-001_1_76244.jpeg;https:\/\/images.novelship.com\/product\/nike_air_zoom_rival_fly_3__black_white__ct2405-001_2_76244.jpeg;https:\/\/images.novelship.com\/product\/nike_air_zoom_rival_fly_3__black_white__ct2405-001_3_76244.jpeg;https:\/\/images.novelship.com\/product\/nike_air_zoom_rival_fly_3__black_white__ct2405-001_4_76244.jpeg;https:\/\/images.novelship.com\/product\/nike_air_zoom_rival_fly_3__black_white__ct2405-001_5_76244.jpeg;https:\/\/images.novelship.com\/product\/nike_air_zoom_rival_fly_3__black_white__ct2405-001_6_76244.jpeg;https:\/\/images.novelship.com\/product\/nike_air_zoom_rival_fly_3__black_white__ct2405-001_7_76244.jpeg\",\"contentUrl\":\"https:\/\/images.novelship.com\/product\/nike_air_zoom_rival_fly_3__black_white__ct2405-001_0_76243.jpeg;https:\/\/images.novelship.com\/product\/nike_air_zoom_rival_fly_3__black_white__ct2405-001_1_76244.jpeg;https:\/\/images.novelship.com\/product\/nike_air_zoom_rival_fly_3__black_white__ct2405-001_2_76244.jpeg;https:\/\/images.novelship.com\/product\/nike_air_zoom_rival_fly_3__black_white__ct2405-001_3_76244.jpeg;https:\/\/images.novelship.com\/product\/nike_air_zoom_rival_fly_3__black_white__ct2405-001_4_76244.jpeg;https:\/\/images.novelship.com\/product\/nike_air_zoom_rival_fly_3__black_white__ct2405-001_5_76244.jpeg;https:\/\/images.novelship.com\/product\/nike_air_zoom_rival_fly_3__black_white__ct2405-001_6_76244.jpeg;https:\/\/images.novelship.com\/product\/nike_air_zoom_rival_fly_3__black_white__ct2405-001_7_76244.jpeg\"},{\"@type\":\"BreadcrumbList\",\"@id\":\"https:\/\/tourcruiser.com\/fr\/products\/nike-air-zoom-rival-fly-3-black-white-ct2405-001\/#breadcrumb\",\"itemListElement\":[{\"@type\":\"ListItem\",\"position\":1,\"name\":\"Home\",\"item\":\"https:\/\/tourcruiser.com\/fr\/\"},{\"@type\":\"ListItem\",\"position\":2,\"name\":\"Shop\",\"item\":\"https:\/\/tourcruiser.com\/fr\/shop\/\"},{\"@type\":\"ListItem\",\"position\":3,\"name\":\"Nike Air Zoom Rival Fly 3 &#8216;Black White&#8217; CT2405-001\"}]},{\"@type\":\"WebSite\",\"@id\":\"https:\/\/tourcruiser.com\/fr\/#website\",\"url\":\"https:\/\/tourcruiser.com\/fr\/\",\"name\":\"Styloral Jewelry Shop\",\"description\":\"Tourcruiser Sneaker Store \u2014 L\u2019endroit o\u00f9 l\u2019univers rencontre votre singularit\u00e9.\",\"publisher\":{\"@id\":\"https:\/\/tourcruiser.com\/fr\/#organization\"},\"potentialAction\":[{\"@type\":\"SearchAction\",\"target\":{\"@type\":\"EntryPoint\",\"urlTemplate\":\"https:\/\/tourcruiser.com\/fr\/?s={search_term_string}\"},\"query-input\":{\"@type\":\"PropertyValueSpecification\",\"valueRequired\":true,\"valueName\":\"search_term_string\"}}],\"inLanguage\":\"fr-FR\"},{\"@type\":\"Organization\",\"@id\":\"https:\/\/tourcruiser.com\/fr\/#organization\",\"name\":\"STYLORAL PTE. LTD\",\"url\":\"https:\/\/tourcruiser.com\/fr\/\",\"logo\":{\"@type\":\"ImageObject\",\"inLanguage\":\"fr-FR\",\"@id\":\"https:\/\/tourcruiser.com\/fr\/#\/schema\/logo\/image\/\",\"url\":\"https:\/\/www.tourcruiser.com\/wp-content\/uploads\/2025\/12\/logo.png\",\"contentUrl\":\"https:\/\/www.tourcruiser.com\/wp-content\/uploads\/2025\/12\/logo.png\",\"width\":200,\"height\":65,\"caption\":\"STYLORAL PTE. LTD\"},\"image\":{\"@id\":\"https:\/\/tourcruiser.com\/fr\/#\/schema\/logo\/image\/\"}}]}<\/script>\n<!-- \/ Yoast SEO plugin. -->","yoast_head_json":{"title":"Nike Air Zoom Rival Fly 3 'Black White' CT2405-001 - TOURCRUISER PTE. LTD","robots":{"index":"index","follow":"follow","max-snippet":"max-snippet:-1","max-image-preview":"max-image-preview:large","max-video-preview":"max-video-preview:-1"},"canonical":"https:\/\/tourcruiser.com\/fr\/products\/nike-air-zoom-rival-fly-3-black-white-ct2405-001\/","og_locale":"fr_FR","og_type":"article","og_title":"Nike Air Zoom Rival Fly 3 'Black White' CT2405-001 - TOURCRUISER PTE. LTD","og_description":"D\u00e9couvrez la Nike Air Zoom Rival Fly 3 Noir et Blanc \u2013 une chaussure de running \u00e9l\u00e9gante et styl\u00e9e con\u00e7ue pour optimiser vos performances. Son empeigne noire rehauss\u00e9e de d\u00e9tails blancs lui conf\u00e8re un look saisissant. La technologie Air Zoom assure amorti et maintien, tandis que les c\u00e2bles Flywire garantissent un maintien s\u00fbr et confortable. [&hellip;]","og_url":"https:\/\/tourcruiser.com\/fr\/products\/nike-air-zoom-rival-fly-3-black-white-ct2405-001\/","og_site_name":"Tourcruiser Sneaker Store","article_modified_time":"2026-04-17T15:44:31+00:00","twitter_card":"summary_large_image","twitter_image":"https:\/\/images.novelship.com\/product\/nike_air_zoom_rival_fly_3__black_white__ct2405-001_0_76243.jpeg;https:\/\/images.novelship.com\/product\/nike_air_zoom_rival_fly_3__black_white__ct2405-001_1_76244.jpeg;https:\/\/images.novelship.com\/product\/nike_air_zoom_rival_fly_3__black_white__ct2405-001_2_76244.jpeg;https:\/\/images.novelship.com\/product\/nike_air_zoom_rival_fly_3__black_white__ct2405-001_3_76244.jpeg;https:\/\/images.novelship.com\/product\/nike_air_zoom_rival_fly_3__black_white__ct2405-001_4_76244.jpeg;https:\/\/images.novelship.com\/product\/nike_air_zoom_rival_fly_3__black_white__ct2405-001_5_76244.jpeg;https:\/\/images.novelship.com\/product\/nike_air_zoom_rival_fly_3__black_white__ct2405-001_6_76244.jpeg;https:\/\/images.novelship.com\/product\/nike_air_zoom_rival_fly_3__black_white__ct2405-001_7_76244.jpeg","twitter_misc":{"Dur\u00e9e de lecture estim\u00e9e":"1 minute"},"schema":{"@context":"https:\/\/schema.org","@graph":[{"@type":"WebPage","@id":"https:\/\/tourcruiser.com\/fr\/products\/nike-air-zoom-rival-fly-3-black-white-ct2405-001\/","url":"https:\/\/tourcruiser.com\/fr\/products\/nike-air-zoom-rival-fly-3-black-white-ct2405-001\/","name":"Nike Air Zoom Rival Fly 3 'Black White' CT2405-001 - TOURCRUISER PTE. LTD","isPartOf":{"@id":"https:\/\/tourcruiser.com\/fr\/#website"},"primaryImageOfPage":{"@id":"https:\/\/tourcruiser.com\/fr\/products\/nike-air-zoom-rival-fly-3-black-white-ct2405-001\/#primaryimage"},"image":{"@id":"https:\/\/tourcruiser.com\/fr\/products\/nike-air-zoom-rival-fly-3-black-white-ct2405-001\/#primaryimage"},"thumbnailUrl":"https:\/\/images.novelship.com\/product\/nike_air_zoom_rival_fly_3__black_white__ct2405-001_0_76243.jpeg;https:\/\/images.novelship.com\/product\/nike_air_zoom_rival_fly_3__black_white__ct2405-001_1_76244.jpeg;https:\/\/images.novelship.com\/product\/nike_air_zoom_rival_fly_3__black_white__ct2405-001_2_76244.jpeg;https:\/\/images.novelship.com\/product\/nike_air_zoom_rival_fly_3__black_white__ct2405-001_3_76244.jpeg;https:\/\/images.novelship.com\/product\/nike_air_zoom_rival_fly_3__black_white__ct2405-001_4_76244.jpeg;https:\/\/images.novelship.com\/product\/nike_air_zoom_rival_fly_3__black_white__ct2405-001_5_76244.jpeg;https:\/\/images.novelship.com\/product\/nike_air_zoom_rival_fly_3__black_white__ct2405-001_6_76244.jpeg;https:\/\/images.novelship.com\/product\/nike_air_zoom_rival_fly_3__black_white__ct2405-001_7_76244.jpeg","datePublished":"2026-04-16T10:05:40+00:00","dateModified":"2026-04-17T15:44:31+00:00","breadcrumb":{"@id":"https:\/\/tourcruiser.com\/fr\/products\/nike-air-zoom-rival-fly-3-black-white-ct2405-001\/#breadcrumb"},"inLanguage":"fr-FR","potentialAction":[{"@type":"ReadAction","target":["https:\/\/tourcruiser.com\/fr\/products\/nike-air-zoom-rival-fly-3-black-white-ct2405-001\/"]}]},{"@type":"ImageObject","inLanguage":"fr-FR","@id":"https:\/\/tourcruiser.com\/fr\/products\/nike-air-zoom-rival-fly-3-black-white-ct2405-001\/#primaryimage","url":"https:\/\/images.novelship.com\/product\/nike_air_zoom_rival_fly_3__black_white__ct2405-001_0_76243.jpeg;https:\/\/images.novelship.com\/product\/nike_air_zoom_rival_fly_3__black_white__ct2405-001_1_76244.jpeg;https:\/\/images.novelship.com\/product\/nike_air_zoom_rival_fly_3__black_white__ct2405-001_2_76244.jpeg;https:\/\/images.novelship.com\/product\/nike_air_zoom_rival_fly_3__black_white__ct2405-001_3_76244.jpeg;https:\/\/images.novelship.com\/product\/nike_air_zoom_rival_fly_3__black_white__ct2405-001_4_76244.jpeg;https:\/\/images.novelship.com\/product\/nike_air_zoom_rival_fly_3__black_white__ct2405-001_5_76244.jpeg;https:\/\/images.novelship.com\/product\/nike_air_zoom_rival_fly_3__black_white__ct2405-001_6_76244.jpeg;https:\/\/images.novelship.com\/product\/nike_air_zoom_rival_fly_3__black_white__ct2405-001_7_76244.jpeg","contentUrl":"https:\/\/images.novelship.com\/product\/nike_air_zoom_rival_fly_3__black_white__ct2405-001_0_76243.jpeg;https:\/\/images.novelship.com\/product\/nike_air_zoom_rival_fly_3__black_white__ct2405-001_1_76244.jpeg;https:\/\/images.novelship.com\/product\/nike_air_zoom_rival_fly_3__black_white__ct2405-001_2_76244.jpeg;https:\/\/images.novelship.com\/product\/nike_air_zoom_rival_fly_3__black_white__ct2405-001_3_76244.jpeg;https:\/\/images.novelship.com\/product\/nike_air_zoom_rival_fly_3__black_white__ct2405-001_4_76244.jpeg;https:\/\/images.novelship.com\/product\/nike_air_zoom_rival_fly_3__black_white__ct2405-001_5_76244.jpeg;https:\/\/images.novelship.com\/product\/nike_air_zoom_rival_fly_3__black_white__ct2405-001_6_76244.jpeg;https:\/\/images.novelship.com\/product\/nike_air_zoom_rival_fly_3__black_white__ct2405-001_7_76244.jpeg"},{"@type":"BreadcrumbList","@id":"https:\/\/tourcruiser.com\/fr\/products\/nike-air-zoom-rival-fly-3-black-white-ct2405-001\/#breadcrumb","itemListElement":[{"@type":"ListItem","position":1,"name":"Home","item":"https:\/\/tourcruiser.com\/fr\/"},{"@type":"ListItem","position":2,"name":"Shop","item":"https:\/\/tourcruiser.com\/fr\/shop\/"},{"@type":"ListItem","position":3,"name":"Nike Air Zoom Rival Fly 3 &#8216;Black White&#8217; CT2405-001"}]},{"@type":"WebSite","@id":"https:\/\/tourcruiser.com\/fr\/#website","url":"https:\/\/tourcruiser.com\/fr\/","name":"Styloral Jewelry Shop","description":"Tourcruiser Sneaker Store \u2014 L\u2019endroit o\u00f9 l\u2019univers rencontre votre singularit\u00e9.","publisher":{"@id":"https:\/\/tourcruiser.com\/fr\/#organization"},"potentialAction":[{"@type":"SearchAction","target":{"@type":"EntryPoint","urlTemplate":"https:\/\/tourcruiser.com\/fr\/?s={search_term_string}"},"query-input":{"@type":"PropertyValueSpecification","valueRequired":true,"valueName":"search_term_string"}}],"inLanguage":"fr-FR"},{"@type":"Organization","@id":"https:\/\/tourcruiser.com\/fr\/#organization","name":"STYLORAL PTE. LTD","url":"https:\/\/tourcruiser.com\/fr\/","logo":{"@type":"ImageObject","inLanguage":"fr-FR","@id":"https:\/\/tourcruiser.com\/fr\/#\/schema\/logo\/image\/","url":"https:\/\/www.tourcruiser.com\/wp-content\/uploads\/2025\/12\/logo.png","contentUrl":"https:\/\/www.tourcruiser.com\/wp-content\/uploads\/2025\/12\/logo.png","width":200,"height":65,"caption":"STYLORAL PTE. LTD"},"image":{"@id":"https:\/\/tourcruiser.com\/fr\/#\/schema\/logo\/image\/"}}]}},"_links":{"self":[{"href":"https:\/\/tourcruiser.com\/fr\/wp-json\/wp\/v2\/product\/755564","targetHints":{"allow":["GET"]}}],"collection":[{"href":"https:\/\/tourcruiser.com\/fr\/wp-json\/wp\/v2\/product"}],"about":[{"href":"https:\/\/tourcruiser.com\/fr\/wp-json\/wp\/v2\/types\/product"}],"replies":[{"embeddable":true,"href":"https:\/\/tourcruiser.com\/fr\/wp-json\/wp\/v2\/comments?post=755564"}],"wp:featuredmedia":[{"embeddable":true,"href":"https:\/\/tourcruiser.com\/fr\/wp-json\/wp\/v2\/media\/755565"}],"wp:attachment":[{"href":"https:\/\/tourcruiser.com\/fr\/wp-json\/wp\/v2\/media?parent=755564"}],"wp:term":[{"taxonomy":"product_brand","embeddable":true,"href":"https:\/\/tourcruiser.com\/fr\/wp-json\/wp\/v2\/product_brand?post=755564"},{"taxonomy":"product_cat","embeddable":true,"href":"https:\/\/tourcruiser.com\/fr\/wp-json\/wp\/v2\/product_cat?post=755564"},{"taxonomy":"product_tag","embeddable":true,"href":"https:\/\/tourcruiser.com\/fr\/wp-json\/wp\/v2\/product_tag?post=755564"}],"curies":[{"name":"wp","href":"https:\/\/api.w.org\/{rel}","templated":true}]}}