{"id":755390,"date":"2026-04-16T17:05:34","date_gmt":"2026-04-16T10:05:34","guid":{"rendered":"http:\/\/tourcruiser.com\/product\/grade-school-air-jordan-1-low-hoops-fb1835-181"},"modified":"2026-04-17T22:44:15","modified_gmt":"2026-04-17T15:44:15","slug":"grade-school-air-jordan-1-low-hoops-fb1835-181","status":"publish","type":"product","link":"https:\/\/tourcruiser.com\/fr\/products\/grade-school-air-jordan-1-low-hoops-fb1835-181\/","title":{"rendered":"(Grade School) Air Jordan 1 Low &lsquo;Hoops&rsquo; FB1835-181"},"content":{"rendered":"<p>Les sneakers Air Jordan 1 Low Hoops (GS) de Jordan sont des chaussures styl\u00e9es et confortables, parfaites pour un look d\u00e9contract\u00e9. Gr\u00e2ce \u00e0 leur excellente qualit\u00e9 de fabrication et \u00e0 leur souci du d\u00e9tail, ces sneakers basses sont incroyablement polyvalentes. Arborant le logo iconique Jordan, elles sont un incontournable pour tous les passionn\u00e9s de sneakers.<\/p>\n<p>Coloris\u00a0: Blanc\/Lait de coco-Vert d\u00e9grad\u00e9-Orange laser<\/p>\n<p>Code article\u00a0: FB1835-181<\/p>\n<p>Tige\u00a0: Cuir<\/p>\n<p>Semelle interm\u00e9diaire\u00a0: Air<\/p>\n<p>Couleur\u00a0: Multicolore<\/p>\n<p>Designer\u00a0: Peter Moore<\/p>\n<p>Saison\u00a0: Hiver<br \/>\nAnn\u00e9e de sortie\u00a0: 2022<\/p>\n<p>\u00c2ge\u00a0: Adulte<br \/>\nCouleur\u00a0: Multicolore<br \/>\nGenre\u00a0: Enfant<\/p>\n","protected":false},"excerpt":{"rendered":"<p>Les sneakers Air Jordan 1 Low Hoops (GS) de Jordan sont des chaussures styl\u00e9es et confortables, parfaites pour un look d\u00e9contract\u00e9. Gr\u00e2ce \u00e0 leur excellente qualit\u00e9 de fabrication et \u00e0 leur souci du d\u00e9tail, ces sneakers basses sont incroyablement polyvalentes. Arborant le logo iconique Jordan, elles sont un incontournable pour tous les passionn\u00e9s de sneakers. [&hellip;]<\/p>\n","protected":false},"featured_media":755391,"comment_status":"open","ping_status":"closed","template":"","meta":[],"product_brand":[],"product_cat":[38880],"product_tag":[10750,38861,38988,38874,10776,11349,38875,10756,39039],"class_list":{"0":"post-755390","1":"product","2":"type-product","3":"status-publish","4":"has-post-thumbnail","6":"product_cat-jordan","7":"product_tag-athleisure-shoes","8":"product_tag-below-retail-price","9":"product_tag-casual-shoes-for-kids","10":"product_tag-hari-raya-gs","11":"product_tag-jordan","12":"product_tag-jordan-basketball-shoes","13":"product_tag-jordan-skateboard-shoes","14":"product_tag-retro-casual-shoes","15":"product_tag-sneakers-for-kids","17":"first","18":"instock","19":"taxable","20":"shipping-taxable","21":"purchasable","22":"product-type-simple"},"wcpa_form_fields":null,"yoast_head":"<!-- This site is optimized with the Yoast SEO plugin v26.5 - https:\/\/yoast.com\/wordpress\/plugins\/seo\/ -->\n<title>(Grade School) Air Jordan 1 Low &#039;Hoops&#039; FB1835-181 - TOURCRUISER PTE. LTD<\/title>\n<meta name=\"robots\" content=\"index, follow, max-snippet:-1, max-image-preview:large, max-video-preview:-1\" \/>\n<link rel=\"canonical\" href=\"https:\/\/tourcruiser.com\/fr\/products\/grade-school-air-jordan-1-low-hoops-fb1835-181\/\" \/>\n<meta property=\"og:locale\" content=\"fr_FR\" \/>\n<meta property=\"og:type\" content=\"article\" \/>\n<meta property=\"og:title\" content=\"(Grade School) Air Jordan 1 Low &#039;Hoops&#039; FB1835-181 - TOURCRUISER PTE. LTD\" \/>\n<meta property=\"og:description\" content=\"Les sneakers Air Jordan 1 Low Hoops (GS) de Jordan sont des chaussures styl\u00e9es et confortables, parfaites pour un look d\u00e9contract\u00e9. Gr\u00e2ce \u00e0 leur excellente qualit\u00e9 de fabrication et \u00e0 leur souci du d\u00e9tail, ces sneakers basses sont incroyablement polyvalentes. Arborant le logo iconique Jordan, elles sont un incontournable pour tous les passionn\u00e9s de sneakers. [&hellip;]\" \/>\n<meta property=\"og:url\" content=\"https:\/\/tourcruiser.com\/fr\/products\/grade-school-air-jordan-1-low-hoops-fb1835-181\/\" \/>\n<meta property=\"og:site_name\" content=\"Tourcruiser Sneaker Store\" \/>\n<meta property=\"article:modified_time\" content=\"2026-04-17T15:44:15+00:00\" \/>\n<meta name=\"twitter:card\" content=\"summary_large_image\" \/>\n<meta name=\"twitter:image\" content=\"https:\/\/images.novelship.com\/product\/_grade_school__air_jordan_1_low__hoops__fb1835-181_0_57713.jpeg;https:\/\/images.novelship.com\/product\/_grade_school__air_jordan_1_low__hoops__fb1835-181_1_57713.jpeg;https:\/\/images.novelship.com\/product\/_grade_school__air_jordan_1_low__hoops__fb1835-181_2_57713.jpeg;https:\/\/images.novelship.com\/product\/_grade_school__air_jordan_1_low__hoops__fb1835-181_3_57713.jpeg;https:\/\/images.novelship.com\/product\/_grade_school__air_jordan_1_low__hoops__fb1835-181_4_57713.jpeg\" \/>\n<script type=\"application\/ld+json\" class=\"yoast-schema-graph\">{\"@context\":\"https:\/\/schema.org\",\"@graph\":[{\"@type\":\"WebPage\",\"@id\":\"https:\/\/tourcruiser.com\/fr\/products\/grade-school-air-jordan-1-low-hoops-fb1835-181\/\",\"url\":\"https:\/\/tourcruiser.com\/fr\/products\/grade-school-air-jordan-1-low-hoops-fb1835-181\/\",\"name\":\"(Grade School) Air Jordan 1 Low 'Hoops' FB1835-181 - TOURCRUISER PTE. LTD\",\"isPartOf\":{\"@id\":\"\/#website\"},\"primaryImageOfPage\":{\"@id\":\"https:\/\/tourcruiser.com\/fr\/products\/grade-school-air-jordan-1-low-hoops-fb1835-181\/#primaryimage\"},\"image\":{\"@id\":\"https:\/\/tourcruiser.com\/fr\/products\/grade-school-air-jordan-1-low-hoops-fb1835-181\/#primaryimage\"},\"thumbnailUrl\":\"https:\/\/images.novelship.com\/product\/_grade_school__air_jordan_1_low__hoops__fb1835-181_0_57713.jpeg;https:\/\/images.novelship.com\/product\/_grade_school__air_jordan_1_low__hoops__fb1835-181_1_57713.jpeg;https:\/\/images.novelship.com\/product\/_grade_school__air_jordan_1_low__hoops__fb1835-181_2_57713.jpeg;https:\/\/images.novelship.com\/product\/_grade_school__air_jordan_1_low__hoops__fb1835-181_3_57713.jpeg;https:\/\/images.novelship.com\/product\/_grade_school__air_jordan_1_low__hoops__fb1835-181_4_57713.jpeg\",\"datePublished\":\"2026-04-16T10:05:34+00:00\",\"dateModified\":\"2026-04-17T15:44:15+00:00\",\"breadcrumb\":{\"@id\":\"https:\/\/tourcruiser.com\/fr\/products\/grade-school-air-jordan-1-low-hoops-fb1835-181\/#breadcrumb\"},\"inLanguage\":\"fr-FR\",\"potentialAction\":[{\"@type\":\"ReadAction\",\"target\":[\"https:\/\/tourcruiser.com\/fr\/products\/grade-school-air-jordan-1-low-hoops-fb1835-181\/\"]}]},{\"@type\":\"ImageObject\",\"inLanguage\":\"fr-FR\",\"@id\":\"https:\/\/tourcruiser.com\/fr\/products\/grade-school-air-jordan-1-low-hoops-fb1835-181\/#primaryimage\",\"url\":\"https:\/\/images.novelship.com\/product\/_grade_school__air_jordan_1_low__hoops__fb1835-181_0_57713.jpeg;https:\/\/images.novelship.com\/product\/_grade_school__air_jordan_1_low__hoops__fb1835-181_1_57713.jpeg;https:\/\/images.novelship.com\/product\/_grade_school__air_jordan_1_low__hoops__fb1835-181_2_57713.jpeg;https:\/\/images.novelship.com\/product\/_grade_school__air_jordan_1_low__hoops__fb1835-181_3_57713.jpeg;https:\/\/images.novelship.com\/product\/_grade_school__air_jordan_1_low__hoops__fb1835-181_4_57713.jpeg\",\"contentUrl\":\"https:\/\/images.novelship.com\/product\/_grade_school__air_jordan_1_low__hoops__fb1835-181_0_57713.jpeg;https:\/\/images.novelship.com\/product\/_grade_school__air_jordan_1_low__hoops__fb1835-181_1_57713.jpeg;https:\/\/images.novelship.com\/product\/_grade_school__air_jordan_1_low__hoops__fb1835-181_2_57713.jpeg;https:\/\/images.novelship.com\/product\/_grade_school__air_jordan_1_low__hoops__fb1835-181_3_57713.jpeg;https:\/\/images.novelship.com\/product\/_grade_school__air_jordan_1_low__hoops__fb1835-181_4_57713.jpeg\"},{\"@type\":\"BreadcrumbList\",\"@id\":\"https:\/\/tourcruiser.com\/fr\/products\/grade-school-air-jordan-1-low-hoops-fb1835-181\/#breadcrumb\",\"itemListElement\":[{\"@type\":\"ListItem\",\"position\":1,\"name\":\"Home\",\"item\":\"https:\/\/tourcruiser.com\/fr\/\"},{\"@type\":\"ListItem\",\"position\":2,\"name\":\"Shop\",\"item\":\"https:\/\/tourcruiser.com\/fr\/shop\/\"},{\"@type\":\"ListItem\",\"position\":3,\"name\":\"(Grade School) Air Jordan 1 Low &#8216;Hoops&#8217; FB1835-181\"}]},{\"@type\":\"WebSite\",\"@id\":\"\/#website\",\"url\":\"\/\",\"name\":\"Styloral Jewelry Shop\",\"description\":\"Tourcruiser Sneaker Store \u2014 L\u2019endroit o\u00f9 l\u2019univers rencontre votre singularit\u00e9.\",\"publisher\":{\"@id\":\"\/#organization\"},\"potentialAction\":[{\"@type\":\"SearchAction\",\"target\":{\"@type\":\"EntryPoint\",\"urlTemplate\":\"\/?s={search_term_string}\"},\"query-input\":{\"@type\":\"PropertyValueSpecification\",\"valueRequired\":true,\"valueName\":\"search_term_string\"}}],\"inLanguage\":\"fr-FR\"},{\"@type\":\"Organization\",\"@id\":\"\/#organization\",\"name\":\"STYLORAL PTE. LTD\",\"url\":\"\/\",\"logo\":{\"@type\":\"ImageObject\",\"inLanguage\":\"fr-FR\",\"@id\":\"\/#\/schema\/logo\/image\/\",\"url\":\"https:\/\/www.tourcruiser.com\/wp-content\/uploads\/2025\/12\/logo.png\",\"contentUrl\":\"https:\/\/www.tourcruiser.com\/wp-content\/uploads\/2025\/12\/logo.png\",\"width\":200,\"height\":65,\"caption\":\"STYLORAL PTE. LTD\"},\"image\":{\"@id\":\"\/#\/schema\/logo\/image\/\"}}]}<\/script>\n<!-- \/ Yoast SEO plugin. -->","yoast_head_json":{"title":"(Grade School) Air Jordan 1 Low 'Hoops' FB1835-181 - TOURCRUISER PTE. LTD","robots":{"index":"index","follow":"follow","max-snippet":"max-snippet:-1","max-image-preview":"max-image-preview:large","max-video-preview":"max-video-preview:-1"},"canonical":"https:\/\/tourcruiser.com\/fr\/products\/grade-school-air-jordan-1-low-hoops-fb1835-181\/","og_locale":"fr_FR","og_type":"article","og_title":"(Grade School) Air Jordan 1 Low 'Hoops' FB1835-181 - TOURCRUISER PTE. LTD","og_description":"Les sneakers Air Jordan 1 Low Hoops (GS) de Jordan sont des chaussures styl\u00e9es et confortables, parfaites pour un look d\u00e9contract\u00e9. Gr\u00e2ce \u00e0 leur excellente qualit\u00e9 de fabrication et \u00e0 leur souci du d\u00e9tail, ces sneakers basses sont incroyablement polyvalentes. Arborant le logo iconique Jordan, elles sont un incontournable pour tous les passionn\u00e9s de sneakers. [&hellip;]","og_url":"https:\/\/tourcruiser.com\/fr\/products\/grade-school-air-jordan-1-low-hoops-fb1835-181\/","og_site_name":"Tourcruiser Sneaker Store","article_modified_time":"2026-04-17T15:44:15+00:00","twitter_card":"summary_large_image","twitter_image":"https:\/\/images.novelship.com\/product\/_grade_school__air_jordan_1_low__hoops__fb1835-181_0_57713.jpeg;https:\/\/images.novelship.com\/product\/_grade_school__air_jordan_1_low__hoops__fb1835-181_1_57713.jpeg;https:\/\/images.novelship.com\/product\/_grade_school__air_jordan_1_low__hoops__fb1835-181_2_57713.jpeg;https:\/\/images.novelship.com\/product\/_grade_school__air_jordan_1_low__hoops__fb1835-181_3_57713.jpeg;https:\/\/images.novelship.com\/product\/_grade_school__air_jordan_1_low__hoops__fb1835-181_4_57713.jpeg","schema":{"@context":"https:\/\/schema.org","@graph":[{"@type":"WebPage","@id":"https:\/\/tourcruiser.com\/fr\/products\/grade-school-air-jordan-1-low-hoops-fb1835-181\/","url":"https:\/\/tourcruiser.com\/fr\/products\/grade-school-air-jordan-1-low-hoops-fb1835-181\/","name":"(Grade School) Air Jordan 1 Low 'Hoops' FB1835-181 - TOURCRUISER PTE. LTD","isPartOf":{"@id":"\/#website"},"primaryImageOfPage":{"@id":"https:\/\/tourcruiser.com\/fr\/products\/grade-school-air-jordan-1-low-hoops-fb1835-181\/#primaryimage"},"image":{"@id":"https:\/\/tourcruiser.com\/fr\/products\/grade-school-air-jordan-1-low-hoops-fb1835-181\/#primaryimage"},"thumbnailUrl":"https:\/\/images.novelship.com\/product\/_grade_school__air_jordan_1_low__hoops__fb1835-181_0_57713.jpeg;https:\/\/images.novelship.com\/product\/_grade_school__air_jordan_1_low__hoops__fb1835-181_1_57713.jpeg;https:\/\/images.novelship.com\/product\/_grade_school__air_jordan_1_low__hoops__fb1835-181_2_57713.jpeg;https:\/\/images.novelship.com\/product\/_grade_school__air_jordan_1_low__hoops__fb1835-181_3_57713.jpeg;https:\/\/images.novelship.com\/product\/_grade_school__air_jordan_1_low__hoops__fb1835-181_4_57713.jpeg","datePublished":"2026-04-16T10:05:34+00:00","dateModified":"2026-04-17T15:44:15+00:00","breadcrumb":{"@id":"https:\/\/tourcruiser.com\/fr\/products\/grade-school-air-jordan-1-low-hoops-fb1835-181\/#breadcrumb"},"inLanguage":"fr-FR","potentialAction":[{"@type":"ReadAction","target":["https:\/\/tourcruiser.com\/fr\/products\/grade-school-air-jordan-1-low-hoops-fb1835-181\/"]}]},{"@type":"ImageObject","inLanguage":"fr-FR","@id":"https:\/\/tourcruiser.com\/fr\/products\/grade-school-air-jordan-1-low-hoops-fb1835-181\/#primaryimage","url":"https:\/\/images.novelship.com\/product\/_grade_school__air_jordan_1_low__hoops__fb1835-181_0_57713.jpeg;https:\/\/images.novelship.com\/product\/_grade_school__air_jordan_1_low__hoops__fb1835-181_1_57713.jpeg;https:\/\/images.novelship.com\/product\/_grade_school__air_jordan_1_low__hoops__fb1835-181_2_57713.jpeg;https:\/\/images.novelship.com\/product\/_grade_school__air_jordan_1_low__hoops__fb1835-181_3_57713.jpeg;https:\/\/images.novelship.com\/product\/_grade_school__air_jordan_1_low__hoops__fb1835-181_4_57713.jpeg","contentUrl":"https:\/\/images.novelship.com\/product\/_grade_school__air_jordan_1_low__hoops__fb1835-181_0_57713.jpeg;https:\/\/images.novelship.com\/product\/_grade_school__air_jordan_1_low__hoops__fb1835-181_1_57713.jpeg;https:\/\/images.novelship.com\/product\/_grade_school__air_jordan_1_low__hoops__fb1835-181_2_57713.jpeg;https:\/\/images.novelship.com\/product\/_grade_school__air_jordan_1_low__hoops__fb1835-181_3_57713.jpeg;https:\/\/images.novelship.com\/product\/_grade_school__air_jordan_1_low__hoops__fb1835-181_4_57713.jpeg"},{"@type":"BreadcrumbList","@id":"https:\/\/tourcruiser.com\/fr\/products\/grade-school-air-jordan-1-low-hoops-fb1835-181\/#breadcrumb","itemListElement":[{"@type":"ListItem","position":1,"name":"Home","item":"https:\/\/tourcruiser.com\/fr\/"},{"@type":"ListItem","position":2,"name":"Shop","item":"https:\/\/tourcruiser.com\/fr\/shop\/"},{"@type":"ListItem","position":3,"name":"(Grade School) Air Jordan 1 Low &#8216;Hoops&#8217; FB1835-181"}]},{"@type":"WebSite","@id":"\/#website","url":"\/","name":"Styloral Jewelry Shop","description":"Tourcruiser Sneaker Store \u2014 L\u2019endroit o\u00f9 l\u2019univers rencontre votre singularit\u00e9.","publisher":{"@id":"\/#organization"},"potentialAction":[{"@type":"SearchAction","target":{"@type":"EntryPoint","urlTemplate":"\/?s={search_term_string}"},"query-input":{"@type":"PropertyValueSpecification","valueRequired":true,"valueName":"search_term_string"}}],"inLanguage":"fr-FR"},{"@type":"Organization","@id":"\/#organization","name":"STYLORAL PTE. LTD","url":"\/","logo":{"@type":"ImageObject","inLanguage":"fr-FR","@id":"\/#\/schema\/logo\/image\/","url":"https:\/\/www.tourcruiser.com\/wp-content\/uploads\/2025\/12\/logo.png","contentUrl":"https:\/\/www.tourcruiser.com\/wp-content\/uploads\/2025\/12\/logo.png","width":200,"height":65,"caption":"STYLORAL PTE. LTD"},"image":{"@id":"\/#\/schema\/logo\/image\/"}}]}},"_links":{"self":[{"href":"https:\/\/tourcruiser.com\/fr\/wp-json\/wp\/v2\/product\/755390","targetHints":{"allow":["GET"]}}],"collection":[{"href":"https:\/\/tourcruiser.com\/fr\/wp-json\/wp\/v2\/product"}],"about":[{"href":"https:\/\/tourcruiser.com\/fr\/wp-json\/wp\/v2\/types\/product"}],"replies":[{"embeddable":true,"href":"https:\/\/tourcruiser.com\/fr\/wp-json\/wp\/v2\/comments?post=755390"}],"wp:featuredmedia":[{"embeddable":true,"href":"https:\/\/tourcruiser.com\/fr\/wp-json\/wp\/v2\/media\/755391"}],"wp:attachment":[{"href":"https:\/\/tourcruiser.com\/fr\/wp-json\/wp\/v2\/media?parent=755390"}],"wp:term":[{"taxonomy":"product_brand","embeddable":true,"href":"https:\/\/tourcruiser.com\/fr\/wp-json\/wp\/v2\/product_brand?post=755390"},{"taxonomy":"product_cat","embeddable":true,"href":"https:\/\/tourcruiser.com\/fr\/wp-json\/wp\/v2\/product_cat?post=755390"},{"taxonomy":"product_tag","embeddable":true,"href":"https:\/\/tourcruiser.com\/fr\/wp-json\/wp\/v2\/product_tag?post=755390"}],"curies":[{"name":"wp","href":"https:\/\/api.w.org\/{rel}","templated":true}]}}