{"id":755134,"date":"2026-04-16T17:05:25","date_gmt":"2026-04-16T10:05:25","guid":{"rendered":"http:\/\/tourcruiser.com\/product\/youth-nike-dunk-low-from-nike-to-you-fv8119-161"},"modified":"2026-04-17T22:43:51","modified_gmt":"2026-04-17T15:43:51","slug":"youth-nike-dunk-low-from-nike-to-you-fv8119-161","status":"publish","type":"product","link":"https:\/\/tourcruiser.com\/fr\/products\/youth-nike-dunk-low-from-nike-to-you-fv8119-161\/","title":{"rendered":"(Youth) Nike Dunk Low &lsquo;From Nike, To You&rsquo; FV8119-161"},"content":{"rendered":"<p>Affirmez votre style avec la Nike Dunk Low \u00ab From Nike, To You \u00bb, une exclusivit\u00e9. Ce mod\u00e8le iconique arbore une combinaison de rouge et de blanc \u00e9clatante, incarnant l&rsquo;essence m\u00eame de la c\u00e9l\u00e8bre marque. Confectionn\u00e9e \u00e0 partir de mat\u00e9riaux haut de gamme, sa construction \u00e0 la fois r\u00e9sistante et flexible garantit confort et durabilit\u00e9. Son design \u00e9l\u00e9gant et intemporel revisite l&rsquo;esprit des chaussures de basketball classiques avec une touche de modernit\u00e9. D\u00e9couvrez la fusion parfaite entre mode et h\u00e9ritage avec la Nike Dunk Low \u00ab From Nike, To You \u00bb.<\/p>\n<p>Coloris : Voile\/Rouge \u00c9quipe-Blanc-Violet-Polar-Melon<\/p>\n<p>Code article : FV8119-161<\/p>\n<p>Tige : Cuir<\/p>\n<p>Couleur : Bleu<\/p>\n<p>Designer : Peter Moore<\/p>\n<p>\u00c2ge : Adulte<\/p>\n<p>Couleur : Bleu<\/p>\n<p>Genre : Enfant<\/p>\n","protected":false},"excerpt":{"rendered":"<p>Affirmez votre style avec la Nike Dunk Low \u00ab From Nike, To You \u00bb, une exclusivit\u00e9. Ce mod\u00e8le iconique arbore une combinaison de rouge et de blanc \u00e9clatante, incarnant l&rsquo;essence m\u00eame de la c\u00e9l\u00e8bre marque. Confectionn\u00e9e \u00e0 partir de mat\u00e9riaux haut de gamme, sa construction \u00e0 la fois r\u00e9sistante et flexible garantit confort et durabilit\u00e9. [&hellip;]<\/p>\n","protected":false},"featured_media":755135,"comment_status":"open","ping_status":"closed","template":"","meta":[],"product_brand":[],"product_cat":[10803],"product_tag":[38855,38962,38918,10777,10801,38887,38902,38936],"class_list":{"0":"post-755134","1":"product","2":"type-product","3":"status-publish","4":"has-post-thumbnail","6":"product_cat-nike","7":"product_tag-below-the-regular-retail-price","8":"product_tag-children-s-casual-shoes","9":"product_tag-children-s-sneakers","10":"product_tag-lifestyle-shoes-basketball-inspired","11":"product_tag-nike","12":"product_tag-nike-skateboard-shoes","13":"product_tag-trendy-offers","14":"product_tag-trendy-offers-under-a-150","15":"wcpa_has_options","17":"first","18":"instock","19":"taxable","20":"shipping-taxable","21":"purchasable","22":"product-type-simple"},"wcpa_form_fields":{"rules":{"pric_overide_base_price":false,"pric_overide_base_price_if_gt_zero":false,"pric_overide_base_price_fully":false,"pric_cal_option_once":false,"pric_use_as_fee":false,"bind_quantity":false,"quantity_bind_formula":false},"fields":[{"type":"color-group","required":true,"elementId":"wcpa-color-group-66c4a75505e74","label":"Taille","inline":true,"priceOptions":"different_for_all","pricingType":"fixed","className":"hassizechart product-shoes-size-eu product-shoes-size","name":"color-group-66c4a75505e89","disp_type":"square","selection_type":"tick-border","disp_size":"44","show_label_inside":true,"adjust_width":true,"cart_display_type":"text","other_text":"Other","cl_rule":"show","col":6,"values":[{"label":"35.5","value":"EU 35.5","price":"","pimage":"","pimage_id":"","pthumb":"","color":""},{"label":"36","value":"EU 36","price":"","pimage":"","pimage_id":"","pthumb":"","color":"","selected":true},{"label":"36.5","value":"EU 36.5","price":"","pimage":"","pimage_id":"","pthumb":"","color":""},{"label":"37.5","value":"EU 37.5","price":"","pimage":"","pimage_id":"","pthumb":"","color":""},{"label":"38","value":"EU 38","price":"","pimage":"","pimage_id":"","pthumb":"","color":""},{"label":"38.5","value":"EU 38.5","price":"","pimage":"","pimage_id":"","pthumb":"","color":""},{"label":"39","value":"EU 39","price":"","pimage":"","pimage_id":"","pthumb":"","color":""},{"label":"40","value":"EU 40","price":"","pimage":"","pimage_id":"","pthumb":"","color":""},{"label":"40.5","value":"EU 40.5","price":"","pimage":"","pimage_id":"","pthumb":"","color":""},{"label":"41","value":"EU 41","price":"","pimage":"","pimage_id":"","pthumb":"","color":""},{"label":"42","value":"EU 42","price":"","pimage":"","pimage_id":"","pthumb":"","color":""},{"label":"42.5","value":"EU 42.5","price":"","pimage":"","pimage_id":"","pthumb":"","color":""},{"label":"43","value":"EU 43","price":"","pimage":"","pimage_id":"","pthumb":"","color":""},{"label":"44","value":"EU 44","price":"","pimage":"","pimage_id":"","pthumb":"","color":""},{"label":"44.5","value":"EU 44.5","price":"","pimage":"","pimage_id":"","pthumb":"","color":""},{"label":"45","value":"EU 45","price":"","pimage":"","pimage_id":"","pthumb":"","color":""},{"label":"45.5","value":"EU 45.5","price":"","pimage":"","pimage_id":"","pthumb":"","color":""},{"label":"46","value":"EU 46","price":"","pimage":"","pimage_id":"","pthumb":"","color":""},{"label":"47","value":"EU 47","price":"","pimage":"","pimage_id":"","pthumb":"","color":""},{"label":"47.5","value":"EU 47.5","price":"","pimage":"","pimage_id":"","pthumb":"","color":""},{"label":"48","value":"EU 48","price":"","pimage":"","pimage_id":"","pthumb":"","color":""}],"relations":[{"operator":false,"rules":[]}],"form_id":18106,"form_rules":{"pric_cal_option_once":false,"exclude_from_discount":false,"pric_use_as_fee":false,"fee_label":"Fee","render_after_acb":false,"disp_hide_options_price":false}}]},"yoast_head":"<!-- This site is optimized with the Yoast SEO plugin v26.5 - https:\/\/yoast.com\/wordpress\/plugins\/seo\/ -->\n<title>(Youth) Nike Dunk Low &#039;From Nike, To You&#039; FV8119-161 - TOURCRUISER PTE. LTD<\/title>\n<meta name=\"robots\" content=\"index, follow, max-snippet:-1, max-image-preview:large, max-video-preview:-1\" \/>\n<link rel=\"canonical\" href=\"https:\/\/tourcruiser.com\/fr\/products\/youth-nike-dunk-low-from-nike-to-you-fv8119-161\/\" \/>\n<meta property=\"og:locale\" content=\"fr_FR\" \/>\n<meta property=\"og:type\" content=\"article\" \/>\n<meta property=\"og:title\" content=\"(Youth) Nike Dunk Low &#039;From Nike, To You&#039; FV8119-161 - TOURCRUISER PTE. LTD\" \/>\n<meta property=\"og:description\" content=\"Affirmez votre style avec la Nike Dunk Low \u00ab From Nike, To You \u00bb, une exclusivit\u00e9. Ce mod\u00e8le iconique arbore une combinaison de rouge et de blanc \u00e9clatante, incarnant l&rsquo;essence m\u00eame de la c\u00e9l\u00e8bre marque. Confectionn\u00e9e \u00e0 partir de mat\u00e9riaux haut de gamme, sa construction \u00e0 la fois r\u00e9sistante et flexible garantit confort et durabilit\u00e9. [&hellip;]\" \/>\n<meta property=\"og:url\" content=\"https:\/\/tourcruiser.com\/fr\/products\/youth-nike-dunk-low-from-nike-to-you-fv8119-161\/\" \/>\n<meta property=\"og:site_name\" content=\"Tourcruiser Sneaker Store\" \/>\n<meta property=\"article:modified_time\" content=\"2026-04-17T15:43:51+00:00\" \/>\n<meta name=\"twitter:card\" content=\"summary_large_image\" \/>\n<meta name=\"twitter:image\" content=\"https:\/\/images.novelship.com\/product\/_youth__nike_dunk_low__from_nike__to_you__fv8119-1_0_29595.jpeg;https:\/\/images.novelship.com\/product\/_youth__nike_dunk_low__from_nike__to_you__fv8119-1_1_29595.png;https:\/\/images.novelship.com\/product\/_youth__nike_dunk_low__from_nike__to_you__fv8119-1_2_29596.png;https:\/\/images.novelship.com\/product\/_youth__nike_dunk_low__from_nike__to_you__fv8119-1_3_29596.png;https:\/\/images.novelship.com\/product\/_youth__nike_dunk_low__from_nike__to_you__fv8119-1_4_29596.png\" \/>\n<meta name=\"twitter:label1\" content=\"Dur\u00e9e de lecture estim\u00e9e\" \/>\n\t<meta name=\"twitter:data1\" content=\"1 minute\" \/>\n<script type=\"application\/ld+json\" class=\"yoast-schema-graph\">{\"@context\":\"https:\/\/schema.org\",\"@graph\":[{\"@type\":\"WebPage\",\"@id\":\"https:\/\/tourcruiser.com\/fr\/products\/youth-nike-dunk-low-from-nike-to-you-fv8119-161\/\",\"url\":\"https:\/\/tourcruiser.com\/fr\/products\/youth-nike-dunk-low-from-nike-to-you-fv8119-161\/\",\"name\":\"(Youth) Nike Dunk Low 'From Nike, To You' FV8119-161 - TOURCRUISER PTE. LTD\",\"isPartOf\":{\"@id\":\"\/#website\"},\"primaryImageOfPage\":{\"@id\":\"https:\/\/tourcruiser.com\/fr\/products\/youth-nike-dunk-low-from-nike-to-you-fv8119-161\/#primaryimage\"},\"image\":{\"@id\":\"https:\/\/tourcruiser.com\/fr\/products\/youth-nike-dunk-low-from-nike-to-you-fv8119-161\/#primaryimage\"},\"thumbnailUrl\":\"https:\/\/images.novelship.com\/product\/_youth__nike_dunk_low__from_nike__to_you__fv8119-1_0_29595.jpeg;https:\/\/images.novelship.com\/product\/_youth__nike_dunk_low__from_nike__to_you__fv8119-1_1_29595.png;https:\/\/images.novelship.com\/product\/_youth__nike_dunk_low__from_nike__to_you__fv8119-1_2_29596.png;https:\/\/images.novelship.com\/product\/_youth__nike_dunk_low__from_nike__to_you__fv8119-1_3_29596.png;https:\/\/images.novelship.com\/product\/_youth__nike_dunk_low__from_nike__to_you__fv8119-1_4_29596.png\",\"datePublished\":\"2026-04-16T10:05:25+00:00\",\"dateModified\":\"2026-04-17T15:43:51+00:00\",\"breadcrumb\":{\"@id\":\"https:\/\/tourcruiser.com\/fr\/products\/youth-nike-dunk-low-from-nike-to-you-fv8119-161\/#breadcrumb\"},\"inLanguage\":\"fr-FR\",\"potentialAction\":[{\"@type\":\"ReadAction\",\"target\":[\"https:\/\/tourcruiser.com\/fr\/products\/youth-nike-dunk-low-from-nike-to-you-fv8119-161\/\"]}]},{\"@type\":\"ImageObject\",\"inLanguage\":\"fr-FR\",\"@id\":\"https:\/\/tourcruiser.com\/fr\/products\/youth-nike-dunk-low-from-nike-to-you-fv8119-161\/#primaryimage\",\"url\":\"https:\/\/images.novelship.com\/product\/_youth__nike_dunk_low__from_nike__to_you__fv8119-1_0_29595.jpeg;https:\/\/images.novelship.com\/product\/_youth__nike_dunk_low__from_nike__to_you__fv8119-1_1_29595.png;https:\/\/images.novelship.com\/product\/_youth__nike_dunk_low__from_nike__to_you__fv8119-1_2_29596.png;https:\/\/images.novelship.com\/product\/_youth__nike_dunk_low__from_nike__to_you__fv8119-1_3_29596.png;https:\/\/images.novelship.com\/product\/_youth__nike_dunk_low__from_nike__to_you__fv8119-1_4_29596.png\",\"contentUrl\":\"https:\/\/images.novelship.com\/product\/_youth__nike_dunk_low__from_nike__to_you__fv8119-1_0_29595.jpeg;https:\/\/images.novelship.com\/product\/_youth__nike_dunk_low__from_nike__to_you__fv8119-1_1_29595.png;https:\/\/images.novelship.com\/product\/_youth__nike_dunk_low__from_nike__to_you__fv8119-1_2_29596.png;https:\/\/images.novelship.com\/product\/_youth__nike_dunk_low__from_nike__to_you__fv8119-1_3_29596.png;https:\/\/images.novelship.com\/product\/_youth__nike_dunk_low__from_nike__to_you__fv8119-1_4_29596.png\"},{\"@type\":\"BreadcrumbList\",\"@id\":\"https:\/\/tourcruiser.com\/fr\/products\/youth-nike-dunk-low-from-nike-to-you-fv8119-161\/#breadcrumb\",\"itemListElement\":[{\"@type\":\"ListItem\",\"position\":1,\"name\":\"Home\",\"item\":\"https:\/\/tourcruiser.com\/fr\/\"},{\"@type\":\"ListItem\",\"position\":2,\"name\":\"Shop\",\"item\":\"https:\/\/tourcruiser.com\/fr\/shop\/\"},{\"@type\":\"ListItem\",\"position\":3,\"name\":\"(Youth) Nike Dunk Low &#8216;From Nike, To You&#8217; FV8119-161\"}]},{\"@type\":\"WebSite\",\"@id\":\"\/#website\",\"url\":\"\/\",\"name\":\"Styloral Jewelry Shop\",\"description\":\"Tourcruiser Sneaker Store \u2014 L\u2019endroit o\u00f9 l\u2019univers rencontre votre singularit\u00e9.\",\"publisher\":{\"@id\":\"\/#organization\"},\"potentialAction\":[{\"@type\":\"SearchAction\",\"target\":{\"@type\":\"EntryPoint\",\"urlTemplate\":\"\/?s={search_term_string}\"},\"query-input\":{\"@type\":\"PropertyValueSpecification\",\"valueRequired\":true,\"valueName\":\"search_term_string\"}}],\"inLanguage\":\"fr-FR\"},{\"@type\":\"Organization\",\"@id\":\"\/#organization\",\"name\":\"STYLORAL PTE. LTD\",\"url\":\"\/\",\"logo\":{\"@type\":\"ImageObject\",\"inLanguage\":\"fr-FR\",\"@id\":\"\/#\/schema\/logo\/image\/\",\"url\":\"https:\/\/www.tourcruiser.com\/wp-content\/uploads\/2025\/12\/logo.png\",\"contentUrl\":\"https:\/\/www.tourcruiser.com\/wp-content\/uploads\/2025\/12\/logo.png\",\"width\":200,\"height\":65,\"caption\":\"STYLORAL PTE. LTD\"},\"image\":{\"@id\":\"\/#\/schema\/logo\/image\/\"}}]}<\/script>\n<!-- \/ Yoast SEO plugin. -->","yoast_head_json":{"title":"(Youth) Nike Dunk Low 'From Nike, To You' FV8119-161 - TOURCRUISER PTE. LTD","robots":{"index":"index","follow":"follow","max-snippet":"max-snippet:-1","max-image-preview":"max-image-preview:large","max-video-preview":"max-video-preview:-1"},"canonical":"https:\/\/tourcruiser.com\/fr\/products\/youth-nike-dunk-low-from-nike-to-you-fv8119-161\/","og_locale":"fr_FR","og_type":"article","og_title":"(Youth) Nike Dunk Low 'From Nike, To You' FV8119-161 - TOURCRUISER PTE. LTD","og_description":"Affirmez votre style avec la Nike Dunk Low \u00ab From Nike, To You \u00bb, une exclusivit\u00e9. Ce mod\u00e8le iconique arbore une combinaison de rouge et de blanc \u00e9clatante, incarnant l&rsquo;essence m\u00eame de la c\u00e9l\u00e8bre marque. Confectionn\u00e9e \u00e0 partir de mat\u00e9riaux haut de gamme, sa construction \u00e0 la fois r\u00e9sistante et flexible garantit confort et durabilit\u00e9. [&hellip;]","og_url":"https:\/\/tourcruiser.com\/fr\/products\/youth-nike-dunk-low-from-nike-to-you-fv8119-161\/","og_site_name":"Tourcruiser Sneaker Store","article_modified_time":"2026-04-17T15:43:51+00:00","twitter_card":"summary_large_image","twitter_image":"https:\/\/images.novelship.com\/product\/_youth__nike_dunk_low__from_nike__to_you__fv8119-1_0_29595.jpeg;https:\/\/images.novelship.com\/product\/_youth__nike_dunk_low__from_nike__to_you__fv8119-1_1_29595.png;https:\/\/images.novelship.com\/product\/_youth__nike_dunk_low__from_nike__to_you__fv8119-1_2_29596.png;https:\/\/images.novelship.com\/product\/_youth__nike_dunk_low__from_nike__to_you__fv8119-1_3_29596.png;https:\/\/images.novelship.com\/product\/_youth__nike_dunk_low__from_nike__to_you__fv8119-1_4_29596.png","twitter_misc":{"Dur\u00e9e de lecture estim\u00e9e":"1 minute"},"schema":{"@context":"https:\/\/schema.org","@graph":[{"@type":"WebPage","@id":"https:\/\/tourcruiser.com\/fr\/products\/youth-nike-dunk-low-from-nike-to-you-fv8119-161\/","url":"https:\/\/tourcruiser.com\/fr\/products\/youth-nike-dunk-low-from-nike-to-you-fv8119-161\/","name":"(Youth) Nike Dunk Low 'From Nike, To You' FV8119-161 - TOURCRUISER PTE. LTD","isPartOf":{"@id":"\/#website"},"primaryImageOfPage":{"@id":"https:\/\/tourcruiser.com\/fr\/products\/youth-nike-dunk-low-from-nike-to-you-fv8119-161\/#primaryimage"},"image":{"@id":"https:\/\/tourcruiser.com\/fr\/products\/youth-nike-dunk-low-from-nike-to-you-fv8119-161\/#primaryimage"},"thumbnailUrl":"https:\/\/images.novelship.com\/product\/_youth__nike_dunk_low__from_nike__to_you__fv8119-1_0_29595.jpeg;https:\/\/images.novelship.com\/product\/_youth__nike_dunk_low__from_nike__to_you__fv8119-1_1_29595.png;https:\/\/images.novelship.com\/product\/_youth__nike_dunk_low__from_nike__to_you__fv8119-1_2_29596.png;https:\/\/images.novelship.com\/product\/_youth__nike_dunk_low__from_nike__to_you__fv8119-1_3_29596.png;https:\/\/images.novelship.com\/product\/_youth__nike_dunk_low__from_nike__to_you__fv8119-1_4_29596.png","datePublished":"2026-04-16T10:05:25+00:00","dateModified":"2026-04-17T15:43:51+00:00","breadcrumb":{"@id":"https:\/\/tourcruiser.com\/fr\/products\/youth-nike-dunk-low-from-nike-to-you-fv8119-161\/#breadcrumb"},"inLanguage":"fr-FR","potentialAction":[{"@type":"ReadAction","target":["https:\/\/tourcruiser.com\/fr\/products\/youth-nike-dunk-low-from-nike-to-you-fv8119-161\/"]}]},{"@type":"ImageObject","inLanguage":"fr-FR","@id":"https:\/\/tourcruiser.com\/fr\/products\/youth-nike-dunk-low-from-nike-to-you-fv8119-161\/#primaryimage","url":"https:\/\/images.novelship.com\/product\/_youth__nike_dunk_low__from_nike__to_you__fv8119-1_0_29595.jpeg;https:\/\/images.novelship.com\/product\/_youth__nike_dunk_low__from_nike__to_you__fv8119-1_1_29595.png;https:\/\/images.novelship.com\/product\/_youth__nike_dunk_low__from_nike__to_you__fv8119-1_2_29596.png;https:\/\/images.novelship.com\/product\/_youth__nike_dunk_low__from_nike__to_you__fv8119-1_3_29596.png;https:\/\/images.novelship.com\/product\/_youth__nike_dunk_low__from_nike__to_you__fv8119-1_4_29596.png","contentUrl":"https:\/\/images.novelship.com\/product\/_youth__nike_dunk_low__from_nike__to_you__fv8119-1_0_29595.jpeg;https:\/\/images.novelship.com\/product\/_youth__nike_dunk_low__from_nike__to_you__fv8119-1_1_29595.png;https:\/\/images.novelship.com\/product\/_youth__nike_dunk_low__from_nike__to_you__fv8119-1_2_29596.png;https:\/\/images.novelship.com\/product\/_youth__nike_dunk_low__from_nike__to_you__fv8119-1_3_29596.png;https:\/\/images.novelship.com\/product\/_youth__nike_dunk_low__from_nike__to_you__fv8119-1_4_29596.png"},{"@type":"BreadcrumbList","@id":"https:\/\/tourcruiser.com\/fr\/products\/youth-nike-dunk-low-from-nike-to-you-fv8119-161\/#breadcrumb","itemListElement":[{"@type":"ListItem","position":1,"name":"Home","item":"https:\/\/tourcruiser.com\/fr\/"},{"@type":"ListItem","position":2,"name":"Shop","item":"https:\/\/tourcruiser.com\/fr\/shop\/"},{"@type":"ListItem","position":3,"name":"(Youth) Nike Dunk Low &#8216;From Nike, To You&#8217; FV8119-161"}]},{"@type":"WebSite","@id":"\/#website","url":"\/","name":"Styloral Jewelry Shop","description":"Tourcruiser Sneaker Store \u2014 L\u2019endroit o\u00f9 l\u2019univers rencontre votre singularit\u00e9.","publisher":{"@id":"\/#organization"},"potentialAction":[{"@type":"SearchAction","target":{"@type":"EntryPoint","urlTemplate":"\/?s={search_term_string}"},"query-input":{"@type":"PropertyValueSpecification","valueRequired":true,"valueName":"search_term_string"}}],"inLanguage":"fr-FR"},{"@type":"Organization","@id":"\/#organization","name":"STYLORAL PTE. LTD","url":"\/","logo":{"@type":"ImageObject","inLanguage":"fr-FR","@id":"\/#\/schema\/logo\/image\/","url":"https:\/\/www.tourcruiser.com\/wp-content\/uploads\/2025\/12\/logo.png","contentUrl":"https:\/\/www.tourcruiser.com\/wp-content\/uploads\/2025\/12\/logo.png","width":200,"height":65,"caption":"STYLORAL PTE. LTD"},"image":{"@id":"\/#\/schema\/logo\/image\/"}}]}},"_links":{"self":[{"href":"https:\/\/tourcruiser.com\/fr\/wp-json\/wp\/v2\/product\/755134","targetHints":{"allow":["GET"]}}],"collection":[{"href":"https:\/\/tourcruiser.com\/fr\/wp-json\/wp\/v2\/product"}],"about":[{"href":"https:\/\/tourcruiser.com\/fr\/wp-json\/wp\/v2\/types\/product"}],"replies":[{"embeddable":true,"href":"https:\/\/tourcruiser.com\/fr\/wp-json\/wp\/v2\/comments?post=755134"}],"wp:featuredmedia":[{"embeddable":true,"href":"https:\/\/tourcruiser.com\/fr\/wp-json\/wp\/v2\/media\/755135"}],"wp:attachment":[{"href":"https:\/\/tourcruiser.com\/fr\/wp-json\/wp\/v2\/media?parent=755134"}],"wp:term":[{"taxonomy":"product_brand","embeddable":true,"href":"https:\/\/tourcruiser.com\/fr\/wp-json\/wp\/v2\/product_brand?post=755134"},{"taxonomy":"product_cat","embeddable":true,"href":"https:\/\/tourcruiser.com\/fr\/wp-json\/wp\/v2\/product_cat?post=755134"},{"taxonomy":"product_tag","embeddable":true,"href":"https:\/\/tourcruiser.com\/fr\/wp-json\/wp\/v2\/product_tag?post=755134"}],"curies":[{"name":"wp","href":"https:\/\/api.w.org\/{rel}","templated":true}]}}