{"id":755125,"date":"2026-04-16T17:05:25","date_gmt":"2026-04-16T10:05:25","guid":{"rendered":"http:\/\/tourcruiser.com\/product\/nike-air-zoom-structure-25-summit-white-bronzine-dj7883-103"},"modified":"2026-04-17T22:43:52","modified_gmt":"2026-04-17T15:43:52","slug":"nike-air-zoom-structure-25-summit-white-bronzine-dj7883-103","status":"publish","type":"product","link":"https:\/\/tourcruiser.com\/fr\/products\/nike-air-zoom-structure-25-summit-white-bronzine-dj7883-103\/","title":{"rendered":"Nike Air Zoom Structure 25 &lsquo;Summit White Bronzine&rsquo; DJ7883-103"},"content":{"rendered":"<p>D\u00e9couvrez la Nike Air Zoom Structure 25 \u00ab\u00a0Summit White Bronzine\u00a0\u00bb, une chaussure offrant une stabilit\u00e9 et une r\u00e9activit\u00e9 exceptionnelles. Son syst\u00e8me de maintien dynamique (DSS) associe un mesh respirant \u00e0 des renforts strat\u00e9giques pour un ajustement s\u00fbr. L&rsquo;unit\u00e9 Zoom Air sur toute la longueur assure un amorti sup\u00e9rieur, tandis que le renfort de talon en TPU renforce la stabilit\u00e9. Sp\u00e9cialement con\u00e7ue pour les pronateurs, cette chaussure de running vous permet d&rsquo;aborder chaque foul\u00e9e avec confiance et confort.<\/p>\n<p>Code article\u00a0: DJ7883-103<\/p>\n<p>Tige\u00a0: Mesh<\/p>\n<p>Semelle interm\u00e9diaire\u00a0: Zoom Air<\/p>\n<p>Couleur\u00a0: Blanc<\/p>\n<p>Ann\u00e9e de sortie\u00a0: 2023<\/p>\n<p>\u00c2ge\u00a0: Adulte<\/p>\n<p>Couleur\u00a0: Blanc<\/p>\n<p>Genre\u00a0: Homme<\/p>\n","protected":false},"excerpt":{"rendered":"<p>D\u00e9couvrez la Nike Air Zoom Structure 25 \u00ab\u00a0Summit White Bronzine\u00a0\u00bb, une chaussure offrant une stabilit\u00e9 et une r\u00e9activit\u00e9 exceptionnelles. Son syst\u00e8me de maintien dynamique (DSS) associe un mesh respirant \u00e0 des renforts strat\u00e9giques pour un ajustement s\u00fbr. L&rsquo;unit\u00e9 Zoom Air sur toute la longueur assure un amorti sup\u00e9rieur, tandis que le renfort de talon en [&hellip;]<\/p>\n","protected":false},"featured_media":755126,"comment_status":"open","ping_status":"closed","template":"","meta":[],"product_brand":[],"product_cat":[10803],"product_tag":[10800,38839,38861,10753,10801,38846,10840],"class_list":{"0":"post-755125","1":"product","2":"type-product","3":"status-publish","4":"has-post-thumbnail","6":"product_cat-nike","7":"product_tag-basketball-shoes","8":"product_tag-basketball-shoes-with-ankle-support","9":"product_tag-below-retail-price","10":"product_tag-gift-for-him","11":"product_tag-nike","12":"product_tag-performance-sports-shoes","13":"product_tag-running-shoes","14":"wcpa_has_options","16":"first","17":"instock","18":"taxable","19":"shipping-taxable","20":"purchasable","21":"product-type-simple"},"wcpa_form_fields":{"rules":{"pric_overide_base_price":false,"pric_overide_base_price_if_gt_zero":false,"pric_overide_base_price_fully":false,"pric_cal_option_once":false,"pric_use_as_fee":false,"bind_quantity":false,"quantity_bind_formula":false},"fields":[{"type":"color-group","required":true,"elementId":"wcpa-color-group-66c4a75505e74","label":"Taille","inline":true,"priceOptions":"different_for_all","pricingType":"fixed","className":"hassizechart product-shoes-size-eu product-shoes-size","name":"color-group-66c4a75505e89","disp_type":"square","selection_type":"tick-border","disp_size":"44","show_label_inside":true,"adjust_width":true,"cart_display_type":"text","other_text":"Other","cl_rule":"show","col":6,"values":[{"label":"35.5","value":"EU 35.5","price":"","pimage":"","pimage_id":"","pthumb":"","color":""},{"label":"36","value":"EU 36","price":"","pimage":"","pimage_id":"","pthumb":"","color":"","selected":true},{"label":"36.5","value":"EU 36.5","price":"","pimage":"","pimage_id":"","pthumb":"","color":""},{"label":"37.5","value":"EU 37.5","price":"","pimage":"","pimage_id":"","pthumb":"","color":""},{"label":"38","value":"EU 38","price":"","pimage":"","pimage_id":"","pthumb":"","color":""},{"label":"38.5","value":"EU 38.5","price":"","pimage":"","pimage_id":"","pthumb":"","color":""},{"label":"39","value":"EU 39","price":"","pimage":"","pimage_id":"","pthumb":"","color":""},{"label":"40","value":"EU 40","price":"","pimage":"","pimage_id":"","pthumb":"","color":""},{"label":"40.5","value":"EU 40.5","price":"","pimage":"","pimage_id":"","pthumb":"","color":""},{"label":"41","value":"EU 41","price":"","pimage":"","pimage_id":"","pthumb":"","color":""},{"label":"42","value":"EU 42","price":"","pimage":"","pimage_id":"","pthumb":"","color":""},{"label":"42.5","value":"EU 42.5","price":"","pimage":"","pimage_id":"","pthumb":"","color":""},{"label":"43","value":"EU 43","price":"","pimage":"","pimage_id":"","pthumb":"","color":""},{"label":"44","value":"EU 44","price":"","pimage":"","pimage_id":"","pthumb":"","color":""},{"label":"44.5","value":"EU 44.5","price":"","pimage":"","pimage_id":"","pthumb":"","color":""},{"label":"45","value":"EU 45","price":"","pimage":"","pimage_id":"","pthumb":"","color":""},{"label":"45.5","value":"EU 45.5","price":"","pimage":"","pimage_id":"","pthumb":"","color":""},{"label":"46","value":"EU 46","price":"","pimage":"","pimage_id":"","pthumb":"","color":""},{"label":"47","value":"EU 47","price":"","pimage":"","pimage_id":"","pthumb":"","color":""},{"label":"47.5","value":"EU 47.5","price":"","pimage":"","pimage_id":"","pthumb":"","color":""},{"label":"48","value":"EU 48","price":"","pimage":"","pimage_id":"","pthumb":"","color":""}],"relations":[{"operator":false,"rules":[]}],"form_id":18106,"form_rules":{"pric_cal_option_once":false,"exclude_from_discount":false,"pric_use_as_fee":false,"fee_label":"Fee","render_after_acb":false,"disp_hide_options_price":false}}]},"yoast_head":"<!-- This site is optimized with the Yoast SEO plugin v26.5 - https:\/\/yoast.com\/wordpress\/plugins\/seo\/ -->\n<title>Nike Air Zoom Structure 25 &#039;Summit White Bronzine&#039; DJ7883-103 - TOURCRUISER PTE. LTD<\/title>\n<meta name=\"robots\" content=\"index, follow, max-snippet:-1, max-image-preview:large, max-video-preview:-1\" \/>\n<link rel=\"canonical\" href=\"https:\/\/tourcruiser.com\/fr\/products\/nike-air-zoom-structure-25-summit-white-bronzine-dj7883-103\/\" \/>\n<meta property=\"og:locale\" content=\"fr_FR\" \/>\n<meta property=\"og:type\" content=\"article\" \/>\n<meta property=\"og:title\" content=\"Nike Air Zoom Structure 25 &#039;Summit White Bronzine&#039; DJ7883-103 - TOURCRUISER PTE. LTD\" \/>\n<meta property=\"og:description\" content=\"D\u00e9couvrez la Nike Air Zoom Structure 25 \u00ab\u00a0Summit White Bronzine\u00a0\u00bb, une chaussure offrant une stabilit\u00e9 et une r\u00e9activit\u00e9 exceptionnelles. Son syst\u00e8me de maintien dynamique (DSS) associe un mesh respirant \u00e0 des renforts strat\u00e9giques pour un ajustement s\u00fbr. L&rsquo;unit\u00e9 Zoom Air sur toute la longueur assure un amorti sup\u00e9rieur, tandis que le renfort de talon en [&hellip;]\" \/>\n<meta property=\"og:url\" content=\"https:\/\/tourcruiser.com\/fr\/products\/nike-air-zoom-structure-25-summit-white-bronzine-dj7883-103\/\" \/>\n<meta property=\"og:site_name\" content=\"Tourcruiser Sneaker Store\" \/>\n<meta property=\"article:modified_time\" content=\"2026-04-17T15:43:52+00:00\" \/>\n<meta name=\"twitter:card\" content=\"summary_large_image\" \/>\n<meta name=\"twitter:image\" content=\"https:\/\/images.novelship.com\/product\/nike_air_zoom_structure_25__summit_white_bronzine__0_7789.jpeg;https:\/\/images.novelship.com\/product\/nike_air_zoom_structure_25__summit_white_bronzine__1_7789.jpeg;https:\/\/images.novelship.com\/product\/nike_air_zoom_structure_25__summit_white_bronzine__2_7789.jpeg;https:\/\/images.novelship.com\/product\/nike_air_zoom_structure_25__summit_white_bronzine__3_7789.jpeg;https:\/\/images.novelship.com\/product\/nike_air_zoom_structure_25__summit_white_bronzine__4_7789.jpeg;https:\/\/images.novelship.com\/product\/nike_air_zoom_structure_25__summit_white_bronzine__5_7789.jpeg;https:\/\/images.novelship.com\/product\/nike_air_zoom_structure_25__summit_white_bronzine__6_7789.jpeg;https:\/\/images.novelship.com\/product\/nike_air_zoom_structure_25__summit_white_bronzine__7_7789.jpeg\" \/>\n<meta name=\"twitter:label1\" content=\"Dur\u00e9e de lecture estim\u00e9e\" \/>\n\t<meta name=\"twitter:data1\" content=\"1 minute\" \/>\n<script type=\"application\/ld+json\" class=\"yoast-schema-graph\">{\"@context\":\"https:\/\/schema.org\",\"@graph\":[{\"@type\":\"WebPage\",\"@id\":\"https:\/\/tourcruiser.com\/fr\/products\/nike-air-zoom-structure-25-summit-white-bronzine-dj7883-103\/\",\"url\":\"https:\/\/tourcruiser.com\/fr\/products\/nike-air-zoom-structure-25-summit-white-bronzine-dj7883-103\/\",\"name\":\"Nike Air Zoom Structure 25 'Summit White Bronzine' DJ7883-103 - TOURCRUISER PTE. LTD\",\"isPartOf\":{\"@id\":\"https:\/\/tourcruiser.com\/fr\/#website\"},\"primaryImageOfPage\":{\"@id\":\"https:\/\/tourcruiser.com\/fr\/products\/nike-air-zoom-structure-25-summit-white-bronzine-dj7883-103\/#primaryimage\"},\"image\":{\"@id\":\"https:\/\/tourcruiser.com\/fr\/products\/nike-air-zoom-structure-25-summit-white-bronzine-dj7883-103\/#primaryimage\"},\"thumbnailUrl\":\"https:\/\/images.novelship.com\/product\/nike_air_zoom_structure_25__summit_white_bronzine__0_7789.jpeg;https:\/\/images.novelship.com\/product\/nike_air_zoom_structure_25__summit_white_bronzine__1_7789.jpeg;https:\/\/images.novelship.com\/product\/nike_air_zoom_structure_25__summit_white_bronzine__2_7789.jpeg;https:\/\/images.novelship.com\/product\/nike_air_zoom_structure_25__summit_white_bronzine__3_7789.jpeg;https:\/\/images.novelship.com\/product\/nike_air_zoom_structure_25__summit_white_bronzine__4_7789.jpeg;https:\/\/images.novelship.com\/product\/nike_air_zoom_structure_25__summit_white_bronzine__5_7789.jpeg;https:\/\/images.novelship.com\/product\/nike_air_zoom_structure_25__summit_white_bronzine__6_7789.jpeg;https:\/\/images.novelship.com\/product\/nike_air_zoom_structure_25__summit_white_bronzine__7_7789.jpeg\",\"datePublished\":\"2026-04-16T10:05:25+00:00\",\"dateModified\":\"2026-04-17T15:43:52+00:00\",\"breadcrumb\":{\"@id\":\"https:\/\/tourcruiser.com\/fr\/products\/nike-air-zoom-structure-25-summit-white-bronzine-dj7883-103\/#breadcrumb\"},\"inLanguage\":\"fr-FR\",\"potentialAction\":[{\"@type\":\"ReadAction\",\"target\":[\"https:\/\/tourcruiser.com\/fr\/products\/nike-air-zoom-structure-25-summit-white-bronzine-dj7883-103\/\"]}]},{\"@type\":\"ImageObject\",\"inLanguage\":\"fr-FR\",\"@id\":\"https:\/\/tourcruiser.com\/fr\/products\/nike-air-zoom-structure-25-summit-white-bronzine-dj7883-103\/#primaryimage\",\"url\":\"https:\/\/images.novelship.com\/product\/nike_air_zoom_structure_25__summit_white_bronzine__0_7789.jpeg;https:\/\/images.novelship.com\/product\/nike_air_zoom_structure_25__summit_white_bronzine__1_7789.jpeg;https:\/\/images.novelship.com\/product\/nike_air_zoom_structure_25__summit_white_bronzine__2_7789.jpeg;https:\/\/images.novelship.com\/product\/nike_air_zoom_structure_25__summit_white_bronzine__3_7789.jpeg;https:\/\/images.novelship.com\/product\/nike_air_zoom_structure_25__summit_white_bronzine__4_7789.jpeg;https:\/\/images.novelship.com\/product\/nike_air_zoom_structure_25__summit_white_bronzine__5_7789.jpeg;https:\/\/images.novelship.com\/product\/nike_air_zoom_structure_25__summit_white_bronzine__6_7789.jpeg;https:\/\/images.novelship.com\/product\/nike_air_zoom_structure_25__summit_white_bronzine__7_7789.jpeg\",\"contentUrl\":\"https:\/\/images.novelship.com\/product\/nike_air_zoom_structure_25__summit_white_bronzine__0_7789.jpeg;https:\/\/images.novelship.com\/product\/nike_air_zoom_structure_25__summit_white_bronzine__1_7789.jpeg;https:\/\/images.novelship.com\/product\/nike_air_zoom_structure_25__summit_white_bronzine__2_7789.jpeg;https:\/\/images.novelship.com\/product\/nike_air_zoom_structure_25__summit_white_bronzine__3_7789.jpeg;https:\/\/images.novelship.com\/product\/nike_air_zoom_structure_25__summit_white_bronzine__4_7789.jpeg;https:\/\/images.novelship.com\/product\/nike_air_zoom_structure_25__summit_white_bronzine__5_7789.jpeg;https:\/\/images.novelship.com\/product\/nike_air_zoom_structure_25__summit_white_bronzine__6_7789.jpeg;https:\/\/images.novelship.com\/product\/nike_air_zoom_structure_25__summit_white_bronzine__7_7789.jpeg\"},{\"@type\":\"BreadcrumbList\",\"@id\":\"https:\/\/tourcruiser.com\/fr\/products\/nike-air-zoom-structure-25-summit-white-bronzine-dj7883-103\/#breadcrumb\",\"itemListElement\":[{\"@type\":\"ListItem\",\"position\":1,\"name\":\"Home\",\"item\":\"https:\/\/tourcruiser.com\/fr\/\"},{\"@type\":\"ListItem\",\"position\":2,\"name\":\"Shop\",\"item\":\"https:\/\/tourcruiser.com\/fr\/shop\/\"},{\"@type\":\"ListItem\",\"position\":3,\"name\":\"Nike Air Zoom Structure 25 &#8216;Summit White Bronzine&#8217; DJ7883-103\"}]},{\"@type\":\"WebSite\",\"@id\":\"https:\/\/tourcruiser.com\/fr\/#website\",\"url\":\"https:\/\/tourcruiser.com\/fr\/\",\"name\":\"Styloral Jewelry Shop\",\"description\":\"Tourcruiser Sneaker Store \u2014 L\u2019endroit o\u00f9 l\u2019univers rencontre votre singularit\u00e9.\",\"publisher\":{\"@id\":\"https:\/\/tourcruiser.com\/fr\/#organization\"},\"potentialAction\":[{\"@type\":\"SearchAction\",\"target\":{\"@type\":\"EntryPoint\",\"urlTemplate\":\"https:\/\/tourcruiser.com\/fr\/?s={search_term_string}\"},\"query-input\":{\"@type\":\"PropertyValueSpecification\",\"valueRequired\":true,\"valueName\":\"search_term_string\"}}],\"inLanguage\":\"fr-FR\"},{\"@type\":\"Organization\",\"@id\":\"https:\/\/tourcruiser.com\/fr\/#organization\",\"name\":\"STYLORAL PTE. LTD\",\"url\":\"https:\/\/tourcruiser.com\/fr\/\",\"logo\":{\"@type\":\"ImageObject\",\"inLanguage\":\"fr-FR\",\"@id\":\"https:\/\/tourcruiser.com\/fr\/#\/schema\/logo\/image\/\",\"url\":\"https:\/\/www.tourcruiser.com\/wp-content\/uploads\/2025\/12\/logo.png\",\"contentUrl\":\"https:\/\/www.tourcruiser.com\/wp-content\/uploads\/2025\/12\/logo.png\",\"width\":200,\"height\":65,\"caption\":\"STYLORAL PTE. LTD\"},\"image\":{\"@id\":\"https:\/\/tourcruiser.com\/fr\/#\/schema\/logo\/image\/\"}}]}<\/script>\n<!-- \/ Yoast SEO plugin. -->","yoast_head_json":{"title":"Nike Air Zoom Structure 25 'Summit White Bronzine' DJ7883-103 - TOURCRUISER PTE. LTD","robots":{"index":"index","follow":"follow","max-snippet":"max-snippet:-1","max-image-preview":"max-image-preview:large","max-video-preview":"max-video-preview:-1"},"canonical":"https:\/\/tourcruiser.com\/fr\/products\/nike-air-zoom-structure-25-summit-white-bronzine-dj7883-103\/","og_locale":"fr_FR","og_type":"article","og_title":"Nike Air Zoom Structure 25 'Summit White Bronzine' DJ7883-103 - TOURCRUISER PTE. LTD","og_description":"D\u00e9couvrez la Nike Air Zoom Structure 25 \u00ab\u00a0Summit White Bronzine\u00a0\u00bb, une chaussure offrant une stabilit\u00e9 et une r\u00e9activit\u00e9 exceptionnelles. Son syst\u00e8me de maintien dynamique (DSS) associe un mesh respirant \u00e0 des renforts strat\u00e9giques pour un ajustement s\u00fbr. L&rsquo;unit\u00e9 Zoom Air sur toute la longueur assure un amorti sup\u00e9rieur, tandis que le renfort de talon en [&hellip;]","og_url":"https:\/\/tourcruiser.com\/fr\/products\/nike-air-zoom-structure-25-summit-white-bronzine-dj7883-103\/","og_site_name":"Tourcruiser Sneaker Store","article_modified_time":"2026-04-17T15:43:52+00:00","twitter_card":"summary_large_image","twitter_image":"https:\/\/images.novelship.com\/product\/nike_air_zoom_structure_25__summit_white_bronzine__0_7789.jpeg;https:\/\/images.novelship.com\/product\/nike_air_zoom_structure_25__summit_white_bronzine__1_7789.jpeg;https:\/\/images.novelship.com\/product\/nike_air_zoom_structure_25__summit_white_bronzine__2_7789.jpeg;https:\/\/images.novelship.com\/product\/nike_air_zoom_structure_25__summit_white_bronzine__3_7789.jpeg;https:\/\/images.novelship.com\/product\/nike_air_zoom_structure_25__summit_white_bronzine__4_7789.jpeg;https:\/\/images.novelship.com\/product\/nike_air_zoom_structure_25__summit_white_bronzine__5_7789.jpeg;https:\/\/images.novelship.com\/product\/nike_air_zoom_structure_25__summit_white_bronzine__6_7789.jpeg;https:\/\/images.novelship.com\/product\/nike_air_zoom_structure_25__summit_white_bronzine__7_7789.jpeg","twitter_misc":{"Dur\u00e9e de lecture estim\u00e9e":"1 minute"},"schema":{"@context":"https:\/\/schema.org","@graph":[{"@type":"WebPage","@id":"https:\/\/tourcruiser.com\/fr\/products\/nike-air-zoom-structure-25-summit-white-bronzine-dj7883-103\/","url":"https:\/\/tourcruiser.com\/fr\/products\/nike-air-zoom-structure-25-summit-white-bronzine-dj7883-103\/","name":"Nike Air Zoom Structure 25 'Summit White Bronzine' DJ7883-103 - TOURCRUISER PTE. LTD","isPartOf":{"@id":"https:\/\/tourcruiser.com\/fr\/#website"},"primaryImageOfPage":{"@id":"https:\/\/tourcruiser.com\/fr\/products\/nike-air-zoom-structure-25-summit-white-bronzine-dj7883-103\/#primaryimage"},"image":{"@id":"https:\/\/tourcruiser.com\/fr\/products\/nike-air-zoom-structure-25-summit-white-bronzine-dj7883-103\/#primaryimage"},"thumbnailUrl":"https:\/\/images.novelship.com\/product\/nike_air_zoom_structure_25__summit_white_bronzine__0_7789.jpeg;https:\/\/images.novelship.com\/product\/nike_air_zoom_structure_25__summit_white_bronzine__1_7789.jpeg;https:\/\/images.novelship.com\/product\/nike_air_zoom_structure_25__summit_white_bronzine__2_7789.jpeg;https:\/\/images.novelship.com\/product\/nike_air_zoom_structure_25__summit_white_bronzine__3_7789.jpeg;https:\/\/images.novelship.com\/product\/nike_air_zoom_structure_25__summit_white_bronzine__4_7789.jpeg;https:\/\/images.novelship.com\/product\/nike_air_zoom_structure_25__summit_white_bronzine__5_7789.jpeg;https:\/\/images.novelship.com\/product\/nike_air_zoom_structure_25__summit_white_bronzine__6_7789.jpeg;https:\/\/images.novelship.com\/product\/nike_air_zoom_structure_25__summit_white_bronzine__7_7789.jpeg","datePublished":"2026-04-16T10:05:25+00:00","dateModified":"2026-04-17T15:43:52+00:00","breadcrumb":{"@id":"https:\/\/tourcruiser.com\/fr\/products\/nike-air-zoom-structure-25-summit-white-bronzine-dj7883-103\/#breadcrumb"},"inLanguage":"fr-FR","potentialAction":[{"@type":"ReadAction","target":["https:\/\/tourcruiser.com\/fr\/products\/nike-air-zoom-structure-25-summit-white-bronzine-dj7883-103\/"]}]},{"@type":"ImageObject","inLanguage":"fr-FR","@id":"https:\/\/tourcruiser.com\/fr\/products\/nike-air-zoom-structure-25-summit-white-bronzine-dj7883-103\/#primaryimage","url":"https:\/\/images.novelship.com\/product\/nike_air_zoom_structure_25__summit_white_bronzine__0_7789.jpeg;https:\/\/images.novelship.com\/product\/nike_air_zoom_structure_25__summit_white_bronzine__1_7789.jpeg;https:\/\/images.novelship.com\/product\/nike_air_zoom_structure_25__summit_white_bronzine__2_7789.jpeg;https:\/\/images.novelship.com\/product\/nike_air_zoom_structure_25__summit_white_bronzine__3_7789.jpeg;https:\/\/images.novelship.com\/product\/nike_air_zoom_structure_25__summit_white_bronzine__4_7789.jpeg;https:\/\/images.novelship.com\/product\/nike_air_zoom_structure_25__summit_white_bronzine__5_7789.jpeg;https:\/\/images.novelship.com\/product\/nike_air_zoom_structure_25__summit_white_bronzine__6_7789.jpeg;https:\/\/images.novelship.com\/product\/nike_air_zoom_structure_25__summit_white_bronzine__7_7789.jpeg","contentUrl":"https:\/\/images.novelship.com\/product\/nike_air_zoom_structure_25__summit_white_bronzine__0_7789.jpeg;https:\/\/images.novelship.com\/product\/nike_air_zoom_structure_25__summit_white_bronzine__1_7789.jpeg;https:\/\/images.novelship.com\/product\/nike_air_zoom_structure_25__summit_white_bronzine__2_7789.jpeg;https:\/\/images.novelship.com\/product\/nike_air_zoom_structure_25__summit_white_bronzine__3_7789.jpeg;https:\/\/images.novelship.com\/product\/nike_air_zoom_structure_25__summit_white_bronzine__4_7789.jpeg;https:\/\/images.novelship.com\/product\/nike_air_zoom_structure_25__summit_white_bronzine__5_7789.jpeg;https:\/\/images.novelship.com\/product\/nike_air_zoom_structure_25__summit_white_bronzine__6_7789.jpeg;https:\/\/images.novelship.com\/product\/nike_air_zoom_structure_25__summit_white_bronzine__7_7789.jpeg"},{"@type":"BreadcrumbList","@id":"https:\/\/tourcruiser.com\/fr\/products\/nike-air-zoom-structure-25-summit-white-bronzine-dj7883-103\/#breadcrumb","itemListElement":[{"@type":"ListItem","position":1,"name":"Home","item":"https:\/\/tourcruiser.com\/fr\/"},{"@type":"ListItem","position":2,"name":"Shop","item":"https:\/\/tourcruiser.com\/fr\/shop\/"},{"@type":"ListItem","position":3,"name":"Nike Air Zoom Structure 25 &#8216;Summit White Bronzine&#8217; DJ7883-103"}]},{"@type":"WebSite","@id":"https:\/\/tourcruiser.com\/fr\/#website","url":"https:\/\/tourcruiser.com\/fr\/","name":"Styloral Jewelry Shop","description":"Tourcruiser Sneaker Store \u2014 L\u2019endroit o\u00f9 l\u2019univers rencontre votre singularit\u00e9.","publisher":{"@id":"https:\/\/tourcruiser.com\/fr\/#organization"},"potentialAction":[{"@type":"SearchAction","target":{"@type":"EntryPoint","urlTemplate":"https:\/\/tourcruiser.com\/fr\/?s={search_term_string}"},"query-input":{"@type":"PropertyValueSpecification","valueRequired":true,"valueName":"search_term_string"}}],"inLanguage":"fr-FR"},{"@type":"Organization","@id":"https:\/\/tourcruiser.com\/fr\/#organization","name":"STYLORAL PTE. LTD","url":"https:\/\/tourcruiser.com\/fr\/","logo":{"@type":"ImageObject","inLanguage":"fr-FR","@id":"https:\/\/tourcruiser.com\/fr\/#\/schema\/logo\/image\/","url":"https:\/\/www.tourcruiser.com\/wp-content\/uploads\/2025\/12\/logo.png","contentUrl":"https:\/\/www.tourcruiser.com\/wp-content\/uploads\/2025\/12\/logo.png","width":200,"height":65,"caption":"STYLORAL PTE. LTD"},"image":{"@id":"https:\/\/tourcruiser.com\/fr\/#\/schema\/logo\/image\/"}}]}},"_links":{"self":[{"href":"https:\/\/tourcruiser.com\/fr\/wp-json\/wp\/v2\/product\/755125","targetHints":{"allow":["GET"]}}],"collection":[{"href":"https:\/\/tourcruiser.com\/fr\/wp-json\/wp\/v2\/product"}],"about":[{"href":"https:\/\/tourcruiser.com\/fr\/wp-json\/wp\/v2\/types\/product"}],"replies":[{"embeddable":true,"href":"https:\/\/tourcruiser.com\/fr\/wp-json\/wp\/v2\/comments?post=755125"}],"wp:featuredmedia":[{"embeddable":true,"href":"https:\/\/tourcruiser.com\/fr\/wp-json\/wp\/v2\/media\/755126"}],"wp:attachment":[{"href":"https:\/\/tourcruiser.com\/fr\/wp-json\/wp\/v2\/media?parent=755125"}],"wp:term":[{"taxonomy":"product_brand","embeddable":true,"href":"https:\/\/tourcruiser.com\/fr\/wp-json\/wp\/v2\/product_brand?post=755125"},{"taxonomy":"product_cat","embeddable":true,"href":"https:\/\/tourcruiser.com\/fr\/wp-json\/wp\/v2\/product_cat?post=755125"},{"taxonomy":"product_tag","embeddable":true,"href":"https:\/\/tourcruiser.com\/fr\/wp-json\/wp\/v2\/product_tag?post=755125"}],"curies":[{"name":"wp","href":"https:\/\/api.w.org\/{rel}","templated":true}]}}