{"id":754873,"date":"2026-04-16T17:05:13","date_gmt":"2026-04-16T10:05:13","guid":{"rendered":"http:\/\/tourcruiser.com\/product\/nike-air-zoom-rival-fly-3-white-lime-blast-ct2405-199"},"modified":"2026-04-17T22:43:28","modified_gmt":"2026-04-17T15:43:28","slug":"nike-air-zoom-rival-fly-3-white-lime-blast-ct2405-199","status":"publish","type":"product","link":"https:\/\/tourcruiser.com\/fr\/products\/nike-air-zoom-rival-fly-3-white-lime-blast-ct2405-199\/","title":{"rendered":"Nike Air Zoom Rival Fly 3 &lsquo;White Lime Blast&rsquo; CT2405-199"},"content":{"rendered":"<p>Les sneakers Nike Air Zoom Rival Fly 3 Blanc Citron Vert offrent une combinaison parfaite de style et de confort. Con\u00e7ues par Nike, elles sont id\u00e9ales pour les athl\u00e8tes et au quotidien. Leur design blanc \u00e9pur\u00e9 et leurs touches de vert citron vif affirment un style audacieux. La technologie Air Zoom assure un amorti et un maintien optimaux pour vos entra\u00eenements et vos courses. D\u00e9couvrez un confort et un style incomparables avec les sneakers Nike Air Zoom Rival Fly 3 Blanc Citron Vert.<\/p>\n<p>Couleur : Blanc<\/p>\n<p>R\u00e9f\u00e9rence : CT2405-199<\/p>\n<p>Tige : Mesh<\/p>\n<p>Semelle interm\u00e9diaire : Zoom Air<\/p>\n<p>Ann\u00e9e de sortie : 2023<\/p>\n<p>\u00c2ge : Adulte<\/p>\n<p>Couleur : Blanc\/Noir\/Gris\/Rouge<\/p>\n<p>Genre : Homme<\/p>\n","protected":false},"excerpt":{"rendered":"<p>Les sneakers Nike Air Zoom Rival Fly 3 Blanc Citron Vert offrent une combinaison parfaite de style et de confort. Con\u00e7ues par Nike, elles sont id\u00e9ales pour les athl\u00e8tes et au quotidien. Leur design blanc \u00e9pur\u00e9 et leurs touches de vert citron vif affirment un style audacieux. La technologie Air Zoom assure un amorti et [&hellip;]<\/p>\n","protected":false},"featured_media":754874,"comment_status":"open","ping_status":"closed","template":"","meta":[],"product_brand":[],"product_cat":[10803],"product_tag":[38861,39006,10839,38846,10840],"class_list":{"0":"post-754873","1":"product","2":"type-product","3":"status-publish","4":"has-post-thumbnail","6":"product_cat-nike","7":"product_tag-below-retail-price","8":"product_tag-gift-idea-for-him-lightweight-running-shoes-from-nike","9":"product_tag-performance-running-shoes","10":"product_tag-performance-sports-shoes","11":"product_tag-running-shoes","12":"wcpa_has_options","14":"first","15":"instock","16":"taxable","17":"shipping-taxable","18":"purchasable","19":"product-type-simple"},"wcpa_form_fields":{"rules":{"pric_overide_base_price":false,"pric_overide_base_price_if_gt_zero":false,"pric_overide_base_price_fully":false,"pric_cal_option_once":false,"pric_use_as_fee":false,"bind_quantity":false,"quantity_bind_formula":false},"fields":[{"type":"color-group","required":true,"elementId":"wcpa-color-group-66c4a75505e74","label":"Taille","inline":true,"priceOptions":"different_for_all","pricingType":"fixed","className":"hassizechart product-shoes-size-eu product-shoes-size","name":"color-group-66c4a75505e89","disp_type":"square","selection_type":"tick-border","disp_size":"44","show_label_inside":true,"adjust_width":true,"cart_display_type":"text","other_text":"Other","cl_rule":"show","col":6,"values":[{"label":"35.5","value":"EU 35.5","price":"","pimage":"","pimage_id":"","pthumb":"","color":""},{"label":"36","value":"EU 36","price":"","pimage":"","pimage_id":"","pthumb":"","color":"","selected":true},{"label":"36.5","value":"EU 36.5","price":"","pimage":"","pimage_id":"","pthumb":"","color":""},{"label":"37.5","value":"EU 37.5","price":"","pimage":"","pimage_id":"","pthumb":"","color":""},{"label":"38","value":"EU 38","price":"","pimage":"","pimage_id":"","pthumb":"","color":""},{"label":"38.5","value":"EU 38.5","price":"","pimage":"","pimage_id":"","pthumb":"","color":""},{"label":"39","value":"EU 39","price":"","pimage":"","pimage_id":"","pthumb":"","color":""},{"label":"40","value":"EU 40","price":"","pimage":"","pimage_id":"","pthumb":"","color":""},{"label":"40.5","value":"EU 40.5","price":"","pimage":"","pimage_id":"","pthumb":"","color":""},{"label":"41","value":"EU 41","price":"","pimage":"","pimage_id":"","pthumb":"","color":""},{"label":"42","value":"EU 42","price":"","pimage":"","pimage_id":"","pthumb":"","color":""},{"label":"42.5","value":"EU 42.5","price":"","pimage":"","pimage_id":"","pthumb":"","color":""},{"label":"43","value":"EU 43","price":"","pimage":"","pimage_id":"","pthumb":"","color":""},{"label":"44","value":"EU 44","price":"","pimage":"","pimage_id":"","pthumb":"","color":""},{"label":"44.5","value":"EU 44.5","price":"","pimage":"","pimage_id":"","pthumb":"","color":""},{"label":"45","value":"EU 45","price":"","pimage":"","pimage_id":"","pthumb":"","color":""},{"label":"45.5","value":"EU 45.5","price":"","pimage":"","pimage_id":"","pthumb":"","color":""},{"label":"46","value":"EU 46","price":"","pimage":"","pimage_id":"","pthumb":"","color":""},{"label":"47","value":"EU 47","price":"","pimage":"","pimage_id":"","pthumb":"","color":""},{"label":"47.5","value":"EU 47.5","price":"","pimage":"","pimage_id":"","pthumb":"","color":""},{"label":"48","value":"EU 48","price":"","pimage":"","pimage_id":"","pthumb":"","color":""}],"relations":[{"operator":false,"rules":[]}],"form_id":18106,"form_rules":{"pric_cal_option_once":false,"exclude_from_discount":false,"pric_use_as_fee":false,"fee_label":"Fee","render_after_acb":false,"disp_hide_options_price":false}}]},"yoast_head":"<!-- This site is optimized with the Yoast SEO plugin v26.5 - https:\/\/yoast.com\/wordpress\/plugins\/seo\/ -->\n<title>Nike Air Zoom Rival Fly 3 &#039;White Lime Blast&#039; CT2405-199 - TOURCRUISER PTE. LTD<\/title>\n<meta name=\"robots\" content=\"index, follow, max-snippet:-1, max-image-preview:large, max-video-preview:-1\" \/>\n<link rel=\"canonical\" href=\"https:\/\/tourcruiser.com\/fr\/products\/nike-air-zoom-rival-fly-3-white-lime-blast-ct2405-199\/\" \/>\n<meta property=\"og:locale\" content=\"fr_FR\" \/>\n<meta property=\"og:type\" content=\"article\" \/>\n<meta property=\"og:title\" content=\"Nike Air Zoom Rival Fly 3 &#039;White Lime Blast&#039; CT2405-199 - TOURCRUISER PTE. LTD\" \/>\n<meta property=\"og:description\" content=\"Les sneakers Nike Air Zoom Rival Fly 3 Blanc Citron Vert offrent une combinaison parfaite de style et de confort. Con\u00e7ues par Nike, elles sont id\u00e9ales pour les athl\u00e8tes et au quotidien. Leur design blanc \u00e9pur\u00e9 et leurs touches de vert citron vif affirment un style audacieux. La technologie Air Zoom assure un amorti et [&hellip;]\" \/>\n<meta property=\"og:url\" content=\"https:\/\/tourcruiser.com\/fr\/products\/nike-air-zoom-rival-fly-3-white-lime-blast-ct2405-199\/\" \/>\n<meta property=\"og:site_name\" content=\"Tourcruiser Sneaker Store\" \/>\n<meta property=\"article:modified_time\" content=\"2026-04-17T15:43:28+00:00\" \/>\n<meta name=\"twitter:card\" content=\"summary_large_image\" \/>\n<meta name=\"twitter:image\" content=\"https:\/\/images.novelship.com\/product\/nike_air_zoom_rival_fly_3__white_lime_blast__ct240_0_57908.jpeg;https:\/\/images.novelship.com\/product\/nike_air_zoom_rival_fly_3__white_lime_blast__ct240_1_57908.jpeg;https:\/\/images.novelship.com\/product\/nike_air_zoom_rival_fly_3__white_lime_blast__ct240_2_57908.jpeg;https:\/\/images.novelship.com\/product\/nike_air_zoom_rival_fly_3__white_lime_blast__ct240_3_57908.jpeg;https:\/\/images.novelship.com\/product\/nike_air_zoom_rival_fly_3__white_lime_blast__ct240_4_57908.jpeg\" \/>\n<meta name=\"twitter:label1\" content=\"Dur\u00e9e de lecture estim\u00e9e\" \/>\n\t<meta name=\"twitter:data1\" content=\"1 minute\" \/>\n<script type=\"application\/ld+json\" class=\"yoast-schema-graph\">{\"@context\":\"https:\/\/schema.org\",\"@graph\":[{\"@type\":\"WebPage\",\"@id\":\"https:\/\/tourcruiser.com\/fr\/products\/nike-air-zoom-rival-fly-3-white-lime-blast-ct2405-199\/\",\"url\":\"https:\/\/tourcruiser.com\/fr\/products\/nike-air-zoom-rival-fly-3-white-lime-blast-ct2405-199\/\",\"name\":\"Nike Air Zoom Rival Fly 3 'White Lime Blast' CT2405-199 - TOURCRUISER PTE. LTD\",\"isPartOf\":{\"@id\":\"https:\/\/tourcruiser.com\/fr\/#website\"},\"primaryImageOfPage\":{\"@id\":\"https:\/\/tourcruiser.com\/fr\/products\/nike-air-zoom-rival-fly-3-white-lime-blast-ct2405-199\/#primaryimage\"},\"image\":{\"@id\":\"https:\/\/tourcruiser.com\/fr\/products\/nike-air-zoom-rival-fly-3-white-lime-blast-ct2405-199\/#primaryimage\"},\"thumbnailUrl\":\"https:\/\/images.novelship.com\/product\/nike_air_zoom_rival_fly_3__white_lime_blast__ct240_0_57908.jpeg;https:\/\/images.novelship.com\/product\/nike_air_zoom_rival_fly_3__white_lime_blast__ct240_1_57908.jpeg;https:\/\/images.novelship.com\/product\/nike_air_zoom_rival_fly_3__white_lime_blast__ct240_2_57908.jpeg;https:\/\/images.novelship.com\/product\/nike_air_zoom_rival_fly_3__white_lime_blast__ct240_3_57908.jpeg;https:\/\/images.novelship.com\/product\/nike_air_zoom_rival_fly_3__white_lime_blast__ct240_4_57908.jpeg\",\"datePublished\":\"2026-04-16T10:05:13+00:00\",\"dateModified\":\"2026-04-17T15:43:28+00:00\",\"breadcrumb\":{\"@id\":\"https:\/\/tourcruiser.com\/fr\/products\/nike-air-zoom-rival-fly-3-white-lime-blast-ct2405-199\/#breadcrumb\"},\"inLanguage\":\"fr-FR\",\"potentialAction\":[{\"@type\":\"ReadAction\",\"target\":[\"https:\/\/tourcruiser.com\/fr\/products\/nike-air-zoom-rival-fly-3-white-lime-blast-ct2405-199\/\"]}]},{\"@type\":\"ImageObject\",\"inLanguage\":\"fr-FR\",\"@id\":\"https:\/\/tourcruiser.com\/fr\/products\/nike-air-zoom-rival-fly-3-white-lime-blast-ct2405-199\/#primaryimage\",\"url\":\"https:\/\/images.novelship.com\/product\/nike_air_zoom_rival_fly_3__white_lime_blast__ct240_0_57908.jpeg;https:\/\/images.novelship.com\/product\/nike_air_zoom_rival_fly_3__white_lime_blast__ct240_1_57908.jpeg;https:\/\/images.novelship.com\/product\/nike_air_zoom_rival_fly_3__white_lime_blast__ct240_2_57908.jpeg;https:\/\/images.novelship.com\/product\/nike_air_zoom_rival_fly_3__white_lime_blast__ct240_3_57908.jpeg;https:\/\/images.novelship.com\/product\/nike_air_zoom_rival_fly_3__white_lime_blast__ct240_4_57908.jpeg\",\"contentUrl\":\"https:\/\/images.novelship.com\/product\/nike_air_zoom_rival_fly_3__white_lime_blast__ct240_0_57908.jpeg;https:\/\/images.novelship.com\/product\/nike_air_zoom_rival_fly_3__white_lime_blast__ct240_1_57908.jpeg;https:\/\/images.novelship.com\/product\/nike_air_zoom_rival_fly_3__white_lime_blast__ct240_2_57908.jpeg;https:\/\/images.novelship.com\/product\/nike_air_zoom_rival_fly_3__white_lime_blast__ct240_3_57908.jpeg;https:\/\/images.novelship.com\/product\/nike_air_zoom_rival_fly_3__white_lime_blast__ct240_4_57908.jpeg\"},{\"@type\":\"BreadcrumbList\",\"@id\":\"https:\/\/tourcruiser.com\/fr\/products\/nike-air-zoom-rival-fly-3-white-lime-blast-ct2405-199\/#breadcrumb\",\"itemListElement\":[{\"@type\":\"ListItem\",\"position\":1,\"name\":\"Home\",\"item\":\"https:\/\/tourcruiser.com\/fr\/\"},{\"@type\":\"ListItem\",\"position\":2,\"name\":\"Shop\",\"item\":\"https:\/\/tourcruiser.com\/fr\/shop\/\"},{\"@type\":\"ListItem\",\"position\":3,\"name\":\"Nike Air Zoom Rival Fly 3 &#8216;White Lime Blast&#8217; CT2405-199\"}]},{\"@type\":\"WebSite\",\"@id\":\"https:\/\/tourcruiser.com\/fr\/#website\",\"url\":\"https:\/\/tourcruiser.com\/fr\/\",\"name\":\"Styloral Jewelry Shop\",\"description\":\"Tourcruiser Sneaker Store \u2014 L\u2019endroit o\u00f9 l\u2019univers rencontre votre singularit\u00e9.\",\"publisher\":{\"@id\":\"https:\/\/tourcruiser.com\/fr\/#organization\"},\"potentialAction\":[{\"@type\":\"SearchAction\",\"target\":{\"@type\":\"EntryPoint\",\"urlTemplate\":\"https:\/\/tourcruiser.com\/fr\/?s={search_term_string}\"},\"query-input\":{\"@type\":\"PropertyValueSpecification\",\"valueRequired\":true,\"valueName\":\"search_term_string\"}}],\"inLanguage\":\"fr-FR\"},{\"@type\":\"Organization\",\"@id\":\"https:\/\/tourcruiser.com\/fr\/#organization\",\"name\":\"STYLORAL PTE. LTD\",\"url\":\"https:\/\/tourcruiser.com\/fr\/\",\"logo\":{\"@type\":\"ImageObject\",\"inLanguage\":\"fr-FR\",\"@id\":\"https:\/\/tourcruiser.com\/fr\/#\/schema\/logo\/image\/\",\"url\":\"https:\/\/www.tourcruiser.com\/wp-content\/uploads\/2025\/12\/logo.png\",\"contentUrl\":\"https:\/\/www.tourcruiser.com\/wp-content\/uploads\/2025\/12\/logo.png\",\"width\":200,\"height\":65,\"caption\":\"STYLORAL PTE. LTD\"},\"image\":{\"@id\":\"https:\/\/tourcruiser.com\/fr\/#\/schema\/logo\/image\/\"}}]}<\/script>\n<!-- \/ Yoast SEO plugin. -->","yoast_head_json":{"title":"Nike Air Zoom Rival Fly 3 'White Lime Blast' CT2405-199 - TOURCRUISER PTE. LTD","robots":{"index":"index","follow":"follow","max-snippet":"max-snippet:-1","max-image-preview":"max-image-preview:large","max-video-preview":"max-video-preview:-1"},"canonical":"https:\/\/tourcruiser.com\/fr\/products\/nike-air-zoom-rival-fly-3-white-lime-blast-ct2405-199\/","og_locale":"fr_FR","og_type":"article","og_title":"Nike Air Zoom Rival Fly 3 'White Lime Blast' CT2405-199 - TOURCRUISER PTE. LTD","og_description":"Les sneakers Nike Air Zoom Rival Fly 3 Blanc Citron Vert offrent une combinaison parfaite de style et de confort. Con\u00e7ues par Nike, elles sont id\u00e9ales pour les athl\u00e8tes et au quotidien. Leur design blanc \u00e9pur\u00e9 et leurs touches de vert citron vif affirment un style audacieux. La technologie Air Zoom assure un amorti et [&hellip;]","og_url":"https:\/\/tourcruiser.com\/fr\/products\/nike-air-zoom-rival-fly-3-white-lime-blast-ct2405-199\/","og_site_name":"Tourcruiser Sneaker Store","article_modified_time":"2026-04-17T15:43:28+00:00","twitter_card":"summary_large_image","twitter_image":"https:\/\/images.novelship.com\/product\/nike_air_zoom_rival_fly_3__white_lime_blast__ct240_0_57908.jpeg;https:\/\/images.novelship.com\/product\/nike_air_zoom_rival_fly_3__white_lime_blast__ct240_1_57908.jpeg;https:\/\/images.novelship.com\/product\/nike_air_zoom_rival_fly_3__white_lime_blast__ct240_2_57908.jpeg;https:\/\/images.novelship.com\/product\/nike_air_zoom_rival_fly_3__white_lime_blast__ct240_3_57908.jpeg;https:\/\/images.novelship.com\/product\/nike_air_zoom_rival_fly_3__white_lime_blast__ct240_4_57908.jpeg","twitter_misc":{"Dur\u00e9e de lecture estim\u00e9e":"1 minute"},"schema":{"@context":"https:\/\/schema.org","@graph":[{"@type":"WebPage","@id":"https:\/\/tourcruiser.com\/fr\/products\/nike-air-zoom-rival-fly-3-white-lime-blast-ct2405-199\/","url":"https:\/\/tourcruiser.com\/fr\/products\/nike-air-zoom-rival-fly-3-white-lime-blast-ct2405-199\/","name":"Nike Air Zoom Rival Fly 3 'White Lime Blast' CT2405-199 - TOURCRUISER PTE. LTD","isPartOf":{"@id":"https:\/\/tourcruiser.com\/fr\/#website"},"primaryImageOfPage":{"@id":"https:\/\/tourcruiser.com\/fr\/products\/nike-air-zoom-rival-fly-3-white-lime-blast-ct2405-199\/#primaryimage"},"image":{"@id":"https:\/\/tourcruiser.com\/fr\/products\/nike-air-zoom-rival-fly-3-white-lime-blast-ct2405-199\/#primaryimage"},"thumbnailUrl":"https:\/\/images.novelship.com\/product\/nike_air_zoom_rival_fly_3__white_lime_blast__ct240_0_57908.jpeg;https:\/\/images.novelship.com\/product\/nike_air_zoom_rival_fly_3__white_lime_blast__ct240_1_57908.jpeg;https:\/\/images.novelship.com\/product\/nike_air_zoom_rival_fly_3__white_lime_blast__ct240_2_57908.jpeg;https:\/\/images.novelship.com\/product\/nike_air_zoom_rival_fly_3__white_lime_blast__ct240_3_57908.jpeg;https:\/\/images.novelship.com\/product\/nike_air_zoom_rival_fly_3__white_lime_blast__ct240_4_57908.jpeg","datePublished":"2026-04-16T10:05:13+00:00","dateModified":"2026-04-17T15:43:28+00:00","breadcrumb":{"@id":"https:\/\/tourcruiser.com\/fr\/products\/nike-air-zoom-rival-fly-3-white-lime-blast-ct2405-199\/#breadcrumb"},"inLanguage":"fr-FR","potentialAction":[{"@type":"ReadAction","target":["https:\/\/tourcruiser.com\/fr\/products\/nike-air-zoom-rival-fly-3-white-lime-blast-ct2405-199\/"]}]},{"@type":"ImageObject","inLanguage":"fr-FR","@id":"https:\/\/tourcruiser.com\/fr\/products\/nike-air-zoom-rival-fly-3-white-lime-blast-ct2405-199\/#primaryimage","url":"https:\/\/images.novelship.com\/product\/nike_air_zoom_rival_fly_3__white_lime_blast__ct240_0_57908.jpeg;https:\/\/images.novelship.com\/product\/nike_air_zoom_rival_fly_3__white_lime_blast__ct240_1_57908.jpeg;https:\/\/images.novelship.com\/product\/nike_air_zoom_rival_fly_3__white_lime_blast__ct240_2_57908.jpeg;https:\/\/images.novelship.com\/product\/nike_air_zoom_rival_fly_3__white_lime_blast__ct240_3_57908.jpeg;https:\/\/images.novelship.com\/product\/nike_air_zoom_rival_fly_3__white_lime_blast__ct240_4_57908.jpeg","contentUrl":"https:\/\/images.novelship.com\/product\/nike_air_zoom_rival_fly_3__white_lime_blast__ct240_0_57908.jpeg;https:\/\/images.novelship.com\/product\/nike_air_zoom_rival_fly_3__white_lime_blast__ct240_1_57908.jpeg;https:\/\/images.novelship.com\/product\/nike_air_zoom_rival_fly_3__white_lime_blast__ct240_2_57908.jpeg;https:\/\/images.novelship.com\/product\/nike_air_zoom_rival_fly_3__white_lime_blast__ct240_3_57908.jpeg;https:\/\/images.novelship.com\/product\/nike_air_zoom_rival_fly_3__white_lime_blast__ct240_4_57908.jpeg"},{"@type":"BreadcrumbList","@id":"https:\/\/tourcruiser.com\/fr\/products\/nike-air-zoom-rival-fly-3-white-lime-blast-ct2405-199\/#breadcrumb","itemListElement":[{"@type":"ListItem","position":1,"name":"Home","item":"https:\/\/tourcruiser.com\/fr\/"},{"@type":"ListItem","position":2,"name":"Shop","item":"https:\/\/tourcruiser.com\/fr\/shop\/"},{"@type":"ListItem","position":3,"name":"Nike Air Zoom Rival Fly 3 &#8216;White Lime Blast&#8217; CT2405-199"}]},{"@type":"WebSite","@id":"https:\/\/tourcruiser.com\/fr\/#website","url":"https:\/\/tourcruiser.com\/fr\/","name":"Styloral Jewelry Shop","description":"Tourcruiser Sneaker Store \u2014 L\u2019endroit o\u00f9 l\u2019univers rencontre votre singularit\u00e9.","publisher":{"@id":"https:\/\/tourcruiser.com\/fr\/#organization"},"potentialAction":[{"@type":"SearchAction","target":{"@type":"EntryPoint","urlTemplate":"https:\/\/tourcruiser.com\/fr\/?s={search_term_string}"},"query-input":{"@type":"PropertyValueSpecification","valueRequired":true,"valueName":"search_term_string"}}],"inLanguage":"fr-FR"},{"@type":"Organization","@id":"https:\/\/tourcruiser.com\/fr\/#organization","name":"STYLORAL PTE. LTD","url":"https:\/\/tourcruiser.com\/fr\/","logo":{"@type":"ImageObject","inLanguage":"fr-FR","@id":"https:\/\/tourcruiser.com\/fr\/#\/schema\/logo\/image\/","url":"https:\/\/www.tourcruiser.com\/wp-content\/uploads\/2025\/12\/logo.png","contentUrl":"https:\/\/www.tourcruiser.com\/wp-content\/uploads\/2025\/12\/logo.png","width":200,"height":65,"caption":"STYLORAL PTE. LTD"},"image":{"@id":"https:\/\/tourcruiser.com\/fr\/#\/schema\/logo\/image\/"}}]}},"_links":{"self":[{"href":"https:\/\/tourcruiser.com\/fr\/wp-json\/wp\/v2\/product\/754873","targetHints":{"allow":["GET"]}}],"collection":[{"href":"https:\/\/tourcruiser.com\/fr\/wp-json\/wp\/v2\/product"}],"about":[{"href":"https:\/\/tourcruiser.com\/fr\/wp-json\/wp\/v2\/types\/product"}],"replies":[{"embeddable":true,"href":"https:\/\/tourcruiser.com\/fr\/wp-json\/wp\/v2\/comments?post=754873"}],"wp:featuredmedia":[{"embeddable":true,"href":"https:\/\/tourcruiser.com\/fr\/wp-json\/wp\/v2\/media\/754874"}],"wp:attachment":[{"href":"https:\/\/tourcruiser.com\/fr\/wp-json\/wp\/v2\/media?parent=754873"}],"wp:term":[{"taxonomy":"product_brand","embeddable":true,"href":"https:\/\/tourcruiser.com\/fr\/wp-json\/wp\/v2\/product_brand?post=754873"},{"taxonomy":"product_cat","embeddable":true,"href":"https:\/\/tourcruiser.com\/fr\/wp-json\/wp\/v2\/product_cat?post=754873"},{"taxonomy":"product_tag","embeddable":true,"href":"https:\/\/tourcruiser.com\/fr\/wp-json\/wp\/v2\/product_tag?post=754873"}],"curies":[{"name":"wp","href":"https:\/\/api.w.org\/{rel}","templated":true}]}}