{"id":754638,"date":"2026-04-16T17:05:04","date_gmt":"2026-04-16T10:05:04","guid":{"rendered":"http:\/\/tourcruiser.com\/product\/youth-nike-court-borough-low-2-se-unlock-your-space-fj7692-191"},"modified":"2026-04-17T22:43:05","modified_gmt":"2026-04-17T15:43:05","slug":"youth-nike-court-borough-low-2-se-unlock-your-space-fj7692-191","status":"publish","type":"product","link":"https:\/\/tourcruiser.com\/fr\/products\/youth-nike-court-borough-low-2-se-unlock-your-space-fj7692-191\/","title":{"rendered":"(Youth) Nike Court Borough Low 2 SE &lsquo;Unlock Your Space&rsquo; FJ7692-191"},"content":{"rendered":"<p>D\u00e9couvrez un confort et un style ultimes avec les sneakers Nike Court Borough Low 2 SE Unlock Your Space (GS). Gr\u00e2ce \u00e0 leur tige basse, ces sneakers Nike offrent une libert\u00e9 de mouvement et une flexibilit\u00e9 maximales. Leur construction robuste garantit une durabilit\u00e9 exceptionnelle. Orn\u00e9es du logo Nike, elles rehaussent instantan\u00e9ment votre look sportif. Disponibles en plusieurs pointures, elles sont parfaites pour exprimer votre style sur et en dehors des terrains.<\/p>\n<p>Coloris : Blanc\/Vert<\/p>\n<p>Code article : FJ7692-191<\/p>\n<p>Mati\u00e8re ext\u00e9rieure : Cuir<\/p>\n<p>Ann\u00e9e de sortie : 2023<\/p>\n<p>\u00c2ge : Adulte<\/p>\n<p>Couleur : Noir<\/p>\n<p>Genre : Enfant<\/p>\n","protected":false},"excerpt":{"rendered":"<p>D\u00e9couvrez un confort et un style ultimes avec les sneakers Nike Court Borough Low 2 SE Unlock Your Space (GS). Gr\u00e2ce \u00e0 leur tige basse, ces sneakers Nike offrent une libert\u00e9 de mouvement et une flexibilit\u00e9 maximales. Leur construction robuste garantit une durabilit\u00e9 exceptionnelle. Orn\u00e9es du logo Nike, elles rehaussent instantan\u00e9ment votre look sportif. Disponibles [&hellip;]<\/p>\n","protected":false},"featured_media":754639,"comment_status":"open","ping_status":"closed","template":"","meta":[],"product_brand":[],"product_cat":[10803],"product_tag":[10750,38855,38917,38918,38945,10801,38902,38936],"class_list":{"0":"post-754638","1":"product","2":"type-product","3":"status-publish","4":"has-post-thumbnail","6":"product_cat-nike","7":"product_tag-athleisure-shoes","8":"product_tag-below-the-regular-retail-price","9":"product_tag-casual-shoes-for-children","10":"product_tag-children-s-sneakers","11":"product_tag-classic-court-shoes","12":"product_tag-nike","13":"product_tag-trendy-offers","14":"product_tag-trendy-offers-under-a-150","15":"wcpa_has_options","17":"first","18":"instock","19":"taxable","20":"shipping-taxable","21":"purchasable","22":"product-type-simple"},"wcpa_form_fields":{"rules":{"pric_overide_base_price":false,"pric_overide_base_price_if_gt_zero":false,"pric_overide_base_price_fully":false,"pric_cal_option_once":false,"pric_use_as_fee":false,"bind_quantity":false,"quantity_bind_formula":false},"fields":[{"type":"color-group","required":true,"elementId":"wcpa-color-group-66c4a75505e74","label":"Taille","inline":true,"priceOptions":"different_for_all","pricingType":"fixed","className":"hassizechart product-shoes-size-eu product-shoes-size","name":"color-group-66c4a75505e89","disp_type":"square","selection_type":"tick-border","disp_size":"44","show_label_inside":true,"adjust_width":true,"cart_display_type":"text","other_text":"Other","cl_rule":"show","col":6,"values":[{"label":"35.5","value":"EU 35.5","price":"","pimage":"","pimage_id":"","pthumb":"","color":""},{"label":"36","value":"EU 36","price":"","pimage":"","pimage_id":"","pthumb":"","color":"","selected":true},{"label":"36.5","value":"EU 36.5","price":"","pimage":"","pimage_id":"","pthumb":"","color":""},{"label":"37.5","value":"EU 37.5","price":"","pimage":"","pimage_id":"","pthumb":"","color":""},{"label":"38","value":"EU 38","price":"","pimage":"","pimage_id":"","pthumb":"","color":""},{"label":"38.5","value":"EU 38.5","price":"","pimage":"","pimage_id":"","pthumb":"","color":""},{"label":"39","value":"EU 39","price":"","pimage":"","pimage_id":"","pthumb":"","color":""},{"label":"40","value":"EU 40","price":"","pimage":"","pimage_id":"","pthumb":"","color":""},{"label":"40.5","value":"EU 40.5","price":"","pimage":"","pimage_id":"","pthumb":"","color":""},{"label":"41","value":"EU 41","price":"","pimage":"","pimage_id":"","pthumb":"","color":""},{"label":"42","value":"EU 42","price":"","pimage":"","pimage_id":"","pthumb":"","color":""},{"label":"42.5","value":"EU 42.5","price":"","pimage":"","pimage_id":"","pthumb":"","color":""},{"label":"43","value":"EU 43","price":"","pimage":"","pimage_id":"","pthumb":"","color":""},{"label":"44","value":"EU 44","price":"","pimage":"","pimage_id":"","pthumb":"","color":""},{"label":"44.5","value":"EU 44.5","price":"","pimage":"","pimage_id":"","pthumb":"","color":""},{"label":"45","value":"EU 45","price":"","pimage":"","pimage_id":"","pthumb":"","color":""},{"label":"45.5","value":"EU 45.5","price":"","pimage":"","pimage_id":"","pthumb":"","color":""},{"label":"46","value":"EU 46","price":"","pimage":"","pimage_id":"","pthumb":"","color":""},{"label":"47","value":"EU 47","price":"","pimage":"","pimage_id":"","pthumb":"","color":""},{"label":"47.5","value":"EU 47.5","price":"","pimage":"","pimage_id":"","pthumb":"","color":""},{"label":"48","value":"EU 48","price":"","pimage":"","pimage_id":"","pthumb":"","color":""}],"relations":[{"operator":false,"rules":[]}],"form_id":18106,"form_rules":{"pric_cal_option_once":false,"exclude_from_discount":false,"pric_use_as_fee":false,"fee_label":"Fee","render_after_acb":false,"disp_hide_options_price":false}}]},"yoast_head":"<!-- This site is optimized with the Yoast SEO plugin v26.5 - https:\/\/yoast.com\/wordpress\/plugins\/seo\/ -->\n<title>(Youth) Nike Court Borough Low 2 SE &#039;Unlock Your Space&#039; FJ7692-191 - TOURCRUISER PTE. LTD<\/title>\n<meta name=\"robots\" content=\"index, follow, max-snippet:-1, max-image-preview:large, max-video-preview:-1\" \/>\n<link rel=\"canonical\" href=\"https:\/\/tourcruiser.com\/fr\/products\/youth-nike-court-borough-low-2-se-unlock-your-space-fj7692-191\/\" \/>\n<meta property=\"og:locale\" content=\"fr_FR\" \/>\n<meta property=\"og:type\" content=\"article\" \/>\n<meta property=\"og:title\" content=\"(Youth) Nike Court Borough Low 2 SE &#039;Unlock Your Space&#039; FJ7692-191 - TOURCRUISER PTE. LTD\" \/>\n<meta property=\"og:description\" content=\"D\u00e9couvrez un confort et un style ultimes avec les sneakers Nike Court Borough Low 2 SE Unlock Your Space (GS). Gr\u00e2ce \u00e0 leur tige basse, ces sneakers Nike offrent une libert\u00e9 de mouvement et une flexibilit\u00e9 maximales. Leur construction robuste garantit une durabilit\u00e9 exceptionnelle. Orn\u00e9es du logo Nike, elles rehaussent instantan\u00e9ment votre look sportif. Disponibles [&hellip;]\" \/>\n<meta property=\"og:url\" content=\"https:\/\/tourcruiser.com\/fr\/products\/youth-nike-court-borough-low-2-se-unlock-your-space-fj7692-191\/\" \/>\n<meta property=\"og:site_name\" content=\"Tourcruiser Sneaker Store\" \/>\n<meta property=\"article:modified_time\" content=\"2026-04-17T15:43:05+00:00\" \/>\n<meta name=\"twitter:card\" content=\"summary_large_image\" \/>\n<meta name=\"twitter:image\" content=\"https:\/\/images.novelship.com\/product\/_youth__nike_court_borough_low_2_se__unlock_your_s_0_57634.jpeg;https:\/\/images.novelship.com\/product\/_youth__nike_court_borough_low_2_se__unlock_your_s_1_57634.jpeg;https:\/\/images.novelship.com\/product\/_youth__nike_court_borough_low_2_se__unlock_your_s_2_57634.jpeg;https:\/\/images.novelship.com\/product\/_youth__nike_court_borough_low_2_se__unlock_your_s_3_57634.jpeg;https:\/\/images.novelship.com\/product\/_youth__nike_court_borough_low_2_se__unlock_your_s_4_57634.jpeg;https:\/\/images.novelship.com\/product\/_youth__nike_court_borough_low_2_se__unlock_your_s_5_57634.jpeg\" \/>\n<script type=\"application\/ld+json\" class=\"yoast-schema-graph\">{\"@context\":\"https:\/\/schema.org\",\"@graph\":[{\"@type\":\"WebPage\",\"@id\":\"https:\/\/tourcruiser.com\/fr\/products\/youth-nike-court-borough-low-2-se-unlock-your-space-fj7692-191\/\",\"url\":\"https:\/\/tourcruiser.com\/fr\/products\/youth-nike-court-borough-low-2-se-unlock-your-space-fj7692-191\/\",\"name\":\"(Youth) Nike Court Borough Low 2 SE 'Unlock Your Space' FJ7692-191 - TOURCRUISER PTE. LTD\",\"isPartOf\":{\"@id\":\"\/#website\"},\"primaryImageOfPage\":{\"@id\":\"https:\/\/tourcruiser.com\/fr\/products\/youth-nike-court-borough-low-2-se-unlock-your-space-fj7692-191\/#primaryimage\"},\"image\":{\"@id\":\"https:\/\/tourcruiser.com\/fr\/products\/youth-nike-court-borough-low-2-se-unlock-your-space-fj7692-191\/#primaryimage\"},\"thumbnailUrl\":\"https:\/\/images.novelship.com\/product\/_youth__nike_court_borough_low_2_se__unlock_your_s_0_57634.jpeg;https:\/\/images.novelship.com\/product\/_youth__nike_court_borough_low_2_se__unlock_your_s_1_57634.jpeg;https:\/\/images.novelship.com\/product\/_youth__nike_court_borough_low_2_se__unlock_your_s_2_57634.jpeg;https:\/\/images.novelship.com\/product\/_youth__nike_court_borough_low_2_se__unlock_your_s_3_57634.jpeg;https:\/\/images.novelship.com\/product\/_youth__nike_court_borough_low_2_se__unlock_your_s_4_57634.jpeg;https:\/\/images.novelship.com\/product\/_youth__nike_court_borough_low_2_se__unlock_your_s_5_57634.jpeg\",\"datePublished\":\"2026-04-16T10:05:04+00:00\",\"dateModified\":\"2026-04-17T15:43:05+00:00\",\"breadcrumb\":{\"@id\":\"https:\/\/tourcruiser.com\/fr\/products\/youth-nike-court-borough-low-2-se-unlock-your-space-fj7692-191\/#breadcrumb\"},\"inLanguage\":\"fr-FR\",\"potentialAction\":[{\"@type\":\"ReadAction\",\"target\":[\"https:\/\/tourcruiser.com\/fr\/products\/youth-nike-court-borough-low-2-se-unlock-your-space-fj7692-191\/\"]}]},{\"@type\":\"ImageObject\",\"inLanguage\":\"fr-FR\",\"@id\":\"https:\/\/tourcruiser.com\/fr\/products\/youth-nike-court-borough-low-2-se-unlock-your-space-fj7692-191\/#primaryimage\",\"url\":\"https:\/\/images.novelship.com\/product\/_youth__nike_court_borough_low_2_se__unlock_your_s_0_57634.jpeg;https:\/\/images.novelship.com\/product\/_youth__nike_court_borough_low_2_se__unlock_your_s_1_57634.jpeg;https:\/\/images.novelship.com\/product\/_youth__nike_court_borough_low_2_se__unlock_your_s_2_57634.jpeg;https:\/\/images.novelship.com\/product\/_youth__nike_court_borough_low_2_se__unlock_your_s_3_57634.jpeg;https:\/\/images.novelship.com\/product\/_youth__nike_court_borough_low_2_se__unlock_your_s_4_57634.jpeg;https:\/\/images.novelship.com\/product\/_youth__nike_court_borough_low_2_se__unlock_your_s_5_57634.jpeg\",\"contentUrl\":\"https:\/\/images.novelship.com\/product\/_youth__nike_court_borough_low_2_se__unlock_your_s_0_57634.jpeg;https:\/\/images.novelship.com\/product\/_youth__nike_court_borough_low_2_se__unlock_your_s_1_57634.jpeg;https:\/\/images.novelship.com\/product\/_youth__nike_court_borough_low_2_se__unlock_your_s_2_57634.jpeg;https:\/\/images.novelship.com\/product\/_youth__nike_court_borough_low_2_se__unlock_your_s_3_57634.jpeg;https:\/\/images.novelship.com\/product\/_youth__nike_court_borough_low_2_se__unlock_your_s_4_57634.jpeg;https:\/\/images.novelship.com\/product\/_youth__nike_court_borough_low_2_se__unlock_your_s_5_57634.jpeg\"},{\"@type\":\"BreadcrumbList\",\"@id\":\"https:\/\/tourcruiser.com\/fr\/products\/youth-nike-court-borough-low-2-se-unlock-your-space-fj7692-191\/#breadcrumb\",\"itemListElement\":[{\"@type\":\"ListItem\",\"position\":1,\"name\":\"Home\",\"item\":\"https:\/\/tourcruiser.com\/fr\/\"},{\"@type\":\"ListItem\",\"position\":2,\"name\":\"Shop\",\"item\":\"https:\/\/tourcruiser.com\/fr\/shop\/\"},{\"@type\":\"ListItem\",\"position\":3,\"name\":\"(Youth) Nike Court Borough Low 2 SE &#8216;Unlock Your Space&#8217; FJ7692-191\"}]},{\"@type\":\"WebSite\",\"@id\":\"\/#website\",\"url\":\"\/\",\"name\":\"Styloral Jewelry Shop\",\"description\":\"Tourcruiser Sneaker Store \u2014 L\u2019endroit o\u00f9 l\u2019univers rencontre votre singularit\u00e9.\",\"publisher\":{\"@id\":\"\/#organization\"},\"potentialAction\":[{\"@type\":\"SearchAction\",\"target\":{\"@type\":\"EntryPoint\",\"urlTemplate\":\"\/?s={search_term_string}\"},\"query-input\":{\"@type\":\"PropertyValueSpecification\",\"valueRequired\":true,\"valueName\":\"search_term_string\"}}],\"inLanguage\":\"fr-FR\"},{\"@type\":\"Organization\",\"@id\":\"\/#organization\",\"name\":\"STYLORAL PTE. LTD\",\"url\":\"\/\",\"logo\":{\"@type\":\"ImageObject\",\"inLanguage\":\"fr-FR\",\"@id\":\"\/#\/schema\/logo\/image\/\",\"url\":\"https:\/\/www.tourcruiser.com\/wp-content\/uploads\/2025\/12\/logo.png\",\"contentUrl\":\"https:\/\/www.tourcruiser.com\/wp-content\/uploads\/2025\/12\/logo.png\",\"width\":200,\"height\":65,\"caption\":\"STYLORAL PTE. LTD\"},\"image\":{\"@id\":\"\/#\/schema\/logo\/image\/\"}}]}<\/script>\n<!-- \/ Yoast SEO plugin. -->","yoast_head_json":{"title":"(Youth) Nike Court Borough Low 2 SE 'Unlock Your Space' FJ7692-191 - TOURCRUISER PTE. LTD","robots":{"index":"index","follow":"follow","max-snippet":"max-snippet:-1","max-image-preview":"max-image-preview:large","max-video-preview":"max-video-preview:-1"},"canonical":"https:\/\/tourcruiser.com\/fr\/products\/youth-nike-court-borough-low-2-se-unlock-your-space-fj7692-191\/","og_locale":"fr_FR","og_type":"article","og_title":"(Youth) Nike Court Borough Low 2 SE 'Unlock Your Space' FJ7692-191 - TOURCRUISER PTE. LTD","og_description":"D\u00e9couvrez un confort et un style ultimes avec les sneakers Nike Court Borough Low 2 SE Unlock Your Space (GS). Gr\u00e2ce \u00e0 leur tige basse, ces sneakers Nike offrent une libert\u00e9 de mouvement et une flexibilit\u00e9 maximales. Leur construction robuste garantit une durabilit\u00e9 exceptionnelle. Orn\u00e9es du logo Nike, elles rehaussent instantan\u00e9ment votre look sportif. Disponibles [&hellip;]","og_url":"https:\/\/tourcruiser.com\/fr\/products\/youth-nike-court-borough-low-2-se-unlock-your-space-fj7692-191\/","og_site_name":"Tourcruiser Sneaker Store","article_modified_time":"2026-04-17T15:43:05+00:00","twitter_card":"summary_large_image","twitter_image":"https:\/\/images.novelship.com\/product\/_youth__nike_court_borough_low_2_se__unlock_your_s_0_57634.jpeg;https:\/\/images.novelship.com\/product\/_youth__nike_court_borough_low_2_se__unlock_your_s_1_57634.jpeg;https:\/\/images.novelship.com\/product\/_youth__nike_court_borough_low_2_se__unlock_your_s_2_57634.jpeg;https:\/\/images.novelship.com\/product\/_youth__nike_court_borough_low_2_se__unlock_your_s_3_57634.jpeg;https:\/\/images.novelship.com\/product\/_youth__nike_court_borough_low_2_se__unlock_your_s_4_57634.jpeg;https:\/\/images.novelship.com\/product\/_youth__nike_court_borough_low_2_se__unlock_your_s_5_57634.jpeg","schema":{"@context":"https:\/\/schema.org","@graph":[{"@type":"WebPage","@id":"https:\/\/tourcruiser.com\/fr\/products\/youth-nike-court-borough-low-2-se-unlock-your-space-fj7692-191\/","url":"https:\/\/tourcruiser.com\/fr\/products\/youth-nike-court-borough-low-2-se-unlock-your-space-fj7692-191\/","name":"(Youth) Nike Court Borough Low 2 SE 'Unlock Your Space' FJ7692-191 - TOURCRUISER PTE. LTD","isPartOf":{"@id":"\/#website"},"primaryImageOfPage":{"@id":"https:\/\/tourcruiser.com\/fr\/products\/youth-nike-court-borough-low-2-se-unlock-your-space-fj7692-191\/#primaryimage"},"image":{"@id":"https:\/\/tourcruiser.com\/fr\/products\/youth-nike-court-borough-low-2-se-unlock-your-space-fj7692-191\/#primaryimage"},"thumbnailUrl":"https:\/\/images.novelship.com\/product\/_youth__nike_court_borough_low_2_se__unlock_your_s_0_57634.jpeg;https:\/\/images.novelship.com\/product\/_youth__nike_court_borough_low_2_se__unlock_your_s_1_57634.jpeg;https:\/\/images.novelship.com\/product\/_youth__nike_court_borough_low_2_se__unlock_your_s_2_57634.jpeg;https:\/\/images.novelship.com\/product\/_youth__nike_court_borough_low_2_se__unlock_your_s_3_57634.jpeg;https:\/\/images.novelship.com\/product\/_youth__nike_court_borough_low_2_se__unlock_your_s_4_57634.jpeg;https:\/\/images.novelship.com\/product\/_youth__nike_court_borough_low_2_se__unlock_your_s_5_57634.jpeg","datePublished":"2026-04-16T10:05:04+00:00","dateModified":"2026-04-17T15:43:05+00:00","breadcrumb":{"@id":"https:\/\/tourcruiser.com\/fr\/products\/youth-nike-court-borough-low-2-se-unlock-your-space-fj7692-191\/#breadcrumb"},"inLanguage":"fr-FR","potentialAction":[{"@type":"ReadAction","target":["https:\/\/tourcruiser.com\/fr\/products\/youth-nike-court-borough-low-2-se-unlock-your-space-fj7692-191\/"]}]},{"@type":"ImageObject","inLanguage":"fr-FR","@id":"https:\/\/tourcruiser.com\/fr\/products\/youth-nike-court-borough-low-2-se-unlock-your-space-fj7692-191\/#primaryimage","url":"https:\/\/images.novelship.com\/product\/_youth__nike_court_borough_low_2_se__unlock_your_s_0_57634.jpeg;https:\/\/images.novelship.com\/product\/_youth__nike_court_borough_low_2_se__unlock_your_s_1_57634.jpeg;https:\/\/images.novelship.com\/product\/_youth__nike_court_borough_low_2_se__unlock_your_s_2_57634.jpeg;https:\/\/images.novelship.com\/product\/_youth__nike_court_borough_low_2_se__unlock_your_s_3_57634.jpeg;https:\/\/images.novelship.com\/product\/_youth__nike_court_borough_low_2_se__unlock_your_s_4_57634.jpeg;https:\/\/images.novelship.com\/product\/_youth__nike_court_borough_low_2_se__unlock_your_s_5_57634.jpeg","contentUrl":"https:\/\/images.novelship.com\/product\/_youth__nike_court_borough_low_2_se__unlock_your_s_0_57634.jpeg;https:\/\/images.novelship.com\/product\/_youth__nike_court_borough_low_2_se__unlock_your_s_1_57634.jpeg;https:\/\/images.novelship.com\/product\/_youth__nike_court_borough_low_2_se__unlock_your_s_2_57634.jpeg;https:\/\/images.novelship.com\/product\/_youth__nike_court_borough_low_2_se__unlock_your_s_3_57634.jpeg;https:\/\/images.novelship.com\/product\/_youth__nike_court_borough_low_2_se__unlock_your_s_4_57634.jpeg;https:\/\/images.novelship.com\/product\/_youth__nike_court_borough_low_2_se__unlock_your_s_5_57634.jpeg"},{"@type":"BreadcrumbList","@id":"https:\/\/tourcruiser.com\/fr\/products\/youth-nike-court-borough-low-2-se-unlock-your-space-fj7692-191\/#breadcrumb","itemListElement":[{"@type":"ListItem","position":1,"name":"Home","item":"https:\/\/tourcruiser.com\/fr\/"},{"@type":"ListItem","position":2,"name":"Shop","item":"https:\/\/tourcruiser.com\/fr\/shop\/"},{"@type":"ListItem","position":3,"name":"(Youth) Nike Court Borough Low 2 SE &#8216;Unlock Your Space&#8217; FJ7692-191"}]},{"@type":"WebSite","@id":"\/#website","url":"\/","name":"Styloral Jewelry Shop","description":"Tourcruiser Sneaker Store \u2014 L\u2019endroit o\u00f9 l\u2019univers rencontre votre singularit\u00e9.","publisher":{"@id":"\/#organization"},"potentialAction":[{"@type":"SearchAction","target":{"@type":"EntryPoint","urlTemplate":"\/?s={search_term_string}"},"query-input":{"@type":"PropertyValueSpecification","valueRequired":true,"valueName":"search_term_string"}}],"inLanguage":"fr-FR"},{"@type":"Organization","@id":"\/#organization","name":"STYLORAL PTE. LTD","url":"\/","logo":{"@type":"ImageObject","inLanguage":"fr-FR","@id":"\/#\/schema\/logo\/image\/","url":"https:\/\/www.tourcruiser.com\/wp-content\/uploads\/2025\/12\/logo.png","contentUrl":"https:\/\/www.tourcruiser.com\/wp-content\/uploads\/2025\/12\/logo.png","width":200,"height":65,"caption":"STYLORAL PTE. LTD"},"image":{"@id":"\/#\/schema\/logo\/image\/"}}]}},"_links":{"self":[{"href":"https:\/\/tourcruiser.com\/fr\/wp-json\/wp\/v2\/product\/754638","targetHints":{"allow":["GET"]}}],"collection":[{"href":"https:\/\/tourcruiser.com\/fr\/wp-json\/wp\/v2\/product"}],"about":[{"href":"https:\/\/tourcruiser.com\/fr\/wp-json\/wp\/v2\/types\/product"}],"replies":[{"embeddable":true,"href":"https:\/\/tourcruiser.com\/fr\/wp-json\/wp\/v2\/comments?post=754638"}],"wp:featuredmedia":[{"embeddable":true,"href":"https:\/\/tourcruiser.com\/fr\/wp-json\/wp\/v2\/media\/754639"}],"wp:attachment":[{"href":"https:\/\/tourcruiser.com\/fr\/wp-json\/wp\/v2\/media?parent=754638"}],"wp:term":[{"taxonomy":"product_brand","embeddable":true,"href":"https:\/\/tourcruiser.com\/fr\/wp-json\/wp\/v2\/product_brand?post=754638"},{"taxonomy":"product_cat","embeddable":true,"href":"https:\/\/tourcruiser.com\/fr\/wp-json\/wp\/v2\/product_cat?post=754638"},{"taxonomy":"product_tag","embeddable":true,"href":"https:\/\/tourcruiser.com\/fr\/wp-json\/wp\/v2\/product_tag?post=754638"}],"curies":[{"name":"wp","href":"https:\/\/api.w.org\/{rel}","templated":true}]}}