{"id":754609,"date":"2026-04-16T17:05:03","date_gmt":"2026-04-16T10:05:03","guid":{"rendered":"http:\/\/tourcruiser.com\/product\/grade-school-air-jordan-courtside-23-grey-fog-ar1002-002"},"modified":"2026-04-17T22:43:00","modified_gmt":"2026-04-17T15:43:00","slug":"grade-school-air-jordan-courtside-23-grey-fog-ar1002-002","status":"publish","type":"product","link":"https:\/\/tourcruiser.com\/fr\/products\/grade-school-air-jordan-courtside-23-grey-fog-ar1002-002\/","title":{"rendered":"(Grade School) Air Jordan Courtside 23 &lsquo;Grey Fog&rsquo; AR1002-002"},"content":{"rendered":"<p>Les baskets Air Jordan Courtside 23 Grey Fog (taille enfant) de Jordan offrent style et confort aux jeunes athl\u00e8tes. Elles s\u00e9duisent par leur \u00e9l\u00e9gante couleur grise et le logo embl\u00e9matique Air Jordan. Gr\u00e2ce \u00e0 leur conception haut de gamme et leur construction offrant un excellent maintien, elles sont parfaites au quotidien comme pour le sport.<\/p>\n<p>Couleur : Gris\/Noir<\/p>\n<p>Code article : AR1002-002<br \/>\nTige : Cuir<br \/>\nSemelle interm\u00e9diaire : Air<\/p>\n<p>Couleur : Gris<br \/>\nSaison : Toute l&rsquo;ann\u00e9e<br \/>\nAnn\u00e9e de sortie : 2021<br \/>\n\u00c2ge : Adulte<br \/>\nCouleur : Gris<br \/>\nGenre : Enfant<\/p>\n","protected":false},"excerpt":{"rendered":"<p>Les baskets Air Jordan Courtside 23 Grey Fog (taille enfant) de Jordan offrent style et confort aux jeunes athl\u00e8tes. Elles s\u00e9duisent par leur \u00e9l\u00e9gante couleur grise et le logo embl\u00e9matique Air Jordan. Gr\u00e2ce \u00e0 leur conception haut de gamme et leur construction offrant un excellent maintien, elles sont parfaites au quotidien comme pour le sport. [&hellip;]<\/p>\n","protected":false},"featured_media":754611,"comment_status":"open","ping_status":"closed","template":"","meta":[],"product_brand":[],"product_cat":[38880],"product_tag":[10750,38861,38988,10813,10776,11349,38875,11576],"class_list":{"0":"post-754609","1":"product","2":"type-product","3":"status-publish","4":"has-post-thumbnail","6":"product_cat-jordan","7":"product_tag-athleisure-shoes","8":"product_tag-below-retail-price","9":"product_tag-casual-shoes-for-kids","10":"product_tag-court-classic-shoes","11":"product_tag-jordan","12":"product_tag-jordan-basketball-shoes","13":"product_tag-jordan-skateboard-shoes","14":"product_tag-kids-sneakers","16":"first","17":"instock","18":"taxable","19":"shipping-taxable","20":"purchasable","21":"product-type-simple"},"wcpa_form_fields":null,"yoast_head":"<!-- This site is optimized with the Yoast SEO plugin v26.5 - https:\/\/yoast.com\/wordpress\/plugins\/seo\/ -->\n<title>(Grade School) Air Jordan Courtside 23 &#039;Grey Fog&#039; AR1002-002 - TOURCRUISER PTE. LTD<\/title>\n<meta name=\"robots\" content=\"index, follow, max-snippet:-1, max-image-preview:large, max-video-preview:-1\" \/>\n<link rel=\"canonical\" href=\"https:\/\/tourcruiser.com\/fr\/products\/grade-school-air-jordan-courtside-23-grey-fog-ar1002-002\/\" \/>\n<meta property=\"og:locale\" content=\"fr_FR\" \/>\n<meta property=\"og:type\" content=\"article\" \/>\n<meta property=\"og:title\" content=\"(Grade School) Air Jordan Courtside 23 &#039;Grey Fog&#039; AR1002-002 - TOURCRUISER PTE. LTD\" \/>\n<meta property=\"og:description\" content=\"Les baskets Air Jordan Courtside 23 Grey Fog (taille enfant) de Jordan offrent style et confort aux jeunes athl\u00e8tes. Elles s\u00e9duisent par leur \u00e9l\u00e9gante couleur grise et le logo embl\u00e9matique Air Jordan. Gr\u00e2ce \u00e0 leur conception haut de gamme et leur construction offrant un excellent maintien, elles sont parfaites au quotidien comme pour le sport. [&hellip;]\" \/>\n<meta property=\"og:url\" content=\"https:\/\/tourcruiser.com\/fr\/products\/grade-school-air-jordan-courtside-23-grey-fog-ar1002-002\/\" \/>\n<meta property=\"og:site_name\" content=\"Tourcruiser Sneaker Store\" \/>\n<meta property=\"article:modified_time\" content=\"2026-04-17T15:43:00+00:00\" \/>\n<meta name=\"twitter:card\" content=\"summary_large_image\" \/>\n<meta name=\"twitter:image\" content=\"https:\/\/images.novelship.com\/product\/_grade_school__air_jordan_courtside_23__grey_fog___0_41556.jpeg;https:\/\/images.novelship.com\/product\/_grade_school__air_jordan_courtside_23__grey_fog___1_41556.jpeg;https:\/\/images.novelship.com\/product\/_grade_school__air_jordan_courtside_23__grey_fog___2_41556.jpeg;https:\/\/images.novelship.com\/product\/_grade_school__air_jordan_courtside_23__grey_fog___3_41556.jpeg;https:\/\/images.novelship.com\/product\/_grade_school__air_jordan_courtside_23__grey_fog___4_41556.jpeg;https:\/\/images.novelship.com\/product\/_grade_school__air_jordan_courtside_23__grey_fog___5_41556.jpeg\" \/>\n<script type=\"application\/ld+json\" class=\"yoast-schema-graph\">{\"@context\":\"https:\/\/schema.org\",\"@graph\":[{\"@type\":\"WebPage\",\"@id\":\"https:\/\/tourcruiser.com\/fr\/products\/grade-school-air-jordan-courtside-23-grey-fog-ar1002-002\/\",\"url\":\"https:\/\/tourcruiser.com\/fr\/products\/grade-school-air-jordan-courtside-23-grey-fog-ar1002-002\/\",\"name\":\"(Grade School) Air Jordan Courtside 23 'Grey Fog' AR1002-002 - TOURCRUISER PTE. LTD\",\"isPartOf\":{\"@id\":\"\/#website\"},\"primaryImageOfPage\":{\"@id\":\"https:\/\/tourcruiser.com\/fr\/products\/grade-school-air-jordan-courtside-23-grey-fog-ar1002-002\/#primaryimage\"},\"image\":{\"@id\":\"https:\/\/tourcruiser.com\/fr\/products\/grade-school-air-jordan-courtside-23-grey-fog-ar1002-002\/#primaryimage\"},\"thumbnailUrl\":\"https:\/\/images.novelship.com\/product\/_grade_school__air_jordan_courtside_23__grey_fog___0_41556.jpeg;https:\/\/images.novelship.com\/product\/_grade_school__air_jordan_courtside_23__grey_fog___1_41556.jpeg;https:\/\/images.novelship.com\/product\/_grade_school__air_jordan_courtside_23__grey_fog___2_41556.jpeg;https:\/\/images.novelship.com\/product\/_grade_school__air_jordan_courtside_23__grey_fog___3_41556.jpeg;https:\/\/images.novelship.com\/product\/_grade_school__air_jordan_courtside_23__grey_fog___4_41556.jpeg;https:\/\/images.novelship.com\/product\/_grade_school__air_jordan_courtside_23__grey_fog___5_41556.jpeg\",\"datePublished\":\"2026-04-16T10:05:03+00:00\",\"dateModified\":\"2026-04-17T15:43:00+00:00\",\"breadcrumb\":{\"@id\":\"https:\/\/tourcruiser.com\/fr\/products\/grade-school-air-jordan-courtside-23-grey-fog-ar1002-002\/#breadcrumb\"},\"inLanguage\":\"fr-FR\",\"potentialAction\":[{\"@type\":\"ReadAction\",\"target\":[\"https:\/\/tourcruiser.com\/fr\/products\/grade-school-air-jordan-courtside-23-grey-fog-ar1002-002\/\"]}]},{\"@type\":\"ImageObject\",\"inLanguage\":\"fr-FR\",\"@id\":\"https:\/\/tourcruiser.com\/fr\/products\/grade-school-air-jordan-courtside-23-grey-fog-ar1002-002\/#primaryimage\",\"url\":\"https:\/\/images.novelship.com\/product\/_grade_school__air_jordan_courtside_23__grey_fog___0_41556.jpeg;https:\/\/images.novelship.com\/product\/_grade_school__air_jordan_courtside_23__grey_fog___1_41556.jpeg;https:\/\/images.novelship.com\/product\/_grade_school__air_jordan_courtside_23__grey_fog___2_41556.jpeg;https:\/\/images.novelship.com\/product\/_grade_school__air_jordan_courtside_23__grey_fog___3_41556.jpeg;https:\/\/images.novelship.com\/product\/_grade_school__air_jordan_courtside_23__grey_fog___4_41556.jpeg;https:\/\/images.novelship.com\/product\/_grade_school__air_jordan_courtside_23__grey_fog___5_41556.jpeg\",\"contentUrl\":\"https:\/\/images.novelship.com\/product\/_grade_school__air_jordan_courtside_23__grey_fog___0_41556.jpeg;https:\/\/images.novelship.com\/product\/_grade_school__air_jordan_courtside_23__grey_fog___1_41556.jpeg;https:\/\/images.novelship.com\/product\/_grade_school__air_jordan_courtside_23__grey_fog___2_41556.jpeg;https:\/\/images.novelship.com\/product\/_grade_school__air_jordan_courtside_23__grey_fog___3_41556.jpeg;https:\/\/images.novelship.com\/product\/_grade_school__air_jordan_courtside_23__grey_fog___4_41556.jpeg;https:\/\/images.novelship.com\/product\/_grade_school__air_jordan_courtside_23__grey_fog___5_41556.jpeg\"},{\"@type\":\"BreadcrumbList\",\"@id\":\"https:\/\/tourcruiser.com\/fr\/products\/grade-school-air-jordan-courtside-23-grey-fog-ar1002-002\/#breadcrumb\",\"itemListElement\":[{\"@type\":\"ListItem\",\"position\":1,\"name\":\"Home\",\"item\":\"https:\/\/tourcruiser.com\/fr\/\"},{\"@type\":\"ListItem\",\"position\":2,\"name\":\"Shop\",\"item\":\"https:\/\/tourcruiser.com\/fr\/shop\/\"},{\"@type\":\"ListItem\",\"position\":3,\"name\":\"(Grade School) Air Jordan Courtside 23 &#8216;Grey Fog&#8217; AR1002-002\"}]},{\"@type\":\"WebSite\",\"@id\":\"\/#website\",\"url\":\"\/\",\"name\":\"Styloral Jewelry Shop\",\"description\":\"Tourcruiser Sneaker Store \u2014 L\u2019endroit o\u00f9 l\u2019univers rencontre votre singularit\u00e9.\",\"publisher\":{\"@id\":\"\/#organization\"},\"potentialAction\":[{\"@type\":\"SearchAction\",\"target\":{\"@type\":\"EntryPoint\",\"urlTemplate\":\"\/?s={search_term_string}\"},\"query-input\":{\"@type\":\"PropertyValueSpecification\",\"valueRequired\":true,\"valueName\":\"search_term_string\"}}],\"inLanguage\":\"fr-FR\"},{\"@type\":\"Organization\",\"@id\":\"\/#organization\",\"name\":\"STYLORAL PTE. LTD\",\"url\":\"\/\",\"logo\":{\"@type\":\"ImageObject\",\"inLanguage\":\"fr-FR\",\"@id\":\"\/#\/schema\/logo\/image\/\",\"url\":\"https:\/\/www.tourcruiser.com\/wp-content\/uploads\/2025\/12\/logo.png\",\"contentUrl\":\"https:\/\/www.tourcruiser.com\/wp-content\/uploads\/2025\/12\/logo.png\",\"width\":200,\"height\":65,\"caption\":\"STYLORAL PTE. LTD\"},\"image\":{\"@id\":\"\/#\/schema\/logo\/image\/\"}}]}<\/script>\n<!-- \/ Yoast SEO plugin. -->","yoast_head_json":{"title":"(Grade School) Air Jordan Courtside 23 'Grey Fog' AR1002-002 - TOURCRUISER PTE. LTD","robots":{"index":"index","follow":"follow","max-snippet":"max-snippet:-1","max-image-preview":"max-image-preview:large","max-video-preview":"max-video-preview:-1"},"canonical":"https:\/\/tourcruiser.com\/fr\/products\/grade-school-air-jordan-courtside-23-grey-fog-ar1002-002\/","og_locale":"fr_FR","og_type":"article","og_title":"(Grade School) Air Jordan Courtside 23 'Grey Fog' AR1002-002 - TOURCRUISER PTE. LTD","og_description":"Les baskets Air Jordan Courtside 23 Grey Fog (taille enfant) de Jordan offrent style et confort aux jeunes athl\u00e8tes. Elles s\u00e9duisent par leur \u00e9l\u00e9gante couleur grise et le logo embl\u00e9matique Air Jordan. Gr\u00e2ce \u00e0 leur conception haut de gamme et leur construction offrant un excellent maintien, elles sont parfaites au quotidien comme pour le sport. [&hellip;]","og_url":"https:\/\/tourcruiser.com\/fr\/products\/grade-school-air-jordan-courtside-23-grey-fog-ar1002-002\/","og_site_name":"Tourcruiser Sneaker Store","article_modified_time":"2026-04-17T15:43:00+00:00","twitter_card":"summary_large_image","twitter_image":"https:\/\/images.novelship.com\/product\/_grade_school__air_jordan_courtside_23__grey_fog___0_41556.jpeg;https:\/\/images.novelship.com\/product\/_grade_school__air_jordan_courtside_23__grey_fog___1_41556.jpeg;https:\/\/images.novelship.com\/product\/_grade_school__air_jordan_courtside_23__grey_fog___2_41556.jpeg;https:\/\/images.novelship.com\/product\/_grade_school__air_jordan_courtside_23__grey_fog___3_41556.jpeg;https:\/\/images.novelship.com\/product\/_grade_school__air_jordan_courtside_23__grey_fog___4_41556.jpeg;https:\/\/images.novelship.com\/product\/_grade_school__air_jordan_courtside_23__grey_fog___5_41556.jpeg","schema":{"@context":"https:\/\/schema.org","@graph":[{"@type":"WebPage","@id":"https:\/\/tourcruiser.com\/fr\/products\/grade-school-air-jordan-courtside-23-grey-fog-ar1002-002\/","url":"https:\/\/tourcruiser.com\/fr\/products\/grade-school-air-jordan-courtside-23-grey-fog-ar1002-002\/","name":"(Grade School) Air Jordan Courtside 23 'Grey Fog' AR1002-002 - TOURCRUISER PTE. LTD","isPartOf":{"@id":"\/#website"},"primaryImageOfPage":{"@id":"https:\/\/tourcruiser.com\/fr\/products\/grade-school-air-jordan-courtside-23-grey-fog-ar1002-002\/#primaryimage"},"image":{"@id":"https:\/\/tourcruiser.com\/fr\/products\/grade-school-air-jordan-courtside-23-grey-fog-ar1002-002\/#primaryimage"},"thumbnailUrl":"https:\/\/images.novelship.com\/product\/_grade_school__air_jordan_courtside_23__grey_fog___0_41556.jpeg;https:\/\/images.novelship.com\/product\/_grade_school__air_jordan_courtside_23__grey_fog___1_41556.jpeg;https:\/\/images.novelship.com\/product\/_grade_school__air_jordan_courtside_23__grey_fog___2_41556.jpeg;https:\/\/images.novelship.com\/product\/_grade_school__air_jordan_courtside_23__grey_fog___3_41556.jpeg;https:\/\/images.novelship.com\/product\/_grade_school__air_jordan_courtside_23__grey_fog___4_41556.jpeg;https:\/\/images.novelship.com\/product\/_grade_school__air_jordan_courtside_23__grey_fog___5_41556.jpeg","datePublished":"2026-04-16T10:05:03+00:00","dateModified":"2026-04-17T15:43:00+00:00","breadcrumb":{"@id":"https:\/\/tourcruiser.com\/fr\/products\/grade-school-air-jordan-courtside-23-grey-fog-ar1002-002\/#breadcrumb"},"inLanguage":"fr-FR","potentialAction":[{"@type":"ReadAction","target":["https:\/\/tourcruiser.com\/fr\/products\/grade-school-air-jordan-courtside-23-grey-fog-ar1002-002\/"]}]},{"@type":"ImageObject","inLanguage":"fr-FR","@id":"https:\/\/tourcruiser.com\/fr\/products\/grade-school-air-jordan-courtside-23-grey-fog-ar1002-002\/#primaryimage","url":"https:\/\/images.novelship.com\/product\/_grade_school__air_jordan_courtside_23__grey_fog___0_41556.jpeg;https:\/\/images.novelship.com\/product\/_grade_school__air_jordan_courtside_23__grey_fog___1_41556.jpeg;https:\/\/images.novelship.com\/product\/_grade_school__air_jordan_courtside_23__grey_fog___2_41556.jpeg;https:\/\/images.novelship.com\/product\/_grade_school__air_jordan_courtside_23__grey_fog___3_41556.jpeg;https:\/\/images.novelship.com\/product\/_grade_school__air_jordan_courtside_23__grey_fog___4_41556.jpeg;https:\/\/images.novelship.com\/product\/_grade_school__air_jordan_courtside_23__grey_fog___5_41556.jpeg","contentUrl":"https:\/\/images.novelship.com\/product\/_grade_school__air_jordan_courtside_23__grey_fog___0_41556.jpeg;https:\/\/images.novelship.com\/product\/_grade_school__air_jordan_courtside_23__grey_fog___1_41556.jpeg;https:\/\/images.novelship.com\/product\/_grade_school__air_jordan_courtside_23__grey_fog___2_41556.jpeg;https:\/\/images.novelship.com\/product\/_grade_school__air_jordan_courtside_23__grey_fog___3_41556.jpeg;https:\/\/images.novelship.com\/product\/_grade_school__air_jordan_courtside_23__grey_fog___4_41556.jpeg;https:\/\/images.novelship.com\/product\/_grade_school__air_jordan_courtside_23__grey_fog___5_41556.jpeg"},{"@type":"BreadcrumbList","@id":"https:\/\/tourcruiser.com\/fr\/products\/grade-school-air-jordan-courtside-23-grey-fog-ar1002-002\/#breadcrumb","itemListElement":[{"@type":"ListItem","position":1,"name":"Home","item":"https:\/\/tourcruiser.com\/fr\/"},{"@type":"ListItem","position":2,"name":"Shop","item":"https:\/\/tourcruiser.com\/fr\/shop\/"},{"@type":"ListItem","position":3,"name":"(Grade School) Air Jordan Courtside 23 &#8216;Grey Fog&#8217; AR1002-002"}]},{"@type":"WebSite","@id":"\/#website","url":"\/","name":"Styloral Jewelry Shop","description":"Tourcruiser Sneaker Store \u2014 L\u2019endroit o\u00f9 l\u2019univers rencontre votre singularit\u00e9.","publisher":{"@id":"\/#organization"},"potentialAction":[{"@type":"SearchAction","target":{"@type":"EntryPoint","urlTemplate":"\/?s={search_term_string}"},"query-input":{"@type":"PropertyValueSpecification","valueRequired":true,"valueName":"search_term_string"}}],"inLanguage":"fr-FR"},{"@type":"Organization","@id":"\/#organization","name":"STYLORAL PTE. LTD","url":"\/","logo":{"@type":"ImageObject","inLanguage":"fr-FR","@id":"\/#\/schema\/logo\/image\/","url":"https:\/\/www.tourcruiser.com\/wp-content\/uploads\/2025\/12\/logo.png","contentUrl":"https:\/\/www.tourcruiser.com\/wp-content\/uploads\/2025\/12\/logo.png","width":200,"height":65,"caption":"STYLORAL PTE. LTD"},"image":{"@id":"\/#\/schema\/logo\/image\/"}}]}},"_links":{"self":[{"href":"https:\/\/tourcruiser.com\/fr\/wp-json\/wp\/v2\/product\/754609","targetHints":{"allow":["GET"]}}],"collection":[{"href":"https:\/\/tourcruiser.com\/fr\/wp-json\/wp\/v2\/product"}],"about":[{"href":"https:\/\/tourcruiser.com\/fr\/wp-json\/wp\/v2\/types\/product"}],"replies":[{"embeddable":true,"href":"https:\/\/tourcruiser.com\/fr\/wp-json\/wp\/v2\/comments?post=754609"}],"wp:featuredmedia":[{"embeddable":true,"href":"https:\/\/tourcruiser.com\/fr\/wp-json\/wp\/v2\/media\/754611"}],"wp:attachment":[{"href":"https:\/\/tourcruiser.com\/fr\/wp-json\/wp\/v2\/media?parent=754609"}],"wp:term":[{"taxonomy":"product_brand","embeddable":true,"href":"https:\/\/tourcruiser.com\/fr\/wp-json\/wp\/v2\/product_brand?post=754609"},{"taxonomy":"product_cat","embeddable":true,"href":"https:\/\/tourcruiser.com\/fr\/wp-json\/wp\/v2\/product_cat?post=754609"},{"taxonomy":"product_tag","embeddable":true,"href":"https:\/\/tourcruiser.com\/fr\/wp-json\/wp\/v2\/product_tag?post=754609"}],"curies":[{"name":"wp","href":"https:\/\/api.w.org\/{rel}","templated":true}]}}