{"id":754416,"date":"2026-04-16T17:04:55","date_gmt":"2026-04-16T10:04:55","guid":{"rendered":"http:\/\/tourcruiser.com\/product\/youth-nike-court-borough-low-2-se1-white-blue-pink-db3090-100"},"modified":"2026-04-17T22:42:43","modified_gmt":"2026-04-17T15:42:43","slug":"youth-nike-court-borough-low-2-se1-white-blue-pink-db3090-100","status":"publish","type":"product","link":"https:\/\/tourcruiser.com\/fr\/products\/youth-nike-court-borough-low-2-se1-white-blue-pink-db3090-100\/","title":{"rendered":"(Youth) Nike Court Borough Low 2 SE1 &lsquo;White Blue Pink&rsquo; DB3090-100"},"content":{"rendered":"<p>Am\u00e9liorez votre style et vos performances avec la Nike Court Borough Low 2 SE1 \u00ab\u00a0Blanc Bleu Rose\u00a0\u00bb\u00a0! Cette sneaker offre un confort optimal gr\u00e2ce \u00e0 sa semelle interm\u00e9diaire en mousse souple et son empeigne en mesh respirant. Les touches de rose et de bleu \u00e9clatantes cr\u00e9ent un look saisissant, tandis que la semelle ext\u00e9rieure en caoutchouc r\u00e9sistant assure une adh\u00e9rence optimale sur et en dehors du terrain. Pr\u00e9parez-vous \u00e0 dominer le jeu avec ces sneakers styl\u00e9es et performantes. Commandez votre paire d\u00e8s aujourd&rsquo;hui et vivez le basketball comme jamais auparavant\u00a0!<\/p>\n<p>Coloris\u00a0: Blanc\/Bleu\/Rose<\/p>\n<p>Code article\u00a0: DB3090-100<\/p>\n<p>Mati\u00e8re ext\u00e9rieure\u00a0: Cuir<\/p>\n<p>Couleur\u00a0: Blanc<\/p>\n<p>Saison\u00a0: Toutes saisons<\/p>\n<p>\u00c2ge\u00a0: Adulte<\/p>\n<p>Couleur\u00a0: Blanc<\/p>\n<p>Genre\u00a0: Enfant<\/p>\n","protected":false},"excerpt":{"rendered":"<p>Am\u00e9liorez votre style et vos performances avec la Nike Court Borough Low 2 SE1 \u00ab\u00a0Blanc Bleu Rose\u00a0\u00bb\u00a0! Cette sneaker offre un confort optimal gr\u00e2ce \u00e0 sa semelle interm\u00e9diaire en mousse souple et son empeigne en mesh respirant. Les touches de rose et de bleu \u00e9clatantes cr\u00e9ent un look saisissant, tandis que la semelle ext\u00e9rieure en [&hellip;]<\/p>\n","protected":false},"featured_media":754417,"comment_status":"open","ping_status":"closed","template":"","meta":[],"product_brand":[],"product_cat":[10803],"product_tag":[10750,38855,38917,10813,10801,38887,38954,38902,38936],"class_list":{"0":"post-754416","1":"product","2":"type-product","3":"status-publish","4":"has-post-thumbnail","6":"product_cat-nike","7":"product_tag-athleisure-shoes","8":"product_tag-below-the-regular-retail-price","9":"product_tag-casual-shoes-for-children","10":"product_tag-court-classic-shoes","11":"product_tag-nike","12":"product_tag-nike-skateboard-shoes","13":"product_tag-sneakers-for-children","14":"product_tag-trendy-offers","15":"product_tag-trendy-offers-under-a-150","16":"wcpa_has_options","18":"first","19":"instock","20":"taxable","21":"shipping-taxable","22":"purchasable","23":"product-type-simple"},"wcpa_form_fields":{"rules":{"pric_overide_base_price":false,"pric_overide_base_price_if_gt_zero":false,"pric_overide_base_price_fully":false,"pric_cal_option_once":false,"pric_use_as_fee":false,"bind_quantity":false,"quantity_bind_formula":false},"fields":[{"type":"color-group","required":true,"elementId":"wcpa-color-group-66c4a75505e74","label":"Taille","inline":true,"priceOptions":"different_for_all","pricingType":"fixed","className":"hassizechart product-shoes-size-eu product-shoes-size","name":"color-group-66c4a75505e89","disp_type":"square","selection_type":"tick-border","disp_size":"44","show_label_inside":true,"adjust_width":true,"cart_display_type":"text","other_text":"Other","cl_rule":"show","col":6,"values":[{"label":"35.5","value":"EU 35.5","price":"","pimage":"","pimage_id":"","pthumb":"","color":""},{"label":"36","value":"EU 36","price":"","pimage":"","pimage_id":"","pthumb":"","color":"","selected":true},{"label":"36.5","value":"EU 36.5","price":"","pimage":"","pimage_id":"","pthumb":"","color":""},{"label":"37.5","value":"EU 37.5","price":"","pimage":"","pimage_id":"","pthumb":"","color":""},{"label":"38","value":"EU 38","price":"","pimage":"","pimage_id":"","pthumb":"","color":""},{"label":"38.5","value":"EU 38.5","price":"","pimage":"","pimage_id":"","pthumb":"","color":""},{"label":"39","value":"EU 39","price":"","pimage":"","pimage_id":"","pthumb":"","color":""},{"label":"40","value":"EU 40","price":"","pimage":"","pimage_id":"","pthumb":"","color":""},{"label":"40.5","value":"EU 40.5","price":"","pimage":"","pimage_id":"","pthumb":"","color":""},{"label":"41","value":"EU 41","price":"","pimage":"","pimage_id":"","pthumb":"","color":""},{"label":"42","value":"EU 42","price":"","pimage":"","pimage_id":"","pthumb":"","color":""},{"label":"42.5","value":"EU 42.5","price":"","pimage":"","pimage_id":"","pthumb":"","color":""},{"label":"43","value":"EU 43","price":"","pimage":"","pimage_id":"","pthumb":"","color":""},{"label":"44","value":"EU 44","price":"","pimage":"","pimage_id":"","pthumb":"","color":""},{"label":"44.5","value":"EU 44.5","price":"","pimage":"","pimage_id":"","pthumb":"","color":""},{"label":"45","value":"EU 45","price":"","pimage":"","pimage_id":"","pthumb":"","color":""},{"label":"45.5","value":"EU 45.5","price":"","pimage":"","pimage_id":"","pthumb":"","color":""},{"label":"46","value":"EU 46","price":"","pimage":"","pimage_id":"","pthumb":"","color":""},{"label":"47","value":"EU 47","price":"","pimage":"","pimage_id":"","pthumb":"","color":""},{"label":"47.5","value":"EU 47.5","price":"","pimage":"","pimage_id":"","pthumb":"","color":""},{"label":"48","value":"EU 48","price":"","pimage":"","pimage_id":"","pthumb":"","color":""}],"relations":[{"operator":false,"rules":[]}],"form_id":18106,"form_rules":{"pric_cal_option_once":false,"exclude_from_discount":false,"pric_use_as_fee":false,"fee_label":"Fee","render_after_acb":false,"disp_hide_options_price":false}}]},"yoast_head":"<!-- This site is optimized with the Yoast SEO plugin v26.5 - https:\/\/yoast.com\/wordpress\/plugins\/seo\/ -->\n<title>(Youth) Nike Court Borough Low 2 SE1 &#039;White Blue Pink&#039; DB3090-100 - TOURCRUISER PTE. LTD<\/title>\n<meta name=\"robots\" content=\"index, follow, max-snippet:-1, max-image-preview:large, max-video-preview:-1\" \/>\n<link rel=\"canonical\" href=\"https:\/\/tourcruiser.com\/fr\/products\/youth-nike-court-borough-low-2-se1-white-blue-pink-db3090-100\/\" \/>\n<meta property=\"og:locale\" content=\"fr_FR\" \/>\n<meta property=\"og:type\" content=\"article\" \/>\n<meta property=\"og:title\" content=\"(Youth) Nike Court Borough Low 2 SE1 &#039;White Blue Pink&#039; DB3090-100 - TOURCRUISER PTE. LTD\" \/>\n<meta property=\"og:description\" content=\"Am\u00e9liorez votre style et vos performances avec la Nike Court Borough Low 2 SE1 \u00ab\u00a0Blanc Bleu Rose\u00a0\u00bb\u00a0! Cette sneaker offre un confort optimal gr\u00e2ce \u00e0 sa semelle interm\u00e9diaire en mousse souple et son empeigne en mesh respirant. Les touches de rose et de bleu \u00e9clatantes cr\u00e9ent un look saisissant, tandis que la semelle ext\u00e9rieure en [&hellip;]\" \/>\n<meta property=\"og:url\" content=\"https:\/\/tourcruiser.com\/fr\/products\/youth-nike-court-borough-low-2-se1-white-blue-pink-db3090-100\/\" \/>\n<meta property=\"og:site_name\" content=\"Tourcruiser Sneaker Store\" \/>\n<meta property=\"article:modified_time\" content=\"2026-04-17T15:42:43+00:00\" \/>\n<meta name=\"twitter:card\" content=\"summary_large_image\" \/>\n<meta name=\"twitter:image\" content=\"https:\/\/images.novelship.com\/product\/nike_court_borough_low_2_se__white_blue_pink__db30_0_43034.jpeg;https:\/\/images.novelship.com\/product\/nike_court_borough_low_2_se__white_blue_pink__db30_1_43034.jpeg;https:\/\/images.novelship.com\/product\/nike_court_borough_low_2_se__white_blue_pink__db30_2_43034.jpeg;https:\/\/images.novelship.com\/product\/nike_court_borough_low_2_se__white_blue_pink__db30_3_43034.jpeg;https:\/\/images.novelship.com\/product\/nike_court_borough_low_2_se__white_blue_pink__db30_4_43034.jpeg;https:\/\/images.novelship.com\/product\/nike_court_borough_low_2_se__white_blue_pink__db30_5_43034.jpeg\" \/>\n<meta name=\"twitter:label1\" content=\"Dur\u00e9e de lecture estim\u00e9e\" \/>\n\t<meta name=\"twitter:data1\" content=\"1 minute\" \/>\n<script type=\"application\/ld+json\" class=\"yoast-schema-graph\">{\"@context\":\"https:\/\/schema.org\",\"@graph\":[{\"@type\":\"WebPage\",\"@id\":\"https:\/\/tourcruiser.com\/fr\/products\/youth-nike-court-borough-low-2-se1-white-blue-pink-db3090-100\/\",\"url\":\"https:\/\/tourcruiser.com\/fr\/products\/youth-nike-court-borough-low-2-se1-white-blue-pink-db3090-100\/\",\"name\":\"(Youth) Nike Court Borough Low 2 SE1 'White Blue Pink' DB3090-100 - TOURCRUISER PTE. LTD\",\"isPartOf\":{\"@id\":\"\/#website\"},\"primaryImageOfPage\":{\"@id\":\"https:\/\/tourcruiser.com\/fr\/products\/youth-nike-court-borough-low-2-se1-white-blue-pink-db3090-100\/#primaryimage\"},\"image\":{\"@id\":\"https:\/\/tourcruiser.com\/fr\/products\/youth-nike-court-borough-low-2-se1-white-blue-pink-db3090-100\/#primaryimage\"},\"thumbnailUrl\":\"https:\/\/images.novelship.com\/product\/nike_court_borough_low_2_se__white_blue_pink__db30_0_43034.jpeg;https:\/\/images.novelship.com\/product\/nike_court_borough_low_2_se__white_blue_pink__db30_1_43034.jpeg;https:\/\/images.novelship.com\/product\/nike_court_borough_low_2_se__white_blue_pink__db30_2_43034.jpeg;https:\/\/images.novelship.com\/product\/nike_court_borough_low_2_se__white_blue_pink__db30_3_43034.jpeg;https:\/\/images.novelship.com\/product\/nike_court_borough_low_2_se__white_blue_pink__db30_4_43034.jpeg;https:\/\/images.novelship.com\/product\/nike_court_borough_low_2_se__white_blue_pink__db30_5_43034.jpeg\",\"datePublished\":\"2026-04-16T10:04:55+00:00\",\"dateModified\":\"2026-04-17T15:42:43+00:00\",\"breadcrumb\":{\"@id\":\"https:\/\/tourcruiser.com\/fr\/products\/youth-nike-court-borough-low-2-se1-white-blue-pink-db3090-100\/#breadcrumb\"},\"inLanguage\":\"fr-FR\",\"potentialAction\":[{\"@type\":\"ReadAction\",\"target\":[\"https:\/\/tourcruiser.com\/fr\/products\/youth-nike-court-borough-low-2-se1-white-blue-pink-db3090-100\/\"]}]},{\"@type\":\"ImageObject\",\"inLanguage\":\"fr-FR\",\"@id\":\"https:\/\/tourcruiser.com\/fr\/products\/youth-nike-court-borough-low-2-se1-white-blue-pink-db3090-100\/#primaryimage\",\"url\":\"https:\/\/images.novelship.com\/product\/nike_court_borough_low_2_se__white_blue_pink__db30_0_43034.jpeg;https:\/\/images.novelship.com\/product\/nike_court_borough_low_2_se__white_blue_pink__db30_1_43034.jpeg;https:\/\/images.novelship.com\/product\/nike_court_borough_low_2_se__white_blue_pink__db30_2_43034.jpeg;https:\/\/images.novelship.com\/product\/nike_court_borough_low_2_se__white_blue_pink__db30_3_43034.jpeg;https:\/\/images.novelship.com\/product\/nike_court_borough_low_2_se__white_blue_pink__db30_4_43034.jpeg;https:\/\/images.novelship.com\/product\/nike_court_borough_low_2_se__white_blue_pink__db30_5_43034.jpeg\",\"contentUrl\":\"https:\/\/images.novelship.com\/product\/nike_court_borough_low_2_se__white_blue_pink__db30_0_43034.jpeg;https:\/\/images.novelship.com\/product\/nike_court_borough_low_2_se__white_blue_pink__db30_1_43034.jpeg;https:\/\/images.novelship.com\/product\/nike_court_borough_low_2_se__white_blue_pink__db30_2_43034.jpeg;https:\/\/images.novelship.com\/product\/nike_court_borough_low_2_se__white_blue_pink__db30_3_43034.jpeg;https:\/\/images.novelship.com\/product\/nike_court_borough_low_2_se__white_blue_pink__db30_4_43034.jpeg;https:\/\/images.novelship.com\/product\/nike_court_borough_low_2_se__white_blue_pink__db30_5_43034.jpeg\"},{\"@type\":\"BreadcrumbList\",\"@id\":\"https:\/\/tourcruiser.com\/fr\/products\/youth-nike-court-borough-low-2-se1-white-blue-pink-db3090-100\/#breadcrumb\",\"itemListElement\":[{\"@type\":\"ListItem\",\"position\":1,\"name\":\"Home\",\"item\":\"https:\/\/tourcruiser.com\/fr\/\"},{\"@type\":\"ListItem\",\"position\":2,\"name\":\"Shop\",\"item\":\"https:\/\/tourcruiser.com\/fr\/shop\/\"},{\"@type\":\"ListItem\",\"position\":3,\"name\":\"(Youth) Nike Court Borough Low 2 SE1 &#8216;White Blue Pink&#8217; DB3090-100\"}]},{\"@type\":\"WebSite\",\"@id\":\"\/#website\",\"url\":\"\/\",\"name\":\"Styloral Jewelry Shop\",\"description\":\"Tourcruiser Sneaker Store \u2014 L\u2019endroit o\u00f9 l\u2019univers rencontre votre singularit\u00e9.\",\"publisher\":{\"@id\":\"\/#organization\"},\"potentialAction\":[{\"@type\":\"SearchAction\",\"target\":{\"@type\":\"EntryPoint\",\"urlTemplate\":\"\/?s={search_term_string}\"},\"query-input\":{\"@type\":\"PropertyValueSpecification\",\"valueRequired\":true,\"valueName\":\"search_term_string\"}}],\"inLanguage\":\"fr-FR\"},{\"@type\":\"Organization\",\"@id\":\"\/#organization\",\"name\":\"STYLORAL PTE. LTD\",\"url\":\"\/\",\"logo\":{\"@type\":\"ImageObject\",\"inLanguage\":\"fr-FR\",\"@id\":\"\/#\/schema\/logo\/image\/\",\"url\":\"https:\/\/www.tourcruiser.com\/wp-content\/uploads\/2025\/12\/logo.png\",\"contentUrl\":\"https:\/\/www.tourcruiser.com\/wp-content\/uploads\/2025\/12\/logo.png\",\"width\":200,\"height\":65,\"caption\":\"STYLORAL PTE. LTD\"},\"image\":{\"@id\":\"\/#\/schema\/logo\/image\/\"}}]}<\/script>\n<!-- \/ Yoast SEO plugin. -->","yoast_head_json":{"title":"(Youth) Nike Court Borough Low 2 SE1 'White Blue Pink' DB3090-100 - TOURCRUISER PTE. LTD","robots":{"index":"index","follow":"follow","max-snippet":"max-snippet:-1","max-image-preview":"max-image-preview:large","max-video-preview":"max-video-preview:-1"},"canonical":"https:\/\/tourcruiser.com\/fr\/products\/youth-nike-court-borough-low-2-se1-white-blue-pink-db3090-100\/","og_locale":"fr_FR","og_type":"article","og_title":"(Youth) Nike Court Borough Low 2 SE1 'White Blue Pink' DB3090-100 - TOURCRUISER PTE. LTD","og_description":"Am\u00e9liorez votre style et vos performances avec la Nike Court Borough Low 2 SE1 \u00ab\u00a0Blanc Bleu Rose\u00a0\u00bb\u00a0! Cette sneaker offre un confort optimal gr\u00e2ce \u00e0 sa semelle interm\u00e9diaire en mousse souple et son empeigne en mesh respirant. Les touches de rose et de bleu \u00e9clatantes cr\u00e9ent un look saisissant, tandis que la semelle ext\u00e9rieure en [&hellip;]","og_url":"https:\/\/tourcruiser.com\/fr\/products\/youth-nike-court-borough-low-2-se1-white-blue-pink-db3090-100\/","og_site_name":"Tourcruiser Sneaker Store","article_modified_time":"2026-04-17T15:42:43+00:00","twitter_card":"summary_large_image","twitter_image":"https:\/\/images.novelship.com\/product\/nike_court_borough_low_2_se__white_blue_pink__db30_0_43034.jpeg;https:\/\/images.novelship.com\/product\/nike_court_borough_low_2_se__white_blue_pink__db30_1_43034.jpeg;https:\/\/images.novelship.com\/product\/nike_court_borough_low_2_se__white_blue_pink__db30_2_43034.jpeg;https:\/\/images.novelship.com\/product\/nike_court_borough_low_2_se__white_blue_pink__db30_3_43034.jpeg;https:\/\/images.novelship.com\/product\/nike_court_borough_low_2_se__white_blue_pink__db30_4_43034.jpeg;https:\/\/images.novelship.com\/product\/nike_court_borough_low_2_se__white_blue_pink__db30_5_43034.jpeg","twitter_misc":{"Dur\u00e9e de lecture estim\u00e9e":"1 minute"},"schema":{"@context":"https:\/\/schema.org","@graph":[{"@type":"WebPage","@id":"https:\/\/tourcruiser.com\/fr\/products\/youth-nike-court-borough-low-2-se1-white-blue-pink-db3090-100\/","url":"https:\/\/tourcruiser.com\/fr\/products\/youth-nike-court-borough-low-2-se1-white-blue-pink-db3090-100\/","name":"(Youth) Nike Court Borough Low 2 SE1 'White Blue Pink' DB3090-100 - TOURCRUISER PTE. LTD","isPartOf":{"@id":"\/#website"},"primaryImageOfPage":{"@id":"https:\/\/tourcruiser.com\/fr\/products\/youth-nike-court-borough-low-2-se1-white-blue-pink-db3090-100\/#primaryimage"},"image":{"@id":"https:\/\/tourcruiser.com\/fr\/products\/youth-nike-court-borough-low-2-se1-white-blue-pink-db3090-100\/#primaryimage"},"thumbnailUrl":"https:\/\/images.novelship.com\/product\/nike_court_borough_low_2_se__white_blue_pink__db30_0_43034.jpeg;https:\/\/images.novelship.com\/product\/nike_court_borough_low_2_se__white_blue_pink__db30_1_43034.jpeg;https:\/\/images.novelship.com\/product\/nike_court_borough_low_2_se__white_blue_pink__db30_2_43034.jpeg;https:\/\/images.novelship.com\/product\/nike_court_borough_low_2_se__white_blue_pink__db30_3_43034.jpeg;https:\/\/images.novelship.com\/product\/nike_court_borough_low_2_se__white_blue_pink__db30_4_43034.jpeg;https:\/\/images.novelship.com\/product\/nike_court_borough_low_2_se__white_blue_pink__db30_5_43034.jpeg","datePublished":"2026-04-16T10:04:55+00:00","dateModified":"2026-04-17T15:42:43+00:00","breadcrumb":{"@id":"https:\/\/tourcruiser.com\/fr\/products\/youth-nike-court-borough-low-2-se1-white-blue-pink-db3090-100\/#breadcrumb"},"inLanguage":"fr-FR","potentialAction":[{"@type":"ReadAction","target":["https:\/\/tourcruiser.com\/fr\/products\/youth-nike-court-borough-low-2-se1-white-blue-pink-db3090-100\/"]}]},{"@type":"ImageObject","inLanguage":"fr-FR","@id":"https:\/\/tourcruiser.com\/fr\/products\/youth-nike-court-borough-low-2-se1-white-blue-pink-db3090-100\/#primaryimage","url":"https:\/\/images.novelship.com\/product\/nike_court_borough_low_2_se__white_blue_pink__db30_0_43034.jpeg;https:\/\/images.novelship.com\/product\/nike_court_borough_low_2_se__white_blue_pink__db30_1_43034.jpeg;https:\/\/images.novelship.com\/product\/nike_court_borough_low_2_se__white_blue_pink__db30_2_43034.jpeg;https:\/\/images.novelship.com\/product\/nike_court_borough_low_2_se__white_blue_pink__db30_3_43034.jpeg;https:\/\/images.novelship.com\/product\/nike_court_borough_low_2_se__white_blue_pink__db30_4_43034.jpeg;https:\/\/images.novelship.com\/product\/nike_court_borough_low_2_se__white_blue_pink__db30_5_43034.jpeg","contentUrl":"https:\/\/images.novelship.com\/product\/nike_court_borough_low_2_se__white_blue_pink__db30_0_43034.jpeg;https:\/\/images.novelship.com\/product\/nike_court_borough_low_2_se__white_blue_pink__db30_1_43034.jpeg;https:\/\/images.novelship.com\/product\/nike_court_borough_low_2_se__white_blue_pink__db30_2_43034.jpeg;https:\/\/images.novelship.com\/product\/nike_court_borough_low_2_se__white_blue_pink__db30_3_43034.jpeg;https:\/\/images.novelship.com\/product\/nike_court_borough_low_2_se__white_blue_pink__db30_4_43034.jpeg;https:\/\/images.novelship.com\/product\/nike_court_borough_low_2_se__white_blue_pink__db30_5_43034.jpeg"},{"@type":"BreadcrumbList","@id":"https:\/\/tourcruiser.com\/fr\/products\/youth-nike-court-borough-low-2-se1-white-blue-pink-db3090-100\/#breadcrumb","itemListElement":[{"@type":"ListItem","position":1,"name":"Home","item":"https:\/\/tourcruiser.com\/fr\/"},{"@type":"ListItem","position":2,"name":"Shop","item":"https:\/\/tourcruiser.com\/fr\/shop\/"},{"@type":"ListItem","position":3,"name":"(Youth) Nike Court Borough Low 2 SE1 &#8216;White Blue Pink&#8217; DB3090-100"}]},{"@type":"WebSite","@id":"\/#website","url":"\/","name":"Styloral Jewelry Shop","description":"Tourcruiser Sneaker Store \u2014 L\u2019endroit o\u00f9 l\u2019univers rencontre votre singularit\u00e9.","publisher":{"@id":"\/#organization"},"potentialAction":[{"@type":"SearchAction","target":{"@type":"EntryPoint","urlTemplate":"\/?s={search_term_string}"},"query-input":{"@type":"PropertyValueSpecification","valueRequired":true,"valueName":"search_term_string"}}],"inLanguage":"fr-FR"},{"@type":"Organization","@id":"\/#organization","name":"STYLORAL PTE. LTD","url":"\/","logo":{"@type":"ImageObject","inLanguage":"fr-FR","@id":"\/#\/schema\/logo\/image\/","url":"https:\/\/www.tourcruiser.com\/wp-content\/uploads\/2025\/12\/logo.png","contentUrl":"https:\/\/www.tourcruiser.com\/wp-content\/uploads\/2025\/12\/logo.png","width":200,"height":65,"caption":"STYLORAL PTE. LTD"},"image":{"@id":"\/#\/schema\/logo\/image\/"}}]}},"_links":{"self":[{"href":"https:\/\/tourcruiser.com\/fr\/wp-json\/wp\/v2\/product\/754416","targetHints":{"allow":["GET"]}}],"collection":[{"href":"https:\/\/tourcruiser.com\/fr\/wp-json\/wp\/v2\/product"}],"about":[{"href":"https:\/\/tourcruiser.com\/fr\/wp-json\/wp\/v2\/types\/product"}],"replies":[{"embeddable":true,"href":"https:\/\/tourcruiser.com\/fr\/wp-json\/wp\/v2\/comments?post=754416"}],"wp:featuredmedia":[{"embeddable":true,"href":"https:\/\/tourcruiser.com\/fr\/wp-json\/wp\/v2\/media\/754417"}],"wp:attachment":[{"href":"https:\/\/tourcruiser.com\/fr\/wp-json\/wp\/v2\/media?parent=754416"}],"wp:term":[{"taxonomy":"product_brand","embeddable":true,"href":"https:\/\/tourcruiser.com\/fr\/wp-json\/wp\/v2\/product_brand?post=754416"},{"taxonomy":"product_cat","embeddable":true,"href":"https:\/\/tourcruiser.com\/fr\/wp-json\/wp\/v2\/product_cat?post=754416"},{"taxonomy":"product_tag","embeddable":true,"href":"https:\/\/tourcruiser.com\/fr\/wp-json\/wp\/v2\/product_tag?post=754416"}],"curies":[{"name":"wp","href":"https:\/\/api.w.org\/{rel}","templated":true}]}}