{"id":754175,"date":"2026-04-16T17:04:47","date_gmt":"2026-04-16T10:04:47","guid":{"rendered":"http:\/\/tourcruiser.com\/product\/youth-nike-air-max-90-leather-iced-lilac-cd6864-002"},"modified":"2026-04-17T22:42:24","modified_gmt":"2026-04-17T15:42:24","slug":"youth-nike-air-max-90-leather-iced-lilac-cd6864-002","status":"publish","type":"product","link":"https:\/\/tourcruiser.com\/fr\/products\/youth-nike-air-max-90-leather-iced-lilac-cd6864-002\/","title":{"rendered":"(Youth) Nike Air Max 90 Leather &lsquo;Iced Lilac&rsquo; CD6864-002"},"content":{"rendered":"<p>Affirmez votre style avec les sneakers Nike Air Max 90 Leather Lilas Glac\u00e9 CD6864-002 pour ados. Ces chaussures tendance allient confort et mode \u00e0 la perfection, offrant un design \u00e9pur\u00e9 id\u00e9al pour \u00eatre port\u00e9es toute la journ\u00e9e. Parfaites pour les jeunes qui veulent affirmer leur personnalit\u00e9 avec leurs chaussures.<\/p>\n<p>Coloris\u00a0: Gris Particule\/Lilas Glac\u00e9-Poussi\u00e8re Photonique-Blanc<\/p>\n<p>Code article\u00a0: CD6864-002<\/p>\n<p>Semelle interm\u00e9diaire\u00a0: Air<\/p>\n<p>Couleur\u00a0: Gris<\/p>\n<p>Saison\u00a0: Toute l\u2019ann\u00e9e<\/p>\n<p>Ann\u00e9e de sortie\u00a0: 2020<\/p>\n<p>\u00c2ge\u00a0: Adulte<\/p>\n<p>Couleur\u00a0: Gris<\/p>\n<p>Genre\u00a0: Adolescent<\/p>\n","protected":false},"excerpt":{"rendered":"<p>Affirmez votre style avec les sneakers Nike Air Max 90 Leather Lilas Glac\u00e9 CD6864-002 pour ados. Ces chaussures tendance allient confort et mode \u00e0 la perfection, offrant un design \u00e9pur\u00e9 id\u00e9al pour \u00eatre port\u00e9es toute la journ\u00e9e. Parfaites pour les jeunes qui veulent affirmer leur personnalit\u00e9 avec leurs chaussures. Coloris\u00a0: Gris Particule\/Lilas Glac\u00e9-Poussi\u00e8re Photonique-Blanc Code [&hellip;]<\/p>\n","protected":false},"featured_media":754176,"comment_status":"open","ping_status":"closed","template":"","meta":[],"product_brand":[],"product_cat":[10803],"product_tag":[38917,38918,38894,10801,10882,10768],"class_list":{"0":"post-754175","1":"product","2":"type-product","3":"status-publish","4":"has-post-thumbnail","6":"product_cat-nike","7":"product_tag-casual-shoes-for-children","8":"product_tag-children-s-sneakers","9":"product_tag-lifestyle-shoes-running-shoes","10":"product_tag-nike","11":"product_tag-nike-running-shoes","12":"product_tag-retro-running-shoes","13":"wcpa_has_options","15":"first","16":"instock","17":"taxable","18":"shipping-taxable","19":"purchasable","20":"product-type-simple"},"wcpa_form_fields":{"rules":{"pric_overide_base_price":false,"pric_overide_base_price_if_gt_zero":false,"pric_overide_base_price_fully":false,"pric_cal_option_once":false,"pric_use_as_fee":false,"bind_quantity":false,"quantity_bind_formula":false},"fields":[{"type":"color-group","required":true,"elementId":"wcpa-color-group-66c4a75505e74","label":"Taille","inline":true,"priceOptions":"different_for_all","pricingType":"fixed","className":"hassizechart product-shoes-size-eu product-shoes-size","name":"color-group-66c4a75505e89","disp_type":"square","selection_type":"tick-border","disp_size":"44","show_label_inside":true,"adjust_width":true,"cart_display_type":"text","other_text":"Other","cl_rule":"show","col":6,"values":[{"label":"35.5","value":"EU 35.5","price":"","pimage":"","pimage_id":"","pthumb":"","color":""},{"label":"36","value":"EU 36","price":"","pimage":"","pimage_id":"","pthumb":"","color":"","selected":true},{"label":"36.5","value":"EU 36.5","price":"","pimage":"","pimage_id":"","pthumb":"","color":""},{"label":"37.5","value":"EU 37.5","price":"","pimage":"","pimage_id":"","pthumb":"","color":""},{"label":"38","value":"EU 38","price":"","pimage":"","pimage_id":"","pthumb":"","color":""},{"label":"38.5","value":"EU 38.5","price":"","pimage":"","pimage_id":"","pthumb":"","color":""},{"label":"39","value":"EU 39","price":"","pimage":"","pimage_id":"","pthumb":"","color":""},{"label":"40","value":"EU 40","price":"","pimage":"","pimage_id":"","pthumb":"","color":""},{"label":"40.5","value":"EU 40.5","price":"","pimage":"","pimage_id":"","pthumb":"","color":""},{"label":"41","value":"EU 41","price":"","pimage":"","pimage_id":"","pthumb":"","color":""},{"label":"42","value":"EU 42","price":"","pimage":"","pimage_id":"","pthumb":"","color":""},{"label":"42.5","value":"EU 42.5","price":"","pimage":"","pimage_id":"","pthumb":"","color":""},{"label":"43","value":"EU 43","price":"","pimage":"","pimage_id":"","pthumb":"","color":""},{"label":"44","value":"EU 44","price":"","pimage":"","pimage_id":"","pthumb":"","color":""},{"label":"44.5","value":"EU 44.5","price":"","pimage":"","pimage_id":"","pthumb":"","color":""},{"label":"45","value":"EU 45","price":"","pimage":"","pimage_id":"","pthumb":"","color":""},{"label":"45.5","value":"EU 45.5","price":"","pimage":"","pimage_id":"","pthumb":"","color":""},{"label":"46","value":"EU 46","price":"","pimage":"","pimage_id":"","pthumb":"","color":""},{"label":"47","value":"EU 47","price":"","pimage":"","pimage_id":"","pthumb":"","color":""},{"label":"47.5","value":"EU 47.5","price":"","pimage":"","pimage_id":"","pthumb":"","color":""},{"label":"48","value":"EU 48","price":"","pimage":"","pimage_id":"","pthumb":"","color":""}],"relations":[{"operator":false,"rules":[]}],"form_id":18106,"form_rules":{"pric_cal_option_once":false,"exclude_from_discount":false,"pric_use_as_fee":false,"fee_label":"Fee","render_after_acb":false,"disp_hide_options_price":false}}]},"yoast_head":"<!-- This site is optimized with the Yoast SEO plugin v26.5 - https:\/\/yoast.com\/wordpress\/plugins\/seo\/ -->\n<title>(Youth) Nike Air Max 90 Leather &#039;Iced Lilac&#039; CD6864-002 - TOURCRUISER PTE. LTD<\/title>\n<meta name=\"robots\" content=\"index, follow, max-snippet:-1, max-image-preview:large, max-video-preview:-1\" \/>\n<link rel=\"canonical\" href=\"https:\/\/tourcruiser.com\/fr\/products\/youth-nike-air-max-90-leather-iced-lilac-cd6864-002\/\" \/>\n<meta property=\"og:locale\" content=\"fr_FR\" \/>\n<meta property=\"og:type\" content=\"article\" \/>\n<meta property=\"og:title\" content=\"(Youth) Nike Air Max 90 Leather &#039;Iced Lilac&#039; CD6864-002 - TOURCRUISER PTE. LTD\" \/>\n<meta property=\"og:description\" content=\"Affirmez votre style avec les sneakers Nike Air Max 90 Leather Lilas Glac\u00e9 CD6864-002 pour ados. Ces chaussures tendance allient confort et mode \u00e0 la perfection, offrant un design \u00e9pur\u00e9 id\u00e9al pour \u00eatre port\u00e9es toute la journ\u00e9e. Parfaites pour les jeunes qui veulent affirmer leur personnalit\u00e9 avec leurs chaussures. Coloris\u00a0: Gris Particule\/Lilas Glac\u00e9-Poussi\u00e8re Photonique-Blanc Code [&hellip;]\" \/>\n<meta property=\"og:url\" content=\"https:\/\/tourcruiser.com\/fr\/products\/youth-nike-air-max-90-leather-iced-lilac-cd6864-002\/\" \/>\n<meta property=\"og:site_name\" content=\"Tourcruiser Sneaker Store\" \/>\n<meta property=\"article:modified_time\" content=\"2026-04-17T15:42:24+00:00\" \/>\n<meta name=\"twitter:card\" content=\"summary_large_image\" \/>\n<meta name=\"twitter:image\" content=\"https:\/\/images.novelship.com\/product\/_youth__nike_air_max_90_leather__iced_lilac__cd686_0_50648.jpeg;https:\/\/images.novelship.com\/product\/_youth__nike_air_max_90_leather__iced_lilac__cd686_1_50649.jpeg;https:\/\/images.novelship.com\/product\/_youth__nike_air_max_90_leather__iced_lilac__cd686_2_50649.jpeg;https:\/\/images.novelship.com\/product\/_youth__nike_air_max_90_leather__iced_lilac__cd686_3_50649.jpeg;https:\/\/images.novelship.com\/product\/_youth__nike_air_max_90_leather__iced_lilac__cd686_4_50649.jpeg\" \/>\n<script type=\"application\/ld+json\" class=\"yoast-schema-graph\">{\"@context\":\"https:\/\/schema.org\",\"@graph\":[{\"@type\":\"WebPage\",\"@id\":\"https:\/\/tourcruiser.com\/fr\/products\/youth-nike-air-max-90-leather-iced-lilac-cd6864-002\/\",\"url\":\"https:\/\/tourcruiser.com\/fr\/products\/youth-nike-air-max-90-leather-iced-lilac-cd6864-002\/\",\"name\":\"(Youth) Nike Air Max 90 Leather 'Iced Lilac' CD6864-002 - TOURCRUISER PTE. LTD\",\"isPartOf\":{\"@id\":\"\/#website\"},\"primaryImageOfPage\":{\"@id\":\"https:\/\/tourcruiser.com\/fr\/products\/youth-nike-air-max-90-leather-iced-lilac-cd6864-002\/#primaryimage\"},\"image\":{\"@id\":\"https:\/\/tourcruiser.com\/fr\/products\/youth-nike-air-max-90-leather-iced-lilac-cd6864-002\/#primaryimage\"},\"thumbnailUrl\":\"https:\/\/images.novelship.com\/product\/_youth__nike_air_max_90_leather__iced_lilac__cd686_0_50648.jpeg;https:\/\/images.novelship.com\/product\/_youth__nike_air_max_90_leather__iced_lilac__cd686_1_50649.jpeg;https:\/\/images.novelship.com\/product\/_youth__nike_air_max_90_leather__iced_lilac__cd686_2_50649.jpeg;https:\/\/images.novelship.com\/product\/_youth__nike_air_max_90_leather__iced_lilac__cd686_3_50649.jpeg;https:\/\/images.novelship.com\/product\/_youth__nike_air_max_90_leather__iced_lilac__cd686_4_50649.jpeg\",\"datePublished\":\"2026-04-16T10:04:47+00:00\",\"dateModified\":\"2026-04-17T15:42:24+00:00\",\"breadcrumb\":{\"@id\":\"https:\/\/tourcruiser.com\/fr\/products\/youth-nike-air-max-90-leather-iced-lilac-cd6864-002\/#breadcrumb\"},\"inLanguage\":\"fr-FR\",\"potentialAction\":[{\"@type\":\"ReadAction\",\"target\":[\"https:\/\/tourcruiser.com\/fr\/products\/youth-nike-air-max-90-leather-iced-lilac-cd6864-002\/\"]}]},{\"@type\":\"ImageObject\",\"inLanguage\":\"fr-FR\",\"@id\":\"https:\/\/tourcruiser.com\/fr\/products\/youth-nike-air-max-90-leather-iced-lilac-cd6864-002\/#primaryimage\",\"url\":\"https:\/\/images.novelship.com\/product\/_youth__nike_air_max_90_leather__iced_lilac__cd686_0_50648.jpeg;https:\/\/images.novelship.com\/product\/_youth__nike_air_max_90_leather__iced_lilac__cd686_1_50649.jpeg;https:\/\/images.novelship.com\/product\/_youth__nike_air_max_90_leather__iced_lilac__cd686_2_50649.jpeg;https:\/\/images.novelship.com\/product\/_youth__nike_air_max_90_leather__iced_lilac__cd686_3_50649.jpeg;https:\/\/images.novelship.com\/product\/_youth__nike_air_max_90_leather__iced_lilac__cd686_4_50649.jpeg\",\"contentUrl\":\"https:\/\/images.novelship.com\/product\/_youth__nike_air_max_90_leather__iced_lilac__cd686_0_50648.jpeg;https:\/\/images.novelship.com\/product\/_youth__nike_air_max_90_leather__iced_lilac__cd686_1_50649.jpeg;https:\/\/images.novelship.com\/product\/_youth__nike_air_max_90_leather__iced_lilac__cd686_2_50649.jpeg;https:\/\/images.novelship.com\/product\/_youth__nike_air_max_90_leather__iced_lilac__cd686_3_50649.jpeg;https:\/\/images.novelship.com\/product\/_youth__nike_air_max_90_leather__iced_lilac__cd686_4_50649.jpeg\"},{\"@type\":\"BreadcrumbList\",\"@id\":\"https:\/\/tourcruiser.com\/fr\/products\/youth-nike-air-max-90-leather-iced-lilac-cd6864-002\/#breadcrumb\",\"itemListElement\":[{\"@type\":\"ListItem\",\"position\":1,\"name\":\"Home\",\"item\":\"https:\/\/tourcruiser.com\/fr\/\"},{\"@type\":\"ListItem\",\"position\":2,\"name\":\"Shop\",\"item\":\"https:\/\/tourcruiser.com\/fr\/shop\/\"},{\"@type\":\"ListItem\",\"position\":3,\"name\":\"(Youth) Nike Air Max 90 Leather &#8216;Iced Lilac&#8217; CD6864-002\"}]},{\"@type\":\"WebSite\",\"@id\":\"\/#website\",\"url\":\"\/\",\"name\":\"Styloral Jewelry Shop\",\"description\":\"Tourcruiser Sneaker Store \u2014 L\u2019endroit o\u00f9 l\u2019univers rencontre votre singularit\u00e9.\",\"publisher\":{\"@id\":\"\/#organization\"},\"potentialAction\":[{\"@type\":\"SearchAction\",\"target\":{\"@type\":\"EntryPoint\",\"urlTemplate\":\"\/?s={search_term_string}\"},\"query-input\":{\"@type\":\"PropertyValueSpecification\",\"valueRequired\":true,\"valueName\":\"search_term_string\"}}],\"inLanguage\":\"fr-FR\"},{\"@type\":\"Organization\",\"@id\":\"\/#organization\",\"name\":\"STYLORAL PTE. LTD\",\"url\":\"\/\",\"logo\":{\"@type\":\"ImageObject\",\"inLanguage\":\"fr-FR\",\"@id\":\"\/#\/schema\/logo\/image\/\",\"url\":\"https:\/\/www.tourcruiser.com\/wp-content\/uploads\/2025\/12\/logo.png\",\"contentUrl\":\"https:\/\/www.tourcruiser.com\/wp-content\/uploads\/2025\/12\/logo.png\",\"width\":200,\"height\":65,\"caption\":\"STYLORAL PTE. LTD\"},\"image\":{\"@id\":\"\/#\/schema\/logo\/image\/\"}}]}<\/script>\n<!-- \/ Yoast SEO plugin. -->","yoast_head_json":{"title":"(Youth) Nike Air Max 90 Leather 'Iced Lilac' CD6864-002 - TOURCRUISER PTE. LTD","robots":{"index":"index","follow":"follow","max-snippet":"max-snippet:-1","max-image-preview":"max-image-preview:large","max-video-preview":"max-video-preview:-1"},"canonical":"https:\/\/tourcruiser.com\/fr\/products\/youth-nike-air-max-90-leather-iced-lilac-cd6864-002\/","og_locale":"fr_FR","og_type":"article","og_title":"(Youth) Nike Air Max 90 Leather 'Iced Lilac' CD6864-002 - TOURCRUISER PTE. LTD","og_description":"Affirmez votre style avec les sneakers Nike Air Max 90 Leather Lilas Glac\u00e9 CD6864-002 pour ados. Ces chaussures tendance allient confort et mode \u00e0 la perfection, offrant un design \u00e9pur\u00e9 id\u00e9al pour \u00eatre port\u00e9es toute la journ\u00e9e. Parfaites pour les jeunes qui veulent affirmer leur personnalit\u00e9 avec leurs chaussures. Coloris\u00a0: Gris Particule\/Lilas Glac\u00e9-Poussi\u00e8re Photonique-Blanc Code [&hellip;]","og_url":"https:\/\/tourcruiser.com\/fr\/products\/youth-nike-air-max-90-leather-iced-lilac-cd6864-002\/","og_site_name":"Tourcruiser Sneaker Store","article_modified_time":"2026-04-17T15:42:24+00:00","twitter_card":"summary_large_image","twitter_image":"https:\/\/images.novelship.com\/product\/_youth__nike_air_max_90_leather__iced_lilac__cd686_0_50648.jpeg;https:\/\/images.novelship.com\/product\/_youth__nike_air_max_90_leather__iced_lilac__cd686_1_50649.jpeg;https:\/\/images.novelship.com\/product\/_youth__nike_air_max_90_leather__iced_lilac__cd686_2_50649.jpeg;https:\/\/images.novelship.com\/product\/_youth__nike_air_max_90_leather__iced_lilac__cd686_3_50649.jpeg;https:\/\/images.novelship.com\/product\/_youth__nike_air_max_90_leather__iced_lilac__cd686_4_50649.jpeg","schema":{"@context":"https:\/\/schema.org","@graph":[{"@type":"WebPage","@id":"https:\/\/tourcruiser.com\/fr\/products\/youth-nike-air-max-90-leather-iced-lilac-cd6864-002\/","url":"https:\/\/tourcruiser.com\/fr\/products\/youth-nike-air-max-90-leather-iced-lilac-cd6864-002\/","name":"(Youth) Nike Air Max 90 Leather 'Iced Lilac' CD6864-002 - TOURCRUISER PTE. LTD","isPartOf":{"@id":"\/#website"},"primaryImageOfPage":{"@id":"https:\/\/tourcruiser.com\/fr\/products\/youth-nike-air-max-90-leather-iced-lilac-cd6864-002\/#primaryimage"},"image":{"@id":"https:\/\/tourcruiser.com\/fr\/products\/youth-nike-air-max-90-leather-iced-lilac-cd6864-002\/#primaryimage"},"thumbnailUrl":"https:\/\/images.novelship.com\/product\/_youth__nike_air_max_90_leather__iced_lilac__cd686_0_50648.jpeg;https:\/\/images.novelship.com\/product\/_youth__nike_air_max_90_leather__iced_lilac__cd686_1_50649.jpeg;https:\/\/images.novelship.com\/product\/_youth__nike_air_max_90_leather__iced_lilac__cd686_2_50649.jpeg;https:\/\/images.novelship.com\/product\/_youth__nike_air_max_90_leather__iced_lilac__cd686_3_50649.jpeg;https:\/\/images.novelship.com\/product\/_youth__nike_air_max_90_leather__iced_lilac__cd686_4_50649.jpeg","datePublished":"2026-04-16T10:04:47+00:00","dateModified":"2026-04-17T15:42:24+00:00","breadcrumb":{"@id":"https:\/\/tourcruiser.com\/fr\/products\/youth-nike-air-max-90-leather-iced-lilac-cd6864-002\/#breadcrumb"},"inLanguage":"fr-FR","potentialAction":[{"@type":"ReadAction","target":["https:\/\/tourcruiser.com\/fr\/products\/youth-nike-air-max-90-leather-iced-lilac-cd6864-002\/"]}]},{"@type":"ImageObject","inLanguage":"fr-FR","@id":"https:\/\/tourcruiser.com\/fr\/products\/youth-nike-air-max-90-leather-iced-lilac-cd6864-002\/#primaryimage","url":"https:\/\/images.novelship.com\/product\/_youth__nike_air_max_90_leather__iced_lilac__cd686_0_50648.jpeg;https:\/\/images.novelship.com\/product\/_youth__nike_air_max_90_leather__iced_lilac__cd686_1_50649.jpeg;https:\/\/images.novelship.com\/product\/_youth__nike_air_max_90_leather__iced_lilac__cd686_2_50649.jpeg;https:\/\/images.novelship.com\/product\/_youth__nike_air_max_90_leather__iced_lilac__cd686_3_50649.jpeg;https:\/\/images.novelship.com\/product\/_youth__nike_air_max_90_leather__iced_lilac__cd686_4_50649.jpeg","contentUrl":"https:\/\/images.novelship.com\/product\/_youth__nike_air_max_90_leather__iced_lilac__cd686_0_50648.jpeg;https:\/\/images.novelship.com\/product\/_youth__nike_air_max_90_leather__iced_lilac__cd686_1_50649.jpeg;https:\/\/images.novelship.com\/product\/_youth__nike_air_max_90_leather__iced_lilac__cd686_2_50649.jpeg;https:\/\/images.novelship.com\/product\/_youth__nike_air_max_90_leather__iced_lilac__cd686_3_50649.jpeg;https:\/\/images.novelship.com\/product\/_youth__nike_air_max_90_leather__iced_lilac__cd686_4_50649.jpeg"},{"@type":"BreadcrumbList","@id":"https:\/\/tourcruiser.com\/fr\/products\/youth-nike-air-max-90-leather-iced-lilac-cd6864-002\/#breadcrumb","itemListElement":[{"@type":"ListItem","position":1,"name":"Home","item":"https:\/\/tourcruiser.com\/fr\/"},{"@type":"ListItem","position":2,"name":"Shop","item":"https:\/\/tourcruiser.com\/fr\/shop\/"},{"@type":"ListItem","position":3,"name":"(Youth) Nike Air Max 90 Leather &#8216;Iced Lilac&#8217; CD6864-002"}]},{"@type":"WebSite","@id":"\/#website","url":"\/","name":"Styloral Jewelry Shop","description":"Tourcruiser Sneaker Store \u2014 L\u2019endroit o\u00f9 l\u2019univers rencontre votre singularit\u00e9.","publisher":{"@id":"\/#organization"},"potentialAction":[{"@type":"SearchAction","target":{"@type":"EntryPoint","urlTemplate":"\/?s={search_term_string}"},"query-input":{"@type":"PropertyValueSpecification","valueRequired":true,"valueName":"search_term_string"}}],"inLanguage":"fr-FR"},{"@type":"Organization","@id":"\/#organization","name":"STYLORAL PTE. LTD","url":"\/","logo":{"@type":"ImageObject","inLanguage":"fr-FR","@id":"\/#\/schema\/logo\/image\/","url":"https:\/\/www.tourcruiser.com\/wp-content\/uploads\/2025\/12\/logo.png","contentUrl":"https:\/\/www.tourcruiser.com\/wp-content\/uploads\/2025\/12\/logo.png","width":200,"height":65,"caption":"STYLORAL PTE. LTD"},"image":{"@id":"\/#\/schema\/logo\/image\/"}}]}},"_links":{"self":[{"href":"https:\/\/tourcruiser.com\/fr\/wp-json\/wp\/v2\/product\/754175","targetHints":{"allow":["GET"]}}],"collection":[{"href":"https:\/\/tourcruiser.com\/fr\/wp-json\/wp\/v2\/product"}],"about":[{"href":"https:\/\/tourcruiser.com\/fr\/wp-json\/wp\/v2\/types\/product"}],"replies":[{"embeddable":true,"href":"https:\/\/tourcruiser.com\/fr\/wp-json\/wp\/v2\/comments?post=754175"}],"wp:featuredmedia":[{"embeddable":true,"href":"https:\/\/tourcruiser.com\/fr\/wp-json\/wp\/v2\/media\/754176"}],"wp:attachment":[{"href":"https:\/\/tourcruiser.com\/fr\/wp-json\/wp\/v2\/media?parent=754175"}],"wp:term":[{"taxonomy":"product_brand","embeddable":true,"href":"https:\/\/tourcruiser.com\/fr\/wp-json\/wp\/v2\/product_brand?post=754175"},{"taxonomy":"product_cat","embeddable":true,"href":"https:\/\/tourcruiser.com\/fr\/wp-json\/wp\/v2\/product_cat?post=754175"},{"taxonomy":"product_tag","embeddable":true,"href":"https:\/\/tourcruiser.com\/fr\/wp-json\/wp\/v2\/product_tag?post=754175"}],"curies":[{"name":"wp","href":"https:\/\/api.w.org\/{rel}","templated":true}]}}