{"id":754150,"date":"2026-04-16T17:04:46","date_gmt":"2026-04-16T10:04:46","guid":{"rendered":"http:\/\/tourcruiser.com\/product\/nike-zoomx-invincible-run-flyknit-3-light-cream-dr2615-200"},"modified":"2026-04-17T22:42:22","modified_gmt":"2026-04-17T15:42:22","slug":"nike-zoomx-invincible-run-flyknit-3-light-cream-dr2615-200","status":"publish","type":"product","link":"https:\/\/tourcruiser.com\/fr\/products\/nike-zoomx-invincible-run-flyknit-3-light-cream-dr2615-200\/","title":{"rendered":"Nike ZoomX Invincible Run Flyknit 3 &lsquo;Light Cream&rsquo; DR2615-200"},"content":{"rendered":"<p>D\u00e9couvrez la Nike ZoomX Invincible Run Flyknit 3 couleur Cr\u00e8me Clair. Ces chaussures de running innovantes de Nike sont id\u00e9ales pour les coureurs qui recherchent un maintien l\u00e9ger et un amorti optimal. Gr\u00e2ce \u00e0 leur empeigne Flyknit et leur semelle interm\u00e9diaire en mousse ZoomX, elles offrent un confort exceptionnel et une r\u00e9activit\u00e9 optimale. Vivez une exp\u00e9rience de course sup\u00e9rieure avec ces chaussures de running Nike \u00e9l\u00e9gantes et performantes.<\/p>\n<p>Combinaison de couleurs\u00a0: Cr\u00e8me Clair\/Lait de Coco\/Violet Oxyg\u00e8ne\/Brun Clair<\/p>\n<p>Code article\u00a0: DR2615-200<\/p>\n<p>Empeigne\u00a0: Flyknit<\/p>\n<p>Semelle interm\u00e9diaire\u00a0: ZoomX<\/p>\n<p>Couleur\u00a0: Beige<\/p>\n<p>Saison\u00a0: Printemps<\/p>\n<p>Ann\u00e9e de sortie\u00a0: 2023<br \/>\n\u00c2ge\u00a0: Adulte<br \/>\nCouleur\u00a0: Beige<br \/>\nGenre\u00a0: Homme<\/p>\n","protected":false},"excerpt":{"rendered":"<p>D\u00e9couvrez la Nike ZoomX Invincible Run Flyknit 3 couleur Cr\u00e8me Clair. Ces chaussures de running innovantes de Nike sont id\u00e9ales pour les coureurs qui recherchent un maintien l\u00e9ger et un amorti optimal. Gr\u00e2ce \u00e0 leur empeigne Flyknit et leur semelle interm\u00e9diaire en mousse ZoomX, elles offrent un confort exceptionnel et une r\u00e9activit\u00e9 optimale. Vivez une [&hellip;]<\/p>\n","protected":false},"featured_media":754151,"comment_status":"open","ping_status":"closed","template":"","meta":[],"product_brand":[],"product_cat":[10803],"product_tag":[38861,38913,10839,10840,38866],"class_list":{"0":"post-754150","1":"product","2":"type-product","3":"status-publish","4":"has-post-thumbnail","6":"product_cat-nike","7":"product_tag-below-retail-price","8":"product_tag-gift-idea-for-him-nike-running-shoes-with-maximum-cushioning","9":"product_tag-performance-running-shoes","10":"product_tag-running-shoes","11":"product_tag-sports-shoes","12":"wcpa_has_options","14":"first","15":"instock","16":"taxable","17":"shipping-taxable","18":"purchasable","19":"product-type-simple"},"wcpa_form_fields":{"rules":{"pric_overide_base_price":false,"pric_overide_base_price_if_gt_zero":false,"pric_overide_base_price_fully":false,"pric_cal_option_once":false,"pric_use_as_fee":false,"bind_quantity":false,"quantity_bind_formula":false},"fields":[{"type":"color-group","required":true,"elementId":"wcpa-color-group-66c4a75505e74","label":"Taille","inline":true,"priceOptions":"different_for_all","pricingType":"fixed","className":"hassizechart product-shoes-size-eu product-shoes-size","name":"color-group-66c4a75505e89","disp_type":"square","selection_type":"tick-border","disp_size":"44","show_label_inside":true,"adjust_width":true,"cart_display_type":"text","other_text":"Other","cl_rule":"show","col":6,"values":[{"label":"35.5","value":"EU 35.5","price":"","pimage":"","pimage_id":"","pthumb":"","color":""},{"label":"36","value":"EU 36","price":"","pimage":"","pimage_id":"","pthumb":"","color":"","selected":true},{"label":"36.5","value":"EU 36.5","price":"","pimage":"","pimage_id":"","pthumb":"","color":""},{"label":"37.5","value":"EU 37.5","price":"","pimage":"","pimage_id":"","pthumb":"","color":""},{"label":"38","value":"EU 38","price":"","pimage":"","pimage_id":"","pthumb":"","color":""},{"label":"38.5","value":"EU 38.5","price":"","pimage":"","pimage_id":"","pthumb":"","color":""},{"label":"39","value":"EU 39","price":"","pimage":"","pimage_id":"","pthumb":"","color":""},{"label":"40","value":"EU 40","price":"","pimage":"","pimage_id":"","pthumb":"","color":""},{"label":"40.5","value":"EU 40.5","price":"","pimage":"","pimage_id":"","pthumb":"","color":""},{"label":"41","value":"EU 41","price":"","pimage":"","pimage_id":"","pthumb":"","color":""},{"label":"42","value":"EU 42","price":"","pimage":"","pimage_id":"","pthumb":"","color":""},{"label":"42.5","value":"EU 42.5","price":"","pimage":"","pimage_id":"","pthumb":"","color":""},{"label":"43","value":"EU 43","price":"","pimage":"","pimage_id":"","pthumb":"","color":""},{"label":"44","value":"EU 44","price":"","pimage":"","pimage_id":"","pthumb":"","color":""},{"label":"44.5","value":"EU 44.5","price":"","pimage":"","pimage_id":"","pthumb":"","color":""},{"label":"45","value":"EU 45","price":"","pimage":"","pimage_id":"","pthumb":"","color":""},{"label":"45.5","value":"EU 45.5","price":"","pimage":"","pimage_id":"","pthumb":"","color":""},{"label":"46","value":"EU 46","price":"","pimage":"","pimage_id":"","pthumb":"","color":""},{"label":"47","value":"EU 47","price":"","pimage":"","pimage_id":"","pthumb":"","color":""},{"label":"47.5","value":"EU 47.5","price":"","pimage":"","pimage_id":"","pthumb":"","color":""},{"label":"48","value":"EU 48","price":"","pimage":"","pimage_id":"","pthumb":"","color":""}],"relations":[{"operator":false,"rules":[]}],"form_id":18106,"form_rules":{"pric_cal_option_once":false,"exclude_from_discount":false,"pric_use_as_fee":false,"fee_label":"Fee","render_after_acb":false,"disp_hide_options_price":false}}]},"yoast_head":"<!-- This site is optimized with the Yoast SEO plugin v26.5 - https:\/\/yoast.com\/wordpress\/plugins\/seo\/ -->\n<title>Nike ZoomX Invincible Run Flyknit 3 &#039;Light Cream&#039; DR2615-200 - TOURCRUISER PTE. LTD<\/title>\n<meta name=\"robots\" content=\"index, follow, max-snippet:-1, max-image-preview:large, max-video-preview:-1\" \/>\n<link rel=\"canonical\" href=\"https:\/\/tourcruiser.com\/fr\/products\/nike-zoomx-invincible-run-flyknit-3-light-cream-dr2615-200\/\" \/>\n<meta property=\"og:locale\" content=\"fr_FR\" \/>\n<meta property=\"og:type\" content=\"article\" \/>\n<meta property=\"og:title\" content=\"Nike ZoomX Invincible Run Flyknit 3 &#039;Light Cream&#039; DR2615-200 - TOURCRUISER PTE. LTD\" \/>\n<meta property=\"og:description\" content=\"D\u00e9couvrez la Nike ZoomX Invincible Run Flyknit 3 couleur Cr\u00e8me Clair. Ces chaussures de running innovantes de Nike sont id\u00e9ales pour les coureurs qui recherchent un maintien l\u00e9ger et un amorti optimal. Gr\u00e2ce \u00e0 leur empeigne Flyknit et leur semelle interm\u00e9diaire en mousse ZoomX, elles offrent un confort exceptionnel et une r\u00e9activit\u00e9 optimale. Vivez une [&hellip;]\" \/>\n<meta property=\"og:url\" content=\"https:\/\/tourcruiser.com\/fr\/products\/nike-zoomx-invincible-run-flyknit-3-light-cream-dr2615-200\/\" \/>\n<meta property=\"og:site_name\" content=\"Tourcruiser Sneaker Store\" \/>\n<meta property=\"article:modified_time\" content=\"2026-04-17T15:42:22+00:00\" \/>\n<meta name=\"twitter:card\" content=\"summary_large_image\" \/>\n<meta name=\"twitter:image\" content=\"https:\/\/images.novelship.com\/product\/nike_zoomx_invincible_run_flyknit_3__light_cream___0_62406.jpeg;https:\/\/images.novelship.com\/product\/nike_zoomx_invincible_run_flyknit_3__light_cream___1_62406.jpeg;https:\/\/images.novelship.com\/product\/nike_zoomx_invincible_run_flyknit_3__light_cream___2_62406.jpeg;https:\/\/images.novelship.com\/product\/nike_zoomx_invincible_run_flyknit_3__light_cream___3_62406.jpeg;https:\/\/images.novelship.com\/product\/nike_zoomx_invincible_run_flyknit_3__light_cream___4_62406.jpeg;https:\/\/images.novelship.com\/product\/nike_zoomx_invincible_run_flyknit_3__light_cream___5_62406.jpeg;https:\/\/images.novelship.com\/product\/nike_zoomx_invincible_run_flyknit_3__light_cream___6_62406.jpeg;https:\/\/images.novelship.com\/product\/nike_zoomx_invincible_run_flyknit_3__light_cream___7_62406.jpeg\" \/>\n<meta name=\"twitter:label1\" content=\"Dur\u00e9e de lecture estim\u00e9e\" \/>\n\t<meta name=\"twitter:data1\" content=\"1 minute\" \/>\n<script type=\"application\/ld+json\" class=\"yoast-schema-graph\">{\"@context\":\"https:\/\/schema.org\",\"@graph\":[{\"@type\":\"WebPage\",\"@id\":\"https:\/\/tourcruiser.com\/fr\/products\/nike-zoomx-invincible-run-flyknit-3-light-cream-dr2615-200\/\",\"url\":\"https:\/\/tourcruiser.com\/fr\/products\/nike-zoomx-invincible-run-flyknit-3-light-cream-dr2615-200\/\",\"name\":\"Nike ZoomX Invincible Run Flyknit 3 'Light Cream' DR2615-200 - TOURCRUISER PTE. LTD\",\"isPartOf\":{\"@id\":\"\/#website\"},\"primaryImageOfPage\":{\"@id\":\"https:\/\/tourcruiser.com\/fr\/products\/nike-zoomx-invincible-run-flyknit-3-light-cream-dr2615-200\/#primaryimage\"},\"image\":{\"@id\":\"https:\/\/tourcruiser.com\/fr\/products\/nike-zoomx-invincible-run-flyknit-3-light-cream-dr2615-200\/#primaryimage\"},\"thumbnailUrl\":\"https:\/\/images.novelship.com\/product\/nike_zoomx_invincible_run_flyknit_3__light_cream___0_62406.jpeg;https:\/\/images.novelship.com\/product\/nike_zoomx_invincible_run_flyknit_3__light_cream___1_62406.jpeg;https:\/\/images.novelship.com\/product\/nike_zoomx_invincible_run_flyknit_3__light_cream___2_62406.jpeg;https:\/\/images.novelship.com\/product\/nike_zoomx_invincible_run_flyknit_3__light_cream___3_62406.jpeg;https:\/\/images.novelship.com\/product\/nike_zoomx_invincible_run_flyknit_3__light_cream___4_62406.jpeg;https:\/\/images.novelship.com\/product\/nike_zoomx_invincible_run_flyknit_3__light_cream___5_62406.jpeg;https:\/\/images.novelship.com\/product\/nike_zoomx_invincible_run_flyknit_3__light_cream___6_62406.jpeg;https:\/\/images.novelship.com\/product\/nike_zoomx_invincible_run_flyknit_3__light_cream___7_62406.jpeg\",\"datePublished\":\"2026-04-16T10:04:46+00:00\",\"dateModified\":\"2026-04-17T15:42:22+00:00\",\"breadcrumb\":{\"@id\":\"https:\/\/tourcruiser.com\/fr\/products\/nike-zoomx-invincible-run-flyknit-3-light-cream-dr2615-200\/#breadcrumb\"},\"inLanguage\":\"fr-FR\",\"potentialAction\":[{\"@type\":\"ReadAction\",\"target\":[\"https:\/\/tourcruiser.com\/fr\/products\/nike-zoomx-invincible-run-flyknit-3-light-cream-dr2615-200\/\"]}]},{\"@type\":\"ImageObject\",\"inLanguage\":\"fr-FR\",\"@id\":\"https:\/\/tourcruiser.com\/fr\/products\/nike-zoomx-invincible-run-flyknit-3-light-cream-dr2615-200\/#primaryimage\",\"url\":\"https:\/\/images.novelship.com\/product\/nike_zoomx_invincible_run_flyknit_3__light_cream___0_62406.jpeg;https:\/\/images.novelship.com\/product\/nike_zoomx_invincible_run_flyknit_3__light_cream___1_62406.jpeg;https:\/\/images.novelship.com\/product\/nike_zoomx_invincible_run_flyknit_3__light_cream___2_62406.jpeg;https:\/\/images.novelship.com\/product\/nike_zoomx_invincible_run_flyknit_3__light_cream___3_62406.jpeg;https:\/\/images.novelship.com\/product\/nike_zoomx_invincible_run_flyknit_3__light_cream___4_62406.jpeg;https:\/\/images.novelship.com\/product\/nike_zoomx_invincible_run_flyknit_3__light_cream___5_62406.jpeg;https:\/\/images.novelship.com\/product\/nike_zoomx_invincible_run_flyknit_3__light_cream___6_62406.jpeg;https:\/\/images.novelship.com\/product\/nike_zoomx_invincible_run_flyknit_3__light_cream___7_62406.jpeg\",\"contentUrl\":\"https:\/\/images.novelship.com\/product\/nike_zoomx_invincible_run_flyknit_3__light_cream___0_62406.jpeg;https:\/\/images.novelship.com\/product\/nike_zoomx_invincible_run_flyknit_3__light_cream___1_62406.jpeg;https:\/\/images.novelship.com\/product\/nike_zoomx_invincible_run_flyknit_3__light_cream___2_62406.jpeg;https:\/\/images.novelship.com\/product\/nike_zoomx_invincible_run_flyknit_3__light_cream___3_62406.jpeg;https:\/\/images.novelship.com\/product\/nike_zoomx_invincible_run_flyknit_3__light_cream___4_62406.jpeg;https:\/\/images.novelship.com\/product\/nike_zoomx_invincible_run_flyknit_3__light_cream___5_62406.jpeg;https:\/\/images.novelship.com\/product\/nike_zoomx_invincible_run_flyknit_3__light_cream___6_62406.jpeg;https:\/\/images.novelship.com\/product\/nike_zoomx_invincible_run_flyknit_3__light_cream___7_62406.jpeg\"},{\"@type\":\"BreadcrumbList\",\"@id\":\"https:\/\/tourcruiser.com\/fr\/products\/nike-zoomx-invincible-run-flyknit-3-light-cream-dr2615-200\/#breadcrumb\",\"itemListElement\":[{\"@type\":\"ListItem\",\"position\":1,\"name\":\"Home\",\"item\":\"https:\/\/tourcruiser.com\/fr\/\"},{\"@type\":\"ListItem\",\"position\":2,\"name\":\"Shop\",\"item\":\"https:\/\/tourcruiser.com\/fr\/shop\/\"},{\"@type\":\"ListItem\",\"position\":3,\"name\":\"Nike ZoomX Invincible Run Flyknit 3 &#8216;Light Cream&#8217; DR2615-200\"}]},{\"@type\":\"WebSite\",\"@id\":\"\/#website\",\"url\":\"\/\",\"name\":\"Styloral Jewelry Shop\",\"description\":\"Tourcruiser Sneaker Store \u2014 L\u2019endroit o\u00f9 l\u2019univers rencontre votre singularit\u00e9.\",\"publisher\":{\"@id\":\"\/#organization\"},\"potentialAction\":[{\"@type\":\"SearchAction\",\"target\":{\"@type\":\"EntryPoint\",\"urlTemplate\":\"\/?s={search_term_string}\"},\"query-input\":{\"@type\":\"PropertyValueSpecification\",\"valueRequired\":true,\"valueName\":\"search_term_string\"}}],\"inLanguage\":\"fr-FR\"},{\"@type\":\"Organization\",\"@id\":\"\/#organization\",\"name\":\"STYLORAL PTE. LTD\",\"url\":\"\/\",\"logo\":{\"@type\":\"ImageObject\",\"inLanguage\":\"fr-FR\",\"@id\":\"\/#\/schema\/logo\/image\/\",\"url\":\"https:\/\/www.tourcruiser.com\/wp-content\/uploads\/2025\/12\/logo.png\",\"contentUrl\":\"https:\/\/www.tourcruiser.com\/wp-content\/uploads\/2025\/12\/logo.png\",\"width\":200,\"height\":65,\"caption\":\"STYLORAL PTE. LTD\"},\"image\":{\"@id\":\"\/#\/schema\/logo\/image\/\"}}]}<\/script>\n<!-- \/ Yoast SEO plugin. -->","yoast_head_json":{"title":"Nike ZoomX Invincible Run Flyknit 3 'Light Cream' DR2615-200 - TOURCRUISER PTE. LTD","robots":{"index":"index","follow":"follow","max-snippet":"max-snippet:-1","max-image-preview":"max-image-preview:large","max-video-preview":"max-video-preview:-1"},"canonical":"https:\/\/tourcruiser.com\/fr\/products\/nike-zoomx-invincible-run-flyknit-3-light-cream-dr2615-200\/","og_locale":"fr_FR","og_type":"article","og_title":"Nike ZoomX Invincible Run Flyknit 3 'Light Cream' DR2615-200 - TOURCRUISER PTE. LTD","og_description":"D\u00e9couvrez la Nike ZoomX Invincible Run Flyknit 3 couleur Cr\u00e8me Clair. Ces chaussures de running innovantes de Nike sont id\u00e9ales pour les coureurs qui recherchent un maintien l\u00e9ger et un amorti optimal. Gr\u00e2ce \u00e0 leur empeigne Flyknit et leur semelle interm\u00e9diaire en mousse ZoomX, elles offrent un confort exceptionnel et une r\u00e9activit\u00e9 optimale. Vivez une [&hellip;]","og_url":"https:\/\/tourcruiser.com\/fr\/products\/nike-zoomx-invincible-run-flyknit-3-light-cream-dr2615-200\/","og_site_name":"Tourcruiser Sneaker Store","article_modified_time":"2026-04-17T15:42:22+00:00","twitter_card":"summary_large_image","twitter_image":"https:\/\/images.novelship.com\/product\/nike_zoomx_invincible_run_flyknit_3__light_cream___0_62406.jpeg;https:\/\/images.novelship.com\/product\/nike_zoomx_invincible_run_flyknit_3__light_cream___1_62406.jpeg;https:\/\/images.novelship.com\/product\/nike_zoomx_invincible_run_flyknit_3__light_cream___2_62406.jpeg;https:\/\/images.novelship.com\/product\/nike_zoomx_invincible_run_flyknit_3__light_cream___3_62406.jpeg;https:\/\/images.novelship.com\/product\/nike_zoomx_invincible_run_flyknit_3__light_cream___4_62406.jpeg;https:\/\/images.novelship.com\/product\/nike_zoomx_invincible_run_flyknit_3__light_cream___5_62406.jpeg;https:\/\/images.novelship.com\/product\/nike_zoomx_invincible_run_flyknit_3__light_cream___6_62406.jpeg;https:\/\/images.novelship.com\/product\/nike_zoomx_invincible_run_flyknit_3__light_cream___7_62406.jpeg","twitter_misc":{"Dur\u00e9e de lecture estim\u00e9e":"1 minute"},"schema":{"@context":"https:\/\/schema.org","@graph":[{"@type":"WebPage","@id":"https:\/\/tourcruiser.com\/fr\/products\/nike-zoomx-invincible-run-flyknit-3-light-cream-dr2615-200\/","url":"https:\/\/tourcruiser.com\/fr\/products\/nike-zoomx-invincible-run-flyknit-3-light-cream-dr2615-200\/","name":"Nike ZoomX Invincible Run Flyknit 3 'Light Cream' DR2615-200 - TOURCRUISER PTE. LTD","isPartOf":{"@id":"\/#website"},"primaryImageOfPage":{"@id":"https:\/\/tourcruiser.com\/fr\/products\/nike-zoomx-invincible-run-flyknit-3-light-cream-dr2615-200\/#primaryimage"},"image":{"@id":"https:\/\/tourcruiser.com\/fr\/products\/nike-zoomx-invincible-run-flyknit-3-light-cream-dr2615-200\/#primaryimage"},"thumbnailUrl":"https:\/\/images.novelship.com\/product\/nike_zoomx_invincible_run_flyknit_3__light_cream___0_62406.jpeg;https:\/\/images.novelship.com\/product\/nike_zoomx_invincible_run_flyknit_3__light_cream___1_62406.jpeg;https:\/\/images.novelship.com\/product\/nike_zoomx_invincible_run_flyknit_3__light_cream___2_62406.jpeg;https:\/\/images.novelship.com\/product\/nike_zoomx_invincible_run_flyknit_3__light_cream___3_62406.jpeg;https:\/\/images.novelship.com\/product\/nike_zoomx_invincible_run_flyknit_3__light_cream___4_62406.jpeg;https:\/\/images.novelship.com\/product\/nike_zoomx_invincible_run_flyknit_3__light_cream___5_62406.jpeg;https:\/\/images.novelship.com\/product\/nike_zoomx_invincible_run_flyknit_3__light_cream___6_62406.jpeg;https:\/\/images.novelship.com\/product\/nike_zoomx_invincible_run_flyknit_3__light_cream___7_62406.jpeg","datePublished":"2026-04-16T10:04:46+00:00","dateModified":"2026-04-17T15:42:22+00:00","breadcrumb":{"@id":"https:\/\/tourcruiser.com\/fr\/products\/nike-zoomx-invincible-run-flyknit-3-light-cream-dr2615-200\/#breadcrumb"},"inLanguage":"fr-FR","potentialAction":[{"@type":"ReadAction","target":["https:\/\/tourcruiser.com\/fr\/products\/nike-zoomx-invincible-run-flyknit-3-light-cream-dr2615-200\/"]}]},{"@type":"ImageObject","inLanguage":"fr-FR","@id":"https:\/\/tourcruiser.com\/fr\/products\/nike-zoomx-invincible-run-flyknit-3-light-cream-dr2615-200\/#primaryimage","url":"https:\/\/images.novelship.com\/product\/nike_zoomx_invincible_run_flyknit_3__light_cream___0_62406.jpeg;https:\/\/images.novelship.com\/product\/nike_zoomx_invincible_run_flyknit_3__light_cream___1_62406.jpeg;https:\/\/images.novelship.com\/product\/nike_zoomx_invincible_run_flyknit_3__light_cream___2_62406.jpeg;https:\/\/images.novelship.com\/product\/nike_zoomx_invincible_run_flyknit_3__light_cream___3_62406.jpeg;https:\/\/images.novelship.com\/product\/nike_zoomx_invincible_run_flyknit_3__light_cream___4_62406.jpeg;https:\/\/images.novelship.com\/product\/nike_zoomx_invincible_run_flyknit_3__light_cream___5_62406.jpeg;https:\/\/images.novelship.com\/product\/nike_zoomx_invincible_run_flyknit_3__light_cream___6_62406.jpeg;https:\/\/images.novelship.com\/product\/nike_zoomx_invincible_run_flyknit_3__light_cream___7_62406.jpeg","contentUrl":"https:\/\/images.novelship.com\/product\/nike_zoomx_invincible_run_flyknit_3__light_cream___0_62406.jpeg;https:\/\/images.novelship.com\/product\/nike_zoomx_invincible_run_flyknit_3__light_cream___1_62406.jpeg;https:\/\/images.novelship.com\/product\/nike_zoomx_invincible_run_flyknit_3__light_cream___2_62406.jpeg;https:\/\/images.novelship.com\/product\/nike_zoomx_invincible_run_flyknit_3__light_cream___3_62406.jpeg;https:\/\/images.novelship.com\/product\/nike_zoomx_invincible_run_flyknit_3__light_cream___4_62406.jpeg;https:\/\/images.novelship.com\/product\/nike_zoomx_invincible_run_flyknit_3__light_cream___5_62406.jpeg;https:\/\/images.novelship.com\/product\/nike_zoomx_invincible_run_flyknit_3__light_cream___6_62406.jpeg;https:\/\/images.novelship.com\/product\/nike_zoomx_invincible_run_flyknit_3__light_cream___7_62406.jpeg"},{"@type":"BreadcrumbList","@id":"https:\/\/tourcruiser.com\/fr\/products\/nike-zoomx-invincible-run-flyknit-3-light-cream-dr2615-200\/#breadcrumb","itemListElement":[{"@type":"ListItem","position":1,"name":"Home","item":"https:\/\/tourcruiser.com\/fr\/"},{"@type":"ListItem","position":2,"name":"Shop","item":"https:\/\/tourcruiser.com\/fr\/shop\/"},{"@type":"ListItem","position":3,"name":"Nike ZoomX Invincible Run Flyknit 3 &#8216;Light Cream&#8217; DR2615-200"}]},{"@type":"WebSite","@id":"\/#website","url":"\/","name":"Styloral Jewelry Shop","description":"Tourcruiser Sneaker Store \u2014 L\u2019endroit o\u00f9 l\u2019univers rencontre votre singularit\u00e9.","publisher":{"@id":"\/#organization"},"potentialAction":[{"@type":"SearchAction","target":{"@type":"EntryPoint","urlTemplate":"\/?s={search_term_string}"},"query-input":{"@type":"PropertyValueSpecification","valueRequired":true,"valueName":"search_term_string"}}],"inLanguage":"fr-FR"},{"@type":"Organization","@id":"\/#organization","name":"STYLORAL PTE. LTD","url":"\/","logo":{"@type":"ImageObject","inLanguage":"fr-FR","@id":"\/#\/schema\/logo\/image\/","url":"https:\/\/www.tourcruiser.com\/wp-content\/uploads\/2025\/12\/logo.png","contentUrl":"https:\/\/www.tourcruiser.com\/wp-content\/uploads\/2025\/12\/logo.png","width":200,"height":65,"caption":"STYLORAL PTE. LTD"},"image":{"@id":"\/#\/schema\/logo\/image\/"}}]}},"_links":{"self":[{"href":"https:\/\/tourcruiser.com\/fr\/wp-json\/wp\/v2\/product\/754150","targetHints":{"allow":["GET"]}}],"collection":[{"href":"https:\/\/tourcruiser.com\/fr\/wp-json\/wp\/v2\/product"}],"about":[{"href":"https:\/\/tourcruiser.com\/fr\/wp-json\/wp\/v2\/types\/product"}],"replies":[{"embeddable":true,"href":"https:\/\/tourcruiser.com\/fr\/wp-json\/wp\/v2\/comments?post=754150"}],"wp:featuredmedia":[{"embeddable":true,"href":"https:\/\/tourcruiser.com\/fr\/wp-json\/wp\/v2\/media\/754151"}],"wp:attachment":[{"href":"https:\/\/tourcruiser.com\/fr\/wp-json\/wp\/v2\/media?parent=754150"}],"wp:term":[{"taxonomy":"product_brand","embeddable":true,"href":"https:\/\/tourcruiser.com\/fr\/wp-json\/wp\/v2\/product_brand?post=754150"},{"taxonomy":"product_cat","embeddable":true,"href":"https:\/\/tourcruiser.com\/fr\/wp-json\/wp\/v2\/product_cat?post=754150"},{"taxonomy":"product_tag","embeddable":true,"href":"https:\/\/tourcruiser.com\/fr\/wp-json\/wp\/v2\/product_tag?post=754150"}],"curies":[{"name":"wp","href":"https:\/\/api.w.org\/{rel}","templated":true}]}}