{"id":753902,"date":"2026-04-16T17:04:38","date_gmt":"2026-04-16T10:04:38","guid":{"rendered":"http:\/\/tourcruiser.com\/product\/grade-school-air-jordan-11-retro-jubilee-25th-anniversary-378038-011"},"modified":"2026-04-17T22:42:00","modified_gmt":"2026-04-17T15:42:00","slug":"grade-school-air-jordan-11-retro-jubilee-25th-anniversary-378038-011","status":"publish","type":"product","link":"https:\/\/tourcruiser.com\/fr\/products\/grade-school-air-jordan-11-retro-jubilee-25th-anniversary-378038-011\/","title":{"rendered":"(Grade School) Air Jordan 11 Retro &lsquo;Jubilee \/ 25th Anniversary&rsquo; 378038-011"},"content":{"rendered":"<p>La Air Jordan 11 Retro Jubilee \/ 25th Anniversary (GS) de Jordan est le choix id\u00e9al pour les jeunes fans de sneakers. Cette \u00e9dition sp\u00e9ciale c\u00e9l\u00e8bre le 25e anniversaire de la c\u00e9l\u00e8bre Air Jordan 11. Avec son coloris noir \u00e9l\u00e9gant et son design iconique, cette sneaker est un incontournable pour tous ceux qui recherchent une chaussure styl\u00e9e et intemporelle.<\/p>\n<p>Coloris : Noir\/Multicolore\/Multicolore<br \/>\nR\u00e9f\u00e9rence : 378038-011<br \/>\nTige : Cuir verni<br \/>\nSemelle interm\u00e9diaire : Air<\/p>\n<p>Couleur : Noir<br \/>\nDesigner : Tinker Hatfield<\/p>\n<p>Saison : Hiver<br \/>\nAnn\u00e9e de sortie : 2020<\/p>\n<p>\u00c2ge : Adulte<br \/>\nCouleur : Noir<br \/>\nGenre : Jeune<\/p>\n","protected":false},"excerpt":{"rendered":"<p>La Air Jordan 11 Retro Jubilee \/ 25th Anniversary (GS) de Jordan est le choix id\u00e9al pour les jeunes fans de sneakers. Cette \u00e9dition sp\u00e9ciale c\u00e9l\u00e8bre le 25e anniversaire de la c\u00e9l\u00e8bre Air Jordan 11. Avec son coloris noir \u00e9l\u00e9gant et son design iconique, cette sneaker est un incontournable pour tous ceux qui recherchent une [&hellip;]<\/p>\n","protected":false},"featured_media":753903,"comment_status":"open","ping_status":"closed","template":"","meta":[],"product_brand":[],"product_cat":[38880],"product_tag":[10800,38876,38861,38878,38874,10776,11349,38875,11129,38879,38877],"class_list":{"0":"post-753902","1":"product","2":"type-product","3":"status-publish","4":"has-post-thumbnail","6":"product_cat-jordan","7":"product_tag-basketball-shoes","8":"product_tag-basketball-shoes-for-kids","9":"product_tag-below-retail-price","10":"product_tag-current-offers","11":"product_tag-hari-raya-gs","12":"product_tag-jordan","13":"product_tag-jordan-basketball-shoes","14":"product_tag-jordan-skateboard-shoes","15":"product_tag-lightweight-basketball-shoes","16":"product_tag-offers-under-150","17":"product_tag-sports-shoes-for-kids","19":"first","20":"instock","21":"taxable","22":"shipping-taxable","23":"purchasable","24":"product-type-simple"},"wcpa_form_fields":null,"yoast_head":"<!-- This site is optimized with the Yoast SEO plugin v26.5 - https:\/\/yoast.com\/wordpress\/plugins\/seo\/ -->\n<title>(Grade School) Air Jordan 11 Retro &#039;Jubilee \/ 25th Anniversary&#039; 378038-011 - TOURCRUISER PTE. LTD<\/title>\n<meta name=\"robots\" content=\"index, follow, max-snippet:-1, max-image-preview:large, max-video-preview:-1\" \/>\n<link rel=\"canonical\" href=\"https:\/\/tourcruiser.com\/fr\/products\/grade-school-air-jordan-11-retro-jubilee-25th-anniversary-378038-011\/\" \/>\n<meta property=\"og:locale\" content=\"fr_FR\" \/>\n<meta property=\"og:type\" content=\"article\" \/>\n<meta property=\"og:title\" content=\"(Grade School) Air Jordan 11 Retro &#039;Jubilee \/ 25th Anniversary&#039; 378038-011 - TOURCRUISER PTE. LTD\" \/>\n<meta property=\"og:description\" content=\"La Air Jordan 11 Retro Jubilee \/ 25th Anniversary (GS) de Jordan est le choix id\u00e9al pour les jeunes fans de sneakers. Cette \u00e9dition sp\u00e9ciale c\u00e9l\u00e8bre le 25e anniversaire de la c\u00e9l\u00e8bre Air Jordan 11. Avec son coloris noir \u00e9l\u00e9gant et son design iconique, cette sneaker est un incontournable pour tous ceux qui recherchent une [&hellip;]\" \/>\n<meta property=\"og:url\" content=\"https:\/\/tourcruiser.com\/fr\/products\/grade-school-air-jordan-11-retro-jubilee-25th-anniversary-378038-011\/\" \/>\n<meta property=\"og:site_name\" content=\"Tourcruiser Sneaker Store\" \/>\n<meta property=\"article:modified_time\" content=\"2026-04-17T15:42:00+00:00\" \/>\n<meta name=\"twitter:card\" content=\"summary_large_image\" \/>\n<meta name=\"twitter:image\" content=\"https:\/\/images.novelship.com\/product\/_grade_school__air_jordan_11_retro__jubilee___25th_0_12515.jpeg;https:\/\/images.novelship.com\/product\/_grade_school__air_jordan_11_retro__jubilee___25th_1_12516.jpeg;https:\/\/images.novelship.com\/product\/_grade_school__air_jordan_11_retro__jubilee___25th_2_12516.jpeg;https:\/\/images.novelship.com\/product\/_grade_school__air_jordan_11_retro__jubilee___25th_3_12516.jpeg;https:\/\/images.novelship.com\/product\/_grade_school__air_jordan_11_retro__jubilee___25th_4_12516.jpeg;https:\/\/images.novelship.com\/product\/_grade_school__air_jordan_11_retro__jubilee___25th_5_12516.jpeg;https:\/\/images.novelship.com\/product\/_grade_school__air_jordan_11_retro__jubilee___25th_6_12516.jpeg;https:\/\/images.novelship.com\/product\/_grade_school__air_jordan_11_retro__jubilee___25th_7_12516.jpeg\" \/>\n<script type=\"application\/ld+json\" class=\"yoast-schema-graph\">{\"@context\":\"https:\/\/schema.org\",\"@graph\":[{\"@type\":\"WebPage\",\"@id\":\"https:\/\/tourcruiser.com\/fr\/products\/grade-school-air-jordan-11-retro-jubilee-25th-anniversary-378038-011\/\",\"url\":\"https:\/\/tourcruiser.com\/fr\/products\/grade-school-air-jordan-11-retro-jubilee-25th-anniversary-378038-011\/\",\"name\":\"(Grade School) Air Jordan 11 Retro 'Jubilee \/ 25th Anniversary' 378038-011 - TOURCRUISER PTE. LTD\",\"isPartOf\":{\"@id\":\"\/#website\"},\"primaryImageOfPage\":{\"@id\":\"https:\/\/tourcruiser.com\/fr\/products\/grade-school-air-jordan-11-retro-jubilee-25th-anniversary-378038-011\/#primaryimage\"},\"image\":{\"@id\":\"https:\/\/tourcruiser.com\/fr\/products\/grade-school-air-jordan-11-retro-jubilee-25th-anniversary-378038-011\/#primaryimage\"},\"thumbnailUrl\":\"https:\/\/images.novelship.com\/product\/_grade_school__air_jordan_11_retro__jubilee___25th_0_12515.jpeg;https:\/\/images.novelship.com\/product\/_grade_school__air_jordan_11_retro__jubilee___25th_1_12516.jpeg;https:\/\/images.novelship.com\/product\/_grade_school__air_jordan_11_retro__jubilee___25th_2_12516.jpeg;https:\/\/images.novelship.com\/product\/_grade_school__air_jordan_11_retro__jubilee___25th_3_12516.jpeg;https:\/\/images.novelship.com\/product\/_grade_school__air_jordan_11_retro__jubilee___25th_4_12516.jpeg;https:\/\/images.novelship.com\/product\/_grade_school__air_jordan_11_retro__jubilee___25th_5_12516.jpeg;https:\/\/images.novelship.com\/product\/_grade_school__air_jordan_11_retro__jubilee___25th_6_12516.jpeg;https:\/\/images.novelship.com\/product\/_grade_school__air_jordan_11_retro__jubilee___25th_7_12516.jpeg\",\"datePublished\":\"2026-04-16T10:04:38+00:00\",\"dateModified\":\"2026-04-17T15:42:00+00:00\",\"breadcrumb\":{\"@id\":\"https:\/\/tourcruiser.com\/fr\/products\/grade-school-air-jordan-11-retro-jubilee-25th-anniversary-378038-011\/#breadcrumb\"},\"inLanguage\":\"fr-FR\",\"potentialAction\":[{\"@type\":\"ReadAction\",\"target\":[\"https:\/\/tourcruiser.com\/fr\/products\/grade-school-air-jordan-11-retro-jubilee-25th-anniversary-378038-011\/\"]}]},{\"@type\":\"ImageObject\",\"inLanguage\":\"fr-FR\",\"@id\":\"https:\/\/tourcruiser.com\/fr\/products\/grade-school-air-jordan-11-retro-jubilee-25th-anniversary-378038-011\/#primaryimage\",\"url\":\"https:\/\/images.novelship.com\/product\/_grade_school__air_jordan_11_retro__jubilee___25th_0_12515.jpeg;https:\/\/images.novelship.com\/product\/_grade_school__air_jordan_11_retro__jubilee___25th_1_12516.jpeg;https:\/\/images.novelship.com\/product\/_grade_school__air_jordan_11_retro__jubilee___25th_2_12516.jpeg;https:\/\/images.novelship.com\/product\/_grade_school__air_jordan_11_retro__jubilee___25th_3_12516.jpeg;https:\/\/images.novelship.com\/product\/_grade_school__air_jordan_11_retro__jubilee___25th_4_12516.jpeg;https:\/\/images.novelship.com\/product\/_grade_school__air_jordan_11_retro__jubilee___25th_5_12516.jpeg;https:\/\/images.novelship.com\/product\/_grade_school__air_jordan_11_retro__jubilee___25th_6_12516.jpeg;https:\/\/images.novelship.com\/product\/_grade_school__air_jordan_11_retro__jubilee___25th_7_12516.jpeg\",\"contentUrl\":\"https:\/\/images.novelship.com\/product\/_grade_school__air_jordan_11_retro__jubilee___25th_0_12515.jpeg;https:\/\/images.novelship.com\/product\/_grade_school__air_jordan_11_retro__jubilee___25th_1_12516.jpeg;https:\/\/images.novelship.com\/product\/_grade_school__air_jordan_11_retro__jubilee___25th_2_12516.jpeg;https:\/\/images.novelship.com\/product\/_grade_school__air_jordan_11_retro__jubilee___25th_3_12516.jpeg;https:\/\/images.novelship.com\/product\/_grade_school__air_jordan_11_retro__jubilee___25th_4_12516.jpeg;https:\/\/images.novelship.com\/product\/_grade_school__air_jordan_11_retro__jubilee___25th_5_12516.jpeg;https:\/\/images.novelship.com\/product\/_grade_school__air_jordan_11_retro__jubilee___25th_6_12516.jpeg;https:\/\/images.novelship.com\/product\/_grade_school__air_jordan_11_retro__jubilee___25th_7_12516.jpeg\"},{\"@type\":\"BreadcrumbList\",\"@id\":\"https:\/\/tourcruiser.com\/fr\/products\/grade-school-air-jordan-11-retro-jubilee-25th-anniversary-378038-011\/#breadcrumb\",\"itemListElement\":[{\"@type\":\"ListItem\",\"position\":1,\"name\":\"Home\",\"item\":\"https:\/\/tourcruiser.com\/fr\/\"},{\"@type\":\"ListItem\",\"position\":2,\"name\":\"Shop\",\"item\":\"https:\/\/tourcruiser.com\/fr\/shop\/\"},{\"@type\":\"ListItem\",\"position\":3,\"name\":\"(Grade School) Air Jordan 11 Retro &#8216;Jubilee \/ 25th Anniversary&#8217; 378038-011\"}]},{\"@type\":\"WebSite\",\"@id\":\"\/#website\",\"url\":\"\/\",\"name\":\"Styloral Jewelry Shop\",\"description\":\"Tourcruiser Sneaker Store \u2014 L\u2019endroit o\u00f9 l\u2019univers rencontre votre singularit\u00e9.\",\"publisher\":{\"@id\":\"\/#organization\"},\"potentialAction\":[{\"@type\":\"SearchAction\",\"target\":{\"@type\":\"EntryPoint\",\"urlTemplate\":\"\/?s={search_term_string}\"},\"query-input\":{\"@type\":\"PropertyValueSpecification\",\"valueRequired\":true,\"valueName\":\"search_term_string\"}}],\"inLanguage\":\"fr-FR\"},{\"@type\":\"Organization\",\"@id\":\"\/#organization\",\"name\":\"STYLORAL PTE. LTD\",\"url\":\"\/\",\"logo\":{\"@type\":\"ImageObject\",\"inLanguage\":\"fr-FR\",\"@id\":\"\/#\/schema\/logo\/image\/\",\"url\":\"https:\/\/www.tourcruiser.com\/wp-content\/uploads\/2025\/12\/logo.png\",\"contentUrl\":\"https:\/\/www.tourcruiser.com\/wp-content\/uploads\/2025\/12\/logo.png\",\"width\":200,\"height\":65,\"caption\":\"STYLORAL PTE. LTD\"},\"image\":{\"@id\":\"\/#\/schema\/logo\/image\/\"}}]}<\/script>\n<!-- \/ Yoast SEO plugin. -->","yoast_head_json":{"title":"(Grade School) Air Jordan 11 Retro 'Jubilee \/ 25th Anniversary' 378038-011 - TOURCRUISER PTE. LTD","robots":{"index":"index","follow":"follow","max-snippet":"max-snippet:-1","max-image-preview":"max-image-preview:large","max-video-preview":"max-video-preview:-1"},"canonical":"https:\/\/tourcruiser.com\/fr\/products\/grade-school-air-jordan-11-retro-jubilee-25th-anniversary-378038-011\/","og_locale":"fr_FR","og_type":"article","og_title":"(Grade School) Air Jordan 11 Retro 'Jubilee \/ 25th Anniversary' 378038-011 - TOURCRUISER PTE. LTD","og_description":"La Air Jordan 11 Retro Jubilee \/ 25th Anniversary (GS) de Jordan est le choix id\u00e9al pour les jeunes fans de sneakers. Cette \u00e9dition sp\u00e9ciale c\u00e9l\u00e8bre le 25e anniversaire de la c\u00e9l\u00e8bre Air Jordan 11. Avec son coloris noir \u00e9l\u00e9gant et son design iconique, cette sneaker est un incontournable pour tous ceux qui recherchent une [&hellip;]","og_url":"https:\/\/tourcruiser.com\/fr\/products\/grade-school-air-jordan-11-retro-jubilee-25th-anniversary-378038-011\/","og_site_name":"Tourcruiser Sneaker Store","article_modified_time":"2026-04-17T15:42:00+00:00","twitter_card":"summary_large_image","twitter_image":"https:\/\/images.novelship.com\/product\/_grade_school__air_jordan_11_retro__jubilee___25th_0_12515.jpeg;https:\/\/images.novelship.com\/product\/_grade_school__air_jordan_11_retro__jubilee___25th_1_12516.jpeg;https:\/\/images.novelship.com\/product\/_grade_school__air_jordan_11_retro__jubilee___25th_2_12516.jpeg;https:\/\/images.novelship.com\/product\/_grade_school__air_jordan_11_retro__jubilee___25th_3_12516.jpeg;https:\/\/images.novelship.com\/product\/_grade_school__air_jordan_11_retro__jubilee___25th_4_12516.jpeg;https:\/\/images.novelship.com\/product\/_grade_school__air_jordan_11_retro__jubilee___25th_5_12516.jpeg;https:\/\/images.novelship.com\/product\/_grade_school__air_jordan_11_retro__jubilee___25th_6_12516.jpeg;https:\/\/images.novelship.com\/product\/_grade_school__air_jordan_11_retro__jubilee___25th_7_12516.jpeg","schema":{"@context":"https:\/\/schema.org","@graph":[{"@type":"WebPage","@id":"https:\/\/tourcruiser.com\/fr\/products\/grade-school-air-jordan-11-retro-jubilee-25th-anniversary-378038-011\/","url":"https:\/\/tourcruiser.com\/fr\/products\/grade-school-air-jordan-11-retro-jubilee-25th-anniversary-378038-011\/","name":"(Grade School) Air Jordan 11 Retro 'Jubilee \/ 25th Anniversary' 378038-011 - TOURCRUISER PTE. LTD","isPartOf":{"@id":"\/#website"},"primaryImageOfPage":{"@id":"https:\/\/tourcruiser.com\/fr\/products\/grade-school-air-jordan-11-retro-jubilee-25th-anniversary-378038-011\/#primaryimage"},"image":{"@id":"https:\/\/tourcruiser.com\/fr\/products\/grade-school-air-jordan-11-retro-jubilee-25th-anniversary-378038-011\/#primaryimage"},"thumbnailUrl":"https:\/\/images.novelship.com\/product\/_grade_school__air_jordan_11_retro__jubilee___25th_0_12515.jpeg;https:\/\/images.novelship.com\/product\/_grade_school__air_jordan_11_retro__jubilee___25th_1_12516.jpeg;https:\/\/images.novelship.com\/product\/_grade_school__air_jordan_11_retro__jubilee___25th_2_12516.jpeg;https:\/\/images.novelship.com\/product\/_grade_school__air_jordan_11_retro__jubilee___25th_3_12516.jpeg;https:\/\/images.novelship.com\/product\/_grade_school__air_jordan_11_retro__jubilee___25th_4_12516.jpeg;https:\/\/images.novelship.com\/product\/_grade_school__air_jordan_11_retro__jubilee___25th_5_12516.jpeg;https:\/\/images.novelship.com\/product\/_grade_school__air_jordan_11_retro__jubilee___25th_6_12516.jpeg;https:\/\/images.novelship.com\/product\/_grade_school__air_jordan_11_retro__jubilee___25th_7_12516.jpeg","datePublished":"2026-04-16T10:04:38+00:00","dateModified":"2026-04-17T15:42:00+00:00","breadcrumb":{"@id":"https:\/\/tourcruiser.com\/fr\/products\/grade-school-air-jordan-11-retro-jubilee-25th-anniversary-378038-011\/#breadcrumb"},"inLanguage":"fr-FR","potentialAction":[{"@type":"ReadAction","target":["https:\/\/tourcruiser.com\/fr\/products\/grade-school-air-jordan-11-retro-jubilee-25th-anniversary-378038-011\/"]}]},{"@type":"ImageObject","inLanguage":"fr-FR","@id":"https:\/\/tourcruiser.com\/fr\/products\/grade-school-air-jordan-11-retro-jubilee-25th-anniversary-378038-011\/#primaryimage","url":"https:\/\/images.novelship.com\/product\/_grade_school__air_jordan_11_retro__jubilee___25th_0_12515.jpeg;https:\/\/images.novelship.com\/product\/_grade_school__air_jordan_11_retro__jubilee___25th_1_12516.jpeg;https:\/\/images.novelship.com\/product\/_grade_school__air_jordan_11_retro__jubilee___25th_2_12516.jpeg;https:\/\/images.novelship.com\/product\/_grade_school__air_jordan_11_retro__jubilee___25th_3_12516.jpeg;https:\/\/images.novelship.com\/product\/_grade_school__air_jordan_11_retro__jubilee___25th_4_12516.jpeg;https:\/\/images.novelship.com\/product\/_grade_school__air_jordan_11_retro__jubilee___25th_5_12516.jpeg;https:\/\/images.novelship.com\/product\/_grade_school__air_jordan_11_retro__jubilee___25th_6_12516.jpeg;https:\/\/images.novelship.com\/product\/_grade_school__air_jordan_11_retro__jubilee___25th_7_12516.jpeg","contentUrl":"https:\/\/images.novelship.com\/product\/_grade_school__air_jordan_11_retro__jubilee___25th_0_12515.jpeg;https:\/\/images.novelship.com\/product\/_grade_school__air_jordan_11_retro__jubilee___25th_1_12516.jpeg;https:\/\/images.novelship.com\/product\/_grade_school__air_jordan_11_retro__jubilee___25th_2_12516.jpeg;https:\/\/images.novelship.com\/product\/_grade_school__air_jordan_11_retro__jubilee___25th_3_12516.jpeg;https:\/\/images.novelship.com\/product\/_grade_school__air_jordan_11_retro__jubilee___25th_4_12516.jpeg;https:\/\/images.novelship.com\/product\/_grade_school__air_jordan_11_retro__jubilee___25th_5_12516.jpeg;https:\/\/images.novelship.com\/product\/_grade_school__air_jordan_11_retro__jubilee___25th_6_12516.jpeg;https:\/\/images.novelship.com\/product\/_grade_school__air_jordan_11_retro__jubilee___25th_7_12516.jpeg"},{"@type":"BreadcrumbList","@id":"https:\/\/tourcruiser.com\/fr\/products\/grade-school-air-jordan-11-retro-jubilee-25th-anniversary-378038-011\/#breadcrumb","itemListElement":[{"@type":"ListItem","position":1,"name":"Home","item":"https:\/\/tourcruiser.com\/fr\/"},{"@type":"ListItem","position":2,"name":"Shop","item":"https:\/\/tourcruiser.com\/fr\/shop\/"},{"@type":"ListItem","position":3,"name":"(Grade School) Air Jordan 11 Retro &#8216;Jubilee \/ 25th Anniversary&#8217; 378038-011"}]},{"@type":"WebSite","@id":"\/#website","url":"\/","name":"Styloral Jewelry Shop","description":"Tourcruiser Sneaker Store \u2014 L\u2019endroit o\u00f9 l\u2019univers rencontre votre singularit\u00e9.","publisher":{"@id":"\/#organization"},"potentialAction":[{"@type":"SearchAction","target":{"@type":"EntryPoint","urlTemplate":"\/?s={search_term_string}"},"query-input":{"@type":"PropertyValueSpecification","valueRequired":true,"valueName":"search_term_string"}}],"inLanguage":"fr-FR"},{"@type":"Organization","@id":"\/#organization","name":"STYLORAL PTE. LTD","url":"\/","logo":{"@type":"ImageObject","inLanguage":"fr-FR","@id":"\/#\/schema\/logo\/image\/","url":"https:\/\/www.tourcruiser.com\/wp-content\/uploads\/2025\/12\/logo.png","contentUrl":"https:\/\/www.tourcruiser.com\/wp-content\/uploads\/2025\/12\/logo.png","width":200,"height":65,"caption":"STYLORAL PTE. LTD"},"image":{"@id":"\/#\/schema\/logo\/image\/"}}]}},"_links":{"self":[{"href":"https:\/\/tourcruiser.com\/fr\/wp-json\/wp\/v2\/product\/753902","targetHints":{"allow":["GET"]}}],"collection":[{"href":"https:\/\/tourcruiser.com\/fr\/wp-json\/wp\/v2\/product"}],"about":[{"href":"https:\/\/tourcruiser.com\/fr\/wp-json\/wp\/v2\/types\/product"}],"replies":[{"embeddable":true,"href":"https:\/\/tourcruiser.com\/fr\/wp-json\/wp\/v2\/comments?post=753902"}],"wp:featuredmedia":[{"embeddable":true,"href":"https:\/\/tourcruiser.com\/fr\/wp-json\/wp\/v2\/media\/753903"}],"wp:attachment":[{"href":"https:\/\/tourcruiser.com\/fr\/wp-json\/wp\/v2\/media?parent=753902"}],"wp:term":[{"taxonomy":"product_brand","embeddable":true,"href":"https:\/\/tourcruiser.com\/fr\/wp-json\/wp\/v2\/product_brand?post=753902"},{"taxonomy":"product_cat","embeddable":true,"href":"https:\/\/tourcruiser.com\/fr\/wp-json\/wp\/v2\/product_cat?post=753902"},{"taxonomy":"product_tag","embeddable":true,"href":"https:\/\/tourcruiser.com\/fr\/wp-json\/wp\/v2\/product_tag?post=753902"}],"curies":[{"name":"wp","href":"https:\/\/api.w.org\/{rel}","templated":true}]}}