{"id":71583,"date":"2026-03-02T15:22:07","date_gmt":"2026-03-02T08:22:07","guid":{"rendered":"http:\/\/tourcruiser.com\/product\/asics-court-ff-3-all-court-tennis-shoes-dark-cobaltwhite"},"modified":"2026-03-14T18:53:07","modified_gmt":"2026-03-14T11:53:07","slug":"asics-court-ff-3-all-court-tennis-shoes-dark-cobaltwhite","status":"publish","type":"product","link":"https:\/\/tourcruiser.com\/fr\/products\/asics-court-ff-3-all-court-tennis-shoes-dark-cobaltwhite\/","title":{"rendered":"ASICS COURT FF 3 (All Court) Tennis Shoes Dark Cobalt\/White"},"content":{"rendered":"<p>Am\u00e9liorez votre jeu de tennis avec les chaussures ASICS COURT FF 3 (All Court) bleu cobalt fonc\u00e9\/blanc, mod\u00e8le 1041A370-403. Con\u00e7ues pour une agilit\u00e9 et un confort sup\u00e9rieurs sur toutes les surfaces, ces chaussures int\u00e8grent des technologies avanc\u00e9es telles que l&rsquo;amorti FlyteFoam\u00ae et le syst\u00e8me Twistruss\u2122 pour une stabilit\u00e9 et une maniabilit\u00e9 exceptionnelles. La semelle ext\u00e9rieure r\u00e9sistante offre une adh\u00e9rence maximale, tandis que la tige respirante garde vos pieds au frais et confortables, m\u00eame lors des matchs les plus intenses. Id\u00e9ales pour les joueurs qui privil\u00e9gient la vitesse et la pr\u00e9cision, ces chaussures de tennis haut de gamme vous permettront d&rsquo;optimiser vos performances. Couleur\u00a0: Bleu cobalt fonc\u00e9\/Blanc. Num\u00e9ro d&rsquo;article\u00a0: 1041A370-403. Mati\u00e8re de la tige\u00a0: Synth\u00e9tique. Semelle interm\u00e9diaire\u00a0: FlyteFoam. Couleur\u00a0: Bleu.<\/p>\n","protected":false},"excerpt":{"rendered":"<p>ASICS Court FF 3 \u201d\u201d Dark Cobalt\/White<\/p>\n","protected":false},"featured_media":71584,"comment_status":"open","ping_status":"closed","template":"","meta":[],"product_brand":[],"product_cat":[10792],"product_tag":[10791,10802,11082,10758],"class_list":{"0":"post-71583","1":"product","2":"type-product","3":"status-publish","4":"has-post-thumbnail","6":"product_cat-asics","7":"product_tag-asics","8":"product_tag-performance-sport-shoes","9":"product_tag-tennis-shoes","10":"product_tag-under-retail","11":"wcpa_has_options","13":"first","14":"instock","15":"sale","16":"taxable","17":"shipping-taxable","18":"purchasable","19":"product-type-simple"},"wcpa_form_fields":{"rules":{"pric_overide_base_price":false,"pric_overide_base_price_if_gt_zero":false,"pric_overide_base_price_fully":false,"pric_cal_option_once":false,"pric_use_as_fee":false,"bind_quantity":false,"quantity_bind_formula":false},"fields":[{"type":"color-group","required":true,"elementId":"wcpa-color-group-69a5ab08ee12d","label":"Taille","inline":true,"priceOptions":"different_for_all","pricingType":"fixed","className":"hassizechart product-shoes-size-eu product-shoes-size","name":"color-group-69a5ab08ee136","disp_type":"square","selection_type":"tick-border","disp_size":"50","show_label_inside":true,"adjust_width":true,"cart_display_type":"text","other_text":"Other","cl_rule":"show","col":6,"values":[{"label":"36","value":"EU 36","price":"","pimage":"","pimage_id":"","pthumb":"","color":"","selected":true},{"label":"37","value":"EU 37","price":"","pimage":"","pimage_id":"","pthumb":"","color":""},{"label":"37.5","value":"EU 37.5","price":"","pimage":"","pimage_id":"","pthumb":"","color":""},{"label":"38","value":"EU 38","price":"","pimage":"","pimage_id":"","pthumb":"","color":""},{"label":"38.5","value":"EU 38.5","price":"","pimage":"","pimage_id":"","pthumb":"","color":""},{"label":"39","value":"EU 39","price":"","pimage":"","pimage_id":"","pthumb":"","color":""},{"label":"39.5","value":"EU 39.5","price":"","pimage":"","pimage_id":"","pthumb":"","color":""},{"label":"40","value":"EU 40","price":"","pimage":"","pimage_id":"","pthumb":"","color":""},{"label":"40.5","value":"EU 40.5","price":"","pimage":"","pimage_id":"","pthumb":"","color":""},{"label":" 41.5","value":"EU 41.5","price":"","pimage":"","pimage_id":"","pthumb":"","color":""},{"label":"42","value":"EU 42","price":"","pimage":"","pimage_id":"","pthumb":"","color":""},{"label":"42.5","value":"EU 42.5","price":"","pimage":"","pimage_id":"","pthumb":"","color":""},{"label":"43","value":"EU 43","price":"","pimage":"","pimage_id":"","pthumb":"","color":""},{"label":"44","value":"EU 44","price":"","pimage":"","pimage_id":"","pthumb":"","color":""},{"label":"44.5","value":"EU 44.5","price":"","pimage":"","pimage_id":"","pthumb":"","color":""},{"label":"45","value":"EU 45","price":"","pimage":"","pimage_id":"","pthumb":"","color":""},{"label":"45.5","value":"EU 45.5","price":"","pimage":"","pimage_id":"","pthumb":"","color":""},{"label":"46","value":"EU 46","price":"","pimage":"","pimage_id":"","pthumb":"","color":""},{"label":"46.5","value":"EU 46.5","price":"","pimage":"","pimage_id":"","pthumb":"","color":""},{"label":"47","value":"EU 47","price":"","pimage":"","pimage_id":"","pthumb":"","color":""}],"relations":[{"operator":false,"rules":[]}],"form_id":184311,"form_rules":{"pric_cal_option_once":false,"exclude_from_discount":false,"pric_use_as_fee":false,"fee_label":"Fee","render_after_acb":false,"disp_hide_options_price":false}}]},"yoast_head":"<!-- This site is optimized with the Yoast SEO plugin v26.5 - https:\/\/yoast.com\/wordpress\/plugins\/seo\/ -->\n<title>ASICS COURT FF 3 (All Court) Tennis Shoes Dark Cobalt\/White - TOURCRUISER PTE. LTD<\/title>\n<meta name=\"robots\" content=\"index, follow, max-snippet:-1, max-image-preview:large, max-video-preview:-1\" \/>\n<link rel=\"canonical\" href=\"https:\/\/tourcruiser.com\/fr\/products\/asics-court-ff-3-all-court-tennis-shoes-dark-cobaltwhite\/\" \/>\n<meta property=\"og:locale\" content=\"fr_FR\" \/>\n<meta property=\"og:type\" content=\"article\" \/>\n<meta property=\"og:title\" content=\"ASICS COURT FF 3 (All Court) Tennis Shoes Dark Cobalt\/White - TOURCRUISER PTE. LTD\" \/>\n<meta property=\"og:description\" content=\"ASICS Court FF 3 \u201d\u201d Dark Cobalt\/White\" \/>\n<meta property=\"og:url\" content=\"https:\/\/tourcruiser.com\/fr\/products\/asics-court-ff-3-all-court-tennis-shoes-dark-cobaltwhite\/\" \/>\n<meta property=\"og:site_name\" content=\"Tourcruiser Sneaker Store\" \/>\n<meta property=\"article:modified_time\" content=\"2026-03-14T11:53:07+00:00\" \/>\n<meta name=\"twitter:card\" content=\"summary_large_image\" \/>\n<meta name=\"twitter:image\" content=\"https:\/\/images.novelship.com\/product\/asics_court_ff_3__all_court__tennis_shoes_dark_cob_0_46585.jpeg\" \/>\n<meta name=\"twitter:label1\" content=\"Dur\u00e9e de lecture estim\u00e9e\" \/>\n\t<meta name=\"twitter:data1\" content=\"1 minute\" \/>\n<script type=\"application\/ld+json\" class=\"yoast-schema-graph\">{\"@context\":\"https:\/\/schema.org\",\"@graph\":[{\"@type\":\"WebPage\",\"@id\":\"https:\/\/tourcruiser.com\/fr\/products\/asics-court-ff-3-all-court-tennis-shoes-dark-cobaltwhite\/\",\"url\":\"https:\/\/tourcruiser.com\/fr\/products\/asics-court-ff-3-all-court-tennis-shoes-dark-cobaltwhite\/\",\"name\":\"ASICS COURT FF 3 (All Court) Tennis Shoes Dark Cobalt\/White - TOURCRUISER PTE. LTD\",\"isPartOf\":{\"@id\":\"https:\/\/tourcruiser.com\/fr\/#website\"},\"primaryImageOfPage\":{\"@id\":\"https:\/\/tourcruiser.com\/fr\/products\/asics-court-ff-3-all-court-tennis-shoes-dark-cobaltwhite\/#primaryimage\"},\"image\":{\"@id\":\"https:\/\/tourcruiser.com\/fr\/products\/asics-court-ff-3-all-court-tennis-shoes-dark-cobaltwhite\/#primaryimage\"},\"thumbnailUrl\":\"https:\/\/images.novelship.com\/product\/asics_court_ff_3__all_court__tennis_shoes_dark_cob_0_46585.jpeg\",\"datePublished\":\"2026-03-02T08:22:07+00:00\",\"dateModified\":\"2026-03-14T11:53:07+00:00\",\"breadcrumb\":{\"@id\":\"https:\/\/tourcruiser.com\/fr\/products\/asics-court-ff-3-all-court-tennis-shoes-dark-cobaltwhite\/#breadcrumb\"},\"inLanguage\":\"fr-FR\",\"potentialAction\":[{\"@type\":\"ReadAction\",\"target\":[\"https:\/\/tourcruiser.com\/fr\/products\/asics-court-ff-3-all-court-tennis-shoes-dark-cobaltwhite\/\"]}]},{\"@type\":\"ImageObject\",\"inLanguage\":\"fr-FR\",\"@id\":\"https:\/\/tourcruiser.com\/fr\/products\/asics-court-ff-3-all-court-tennis-shoes-dark-cobaltwhite\/#primaryimage\",\"url\":\"https:\/\/images.novelship.com\/product\/asics_court_ff_3__all_court__tennis_shoes_dark_cob_0_46585.jpeg\",\"contentUrl\":\"https:\/\/images.novelship.com\/product\/asics_court_ff_3__all_court__tennis_shoes_dark_cob_0_46585.jpeg\"},{\"@type\":\"BreadcrumbList\",\"@id\":\"https:\/\/tourcruiser.com\/fr\/products\/asics-court-ff-3-all-court-tennis-shoes-dark-cobaltwhite\/#breadcrumb\",\"itemListElement\":[{\"@type\":\"ListItem\",\"position\":1,\"name\":\"Home\",\"item\":\"https:\/\/tourcruiser.com\/fr\/\"},{\"@type\":\"ListItem\",\"position\":2,\"name\":\"Shop\",\"item\":\"https:\/\/tourcruiser.com\/fr\/shop\/\"},{\"@type\":\"ListItem\",\"position\":3,\"name\":\"ASICS COURT FF 3 (All Court) Tennis Shoes Dark Cobalt\/White\"}]},{\"@type\":\"WebSite\",\"@id\":\"https:\/\/tourcruiser.com\/fr\/#website\",\"url\":\"https:\/\/tourcruiser.com\/fr\/\",\"name\":\"Styloral Jewelry Shop\",\"description\":\"Tourcruiser Sneaker Store \u2014 L\u2019endroit o\u00f9 l\u2019univers rencontre votre singularit\u00e9.\",\"publisher\":{\"@id\":\"https:\/\/tourcruiser.com\/fr\/#organization\"},\"potentialAction\":[{\"@type\":\"SearchAction\",\"target\":{\"@type\":\"EntryPoint\",\"urlTemplate\":\"https:\/\/tourcruiser.com\/fr\/?s={search_term_string}\"},\"query-input\":{\"@type\":\"PropertyValueSpecification\",\"valueRequired\":true,\"valueName\":\"search_term_string\"}}],\"inLanguage\":\"fr-FR\"},{\"@type\":\"Organization\",\"@id\":\"https:\/\/tourcruiser.com\/fr\/#organization\",\"name\":\"STYLORAL PTE. LTD\",\"url\":\"https:\/\/tourcruiser.com\/fr\/\",\"logo\":{\"@type\":\"ImageObject\",\"inLanguage\":\"fr-FR\",\"@id\":\"https:\/\/tourcruiser.com\/fr\/#\/schema\/logo\/image\/\",\"url\":\"https:\/\/www.tourcruiser.com\/wp-content\/uploads\/2025\/12\/logo.png\",\"contentUrl\":\"https:\/\/www.tourcruiser.com\/wp-content\/uploads\/2025\/12\/logo.png\",\"width\":200,\"height\":65,\"caption\":\"STYLORAL PTE. LTD\"},\"image\":{\"@id\":\"https:\/\/tourcruiser.com\/fr\/#\/schema\/logo\/image\/\"}}]}<\/script>\n<!-- \/ Yoast SEO plugin. -->","yoast_head_json":{"title":"ASICS COURT FF 3 (All Court) Tennis Shoes Dark Cobalt\/White - TOURCRUISER PTE. LTD","robots":{"index":"index","follow":"follow","max-snippet":"max-snippet:-1","max-image-preview":"max-image-preview:large","max-video-preview":"max-video-preview:-1"},"canonical":"https:\/\/tourcruiser.com\/fr\/products\/asics-court-ff-3-all-court-tennis-shoes-dark-cobaltwhite\/","og_locale":"fr_FR","og_type":"article","og_title":"ASICS COURT FF 3 (All Court) Tennis Shoes Dark Cobalt\/White - TOURCRUISER PTE. LTD","og_description":"ASICS Court FF 3 \u201d\u201d Dark Cobalt\/White","og_url":"https:\/\/tourcruiser.com\/fr\/products\/asics-court-ff-3-all-court-tennis-shoes-dark-cobaltwhite\/","og_site_name":"Tourcruiser Sneaker Store","article_modified_time":"2026-03-14T11:53:07+00:00","twitter_card":"summary_large_image","twitter_image":"https:\/\/images.novelship.com\/product\/asics_court_ff_3__all_court__tennis_shoes_dark_cob_0_46585.jpeg","twitter_misc":{"Dur\u00e9e de lecture estim\u00e9e":"1 minute"},"schema":{"@context":"https:\/\/schema.org","@graph":[{"@type":"WebPage","@id":"https:\/\/tourcruiser.com\/fr\/products\/asics-court-ff-3-all-court-tennis-shoes-dark-cobaltwhite\/","url":"https:\/\/tourcruiser.com\/fr\/products\/asics-court-ff-3-all-court-tennis-shoes-dark-cobaltwhite\/","name":"ASICS COURT FF 3 (All Court) Tennis Shoes Dark Cobalt\/White - TOURCRUISER PTE. LTD","isPartOf":{"@id":"https:\/\/tourcruiser.com\/fr\/#website"},"primaryImageOfPage":{"@id":"https:\/\/tourcruiser.com\/fr\/products\/asics-court-ff-3-all-court-tennis-shoes-dark-cobaltwhite\/#primaryimage"},"image":{"@id":"https:\/\/tourcruiser.com\/fr\/products\/asics-court-ff-3-all-court-tennis-shoes-dark-cobaltwhite\/#primaryimage"},"thumbnailUrl":"https:\/\/images.novelship.com\/product\/asics_court_ff_3__all_court__tennis_shoes_dark_cob_0_46585.jpeg","datePublished":"2026-03-02T08:22:07+00:00","dateModified":"2026-03-14T11:53:07+00:00","breadcrumb":{"@id":"https:\/\/tourcruiser.com\/fr\/products\/asics-court-ff-3-all-court-tennis-shoes-dark-cobaltwhite\/#breadcrumb"},"inLanguage":"fr-FR","potentialAction":[{"@type":"ReadAction","target":["https:\/\/tourcruiser.com\/fr\/products\/asics-court-ff-3-all-court-tennis-shoes-dark-cobaltwhite\/"]}]},{"@type":"ImageObject","inLanguage":"fr-FR","@id":"https:\/\/tourcruiser.com\/fr\/products\/asics-court-ff-3-all-court-tennis-shoes-dark-cobaltwhite\/#primaryimage","url":"https:\/\/images.novelship.com\/product\/asics_court_ff_3__all_court__tennis_shoes_dark_cob_0_46585.jpeg","contentUrl":"https:\/\/images.novelship.com\/product\/asics_court_ff_3__all_court__tennis_shoes_dark_cob_0_46585.jpeg"},{"@type":"BreadcrumbList","@id":"https:\/\/tourcruiser.com\/fr\/products\/asics-court-ff-3-all-court-tennis-shoes-dark-cobaltwhite\/#breadcrumb","itemListElement":[{"@type":"ListItem","position":1,"name":"Home","item":"https:\/\/tourcruiser.com\/fr\/"},{"@type":"ListItem","position":2,"name":"Shop","item":"https:\/\/tourcruiser.com\/fr\/shop\/"},{"@type":"ListItem","position":3,"name":"ASICS COURT FF 3 (All Court) Tennis Shoes Dark Cobalt\/White"}]},{"@type":"WebSite","@id":"https:\/\/tourcruiser.com\/fr\/#website","url":"https:\/\/tourcruiser.com\/fr\/","name":"Styloral Jewelry Shop","description":"Tourcruiser Sneaker Store \u2014 L\u2019endroit o\u00f9 l\u2019univers rencontre votre singularit\u00e9.","publisher":{"@id":"https:\/\/tourcruiser.com\/fr\/#organization"},"potentialAction":[{"@type":"SearchAction","target":{"@type":"EntryPoint","urlTemplate":"https:\/\/tourcruiser.com\/fr\/?s={search_term_string}"},"query-input":{"@type":"PropertyValueSpecification","valueRequired":true,"valueName":"search_term_string"}}],"inLanguage":"fr-FR"},{"@type":"Organization","@id":"https:\/\/tourcruiser.com\/fr\/#organization","name":"STYLORAL PTE. LTD","url":"https:\/\/tourcruiser.com\/fr\/","logo":{"@type":"ImageObject","inLanguage":"fr-FR","@id":"https:\/\/tourcruiser.com\/fr\/#\/schema\/logo\/image\/","url":"https:\/\/www.tourcruiser.com\/wp-content\/uploads\/2025\/12\/logo.png","contentUrl":"https:\/\/www.tourcruiser.com\/wp-content\/uploads\/2025\/12\/logo.png","width":200,"height":65,"caption":"STYLORAL PTE. LTD"},"image":{"@id":"https:\/\/tourcruiser.com\/fr\/#\/schema\/logo\/image\/"}}]}},"_links":{"self":[{"href":"https:\/\/tourcruiser.com\/fr\/wp-json\/wp\/v2\/product\/71583","targetHints":{"allow":["GET"]}}],"collection":[{"href":"https:\/\/tourcruiser.com\/fr\/wp-json\/wp\/v2\/product"}],"about":[{"href":"https:\/\/tourcruiser.com\/fr\/wp-json\/wp\/v2\/types\/product"}],"replies":[{"embeddable":true,"href":"https:\/\/tourcruiser.com\/fr\/wp-json\/wp\/v2\/comments?post=71583"}],"wp:featuredmedia":[{"embeddable":true,"href":"https:\/\/tourcruiser.com\/fr\/wp-json\/wp\/v2\/media\/71584"}],"wp:attachment":[{"href":"https:\/\/tourcruiser.com\/fr\/wp-json\/wp\/v2\/media?parent=71583"}],"wp:term":[{"taxonomy":"product_brand","embeddable":true,"href":"https:\/\/tourcruiser.com\/fr\/wp-json\/wp\/v2\/product_brand?post=71583"},{"taxonomy":"product_cat","embeddable":true,"href":"https:\/\/tourcruiser.com\/fr\/wp-json\/wp\/v2\/product_cat?post=71583"},{"taxonomy":"product_tag","embeddable":true,"href":"https:\/\/tourcruiser.com\/fr\/wp-json\/wp\/v2\/product_tag?post=71583"}],"curies":[{"name":"wp","href":"https:\/\/api.w.org\/{rel}","templated":true}]}}