{"id":68868,"date":"2026-03-02T15:21:32","date_gmt":"2026-03-02T08:21:32","guid":{"rendered":"http:\/\/tourcruiser.com\/product\/hoka-bondi-9-4e-wide-galactic-stellar-grey"},"modified":"2026-03-14T18:52:19","modified_gmt":"2026-03-14T11:52:19","slug":"hoka-bondi-9-4e-wide-galactic-stellar-grey","status":"publish","type":"product","link":"https:\/\/tourcruiser.com\/fr\/products\/hoka-bondi-9-4e-wide-galactic-stellar-grey\/","title":{"rendered":"HOKA Bondi 9 4E Wide &lsquo;Galactic Stellar Grey&rsquo;"},"content":{"rendered":"<p>D\u00e9couvrez un confort et un maintien exceptionnels avec la HOKA Bondi 9 4E Wide \u00ab\u00a0Galactic Stellar Grey\u00a0\u00bb. Cette chaussure de running est con\u00e7ue pour les coureurs qui privil\u00e9gient l&rsquo;amorti et un chaussant extra-large. Gr\u00e2ce \u00e0 sa semelle interm\u00e9diaire en EVA sur toute la longueur, cette chaussure haut de gamme offre une absorption des chocs et une stabilit\u00e9 exceptionnelles, id\u00e9ales pour les longues distances et les entra\u00eenements quotidiens. L&#8217;empeigne en mesh respirant et fonctionnel \u00e9pouse parfaitement la forme de votre pied, tandis que la largeur 4E assure un confort optimal, m\u00eame pour les pieds larges. L&rsquo;\u00e9l\u00e9gant coloris \u00ab\u00a0Galactic Stellar Grey\u00a0\u00bb allie style moderne et performance, faisant de cette chaussure un choix polyvalent pour le sport et les loisirs. Dot\u00e9e de la technologie Meta-Rocker pour des transitions fluides et d&rsquo;une semelle ext\u00e9rieure en caoutchouc durable pour une adh\u00e9rence fiable sur toutes les surfaces, la HOKA Bondi 9 promet des performances durables et une excellente accroche. Que vous couriez sur l&rsquo;asphalte ou que vous repoussiez vos limites d&rsquo;endurance, cette chaussure offre un confort optimal et un maintien parfait tout au long de la journ\u00e9e. Avec sa conception l\u00e9g\u00e8re, son amorti confortable et sa construction orthop\u00e9dique, la HOKA Bondi 9 \u00e9tablit une nouvelle r\u00e9f\u00e9rence pour les chaussures de running \u00e0 largeur adapt\u00e9e. Vivez une exp\u00e9rience de course exceptionnelle alliant style, fonctionnalit\u00e9 et confort in\u00e9gal\u00e9 \u2013 id\u00e9ale pour les passionn\u00e9s de course \u00e0 pied du monde entier. Explorez de nouveaux horizons \u00e0 chaque foul\u00e9e.<\/p>\n<ul>\n<li><strong>Coloris\u00a0:<\/strong> Gris galactique\/Gris stellaire<\/li>\n<li><strong>R\u00e9f\u00e9rence\u00a0:<\/strong> 1162015-GCTC<\/li>\n<li><strong>Tige\u00a0:<\/strong> Mesh<\/li>\n<li><strong>Semelle interm\u00e9diaire\u00a0:<\/strong> SCEVA<\/li>\n<li><strong>Couleur\u00a0:<\/strong> Gris<\/li>\n<li><strong>Saison\u00a0:<\/strong> Hiver<\/li>\n<li><strong>Ann\u00e9e de sortie\u00a0:<\/strong> 2025<\/li>\n<\/ul>\n","protected":false},"excerpt":{"rendered":"<p>HOKA Bondi 9 \u201d\u201d Galactic Grey\/Stellar Grey<\/p>\n","protected":false},"featured_media":68869,"comment_status":"open","ping_status":"closed","template":"","meta":[],"product_brand":[],"product_cat":[11495],"product_tag":[11494,10838,10802,10840,10758,11692],"class_list":{"0":"post-68868","1":"product","2":"type-product","3":"status-publish","4":"has-post-thumbnail","6":"product_cat-hoka","7":"product_tag-hoka","8":"product_tag-max-cushion-cushioned-running-shoes","9":"product_tag-performance-sport-shoes","10":"product_tag-running-shoes","11":"product_tag-under-retail","12":"product_tag-wide-running-shoes","13":"wcpa_has_options","15":"first","16":"instock","17":"taxable","18":"shipping-taxable","19":"purchasable","20":"product-type-simple"},"wcpa_form_fields":{"rules":{"pric_overide_base_price":false,"pric_overide_base_price_if_gt_zero":false,"pric_overide_base_price_fully":false,"pric_cal_option_once":false,"pric_use_as_fee":false,"bind_quantity":false,"quantity_bind_formula":false},"fields":[{"type":"color-group","required":true,"elementId":"wcpa-color-group-69a5afd8a7cca","label":"Taille","inline":true,"priceOptions":"different_for_all","pricingType":"fixed","className":"hassizechart product-shoes-size-eu product-shoes-size","name":"color-group-69a5afd8a7cd3","disp_type":"square","selection_type":"tick-border","disp_size":"50","show_label_inside":true,"adjust_width":true,"cart_display_type":"text","other_text":"Other","cl_rule":"show","col":6,"values":[{"label":"35 1\/3","value":"EU 35 1\/3","price":"","pimage":"","pimage_id":"","pthumb":"","color":""},{"label":"36","value":"EU 36","price":"","pimage":"","pimage_id":"","pthumb":"","color":""},{"label":"36 2\/3","value":"EU 36 2\/3","price":"","pimage":"","pimage_id":"","pthumb":"","color":""},{"label":"37 1\/3","value":"EU 37 1\/3","price":"","pimage":"","pimage_id":"","pthumb":"","color":"","selected":true},{"label":"38","value":"EU 38","price":"","pimage":"","pimage_id":"","pthumb":"","color":""},{"label":"38 2\/3","value":"EU 38 2\/3","price":"","pimage":"","pimage_id":"","pthumb":"","color":""},{"label":"39 1\/3","value":"EU 39 1\/3","price":"","pimage":"","pimage_id":"","pthumb":"","color":""},{"label":"39.5","value":"EU 39.5","price":"","pimage":"","pimage_id":"","pthumb":"","color":""},{"label":"40","value":"EU 40","price":"","pimage":"","pimage_id":"","pthumb":"","color":""},{"label":"40 2\/3","value":"EU 40  2\/3","price":"","pimage":"","pimage_id":"","pthumb":"","color":""},{"label":" 41 1\/3","value":"EU 41.5","price":"","pimage":"","pimage_id":"","pthumb":"","color":""},{"label":"42","value":"EU 42","price":"","pimage":"","pimage_id":"","pthumb":"","color":""},{"label":"42 2\/3","value":"EU 42 2\/3","price":"","pimage":"","pimage_id":"","pthumb":"","color":""},{"label":"43 1\/3","value":"EU 43 1\/3","price":"","pimage":"","pimage_id":"","pthumb":"","color":""},{"label":"44","value":"EU 44","price":"","pimage":"","pimage_id":"","pthumb":"","color":""},{"label":"44 2\/3","value":"EU 44 2\/3","price":"","pimage":"","pimage_id":"","pthumb":"","color":""},{"label":"45 1\/3","value":"EU 45 1\/3","price":"","pimage":"","pimage_id":"","pthumb":"","color":""},{"label":"46","value":"EU 46","price":"","pimage":"","pimage_id":"","pthumb":"","color":""},{"label":"46 2\/3","value":"EU 46 2\/3","price":"","pimage":"","pimage_id":"","pthumb":"","color":""},{"label":"47 1\/3","value":"EU 47 1\/3","price":"","pimage":"","pimage_id":"","pthumb":"","color":""},{"label":"48","value":"EU 48","price":"","pimage":"","pimage_id":"","pthumb":"","color":""}],"relations":[{"operator":false,"rules":[]}],"form_id":184317,"form_rules":{"pric_cal_option_once":false,"exclude_from_discount":false,"pric_use_as_fee":false,"fee_label":"Fee","render_after_acb":false,"disp_hide_options_price":false}}]},"yoast_head":"<!-- This site is optimized with the Yoast SEO plugin v26.5 - https:\/\/yoast.com\/wordpress\/plugins\/seo\/ -->\n<title>HOKA Bondi 9 4E Wide &#039;Galactic Stellar Grey&#039; - TOURCRUISER PTE. LTD<\/title>\n<meta name=\"robots\" content=\"index, follow, max-snippet:-1, max-image-preview:large, max-video-preview:-1\" \/>\n<link rel=\"canonical\" href=\"https:\/\/tourcruiser.com\/fr\/products\/hoka-bondi-9-4e-wide-galactic-stellar-grey\/\" \/>\n<meta property=\"og:locale\" content=\"fr_FR\" \/>\n<meta property=\"og:type\" content=\"article\" \/>\n<meta property=\"og:title\" content=\"HOKA Bondi 9 4E Wide &#039;Galactic Stellar Grey&#039; - TOURCRUISER PTE. LTD\" \/>\n<meta property=\"og:description\" content=\"HOKA Bondi 9 \u201d\u201d Galactic Grey\/Stellar Grey\" \/>\n<meta property=\"og:url\" content=\"https:\/\/tourcruiser.com\/fr\/products\/hoka-bondi-9-4e-wide-galactic-stellar-grey\/\" \/>\n<meta property=\"og:site_name\" content=\"Tourcruiser Sneaker Store\" \/>\n<meta property=\"article:modified_time\" content=\"2026-03-14T11:52:19+00:00\" \/>\n<meta name=\"twitter:card\" content=\"summary_large_image\" \/>\n<meta name=\"twitter:image\" content=\"https:\/\/images.novelship.com\/product\/hoka_bondi_9_4e_wide__galactic_stellar_grey__11620_0_70342.png\" \/>\n<meta name=\"twitter:label1\" content=\"Dur\u00e9e de lecture estim\u00e9e\" \/>\n\t<meta name=\"twitter:data1\" content=\"1 minute\" \/>\n<script type=\"application\/ld+json\" class=\"yoast-schema-graph\">{\"@context\":\"https:\/\/schema.org\",\"@graph\":[{\"@type\":\"WebPage\",\"@id\":\"https:\/\/tourcruiser.com\/fr\/products\/hoka-bondi-9-4e-wide-galactic-stellar-grey\/\",\"url\":\"https:\/\/tourcruiser.com\/fr\/products\/hoka-bondi-9-4e-wide-galactic-stellar-grey\/\",\"name\":\"HOKA Bondi 9 4E Wide 'Galactic Stellar Grey' - TOURCRUISER PTE. LTD\",\"isPartOf\":{\"@id\":\"https:\/\/tourcruiser.com\/fr\/#website\"},\"primaryImageOfPage\":{\"@id\":\"https:\/\/tourcruiser.com\/fr\/products\/hoka-bondi-9-4e-wide-galactic-stellar-grey\/#primaryimage\"},\"image\":{\"@id\":\"https:\/\/tourcruiser.com\/fr\/products\/hoka-bondi-9-4e-wide-galactic-stellar-grey\/#primaryimage\"},\"thumbnailUrl\":\"https:\/\/images.novelship.com\/product\/hoka_bondi_9_4e_wide__galactic_stellar_grey__11620_0_70342.png\",\"datePublished\":\"2026-03-02T08:21:32+00:00\",\"dateModified\":\"2026-03-14T11:52:19+00:00\",\"breadcrumb\":{\"@id\":\"https:\/\/tourcruiser.com\/fr\/products\/hoka-bondi-9-4e-wide-galactic-stellar-grey\/#breadcrumb\"},\"inLanguage\":\"fr-FR\",\"potentialAction\":[{\"@type\":\"ReadAction\",\"target\":[\"https:\/\/tourcruiser.com\/fr\/products\/hoka-bondi-9-4e-wide-galactic-stellar-grey\/\"]}]},{\"@type\":\"ImageObject\",\"inLanguage\":\"fr-FR\",\"@id\":\"https:\/\/tourcruiser.com\/fr\/products\/hoka-bondi-9-4e-wide-galactic-stellar-grey\/#primaryimage\",\"url\":\"https:\/\/images.novelship.com\/product\/hoka_bondi_9_4e_wide__galactic_stellar_grey__11620_0_70342.png\",\"contentUrl\":\"https:\/\/images.novelship.com\/product\/hoka_bondi_9_4e_wide__galactic_stellar_grey__11620_0_70342.png\"},{\"@type\":\"BreadcrumbList\",\"@id\":\"https:\/\/tourcruiser.com\/fr\/products\/hoka-bondi-9-4e-wide-galactic-stellar-grey\/#breadcrumb\",\"itemListElement\":[{\"@type\":\"ListItem\",\"position\":1,\"name\":\"Home\",\"item\":\"https:\/\/tourcruiser.com\/fr\/\"},{\"@type\":\"ListItem\",\"position\":2,\"name\":\"Shop\",\"item\":\"https:\/\/tourcruiser.com\/fr\/shop\/\"},{\"@type\":\"ListItem\",\"position\":3,\"name\":\"HOKA Bondi 9 4E Wide &lsquo;Galactic Stellar Grey&rsquo;\"}]},{\"@type\":\"WebSite\",\"@id\":\"https:\/\/tourcruiser.com\/fr\/#website\",\"url\":\"https:\/\/tourcruiser.com\/fr\/\",\"name\":\"Styloral Jewelry Shop\",\"description\":\"Tourcruiser Sneaker Store \u2014 L\u2019endroit o\u00f9 l\u2019univers rencontre votre singularit\u00e9.\",\"publisher\":{\"@id\":\"https:\/\/tourcruiser.com\/fr\/#organization\"},\"potentialAction\":[{\"@type\":\"SearchAction\",\"target\":{\"@type\":\"EntryPoint\",\"urlTemplate\":\"https:\/\/tourcruiser.com\/fr\/?s={search_term_string}\"},\"query-input\":{\"@type\":\"PropertyValueSpecification\",\"valueRequired\":true,\"valueName\":\"search_term_string\"}}],\"inLanguage\":\"fr-FR\"},{\"@type\":\"Organization\",\"@id\":\"https:\/\/tourcruiser.com\/fr\/#organization\",\"name\":\"STYLORAL PTE. LTD\",\"url\":\"https:\/\/tourcruiser.com\/fr\/\",\"logo\":{\"@type\":\"ImageObject\",\"inLanguage\":\"fr-FR\",\"@id\":\"https:\/\/tourcruiser.com\/fr\/#\/schema\/logo\/image\/\",\"url\":\"https:\/\/www.tourcruiser.com\/wp-content\/uploads\/2025\/12\/logo.png\",\"contentUrl\":\"https:\/\/www.tourcruiser.com\/wp-content\/uploads\/2025\/12\/logo.png\",\"width\":200,\"height\":65,\"caption\":\"STYLORAL PTE. LTD\"},\"image\":{\"@id\":\"https:\/\/tourcruiser.com\/fr\/#\/schema\/logo\/image\/\"}}]}<\/script>\n<!-- \/ Yoast SEO plugin. -->","yoast_head_json":{"title":"HOKA Bondi 9 4E Wide 'Galactic Stellar Grey' - TOURCRUISER PTE. LTD","robots":{"index":"index","follow":"follow","max-snippet":"max-snippet:-1","max-image-preview":"max-image-preview:large","max-video-preview":"max-video-preview:-1"},"canonical":"https:\/\/tourcruiser.com\/fr\/products\/hoka-bondi-9-4e-wide-galactic-stellar-grey\/","og_locale":"fr_FR","og_type":"article","og_title":"HOKA Bondi 9 4E Wide 'Galactic Stellar Grey' - TOURCRUISER PTE. LTD","og_description":"HOKA Bondi 9 \u201d\u201d Galactic Grey\/Stellar Grey","og_url":"https:\/\/tourcruiser.com\/fr\/products\/hoka-bondi-9-4e-wide-galactic-stellar-grey\/","og_site_name":"Tourcruiser Sneaker Store","article_modified_time":"2026-03-14T11:52:19+00:00","twitter_card":"summary_large_image","twitter_image":"https:\/\/images.novelship.com\/product\/hoka_bondi_9_4e_wide__galactic_stellar_grey__11620_0_70342.png","twitter_misc":{"Dur\u00e9e de lecture estim\u00e9e":"1 minute"},"schema":{"@context":"https:\/\/schema.org","@graph":[{"@type":"WebPage","@id":"https:\/\/tourcruiser.com\/fr\/products\/hoka-bondi-9-4e-wide-galactic-stellar-grey\/","url":"https:\/\/tourcruiser.com\/fr\/products\/hoka-bondi-9-4e-wide-galactic-stellar-grey\/","name":"HOKA Bondi 9 4E Wide 'Galactic Stellar Grey' - TOURCRUISER PTE. LTD","isPartOf":{"@id":"https:\/\/tourcruiser.com\/fr\/#website"},"primaryImageOfPage":{"@id":"https:\/\/tourcruiser.com\/fr\/products\/hoka-bondi-9-4e-wide-galactic-stellar-grey\/#primaryimage"},"image":{"@id":"https:\/\/tourcruiser.com\/fr\/products\/hoka-bondi-9-4e-wide-galactic-stellar-grey\/#primaryimage"},"thumbnailUrl":"https:\/\/images.novelship.com\/product\/hoka_bondi_9_4e_wide__galactic_stellar_grey__11620_0_70342.png","datePublished":"2026-03-02T08:21:32+00:00","dateModified":"2026-03-14T11:52:19+00:00","breadcrumb":{"@id":"https:\/\/tourcruiser.com\/fr\/products\/hoka-bondi-9-4e-wide-galactic-stellar-grey\/#breadcrumb"},"inLanguage":"fr-FR","potentialAction":[{"@type":"ReadAction","target":["https:\/\/tourcruiser.com\/fr\/products\/hoka-bondi-9-4e-wide-galactic-stellar-grey\/"]}]},{"@type":"ImageObject","inLanguage":"fr-FR","@id":"https:\/\/tourcruiser.com\/fr\/products\/hoka-bondi-9-4e-wide-galactic-stellar-grey\/#primaryimage","url":"https:\/\/images.novelship.com\/product\/hoka_bondi_9_4e_wide__galactic_stellar_grey__11620_0_70342.png","contentUrl":"https:\/\/images.novelship.com\/product\/hoka_bondi_9_4e_wide__galactic_stellar_grey__11620_0_70342.png"},{"@type":"BreadcrumbList","@id":"https:\/\/tourcruiser.com\/fr\/products\/hoka-bondi-9-4e-wide-galactic-stellar-grey\/#breadcrumb","itemListElement":[{"@type":"ListItem","position":1,"name":"Home","item":"https:\/\/tourcruiser.com\/fr\/"},{"@type":"ListItem","position":2,"name":"Shop","item":"https:\/\/tourcruiser.com\/fr\/shop\/"},{"@type":"ListItem","position":3,"name":"HOKA Bondi 9 4E Wide &lsquo;Galactic Stellar Grey&rsquo;"}]},{"@type":"WebSite","@id":"https:\/\/tourcruiser.com\/fr\/#website","url":"https:\/\/tourcruiser.com\/fr\/","name":"Styloral Jewelry Shop","description":"Tourcruiser Sneaker Store \u2014 L\u2019endroit o\u00f9 l\u2019univers rencontre votre singularit\u00e9.","publisher":{"@id":"https:\/\/tourcruiser.com\/fr\/#organization"},"potentialAction":[{"@type":"SearchAction","target":{"@type":"EntryPoint","urlTemplate":"https:\/\/tourcruiser.com\/fr\/?s={search_term_string}"},"query-input":{"@type":"PropertyValueSpecification","valueRequired":true,"valueName":"search_term_string"}}],"inLanguage":"fr-FR"},{"@type":"Organization","@id":"https:\/\/tourcruiser.com\/fr\/#organization","name":"STYLORAL PTE. LTD","url":"https:\/\/tourcruiser.com\/fr\/","logo":{"@type":"ImageObject","inLanguage":"fr-FR","@id":"https:\/\/tourcruiser.com\/fr\/#\/schema\/logo\/image\/","url":"https:\/\/www.tourcruiser.com\/wp-content\/uploads\/2025\/12\/logo.png","contentUrl":"https:\/\/www.tourcruiser.com\/wp-content\/uploads\/2025\/12\/logo.png","width":200,"height":65,"caption":"STYLORAL PTE. LTD"},"image":{"@id":"https:\/\/tourcruiser.com\/fr\/#\/schema\/logo\/image\/"}}]}},"_links":{"self":[{"href":"https:\/\/tourcruiser.com\/fr\/wp-json\/wp\/v2\/product\/68868","targetHints":{"allow":["GET"]}}],"collection":[{"href":"https:\/\/tourcruiser.com\/fr\/wp-json\/wp\/v2\/product"}],"about":[{"href":"https:\/\/tourcruiser.com\/fr\/wp-json\/wp\/v2\/types\/product"}],"replies":[{"embeddable":true,"href":"https:\/\/tourcruiser.com\/fr\/wp-json\/wp\/v2\/comments?post=68868"}],"wp:featuredmedia":[{"embeddable":true,"href":"https:\/\/tourcruiser.com\/fr\/wp-json\/wp\/v2\/media\/68869"}],"wp:attachment":[{"href":"https:\/\/tourcruiser.com\/fr\/wp-json\/wp\/v2\/media?parent=68868"}],"wp:term":[{"taxonomy":"product_brand","embeddable":true,"href":"https:\/\/tourcruiser.com\/fr\/wp-json\/wp\/v2\/product_brand?post=68868"},{"taxonomy":"product_cat","embeddable":true,"href":"https:\/\/tourcruiser.com\/fr\/wp-json\/wp\/v2\/product_cat?post=68868"},{"taxonomy":"product_tag","embeddable":true,"href":"https:\/\/tourcruiser.com\/fr\/wp-json\/wp\/v2\/product_tag?post=68868"}],"curies":[{"name":"wp","href":"https:\/\/api.w.org\/{rel}","templated":true}]}}