{"id":68276,"date":"2026-03-02T15:21:24","date_gmt":"2026-03-02T08:21:24","guid":{"rendered":"http:\/\/tourcruiser.com\/product\/nike-zoom-mercurial-superfly-10-elite-fg-prism-pack"},"modified":"2026-03-14T18:52:12","modified_gmt":"2026-03-14T11:52:12","slug":"nike-zoom-mercurial-superfly-10-elite-fg-prism-pack","status":"publish","type":"product","link":"https:\/\/tourcruiser.com\/fr\/products\/nike-zoom-mercurial-superfly-10-elite-fg-prism-pack\/","title":{"rendered":"Nike Zoom Mercurial Superfly 10 Elite FG &lsquo;Prism Pack&rsquo;"},"content":{"rendered":"<p>Passez \u00e0 la vitesse sup\u00e9rieure avec la Nike Zoom Mercurial Superfly 10 Elite FG \u00ab\u00a0Prism Pack\u00a0\u00bb, FQ1454-301, une chaussure de football de pointe con\u00e7ue pour la vitesse, la pr\u00e9cision et des performances in\u00e9gal\u00e9es sur terrain ferme. Avec son coloris dynamique et vibrant inspir\u00e9 des prismes, cette chaussure affirme votre style sur le terrain, c\u00e9l\u00e9brant l&rsquo;agilit\u00e9 et la r\u00e9activit\u00e9. Gr\u00e2ce \u00e0 la technologie Zoom Air de Nike, elle offre une propulsion explosive et un retour d&rsquo;\u00e9nergie instantan\u00e9 pour des d\u00e9marrages fulgurants dans les moments cruciaux. L&#8217;empeigne Flyknit \u00e9pouse parfaitement le pied, offrant un confort exceptionnel, une durabilit\u00e9 accrue et un contr\u00f4le optimal du ballon, tandis que le col Dynamic Fit assure un maintien s\u00fbr. La semelle, strat\u00e9giquement con\u00e7ue, am\u00e9liore l&rsquo;adh\u00e9rence et la stabilit\u00e9, faisant de cette chaussure un atout majeur pour les changements de direction rapides, les acc\u00e9l\u00e9rations et les mouvements multidirectionnels. La Nike Zoom Mercurial Superfly 10 Elite FG \u00ab\u00a0Prism Pack\u00a0\u00bb est con\u00e7ue pour les joueurs exigeants en mati\u00e8re de style et de performance. Elle allie innovation et design saisissant pour vous permettre d&rsquo;atteindre un niveau sup\u00e9rieur. Que vous soyez un professionnel ou une \u00e9toile montante, ces chaussures de football vous offrent le contr\u00f4le, le confort et la vitesse n\u00e9cessaires pour dominer chaque match. Am\u00e9liorez votre \u00e9quipement et faites sensation avec ce mod\u00e8le exceptionnel.<\/p>\n","protected":false},"excerpt":{"rendered":"<p>Nike Mercurial Superfly 10 Elite FG \u201d\u201d Ocean Cube\/Pink Blast<\/p>\n","protected":false},"featured_media":68277,"comment_status":"open","ping_status":"closed","template":"","meta":[],"product_brand":[],"product_cat":[10803],"product_tag":[11087,10801,10802,10986,10987,10758],"class_list":{"0":"post-68276","1":"product","2":"type-product","3":"status-publish","4":"has-post-thumbnail","6":"product_cat-nike","7":"product_tag-firm-ground-fg-football-boots","8":"product_tag-nike","9":"product_tag-performance-sport-shoes","10":"product_tag-soccer-shoes","11":"product_tag-soccer-shoes-football-cleats","12":"product_tag-under-retail","13":"wcpa_has_options","15":"first","16":"instock","17":"sale","18":"taxable","19":"shipping-taxable","20":"purchasable","21":"product-type-simple"},"wcpa_form_fields":{"rules":{"pric_overide_base_price":false,"pric_overide_base_price_if_gt_zero":false,"pric_overide_base_price_fully":false,"pric_cal_option_once":false,"pric_use_as_fee":false,"bind_quantity":false,"quantity_bind_formula":false},"fields":[{"type":"color-group","required":true,"elementId":"wcpa-color-group-66c4a75505e74","label":"Taille","inline":true,"priceOptions":"different_for_all","pricingType":"fixed","className":"hassizechart product-shoes-size-eu product-shoes-size","name":"color-group-66c4a75505e89","disp_type":"square","selection_type":"tick-border","disp_size":"44","show_label_inside":true,"adjust_width":true,"cart_display_type":"text","other_text":"Other","cl_rule":"show","col":6,"values":[{"label":"35.5","value":"EU 35.5","price":"","pimage":"","pimage_id":"","pthumb":"","color":""},{"label":"36","value":"EU 36","price":"","pimage":"","pimage_id":"","pthumb":"","color":"","selected":true},{"label":"36.5","value":"EU 36.5","price":"","pimage":"","pimage_id":"","pthumb":"","color":""},{"label":"37.5","value":"EU 37.5","price":"","pimage":"","pimage_id":"","pthumb":"","color":""},{"label":"38","value":"EU 38","price":"","pimage":"","pimage_id":"","pthumb":"","color":""},{"label":"38.5","value":"EU 38.5","price":"","pimage":"","pimage_id":"","pthumb":"","color":""},{"label":"39","value":"EU 39","price":"","pimage":"","pimage_id":"","pthumb":"","color":""},{"label":"40","value":"EU 40","price":"","pimage":"","pimage_id":"","pthumb":"","color":""},{"label":"40.5","value":"EU 40.5","price":"","pimage":"","pimage_id":"","pthumb":"","color":""},{"label":"41","value":"EU 41","price":"","pimage":"","pimage_id":"","pthumb":"","color":""},{"label":"42","value":"EU 42","price":"","pimage":"","pimage_id":"","pthumb":"","color":""},{"label":"42.5","value":"EU 42.5","price":"","pimage":"","pimage_id":"","pthumb":"","color":""},{"label":"43","value":"EU 43","price":"","pimage":"","pimage_id":"","pthumb":"","color":""},{"label":"44","value":"EU 44","price":"","pimage":"","pimage_id":"","pthumb":"","color":""},{"label":"44.5","value":"EU 44.5","price":"","pimage":"","pimage_id":"","pthumb":"","color":""},{"label":"45","value":"EU 45","price":"","pimage":"","pimage_id":"","pthumb":"","color":""},{"label":"45.5","value":"EU 45.5","price":"","pimage":"","pimage_id":"","pthumb":"","color":""},{"label":"46","value":"EU 46","price":"","pimage":"","pimage_id":"","pthumb":"","color":""},{"label":"47","value":"EU 47","price":"","pimage":"","pimage_id":"","pthumb":"","color":""},{"label":"47.5","value":"EU 47.5","price":"","pimage":"","pimage_id":"","pthumb":"","color":""},{"label":"48","value":"EU 48","price":"","pimage":"","pimage_id":"","pthumb":"","color":""}],"relations":[{"operator":false,"rules":[]}],"form_id":18106,"form_rules":{"pric_cal_option_once":false,"exclude_from_discount":false,"pric_use_as_fee":false,"fee_label":"Fee","render_after_acb":false,"disp_hide_options_price":false}}]},"yoast_head":"<!-- This site is optimized with the Yoast SEO plugin v26.5 - https:\/\/yoast.com\/wordpress\/plugins\/seo\/ -->\n<title>Nike Zoom Mercurial Superfly 10 Elite FG &#039;Prism Pack&#039; - TOURCRUISER PTE. LTD<\/title>\n<meta name=\"robots\" content=\"index, follow, max-snippet:-1, max-image-preview:large, max-video-preview:-1\" \/>\n<link rel=\"canonical\" href=\"https:\/\/tourcruiser.com\/fr\/products\/nike-zoom-mercurial-superfly-10-elite-fg-prism-pack\/\" \/>\n<meta property=\"og:locale\" content=\"fr_FR\" \/>\n<meta property=\"og:type\" content=\"article\" \/>\n<meta property=\"og:title\" content=\"Nike Zoom Mercurial Superfly 10 Elite FG &#039;Prism Pack&#039; - TOURCRUISER PTE. LTD\" \/>\n<meta property=\"og:description\" content=\"Nike Mercurial Superfly 10 Elite FG \u201d\u201d Ocean Cube\/Pink Blast\" \/>\n<meta property=\"og:url\" content=\"https:\/\/tourcruiser.com\/fr\/products\/nike-zoom-mercurial-superfly-10-elite-fg-prism-pack\/\" \/>\n<meta property=\"og:site_name\" content=\"Tourcruiser Sneaker Store\" \/>\n<meta property=\"article:modified_time\" content=\"2026-03-14T11:52:12+00:00\" \/>\n<meta name=\"twitter:card\" content=\"summary_large_image\" \/>\n<meta name=\"twitter:image\" content=\"https:\/\/images.novelship.com\/product\/nike_zoom_mercurial_superfly_10_elite_fg__prism_pa_0_94054.png\" \/>\n<meta name=\"twitter:label1\" content=\"Dur\u00e9e de lecture estim\u00e9e\" \/>\n\t<meta name=\"twitter:data1\" content=\"1 minute\" \/>\n<script type=\"application\/ld+json\" class=\"yoast-schema-graph\">{\"@context\":\"https:\/\/schema.org\",\"@graph\":[{\"@type\":\"WebPage\",\"@id\":\"https:\/\/tourcruiser.com\/fr\/products\/nike-zoom-mercurial-superfly-10-elite-fg-prism-pack\/\",\"url\":\"https:\/\/tourcruiser.com\/fr\/products\/nike-zoom-mercurial-superfly-10-elite-fg-prism-pack\/\",\"name\":\"Nike Zoom Mercurial Superfly 10 Elite FG 'Prism Pack' - TOURCRUISER PTE. LTD\",\"isPartOf\":{\"@id\":\"https:\/\/tourcruiser.com\/fr\/#website\"},\"primaryImageOfPage\":{\"@id\":\"https:\/\/tourcruiser.com\/fr\/products\/nike-zoom-mercurial-superfly-10-elite-fg-prism-pack\/#primaryimage\"},\"image\":{\"@id\":\"https:\/\/tourcruiser.com\/fr\/products\/nike-zoom-mercurial-superfly-10-elite-fg-prism-pack\/#primaryimage\"},\"thumbnailUrl\":\"https:\/\/images.novelship.com\/product\/nike_zoom_mercurial_superfly_10_elite_fg__prism_pa_0_94054.png\",\"datePublished\":\"2026-03-02T08:21:24+00:00\",\"dateModified\":\"2026-03-14T11:52:12+00:00\",\"breadcrumb\":{\"@id\":\"https:\/\/tourcruiser.com\/fr\/products\/nike-zoom-mercurial-superfly-10-elite-fg-prism-pack\/#breadcrumb\"},\"inLanguage\":\"fr-FR\",\"potentialAction\":[{\"@type\":\"ReadAction\",\"target\":[\"https:\/\/tourcruiser.com\/fr\/products\/nike-zoom-mercurial-superfly-10-elite-fg-prism-pack\/\"]}]},{\"@type\":\"ImageObject\",\"inLanguage\":\"fr-FR\",\"@id\":\"https:\/\/tourcruiser.com\/fr\/products\/nike-zoom-mercurial-superfly-10-elite-fg-prism-pack\/#primaryimage\",\"url\":\"https:\/\/images.novelship.com\/product\/nike_zoom_mercurial_superfly_10_elite_fg__prism_pa_0_94054.png\",\"contentUrl\":\"https:\/\/images.novelship.com\/product\/nike_zoom_mercurial_superfly_10_elite_fg__prism_pa_0_94054.png\"},{\"@type\":\"BreadcrumbList\",\"@id\":\"https:\/\/tourcruiser.com\/fr\/products\/nike-zoom-mercurial-superfly-10-elite-fg-prism-pack\/#breadcrumb\",\"itemListElement\":[{\"@type\":\"ListItem\",\"position\":1,\"name\":\"Home\",\"item\":\"https:\/\/tourcruiser.com\/fr\/\"},{\"@type\":\"ListItem\",\"position\":2,\"name\":\"Shop\",\"item\":\"https:\/\/tourcruiser.com\/fr\/shop\/\"},{\"@type\":\"ListItem\",\"position\":3,\"name\":\"Nike Zoom Mercurial Superfly 10 Elite FG 'Prism Pack'\"}]},{\"@type\":\"WebSite\",\"@id\":\"https:\/\/tourcruiser.com\/fr\/#website\",\"url\":\"https:\/\/tourcruiser.com\/fr\/\",\"name\":\"Styloral Jewelry Shop\",\"description\":\"Tourcruiser Sneaker Store \u2014 L\u2019endroit o\u00f9 l\u2019univers rencontre votre singularit\u00e9.\",\"publisher\":{\"@id\":\"https:\/\/tourcruiser.com\/fr\/#organization\"},\"potentialAction\":[{\"@type\":\"SearchAction\",\"target\":{\"@type\":\"EntryPoint\",\"urlTemplate\":\"https:\/\/tourcruiser.com\/fr\/?s={search_term_string}\"},\"query-input\":{\"@type\":\"PropertyValueSpecification\",\"valueRequired\":true,\"valueName\":\"search_term_string\"}}],\"inLanguage\":\"fr-FR\"},{\"@type\":\"Organization\",\"@id\":\"https:\/\/tourcruiser.com\/fr\/#organization\",\"name\":\"STYLORAL PTE. LTD\",\"url\":\"https:\/\/tourcruiser.com\/fr\/\",\"logo\":{\"@type\":\"ImageObject\",\"inLanguage\":\"fr-FR\",\"@id\":\"https:\/\/tourcruiser.com\/fr\/#\/schema\/logo\/image\/\",\"url\":\"https:\/\/www.tourcruiser.com\/wp-content\/uploads\/2025\/12\/logo.png\",\"contentUrl\":\"https:\/\/www.tourcruiser.com\/wp-content\/uploads\/2025\/12\/logo.png\",\"width\":200,\"height\":65,\"caption\":\"STYLORAL PTE. LTD\"},\"image\":{\"@id\":\"https:\/\/tourcruiser.com\/fr\/#\/schema\/logo\/image\/\"}}]}<\/script>\n<!-- \/ Yoast SEO plugin. -->","yoast_head_json":{"title":"Nike Zoom Mercurial Superfly 10 Elite FG 'Prism Pack' - TOURCRUISER PTE. LTD","robots":{"index":"index","follow":"follow","max-snippet":"max-snippet:-1","max-image-preview":"max-image-preview:large","max-video-preview":"max-video-preview:-1"},"canonical":"https:\/\/tourcruiser.com\/fr\/products\/nike-zoom-mercurial-superfly-10-elite-fg-prism-pack\/","og_locale":"fr_FR","og_type":"article","og_title":"Nike Zoom Mercurial Superfly 10 Elite FG 'Prism Pack' - TOURCRUISER PTE. LTD","og_description":"Nike Mercurial Superfly 10 Elite FG \u201d\u201d Ocean Cube\/Pink Blast","og_url":"https:\/\/tourcruiser.com\/fr\/products\/nike-zoom-mercurial-superfly-10-elite-fg-prism-pack\/","og_site_name":"Tourcruiser Sneaker Store","article_modified_time":"2026-03-14T11:52:12+00:00","twitter_card":"summary_large_image","twitter_image":"https:\/\/images.novelship.com\/product\/nike_zoom_mercurial_superfly_10_elite_fg__prism_pa_0_94054.png","twitter_misc":{"Dur\u00e9e de lecture estim\u00e9e":"1 minute"},"schema":{"@context":"https:\/\/schema.org","@graph":[{"@type":"WebPage","@id":"https:\/\/tourcruiser.com\/fr\/products\/nike-zoom-mercurial-superfly-10-elite-fg-prism-pack\/","url":"https:\/\/tourcruiser.com\/fr\/products\/nike-zoom-mercurial-superfly-10-elite-fg-prism-pack\/","name":"Nike Zoom Mercurial Superfly 10 Elite FG 'Prism Pack' - TOURCRUISER PTE. LTD","isPartOf":{"@id":"https:\/\/tourcruiser.com\/fr\/#website"},"primaryImageOfPage":{"@id":"https:\/\/tourcruiser.com\/fr\/products\/nike-zoom-mercurial-superfly-10-elite-fg-prism-pack\/#primaryimage"},"image":{"@id":"https:\/\/tourcruiser.com\/fr\/products\/nike-zoom-mercurial-superfly-10-elite-fg-prism-pack\/#primaryimage"},"thumbnailUrl":"https:\/\/images.novelship.com\/product\/nike_zoom_mercurial_superfly_10_elite_fg__prism_pa_0_94054.png","datePublished":"2026-03-02T08:21:24+00:00","dateModified":"2026-03-14T11:52:12+00:00","breadcrumb":{"@id":"https:\/\/tourcruiser.com\/fr\/products\/nike-zoom-mercurial-superfly-10-elite-fg-prism-pack\/#breadcrumb"},"inLanguage":"fr-FR","potentialAction":[{"@type":"ReadAction","target":["https:\/\/tourcruiser.com\/fr\/products\/nike-zoom-mercurial-superfly-10-elite-fg-prism-pack\/"]}]},{"@type":"ImageObject","inLanguage":"fr-FR","@id":"https:\/\/tourcruiser.com\/fr\/products\/nike-zoom-mercurial-superfly-10-elite-fg-prism-pack\/#primaryimage","url":"https:\/\/images.novelship.com\/product\/nike_zoom_mercurial_superfly_10_elite_fg__prism_pa_0_94054.png","contentUrl":"https:\/\/images.novelship.com\/product\/nike_zoom_mercurial_superfly_10_elite_fg__prism_pa_0_94054.png"},{"@type":"BreadcrumbList","@id":"https:\/\/tourcruiser.com\/fr\/products\/nike-zoom-mercurial-superfly-10-elite-fg-prism-pack\/#breadcrumb","itemListElement":[{"@type":"ListItem","position":1,"name":"Home","item":"https:\/\/tourcruiser.com\/fr\/"},{"@type":"ListItem","position":2,"name":"Shop","item":"https:\/\/tourcruiser.com\/fr\/shop\/"},{"@type":"ListItem","position":3,"name":"Nike Zoom Mercurial Superfly 10 Elite FG 'Prism Pack'"}]},{"@type":"WebSite","@id":"https:\/\/tourcruiser.com\/fr\/#website","url":"https:\/\/tourcruiser.com\/fr\/","name":"Styloral Jewelry Shop","description":"Tourcruiser Sneaker Store \u2014 L\u2019endroit o\u00f9 l\u2019univers rencontre votre singularit\u00e9.","publisher":{"@id":"https:\/\/tourcruiser.com\/fr\/#organization"},"potentialAction":[{"@type":"SearchAction","target":{"@type":"EntryPoint","urlTemplate":"https:\/\/tourcruiser.com\/fr\/?s={search_term_string}"},"query-input":{"@type":"PropertyValueSpecification","valueRequired":true,"valueName":"search_term_string"}}],"inLanguage":"fr-FR"},{"@type":"Organization","@id":"https:\/\/tourcruiser.com\/fr\/#organization","name":"STYLORAL PTE. LTD","url":"https:\/\/tourcruiser.com\/fr\/","logo":{"@type":"ImageObject","inLanguage":"fr-FR","@id":"https:\/\/tourcruiser.com\/fr\/#\/schema\/logo\/image\/","url":"https:\/\/www.tourcruiser.com\/wp-content\/uploads\/2025\/12\/logo.png","contentUrl":"https:\/\/www.tourcruiser.com\/wp-content\/uploads\/2025\/12\/logo.png","width":200,"height":65,"caption":"STYLORAL PTE. LTD"},"image":{"@id":"https:\/\/tourcruiser.com\/fr\/#\/schema\/logo\/image\/"}}]}},"_links":{"self":[{"href":"https:\/\/tourcruiser.com\/fr\/wp-json\/wp\/v2\/product\/68276","targetHints":{"allow":["GET"]}}],"collection":[{"href":"https:\/\/tourcruiser.com\/fr\/wp-json\/wp\/v2\/product"}],"about":[{"href":"https:\/\/tourcruiser.com\/fr\/wp-json\/wp\/v2\/types\/product"}],"replies":[{"embeddable":true,"href":"https:\/\/tourcruiser.com\/fr\/wp-json\/wp\/v2\/comments?post=68276"}],"wp:featuredmedia":[{"embeddable":true,"href":"https:\/\/tourcruiser.com\/fr\/wp-json\/wp\/v2\/media\/68277"}],"wp:attachment":[{"href":"https:\/\/tourcruiser.com\/fr\/wp-json\/wp\/v2\/media?parent=68276"}],"wp:term":[{"taxonomy":"product_brand","embeddable":true,"href":"https:\/\/tourcruiser.com\/fr\/wp-json\/wp\/v2\/product_brand?post=68276"},{"taxonomy":"product_cat","embeddable":true,"href":"https:\/\/tourcruiser.com\/fr\/wp-json\/wp\/v2\/product_cat?post=68276"},{"taxonomy":"product_tag","embeddable":true,"href":"https:\/\/tourcruiser.com\/fr\/wp-json\/wp\/v2\/product_tag?post=68276"}],"curies":[{"name":"wp","href":"https:\/\/api.w.org\/{rel}","templated":true}]}}