{"id":59171,"date":"2026-03-02T15:19:27","date_gmt":"2026-03-02T08:19:27","guid":{"rendered":"http:\/\/tourcruiser.com\/product\/the-powerpuff-girls-x-nike-dunk-low-pro-sb-qs-bubbles"},"modified":"2026-03-14T18:50:09","modified_gmt":"2026-03-14T11:50:09","slug":"the-powerpuff-girls-x-nike-dunk-low-pro-sb-qs-bubbles","status":"publish","type":"product","link":"https:\/\/tourcruiser.com\/fr\/products\/the-powerpuff-girls-x-nike-dunk-low-pro-sb-qs-bubbles\/","title":{"rendered":"The Powerpuff Girls x Nike Dunk Low Pro SB QS &lsquo;Bubbles&rsquo;"},"content":{"rendered":"<p>Avis aux fans de sneakers et aux amoureux des Super Nanas\u00a0! La Nike Dunk Low Pro SB QS \u00ab\u00a0Bubbles\u00a0\u00bb FZ8320-400 est un incontournable de votre collection. Cette sneaker en \u00e9dition limit\u00e9e, aux couleurs bleu et rose \u00e9clatantes inspir\u00e9es des bulles, est confectionn\u00e9e avec des mat\u00e9riaux haut de gamme comme une empeigne en cuir grain\u00e9 et un col en mesh doux. La semelle ext\u00e9rieure en caoutchouc r\u00e9sistant, dot\u00e9e d&rsquo;une adh\u00e9rence optimale, garantit un confort maximal et une excellente traction. Affirmez votre style et r\u00e9v\u00e9lez la super-h\u00e9ro\u00efne qui sommeille en vous avec ces Nike Dunk l\u00e9gendaires, parfaites pour le skate ou vos aventures quotidiennes. Coloris\u00a0: Bleu Glac\u00e9\/Bleu Royal Profond\/Rose Vif. Code article\u00a0: FZ8320-400. Empeigne\u00a0: Daim. Semelle interm\u00e9diaire\u00a0: Zoom Air.<\/p>\n","protected":false},"excerpt":{"rendered":"<p>Nike Dunk Low Pro SB QS \u201d\u201d Blue Chill\/Deep Royal Blue\/Active Pink<\/p>\n","protected":false},"featured_media":59172,"comment_status":"open","ping_status":"closed","template":"","meta":[],"product_brand":[],"product_cat":[10803],"product_tag":[10753,11434,10801,10900,10802,11153],"class_list":{"0":"post-59171","1":"product","2":"type-product","3":"status-publish","4":"has-post-thumbnail","6":"product_cat-nike","7":"product_tag-gift-for-him","8":"product_tag-low-top-skateboard-shoes","9":"product_tag-nike","10":"product_tag-nike-skateboarding-shoes","11":"product_tag-performance-sport-shoes","12":"product_tag-skateboard-shoes","13":"wcpa_has_options","15":"first","16":"instock","17":"taxable","18":"shipping-taxable","19":"purchasable","20":"product-type-simple"},"wcpa_form_fields":{"rules":{"pric_overide_base_price":false,"pric_overide_base_price_if_gt_zero":false,"pric_overide_base_price_fully":false,"pric_cal_option_once":false,"pric_use_as_fee":false,"bind_quantity":false,"quantity_bind_formula":false},"fields":[{"type":"color-group","required":true,"elementId":"wcpa-color-group-66c4a75505e74","label":"Taille","inline":true,"priceOptions":"different_for_all","pricingType":"fixed","className":"hassizechart product-shoes-size-eu product-shoes-size","name":"color-group-66c4a75505e89","disp_type":"square","selection_type":"tick-border","disp_size":"44","show_label_inside":true,"adjust_width":true,"cart_display_type":"text","other_text":"Other","cl_rule":"show","col":6,"values":[{"label":"35.5","value":"EU 35.5","price":"","pimage":"","pimage_id":"","pthumb":"","color":""},{"label":"36","value":"EU 36","price":"","pimage":"","pimage_id":"","pthumb":"","color":"","selected":true},{"label":"36.5","value":"EU 36.5","price":"","pimage":"","pimage_id":"","pthumb":"","color":""},{"label":"37.5","value":"EU 37.5","price":"","pimage":"","pimage_id":"","pthumb":"","color":""},{"label":"38","value":"EU 38","price":"","pimage":"","pimage_id":"","pthumb":"","color":""},{"label":"38.5","value":"EU 38.5","price":"","pimage":"","pimage_id":"","pthumb":"","color":""},{"label":"39","value":"EU 39","price":"","pimage":"","pimage_id":"","pthumb":"","color":""},{"label":"40","value":"EU 40","price":"","pimage":"","pimage_id":"","pthumb":"","color":""},{"label":"40.5","value":"EU 40.5","price":"","pimage":"","pimage_id":"","pthumb":"","color":""},{"label":"41","value":"EU 41","price":"","pimage":"","pimage_id":"","pthumb":"","color":""},{"label":"42","value":"EU 42","price":"","pimage":"","pimage_id":"","pthumb":"","color":""},{"label":"42.5","value":"EU 42.5","price":"","pimage":"","pimage_id":"","pthumb":"","color":""},{"label":"43","value":"EU 43","price":"","pimage":"","pimage_id":"","pthumb":"","color":""},{"label":"44","value":"EU 44","price":"","pimage":"","pimage_id":"","pthumb":"","color":""},{"label":"44.5","value":"EU 44.5","price":"","pimage":"","pimage_id":"","pthumb":"","color":""},{"label":"45","value":"EU 45","price":"","pimage":"","pimage_id":"","pthumb":"","color":""},{"label":"45.5","value":"EU 45.5","price":"","pimage":"","pimage_id":"","pthumb":"","color":""},{"label":"46","value":"EU 46","price":"","pimage":"","pimage_id":"","pthumb":"","color":""},{"label":"47","value":"EU 47","price":"","pimage":"","pimage_id":"","pthumb":"","color":""},{"label":"47.5","value":"EU 47.5","price":"","pimage":"","pimage_id":"","pthumb":"","color":""},{"label":"48","value":"EU 48","price":"","pimage":"","pimage_id":"","pthumb":"","color":""}],"relations":[{"operator":false,"rules":[]}],"form_id":18106,"form_rules":{"pric_cal_option_once":false,"exclude_from_discount":false,"pric_use_as_fee":false,"fee_label":"Fee","render_after_acb":false,"disp_hide_options_price":false}}]},"yoast_head":"<!-- This site is optimized with the Yoast SEO plugin v26.5 - https:\/\/yoast.com\/wordpress\/plugins\/seo\/ -->\n<title>The Powerpuff Girls x Nike Dunk Low Pro SB QS &#039;Bubbles&#039; - TOURCRUISER PTE. LTD<\/title>\n<meta name=\"robots\" content=\"index, follow, max-snippet:-1, max-image-preview:large, max-video-preview:-1\" \/>\n<link rel=\"canonical\" href=\"https:\/\/tourcruiser.com\/fr\/products\/the-powerpuff-girls-x-nike-dunk-low-pro-sb-qs-bubbles\/\" \/>\n<meta property=\"og:locale\" content=\"fr_FR\" \/>\n<meta property=\"og:type\" content=\"article\" \/>\n<meta property=\"og:title\" content=\"The Powerpuff Girls x Nike Dunk Low Pro SB QS &#039;Bubbles&#039; - TOURCRUISER PTE. LTD\" \/>\n<meta property=\"og:description\" content=\"Nike Dunk Low Pro SB QS \u201d\u201d Blue Chill\/Deep Royal Blue\/Active Pink\" \/>\n<meta property=\"og:url\" content=\"https:\/\/tourcruiser.com\/fr\/products\/the-powerpuff-girls-x-nike-dunk-low-pro-sb-qs-bubbles\/\" \/>\n<meta property=\"og:site_name\" content=\"Tourcruiser Sneaker Store\" \/>\n<meta property=\"article:modified_time\" content=\"2026-03-14T11:50:09+00:00\" \/>\n<meta name=\"twitter:card\" content=\"summary_large_image\" \/>\n<meta name=\"twitter:image\" content=\"https:\/\/images.novelship.com\/product\/the_powerpuff_girls_x_nike_dunk_low_pro_sb_qs__bub_0_53032.jpeg\" \/>\n<meta name=\"twitter:label1\" content=\"Dur\u00e9e de lecture estim\u00e9e\" \/>\n\t<meta name=\"twitter:data1\" content=\"1 minute\" \/>\n<script type=\"application\/ld+json\" class=\"yoast-schema-graph\">{\"@context\":\"https:\/\/schema.org\",\"@graph\":[{\"@type\":\"WebPage\",\"@id\":\"https:\/\/tourcruiser.com\/fr\/products\/the-powerpuff-girls-x-nike-dunk-low-pro-sb-qs-bubbles\/\",\"url\":\"https:\/\/tourcruiser.com\/fr\/products\/the-powerpuff-girls-x-nike-dunk-low-pro-sb-qs-bubbles\/\",\"name\":\"The Powerpuff Girls x Nike Dunk Low Pro SB QS 'Bubbles' - TOURCRUISER PTE. LTD\",\"isPartOf\":{\"@id\":\"https:\/\/tourcruiser.com\/fr\/#website\"},\"primaryImageOfPage\":{\"@id\":\"https:\/\/tourcruiser.com\/fr\/products\/the-powerpuff-girls-x-nike-dunk-low-pro-sb-qs-bubbles\/#primaryimage\"},\"image\":{\"@id\":\"https:\/\/tourcruiser.com\/fr\/products\/the-powerpuff-girls-x-nike-dunk-low-pro-sb-qs-bubbles\/#primaryimage\"},\"thumbnailUrl\":\"https:\/\/images.novelship.com\/product\/the_powerpuff_girls_x_nike_dunk_low_pro_sb_qs__bub_0_53032.jpeg\",\"datePublished\":\"2026-03-02T08:19:27+00:00\",\"dateModified\":\"2026-03-14T11:50:09+00:00\",\"breadcrumb\":{\"@id\":\"https:\/\/tourcruiser.com\/fr\/products\/the-powerpuff-girls-x-nike-dunk-low-pro-sb-qs-bubbles\/#breadcrumb\"},\"inLanguage\":\"fr-FR\",\"potentialAction\":[{\"@type\":\"ReadAction\",\"target\":[\"https:\/\/tourcruiser.com\/fr\/products\/the-powerpuff-girls-x-nike-dunk-low-pro-sb-qs-bubbles\/\"]}]},{\"@type\":\"ImageObject\",\"inLanguage\":\"fr-FR\",\"@id\":\"https:\/\/tourcruiser.com\/fr\/products\/the-powerpuff-girls-x-nike-dunk-low-pro-sb-qs-bubbles\/#primaryimage\",\"url\":\"https:\/\/images.novelship.com\/product\/the_powerpuff_girls_x_nike_dunk_low_pro_sb_qs__bub_0_53032.jpeg\",\"contentUrl\":\"https:\/\/images.novelship.com\/product\/the_powerpuff_girls_x_nike_dunk_low_pro_sb_qs__bub_0_53032.jpeg\"},{\"@type\":\"BreadcrumbList\",\"@id\":\"https:\/\/tourcruiser.com\/fr\/products\/the-powerpuff-girls-x-nike-dunk-low-pro-sb-qs-bubbles\/#breadcrumb\",\"itemListElement\":[{\"@type\":\"ListItem\",\"position\":1,\"name\":\"Home\",\"item\":\"https:\/\/tourcruiser.com\/fr\/\"},{\"@type\":\"ListItem\",\"position\":2,\"name\":\"Shop\",\"item\":\"https:\/\/tourcruiser.com\/fr\/shop\/\"},{\"@type\":\"ListItem\",\"position\":3,\"name\":\"The Powerpuff Girls x Nike Dunk Low Pro SB QS 'Bubbles'\"}]},{\"@type\":\"WebSite\",\"@id\":\"https:\/\/tourcruiser.com\/fr\/#website\",\"url\":\"https:\/\/tourcruiser.com\/fr\/\",\"name\":\"Styloral Jewelry Shop\",\"description\":\"Tourcruiser Sneaker Store \u2014 L\u2019endroit o\u00f9 l\u2019univers rencontre votre singularit\u00e9.\",\"publisher\":{\"@id\":\"https:\/\/tourcruiser.com\/fr\/#organization\"},\"potentialAction\":[{\"@type\":\"SearchAction\",\"target\":{\"@type\":\"EntryPoint\",\"urlTemplate\":\"https:\/\/tourcruiser.com\/fr\/?s={search_term_string}\"},\"query-input\":{\"@type\":\"PropertyValueSpecification\",\"valueRequired\":true,\"valueName\":\"search_term_string\"}}],\"inLanguage\":\"fr-FR\"},{\"@type\":\"Organization\",\"@id\":\"https:\/\/tourcruiser.com\/fr\/#organization\",\"name\":\"STYLORAL PTE. LTD\",\"url\":\"https:\/\/tourcruiser.com\/fr\/\",\"logo\":{\"@type\":\"ImageObject\",\"inLanguage\":\"fr-FR\",\"@id\":\"https:\/\/tourcruiser.com\/fr\/#\/schema\/logo\/image\/\",\"url\":\"https:\/\/www.tourcruiser.com\/wp-content\/uploads\/2025\/12\/logo.png\",\"contentUrl\":\"https:\/\/www.tourcruiser.com\/wp-content\/uploads\/2025\/12\/logo.png\",\"width\":200,\"height\":65,\"caption\":\"STYLORAL PTE. LTD\"},\"image\":{\"@id\":\"https:\/\/tourcruiser.com\/fr\/#\/schema\/logo\/image\/\"}}]}<\/script>\n<!-- \/ Yoast SEO plugin. -->","yoast_head_json":{"title":"The Powerpuff Girls x Nike Dunk Low Pro SB QS 'Bubbles' - TOURCRUISER PTE. LTD","robots":{"index":"index","follow":"follow","max-snippet":"max-snippet:-1","max-image-preview":"max-image-preview:large","max-video-preview":"max-video-preview:-1"},"canonical":"https:\/\/tourcruiser.com\/fr\/products\/the-powerpuff-girls-x-nike-dunk-low-pro-sb-qs-bubbles\/","og_locale":"fr_FR","og_type":"article","og_title":"The Powerpuff Girls x Nike Dunk Low Pro SB QS 'Bubbles' - TOURCRUISER PTE. LTD","og_description":"Nike Dunk Low Pro SB QS \u201d\u201d Blue Chill\/Deep Royal Blue\/Active Pink","og_url":"https:\/\/tourcruiser.com\/fr\/products\/the-powerpuff-girls-x-nike-dunk-low-pro-sb-qs-bubbles\/","og_site_name":"Tourcruiser Sneaker Store","article_modified_time":"2026-03-14T11:50:09+00:00","twitter_card":"summary_large_image","twitter_image":"https:\/\/images.novelship.com\/product\/the_powerpuff_girls_x_nike_dunk_low_pro_sb_qs__bub_0_53032.jpeg","twitter_misc":{"Dur\u00e9e de lecture estim\u00e9e":"1 minute"},"schema":{"@context":"https:\/\/schema.org","@graph":[{"@type":"WebPage","@id":"https:\/\/tourcruiser.com\/fr\/products\/the-powerpuff-girls-x-nike-dunk-low-pro-sb-qs-bubbles\/","url":"https:\/\/tourcruiser.com\/fr\/products\/the-powerpuff-girls-x-nike-dunk-low-pro-sb-qs-bubbles\/","name":"The Powerpuff Girls x Nike Dunk Low Pro SB QS 'Bubbles' - TOURCRUISER PTE. LTD","isPartOf":{"@id":"https:\/\/tourcruiser.com\/fr\/#website"},"primaryImageOfPage":{"@id":"https:\/\/tourcruiser.com\/fr\/products\/the-powerpuff-girls-x-nike-dunk-low-pro-sb-qs-bubbles\/#primaryimage"},"image":{"@id":"https:\/\/tourcruiser.com\/fr\/products\/the-powerpuff-girls-x-nike-dunk-low-pro-sb-qs-bubbles\/#primaryimage"},"thumbnailUrl":"https:\/\/images.novelship.com\/product\/the_powerpuff_girls_x_nike_dunk_low_pro_sb_qs__bub_0_53032.jpeg","datePublished":"2026-03-02T08:19:27+00:00","dateModified":"2026-03-14T11:50:09+00:00","breadcrumb":{"@id":"https:\/\/tourcruiser.com\/fr\/products\/the-powerpuff-girls-x-nike-dunk-low-pro-sb-qs-bubbles\/#breadcrumb"},"inLanguage":"fr-FR","potentialAction":[{"@type":"ReadAction","target":["https:\/\/tourcruiser.com\/fr\/products\/the-powerpuff-girls-x-nike-dunk-low-pro-sb-qs-bubbles\/"]}]},{"@type":"ImageObject","inLanguage":"fr-FR","@id":"https:\/\/tourcruiser.com\/fr\/products\/the-powerpuff-girls-x-nike-dunk-low-pro-sb-qs-bubbles\/#primaryimage","url":"https:\/\/images.novelship.com\/product\/the_powerpuff_girls_x_nike_dunk_low_pro_sb_qs__bub_0_53032.jpeg","contentUrl":"https:\/\/images.novelship.com\/product\/the_powerpuff_girls_x_nike_dunk_low_pro_sb_qs__bub_0_53032.jpeg"},{"@type":"BreadcrumbList","@id":"https:\/\/tourcruiser.com\/fr\/products\/the-powerpuff-girls-x-nike-dunk-low-pro-sb-qs-bubbles\/#breadcrumb","itemListElement":[{"@type":"ListItem","position":1,"name":"Home","item":"https:\/\/tourcruiser.com\/fr\/"},{"@type":"ListItem","position":2,"name":"Shop","item":"https:\/\/tourcruiser.com\/fr\/shop\/"},{"@type":"ListItem","position":3,"name":"The Powerpuff Girls x Nike Dunk Low Pro SB QS 'Bubbles'"}]},{"@type":"WebSite","@id":"https:\/\/tourcruiser.com\/fr\/#website","url":"https:\/\/tourcruiser.com\/fr\/","name":"Styloral Jewelry Shop","description":"Tourcruiser Sneaker Store \u2014 L\u2019endroit o\u00f9 l\u2019univers rencontre votre singularit\u00e9.","publisher":{"@id":"https:\/\/tourcruiser.com\/fr\/#organization"},"potentialAction":[{"@type":"SearchAction","target":{"@type":"EntryPoint","urlTemplate":"https:\/\/tourcruiser.com\/fr\/?s={search_term_string}"},"query-input":{"@type":"PropertyValueSpecification","valueRequired":true,"valueName":"search_term_string"}}],"inLanguage":"fr-FR"},{"@type":"Organization","@id":"https:\/\/tourcruiser.com\/fr\/#organization","name":"STYLORAL PTE. LTD","url":"https:\/\/tourcruiser.com\/fr\/","logo":{"@type":"ImageObject","inLanguage":"fr-FR","@id":"https:\/\/tourcruiser.com\/fr\/#\/schema\/logo\/image\/","url":"https:\/\/www.tourcruiser.com\/wp-content\/uploads\/2025\/12\/logo.png","contentUrl":"https:\/\/www.tourcruiser.com\/wp-content\/uploads\/2025\/12\/logo.png","width":200,"height":65,"caption":"STYLORAL PTE. LTD"},"image":{"@id":"https:\/\/tourcruiser.com\/fr\/#\/schema\/logo\/image\/"}}]}},"_links":{"self":[{"href":"https:\/\/tourcruiser.com\/fr\/wp-json\/wp\/v2\/product\/59171","targetHints":{"allow":["GET"]}}],"collection":[{"href":"https:\/\/tourcruiser.com\/fr\/wp-json\/wp\/v2\/product"}],"about":[{"href":"https:\/\/tourcruiser.com\/fr\/wp-json\/wp\/v2\/types\/product"}],"replies":[{"embeddable":true,"href":"https:\/\/tourcruiser.com\/fr\/wp-json\/wp\/v2\/comments?post=59171"}],"wp:featuredmedia":[{"embeddable":true,"href":"https:\/\/tourcruiser.com\/fr\/wp-json\/wp\/v2\/media\/59172"}],"wp:attachment":[{"href":"https:\/\/tourcruiser.com\/fr\/wp-json\/wp\/v2\/media?parent=59171"}],"wp:term":[{"taxonomy":"product_brand","embeddable":true,"href":"https:\/\/tourcruiser.com\/fr\/wp-json\/wp\/v2\/product_brand?post=59171"},{"taxonomy":"product_cat","embeddable":true,"href":"https:\/\/tourcruiser.com\/fr\/wp-json\/wp\/v2\/product_cat?post=59171"},{"taxonomy":"product_tag","embeddable":true,"href":"https:\/\/tourcruiser.com\/fr\/wp-json\/wp\/v2\/product_tag?post=59171"}],"curies":[{"name":"wp","href":"https:\/\/api.w.org\/{rel}","templated":true}]}}