{"id":56332,"date":"2026-03-02T15:17:10","date_gmt":"2026-03-02T08:17:10","guid":{"rendered":"http:\/\/tourcruiser.com\/product\/women-new-balance-fresh-foam-x-more-v5-wide-pearl-grey-calcium"},"modified":"2026-03-14T18:46:37","modified_gmt":"2026-03-14T11:46:37","slug":"women-new-balance-fresh-foam-x-more-v5-wide-pearl-grey-calcium","status":"publish","type":"product","link":"https:\/\/tourcruiser.com\/fr\/products\/women-new-balance-fresh-foam-x-more-v5-wide-pearl-grey-calcium\/","title":{"rendered":"(Women) New Balance Fresh Foam X More v5 Wide &lsquo;Pearl Grey Calcium&rsquo;"},"content":{"rendered":"<p>D\u00e9couvrez un confort in\u00e9gal\u00e9 et un maintien optimal avec la New Balance Fresh Foam X More v5 Wide \u00ab\u00a0Gris Perle Calcium\u00a0\u00bb pour femme\u00a0: une chaussure qui optimise vos performances en course \u00e0 pied. Gr\u00e2ce \u00e0 sa semelle interm\u00e9diaire Fresh Foam X ultra-amortissante, elle offre un amorti confortable et dynamique, id\u00e9ale pour les longues distances, les entra\u00eenements quotidiens ou au quotidien. Sa coupe large s&rsquo;adapte \u00e0 toutes les morphologies de pieds, pour un maintien optimal sans compromis sur le style ni la fonctionnalit\u00e9. L&#8217;empeigne en mesh respirant, \u00e9l\u00e9gante dans ses coloris gris perle et calcium, cr\u00e9e un look moderne et styl\u00e9 tout en gardant vos pieds au frais. La semelle ext\u00e9rieure en caoutchouc r\u00e9sistant offre une excellente adh\u00e9rence et une grande stabilit\u00e9 sur tous les terrains, vous permettant d&rsquo;affronter tous les styles en toute confiance. Que vous soyez une athl\u00e8te confirm\u00e9e ou d\u00e9butante, la New Balance Fresh Foam X More v5 Wide allie technologie de pointe et confort sup\u00e9rieur, pour un maintien optimal et une \u00e9nergie renouvel\u00e9e \u00e0 chaque foul\u00e9e. Couleur\u00a0: Gris perle\/Averse cr\u00e9pusculaire\/Calcium Code article\u00a0: WMORCE5-D Tige\u00a0: Mesh Semelle interm\u00e9diaire\u00a0: Fresh Foam X Couleur\u00a0: Gris Saison\u00a0: \u00c9t\u00e9 Ann\u00e9e de sortie\u00a0: 2024<\/p>\n","protected":false},"excerpt":{"rendered":"<p>New Balance Fresh Foam X More v5 Wide \u201d\u201d Pearl Grey\/Dusk Shower\/Calcium<\/p>\n","protected":false},"featured_media":56333,"comment_status":"open","ping_status":"closed","template":"","meta":[],"product_brand":[],"product_cat":[11302],"product_tag":[10838,10766,10839,10802,10840,10758],"class_list":{"0":"post-56332","1":"product","2":"type-product","3":"status-publish","4":"has-post-thumbnail","6":"product_cat-new-balance-women","7":"product_tag-max-cushion-cushioned-running-shoes","8":"product_tag-new-balance","9":"product_tag-performance-running-shoes","10":"product_tag-performance-sport-shoes","11":"product_tag-running-shoes","12":"product_tag-under-retail","13":"wcpa_has_options","15":"first","16":"instock","17":"taxable","18":"shipping-taxable","19":"purchasable","20":"product-type-simple"},"wcpa_form_fields":{"rules":{"pric_overide_base_price":false,"pric_overide_base_price_if_gt_zero":false,"pric_overide_base_price_fully":false,"pric_cal_option_once":false,"pric_use_as_fee":false,"bind_quantity":false,"quantity_bind_formula":false},"fields":[{"type":"color-group","required":true,"elementId":"wcpa-color-group-66c4a928225d2","label":"Taille","inline":true,"priceOptions":"different_for_all","pricingType":"fixed","className":"hassizechart product-shoes-size-eu product-shoes-size","name":"color-group-66c4a928225e2","disp_type":"square","selection_type":"tick-border","disp_size":"50","show_label_inside":true,"adjust_width":true,"cart_display_type":"text","other_text":"Other","cl_rule":"show","col":6,"values":[{"label":"35","value":"EU 35","price":"","pimage":"","pimage_id":"","pthumb":"","color":""},{"label":"36","value":"EU 36","price":"","pimage":"","pimage_id":"","pthumb":"","color":"","selected":true},{"label":"37","value":"EU 37","price":"","pimage":"","pimage_id":"","pthumb":"","color":""},{"label":"37.5","value":"EU 37.5","price":"","pimage":"","pimage_id":"","pthumb":"","color":""},{"label":"38","value":"EU 38","price":"","pimage":"","pimage_id":"","pthumb":"","color":""},{"label":"38.5","value":"EU 38.5","price":"","pimage":"","pimage_id":"","pthumb":"","color":""},{"label":"39","value":"EU 39","price":"","pimage":"","pimage_id":"","pthumb":"","color":""},{"label":"39.5","value":"EU 39.5","price":"","pimage":"","pimage_id":"","pthumb":"","color":""},{"label":"40","value":"EU 40","price":"","pimage":"","pimage_id":"","pthumb":"","color":""},{"label":"40.5","value":"EU 40.5","price":"","pimage":"","pimage_id":"","pthumb":"","color":""},{"label":" 41.5","value":"EU 41.5","price":"","pimage":"","pimage_id":"","pthumb":"","color":""},{"label":"42","value":"EU 42","price":"","pimage":"","pimage_id":"","pthumb":"","color":""},{"label":"42.5","value":"EU 42.5","price":"","pimage":"","pimage_id":"","pthumb":"","color":""},{"label":"43","value":"EU 43","price":"","pimage":"","pimage_id":"","pthumb":"","color":""},{"label":"44","value":"EU 44","price":"","pimage":"","pimage_id":"","pthumb":"","color":""},{"label":"44.5","value":"EU 44.5","price":"","pimage":"","pimage_id":"","pthumb":"","color":""},{"label":"45","value":"EU 45","price":"","pimage":"","pimage_id":"","pthumb":"","color":""},{"label":"45.5","value":"EU 45.5","price":"","pimage":"","pimage_id":"","pthumb":"","color":""},{"label":"46","value":"EU 46","price":"","pimage":"","pimage_id":"","pthumb":"","color":""}],"relations":[{"operator":false,"rules":[]}],"form_id":24803,"form_rules":{"pric_cal_option_once":false,"exclude_from_discount":false,"pric_use_as_fee":false,"fee_label":"Fee","render_after_acb":false,"disp_hide_options_price":false}}]},"yoast_head":"<!-- This site is optimized with the Yoast SEO plugin v26.5 - https:\/\/yoast.com\/wordpress\/plugins\/seo\/ -->\n<title>(Women) New Balance Fresh Foam X More v5 Wide &#039;Pearl Grey Calcium&#039; - TOURCRUISER PTE. LTD<\/title>\n<meta name=\"robots\" content=\"index, follow, max-snippet:-1, max-image-preview:large, max-video-preview:-1\" \/>\n<link rel=\"canonical\" href=\"https:\/\/tourcruiser.com\/fr\/products\/women-new-balance-fresh-foam-x-more-v5-wide-pearl-grey-calcium\/\" \/>\n<meta property=\"og:locale\" content=\"fr_FR\" \/>\n<meta property=\"og:type\" content=\"article\" \/>\n<meta property=\"og:title\" content=\"(Women) New Balance Fresh Foam X More v5 Wide &#039;Pearl Grey Calcium&#039; - TOURCRUISER PTE. LTD\" \/>\n<meta property=\"og:description\" content=\"New Balance Fresh Foam X More v5 Wide \u201d\u201d Pearl Grey\/Dusk Shower\/Calcium\" \/>\n<meta property=\"og:url\" content=\"https:\/\/tourcruiser.com\/fr\/products\/women-new-balance-fresh-foam-x-more-v5-wide-pearl-grey-calcium\/\" \/>\n<meta property=\"og:site_name\" content=\"Tourcruiser Sneaker Store\" \/>\n<meta property=\"article:modified_time\" content=\"2026-03-14T11:46:37+00:00\" \/>\n<meta name=\"twitter:card\" content=\"summary_large_image\" \/>\n<meta name=\"twitter:image\" content=\"https:\/\/images.novelship.com\/product\/_women__new_balance_fresh_foam_x_more_v5_wide__pea_0_85095.png\" \/>\n<meta name=\"twitter:label1\" content=\"Dur\u00e9e de lecture estim\u00e9e\" \/>\n\t<meta name=\"twitter:data1\" content=\"1 minute\" \/>\n<script type=\"application\/ld+json\" class=\"yoast-schema-graph\">{\"@context\":\"https:\/\/schema.org\",\"@graph\":[{\"@type\":\"WebPage\",\"@id\":\"https:\/\/tourcruiser.com\/fr\/products\/women-new-balance-fresh-foam-x-more-v5-wide-pearl-grey-calcium\/\",\"url\":\"https:\/\/tourcruiser.com\/fr\/products\/women-new-balance-fresh-foam-x-more-v5-wide-pearl-grey-calcium\/\",\"name\":\"(Women) New Balance Fresh Foam X More v5 Wide 'Pearl Grey Calcium' - TOURCRUISER PTE. LTD\",\"isPartOf\":{\"@id\":\"https:\/\/tourcruiser.com\/fr\/#website\"},\"primaryImageOfPage\":{\"@id\":\"https:\/\/tourcruiser.com\/fr\/products\/women-new-balance-fresh-foam-x-more-v5-wide-pearl-grey-calcium\/#primaryimage\"},\"image\":{\"@id\":\"https:\/\/tourcruiser.com\/fr\/products\/women-new-balance-fresh-foam-x-more-v5-wide-pearl-grey-calcium\/#primaryimage\"},\"thumbnailUrl\":\"https:\/\/images.novelship.com\/product\/_women__new_balance_fresh_foam_x_more_v5_wide__pea_0_85095.png\",\"datePublished\":\"2026-03-02T08:17:10+00:00\",\"dateModified\":\"2026-03-14T11:46:37+00:00\",\"breadcrumb\":{\"@id\":\"https:\/\/tourcruiser.com\/fr\/products\/women-new-balance-fresh-foam-x-more-v5-wide-pearl-grey-calcium\/#breadcrumb\"},\"inLanguage\":\"fr-FR\",\"potentialAction\":[{\"@type\":\"ReadAction\",\"target\":[\"https:\/\/tourcruiser.com\/fr\/products\/women-new-balance-fresh-foam-x-more-v5-wide-pearl-grey-calcium\/\"]}]},{\"@type\":\"ImageObject\",\"inLanguage\":\"fr-FR\",\"@id\":\"https:\/\/tourcruiser.com\/fr\/products\/women-new-balance-fresh-foam-x-more-v5-wide-pearl-grey-calcium\/#primaryimage\",\"url\":\"https:\/\/images.novelship.com\/product\/_women__new_balance_fresh_foam_x_more_v5_wide__pea_0_85095.png\",\"contentUrl\":\"https:\/\/images.novelship.com\/product\/_women__new_balance_fresh_foam_x_more_v5_wide__pea_0_85095.png\"},{\"@type\":\"BreadcrumbList\",\"@id\":\"https:\/\/tourcruiser.com\/fr\/products\/women-new-balance-fresh-foam-x-more-v5-wide-pearl-grey-calcium\/#breadcrumb\",\"itemListElement\":[{\"@type\":\"ListItem\",\"position\":1,\"name\":\"Home\",\"item\":\"https:\/\/tourcruiser.com\/fr\/\"},{\"@type\":\"ListItem\",\"position\":2,\"name\":\"Shop\",\"item\":\"https:\/\/tourcruiser.com\/fr\/shop\/\"},{\"@type\":\"ListItem\",\"position\":3,\"name\":\"(Women) New Balance Fresh Foam X More v5 Wide 'Pearl Grey Calcium'\"}]},{\"@type\":\"WebSite\",\"@id\":\"https:\/\/tourcruiser.com\/fr\/#website\",\"url\":\"https:\/\/tourcruiser.com\/fr\/\",\"name\":\"Styloral Jewelry Shop\",\"description\":\"Tourcruiser Sneaker Store \u2014 L\u2019endroit o\u00f9 l\u2019univers rencontre votre singularit\u00e9.\",\"publisher\":{\"@id\":\"https:\/\/tourcruiser.com\/fr\/#organization\"},\"potentialAction\":[{\"@type\":\"SearchAction\",\"target\":{\"@type\":\"EntryPoint\",\"urlTemplate\":\"https:\/\/tourcruiser.com\/fr\/?s={search_term_string}\"},\"query-input\":{\"@type\":\"PropertyValueSpecification\",\"valueRequired\":true,\"valueName\":\"search_term_string\"}}],\"inLanguage\":\"fr-FR\"},{\"@type\":\"Organization\",\"@id\":\"https:\/\/tourcruiser.com\/fr\/#organization\",\"name\":\"STYLORAL PTE. LTD\",\"url\":\"https:\/\/tourcruiser.com\/fr\/\",\"logo\":{\"@type\":\"ImageObject\",\"inLanguage\":\"fr-FR\",\"@id\":\"https:\/\/tourcruiser.com\/fr\/#\/schema\/logo\/image\/\",\"url\":\"https:\/\/www.tourcruiser.com\/wp-content\/uploads\/2025\/12\/logo.png\",\"contentUrl\":\"https:\/\/www.tourcruiser.com\/wp-content\/uploads\/2025\/12\/logo.png\",\"width\":200,\"height\":65,\"caption\":\"STYLORAL PTE. LTD\"},\"image\":{\"@id\":\"https:\/\/tourcruiser.com\/fr\/#\/schema\/logo\/image\/\"}}]}<\/script>\n<!-- \/ Yoast SEO plugin. -->","yoast_head_json":{"title":"(Women) New Balance Fresh Foam X More v5 Wide 'Pearl Grey Calcium' - TOURCRUISER PTE. LTD","robots":{"index":"index","follow":"follow","max-snippet":"max-snippet:-1","max-image-preview":"max-image-preview:large","max-video-preview":"max-video-preview:-1"},"canonical":"https:\/\/tourcruiser.com\/fr\/products\/women-new-balance-fresh-foam-x-more-v5-wide-pearl-grey-calcium\/","og_locale":"fr_FR","og_type":"article","og_title":"(Women) New Balance Fresh Foam X More v5 Wide 'Pearl Grey Calcium' - TOURCRUISER PTE. LTD","og_description":"New Balance Fresh Foam X More v5 Wide \u201d\u201d Pearl Grey\/Dusk Shower\/Calcium","og_url":"https:\/\/tourcruiser.com\/fr\/products\/women-new-balance-fresh-foam-x-more-v5-wide-pearl-grey-calcium\/","og_site_name":"Tourcruiser Sneaker Store","article_modified_time":"2026-03-14T11:46:37+00:00","twitter_card":"summary_large_image","twitter_image":"https:\/\/images.novelship.com\/product\/_women__new_balance_fresh_foam_x_more_v5_wide__pea_0_85095.png","twitter_misc":{"Dur\u00e9e de lecture estim\u00e9e":"1 minute"},"schema":{"@context":"https:\/\/schema.org","@graph":[{"@type":"WebPage","@id":"https:\/\/tourcruiser.com\/fr\/products\/women-new-balance-fresh-foam-x-more-v5-wide-pearl-grey-calcium\/","url":"https:\/\/tourcruiser.com\/fr\/products\/women-new-balance-fresh-foam-x-more-v5-wide-pearl-grey-calcium\/","name":"(Women) New Balance Fresh Foam X More v5 Wide 'Pearl Grey Calcium' - TOURCRUISER PTE. LTD","isPartOf":{"@id":"https:\/\/tourcruiser.com\/fr\/#website"},"primaryImageOfPage":{"@id":"https:\/\/tourcruiser.com\/fr\/products\/women-new-balance-fresh-foam-x-more-v5-wide-pearl-grey-calcium\/#primaryimage"},"image":{"@id":"https:\/\/tourcruiser.com\/fr\/products\/women-new-balance-fresh-foam-x-more-v5-wide-pearl-grey-calcium\/#primaryimage"},"thumbnailUrl":"https:\/\/images.novelship.com\/product\/_women__new_balance_fresh_foam_x_more_v5_wide__pea_0_85095.png","datePublished":"2026-03-02T08:17:10+00:00","dateModified":"2026-03-14T11:46:37+00:00","breadcrumb":{"@id":"https:\/\/tourcruiser.com\/fr\/products\/women-new-balance-fresh-foam-x-more-v5-wide-pearl-grey-calcium\/#breadcrumb"},"inLanguage":"fr-FR","potentialAction":[{"@type":"ReadAction","target":["https:\/\/tourcruiser.com\/fr\/products\/women-new-balance-fresh-foam-x-more-v5-wide-pearl-grey-calcium\/"]}]},{"@type":"ImageObject","inLanguage":"fr-FR","@id":"https:\/\/tourcruiser.com\/fr\/products\/women-new-balance-fresh-foam-x-more-v5-wide-pearl-grey-calcium\/#primaryimage","url":"https:\/\/images.novelship.com\/product\/_women__new_balance_fresh_foam_x_more_v5_wide__pea_0_85095.png","contentUrl":"https:\/\/images.novelship.com\/product\/_women__new_balance_fresh_foam_x_more_v5_wide__pea_0_85095.png"},{"@type":"BreadcrumbList","@id":"https:\/\/tourcruiser.com\/fr\/products\/women-new-balance-fresh-foam-x-more-v5-wide-pearl-grey-calcium\/#breadcrumb","itemListElement":[{"@type":"ListItem","position":1,"name":"Home","item":"https:\/\/tourcruiser.com\/fr\/"},{"@type":"ListItem","position":2,"name":"Shop","item":"https:\/\/tourcruiser.com\/fr\/shop\/"},{"@type":"ListItem","position":3,"name":"(Women) New Balance Fresh Foam X More v5 Wide 'Pearl Grey Calcium'"}]},{"@type":"WebSite","@id":"https:\/\/tourcruiser.com\/fr\/#website","url":"https:\/\/tourcruiser.com\/fr\/","name":"Styloral Jewelry Shop","description":"Tourcruiser Sneaker Store \u2014 L\u2019endroit o\u00f9 l\u2019univers rencontre votre singularit\u00e9.","publisher":{"@id":"https:\/\/tourcruiser.com\/fr\/#organization"},"potentialAction":[{"@type":"SearchAction","target":{"@type":"EntryPoint","urlTemplate":"https:\/\/tourcruiser.com\/fr\/?s={search_term_string}"},"query-input":{"@type":"PropertyValueSpecification","valueRequired":true,"valueName":"search_term_string"}}],"inLanguage":"fr-FR"},{"@type":"Organization","@id":"https:\/\/tourcruiser.com\/fr\/#organization","name":"STYLORAL PTE. LTD","url":"https:\/\/tourcruiser.com\/fr\/","logo":{"@type":"ImageObject","inLanguage":"fr-FR","@id":"https:\/\/tourcruiser.com\/fr\/#\/schema\/logo\/image\/","url":"https:\/\/www.tourcruiser.com\/wp-content\/uploads\/2025\/12\/logo.png","contentUrl":"https:\/\/www.tourcruiser.com\/wp-content\/uploads\/2025\/12\/logo.png","width":200,"height":65,"caption":"STYLORAL PTE. LTD"},"image":{"@id":"https:\/\/tourcruiser.com\/fr\/#\/schema\/logo\/image\/"}}]}},"_links":{"self":[{"href":"https:\/\/tourcruiser.com\/fr\/wp-json\/wp\/v2\/product\/56332","targetHints":{"allow":["GET"]}}],"collection":[{"href":"https:\/\/tourcruiser.com\/fr\/wp-json\/wp\/v2\/product"}],"about":[{"href":"https:\/\/tourcruiser.com\/fr\/wp-json\/wp\/v2\/types\/product"}],"replies":[{"embeddable":true,"href":"https:\/\/tourcruiser.com\/fr\/wp-json\/wp\/v2\/comments?post=56332"}],"wp:featuredmedia":[{"embeddable":true,"href":"https:\/\/tourcruiser.com\/fr\/wp-json\/wp\/v2\/media\/56333"}],"wp:attachment":[{"href":"https:\/\/tourcruiser.com\/fr\/wp-json\/wp\/v2\/media?parent=56332"}],"wp:term":[{"taxonomy":"product_brand","embeddable":true,"href":"https:\/\/tourcruiser.com\/fr\/wp-json\/wp\/v2\/product_brand?post=56332"},{"taxonomy":"product_cat","embeddable":true,"href":"https:\/\/tourcruiser.com\/fr\/wp-json\/wp\/v2\/product_cat?post=56332"},{"taxonomy":"product_tag","embeddable":true,"href":"https:\/\/tourcruiser.com\/fr\/wp-json\/wp\/v2\/product_tag?post=56332"}],"curies":[{"name":"wp","href":"https:\/\/api.w.org\/{rel}","templated":true}]}}