{"id":56057,"date":"2026-03-02T15:16:44","date_gmt":"2026-03-02T08:16:44","guid":{"rendered":"http:\/\/tourcruiser.com\/product\/tokyo-design-studio-x-snow-peak-x-new-balance-niobium-concept-3-white-grey"},"modified":"2026-03-14T18:02:25","modified_gmt":"2026-03-14T11:02:25","slug":"tokyo-design-studio-x-snow-peak-x-new-balance-niobium-concept-3-white-grey","status":"publish","type":"product","link":"https:\/\/tourcruiser.com\/fr\/products\/tokyo-design-studio-x-snow-peak-x-new-balance-niobium-concept-3-white-grey\/","title":{"rendered":"Tokyo Design Studio x Snow Peak x New Balance Niobium Concept 3 &lsquo;White Grey&rsquo;"},"content":{"rendered":"<p>Vivez l&rsquo;aventure urbaine par excellence avec la Tokyo Design Studio x Snow Peak x New Balance Niobium Concept 3 \u00ab\u00a0Blanc Gris\u00a0\u00bb MSNB3SP. Son empeigne r\u00e9sistante en nylon et daim, inspir\u00e9e du design japonais traditionnel, allie respirabilit\u00e9 et style. Le syst\u00e8me d&rsquo;amorti ABZORB offre un confort exceptionnel pour toutes vos escapades urbaines. La semelle ext\u00e9rieure Vibram garantit une adh\u00e9rence optimale sur toutes les surfaces, faisant de cette sneaker la compagne id\u00e9ale des rues de la ville aux sentiers forestiers, pour un style incomparable et une fonctionnalit\u00e9 optimale. Coloris\u00a0: Blanc\/Gris. Code article\u00a0: MSNB3SP. Mati\u00e8re de l&#8217;empeigne\u00a0: eVent. Couleur\u00a0: Blanc. Ann\u00e9e de sortie\u00a0: 2024.<\/p>\n","protected":false},"excerpt":{"rendered":"<p>New Balance Niobium Concept 3 \u201d\u201d White\/Grey<\/p>\n","protected":false},"featured_media":56058,"comment_status":"open","ping_status":"closed","template":"","meta":[],"product_brand":[],"product_cat":[10771],"product_tag":[10751,12854,10753,11114,10754,12408,10766,10758],"class_list":{"0":"post-56057","1":"product","2":"type-product","3":"status-publish","4":"has-post-thumbnail","6":"product_cat-new-balance","7":"product_tag-best-seller","8":"product_tag-casual-hiking-shoes","9":"product_tag-gift-for-him","10":"product_tag-hiking-shoes","11":"product_tag-lifestyle-casual-shoes","12":"product_tag-lifestyle-shoes-hiking-inspired","13":"product_tag-new-balance","14":"product_tag-under-retail","15":"wcpa_has_options","17":"first","18":"instock","19":"taxable","20":"shipping-taxable","21":"purchasable","22":"product-type-simple"},"wcpa_form_fields":{"rules":{"pric_overide_base_price":false,"pric_overide_base_price_if_gt_zero":false,"pric_overide_base_price_fully":false,"pric_cal_option_once":false,"pric_use_as_fee":false,"bind_quantity":false,"quantity_bind_formula":false},"fields":[{"type":"color-group","required":true,"elementId":"wcpa-color-group-66c4a928225d2","label":"Taille","inline":true,"priceOptions":"different_for_all","pricingType":"fixed","className":"hassizechart product-shoes-size-eu product-shoes-size","name":"color-group-66c4a928225e2","disp_type":"square","selection_type":"tick-border","disp_size":"50","show_label_inside":true,"adjust_width":true,"cart_display_type":"text","other_text":"Other","cl_rule":"show","col":6,"values":[{"label":"35","value":"EU 35","price":"","pimage":"","pimage_id":"","pthumb":"","color":""},{"label":"36","value":"EU 36","price":"","pimage":"","pimage_id":"","pthumb":"","color":"","selected":true},{"label":"37","value":"EU 37","price":"","pimage":"","pimage_id":"","pthumb":"","color":""},{"label":"37.5","value":"EU 37.5","price":"","pimage":"","pimage_id":"","pthumb":"","color":""},{"label":"38","value":"EU 38","price":"","pimage":"","pimage_id":"","pthumb":"","color":""},{"label":"38.5","value":"EU 38.5","price":"","pimage":"","pimage_id":"","pthumb":"","color":""},{"label":"39","value":"EU 39","price":"","pimage":"","pimage_id":"","pthumb":"","color":""},{"label":"39.5","value":"EU 39.5","price":"","pimage":"","pimage_id":"","pthumb":"","color":""},{"label":"40","value":"EU 40","price":"","pimage":"","pimage_id":"","pthumb":"","color":""},{"label":"40.5","value":"EU 40.5","price":"","pimage":"","pimage_id":"","pthumb":"","color":""},{"label":" 41.5","value":"EU 41.5","price":"","pimage":"","pimage_id":"","pthumb":"","color":""},{"label":"42","value":"EU 42","price":"","pimage":"","pimage_id":"","pthumb":"","color":""},{"label":"42.5","value":"EU 42.5","price":"","pimage":"","pimage_id":"","pthumb":"","color":""},{"label":"43","value":"EU 43","price":"","pimage":"","pimage_id":"","pthumb":"","color":""},{"label":"44","value":"EU 44","price":"","pimage":"","pimage_id":"","pthumb":"","color":""},{"label":"44.5","value":"EU 44.5","price":"","pimage":"","pimage_id":"","pthumb":"","color":""},{"label":"45","value":"EU 45","price":"","pimage":"","pimage_id":"","pthumb":"","color":""},{"label":"45.5","value":"EU 45.5","price":"","pimage":"","pimage_id":"","pthumb":"","color":""},{"label":"46","value":"EU 46","price":"","pimage":"","pimage_id":"","pthumb":"","color":""}],"relations":[{"operator":false,"rules":[]}],"form_id":24803,"form_rules":{"pric_cal_option_once":false,"exclude_from_discount":false,"pric_use_as_fee":false,"fee_label":"Fee","render_after_acb":false,"disp_hide_options_price":false}}]},"yoast_head":"<!-- This site is optimized with the Yoast SEO plugin v26.5 - https:\/\/yoast.com\/wordpress\/plugins\/seo\/ -->\n<title>Tokyo Design Studio x Snow Peak x New Balance Niobium Concept 3 &#039;White Grey&#039; - TOURCRUISER PTE. LTD<\/title>\n<meta name=\"robots\" content=\"index, follow, max-snippet:-1, max-image-preview:large, max-video-preview:-1\" \/>\n<link rel=\"canonical\" href=\"https:\/\/tourcruiser.com\/fr\/products\/tokyo-design-studio-x-snow-peak-x-new-balance-niobium-concept-3-white-grey\/\" \/>\n<meta property=\"og:locale\" content=\"fr_FR\" \/>\n<meta property=\"og:type\" content=\"article\" \/>\n<meta property=\"og:title\" content=\"Tokyo Design Studio x Snow Peak x New Balance Niobium Concept 3 &#039;White Grey&#039; - TOURCRUISER PTE. LTD\" \/>\n<meta property=\"og:description\" content=\"New Balance Niobium Concept 3 \u201d\u201d White\/Grey\" \/>\n<meta property=\"og:url\" content=\"https:\/\/tourcruiser.com\/fr\/products\/tokyo-design-studio-x-snow-peak-x-new-balance-niobium-concept-3-white-grey\/\" \/>\n<meta property=\"og:site_name\" content=\"Tourcruiser Sneaker Store\" \/>\n<meta property=\"article:modified_time\" content=\"2026-03-14T11:02:25+00:00\" \/>\n<meta name=\"twitter:card\" content=\"summary_large_image\" \/>\n<meta name=\"twitter:image\" content=\"https:\/\/images.novelship.com\/product\/tokyo_design_studio_x_snow_peak_x_new_balance_niob_0_7047.jpeg\" \/>\n<meta name=\"twitter:label1\" content=\"Dur\u00e9e de lecture estim\u00e9e\" \/>\n\t<meta name=\"twitter:data1\" content=\"1 minute\" \/>\n<script type=\"application\/ld+json\" class=\"yoast-schema-graph\">{\"@context\":\"https:\/\/schema.org\",\"@graph\":[{\"@type\":\"WebPage\",\"@id\":\"https:\/\/tourcruiser.com\/fr\/products\/tokyo-design-studio-x-snow-peak-x-new-balance-niobium-concept-3-white-grey\/\",\"url\":\"https:\/\/tourcruiser.com\/fr\/products\/tokyo-design-studio-x-snow-peak-x-new-balance-niobium-concept-3-white-grey\/\",\"name\":\"Tokyo Design Studio x Snow Peak x New Balance Niobium Concept 3 'White Grey' - TOURCRUISER PTE. LTD\",\"isPartOf\":{\"@id\":\"https:\/\/tourcruiser.com\/fr\/#website\"},\"primaryImageOfPage\":{\"@id\":\"https:\/\/tourcruiser.com\/fr\/products\/tokyo-design-studio-x-snow-peak-x-new-balance-niobium-concept-3-white-grey\/#primaryimage\"},\"image\":{\"@id\":\"https:\/\/tourcruiser.com\/fr\/products\/tokyo-design-studio-x-snow-peak-x-new-balance-niobium-concept-3-white-grey\/#primaryimage\"},\"thumbnailUrl\":\"https:\/\/images.novelship.com\/product\/tokyo_design_studio_x_snow_peak_x_new_balance_niob_0_7047.jpeg\",\"datePublished\":\"2026-03-02T08:16:44+00:00\",\"dateModified\":\"2026-03-14T11:02:25+00:00\",\"breadcrumb\":{\"@id\":\"https:\/\/tourcruiser.com\/fr\/products\/tokyo-design-studio-x-snow-peak-x-new-balance-niobium-concept-3-white-grey\/#breadcrumb\"},\"inLanguage\":\"fr-FR\",\"potentialAction\":[{\"@type\":\"ReadAction\",\"target\":[\"https:\/\/tourcruiser.com\/fr\/products\/tokyo-design-studio-x-snow-peak-x-new-balance-niobium-concept-3-white-grey\/\"]}]},{\"@type\":\"ImageObject\",\"inLanguage\":\"fr-FR\",\"@id\":\"https:\/\/tourcruiser.com\/fr\/products\/tokyo-design-studio-x-snow-peak-x-new-balance-niobium-concept-3-white-grey\/#primaryimage\",\"url\":\"https:\/\/images.novelship.com\/product\/tokyo_design_studio_x_snow_peak_x_new_balance_niob_0_7047.jpeg\",\"contentUrl\":\"https:\/\/images.novelship.com\/product\/tokyo_design_studio_x_snow_peak_x_new_balance_niob_0_7047.jpeg\"},{\"@type\":\"BreadcrumbList\",\"@id\":\"https:\/\/tourcruiser.com\/fr\/products\/tokyo-design-studio-x-snow-peak-x-new-balance-niobium-concept-3-white-grey\/#breadcrumb\",\"itemListElement\":[{\"@type\":\"ListItem\",\"position\":1,\"name\":\"Home\",\"item\":\"https:\/\/tourcruiser.com\/fr\/\"},{\"@type\":\"ListItem\",\"position\":2,\"name\":\"Shop\",\"item\":\"https:\/\/tourcruiser.com\/fr\/shop\/\"},{\"@type\":\"ListItem\",\"position\":3,\"name\":\"Tokyo Design Studio x Snow Peak x New Balance Niobium Concept 3 'White Grey'\"}]},{\"@type\":\"WebSite\",\"@id\":\"https:\/\/tourcruiser.com\/fr\/#website\",\"url\":\"https:\/\/tourcruiser.com\/fr\/\",\"name\":\"Styloral Jewelry Shop\",\"description\":\"Tourcruiser Sneaker Store \u2014 L\u2019endroit o\u00f9 l\u2019univers rencontre votre singularit\u00e9.\",\"publisher\":{\"@id\":\"https:\/\/tourcruiser.com\/fr\/#organization\"},\"potentialAction\":[{\"@type\":\"SearchAction\",\"target\":{\"@type\":\"EntryPoint\",\"urlTemplate\":\"https:\/\/tourcruiser.com\/fr\/?s={search_term_string}\"},\"query-input\":{\"@type\":\"PropertyValueSpecification\",\"valueRequired\":true,\"valueName\":\"search_term_string\"}}],\"inLanguage\":\"fr-FR\"},{\"@type\":\"Organization\",\"@id\":\"https:\/\/tourcruiser.com\/fr\/#organization\",\"name\":\"STYLORAL PTE. LTD\",\"url\":\"https:\/\/tourcruiser.com\/fr\/\",\"logo\":{\"@type\":\"ImageObject\",\"inLanguage\":\"fr-FR\",\"@id\":\"https:\/\/tourcruiser.com\/fr\/#\/schema\/logo\/image\/\",\"url\":\"https:\/\/www.tourcruiser.com\/wp-content\/uploads\/2025\/12\/logo.png\",\"contentUrl\":\"https:\/\/www.tourcruiser.com\/wp-content\/uploads\/2025\/12\/logo.png\",\"width\":200,\"height\":65,\"caption\":\"STYLORAL PTE. LTD\"},\"image\":{\"@id\":\"https:\/\/tourcruiser.com\/fr\/#\/schema\/logo\/image\/\"}}]}<\/script>\n<!-- \/ Yoast SEO plugin. -->","yoast_head_json":{"title":"Tokyo Design Studio x Snow Peak x New Balance Niobium Concept 3 'White Grey' - TOURCRUISER PTE. LTD","robots":{"index":"index","follow":"follow","max-snippet":"max-snippet:-1","max-image-preview":"max-image-preview:large","max-video-preview":"max-video-preview:-1"},"canonical":"https:\/\/tourcruiser.com\/fr\/products\/tokyo-design-studio-x-snow-peak-x-new-balance-niobium-concept-3-white-grey\/","og_locale":"fr_FR","og_type":"article","og_title":"Tokyo Design Studio x Snow Peak x New Balance Niobium Concept 3 'White Grey' - TOURCRUISER PTE. LTD","og_description":"New Balance Niobium Concept 3 \u201d\u201d White\/Grey","og_url":"https:\/\/tourcruiser.com\/fr\/products\/tokyo-design-studio-x-snow-peak-x-new-balance-niobium-concept-3-white-grey\/","og_site_name":"Tourcruiser Sneaker Store","article_modified_time":"2026-03-14T11:02:25+00:00","twitter_card":"summary_large_image","twitter_image":"https:\/\/images.novelship.com\/product\/tokyo_design_studio_x_snow_peak_x_new_balance_niob_0_7047.jpeg","twitter_misc":{"Dur\u00e9e de lecture estim\u00e9e":"1 minute"},"schema":{"@context":"https:\/\/schema.org","@graph":[{"@type":"WebPage","@id":"https:\/\/tourcruiser.com\/fr\/products\/tokyo-design-studio-x-snow-peak-x-new-balance-niobium-concept-3-white-grey\/","url":"https:\/\/tourcruiser.com\/fr\/products\/tokyo-design-studio-x-snow-peak-x-new-balance-niobium-concept-3-white-grey\/","name":"Tokyo Design Studio x Snow Peak x New Balance Niobium Concept 3 'White Grey' - TOURCRUISER PTE. LTD","isPartOf":{"@id":"https:\/\/tourcruiser.com\/fr\/#website"},"primaryImageOfPage":{"@id":"https:\/\/tourcruiser.com\/fr\/products\/tokyo-design-studio-x-snow-peak-x-new-balance-niobium-concept-3-white-grey\/#primaryimage"},"image":{"@id":"https:\/\/tourcruiser.com\/fr\/products\/tokyo-design-studio-x-snow-peak-x-new-balance-niobium-concept-3-white-grey\/#primaryimage"},"thumbnailUrl":"https:\/\/images.novelship.com\/product\/tokyo_design_studio_x_snow_peak_x_new_balance_niob_0_7047.jpeg","datePublished":"2026-03-02T08:16:44+00:00","dateModified":"2026-03-14T11:02:25+00:00","breadcrumb":{"@id":"https:\/\/tourcruiser.com\/fr\/products\/tokyo-design-studio-x-snow-peak-x-new-balance-niobium-concept-3-white-grey\/#breadcrumb"},"inLanguage":"fr-FR","potentialAction":[{"@type":"ReadAction","target":["https:\/\/tourcruiser.com\/fr\/products\/tokyo-design-studio-x-snow-peak-x-new-balance-niobium-concept-3-white-grey\/"]}]},{"@type":"ImageObject","inLanguage":"fr-FR","@id":"https:\/\/tourcruiser.com\/fr\/products\/tokyo-design-studio-x-snow-peak-x-new-balance-niobium-concept-3-white-grey\/#primaryimage","url":"https:\/\/images.novelship.com\/product\/tokyo_design_studio_x_snow_peak_x_new_balance_niob_0_7047.jpeg","contentUrl":"https:\/\/images.novelship.com\/product\/tokyo_design_studio_x_snow_peak_x_new_balance_niob_0_7047.jpeg"},{"@type":"BreadcrumbList","@id":"https:\/\/tourcruiser.com\/fr\/products\/tokyo-design-studio-x-snow-peak-x-new-balance-niobium-concept-3-white-grey\/#breadcrumb","itemListElement":[{"@type":"ListItem","position":1,"name":"Home","item":"https:\/\/tourcruiser.com\/fr\/"},{"@type":"ListItem","position":2,"name":"Shop","item":"https:\/\/tourcruiser.com\/fr\/shop\/"},{"@type":"ListItem","position":3,"name":"Tokyo Design Studio x Snow Peak x New Balance Niobium Concept 3 'White Grey'"}]},{"@type":"WebSite","@id":"https:\/\/tourcruiser.com\/fr\/#website","url":"https:\/\/tourcruiser.com\/fr\/","name":"Styloral Jewelry Shop","description":"Tourcruiser Sneaker Store \u2014 L\u2019endroit o\u00f9 l\u2019univers rencontre votre singularit\u00e9.","publisher":{"@id":"https:\/\/tourcruiser.com\/fr\/#organization"},"potentialAction":[{"@type":"SearchAction","target":{"@type":"EntryPoint","urlTemplate":"https:\/\/tourcruiser.com\/fr\/?s={search_term_string}"},"query-input":{"@type":"PropertyValueSpecification","valueRequired":true,"valueName":"search_term_string"}}],"inLanguage":"fr-FR"},{"@type":"Organization","@id":"https:\/\/tourcruiser.com\/fr\/#organization","name":"STYLORAL PTE. LTD","url":"https:\/\/tourcruiser.com\/fr\/","logo":{"@type":"ImageObject","inLanguage":"fr-FR","@id":"https:\/\/tourcruiser.com\/fr\/#\/schema\/logo\/image\/","url":"https:\/\/www.tourcruiser.com\/wp-content\/uploads\/2025\/12\/logo.png","contentUrl":"https:\/\/www.tourcruiser.com\/wp-content\/uploads\/2025\/12\/logo.png","width":200,"height":65,"caption":"STYLORAL PTE. LTD"},"image":{"@id":"https:\/\/tourcruiser.com\/fr\/#\/schema\/logo\/image\/"}}]}},"_links":{"self":[{"href":"https:\/\/tourcruiser.com\/fr\/wp-json\/wp\/v2\/product\/56057","targetHints":{"allow":["GET"]}}],"collection":[{"href":"https:\/\/tourcruiser.com\/fr\/wp-json\/wp\/v2\/product"}],"about":[{"href":"https:\/\/tourcruiser.com\/fr\/wp-json\/wp\/v2\/types\/product"}],"replies":[{"embeddable":true,"href":"https:\/\/tourcruiser.com\/fr\/wp-json\/wp\/v2\/comments?post=56057"}],"wp:featuredmedia":[{"embeddable":true,"href":"https:\/\/tourcruiser.com\/fr\/wp-json\/wp\/v2\/media\/56058"}],"wp:attachment":[{"href":"https:\/\/tourcruiser.com\/fr\/wp-json\/wp\/v2\/media?parent=56057"}],"wp:term":[{"taxonomy":"product_brand","embeddable":true,"href":"https:\/\/tourcruiser.com\/fr\/wp-json\/wp\/v2\/product_brand?post=56057"},{"taxonomy":"product_cat","embeddable":true,"href":"https:\/\/tourcruiser.com\/fr\/wp-json\/wp\/v2\/product_cat?post=56057"},{"taxonomy":"product_tag","embeddable":true,"href":"https:\/\/tourcruiser.com\/fr\/wp-json\/wp\/v2\/product_tag?post=56057"}],"curies":[{"name":"wp","href":"https:\/\/api.w.org\/{rel}","templated":true}]}}