{"id":55945,"date":"2026-03-02T15:16:35","date_gmt":"2026-03-02T08:16:35","guid":{"rendered":"http:\/\/tourcruiser.com\/product\/women-adidas-adizero-evo-sl-atr-wonder-cargogrey-stratacrystal-linen"},"modified":"2026-03-14T18:45:47","modified_gmt":"2026-03-14T11:45:47","slug":"women-adidas-adizero-evo-sl-atr-wonder-cargogrey-stratacrystal-linen","status":"publish","type":"product","link":"https:\/\/tourcruiser.com\/fr\/products\/women-adidas-adizero-evo-sl-atr-wonder-cargogrey-stratacrystal-linen\/","title":{"rendered":"(Women) Adidas adizero EVO SL ATR Wonder Cargo\/Grey Strata\/Crystal Linen"},"content":{"rendered":"<p>Boostez vos performances sportives avec l&rsquo;Adidas adizero EVO SL ATR pour femme, dans une combinaison de couleurs irr\u00e9sistible : Wonder Cargo, Grey Strata et Crystal Linen. Con\u00e7ue pour une agilit\u00e9 optimale, cette chaussure allie pr\u00e9cision et style. Parfaite pour les trails ou les courses en ville, sa l\u00e9g\u00e8ret\u00e9 et son excellente adh\u00e9rence garantissent un confort et un maintien exceptionnels. Que vous soyez marathonienne ou joggeuse occasionnelle, l&rsquo;adizero EVO SL ATR red\u00e9finit votre exp\u00e9rience de course gr\u00e2ce \u00e0 une technologie de pointe et un design attrayant. Dominez tous les terrains avec style ! Combinaison de couleurs : Wonder Cargo\/Grey Strata\/Crystal Linen. Num\u00e9ro d&rsquo;article : KK2719. Mati\u00e8re ext\u00e9rieure : Mesh. Couleur : Beige.<\/p>\n","protected":false},"excerpt":{"rendered":"<p>adidas Adizero EVO SL ATR \u201d\u201d Wonder Cargo\/Grey Strata\/Crystal Linen<\/p>\n","protected":false},"featured_media":55946,"comment_status":"open","ping_status":"closed","template":"","meta":[],"product_brand":[],"product_cat":[10941],"product_tag":[10759,11053,10839,10802,10840,10758],"class_list":{"0":"post-55945","1":"product","2":"type-product","3":"status-publish","4":"has-post-thumbnail","6":"product_cat-adidas-women","7":"product_tag-adidas","8":"product_tag-lightweight-running-shoes","9":"product_tag-performance-running-shoes","10":"product_tag-performance-sport-shoes","11":"product_tag-running-shoes","12":"product_tag-under-retail","13":"wcpa_has_options","15":"first","16":"instock","17":"sale","18":"taxable","19":"shipping-taxable","20":"purchasable","21":"product-type-simple"},"wcpa_form_fields":{"rules":{"pric_overide_base_price":false,"pric_overide_base_price_if_gt_zero":false,"pric_overide_base_price_fully":false,"pric_cal_option_once":false,"pric_use_as_fee":false,"bind_quantity":false,"quantity_bind_formula":false},"fields":[{"type":"color-group","required":true,"elementId":"wcpa-color-group-66c4a7f817afe","label":"Taille","inline":true,"priceOptions":"different_for_all","pricingType":"fixed","className":"hassizechart product-shoes-size-eu product-shoes-size","name":"color-group-66c4a7f817b18","disp_type":"square","selection_type":"tick-border","disp_size":"50","show_label_inside":true,"adjust_width":true,"cart_display_type":"text","other_text":"Other","cl_rule":"show","col":6,"values":[{"label":"35","value":"EU 35","price":"","pimage":"","pimage_id":"","pthumb":"","color":""},{"label":"35.5","value":"EU 35.5","price":"","pimage":"","pimage_id":"","pthumb":"","color":""},{"label":"36","value":"EU 36","price":"","pimage":"","pimage_id":"","pthumb":"","color":"","selected":true},{"label":"36 2\/3","value":"EU 36 2\/3","price":"","pimage":"","pimage_id":"","pthumb":"","color":""},{"label":"37 1\/3","value":"EU 37 1\/3","price":"","pimage":"","pimage_id":"","pthumb":"","color":""},{"label":"38","value":"EU 38","price":"","pimage":"","pimage_id":"","pthumb":"","color":""},{"label":"38 2\/3","value":"EU 38 2\/3","price":"","pimage":"","pimage_id":"","pthumb":"","color":""},{"label":"39 1\/3","value":"EU 39 1\/3","price":"","pimage":"","pimage_id":"","pthumb":"","color":""},{"label":"40","value":"EU 40","price":"","pimage":"","pimage_id":"","pthumb":"","color":""},{"label":"40 2\/3","value":"EU 40 2\/3","price":"","pimage":"","pimage_id":"","pthumb":"","color":""},{"label":"41 1\/3","value":"EU 41 1\/3","price":"","pimage":"","pimage_id":"","pthumb":"","color":""},{"label":"42","value":"EU 42","price":"","pimage":"","pimage_id":"","pthumb":"","color":""},{"label":"42 2\/3","value":"EU 42 2\/3","price":"","pimage":"","pimage_id":"","pthumb":"","color":""},{"label":"43 1\/3","value":"EU 43 1\/3","price":"","pimage":"","pimage_id":"","pthumb":"","color":""},{"label":"44","value":"EU 44","price":"","pimage":"","pimage_id":"","pthumb":"","color":""},{"label":"44 2\/3","value":"EU 44 2\/3","price":"","pimage":"","pimage_id":"","pthumb":"","color":""},{"label":"45 1\/3","value":"EU 45 1\/3","price":"","pimage":"","pimage_id":"","pthumb":"","color":""},{"label":"46","value":"EU 46","price":"","pimage":"","pimage_id":"","pthumb":"","color":""},{"label":"46 2\/3","value":"EU 46 2\/3","price":"","pimage":"","pimage_id":"","pthumb":"","color":""},{"label":"47 1\/3","value":"EU 47 1\/3","price":"","pimage":"","pimage_id":"","pthumb":"","color":""}],"relations":[{"operator":false,"rules":[]}],"form_id":24802,"form_rules":{"pric_cal_option_once":false,"exclude_from_discount":false,"pric_use_as_fee":false,"fee_label":"Fee","render_after_acb":false,"disp_hide_options_price":false}}]},"yoast_head":"<!-- This site is optimized with the Yoast SEO plugin v26.5 - https:\/\/yoast.com\/wordpress\/plugins\/seo\/ -->\n<title>(Women) Adidas adizero EVO SL ATR Wonder Cargo\/Grey Strata\/Crystal Linen - TOURCRUISER PTE. LTD<\/title>\n<meta name=\"robots\" content=\"index, follow, max-snippet:-1, max-image-preview:large, max-video-preview:-1\" \/>\n<link rel=\"canonical\" href=\"https:\/\/tourcruiser.com\/fr\/products\/women-adidas-adizero-evo-sl-atr-wonder-cargogrey-stratacrystal-linen\/\" \/>\n<meta property=\"og:locale\" content=\"fr_FR\" \/>\n<meta property=\"og:type\" content=\"article\" \/>\n<meta property=\"og:title\" content=\"(Women) Adidas adizero EVO SL ATR Wonder Cargo\/Grey Strata\/Crystal Linen - TOURCRUISER PTE. LTD\" \/>\n<meta property=\"og:description\" content=\"adidas Adizero EVO SL ATR \u201d\u201d Wonder Cargo\/Grey Strata\/Crystal Linen\" \/>\n<meta property=\"og:url\" content=\"https:\/\/tourcruiser.com\/fr\/products\/women-adidas-adizero-evo-sl-atr-wonder-cargogrey-stratacrystal-linen\/\" \/>\n<meta property=\"og:site_name\" content=\"Tourcruiser Sneaker Store\" \/>\n<meta property=\"article:modified_time\" content=\"2026-03-14T11:45:47+00:00\" \/>\n<meta name=\"twitter:card\" content=\"summary_large_image\" \/>\n<meta name=\"twitter:image\" content=\"https:\/\/images.novelship.com\/product\/_women__adidas_adizero_evo_sl_atr_wonder_cargo_gre_0_2179.jpeg\" \/>\n<meta name=\"twitter:label1\" content=\"Dur\u00e9e de lecture estim\u00e9e\" \/>\n\t<meta name=\"twitter:data1\" content=\"1 minute\" \/>\n<script type=\"application\/ld+json\" class=\"yoast-schema-graph\">{\"@context\":\"https:\/\/schema.org\",\"@graph\":[{\"@type\":\"WebPage\",\"@id\":\"https:\/\/tourcruiser.com\/fr\/products\/women-adidas-adizero-evo-sl-atr-wonder-cargogrey-stratacrystal-linen\/\",\"url\":\"https:\/\/tourcruiser.com\/fr\/products\/women-adidas-adizero-evo-sl-atr-wonder-cargogrey-stratacrystal-linen\/\",\"name\":\"(Women) Adidas adizero EVO SL ATR Wonder Cargo\/Grey Strata\/Crystal Linen - TOURCRUISER PTE. LTD\",\"isPartOf\":{\"@id\":\"https:\/\/tourcruiser.com\/fr\/#website\"},\"primaryImageOfPage\":{\"@id\":\"https:\/\/tourcruiser.com\/fr\/products\/women-adidas-adizero-evo-sl-atr-wonder-cargogrey-stratacrystal-linen\/#primaryimage\"},\"image\":{\"@id\":\"https:\/\/tourcruiser.com\/fr\/products\/women-adidas-adizero-evo-sl-atr-wonder-cargogrey-stratacrystal-linen\/#primaryimage\"},\"thumbnailUrl\":\"https:\/\/images.novelship.com\/product\/_women__adidas_adizero_evo_sl_atr_wonder_cargo_gre_0_2179.jpeg\",\"datePublished\":\"2026-03-02T08:16:35+00:00\",\"dateModified\":\"2026-03-14T11:45:47+00:00\",\"breadcrumb\":{\"@id\":\"https:\/\/tourcruiser.com\/fr\/products\/women-adidas-adizero-evo-sl-atr-wonder-cargogrey-stratacrystal-linen\/#breadcrumb\"},\"inLanguage\":\"fr-FR\",\"potentialAction\":[{\"@type\":\"ReadAction\",\"target\":[\"https:\/\/tourcruiser.com\/fr\/products\/women-adidas-adizero-evo-sl-atr-wonder-cargogrey-stratacrystal-linen\/\"]}]},{\"@type\":\"ImageObject\",\"inLanguage\":\"fr-FR\",\"@id\":\"https:\/\/tourcruiser.com\/fr\/products\/women-adidas-adizero-evo-sl-atr-wonder-cargogrey-stratacrystal-linen\/#primaryimage\",\"url\":\"https:\/\/images.novelship.com\/product\/_women__adidas_adizero_evo_sl_atr_wonder_cargo_gre_0_2179.jpeg\",\"contentUrl\":\"https:\/\/images.novelship.com\/product\/_women__adidas_adizero_evo_sl_atr_wonder_cargo_gre_0_2179.jpeg\"},{\"@type\":\"BreadcrumbList\",\"@id\":\"https:\/\/tourcruiser.com\/fr\/products\/women-adidas-adizero-evo-sl-atr-wonder-cargogrey-stratacrystal-linen\/#breadcrumb\",\"itemListElement\":[{\"@type\":\"ListItem\",\"position\":1,\"name\":\"Home\",\"item\":\"https:\/\/tourcruiser.com\/fr\/\"},{\"@type\":\"ListItem\",\"position\":2,\"name\":\"Shop\",\"item\":\"https:\/\/tourcruiser.com\/fr\/shop\/\"},{\"@type\":\"ListItem\",\"position\":3,\"name\":\"(Women) Adidas adizero EVO SL ATR Wonder Cargo\/Grey Strata\/Crystal Linen\"}]},{\"@type\":\"WebSite\",\"@id\":\"https:\/\/tourcruiser.com\/fr\/#website\",\"url\":\"https:\/\/tourcruiser.com\/fr\/\",\"name\":\"Styloral Jewelry Shop\",\"description\":\"Tourcruiser Sneaker Store \u2014 L\u2019endroit o\u00f9 l\u2019univers rencontre votre singularit\u00e9.\",\"publisher\":{\"@id\":\"https:\/\/tourcruiser.com\/fr\/#organization\"},\"potentialAction\":[{\"@type\":\"SearchAction\",\"target\":{\"@type\":\"EntryPoint\",\"urlTemplate\":\"https:\/\/tourcruiser.com\/fr\/?s={search_term_string}\"},\"query-input\":{\"@type\":\"PropertyValueSpecification\",\"valueRequired\":true,\"valueName\":\"search_term_string\"}}],\"inLanguage\":\"fr-FR\"},{\"@type\":\"Organization\",\"@id\":\"https:\/\/tourcruiser.com\/fr\/#organization\",\"name\":\"STYLORAL PTE. LTD\",\"url\":\"https:\/\/tourcruiser.com\/fr\/\",\"logo\":{\"@type\":\"ImageObject\",\"inLanguage\":\"fr-FR\",\"@id\":\"https:\/\/tourcruiser.com\/fr\/#\/schema\/logo\/image\/\",\"url\":\"https:\/\/www.tourcruiser.com\/wp-content\/uploads\/2025\/12\/logo.png\",\"contentUrl\":\"https:\/\/www.tourcruiser.com\/wp-content\/uploads\/2025\/12\/logo.png\",\"width\":200,\"height\":65,\"caption\":\"STYLORAL PTE. LTD\"},\"image\":{\"@id\":\"https:\/\/tourcruiser.com\/fr\/#\/schema\/logo\/image\/\"}}]}<\/script>\n<!-- \/ Yoast SEO plugin. -->","yoast_head_json":{"title":"(Women) Adidas adizero EVO SL ATR Wonder Cargo\/Grey Strata\/Crystal Linen - TOURCRUISER PTE. LTD","robots":{"index":"index","follow":"follow","max-snippet":"max-snippet:-1","max-image-preview":"max-image-preview:large","max-video-preview":"max-video-preview:-1"},"canonical":"https:\/\/tourcruiser.com\/fr\/products\/women-adidas-adizero-evo-sl-atr-wonder-cargogrey-stratacrystal-linen\/","og_locale":"fr_FR","og_type":"article","og_title":"(Women) Adidas adizero EVO SL ATR Wonder Cargo\/Grey Strata\/Crystal Linen - TOURCRUISER PTE. LTD","og_description":"adidas Adizero EVO SL ATR \u201d\u201d Wonder Cargo\/Grey Strata\/Crystal Linen","og_url":"https:\/\/tourcruiser.com\/fr\/products\/women-adidas-adizero-evo-sl-atr-wonder-cargogrey-stratacrystal-linen\/","og_site_name":"Tourcruiser Sneaker Store","article_modified_time":"2026-03-14T11:45:47+00:00","twitter_card":"summary_large_image","twitter_image":"https:\/\/images.novelship.com\/product\/_women__adidas_adizero_evo_sl_atr_wonder_cargo_gre_0_2179.jpeg","twitter_misc":{"Dur\u00e9e de lecture estim\u00e9e":"1 minute"},"schema":{"@context":"https:\/\/schema.org","@graph":[{"@type":"WebPage","@id":"https:\/\/tourcruiser.com\/fr\/products\/women-adidas-adizero-evo-sl-atr-wonder-cargogrey-stratacrystal-linen\/","url":"https:\/\/tourcruiser.com\/fr\/products\/women-adidas-adizero-evo-sl-atr-wonder-cargogrey-stratacrystal-linen\/","name":"(Women) Adidas adizero EVO SL ATR Wonder Cargo\/Grey Strata\/Crystal Linen - TOURCRUISER PTE. LTD","isPartOf":{"@id":"https:\/\/tourcruiser.com\/fr\/#website"},"primaryImageOfPage":{"@id":"https:\/\/tourcruiser.com\/fr\/products\/women-adidas-adizero-evo-sl-atr-wonder-cargogrey-stratacrystal-linen\/#primaryimage"},"image":{"@id":"https:\/\/tourcruiser.com\/fr\/products\/women-adidas-adizero-evo-sl-atr-wonder-cargogrey-stratacrystal-linen\/#primaryimage"},"thumbnailUrl":"https:\/\/images.novelship.com\/product\/_women__adidas_adizero_evo_sl_atr_wonder_cargo_gre_0_2179.jpeg","datePublished":"2026-03-02T08:16:35+00:00","dateModified":"2026-03-14T11:45:47+00:00","breadcrumb":{"@id":"https:\/\/tourcruiser.com\/fr\/products\/women-adidas-adizero-evo-sl-atr-wonder-cargogrey-stratacrystal-linen\/#breadcrumb"},"inLanguage":"fr-FR","potentialAction":[{"@type":"ReadAction","target":["https:\/\/tourcruiser.com\/fr\/products\/women-adidas-adizero-evo-sl-atr-wonder-cargogrey-stratacrystal-linen\/"]}]},{"@type":"ImageObject","inLanguage":"fr-FR","@id":"https:\/\/tourcruiser.com\/fr\/products\/women-adidas-adizero-evo-sl-atr-wonder-cargogrey-stratacrystal-linen\/#primaryimage","url":"https:\/\/images.novelship.com\/product\/_women__adidas_adizero_evo_sl_atr_wonder_cargo_gre_0_2179.jpeg","contentUrl":"https:\/\/images.novelship.com\/product\/_women__adidas_adizero_evo_sl_atr_wonder_cargo_gre_0_2179.jpeg"},{"@type":"BreadcrumbList","@id":"https:\/\/tourcruiser.com\/fr\/products\/women-adidas-adizero-evo-sl-atr-wonder-cargogrey-stratacrystal-linen\/#breadcrumb","itemListElement":[{"@type":"ListItem","position":1,"name":"Home","item":"https:\/\/tourcruiser.com\/fr\/"},{"@type":"ListItem","position":2,"name":"Shop","item":"https:\/\/tourcruiser.com\/fr\/shop\/"},{"@type":"ListItem","position":3,"name":"(Women) Adidas adizero EVO SL ATR Wonder Cargo\/Grey Strata\/Crystal Linen"}]},{"@type":"WebSite","@id":"https:\/\/tourcruiser.com\/fr\/#website","url":"https:\/\/tourcruiser.com\/fr\/","name":"Styloral Jewelry Shop","description":"Tourcruiser Sneaker Store \u2014 L\u2019endroit o\u00f9 l\u2019univers rencontre votre singularit\u00e9.","publisher":{"@id":"https:\/\/tourcruiser.com\/fr\/#organization"},"potentialAction":[{"@type":"SearchAction","target":{"@type":"EntryPoint","urlTemplate":"https:\/\/tourcruiser.com\/fr\/?s={search_term_string}"},"query-input":{"@type":"PropertyValueSpecification","valueRequired":true,"valueName":"search_term_string"}}],"inLanguage":"fr-FR"},{"@type":"Organization","@id":"https:\/\/tourcruiser.com\/fr\/#organization","name":"STYLORAL PTE. LTD","url":"https:\/\/tourcruiser.com\/fr\/","logo":{"@type":"ImageObject","inLanguage":"fr-FR","@id":"https:\/\/tourcruiser.com\/fr\/#\/schema\/logo\/image\/","url":"https:\/\/www.tourcruiser.com\/wp-content\/uploads\/2025\/12\/logo.png","contentUrl":"https:\/\/www.tourcruiser.com\/wp-content\/uploads\/2025\/12\/logo.png","width":200,"height":65,"caption":"STYLORAL PTE. LTD"},"image":{"@id":"https:\/\/tourcruiser.com\/fr\/#\/schema\/logo\/image\/"}}]}},"_links":{"self":[{"href":"https:\/\/tourcruiser.com\/fr\/wp-json\/wp\/v2\/product\/55945","targetHints":{"allow":["GET"]}}],"collection":[{"href":"https:\/\/tourcruiser.com\/fr\/wp-json\/wp\/v2\/product"}],"about":[{"href":"https:\/\/tourcruiser.com\/fr\/wp-json\/wp\/v2\/types\/product"}],"replies":[{"embeddable":true,"href":"https:\/\/tourcruiser.com\/fr\/wp-json\/wp\/v2\/comments?post=55945"}],"wp:featuredmedia":[{"embeddable":true,"href":"https:\/\/tourcruiser.com\/fr\/wp-json\/wp\/v2\/media\/55946"}],"wp:attachment":[{"href":"https:\/\/tourcruiser.com\/fr\/wp-json\/wp\/v2\/media?parent=55945"}],"wp:term":[{"taxonomy":"product_brand","embeddable":true,"href":"https:\/\/tourcruiser.com\/fr\/wp-json\/wp\/v2\/product_brand?post=55945"},{"taxonomy":"product_cat","embeddable":true,"href":"https:\/\/tourcruiser.com\/fr\/wp-json\/wp\/v2\/product_cat?post=55945"},{"taxonomy":"product_tag","embeddable":true,"href":"https:\/\/tourcruiser.com\/fr\/wp-json\/wp\/v2\/product_tag?post=55945"}],"curies":[{"name":"wp","href":"https:\/\/api.w.org\/{rel}","templated":true}]}}