{"id":55773,"date":"2026-03-02T15:16:21","date_gmt":"2026-03-02T08:16:21","guid":{"rendered":"http:\/\/tourcruiser.com\/product\/women-asics-gel-rocket-11-white-light-ube"},"modified":"2026-03-14T18:45:30","modified_gmt":"2026-03-14T11:45:30","slug":"women-asics-gel-rocket-11-white-light-ube","status":"publish","type":"product","link":"https:\/\/tourcruiser.com\/fr\/products\/women-asics-gel-rocket-11-white-light-ube\/","title":{"rendered":"(Women) ASICS Gel Rocket 11 &lsquo;White Light Ube&rsquo;"},"content":{"rendered":"<p>Optimisez vos performances sur le terrain avec l&rsquo;ASICS Gel Rocket 11 \u00ab\u00a0White Light Ube\u00a0\u00bb, une chaussure de volley-ball et de sport en salle haut de gamme pour femme, alliant confort, stabilit\u00e9 et agilit\u00e9. Gr\u00e2ce \u00e0 la technologie GEL avanc\u00e9e \u00e0 l&rsquo;avant-pied, elle offre une excellente absorption des chocs et assure des r\u00e9ceptions en douceur, m\u00eame lors des matchs les plus intenses. L&#8217;empeigne l\u00e9g\u00e8re en mesh respirant optimise la circulation de l&rsquo;air, gardant vos pieds au frais et offrant un maintien optimal pendant les matchs les plus longs. La semelle ext\u00e9rieure en caoutchouc durable assure une adh\u00e9rence exceptionnelle pour des mouvements rapides et multidirectionnels sur les surfaces indoor. L&rsquo;\u00e9l\u00e9gant coloris \u00ab\u00a0White Light Ube\u00a0\u00bb combine un design styl\u00e9 \u00e0 une fonctionnalit\u00e9 sportive, faisant de cette chaussure un choix polyvalent pour le sport comme pour les loisirs. La technologie Trusstic System est con\u00e7ue pour am\u00e9liorer le mouvement naturel du pied et r\u00e9duire le poids de la semelle sans compromettre la stabilit\u00e9. Que vous smashiez, passiez ou plongeiez, la Gel Rocket 11 garantit des performances optimales et un confort in\u00e9gal\u00e9. Approuv\u00e9e par des athl\u00e8tes du monde entier, cette chaussure combine une technologie de pointe \u00e0 un design saisissant \u2013 id\u00e9ale pour celles qui veulent dominer le terrain. Coloris\u00a0: Blanc\/Violet clair R\u00e9f\u00e9rence\u00a0: 1072A093-105 Tige\u00a0: Mesh Semelle interm\u00e9diaire\u00a0: Gel Couleur\u00a0: Blanc Saison\u00a0: Hiver Ann\u00e9e de sortie\u00a0: 2024<\/p>\n","protected":false},"excerpt":{"rendered":"<p>ASICS Gel Rocket 11 \u201d\u201d White\/Light Ube<\/p>\n","protected":false},"featured_media":55774,"comment_status":"open","ping_status":"closed","template":"","meta":[],"product_brand":[],"product_cat":[11020],"product_tag":[10917],"class_list":{"0":"post-55773","1":"product","2":"type-product","3":"status-publish","4":"has-post-thumbnail","6":"product_cat-asics-women","7":"product_tag-small-130-usd","8":"wcpa_has_options","10":"first","11":"instock","12":"taxable","13":"shipping-taxable","14":"purchasable","15":"product-type-simple"},"wcpa_form_fields":{"rules":{"pric_overide_base_price":false,"pric_overide_base_price_if_gt_zero":false,"pric_overide_base_price_fully":false,"pric_cal_option_once":false,"pric_use_as_fee":false,"bind_quantity":false,"quantity_bind_formula":false},"fields":[{"type":"color-group","required":true,"elementId":"wcpa-color-group-69a5ac3f3e644","label":"Taille","inline":true,"priceOptions":"different_for_all","pricingType":"fixed","className":"hassizechart product-shoes-size-eu product-shoes-size","name":"color-group-69a5ac3f3e64e","disp_type":"square","selection_type":"tick-border","disp_size":"50","show_label_inside":true,"adjust_width":true,"cart_display_type":"text","other_text":"Other","cl_rule":"show","col":6,"values":[{"label":"34.5","value":"EU 34.5","price":"","pimage":"","pimage_id":"","pthumb":"","color":""},{"label":"35","value":"EU 35","price":"","pimage":"","pimage_id":"","pthumb":"","color":""},{"label":"35.5","value":"EU 35.5","price":"","pimage":"","pimage_id":"","pthumb":"","color":""},{"label":"36","value":"EU 36","price":"","pimage":"","pimage_id":"","pthumb":"","color":"","selected":true},{"label":"37","value":"EU 37","price":"","pimage":"","pimage_id":"","pthumb":"","color":""},{"label":"37.5","value":"EU 37.5","price":"","pimage":"","pimage_id":"","pthumb":"","color":""},{"label":"38","value":"EU 38","price":"","pimage":"","pimage_id":"","pthumb":"","color":""},{"label":"38.5","value":"EU 38.5","price":"","pimage":"","pimage_id":"","pthumb":"","color":""},{"label":"39","value":"EU 39","price":"","pimage":"","pimage_id":"","pthumb":"","color":""},{"label":"39.5","value":"EU 39.5","price":"","pimage":"","pimage_id":"","pthumb":"","color":""},{"label":"40","value":"EU 40","price":"","pimage":"","pimage_id":"","pthumb":"","color":""},{"label":"40.5","value":"EU 40.5","price":"","pimage":"","pimage_id":"","pthumb":"","color":""},{"label":" 41.5","value":"EU 41.5","price":"","pimage":"","pimage_id":"","pthumb":"","color":""},{"label":"42","value":"EU 42","price":"","pimage":"","pimage_id":"","pthumb":"","color":""},{"label":"42.5","value":"EU 42.5","price":"","pimage":"","pimage_id":"","pthumb":"","color":""},{"label":"43","value":"EU 43","price":"","pimage":"","pimage_id":"","pthumb":"","color":""},{"label":"44","value":"EU 44","price":"","pimage":"","pimage_id":"","pthumb":"","color":""},{"label":"44.5","value":"EU 44.5","price":"","pimage":"","pimage_id":"","pthumb":"","color":""},{"label":"45","value":"EU 45","price":"","pimage":"","pimage_id":"","pthumb":"","color":""},{"label":"45.5","value":"EU 45.5","price":"","pimage":"","pimage_id":"","pthumb":"","color":""},{"label":"46","value":"EU 46","price":"","pimage":"","pimage_id":"","pthumb":"","color":""}],"relations":[{"operator":false,"rules":[]}],"form_id":184312,"form_rules":{"pric_cal_option_once":false,"exclude_from_discount":false,"pric_use_as_fee":false,"fee_label":"Fee","render_after_acb":false,"disp_hide_options_price":false}}]},"yoast_head":"<!-- This site is optimized with the Yoast SEO plugin v26.5 - https:\/\/yoast.com\/wordpress\/plugins\/seo\/ -->\n<title>(Women) ASICS Gel Rocket 11 &#039;White Light Ube&#039; - TOURCRUISER PTE. LTD<\/title>\n<meta name=\"robots\" content=\"index, follow, max-snippet:-1, max-image-preview:large, max-video-preview:-1\" \/>\n<link rel=\"canonical\" href=\"https:\/\/tourcruiser.com\/fr\/products\/women-asics-gel-rocket-11-white-light-ube\/\" \/>\n<meta property=\"og:locale\" content=\"fr_FR\" \/>\n<meta property=\"og:type\" content=\"article\" \/>\n<meta property=\"og:title\" content=\"(Women) ASICS Gel Rocket 11 &#039;White Light Ube&#039; - TOURCRUISER PTE. LTD\" \/>\n<meta property=\"og:description\" content=\"ASICS Gel Rocket 11 \u201d\u201d White\/Light Ube\" \/>\n<meta property=\"og:url\" content=\"https:\/\/tourcruiser.com\/fr\/products\/women-asics-gel-rocket-11-white-light-ube\/\" \/>\n<meta property=\"og:site_name\" content=\"Tourcruiser Sneaker Store\" \/>\n<meta property=\"article:modified_time\" content=\"2026-03-14T11:45:30+00:00\" \/>\n<meta name=\"twitter:card\" content=\"summary_large_image\" \/>\n<meta name=\"twitter:image\" content=\"https:\/\/images.novelship.com\/product\/_women__asics_gel_rocket_11__white_light_ube__1072_0_87475.jpeg\" \/>\n<meta name=\"twitter:label1\" content=\"Dur\u00e9e de lecture estim\u00e9e\" \/>\n\t<meta name=\"twitter:data1\" content=\"1 minute\" \/>\n<script type=\"application\/ld+json\" class=\"yoast-schema-graph\">{\"@context\":\"https:\/\/schema.org\",\"@graph\":[{\"@type\":\"WebPage\",\"@id\":\"https:\/\/tourcruiser.com\/fr\/products\/women-asics-gel-rocket-11-white-light-ube\/\",\"url\":\"https:\/\/tourcruiser.com\/fr\/products\/women-asics-gel-rocket-11-white-light-ube\/\",\"name\":\"(Women) ASICS Gel Rocket 11 'White Light Ube' - TOURCRUISER PTE. LTD\",\"isPartOf\":{\"@id\":\"https:\/\/tourcruiser.com\/fr\/#website\"},\"primaryImageOfPage\":{\"@id\":\"https:\/\/tourcruiser.com\/fr\/products\/women-asics-gel-rocket-11-white-light-ube\/#primaryimage\"},\"image\":{\"@id\":\"https:\/\/tourcruiser.com\/fr\/products\/women-asics-gel-rocket-11-white-light-ube\/#primaryimage\"},\"thumbnailUrl\":\"https:\/\/images.novelship.com\/product\/_women__asics_gel_rocket_11__white_light_ube__1072_0_87475.jpeg\",\"datePublished\":\"2026-03-02T08:16:21+00:00\",\"dateModified\":\"2026-03-14T11:45:30+00:00\",\"breadcrumb\":{\"@id\":\"https:\/\/tourcruiser.com\/fr\/products\/women-asics-gel-rocket-11-white-light-ube\/#breadcrumb\"},\"inLanguage\":\"fr-FR\",\"potentialAction\":[{\"@type\":\"ReadAction\",\"target\":[\"https:\/\/tourcruiser.com\/fr\/products\/women-asics-gel-rocket-11-white-light-ube\/\"]}]},{\"@type\":\"ImageObject\",\"inLanguage\":\"fr-FR\",\"@id\":\"https:\/\/tourcruiser.com\/fr\/products\/women-asics-gel-rocket-11-white-light-ube\/#primaryimage\",\"url\":\"https:\/\/images.novelship.com\/product\/_women__asics_gel_rocket_11__white_light_ube__1072_0_87475.jpeg\",\"contentUrl\":\"https:\/\/images.novelship.com\/product\/_women__asics_gel_rocket_11__white_light_ube__1072_0_87475.jpeg\"},{\"@type\":\"BreadcrumbList\",\"@id\":\"https:\/\/tourcruiser.com\/fr\/products\/women-asics-gel-rocket-11-white-light-ube\/#breadcrumb\",\"itemListElement\":[{\"@type\":\"ListItem\",\"position\":1,\"name\":\"Home\",\"item\":\"https:\/\/tourcruiser.com\/fr\/\"},{\"@type\":\"ListItem\",\"position\":2,\"name\":\"Shop\",\"item\":\"https:\/\/tourcruiser.com\/fr\/shop\/\"},{\"@type\":\"ListItem\",\"position\":3,\"name\":\"(Women) ASICS Gel Rocket 11 'White Light Ube'\"}]},{\"@type\":\"WebSite\",\"@id\":\"https:\/\/tourcruiser.com\/fr\/#website\",\"url\":\"https:\/\/tourcruiser.com\/fr\/\",\"name\":\"Styloral Jewelry Shop\",\"description\":\"Tourcruiser Sneaker Store \u2014 L\u2019endroit o\u00f9 l\u2019univers rencontre votre singularit\u00e9.\",\"publisher\":{\"@id\":\"https:\/\/tourcruiser.com\/fr\/#organization\"},\"potentialAction\":[{\"@type\":\"SearchAction\",\"target\":{\"@type\":\"EntryPoint\",\"urlTemplate\":\"https:\/\/tourcruiser.com\/fr\/?s={search_term_string}\"},\"query-input\":{\"@type\":\"PropertyValueSpecification\",\"valueRequired\":true,\"valueName\":\"search_term_string\"}}],\"inLanguage\":\"fr-FR\"},{\"@type\":\"Organization\",\"@id\":\"https:\/\/tourcruiser.com\/fr\/#organization\",\"name\":\"STYLORAL PTE. LTD\",\"url\":\"https:\/\/tourcruiser.com\/fr\/\",\"logo\":{\"@type\":\"ImageObject\",\"inLanguage\":\"fr-FR\",\"@id\":\"https:\/\/tourcruiser.com\/fr\/#\/schema\/logo\/image\/\",\"url\":\"https:\/\/www.tourcruiser.com\/wp-content\/uploads\/2025\/12\/logo.png\",\"contentUrl\":\"https:\/\/www.tourcruiser.com\/wp-content\/uploads\/2025\/12\/logo.png\",\"width\":200,\"height\":65,\"caption\":\"STYLORAL PTE. LTD\"},\"image\":{\"@id\":\"https:\/\/tourcruiser.com\/fr\/#\/schema\/logo\/image\/\"}}]}<\/script>\n<!-- \/ Yoast SEO plugin. -->","yoast_head_json":{"title":"(Women) ASICS Gel Rocket 11 'White Light Ube' - TOURCRUISER PTE. LTD","robots":{"index":"index","follow":"follow","max-snippet":"max-snippet:-1","max-image-preview":"max-image-preview:large","max-video-preview":"max-video-preview:-1"},"canonical":"https:\/\/tourcruiser.com\/fr\/products\/women-asics-gel-rocket-11-white-light-ube\/","og_locale":"fr_FR","og_type":"article","og_title":"(Women) ASICS Gel Rocket 11 'White Light Ube' - TOURCRUISER PTE. LTD","og_description":"ASICS Gel Rocket 11 \u201d\u201d White\/Light Ube","og_url":"https:\/\/tourcruiser.com\/fr\/products\/women-asics-gel-rocket-11-white-light-ube\/","og_site_name":"Tourcruiser Sneaker Store","article_modified_time":"2026-03-14T11:45:30+00:00","twitter_card":"summary_large_image","twitter_image":"https:\/\/images.novelship.com\/product\/_women__asics_gel_rocket_11__white_light_ube__1072_0_87475.jpeg","twitter_misc":{"Dur\u00e9e de lecture estim\u00e9e":"1 minute"},"schema":{"@context":"https:\/\/schema.org","@graph":[{"@type":"WebPage","@id":"https:\/\/tourcruiser.com\/fr\/products\/women-asics-gel-rocket-11-white-light-ube\/","url":"https:\/\/tourcruiser.com\/fr\/products\/women-asics-gel-rocket-11-white-light-ube\/","name":"(Women) ASICS Gel Rocket 11 'White Light Ube' - TOURCRUISER PTE. LTD","isPartOf":{"@id":"https:\/\/tourcruiser.com\/fr\/#website"},"primaryImageOfPage":{"@id":"https:\/\/tourcruiser.com\/fr\/products\/women-asics-gel-rocket-11-white-light-ube\/#primaryimage"},"image":{"@id":"https:\/\/tourcruiser.com\/fr\/products\/women-asics-gel-rocket-11-white-light-ube\/#primaryimage"},"thumbnailUrl":"https:\/\/images.novelship.com\/product\/_women__asics_gel_rocket_11__white_light_ube__1072_0_87475.jpeg","datePublished":"2026-03-02T08:16:21+00:00","dateModified":"2026-03-14T11:45:30+00:00","breadcrumb":{"@id":"https:\/\/tourcruiser.com\/fr\/products\/women-asics-gel-rocket-11-white-light-ube\/#breadcrumb"},"inLanguage":"fr-FR","potentialAction":[{"@type":"ReadAction","target":["https:\/\/tourcruiser.com\/fr\/products\/women-asics-gel-rocket-11-white-light-ube\/"]}]},{"@type":"ImageObject","inLanguage":"fr-FR","@id":"https:\/\/tourcruiser.com\/fr\/products\/women-asics-gel-rocket-11-white-light-ube\/#primaryimage","url":"https:\/\/images.novelship.com\/product\/_women__asics_gel_rocket_11__white_light_ube__1072_0_87475.jpeg","contentUrl":"https:\/\/images.novelship.com\/product\/_women__asics_gel_rocket_11__white_light_ube__1072_0_87475.jpeg"},{"@type":"BreadcrumbList","@id":"https:\/\/tourcruiser.com\/fr\/products\/women-asics-gel-rocket-11-white-light-ube\/#breadcrumb","itemListElement":[{"@type":"ListItem","position":1,"name":"Home","item":"https:\/\/tourcruiser.com\/fr\/"},{"@type":"ListItem","position":2,"name":"Shop","item":"https:\/\/tourcruiser.com\/fr\/shop\/"},{"@type":"ListItem","position":3,"name":"(Women) ASICS Gel Rocket 11 'White Light Ube'"}]},{"@type":"WebSite","@id":"https:\/\/tourcruiser.com\/fr\/#website","url":"https:\/\/tourcruiser.com\/fr\/","name":"Styloral Jewelry Shop","description":"Tourcruiser Sneaker Store \u2014 L\u2019endroit o\u00f9 l\u2019univers rencontre votre singularit\u00e9.","publisher":{"@id":"https:\/\/tourcruiser.com\/fr\/#organization"},"potentialAction":[{"@type":"SearchAction","target":{"@type":"EntryPoint","urlTemplate":"https:\/\/tourcruiser.com\/fr\/?s={search_term_string}"},"query-input":{"@type":"PropertyValueSpecification","valueRequired":true,"valueName":"search_term_string"}}],"inLanguage":"fr-FR"},{"@type":"Organization","@id":"https:\/\/tourcruiser.com\/fr\/#organization","name":"STYLORAL PTE. LTD","url":"https:\/\/tourcruiser.com\/fr\/","logo":{"@type":"ImageObject","inLanguage":"fr-FR","@id":"https:\/\/tourcruiser.com\/fr\/#\/schema\/logo\/image\/","url":"https:\/\/www.tourcruiser.com\/wp-content\/uploads\/2025\/12\/logo.png","contentUrl":"https:\/\/www.tourcruiser.com\/wp-content\/uploads\/2025\/12\/logo.png","width":200,"height":65,"caption":"STYLORAL PTE. LTD"},"image":{"@id":"https:\/\/tourcruiser.com\/fr\/#\/schema\/logo\/image\/"}}]}},"_links":{"self":[{"href":"https:\/\/tourcruiser.com\/fr\/wp-json\/wp\/v2\/product\/55773","targetHints":{"allow":["GET"]}}],"collection":[{"href":"https:\/\/tourcruiser.com\/fr\/wp-json\/wp\/v2\/product"}],"about":[{"href":"https:\/\/tourcruiser.com\/fr\/wp-json\/wp\/v2\/types\/product"}],"replies":[{"embeddable":true,"href":"https:\/\/tourcruiser.com\/fr\/wp-json\/wp\/v2\/comments?post=55773"}],"wp:featuredmedia":[{"embeddable":true,"href":"https:\/\/tourcruiser.com\/fr\/wp-json\/wp\/v2\/media\/55774"}],"wp:attachment":[{"href":"https:\/\/tourcruiser.com\/fr\/wp-json\/wp\/v2\/media?parent=55773"}],"wp:term":[{"taxonomy":"product_brand","embeddable":true,"href":"https:\/\/tourcruiser.com\/fr\/wp-json\/wp\/v2\/product_brand?post=55773"},{"taxonomy":"product_cat","embeddable":true,"href":"https:\/\/tourcruiser.com\/fr\/wp-json\/wp\/v2\/product_cat?post=55773"},{"taxonomy":"product_tag","embeddable":true,"href":"https:\/\/tourcruiser.com\/fr\/wp-json\/wp\/v2\/product_tag?post=55773"}],"curies":[{"name":"wp","href":"https:\/\/api.w.org\/{rel}","templated":true}]}}