{"id":55764,"date":"2026-03-02T15:16:20","date_gmt":"2026-03-02T08:16:20","guid":{"rendered":"http:\/\/tourcruiser.com\/product\/women-nike-revolution-7-white-hyper-crimson"},"modified":"2026-03-14T18:45:29","modified_gmt":"2026-03-14T11:45:29","slug":"women-nike-revolution-7-white-hyper-crimson","status":"publish","type":"product","link":"https:\/\/tourcruiser.com\/fr\/products\/women-nike-revolution-7-white-hyper-crimson\/","title":{"rendered":"(Women) Nike Revolution 7 &lsquo;White Hyper Crimson&rsquo;"},"content":{"rendered":"<p>D\u00e9couvrez un confort ultime et un design \u00e9l\u00e9gant avec la Nike Revolution 7 FB2208-104, une chaussure de running pour femme qui optimise vos performances. Gr\u00e2ce \u00e0 l&rsquo;association de mat\u00e9riaux l\u00e9gers et d&rsquo;une empeigne en mesh respirant, cette chaussure offre une ventilation optimale, gardant vos pieds au frais et confortables pendant vos entra\u00eenements et au quotidien. La semelle interm\u00e9diaire en mousse souple assure un amorti r\u00e9actif, un meilleur maintien et une foul\u00e9e fluide. La semelle ext\u00e9rieure en caoutchouc r\u00e9sistant offre une excellente adh\u00e9rence sur toutes les surfaces, garantissant stabilit\u00e9 et s\u00e9curit\u00e9 sur tapis de course, asphalte ou sentiers. Son design moderne et minimaliste, d\u00e9clin\u00e9 dans des coloris polyvalents, fait de cette chaussure un mod\u00e8le \u00e0 la fois performant et \u00e9l\u00e9gant, s&rsquo;accordant parfaitement avec des tenues sportives et d\u00e9contract\u00e9es. Con\u00e7ue avec le souci du d\u00e9tail et une grande fonctionnalit\u00e9, la Nike Revolution 7 FB2208-104 est id\u00e9ale pour les personnes actives qui appr\u00e9cient \u00e0 la fois la performance et l&rsquo;esth\u00e9tique. Plongez dans un univers d&rsquo;innovation et de polyvalence avec une chaussure de running qui allie confort, durabilit\u00e9 et design intemporel. Coloris\u00a0: Blanc\/Rose fuchsia\/Noir\/Rouge vif R\u00e9f\u00e9rence\u00a0: FB2208-104 Mati\u00e8re ext\u00e9rieure\u00a0: Maille Couleur\u00a0: Blanc<\/p>\n","protected":false},"excerpt":{"rendered":"<p>Nike Revolution 7 \u201d\u201d White\/Beyond Pink\/Black\/Hyper Crimson<\/p>\n","protected":false},"featured_media":55765,"comment_status":"open","ping_status":"closed","template":"","meta":[],"product_brand":[],"product_cat":[10809],"product_tag":[11835,10801,10839,10802,10840,10758],"class_list":{"0":"post-55764","1":"product","2":"type-product","3":"status-publish","4":"has-post-thumbnail","6":"product_cat-nike-women","7":"product_tag-casual-running-shoes","8":"product_tag-nike","9":"product_tag-performance-running-shoes","10":"product_tag-performance-sport-shoes","11":"product_tag-running-shoes","12":"product_tag-under-retail","13":"wcpa_has_options","15":"first","16":"instock","17":"taxable","18":"shipping-taxable","19":"purchasable","20":"product-type-simple"},"wcpa_form_fields":{"rules":{"pric_overide_base_price":false,"pric_overide_base_price_if_gt_zero":false,"pric_overide_base_price_fully":false,"pric_cal_option_once":false,"pric_use_as_fee":false,"bind_quantity":false,"quantity_bind_formula":false},"fields":[{"type":"color-group","required":true,"elementId":"wcpa-color-group-66c4a75505e74","label":"Taille","inline":true,"priceOptions":"different_for_all","pricingType":"fixed","className":"hassizechart product-shoes-size-eu product-shoes-size","name":"color-group-66c4a75505e89","disp_type":"square","selection_type":"tick-border","disp_size":"44","show_label_inside":true,"adjust_width":true,"cart_display_type":"text","other_text":"Other","cl_rule":"show","col":6,"values":[{"label":"35.5","value":"EU 35.5","price":"","pimage":"","pimage_id":"","pthumb":"","color":""},{"label":"36","value":"EU 36","price":"","pimage":"","pimage_id":"","pthumb":"","color":"","selected":true},{"label":"36.5","value":"EU 36.5","price":"","pimage":"","pimage_id":"","pthumb":"","color":""},{"label":"37.5","value":"EU 37.5","price":"","pimage":"","pimage_id":"","pthumb":"","color":""},{"label":"38","value":"EU 38","price":"","pimage":"","pimage_id":"","pthumb":"","color":""},{"label":"38.5","value":"EU 38.5","price":"","pimage":"","pimage_id":"","pthumb":"","color":""},{"label":"39","value":"EU 39","price":"","pimage":"","pimage_id":"","pthumb":"","color":""},{"label":"40","value":"EU 40","price":"","pimage":"","pimage_id":"","pthumb":"","color":""},{"label":"40.5","value":"EU 40.5","price":"","pimage":"","pimage_id":"","pthumb":"","color":""},{"label":"41","value":"EU 41","price":"","pimage":"","pimage_id":"","pthumb":"","color":""},{"label":"42","value":"EU 42","price":"","pimage":"","pimage_id":"","pthumb":"","color":""},{"label":"42.5","value":"EU 42.5","price":"","pimage":"","pimage_id":"","pthumb":"","color":""},{"label":"43","value":"EU 43","price":"","pimage":"","pimage_id":"","pthumb":"","color":""},{"label":"44","value":"EU 44","price":"","pimage":"","pimage_id":"","pthumb":"","color":""},{"label":"44.5","value":"EU 44.5","price":"","pimage":"","pimage_id":"","pthumb":"","color":""},{"label":"45","value":"EU 45","price":"","pimage":"","pimage_id":"","pthumb":"","color":""},{"label":"45.5","value":"EU 45.5","price":"","pimage":"","pimage_id":"","pthumb":"","color":""},{"label":"46","value":"EU 46","price":"","pimage":"","pimage_id":"","pthumb":"","color":""},{"label":"47","value":"EU 47","price":"","pimage":"","pimage_id":"","pthumb":"","color":""},{"label":"47.5","value":"EU 47.5","price":"","pimage":"","pimage_id":"","pthumb":"","color":""},{"label":"48","value":"EU 48","price":"","pimage":"","pimage_id":"","pthumb":"","color":""}],"relations":[{"operator":false,"rules":[]}],"form_id":18106,"form_rules":{"pric_cal_option_once":false,"exclude_from_discount":false,"pric_use_as_fee":false,"fee_label":"Fee","render_after_acb":false,"disp_hide_options_price":false}}]},"yoast_head":"<!-- This site is optimized with the Yoast SEO plugin v26.5 - https:\/\/yoast.com\/wordpress\/plugins\/seo\/ -->\n<title>(Women) Nike Revolution 7 &#039;White Hyper Crimson&#039; - TOURCRUISER PTE. LTD<\/title>\n<meta name=\"robots\" content=\"index, follow, max-snippet:-1, max-image-preview:large, max-video-preview:-1\" \/>\n<link rel=\"canonical\" href=\"https:\/\/tourcruiser.com\/fr\/products\/women-nike-revolution-7-white-hyper-crimson\/\" \/>\n<meta property=\"og:locale\" content=\"fr_FR\" \/>\n<meta property=\"og:type\" content=\"article\" \/>\n<meta property=\"og:title\" content=\"(Women) Nike Revolution 7 &#039;White Hyper Crimson&#039; - TOURCRUISER PTE. LTD\" \/>\n<meta property=\"og:description\" content=\"Nike Revolution 7 \u201d\u201d White\/Beyond Pink\/Black\/Hyper Crimson\" \/>\n<meta property=\"og:url\" content=\"https:\/\/tourcruiser.com\/fr\/products\/women-nike-revolution-7-white-hyper-crimson\/\" \/>\n<meta property=\"og:site_name\" content=\"Tourcruiser Sneaker Store\" \/>\n<meta property=\"article:modified_time\" content=\"2026-03-14T11:45:29+00:00\" \/>\n<meta name=\"twitter:card\" content=\"summary_large_image\" \/>\n<meta name=\"twitter:image\" content=\"https:\/\/images.novelship.com\/product\/_w__nike_revolution_7_fb2208-104_0_18836.jpeg\" \/>\n<meta name=\"twitter:label1\" content=\"Dur\u00e9e de lecture estim\u00e9e\" \/>\n\t<meta name=\"twitter:data1\" content=\"1 minute\" \/>\n<script type=\"application\/ld+json\" class=\"yoast-schema-graph\">{\"@context\":\"https:\/\/schema.org\",\"@graph\":[{\"@type\":\"WebPage\",\"@id\":\"https:\/\/tourcruiser.com\/fr\/products\/women-nike-revolution-7-white-hyper-crimson\/\",\"url\":\"https:\/\/tourcruiser.com\/fr\/products\/women-nike-revolution-7-white-hyper-crimson\/\",\"name\":\"(Women) Nike Revolution 7 'White Hyper Crimson' - TOURCRUISER PTE. LTD\",\"isPartOf\":{\"@id\":\"https:\/\/tourcruiser.com\/fr\/#website\"},\"primaryImageOfPage\":{\"@id\":\"https:\/\/tourcruiser.com\/fr\/products\/women-nike-revolution-7-white-hyper-crimson\/#primaryimage\"},\"image\":{\"@id\":\"https:\/\/tourcruiser.com\/fr\/products\/women-nike-revolution-7-white-hyper-crimson\/#primaryimage\"},\"thumbnailUrl\":\"https:\/\/images.novelship.com\/product\/_w__nike_revolution_7_fb2208-104_0_18836.jpeg\",\"datePublished\":\"2026-03-02T08:16:20+00:00\",\"dateModified\":\"2026-03-14T11:45:29+00:00\",\"breadcrumb\":{\"@id\":\"https:\/\/tourcruiser.com\/fr\/products\/women-nike-revolution-7-white-hyper-crimson\/#breadcrumb\"},\"inLanguage\":\"fr-FR\",\"potentialAction\":[{\"@type\":\"ReadAction\",\"target\":[\"https:\/\/tourcruiser.com\/fr\/products\/women-nike-revolution-7-white-hyper-crimson\/\"]}]},{\"@type\":\"ImageObject\",\"inLanguage\":\"fr-FR\",\"@id\":\"https:\/\/tourcruiser.com\/fr\/products\/women-nike-revolution-7-white-hyper-crimson\/#primaryimage\",\"url\":\"https:\/\/images.novelship.com\/product\/_w__nike_revolution_7_fb2208-104_0_18836.jpeg\",\"contentUrl\":\"https:\/\/images.novelship.com\/product\/_w__nike_revolution_7_fb2208-104_0_18836.jpeg\"},{\"@type\":\"BreadcrumbList\",\"@id\":\"https:\/\/tourcruiser.com\/fr\/products\/women-nike-revolution-7-white-hyper-crimson\/#breadcrumb\",\"itemListElement\":[{\"@type\":\"ListItem\",\"position\":1,\"name\":\"Home\",\"item\":\"https:\/\/tourcruiser.com\/fr\/\"},{\"@type\":\"ListItem\",\"position\":2,\"name\":\"Shop\",\"item\":\"https:\/\/tourcruiser.com\/fr\/shop\/\"},{\"@type\":\"ListItem\",\"position\":3,\"name\":\"(Women) Nike Revolution 7 'White Hyper Crimson'\"}]},{\"@type\":\"WebSite\",\"@id\":\"https:\/\/tourcruiser.com\/fr\/#website\",\"url\":\"https:\/\/tourcruiser.com\/fr\/\",\"name\":\"Styloral Jewelry Shop\",\"description\":\"Tourcruiser Sneaker Store \u2014 L\u2019endroit o\u00f9 l\u2019univers rencontre votre singularit\u00e9.\",\"publisher\":{\"@id\":\"https:\/\/tourcruiser.com\/fr\/#organization\"},\"potentialAction\":[{\"@type\":\"SearchAction\",\"target\":{\"@type\":\"EntryPoint\",\"urlTemplate\":\"https:\/\/tourcruiser.com\/fr\/?s={search_term_string}\"},\"query-input\":{\"@type\":\"PropertyValueSpecification\",\"valueRequired\":true,\"valueName\":\"search_term_string\"}}],\"inLanguage\":\"fr-FR\"},{\"@type\":\"Organization\",\"@id\":\"https:\/\/tourcruiser.com\/fr\/#organization\",\"name\":\"STYLORAL PTE. LTD\",\"url\":\"https:\/\/tourcruiser.com\/fr\/\",\"logo\":{\"@type\":\"ImageObject\",\"inLanguage\":\"fr-FR\",\"@id\":\"https:\/\/tourcruiser.com\/fr\/#\/schema\/logo\/image\/\",\"url\":\"https:\/\/www.tourcruiser.com\/wp-content\/uploads\/2025\/12\/logo.png\",\"contentUrl\":\"https:\/\/www.tourcruiser.com\/wp-content\/uploads\/2025\/12\/logo.png\",\"width\":200,\"height\":65,\"caption\":\"STYLORAL PTE. LTD\"},\"image\":{\"@id\":\"https:\/\/tourcruiser.com\/fr\/#\/schema\/logo\/image\/\"}}]}<\/script>\n<!-- \/ Yoast SEO plugin. -->","yoast_head_json":{"title":"(Women) Nike Revolution 7 'White Hyper Crimson' - TOURCRUISER PTE. LTD","robots":{"index":"index","follow":"follow","max-snippet":"max-snippet:-1","max-image-preview":"max-image-preview:large","max-video-preview":"max-video-preview:-1"},"canonical":"https:\/\/tourcruiser.com\/fr\/products\/women-nike-revolution-7-white-hyper-crimson\/","og_locale":"fr_FR","og_type":"article","og_title":"(Women) Nike Revolution 7 'White Hyper Crimson' - TOURCRUISER PTE. LTD","og_description":"Nike Revolution 7 \u201d\u201d White\/Beyond Pink\/Black\/Hyper Crimson","og_url":"https:\/\/tourcruiser.com\/fr\/products\/women-nike-revolution-7-white-hyper-crimson\/","og_site_name":"Tourcruiser Sneaker Store","article_modified_time":"2026-03-14T11:45:29+00:00","twitter_card":"summary_large_image","twitter_image":"https:\/\/images.novelship.com\/product\/_w__nike_revolution_7_fb2208-104_0_18836.jpeg","twitter_misc":{"Dur\u00e9e de lecture estim\u00e9e":"1 minute"},"schema":{"@context":"https:\/\/schema.org","@graph":[{"@type":"WebPage","@id":"https:\/\/tourcruiser.com\/fr\/products\/women-nike-revolution-7-white-hyper-crimson\/","url":"https:\/\/tourcruiser.com\/fr\/products\/women-nike-revolution-7-white-hyper-crimson\/","name":"(Women) Nike Revolution 7 'White Hyper Crimson' - TOURCRUISER PTE. LTD","isPartOf":{"@id":"https:\/\/tourcruiser.com\/fr\/#website"},"primaryImageOfPage":{"@id":"https:\/\/tourcruiser.com\/fr\/products\/women-nike-revolution-7-white-hyper-crimson\/#primaryimage"},"image":{"@id":"https:\/\/tourcruiser.com\/fr\/products\/women-nike-revolution-7-white-hyper-crimson\/#primaryimage"},"thumbnailUrl":"https:\/\/images.novelship.com\/product\/_w__nike_revolution_7_fb2208-104_0_18836.jpeg","datePublished":"2026-03-02T08:16:20+00:00","dateModified":"2026-03-14T11:45:29+00:00","breadcrumb":{"@id":"https:\/\/tourcruiser.com\/fr\/products\/women-nike-revolution-7-white-hyper-crimson\/#breadcrumb"},"inLanguage":"fr-FR","potentialAction":[{"@type":"ReadAction","target":["https:\/\/tourcruiser.com\/fr\/products\/women-nike-revolution-7-white-hyper-crimson\/"]}]},{"@type":"ImageObject","inLanguage":"fr-FR","@id":"https:\/\/tourcruiser.com\/fr\/products\/women-nike-revolution-7-white-hyper-crimson\/#primaryimage","url":"https:\/\/images.novelship.com\/product\/_w__nike_revolution_7_fb2208-104_0_18836.jpeg","contentUrl":"https:\/\/images.novelship.com\/product\/_w__nike_revolution_7_fb2208-104_0_18836.jpeg"},{"@type":"BreadcrumbList","@id":"https:\/\/tourcruiser.com\/fr\/products\/women-nike-revolution-7-white-hyper-crimson\/#breadcrumb","itemListElement":[{"@type":"ListItem","position":1,"name":"Home","item":"https:\/\/tourcruiser.com\/fr\/"},{"@type":"ListItem","position":2,"name":"Shop","item":"https:\/\/tourcruiser.com\/fr\/shop\/"},{"@type":"ListItem","position":3,"name":"(Women) Nike Revolution 7 'White Hyper Crimson'"}]},{"@type":"WebSite","@id":"https:\/\/tourcruiser.com\/fr\/#website","url":"https:\/\/tourcruiser.com\/fr\/","name":"Styloral Jewelry Shop","description":"Tourcruiser Sneaker Store \u2014 L\u2019endroit o\u00f9 l\u2019univers rencontre votre singularit\u00e9.","publisher":{"@id":"https:\/\/tourcruiser.com\/fr\/#organization"},"potentialAction":[{"@type":"SearchAction","target":{"@type":"EntryPoint","urlTemplate":"https:\/\/tourcruiser.com\/fr\/?s={search_term_string}"},"query-input":{"@type":"PropertyValueSpecification","valueRequired":true,"valueName":"search_term_string"}}],"inLanguage":"fr-FR"},{"@type":"Organization","@id":"https:\/\/tourcruiser.com\/fr\/#organization","name":"STYLORAL PTE. LTD","url":"https:\/\/tourcruiser.com\/fr\/","logo":{"@type":"ImageObject","inLanguage":"fr-FR","@id":"https:\/\/tourcruiser.com\/fr\/#\/schema\/logo\/image\/","url":"https:\/\/www.tourcruiser.com\/wp-content\/uploads\/2025\/12\/logo.png","contentUrl":"https:\/\/www.tourcruiser.com\/wp-content\/uploads\/2025\/12\/logo.png","width":200,"height":65,"caption":"STYLORAL PTE. LTD"},"image":{"@id":"https:\/\/tourcruiser.com\/fr\/#\/schema\/logo\/image\/"}}]}},"_links":{"self":[{"href":"https:\/\/tourcruiser.com\/fr\/wp-json\/wp\/v2\/product\/55764","targetHints":{"allow":["GET"]}}],"collection":[{"href":"https:\/\/tourcruiser.com\/fr\/wp-json\/wp\/v2\/product"}],"about":[{"href":"https:\/\/tourcruiser.com\/fr\/wp-json\/wp\/v2\/types\/product"}],"replies":[{"embeddable":true,"href":"https:\/\/tourcruiser.com\/fr\/wp-json\/wp\/v2\/comments?post=55764"}],"wp:featuredmedia":[{"embeddable":true,"href":"https:\/\/tourcruiser.com\/fr\/wp-json\/wp\/v2\/media\/55765"}],"wp:attachment":[{"href":"https:\/\/tourcruiser.com\/fr\/wp-json\/wp\/v2\/media?parent=55764"}],"wp:term":[{"taxonomy":"product_brand","embeddable":true,"href":"https:\/\/tourcruiser.com\/fr\/wp-json\/wp\/v2\/product_brand?post=55764"},{"taxonomy":"product_cat","embeddable":true,"href":"https:\/\/tourcruiser.com\/fr\/wp-json\/wp\/v2\/product_cat?post=55764"},{"taxonomy":"product_tag","embeddable":true,"href":"https:\/\/tourcruiser.com\/fr\/wp-json\/wp\/v2\/product_tag?post=55764"}],"curies":[{"name":"wp","href":"https:\/\/api.w.org\/{rel}","templated":true}]}}