{"id":55745,"date":"2026-03-02T15:16:19","date_gmt":"2026-03-02T08:16:19","guid":{"rendered":"http:\/\/tourcruiser.com\/product\/adidas-adizero-triple-jumppole-vault-track-shoes-bluezero-metaliclucid-lemon"},"modified":"2026-03-14T18:02:07","modified_gmt":"2026-03-14T11:02:07","slug":"adidas-adizero-triple-jumppole-vault-track-shoes-bluezero-metaliclucid-lemon","status":"publish","type":"product","link":"https:\/\/tourcruiser.com\/fr\/products\/adidas-adizero-triple-jumppole-vault-track-shoes-bluezero-metaliclucid-lemon\/","title":{"rendered":"Adidas Adizero Triple Jump\/Pole Vault Track Shoes Blue\/Zero Metalic\/Lucid Lemon"},"content":{"rendered":"<p>Am\u00e9liorez vos performances athl\u00e9tiques avec les chaussures de triple saut\/saut \u00e0 la perche Adidas Adizero, con\u00e7ues pour les champions en devenir du monde entier. Arborant une combinaison de couleurs dynamique (bleu, Zero Metallic et Lucid Lemon), ces chaussures offrent une vitesse et une agilit\u00e9 in\u00e9gal\u00e9es. Gr\u00e2ce \u00e0 des mat\u00e9riaux de pointe, elles assurent une adh\u00e9rence et une stabilit\u00e9 exceptionnelles pour des mouvements explosifs. La gamme Adizero est id\u00e9ale pour les athl\u00e8tes qui visent l&rsquo;excellence et garantit des performances optimales \u00e0 chaque saut. Atteignez des performances de haut niveau et surpassez vos concurrents gr\u00e2ce \u00e0 l&rsquo;innovation sup\u00e9rieure d&rsquo;Adidas.<\/p>\n<ul>\n<li><strong>Combinaison de couleurs\u00a0:<\/strong> Bleu\/Zero Metallic\/Lucid Lemon<\/li>\n<li><strong>R\u00e9f\u00e9rence\u00a0:<\/strong> JH5232<\/li>\n<li><strong>Couleur\u00a0:<\/strong> Turquoise<\/li>\n<\/ul>\n","protected":false},"excerpt":{"rendered":"<p>adidas Adizero TJ\/PV \u201d\u201d Blue\/Zero Metalic\/Lucid Lemon<\/p>\n","protected":false},"featured_media":55746,"comment_status":"open","ping_status":"closed","template":"","meta":[],"product_brand":[],"product_cat":[10760],"product_tag":[10759,19303,19304,10802,19305,10877],"class_list":{"0":"post-55745","1":"product","2":"type-product","3":"status-publish","4":"has-post-thumbnail","6":"product_cat-adidas","7":"product_tag-adidas","8":"product_tag-jumping-event-shoes","9":"product_tag-lightweight-performance-shoes","10":"product_tag-performance-sport-shoes","11":"product_tag-pole-vault-shoes","12":"product_tag-track-field-shoes","13":"wcpa_has_options","15":"first","16":"instock","17":"taxable","18":"shipping-taxable","19":"purchasable","20":"product-type-simple"},"wcpa_form_fields":{"rules":{"pric_overide_base_price":false,"pric_overide_base_price_if_gt_zero":false,"pric_overide_base_price_fully":false,"pric_cal_option_once":false,"pric_use_as_fee":false,"bind_quantity":false,"quantity_bind_formula":false},"fields":[{"type":"color-group","required":true,"elementId":"wcpa-color-group-66c4a7f817afe","label":"Taille","inline":true,"priceOptions":"different_for_all","pricingType":"fixed","className":"hassizechart product-shoes-size-eu product-shoes-size","name":"color-group-66c4a7f817b18","disp_type":"square","selection_type":"tick-border","disp_size":"50","show_label_inside":true,"adjust_width":true,"cart_display_type":"text","other_text":"Other","cl_rule":"show","col":6,"values":[{"label":"35","value":"EU 35","price":"","pimage":"","pimage_id":"","pthumb":"","color":""},{"label":"35.5","value":"EU 35.5","price":"","pimage":"","pimage_id":"","pthumb":"","color":""},{"label":"36","value":"EU 36","price":"","pimage":"","pimage_id":"","pthumb":"","color":"","selected":true},{"label":"36 2\/3","value":"EU 36 2\/3","price":"","pimage":"","pimage_id":"","pthumb":"","color":""},{"label":"37 1\/3","value":"EU 37 1\/3","price":"","pimage":"","pimage_id":"","pthumb":"","color":""},{"label":"38","value":"EU 38","price":"","pimage":"","pimage_id":"","pthumb":"","color":""},{"label":"38 2\/3","value":"EU 38 2\/3","price":"","pimage":"","pimage_id":"","pthumb":"","color":""},{"label":"39 1\/3","value":"EU 39 1\/3","price":"","pimage":"","pimage_id":"","pthumb":"","color":""},{"label":"40","value":"EU 40","price":"","pimage":"","pimage_id":"","pthumb":"","color":""},{"label":"40 2\/3","value":"EU 40 2\/3","price":"","pimage":"","pimage_id":"","pthumb":"","color":""},{"label":"41 1\/3","value":"EU 41 1\/3","price":"","pimage":"","pimage_id":"","pthumb":"","color":""},{"label":"42","value":"EU 42","price":"","pimage":"","pimage_id":"","pthumb":"","color":""},{"label":"42 2\/3","value":"EU 42 2\/3","price":"","pimage":"","pimage_id":"","pthumb":"","color":""},{"label":"43 1\/3","value":"EU 43 1\/3","price":"","pimage":"","pimage_id":"","pthumb":"","color":""},{"label":"44","value":"EU 44","price":"","pimage":"","pimage_id":"","pthumb":"","color":""},{"label":"44 2\/3","value":"EU 44 2\/3","price":"","pimage":"","pimage_id":"","pthumb":"","color":""},{"label":"45 1\/3","value":"EU 45 1\/3","price":"","pimage":"","pimage_id":"","pthumb":"","color":""},{"label":"46","value":"EU 46","price":"","pimage":"","pimage_id":"","pthumb":"","color":""},{"label":"46 2\/3","value":"EU 46 2\/3","price":"","pimage":"","pimage_id":"","pthumb":"","color":""},{"label":"47 1\/3","value":"EU 47 1\/3","price":"","pimage":"","pimage_id":"","pthumb":"","color":""}],"relations":[{"operator":false,"rules":[]}],"form_id":24802,"form_rules":{"pric_cal_option_once":false,"exclude_from_discount":false,"pric_use_as_fee":false,"fee_label":"Fee","render_after_acb":false,"disp_hide_options_price":false}}]},"yoast_head":"<!-- This site is optimized with the Yoast SEO plugin v26.5 - https:\/\/yoast.com\/wordpress\/plugins\/seo\/ -->\n<title>Adidas Adizero Triple Jump\/Pole Vault Track Shoes Blue\/Zero Metalic\/Lucid Lemon - TOURCRUISER PTE. LTD<\/title>\n<meta name=\"robots\" content=\"index, follow, max-snippet:-1, max-image-preview:large, max-video-preview:-1\" \/>\n<link rel=\"canonical\" href=\"https:\/\/tourcruiser.com\/fr\/products\/adidas-adizero-triple-jumppole-vault-track-shoes-bluezero-metaliclucid-lemon\/\" \/>\n<meta property=\"og:locale\" content=\"fr_FR\" \/>\n<meta property=\"og:type\" content=\"article\" \/>\n<meta property=\"og:title\" content=\"Adidas Adizero Triple Jump\/Pole Vault Track Shoes Blue\/Zero Metalic\/Lucid Lemon - TOURCRUISER PTE. LTD\" \/>\n<meta property=\"og:description\" content=\"adidas Adizero TJ\/PV \u201d\u201d Blue\/Zero Metalic\/Lucid Lemon\" \/>\n<meta property=\"og:url\" content=\"https:\/\/tourcruiser.com\/fr\/products\/adidas-adizero-triple-jumppole-vault-track-shoes-bluezero-metaliclucid-lemon\/\" \/>\n<meta property=\"og:site_name\" content=\"Tourcruiser Sneaker Store\" \/>\n<meta property=\"article:modified_time\" content=\"2026-03-14T11:02:07+00:00\" \/>\n<meta name=\"twitter:card\" content=\"summary_large_image\" \/>\n<meta name=\"twitter:image\" content=\"https:\/\/images.novelship.com\/product\/adidas_adizero_triple_jump_pole_vault_track_shoes__0_98143.jpeg\" \/>\n<meta name=\"twitter:label1\" content=\"Dur\u00e9e de lecture estim\u00e9e\" \/>\n\t<meta name=\"twitter:data1\" content=\"1 minute\" \/>\n<script type=\"application\/ld+json\" class=\"yoast-schema-graph\">{\"@context\":\"https:\/\/schema.org\",\"@graph\":[{\"@type\":\"WebPage\",\"@id\":\"https:\/\/tourcruiser.com\/fr\/products\/adidas-adizero-triple-jumppole-vault-track-shoes-bluezero-metaliclucid-lemon\/\",\"url\":\"https:\/\/tourcruiser.com\/fr\/products\/adidas-adizero-triple-jumppole-vault-track-shoes-bluezero-metaliclucid-lemon\/\",\"name\":\"Adidas Adizero Triple Jump\/Pole Vault Track Shoes Blue\/Zero Metalic\/Lucid Lemon - TOURCRUISER PTE. LTD\",\"isPartOf\":{\"@id\":\"https:\/\/tourcruiser.com\/fr\/#website\"},\"primaryImageOfPage\":{\"@id\":\"https:\/\/tourcruiser.com\/fr\/products\/adidas-adizero-triple-jumppole-vault-track-shoes-bluezero-metaliclucid-lemon\/#primaryimage\"},\"image\":{\"@id\":\"https:\/\/tourcruiser.com\/fr\/products\/adidas-adizero-triple-jumppole-vault-track-shoes-bluezero-metaliclucid-lemon\/#primaryimage\"},\"thumbnailUrl\":\"https:\/\/images.novelship.com\/product\/adidas_adizero_triple_jump_pole_vault_track_shoes__0_98143.jpeg\",\"datePublished\":\"2026-03-02T08:16:19+00:00\",\"dateModified\":\"2026-03-14T11:02:07+00:00\",\"breadcrumb\":{\"@id\":\"https:\/\/tourcruiser.com\/fr\/products\/adidas-adizero-triple-jumppole-vault-track-shoes-bluezero-metaliclucid-lemon\/#breadcrumb\"},\"inLanguage\":\"fr-FR\",\"potentialAction\":[{\"@type\":\"ReadAction\",\"target\":[\"https:\/\/tourcruiser.com\/fr\/products\/adidas-adizero-triple-jumppole-vault-track-shoes-bluezero-metaliclucid-lemon\/\"]}]},{\"@type\":\"ImageObject\",\"inLanguage\":\"fr-FR\",\"@id\":\"https:\/\/tourcruiser.com\/fr\/products\/adidas-adizero-triple-jumppole-vault-track-shoes-bluezero-metaliclucid-lemon\/#primaryimage\",\"url\":\"https:\/\/images.novelship.com\/product\/adidas_adizero_triple_jump_pole_vault_track_shoes__0_98143.jpeg\",\"contentUrl\":\"https:\/\/images.novelship.com\/product\/adidas_adizero_triple_jump_pole_vault_track_shoes__0_98143.jpeg\"},{\"@type\":\"BreadcrumbList\",\"@id\":\"https:\/\/tourcruiser.com\/fr\/products\/adidas-adizero-triple-jumppole-vault-track-shoes-bluezero-metaliclucid-lemon\/#breadcrumb\",\"itemListElement\":[{\"@type\":\"ListItem\",\"position\":1,\"name\":\"Home\",\"item\":\"https:\/\/tourcruiser.com\/fr\/\"},{\"@type\":\"ListItem\",\"position\":2,\"name\":\"Shop\",\"item\":\"https:\/\/tourcruiser.com\/fr\/shop\/\"},{\"@type\":\"ListItem\",\"position\":3,\"name\":\"Adidas Adizero Triple Jump\/Pole Vault Track Shoes Blue\/Zero Metalic\/Lucid Lemon\"}]},{\"@type\":\"WebSite\",\"@id\":\"https:\/\/tourcruiser.com\/fr\/#website\",\"url\":\"https:\/\/tourcruiser.com\/fr\/\",\"name\":\"Styloral Jewelry Shop\",\"description\":\"Tourcruiser Sneaker Store \u2014 L\u2019endroit o\u00f9 l\u2019univers rencontre votre singularit\u00e9.\",\"publisher\":{\"@id\":\"https:\/\/tourcruiser.com\/fr\/#organization\"},\"potentialAction\":[{\"@type\":\"SearchAction\",\"target\":{\"@type\":\"EntryPoint\",\"urlTemplate\":\"https:\/\/tourcruiser.com\/fr\/?s={search_term_string}\"},\"query-input\":{\"@type\":\"PropertyValueSpecification\",\"valueRequired\":true,\"valueName\":\"search_term_string\"}}],\"inLanguage\":\"fr-FR\"},{\"@type\":\"Organization\",\"@id\":\"https:\/\/tourcruiser.com\/fr\/#organization\",\"name\":\"STYLORAL PTE. LTD\",\"url\":\"https:\/\/tourcruiser.com\/fr\/\",\"logo\":{\"@type\":\"ImageObject\",\"inLanguage\":\"fr-FR\",\"@id\":\"https:\/\/tourcruiser.com\/fr\/#\/schema\/logo\/image\/\",\"url\":\"https:\/\/www.tourcruiser.com\/wp-content\/uploads\/2025\/12\/logo.png\",\"contentUrl\":\"https:\/\/www.tourcruiser.com\/wp-content\/uploads\/2025\/12\/logo.png\",\"width\":200,\"height\":65,\"caption\":\"STYLORAL PTE. LTD\"},\"image\":{\"@id\":\"https:\/\/tourcruiser.com\/fr\/#\/schema\/logo\/image\/\"}}]}<\/script>\n<!-- \/ Yoast SEO plugin. -->","yoast_head_json":{"title":"Adidas Adizero Triple Jump\/Pole Vault Track Shoes Blue\/Zero Metalic\/Lucid Lemon - TOURCRUISER PTE. LTD","robots":{"index":"index","follow":"follow","max-snippet":"max-snippet:-1","max-image-preview":"max-image-preview:large","max-video-preview":"max-video-preview:-1"},"canonical":"https:\/\/tourcruiser.com\/fr\/products\/adidas-adizero-triple-jumppole-vault-track-shoes-bluezero-metaliclucid-lemon\/","og_locale":"fr_FR","og_type":"article","og_title":"Adidas Adizero Triple Jump\/Pole Vault Track Shoes Blue\/Zero Metalic\/Lucid Lemon - TOURCRUISER PTE. LTD","og_description":"adidas Adizero TJ\/PV \u201d\u201d Blue\/Zero Metalic\/Lucid Lemon","og_url":"https:\/\/tourcruiser.com\/fr\/products\/adidas-adizero-triple-jumppole-vault-track-shoes-bluezero-metaliclucid-lemon\/","og_site_name":"Tourcruiser Sneaker Store","article_modified_time":"2026-03-14T11:02:07+00:00","twitter_card":"summary_large_image","twitter_image":"https:\/\/images.novelship.com\/product\/adidas_adizero_triple_jump_pole_vault_track_shoes__0_98143.jpeg","twitter_misc":{"Dur\u00e9e de lecture estim\u00e9e":"1 minute"},"schema":{"@context":"https:\/\/schema.org","@graph":[{"@type":"WebPage","@id":"https:\/\/tourcruiser.com\/fr\/products\/adidas-adizero-triple-jumppole-vault-track-shoes-bluezero-metaliclucid-lemon\/","url":"https:\/\/tourcruiser.com\/fr\/products\/adidas-adizero-triple-jumppole-vault-track-shoes-bluezero-metaliclucid-lemon\/","name":"Adidas Adizero Triple Jump\/Pole Vault Track Shoes Blue\/Zero Metalic\/Lucid Lemon - TOURCRUISER PTE. LTD","isPartOf":{"@id":"https:\/\/tourcruiser.com\/fr\/#website"},"primaryImageOfPage":{"@id":"https:\/\/tourcruiser.com\/fr\/products\/adidas-adizero-triple-jumppole-vault-track-shoes-bluezero-metaliclucid-lemon\/#primaryimage"},"image":{"@id":"https:\/\/tourcruiser.com\/fr\/products\/adidas-adizero-triple-jumppole-vault-track-shoes-bluezero-metaliclucid-lemon\/#primaryimage"},"thumbnailUrl":"https:\/\/images.novelship.com\/product\/adidas_adizero_triple_jump_pole_vault_track_shoes__0_98143.jpeg","datePublished":"2026-03-02T08:16:19+00:00","dateModified":"2026-03-14T11:02:07+00:00","breadcrumb":{"@id":"https:\/\/tourcruiser.com\/fr\/products\/adidas-adizero-triple-jumppole-vault-track-shoes-bluezero-metaliclucid-lemon\/#breadcrumb"},"inLanguage":"fr-FR","potentialAction":[{"@type":"ReadAction","target":["https:\/\/tourcruiser.com\/fr\/products\/adidas-adizero-triple-jumppole-vault-track-shoes-bluezero-metaliclucid-lemon\/"]}]},{"@type":"ImageObject","inLanguage":"fr-FR","@id":"https:\/\/tourcruiser.com\/fr\/products\/adidas-adizero-triple-jumppole-vault-track-shoes-bluezero-metaliclucid-lemon\/#primaryimage","url":"https:\/\/images.novelship.com\/product\/adidas_adizero_triple_jump_pole_vault_track_shoes__0_98143.jpeg","contentUrl":"https:\/\/images.novelship.com\/product\/adidas_adizero_triple_jump_pole_vault_track_shoes__0_98143.jpeg"},{"@type":"BreadcrumbList","@id":"https:\/\/tourcruiser.com\/fr\/products\/adidas-adizero-triple-jumppole-vault-track-shoes-bluezero-metaliclucid-lemon\/#breadcrumb","itemListElement":[{"@type":"ListItem","position":1,"name":"Home","item":"https:\/\/tourcruiser.com\/fr\/"},{"@type":"ListItem","position":2,"name":"Shop","item":"https:\/\/tourcruiser.com\/fr\/shop\/"},{"@type":"ListItem","position":3,"name":"Adidas Adizero Triple Jump\/Pole Vault Track Shoes Blue\/Zero Metalic\/Lucid Lemon"}]},{"@type":"WebSite","@id":"https:\/\/tourcruiser.com\/fr\/#website","url":"https:\/\/tourcruiser.com\/fr\/","name":"Styloral Jewelry Shop","description":"Tourcruiser Sneaker Store \u2014 L\u2019endroit o\u00f9 l\u2019univers rencontre votre singularit\u00e9.","publisher":{"@id":"https:\/\/tourcruiser.com\/fr\/#organization"},"potentialAction":[{"@type":"SearchAction","target":{"@type":"EntryPoint","urlTemplate":"https:\/\/tourcruiser.com\/fr\/?s={search_term_string}"},"query-input":{"@type":"PropertyValueSpecification","valueRequired":true,"valueName":"search_term_string"}}],"inLanguage":"fr-FR"},{"@type":"Organization","@id":"https:\/\/tourcruiser.com\/fr\/#organization","name":"STYLORAL PTE. LTD","url":"https:\/\/tourcruiser.com\/fr\/","logo":{"@type":"ImageObject","inLanguage":"fr-FR","@id":"https:\/\/tourcruiser.com\/fr\/#\/schema\/logo\/image\/","url":"https:\/\/www.tourcruiser.com\/wp-content\/uploads\/2025\/12\/logo.png","contentUrl":"https:\/\/www.tourcruiser.com\/wp-content\/uploads\/2025\/12\/logo.png","width":200,"height":65,"caption":"STYLORAL PTE. LTD"},"image":{"@id":"https:\/\/tourcruiser.com\/fr\/#\/schema\/logo\/image\/"}}]}},"_links":{"self":[{"href":"https:\/\/tourcruiser.com\/fr\/wp-json\/wp\/v2\/product\/55745","targetHints":{"allow":["GET"]}}],"collection":[{"href":"https:\/\/tourcruiser.com\/fr\/wp-json\/wp\/v2\/product"}],"about":[{"href":"https:\/\/tourcruiser.com\/fr\/wp-json\/wp\/v2\/types\/product"}],"replies":[{"embeddable":true,"href":"https:\/\/tourcruiser.com\/fr\/wp-json\/wp\/v2\/comments?post=55745"}],"wp:featuredmedia":[{"embeddable":true,"href":"https:\/\/tourcruiser.com\/fr\/wp-json\/wp\/v2\/media\/55746"}],"wp:attachment":[{"href":"https:\/\/tourcruiser.com\/fr\/wp-json\/wp\/v2\/media?parent=55745"}],"wp:term":[{"taxonomy":"product_brand","embeddable":true,"href":"https:\/\/tourcruiser.com\/fr\/wp-json\/wp\/v2\/product_brand?post=55745"},{"taxonomy":"product_cat","embeddable":true,"href":"https:\/\/tourcruiser.com\/fr\/wp-json\/wp\/v2\/product_cat?post=55745"},{"taxonomy":"product_tag","embeddable":true,"href":"https:\/\/tourcruiser.com\/fr\/wp-json\/wp\/v2\/product_tag?post=55745"}],"curies":[{"name":"wp","href":"https:\/\/api.w.org\/{rel}","templated":true}]}}