{"id":54620,"date":"2026-03-02T15:14:43","date_gmt":"2026-03-02T08:14:43","guid":{"rendered":"http:\/\/tourcruiser.com\/product\/copa-icon-2-fgag-soccer-cleats-for-artificial-and-natural-grass"},"modified":"2026-03-14T18:42:55","modified_gmt":"2026-03-14T11:42:55","slug":"copa-icon-2-fgag-soccer-cleats-for-artificial-and-natural-grass","status":"publish","type":"product","link":"https:\/\/tourcruiser.com\/fr\/products\/copa-icon-2-fgag-soccer-cleats-for-artificial-and-natural-grass\/","title":{"rendered":"Copa Icon 2 FG\/AG Soccer Cleats for Artificial and Natural Grass"},"content":{"rendered":"<p>Dominez votre jeu avec les chaussures de football Copa Icon 2 FG\/AG, con\u00e7ues pour des performances in\u00e9gal\u00e9es sur les terrains synth\u00e9tiques et naturels. Pens\u00e9es pour la pr\u00e9cision et le contr\u00f4le, ces chaussures sont dot\u00e9es d&rsquo;une tige en cuir synth\u00e9tique haut de gamme pour une durabilit\u00e9 accrue et un ajustement pr\u00e9cis et adaptatif qui vous donne l&rsquo;assurance n\u00e9cessaire pour dominer chaque match. Leur conception l\u00e9g\u00e8re garantit une agilit\u00e9 maximale, tandis que la semelle hybride FG\/AG offre une traction et une stabilit\u00e9 optimales sur diff\u00e9rentes surfaces, permettant des transitions fluides dans le jeu. Les crampons strat\u00e9giquement plac\u00e9s offrent une adh\u00e9rence sup\u00e9rieure pour des mouvements explosifs et des changements de direction rapides, vous donnant une longueur d&rsquo;avance sur vos adversaires. Le design \u00e9l\u00e9gant et moderne compl\u00e8te la haute fonctionnalit\u00e9, vous permettant de jouer avec style et confiance. Que vous perfectionniez vos comp\u00e9tences \u00e0 l&rsquo;entra\u00eenement ou que vous concouriez au plus haut niveau, les chaussures de football Copa Icon 2 FG\/AG sont le choix ultime pour les joueurs exigeants. Lib\u00e9rez votre potentiel et profitez d&rsquo;un confort, d&rsquo;un contr\u00f4le et d&rsquo;une durabilit\u00e9 sup\u00e9rieurs \u00e0 chaque pas. Coloris : Blanc nuage\/Noir\/Rubis pur. Num\u00e9ro d&rsquo;article : JH7005. Mati\u00e8re de la tige : Cuir. Couleur : Blanc.<\/p>\n","protected":false},"excerpt":{"rendered":"<p>adidas Copa Icon 2 FG\/AG \u201d\u201d Cloud White\/Core Black\/Pure Ruby<\/p>\n","protected":false},"featured_media":54621,"comment_status":"open","ping_status":"closed","template":"","meta":[],"product_brand":[],"product_cat":[10760],"product_tag":[10759,11476,11087,10802,10986,10987,10758],"class_list":{"0":"post-54620","1":"product","2":"type-product","3":"status-publish","4":"has-post-thumbnail","6":"product_cat-adidas","7":"product_tag-adidas","8":"product_tag-artificial-ground-ag-football-boots","9":"product_tag-firm-ground-fg-football-boots","10":"product_tag-performance-sport-shoes","11":"product_tag-soccer-shoes","12":"product_tag-soccer-shoes-football-cleats","13":"product_tag-under-retail","14":"wcpa_has_options","16":"first","17":"instock","18":"taxable","19":"shipping-taxable","20":"purchasable","21":"product-type-simple"},"wcpa_form_fields":{"rules":{"pric_overide_base_price":false,"pric_overide_base_price_if_gt_zero":false,"pric_overide_base_price_fully":false,"pric_cal_option_once":false,"pric_use_as_fee":false,"bind_quantity":false,"quantity_bind_formula":false},"fields":[{"type":"color-group","required":true,"elementId":"wcpa-color-group-66c4a7f817afe","label":"Taille","inline":true,"priceOptions":"different_for_all","pricingType":"fixed","className":"hassizechart product-shoes-size-eu product-shoes-size","name":"color-group-66c4a7f817b18","disp_type":"square","selection_type":"tick-border","disp_size":"50","show_label_inside":true,"adjust_width":true,"cart_display_type":"text","other_text":"Other","cl_rule":"show","col":6,"values":[{"label":"35","value":"EU 35","price":"","pimage":"","pimage_id":"","pthumb":"","color":""},{"label":"35.5","value":"EU 35.5","price":"","pimage":"","pimage_id":"","pthumb":"","color":""},{"label":"36","value":"EU 36","price":"","pimage":"","pimage_id":"","pthumb":"","color":"","selected":true},{"label":"36 2\/3","value":"EU 36 2\/3","price":"","pimage":"","pimage_id":"","pthumb":"","color":""},{"label":"37 1\/3","value":"EU 37 1\/3","price":"","pimage":"","pimage_id":"","pthumb":"","color":""},{"label":"38","value":"EU 38","price":"","pimage":"","pimage_id":"","pthumb":"","color":""},{"label":"38 2\/3","value":"EU 38 2\/3","price":"","pimage":"","pimage_id":"","pthumb":"","color":""},{"label":"39 1\/3","value":"EU 39 1\/3","price":"","pimage":"","pimage_id":"","pthumb":"","color":""},{"label":"40","value":"EU 40","price":"","pimage":"","pimage_id":"","pthumb":"","color":""},{"label":"40 2\/3","value":"EU 40 2\/3","price":"","pimage":"","pimage_id":"","pthumb":"","color":""},{"label":"41 1\/3","value":"EU 41 1\/3","price":"","pimage":"","pimage_id":"","pthumb":"","color":""},{"label":"42","value":"EU 42","price":"","pimage":"","pimage_id":"","pthumb":"","color":""},{"label":"42 2\/3","value":"EU 42 2\/3","price":"","pimage":"","pimage_id":"","pthumb":"","color":""},{"label":"43 1\/3","value":"EU 43 1\/3","price":"","pimage":"","pimage_id":"","pthumb":"","color":""},{"label":"44","value":"EU 44","price":"","pimage":"","pimage_id":"","pthumb":"","color":""},{"label":"44 2\/3","value":"EU 44 2\/3","price":"","pimage":"","pimage_id":"","pthumb":"","color":""},{"label":"45 1\/3","value":"EU 45 1\/3","price":"","pimage":"","pimage_id":"","pthumb":"","color":""},{"label":"46","value":"EU 46","price":"","pimage":"","pimage_id":"","pthumb":"","color":""},{"label":"46 2\/3","value":"EU 46 2\/3","price":"","pimage":"","pimage_id":"","pthumb":"","color":""},{"label":"47 1\/3","value":"EU 47 1\/3","price":"","pimage":"","pimage_id":"","pthumb":"","color":""}],"relations":[{"operator":false,"rules":[]}],"form_id":24802,"form_rules":{"pric_cal_option_once":false,"exclude_from_discount":false,"pric_use_as_fee":false,"fee_label":"Fee","render_after_acb":false,"disp_hide_options_price":false}}]},"yoast_head":"<!-- This site is optimized with the Yoast SEO plugin v26.5 - https:\/\/yoast.com\/wordpress\/plugins\/seo\/ -->\n<title>Copa Icon 2 FG\/AG Soccer Cleats for Artificial and Natural Grass - TOURCRUISER PTE. LTD<\/title>\n<meta name=\"robots\" content=\"index, follow, max-snippet:-1, max-image-preview:large, max-video-preview:-1\" \/>\n<link rel=\"canonical\" href=\"https:\/\/tourcruiser.com\/fr\/products\/copa-icon-2-fgag-soccer-cleats-for-artificial-and-natural-grass\/\" \/>\n<meta property=\"og:locale\" content=\"fr_FR\" \/>\n<meta property=\"og:type\" content=\"article\" \/>\n<meta property=\"og:title\" content=\"Copa Icon 2 FG\/AG Soccer Cleats for Artificial and Natural Grass - TOURCRUISER PTE. LTD\" \/>\n<meta property=\"og:description\" content=\"adidas Copa Icon 2 FG\/AG \u201d\u201d Cloud White\/Core Black\/Pure Ruby\" \/>\n<meta property=\"og:url\" content=\"https:\/\/tourcruiser.com\/fr\/products\/copa-icon-2-fgag-soccer-cleats-for-artificial-and-natural-grass\/\" \/>\n<meta property=\"og:site_name\" content=\"Tourcruiser Sneaker Store\" \/>\n<meta property=\"article:modified_time\" content=\"2026-03-14T11:42:55+00:00\" \/>\n<meta name=\"twitter:card\" content=\"summary_large_image\" \/>\n<meta name=\"twitter:image\" content=\"https:\/\/images.novelship.com\/product\/copa_icon_2_fg_ag_soccer_cleats_for_artificial_and_0_19218.jpeg\" \/>\n<meta name=\"twitter:label1\" content=\"Dur\u00e9e de lecture estim\u00e9e\" \/>\n\t<meta name=\"twitter:data1\" content=\"1 minute\" \/>\n<script type=\"application\/ld+json\" class=\"yoast-schema-graph\">{\"@context\":\"https:\/\/schema.org\",\"@graph\":[{\"@type\":\"WebPage\",\"@id\":\"https:\/\/tourcruiser.com\/fr\/products\/copa-icon-2-fgag-soccer-cleats-for-artificial-and-natural-grass\/\",\"url\":\"https:\/\/tourcruiser.com\/fr\/products\/copa-icon-2-fgag-soccer-cleats-for-artificial-and-natural-grass\/\",\"name\":\"Copa Icon 2 FG\/AG Soccer Cleats for Artificial and Natural Grass - TOURCRUISER PTE. LTD\",\"isPartOf\":{\"@id\":\"https:\/\/tourcruiser.com\/fr\/#website\"},\"primaryImageOfPage\":{\"@id\":\"https:\/\/tourcruiser.com\/fr\/products\/copa-icon-2-fgag-soccer-cleats-for-artificial-and-natural-grass\/#primaryimage\"},\"image\":{\"@id\":\"https:\/\/tourcruiser.com\/fr\/products\/copa-icon-2-fgag-soccer-cleats-for-artificial-and-natural-grass\/#primaryimage\"},\"thumbnailUrl\":\"https:\/\/images.novelship.com\/product\/copa_icon_2_fg_ag_soccer_cleats_for_artificial_and_0_19218.jpeg\",\"datePublished\":\"2026-03-02T08:14:43+00:00\",\"dateModified\":\"2026-03-14T11:42:55+00:00\",\"breadcrumb\":{\"@id\":\"https:\/\/tourcruiser.com\/fr\/products\/copa-icon-2-fgag-soccer-cleats-for-artificial-and-natural-grass\/#breadcrumb\"},\"inLanguage\":\"fr-FR\",\"potentialAction\":[{\"@type\":\"ReadAction\",\"target\":[\"https:\/\/tourcruiser.com\/fr\/products\/copa-icon-2-fgag-soccer-cleats-for-artificial-and-natural-grass\/\"]}]},{\"@type\":\"ImageObject\",\"inLanguage\":\"fr-FR\",\"@id\":\"https:\/\/tourcruiser.com\/fr\/products\/copa-icon-2-fgag-soccer-cleats-for-artificial-and-natural-grass\/#primaryimage\",\"url\":\"https:\/\/images.novelship.com\/product\/copa_icon_2_fg_ag_soccer_cleats_for_artificial_and_0_19218.jpeg\",\"contentUrl\":\"https:\/\/images.novelship.com\/product\/copa_icon_2_fg_ag_soccer_cleats_for_artificial_and_0_19218.jpeg\"},{\"@type\":\"BreadcrumbList\",\"@id\":\"https:\/\/tourcruiser.com\/fr\/products\/copa-icon-2-fgag-soccer-cleats-for-artificial-and-natural-grass\/#breadcrumb\",\"itemListElement\":[{\"@type\":\"ListItem\",\"position\":1,\"name\":\"Home\",\"item\":\"https:\/\/tourcruiser.com\/fr\/\"},{\"@type\":\"ListItem\",\"position\":2,\"name\":\"Shop\",\"item\":\"https:\/\/tourcruiser.com\/fr\/shop\/\"},{\"@type\":\"ListItem\",\"position\":3,\"name\":\"Copa Icon 2 FG\/AG Soccer Cleats for Artificial and Natural Grass\"}]},{\"@type\":\"WebSite\",\"@id\":\"https:\/\/tourcruiser.com\/fr\/#website\",\"url\":\"https:\/\/tourcruiser.com\/fr\/\",\"name\":\"Styloral Jewelry Shop\",\"description\":\"Tourcruiser Sneaker Store \u2014 L\u2019endroit o\u00f9 l\u2019univers rencontre votre singularit\u00e9.\",\"publisher\":{\"@id\":\"https:\/\/tourcruiser.com\/fr\/#organization\"},\"potentialAction\":[{\"@type\":\"SearchAction\",\"target\":{\"@type\":\"EntryPoint\",\"urlTemplate\":\"https:\/\/tourcruiser.com\/fr\/?s={search_term_string}\"},\"query-input\":{\"@type\":\"PropertyValueSpecification\",\"valueRequired\":true,\"valueName\":\"search_term_string\"}}],\"inLanguage\":\"fr-FR\"},{\"@type\":\"Organization\",\"@id\":\"https:\/\/tourcruiser.com\/fr\/#organization\",\"name\":\"STYLORAL PTE. LTD\",\"url\":\"https:\/\/tourcruiser.com\/fr\/\",\"logo\":{\"@type\":\"ImageObject\",\"inLanguage\":\"fr-FR\",\"@id\":\"https:\/\/tourcruiser.com\/fr\/#\/schema\/logo\/image\/\",\"url\":\"https:\/\/www.tourcruiser.com\/wp-content\/uploads\/2025\/12\/logo.png\",\"contentUrl\":\"https:\/\/www.tourcruiser.com\/wp-content\/uploads\/2025\/12\/logo.png\",\"width\":200,\"height\":65,\"caption\":\"STYLORAL PTE. LTD\"},\"image\":{\"@id\":\"https:\/\/tourcruiser.com\/fr\/#\/schema\/logo\/image\/\"}}]}<\/script>\n<!-- \/ Yoast SEO plugin. -->","yoast_head_json":{"title":"Copa Icon 2 FG\/AG Soccer Cleats for Artificial and Natural Grass - TOURCRUISER PTE. LTD","robots":{"index":"index","follow":"follow","max-snippet":"max-snippet:-1","max-image-preview":"max-image-preview:large","max-video-preview":"max-video-preview:-1"},"canonical":"https:\/\/tourcruiser.com\/fr\/products\/copa-icon-2-fgag-soccer-cleats-for-artificial-and-natural-grass\/","og_locale":"fr_FR","og_type":"article","og_title":"Copa Icon 2 FG\/AG Soccer Cleats for Artificial and Natural Grass - TOURCRUISER PTE. LTD","og_description":"adidas Copa Icon 2 FG\/AG \u201d\u201d Cloud White\/Core Black\/Pure Ruby","og_url":"https:\/\/tourcruiser.com\/fr\/products\/copa-icon-2-fgag-soccer-cleats-for-artificial-and-natural-grass\/","og_site_name":"Tourcruiser Sneaker Store","article_modified_time":"2026-03-14T11:42:55+00:00","twitter_card":"summary_large_image","twitter_image":"https:\/\/images.novelship.com\/product\/copa_icon_2_fg_ag_soccer_cleats_for_artificial_and_0_19218.jpeg","twitter_misc":{"Dur\u00e9e de lecture estim\u00e9e":"1 minute"},"schema":{"@context":"https:\/\/schema.org","@graph":[{"@type":"WebPage","@id":"https:\/\/tourcruiser.com\/fr\/products\/copa-icon-2-fgag-soccer-cleats-for-artificial-and-natural-grass\/","url":"https:\/\/tourcruiser.com\/fr\/products\/copa-icon-2-fgag-soccer-cleats-for-artificial-and-natural-grass\/","name":"Copa Icon 2 FG\/AG Soccer Cleats for Artificial and Natural Grass - TOURCRUISER PTE. LTD","isPartOf":{"@id":"https:\/\/tourcruiser.com\/fr\/#website"},"primaryImageOfPage":{"@id":"https:\/\/tourcruiser.com\/fr\/products\/copa-icon-2-fgag-soccer-cleats-for-artificial-and-natural-grass\/#primaryimage"},"image":{"@id":"https:\/\/tourcruiser.com\/fr\/products\/copa-icon-2-fgag-soccer-cleats-for-artificial-and-natural-grass\/#primaryimage"},"thumbnailUrl":"https:\/\/images.novelship.com\/product\/copa_icon_2_fg_ag_soccer_cleats_for_artificial_and_0_19218.jpeg","datePublished":"2026-03-02T08:14:43+00:00","dateModified":"2026-03-14T11:42:55+00:00","breadcrumb":{"@id":"https:\/\/tourcruiser.com\/fr\/products\/copa-icon-2-fgag-soccer-cleats-for-artificial-and-natural-grass\/#breadcrumb"},"inLanguage":"fr-FR","potentialAction":[{"@type":"ReadAction","target":["https:\/\/tourcruiser.com\/fr\/products\/copa-icon-2-fgag-soccer-cleats-for-artificial-and-natural-grass\/"]}]},{"@type":"ImageObject","inLanguage":"fr-FR","@id":"https:\/\/tourcruiser.com\/fr\/products\/copa-icon-2-fgag-soccer-cleats-for-artificial-and-natural-grass\/#primaryimage","url":"https:\/\/images.novelship.com\/product\/copa_icon_2_fg_ag_soccer_cleats_for_artificial_and_0_19218.jpeg","contentUrl":"https:\/\/images.novelship.com\/product\/copa_icon_2_fg_ag_soccer_cleats_for_artificial_and_0_19218.jpeg"},{"@type":"BreadcrumbList","@id":"https:\/\/tourcruiser.com\/fr\/products\/copa-icon-2-fgag-soccer-cleats-for-artificial-and-natural-grass\/#breadcrumb","itemListElement":[{"@type":"ListItem","position":1,"name":"Home","item":"https:\/\/tourcruiser.com\/fr\/"},{"@type":"ListItem","position":2,"name":"Shop","item":"https:\/\/tourcruiser.com\/fr\/shop\/"},{"@type":"ListItem","position":3,"name":"Copa Icon 2 FG\/AG Soccer Cleats for Artificial and Natural Grass"}]},{"@type":"WebSite","@id":"https:\/\/tourcruiser.com\/fr\/#website","url":"https:\/\/tourcruiser.com\/fr\/","name":"Styloral Jewelry Shop","description":"Tourcruiser Sneaker Store \u2014 L\u2019endroit o\u00f9 l\u2019univers rencontre votre singularit\u00e9.","publisher":{"@id":"https:\/\/tourcruiser.com\/fr\/#organization"},"potentialAction":[{"@type":"SearchAction","target":{"@type":"EntryPoint","urlTemplate":"https:\/\/tourcruiser.com\/fr\/?s={search_term_string}"},"query-input":{"@type":"PropertyValueSpecification","valueRequired":true,"valueName":"search_term_string"}}],"inLanguage":"fr-FR"},{"@type":"Organization","@id":"https:\/\/tourcruiser.com\/fr\/#organization","name":"STYLORAL PTE. LTD","url":"https:\/\/tourcruiser.com\/fr\/","logo":{"@type":"ImageObject","inLanguage":"fr-FR","@id":"https:\/\/tourcruiser.com\/fr\/#\/schema\/logo\/image\/","url":"https:\/\/www.tourcruiser.com\/wp-content\/uploads\/2025\/12\/logo.png","contentUrl":"https:\/\/www.tourcruiser.com\/wp-content\/uploads\/2025\/12\/logo.png","width":200,"height":65,"caption":"STYLORAL PTE. LTD"},"image":{"@id":"https:\/\/tourcruiser.com\/fr\/#\/schema\/logo\/image\/"}}]}},"_links":{"self":[{"href":"https:\/\/tourcruiser.com\/fr\/wp-json\/wp\/v2\/product\/54620","targetHints":{"allow":["GET"]}}],"collection":[{"href":"https:\/\/tourcruiser.com\/fr\/wp-json\/wp\/v2\/product"}],"about":[{"href":"https:\/\/tourcruiser.com\/fr\/wp-json\/wp\/v2\/types\/product"}],"replies":[{"embeddable":true,"href":"https:\/\/tourcruiser.com\/fr\/wp-json\/wp\/v2\/comments?post=54620"}],"wp:featuredmedia":[{"embeddable":true,"href":"https:\/\/tourcruiser.com\/fr\/wp-json\/wp\/v2\/media\/54621"}],"wp:attachment":[{"href":"https:\/\/tourcruiser.com\/fr\/wp-json\/wp\/v2\/media?parent=54620"}],"wp:term":[{"taxonomy":"product_brand","embeddable":true,"href":"https:\/\/tourcruiser.com\/fr\/wp-json\/wp\/v2\/product_brand?post=54620"},{"taxonomy":"product_cat","embeddable":true,"href":"https:\/\/tourcruiser.com\/fr\/wp-json\/wp\/v2\/product_cat?post=54620"},{"taxonomy":"product_tag","embeddable":true,"href":"https:\/\/tourcruiser.com\/fr\/wp-json\/wp\/v2\/product_tag?post=54620"}],"curies":[{"name":"wp","href":"https:\/\/api.w.org\/{rel}","templated":true}]}}