{"id":54320,"date":"2026-03-02T15:14:20","date_gmt":"2026-03-02T08:14:20","guid":{"rendered":"http:\/\/tourcruiser.com\/product\/tom-sachs-x-nike-mars-yard-30-brown-if2885-100"},"modified":"2026-03-14T18:01:46","modified_gmt":"2026-03-14T11:01:46","slug":"tom-sachs-x-nike-mars-yard-30-brown-if2885-100","status":"publish","type":"product","link":"https:\/\/tourcruiser.com\/fr\/products\/tom-sachs-x-nike-mars-yard-30-brown-if2885-100\/","title":{"rendered":"Tom Sachs x Nike Mars Yard 3.0 &lsquo;Brown&rsquo; IF2885-100\/"},"content":{"rendered":"<p>D\u00e9couvrez l&rsquo;innovation et le style \u00e0 leur apog\u00e9e avec la Tom Sachs x Nike Mars Yard 3.0 \u00ab\u00a0Brown\u00a0\u00bb DA6676-100. Cette collaboration exceptionnelle associe le design visionnaire de Sachs\u2122 \u00e0 la technologie de pointe de Nike, offrant un confort et une durabilit\u00e9 in\u00e9gal\u00e9s. Avec leur coloris marron saisissant, ces sneakers incarnent un m\u00e9lange de perfection artisanale et d&rsquo;esth\u00e9tique futuriste, parfaites pour l&rsquo;explorateur moderne. La Mars Yard 3.0 est pr\u00eate \u00e0 affronter tous les terrains et est bien plus qu&rsquo;une simple chaussure\u00a0: c&rsquo;est une affirmation de style qui transcende l&rsquo;ordinaire. Coloris\u00a0: Naturel\/Rouge Sport\/\u00c9rable\/Voile\/Noir. Num\u00e9ro d&rsquo;article\u00a0: DA6676-100. Tige\u00a0: Daim. Semelle interm\u00e9diaire\u00a0: React. Couleur\u00a0: Marron.<\/p>\n","protected":false},"excerpt":{"rendered":"<p>Nike Mars Yard 3.0 \u201d\u201d Natural\/Sport Red\/Maple\/Sail\/Black<\/p>\n","protected":false},"featured_media":54321,"comment_status":"open","ping_status":"closed","template":"","meta":[],"product_brand":[],"product_cat":[10803],"product_tag":[10750,10754,10765,10801,10768,10785],"class_list":{"0":"post-54320","1":"product","2":"type-product","3":"status-publish","4":"has-post-thumbnail","6":"product_cat-nike","7":"product_tag-athleisure-shoes","8":"product_tag-lifestyle-casual-shoes","9":"product_tag-lifestyle-shoes-running-inspired","10":"product_tag-nike","11":"product_tag-retro-running-shoes","12":"product_tag-trending-deals","13":"wcpa_has_options","15":"first","16":"instock","17":"taxable","18":"shipping-taxable","19":"purchasable","20":"product-type-simple"},"wcpa_form_fields":{"rules":{"pric_overide_base_price":false,"pric_overide_base_price_if_gt_zero":false,"pric_overide_base_price_fully":false,"pric_cal_option_once":false,"pric_use_as_fee":false,"bind_quantity":false,"quantity_bind_formula":false},"fields":[{"type":"color-group","required":true,"elementId":"wcpa-color-group-66c4a75505e74","label":"Taille","inline":true,"priceOptions":"different_for_all","pricingType":"fixed","className":"hassizechart product-shoes-size-eu product-shoes-size","name":"color-group-66c4a75505e89","disp_type":"square","selection_type":"tick-border","disp_size":"44","show_label_inside":true,"adjust_width":true,"cart_display_type":"text","other_text":"Other","cl_rule":"show","col":6,"values":[{"label":"35.5","value":"EU 35.5","price":"","pimage":"","pimage_id":"","pthumb":"","color":""},{"label":"36","value":"EU 36","price":"","pimage":"","pimage_id":"","pthumb":"","color":"","selected":true},{"label":"36.5","value":"EU 36.5","price":"","pimage":"","pimage_id":"","pthumb":"","color":""},{"label":"37.5","value":"EU 37.5","price":"","pimage":"","pimage_id":"","pthumb":"","color":""},{"label":"38","value":"EU 38","price":"","pimage":"","pimage_id":"","pthumb":"","color":""},{"label":"38.5","value":"EU 38.5","price":"","pimage":"","pimage_id":"","pthumb":"","color":""},{"label":"39","value":"EU 39","price":"","pimage":"","pimage_id":"","pthumb":"","color":""},{"label":"40","value":"EU 40","price":"","pimage":"","pimage_id":"","pthumb":"","color":""},{"label":"40.5","value":"EU 40.5","price":"","pimage":"","pimage_id":"","pthumb":"","color":""},{"label":"41","value":"EU 41","price":"","pimage":"","pimage_id":"","pthumb":"","color":""},{"label":"42","value":"EU 42","price":"","pimage":"","pimage_id":"","pthumb":"","color":""},{"label":"42.5","value":"EU 42.5","price":"","pimage":"","pimage_id":"","pthumb":"","color":""},{"label":"43","value":"EU 43","price":"","pimage":"","pimage_id":"","pthumb":"","color":""},{"label":"44","value":"EU 44","price":"","pimage":"","pimage_id":"","pthumb":"","color":""},{"label":"44.5","value":"EU 44.5","price":"","pimage":"","pimage_id":"","pthumb":"","color":""},{"label":"45","value":"EU 45","price":"","pimage":"","pimage_id":"","pthumb":"","color":""},{"label":"45.5","value":"EU 45.5","price":"","pimage":"","pimage_id":"","pthumb":"","color":""},{"label":"46","value":"EU 46","price":"","pimage":"","pimage_id":"","pthumb":"","color":""},{"label":"47","value":"EU 47","price":"","pimage":"","pimage_id":"","pthumb":"","color":""},{"label":"47.5","value":"EU 47.5","price":"","pimage":"","pimage_id":"","pthumb":"","color":""},{"label":"48","value":"EU 48","price":"","pimage":"","pimage_id":"","pthumb":"","color":""}],"relations":[{"operator":false,"rules":[]}],"form_id":18106,"form_rules":{"pric_cal_option_once":false,"exclude_from_discount":false,"pric_use_as_fee":false,"fee_label":"Fee","render_after_acb":false,"disp_hide_options_price":false}}]},"yoast_head":"<!-- This site is optimized with the Yoast SEO plugin v26.5 - https:\/\/yoast.com\/wordpress\/plugins\/seo\/ -->\n<title>Tom Sachs x Nike Mars Yard 3.0 &#039;Brown&#039; IF2885-100\/ - TOURCRUISER PTE. LTD<\/title>\n<meta name=\"robots\" content=\"index, follow, max-snippet:-1, max-image-preview:large, max-video-preview:-1\" \/>\n<link rel=\"canonical\" href=\"https:\/\/tourcruiser.com\/fr\/products\/tom-sachs-x-nike-mars-yard-30-brown-if2885-100\/\" \/>\n<meta property=\"og:locale\" content=\"fr_FR\" \/>\n<meta property=\"og:type\" content=\"article\" \/>\n<meta property=\"og:title\" content=\"Tom Sachs x Nike Mars Yard 3.0 &#039;Brown&#039; IF2885-100\/ - TOURCRUISER PTE. LTD\" \/>\n<meta property=\"og:description\" content=\"Nike Mars Yard 3.0 \u201d\u201d Natural\/Sport Red\/Maple\/Sail\/Black\" \/>\n<meta property=\"og:url\" content=\"https:\/\/tourcruiser.com\/fr\/products\/tom-sachs-x-nike-mars-yard-30-brown-if2885-100\/\" \/>\n<meta property=\"og:site_name\" content=\"Tourcruiser Sneaker Store\" \/>\n<meta property=\"article:modified_time\" content=\"2026-03-14T11:01:46+00:00\" \/>\n<meta name=\"twitter:card\" content=\"summary_large_image\" \/>\n<meta name=\"twitter:image\" content=\"https:\/\/images.novelship.com\/product\/tom_sachs_x_nike_mars_yard_3_0__brown__if2885-100__0_33409.jpeg\" \/>\n<meta name=\"twitter:label1\" content=\"Dur\u00e9e de lecture estim\u00e9e\" \/>\n\t<meta name=\"twitter:data1\" content=\"1 minute\" \/>\n<script type=\"application\/ld+json\" class=\"yoast-schema-graph\">{\"@context\":\"https:\/\/schema.org\",\"@graph\":[{\"@type\":\"WebPage\",\"@id\":\"https:\/\/tourcruiser.com\/fr\/products\/tom-sachs-x-nike-mars-yard-30-brown-if2885-100\/\",\"url\":\"https:\/\/tourcruiser.com\/fr\/products\/tom-sachs-x-nike-mars-yard-30-brown-if2885-100\/\",\"name\":\"Tom Sachs x Nike Mars Yard 3.0 'Brown' IF2885-100\/ - TOURCRUISER PTE. LTD\",\"isPartOf\":{\"@id\":\"https:\/\/tourcruiser.com\/fr\/#website\"},\"primaryImageOfPage\":{\"@id\":\"https:\/\/tourcruiser.com\/fr\/products\/tom-sachs-x-nike-mars-yard-30-brown-if2885-100\/#primaryimage\"},\"image\":{\"@id\":\"https:\/\/tourcruiser.com\/fr\/products\/tom-sachs-x-nike-mars-yard-30-brown-if2885-100\/#primaryimage\"},\"thumbnailUrl\":\"https:\/\/images.novelship.com\/product\/tom_sachs_x_nike_mars_yard_3_0__brown__if2885-100__0_33409.jpeg\",\"datePublished\":\"2026-03-02T08:14:20+00:00\",\"dateModified\":\"2026-03-14T11:01:46+00:00\",\"breadcrumb\":{\"@id\":\"https:\/\/tourcruiser.com\/fr\/products\/tom-sachs-x-nike-mars-yard-30-brown-if2885-100\/#breadcrumb\"},\"inLanguage\":\"fr-FR\",\"potentialAction\":[{\"@type\":\"ReadAction\",\"target\":[\"https:\/\/tourcruiser.com\/fr\/products\/tom-sachs-x-nike-mars-yard-30-brown-if2885-100\/\"]}]},{\"@type\":\"ImageObject\",\"inLanguage\":\"fr-FR\",\"@id\":\"https:\/\/tourcruiser.com\/fr\/products\/tom-sachs-x-nike-mars-yard-30-brown-if2885-100\/#primaryimage\",\"url\":\"https:\/\/images.novelship.com\/product\/tom_sachs_x_nike_mars_yard_3_0__brown__if2885-100__0_33409.jpeg\",\"contentUrl\":\"https:\/\/images.novelship.com\/product\/tom_sachs_x_nike_mars_yard_3_0__brown__if2885-100__0_33409.jpeg\"},{\"@type\":\"BreadcrumbList\",\"@id\":\"https:\/\/tourcruiser.com\/fr\/products\/tom-sachs-x-nike-mars-yard-30-brown-if2885-100\/#breadcrumb\",\"itemListElement\":[{\"@type\":\"ListItem\",\"position\":1,\"name\":\"Home\",\"item\":\"https:\/\/tourcruiser.com\/fr\/\"},{\"@type\":\"ListItem\",\"position\":2,\"name\":\"Shop\",\"item\":\"https:\/\/tourcruiser.com\/fr\/shop\/\"},{\"@type\":\"ListItem\",\"position\":3,\"name\":\"Tom Sachs x Nike Mars Yard 3.0 'Brown' IF2885-100\/\"}]},{\"@type\":\"WebSite\",\"@id\":\"https:\/\/tourcruiser.com\/fr\/#website\",\"url\":\"https:\/\/tourcruiser.com\/fr\/\",\"name\":\"Styloral Jewelry Shop\",\"description\":\"Tourcruiser Sneaker Store \u2014 L\u2019endroit o\u00f9 l\u2019univers rencontre votre singularit\u00e9.\",\"publisher\":{\"@id\":\"https:\/\/tourcruiser.com\/fr\/#organization\"},\"potentialAction\":[{\"@type\":\"SearchAction\",\"target\":{\"@type\":\"EntryPoint\",\"urlTemplate\":\"https:\/\/tourcruiser.com\/fr\/?s={search_term_string}\"},\"query-input\":{\"@type\":\"PropertyValueSpecification\",\"valueRequired\":true,\"valueName\":\"search_term_string\"}}],\"inLanguage\":\"fr-FR\"},{\"@type\":\"Organization\",\"@id\":\"https:\/\/tourcruiser.com\/fr\/#organization\",\"name\":\"STYLORAL PTE. LTD\",\"url\":\"https:\/\/tourcruiser.com\/fr\/\",\"logo\":{\"@type\":\"ImageObject\",\"inLanguage\":\"fr-FR\",\"@id\":\"https:\/\/tourcruiser.com\/fr\/#\/schema\/logo\/image\/\",\"url\":\"https:\/\/www.tourcruiser.com\/wp-content\/uploads\/2025\/12\/logo.png\",\"contentUrl\":\"https:\/\/www.tourcruiser.com\/wp-content\/uploads\/2025\/12\/logo.png\",\"width\":200,\"height\":65,\"caption\":\"STYLORAL PTE. LTD\"},\"image\":{\"@id\":\"https:\/\/tourcruiser.com\/fr\/#\/schema\/logo\/image\/\"}}]}<\/script>\n<!-- \/ Yoast SEO plugin. -->","yoast_head_json":{"title":"Tom Sachs x Nike Mars Yard 3.0 'Brown' IF2885-100\/ - TOURCRUISER PTE. LTD","robots":{"index":"index","follow":"follow","max-snippet":"max-snippet:-1","max-image-preview":"max-image-preview:large","max-video-preview":"max-video-preview:-1"},"canonical":"https:\/\/tourcruiser.com\/fr\/products\/tom-sachs-x-nike-mars-yard-30-brown-if2885-100\/","og_locale":"fr_FR","og_type":"article","og_title":"Tom Sachs x Nike Mars Yard 3.0 'Brown' IF2885-100\/ - TOURCRUISER PTE. LTD","og_description":"Nike Mars Yard 3.0 \u201d\u201d Natural\/Sport Red\/Maple\/Sail\/Black","og_url":"https:\/\/tourcruiser.com\/fr\/products\/tom-sachs-x-nike-mars-yard-30-brown-if2885-100\/","og_site_name":"Tourcruiser Sneaker Store","article_modified_time":"2026-03-14T11:01:46+00:00","twitter_card":"summary_large_image","twitter_image":"https:\/\/images.novelship.com\/product\/tom_sachs_x_nike_mars_yard_3_0__brown__if2885-100__0_33409.jpeg","twitter_misc":{"Dur\u00e9e de lecture estim\u00e9e":"1 minute"},"schema":{"@context":"https:\/\/schema.org","@graph":[{"@type":"WebPage","@id":"https:\/\/tourcruiser.com\/fr\/products\/tom-sachs-x-nike-mars-yard-30-brown-if2885-100\/","url":"https:\/\/tourcruiser.com\/fr\/products\/tom-sachs-x-nike-mars-yard-30-brown-if2885-100\/","name":"Tom Sachs x Nike Mars Yard 3.0 'Brown' IF2885-100\/ - TOURCRUISER PTE. LTD","isPartOf":{"@id":"https:\/\/tourcruiser.com\/fr\/#website"},"primaryImageOfPage":{"@id":"https:\/\/tourcruiser.com\/fr\/products\/tom-sachs-x-nike-mars-yard-30-brown-if2885-100\/#primaryimage"},"image":{"@id":"https:\/\/tourcruiser.com\/fr\/products\/tom-sachs-x-nike-mars-yard-30-brown-if2885-100\/#primaryimage"},"thumbnailUrl":"https:\/\/images.novelship.com\/product\/tom_sachs_x_nike_mars_yard_3_0__brown__if2885-100__0_33409.jpeg","datePublished":"2026-03-02T08:14:20+00:00","dateModified":"2026-03-14T11:01:46+00:00","breadcrumb":{"@id":"https:\/\/tourcruiser.com\/fr\/products\/tom-sachs-x-nike-mars-yard-30-brown-if2885-100\/#breadcrumb"},"inLanguage":"fr-FR","potentialAction":[{"@type":"ReadAction","target":["https:\/\/tourcruiser.com\/fr\/products\/tom-sachs-x-nike-mars-yard-30-brown-if2885-100\/"]}]},{"@type":"ImageObject","inLanguage":"fr-FR","@id":"https:\/\/tourcruiser.com\/fr\/products\/tom-sachs-x-nike-mars-yard-30-brown-if2885-100\/#primaryimage","url":"https:\/\/images.novelship.com\/product\/tom_sachs_x_nike_mars_yard_3_0__brown__if2885-100__0_33409.jpeg","contentUrl":"https:\/\/images.novelship.com\/product\/tom_sachs_x_nike_mars_yard_3_0__brown__if2885-100__0_33409.jpeg"},{"@type":"BreadcrumbList","@id":"https:\/\/tourcruiser.com\/fr\/products\/tom-sachs-x-nike-mars-yard-30-brown-if2885-100\/#breadcrumb","itemListElement":[{"@type":"ListItem","position":1,"name":"Home","item":"https:\/\/tourcruiser.com\/fr\/"},{"@type":"ListItem","position":2,"name":"Shop","item":"https:\/\/tourcruiser.com\/fr\/shop\/"},{"@type":"ListItem","position":3,"name":"Tom Sachs x Nike Mars Yard 3.0 'Brown' IF2885-100\/"}]},{"@type":"WebSite","@id":"https:\/\/tourcruiser.com\/fr\/#website","url":"https:\/\/tourcruiser.com\/fr\/","name":"Styloral Jewelry Shop","description":"Tourcruiser Sneaker Store \u2014 L\u2019endroit o\u00f9 l\u2019univers rencontre votre singularit\u00e9.","publisher":{"@id":"https:\/\/tourcruiser.com\/fr\/#organization"},"potentialAction":[{"@type":"SearchAction","target":{"@type":"EntryPoint","urlTemplate":"https:\/\/tourcruiser.com\/fr\/?s={search_term_string}"},"query-input":{"@type":"PropertyValueSpecification","valueRequired":true,"valueName":"search_term_string"}}],"inLanguage":"fr-FR"},{"@type":"Organization","@id":"https:\/\/tourcruiser.com\/fr\/#organization","name":"STYLORAL PTE. LTD","url":"https:\/\/tourcruiser.com\/fr\/","logo":{"@type":"ImageObject","inLanguage":"fr-FR","@id":"https:\/\/tourcruiser.com\/fr\/#\/schema\/logo\/image\/","url":"https:\/\/www.tourcruiser.com\/wp-content\/uploads\/2025\/12\/logo.png","contentUrl":"https:\/\/www.tourcruiser.com\/wp-content\/uploads\/2025\/12\/logo.png","width":200,"height":65,"caption":"STYLORAL PTE. LTD"},"image":{"@id":"https:\/\/tourcruiser.com\/fr\/#\/schema\/logo\/image\/"}}]}},"_links":{"self":[{"href":"https:\/\/tourcruiser.com\/fr\/wp-json\/wp\/v2\/product\/54320","targetHints":{"allow":["GET"]}}],"collection":[{"href":"https:\/\/tourcruiser.com\/fr\/wp-json\/wp\/v2\/product"}],"about":[{"href":"https:\/\/tourcruiser.com\/fr\/wp-json\/wp\/v2\/types\/product"}],"replies":[{"embeddable":true,"href":"https:\/\/tourcruiser.com\/fr\/wp-json\/wp\/v2\/comments?post=54320"}],"wp:featuredmedia":[{"embeddable":true,"href":"https:\/\/tourcruiser.com\/fr\/wp-json\/wp\/v2\/media\/54321"}],"wp:attachment":[{"href":"https:\/\/tourcruiser.com\/fr\/wp-json\/wp\/v2\/media?parent=54320"}],"wp:term":[{"taxonomy":"product_brand","embeddable":true,"href":"https:\/\/tourcruiser.com\/fr\/wp-json\/wp\/v2\/product_brand?post=54320"},{"taxonomy":"product_cat","embeddable":true,"href":"https:\/\/tourcruiser.com\/fr\/wp-json\/wp\/v2\/product_cat?post=54320"},{"taxonomy":"product_tag","embeddable":true,"href":"https:\/\/tourcruiser.com\/fr\/wp-json\/wp\/v2\/product_tag?post=54320"}],"curies":[{"name":"wp","href":"https:\/\/api.w.org\/{rel}","templated":true}]}}