{"id":53227,"date":"2026-03-02T15:12:44","date_gmt":"2026-03-02T08:12:44","guid":{"rendered":"http:\/\/tourcruiser.com\/product\/women-nike-air-max-moto-2k-dark-hazelphantomteam-crimsondark-hazel"},"modified":"2026-03-14T18:40:10","modified_gmt":"2026-03-14T11:40:10","slug":"women-nike-air-max-moto-2k-dark-hazelphantomteam-crimsondark-hazel","status":"publish","type":"product","link":"https:\/\/tourcruiser.com\/fr\/products\/women-nike-air-max-moto-2k-dark-hazelphantomteam-crimsondark-hazel\/","title":{"rendered":"(Women) Nike Air Max Moto 2K Dark Hazel\/Phantom\/Team Crimson\/Dark Hazel"},"content":{"rendered":"<p>Am\u00e9liorez votre exp\u00e9rience de course avec la Nike Air Max Moto 2K\u00a0! Disponible dans les coloris \u00e9clatants Noisette fonc\u00e9e, Phantom, Rouge \u00c9quipe et Noisette fonc\u00e9e, cette basket pour femme allie style et confort optimal. Gr\u00e2ce \u00e0 l&rsquo;amorti Air Max innovant, chaque pas est une sensation d&rsquo;apesanteur, id\u00e9ale pour les balades tranquilles comme pour les entra\u00eenements intensifs. Sa conception r\u00e9sistante et son design \u00e9l\u00e9gant en font un incontournable du mode de vie actif d&rsquo;aujourd&rsquo;hui. Agrandissez votre collection de chaussures et constatez la diff\u00e9rence.<\/p>\n<ul>\n<li><strong>Coloris\u00a0:<\/strong> Noisette fonc\u00e9e\/Phantom\/Rouge \u00c9quipe\/Noisette fonc\u00e9e<\/li>\n<li><strong>Code article\u00a0:<\/strong> IQ1150-220<\/li>\n<li><strong>Mati\u00e8re ext\u00e9rieure\u00a0:<\/strong> Mesh<\/li>\n<li><strong>Couleur\u00a0:<\/strong> Marron<\/li>\n<\/ul>\n","protected":false},"excerpt":{"rendered":"<p>Nike Air Max Moto 2K \u201d\u201d Dark Hazel\/Phantom\/Team Crimson\/Dark Hazel<\/p>\n","protected":false},"featured_media":53228,"comment_status":"open","ping_status":"closed","template":"","meta":[],"product_brand":[],"product_cat":[10809],"product_tag":[10750,10754,10765,10801,10768,10758],"class_list":{"0":"post-53227","1":"product","2":"type-product","3":"status-publish","4":"has-post-thumbnail","6":"product_cat-nike-women","7":"product_tag-athleisure-shoes","8":"product_tag-lifestyle-casual-shoes","9":"product_tag-lifestyle-shoes-running-inspired","10":"product_tag-nike","11":"product_tag-retro-running-shoes","12":"product_tag-under-retail","13":"wcpa_has_options","15":"first","16":"instock","17":"sale","18":"taxable","19":"shipping-taxable","20":"purchasable","21":"product-type-simple"},"wcpa_form_fields":{"rules":{"pric_overide_base_price":false,"pric_overide_base_price_if_gt_zero":false,"pric_overide_base_price_fully":false,"pric_cal_option_once":false,"pric_use_as_fee":false,"bind_quantity":false,"quantity_bind_formula":false},"fields":[{"type":"color-group","required":true,"elementId":"wcpa-color-group-66c4a75505e74","label":"Taille","inline":true,"priceOptions":"different_for_all","pricingType":"fixed","className":"hassizechart product-shoes-size-eu product-shoes-size","name":"color-group-66c4a75505e89","disp_type":"square","selection_type":"tick-border","disp_size":"44","show_label_inside":true,"adjust_width":true,"cart_display_type":"text","other_text":"Other","cl_rule":"show","col":6,"values":[{"label":"35.5","value":"EU 35.5","price":"","pimage":"","pimage_id":"","pthumb":"","color":""},{"label":"36","value":"EU 36","price":"","pimage":"","pimage_id":"","pthumb":"","color":"","selected":true},{"label":"36.5","value":"EU 36.5","price":"","pimage":"","pimage_id":"","pthumb":"","color":""},{"label":"37.5","value":"EU 37.5","price":"","pimage":"","pimage_id":"","pthumb":"","color":""},{"label":"38","value":"EU 38","price":"","pimage":"","pimage_id":"","pthumb":"","color":""},{"label":"38.5","value":"EU 38.5","price":"","pimage":"","pimage_id":"","pthumb":"","color":""},{"label":"39","value":"EU 39","price":"","pimage":"","pimage_id":"","pthumb":"","color":""},{"label":"40","value":"EU 40","price":"","pimage":"","pimage_id":"","pthumb":"","color":""},{"label":"40.5","value":"EU 40.5","price":"","pimage":"","pimage_id":"","pthumb":"","color":""},{"label":"41","value":"EU 41","price":"","pimage":"","pimage_id":"","pthumb":"","color":""},{"label":"42","value":"EU 42","price":"","pimage":"","pimage_id":"","pthumb":"","color":""},{"label":"42.5","value":"EU 42.5","price":"","pimage":"","pimage_id":"","pthumb":"","color":""},{"label":"43","value":"EU 43","price":"","pimage":"","pimage_id":"","pthumb":"","color":""},{"label":"44","value":"EU 44","price":"","pimage":"","pimage_id":"","pthumb":"","color":""},{"label":"44.5","value":"EU 44.5","price":"","pimage":"","pimage_id":"","pthumb":"","color":""},{"label":"45","value":"EU 45","price":"","pimage":"","pimage_id":"","pthumb":"","color":""},{"label":"45.5","value":"EU 45.5","price":"","pimage":"","pimage_id":"","pthumb":"","color":""},{"label":"46","value":"EU 46","price":"","pimage":"","pimage_id":"","pthumb":"","color":""},{"label":"47","value":"EU 47","price":"","pimage":"","pimage_id":"","pthumb":"","color":""},{"label":"47.5","value":"EU 47.5","price":"","pimage":"","pimage_id":"","pthumb":"","color":""},{"label":"48","value":"EU 48","price":"","pimage":"","pimage_id":"","pthumb":"","color":""}],"relations":[{"operator":false,"rules":[]}],"form_id":18106,"form_rules":{"pric_cal_option_once":false,"exclude_from_discount":false,"pric_use_as_fee":false,"fee_label":"Fee","render_after_acb":false,"disp_hide_options_price":false}}]},"yoast_head":"<!-- This site is optimized with the Yoast SEO plugin v26.5 - https:\/\/yoast.com\/wordpress\/plugins\/seo\/ -->\n<title>(Women) Nike Air Max Moto 2K Dark Hazel\/Phantom\/Team Crimson\/Dark Hazel - TOURCRUISER PTE. LTD<\/title>\n<meta name=\"robots\" content=\"index, follow, max-snippet:-1, max-image-preview:large, max-video-preview:-1\" \/>\n<link rel=\"canonical\" href=\"https:\/\/tourcruiser.com\/fr\/products\/women-nike-air-max-moto-2k-dark-hazelphantomteam-crimsondark-hazel\/\" \/>\n<meta property=\"og:locale\" content=\"fr_FR\" \/>\n<meta property=\"og:type\" content=\"article\" \/>\n<meta property=\"og:title\" content=\"(Women) Nike Air Max Moto 2K Dark Hazel\/Phantom\/Team Crimson\/Dark Hazel - TOURCRUISER PTE. LTD\" \/>\n<meta property=\"og:description\" content=\"Nike Air Max Moto 2K \u201d\u201d Dark Hazel\/Phantom\/Team Crimson\/Dark Hazel\" \/>\n<meta property=\"og:url\" content=\"https:\/\/tourcruiser.com\/fr\/products\/women-nike-air-max-moto-2k-dark-hazelphantomteam-crimsondark-hazel\/\" \/>\n<meta property=\"og:site_name\" content=\"Tourcruiser Sneaker Store\" \/>\n<meta property=\"article:modified_time\" content=\"2026-03-14T11:40:10+00:00\" \/>\n<meta name=\"twitter:card\" content=\"summary_large_image\" \/>\n<meta name=\"twitter:image\" content=\"https:\/\/images.novelship.com\/product\/_women__nike_air_max_moto_2k_dark_hazel_phantom_te_0_86997.png\" \/>\n<meta name=\"twitter:label1\" content=\"Dur\u00e9e de lecture estim\u00e9e\" \/>\n\t<meta name=\"twitter:data1\" content=\"1 minute\" \/>\n<script type=\"application\/ld+json\" class=\"yoast-schema-graph\">{\"@context\":\"https:\/\/schema.org\",\"@graph\":[{\"@type\":\"WebPage\",\"@id\":\"https:\/\/tourcruiser.com\/fr\/products\/women-nike-air-max-moto-2k-dark-hazelphantomteam-crimsondark-hazel\/\",\"url\":\"https:\/\/tourcruiser.com\/fr\/products\/women-nike-air-max-moto-2k-dark-hazelphantomteam-crimsondark-hazel\/\",\"name\":\"(Women) Nike Air Max Moto 2K Dark Hazel\/Phantom\/Team Crimson\/Dark Hazel - TOURCRUISER PTE. LTD\",\"isPartOf\":{\"@id\":\"https:\/\/tourcruiser.com\/fr\/#website\"},\"primaryImageOfPage\":{\"@id\":\"https:\/\/tourcruiser.com\/fr\/products\/women-nike-air-max-moto-2k-dark-hazelphantomteam-crimsondark-hazel\/#primaryimage\"},\"image\":{\"@id\":\"https:\/\/tourcruiser.com\/fr\/products\/women-nike-air-max-moto-2k-dark-hazelphantomteam-crimsondark-hazel\/#primaryimage\"},\"thumbnailUrl\":\"https:\/\/images.novelship.com\/product\/_women__nike_air_max_moto_2k_dark_hazel_phantom_te_0_86997.png\",\"datePublished\":\"2026-03-02T08:12:44+00:00\",\"dateModified\":\"2026-03-14T11:40:10+00:00\",\"breadcrumb\":{\"@id\":\"https:\/\/tourcruiser.com\/fr\/products\/women-nike-air-max-moto-2k-dark-hazelphantomteam-crimsondark-hazel\/#breadcrumb\"},\"inLanguage\":\"fr-FR\",\"potentialAction\":[{\"@type\":\"ReadAction\",\"target\":[\"https:\/\/tourcruiser.com\/fr\/products\/women-nike-air-max-moto-2k-dark-hazelphantomteam-crimsondark-hazel\/\"]}]},{\"@type\":\"ImageObject\",\"inLanguage\":\"fr-FR\",\"@id\":\"https:\/\/tourcruiser.com\/fr\/products\/women-nike-air-max-moto-2k-dark-hazelphantomteam-crimsondark-hazel\/#primaryimage\",\"url\":\"https:\/\/images.novelship.com\/product\/_women__nike_air_max_moto_2k_dark_hazel_phantom_te_0_86997.png\",\"contentUrl\":\"https:\/\/images.novelship.com\/product\/_women__nike_air_max_moto_2k_dark_hazel_phantom_te_0_86997.png\"},{\"@type\":\"BreadcrumbList\",\"@id\":\"https:\/\/tourcruiser.com\/fr\/products\/women-nike-air-max-moto-2k-dark-hazelphantomteam-crimsondark-hazel\/#breadcrumb\",\"itemListElement\":[{\"@type\":\"ListItem\",\"position\":1,\"name\":\"Home\",\"item\":\"https:\/\/tourcruiser.com\/fr\/\"},{\"@type\":\"ListItem\",\"position\":2,\"name\":\"Shop\",\"item\":\"https:\/\/tourcruiser.com\/fr\/shop\/\"},{\"@type\":\"ListItem\",\"position\":3,\"name\":\"(Women) Nike Air Max Moto 2K Dark Hazel\/Phantom\/Team Crimson\/Dark Hazel\"}]},{\"@type\":\"WebSite\",\"@id\":\"https:\/\/tourcruiser.com\/fr\/#website\",\"url\":\"https:\/\/tourcruiser.com\/fr\/\",\"name\":\"Styloral Jewelry Shop\",\"description\":\"Tourcruiser Sneaker Store \u2014 L\u2019endroit o\u00f9 l\u2019univers rencontre votre singularit\u00e9.\",\"publisher\":{\"@id\":\"https:\/\/tourcruiser.com\/fr\/#organization\"},\"potentialAction\":[{\"@type\":\"SearchAction\",\"target\":{\"@type\":\"EntryPoint\",\"urlTemplate\":\"https:\/\/tourcruiser.com\/fr\/?s={search_term_string}\"},\"query-input\":{\"@type\":\"PropertyValueSpecification\",\"valueRequired\":true,\"valueName\":\"search_term_string\"}}],\"inLanguage\":\"fr-FR\"},{\"@type\":\"Organization\",\"@id\":\"https:\/\/tourcruiser.com\/fr\/#organization\",\"name\":\"STYLORAL PTE. LTD\",\"url\":\"https:\/\/tourcruiser.com\/fr\/\",\"logo\":{\"@type\":\"ImageObject\",\"inLanguage\":\"fr-FR\",\"@id\":\"https:\/\/tourcruiser.com\/fr\/#\/schema\/logo\/image\/\",\"url\":\"https:\/\/www.tourcruiser.com\/wp-content\/uploads\/2025\/12\/logo.png\",\"contentUrl\":\"https:\/\/www.tourcruiser.com\/wp-content\/uploads\/2025\/12\/logo.png\",\"width\":200,\"height\":65,\"caption\":\"STYLORAL PTE. LTD\"},\"image\":{\"@id\":\"https:\/\/tourcruiser.com\/fr\/#\/schema\/logo\/image\/\"}}]}<\/script>\n<!-- \/ Yoast SEO plugin. -->","yoast_head_json":{"title":"(Women) Nike Air Max Moto 2K Dark Hazel\/Phantom\/Team Crimson\/Dark Hazel - TOURCRUISER PTE. LTD","robots":{"index":"index","follow":"follow","max-snippet":"max-snippet:-1","max-image-preview":"max-image-preview:large","max-video-preview":"max-video-preview:-1"},"canonical":"https:\/\/tourcruiser.com\/fr\/products\/women-nike-air-max-moto-2k-dark-hazelphantomteam-crimsondark-hazel\/","og_locale":"fr_FR","og_type":"article","og_title":"(Women) Nike Air Max Moto 2K Dark Hazel\/Phantom\/Team Crimson\/Dark Hazel - TOURCRUISER PTE. LTD","og_description":"Nike Air Max Moto 2K \u201d\u201d Dark Hazel\/Phantom\/Team Crimson\/Dark Hazel","og_url":"https:\/\/tourcruiser.com\/fr\/products\/women-nike-air-max-moto-2k-dark-hazelphantomteam-crimsondark-hazel\/","og_site_name":"Tourcruiser Sneaker Store","article_modified_time":"2026-03-14T11:40:10+00:00","twitter_card":"summary_large_image","twitter_image":"https:\/\/images.novelship.com\/product\/_women__nike_air_max_moto_2k_dark_hazel_phantom_te_0_86997.png","twitter_misc":{"Dur\u00e9e de lecture estim\u00e9e":"1 minute"},"schema":{"@context":"https:\/\/schema.org","@graph":[{"@type":"WebPage","@id":"https:\/\/tourcruiser.com\/fr\/products\/women-nike-air-max-moto-2k-dark-hazelphantomteam-crimsondark-hazel\/","url":"https:\/\/tourcruiser.com\/fr\/products\/women-nike-air-max-moto-2k-dark-hazelphantomteam-crimsondark-hazel\/","name":"(Women) Nike Air Max Moto 2K Dark Hazel\/Phantom\/Team Crimson\/Dark Hazel - TOURCRUISER PTE. LTD","isPartOf":{"@id":"https:\/\/tourcruiser.com\/fr\/#website"},"primaryImageOfPage":{"@id":"https:\/\/tourcruiser.com\/fr\/products\/women-nike-air-max-moto-2k-dark-hazelphantomteam-crimsondark-hazel\/#primaryimage"},"image":{"@id":"https:\/\/tourcruiser.com\/fr\/products\/women-nike-air-max-moto-2k-dark-hazelphantomteam-crimsondark-hazel\/#primaryimage"},"thumbnailUrl":"https:\/\/images.novelship.com\/product\/_women__nike_air_max_moto_2k_dark_hazel_phantom_te_0_86997.png","datePublished":"2026-03-02T08:12:44+00:00","dateModified":"2026-03-14T11:40:10+00:00","breadcrumb":{"@id":"https:\/\/tourcruiser.com\/fr\/products\/women-nike-air-max-moto-2k-dark-hazelphantomteam-crimsondark-hazel\/#breadcrumb"},"inLanguage":"fr-FR","potentialAction":[{"@type":"ReadAction","target":["https:\/\/tourcruiser.com\/fr\/products\/women-nike-air-max-moto-2k-dark-hazelphantomteam-crimsondark-hazel\/"]}]},{"@type":"ImageObject","inLanguage":"fr-FR","@id":"https:\/\/tourcruiser.com\/fr\/products\/women-nike-air-max-moto-2k-dark-hazelphantomteam-crimsondark-hazel\/#primaryimage","url":"https:\/\/images.novelship.com\/product\/_women__nike_air_max_moto_2k_dark_hazel_phantom_te_0_86997.png","contentUrl":"https:\/\/images.novelship.com\/product\/_women__nike_air_max_moto_2k_dark_hazel_phantom_te_0_86997.png"},{"@type":"BreadcrumbList","@id":"https:\/\/tourcruiser.com\/fr\/products\/women-nike-air-max-moto-2k-dark-hazelphantomteam-crimsondark-hazel\/#breadcrumb","itemListElement":[{"@type":"ListItem","position":1,"name":"Home","item":"https:\/\/tourcruiser.com\/fr\/"},{"@type":"ListItem","position":2,"name":"Shop","item":"https:\/\/tourcruiser.com\/fr\/shop\/"},{"@type":"ListItem","position":3,"name":"(Women) Nike Air Max Moto 2K Dark Hazel\/Phantom\/Team Crimson\/Dark Hazel"}]},{"@type":"WebSite","@id":"https:\/\/tourcruiser.com\/fr\/#website","url":"https:\/\/tourcruiser.com\/fr\/","name":"Styloral Jewelry Shop","description":"Tourcruiser Sneaker Store \u2014 L\u2019endroit o\u00f9 l\u2019univers rencontre votre singularit\u00e9.","publisher":{"@id":"https:\/\/tourcruiser.com\/fr\/#organization"},"potentialAction":[{"@type":"SearchAction","target":{"@type":"EntryPoint","urlTemplate":"https:\/\/tourcruiser.com\/fr\/?s={search_term_string}"},"query-input":{"@type":"PropertyValueSpecification","valueRequired":true,"valueName":"search_term_string"}}],"inLanguage":"fr-FR"},{"@type":"Organization","@id":"https:\/\/tourcruiser.com\/fr\/#organization","name":"STYLORAL PTE. LTD","url":"https:\/\/tourcruiser.com\/fr\/","logo":{"@type":"ImageObject","inLanguage":"fr-FR","@id":"https:\/\/tourcruiser.com\/fr\/#\/schema\/logo\/image\/","url":"https:\/\/www.tourcruiser.com\/wp-content\/uploads\/2025\/12\/logo.png","contentUrl":"https:\/\/www.tourcruiser.com\/wp-content\/uploads\/2025\/12\/logo.png","width":200,"height":65,"caption":"STYLORAL PTE. LTD"},"image":{"@id":"https:\/\/tourcruiser.com\/fr\/#\/schema\/logo\/image\/"}}]}},"_links":{"self":[{"href":"https:\/\/tourcruiser.com\/fr\/wp-json\/wp\/v2\/product\/53227","targetHints":{"allow":["GET"]}}],"collection":[{"href":"https:\/\/tourcruiser.com\/fr\/wp-json\/wp\/v2\/product"}],"about":[{"href":"https:\/\/tourcruiser.com\/fr\/wp-json\/wp\/v2\/types\/product"}],"replies":[{"embeddable":true,"href":"https:\/\/tourcruiser.com\/fr\/wp-json\/wp\/v2\/comments?post=53227"}],"wp:featuredmedia":[{"embeddable":true,"href":"https:\/\/tourcruiser.com\/fr\/wp-json\/wp\/v2\/media\/53228"}],"wp:attachment":[{"href":"https:\/\/tourcruiser.com\/fr\/wp-json\/wp\/v2\/media?parent=53227"}],"wp:term":[{"taxonomy":"product_brand","embeddable":true,"href":"https:\/\/tourcruiser.com\/fr\/wp-json\/wp\/v2\/product_brand?post=53227"},{"taxonomy":"product_cat","embeddable":true,"href":"https:\/\/tourcruiser.com\/fr\/wp-json\/wp\/v2\/product_cat?post=53227"},{"taxonomy":"product_tag","embeddable":true,"href":"https:\/\/tourcruiser.com\/fr\/wp-json\/wp\/v2\/product_tag?post=53227"}],"curies":[{"name":"wp","href":"https:\/\/api.w.org\/{rel}","templated":true}]}}