{"id":53065,"date":"2026-03-02T15:12:25","date_gmt":"2026-03-02T08:12:25","guid":{"rendered":"http:\/\/tourcruiser.com\/product\/doublet-x-asics-gel-quantum-360-amp-t-rex"},"modified":"2026-03-14T18:39:46","modified_gmt":"2026-03-14T11:39:46","slug":"doublet-x-asics-gel-quantum-360-amp-t-rex","status":"publish","type":"product","link":"https:\/\/tourcruiser.com\/fr\/products\/doublet-x-asics-gel-quantum-360-amp-t-rex\/","title":{"rendered":"Doublet x ASICS Gel Quantum 360 AMP &lsquo;T-Rex&rsquo;"},"content":{"rendered":"<p>D\u00e9couvrez un design audacieux et un confort in\u00e9gal\u00e9 avec la Doublet x ASICS Gel Quantum 360 AMP \u00ab\u00a0T-Rex\u00a0\u00bb 1203A986-200, une collaboration dynamique qui allie innovation sportive et esth\u00e9tique avant-gardiste. Inspir\u00e9e par des \u00e9l\u00e9ments pr\u00e9historiques, cette sneaker unique arbore un motif T-Rex saisissant, des tons naturels et des d\u00e9tails textur\u00e9s, pour un look audacieux et tendance. Dot\u00e9e du syst\u00e8me d&rsquo;amorti avanc\u00e9 Gel-Quantum 360 d&rsquo;ASICS, elle offre un soutien et une absorption des chocs exceptionnels pour un confort optimal tout au long de la journ\u00e9e. L&rsquo;alliance parfaite de mat\u00e9riaux haut de gamme et de technologies de pointe garantit un \u00e9quilibre parfait entre style, durabilit\u00e9 et performance, ce qui en fait un incontournable pour les passionn\u00e9s de sneakers et les influenceurs. Rejoignez cette r\u00e9volution exclusive et profitez d&rsquo;un look confortable et styl\u00e9 en toutes circonstances. Coloris\u00a0: Marron\/Rouge-Cr\u00e8me. Num\u00e9ro d&rsquo;article\u00a0: 1203A986-200. Mati\u00e8re ext\u00e9rieure\u00a0: Synth\u00e9tique. Couleur\u00a0: Marron. Saison\u00a0: Hiver. Ann\u00e9e de sortie\u00a0: 2026.<\/p>\n","protected":false},"excerpt":{"rendered":"<p>ASICS Gel Quantum 360 AMP \u201d\u201d Brown\/Red-Cream<\/p>\n","protected":false},"featured_media":53066,"comment_status":"open","ping_status":"closed","template":"","meta":[],"product_brand":[],"product_cat":[10792],"product_tag":[10791,10750,10754,10765,10768],"class_list":{"0":"post-53065","1":"product","2":"type-product","3":"status-publish","4":"has-post-thumbnail","6":"product_cat-asics","7":"product_tag-asics","8":"product_tag-athleisure-shoes","9":"product_tag-lifestyle-casual-shoes","10":"product_tag-lifestyle-shoes-running-inspired","11":"product_tag-retro-running-shoes","12":"wcpa_has_options","14":"first","15":"instock","16":"taxable","17":"shipping-taxable","18":"purchasable","19":"product-type-simple"},"wcpa_form_fields":{"rules":{"pric_overide_base_price":false,"pric_overide_base_price_if_gt_zero":false,"pric_overide_base_price_fully":false,"pric_cal_option_once":false,"pric_use_as_fee":false,"bind_quantity":false,"quantity_bind_formula":false},"fields":[{"type":"color-group","required":true,"elementId":"wcpa-color-group-69a5ab08ee12d","label":"Taille","inline":true,"priceOptions":"different_for_all","pricingType":"fixed","className":"hassizechart product-shoes-size-eu product-shoes-size","name":"color-group-69a5ab08ee136","disp_type":"square","selection_type":"tick-border","disp_size":"50","show_label_inside":true,"adjust_width":true,"cart_display_type":"text","other_text":"Other","cl_rule":"show","col":6,"values":[{"label":"36","value":"EU 36","price":"","pimage":"","pimage_id":"","pthumb":"","color":"","selected":true},{"label":"37","value":"EU 37","price":"","pimage":"","pimage_id":"","pthumb":"","color":""},{"label":"37.5","value":"EU 37.5","price":"","pimage":"","pimage_id":"","pthumb":"","color":""},{"label":"38","value":"EU 38","price":"","pimage":"","pimage_id":"","pthumb":"","color":""},{"label":"38.5","value":"EU 38.5","price":"","pimage":"","pimage_id":"","pthumb":"","color":""},{"label":"39","value":"EU 39","price":"","pimage":"","pimage_id":"","pthumb":"","color":""},{"label":"39.5","value":"EU 39.5","price":"","pimage":"","pimage_id":"","pthumb":"","color":""},{"label":"40","value":"EU 40","price":"","pimage":"","pimage_id":"","pthumb":"","color":""},{"label":"40.5","value":"EU 40.5","price":"","pimage":"","pimage_id":"","pthumb":"","color":""},{"label":" 41.5","value":"EU 41.5","price":"","pimage":"","pimage_id":"","pthumb":"","color":""},{"label":"42","value":"EU 42","price":"","pimage":"","pimage_id":"","pthumb":"","color":""},{"label":"42.5","value":"EU 42.5","price":"","pimage":"","pimage_id":"","pthumb":"","color":""},{"label":"43","value":"EU 43","price":"","pimage":"","pimage_id":"","pthumb":"","color":""},{"label":"44","value":"EU 44","price":"","pimage":"","pimage_id":"","pthumb":"","color":""},{"label":"44.5","value":"EU 44.5","price":"","pimage":"","pimage_id":"","pthumb":"","color":""},{"label":"45","value":"EU 45","price":"","pimage":"","pimage_id":"","pthumb":"","color":""},{"label":"45.5","value":"EU 45.5","price":"","pimage":"","pimage_id":"","pthumb":"","color":""},{"label":"46","value":"EU 46","price":"","pimage":"","pimage_id":"","pthumb":"","color":""},{"label":"46.5","value":"EU 46.5","price":"","pimage":"","pimage_id":"","pthumb":"","color":""},{"label":"47","value":"EU 47","price":"","pimage":"","pimage_id":"","pthumb":"","color":""}],"relations":[{"operator":false,"rules":[]}],"form_id":184311,"form_rules":{"pric_cal_option_once":false,"exclude_from_discount":false,"pric_use_as_fee":false,"fee_label":"Fee","render_after_acb":false,"disp_hide_options_price":false}}]},"yoast_head":"<!-- This site is optimized with the Yoast SEO plugin v26.5 - https:\/\/yoast.com\/wordpress\/plugins\/seo\/ -->\n<title>Doublet x ASICS Gel Quantum 360 AMP &#039;T-Rex&#039; - TOURCRUISER PTE. LTD<\/title>\n<meta name=\"robots\" content=\"index, follow, max-snippet:-1, max-image-preview:large, max-video-preview:-1\" \/>\n<link rel=\"canonical\" href=\"https:\/\/tourcruiser.com\/fr\/products\/doublet-x-asics-gel-quantum-360-amp-t-rex\/\" \/>\n<meta property=\"og:locale\" content=\"fr_FR\" \/>\n<meta property=\"og:type\" content=\"article\" \/>\n<meta property=\"og:title\" content=\"Doublet x ASICS Gel Quantum 360 AMP &#039;T-Rex&#039; - TOURCRUISER PTE. LTD\" \/>\n<meta property=\"og:description\" content=\"ASICS Gel Quantum 360 AMP \u201d\u201d Brown\/Red-Cream\" \/>\n<meta property=\"og:url\" content=\"https:\/\/tourcruiser.com\/fr\/products\/doublet-x-asics-gel-quantum-360-amp-t-rex\/\" \/>\n<meta property=\"og:site_name\" content=\"Tourcruiser Sneaker Store\" \/>\n<meta property=\"article:modified_time\" content=\"2026-03-14T11:39:46+00:00\" \/>\n<meta name=\"twitter:card\" content=\"summary_large_image\" \/>\n<meta name=\"twitter:image\" content=\"https:\/\/images.novelship.com\/product\/doublet_x_asics_gel_quantum_360_amp__t-rex__1203a9_0_75796.jpeg\" \/>\n<meta name=\"twitter:label1\" content=\"Dur\u00e9e de lecture estim\u00e9e\" \/>\n\t<meta name=\"twitter:data1\" content=\"1 minute\" \/>\n<script type=\"application\/ld+json\" class=\"yoast-schema-graph\">{\"@context\":\"https:\/\/schema.org\",\"@graph\":[{\"@type\":\"WebPage\",\"@id\":\"https:\/\/tourcruiser.com\/fr\/products\/doublet-x-asics-gel-quantum-360-amp-t-rex\/\",\"url\":\"https:\/\/tourcruiser.com\/fr\/products\/doublet-x-asics-gel-quantum-360-amp-t-rex\/\",\"name\":\"Doublet x ASICS Gel Quantum 360 AMP 'T-Rex' - TOURCRUISER PTE. LTD\",\"isPartOf\":{\"@id\":\"https:\/\/tourcruiser.com\/fr\/#website\"},\"primaryImageOfPage\":{\"@id\":\"https:\/\/tourcruiser.com\/fr\/products\/doublet-x-asics-gel-quantum-360-amp-t-rex\/#primaryimage\"},\"image\":{\"@id\":\"https:\/\/tourcruiser.com\/fr\/products\/doublet-x-asics-gel-quantum-360-amp-t-rex\/#primaryimage\"},\"thumbnailUrl\":\"https:\/\/images.novelship.com\/product\/doublet_x_asics_gel_quantum_360_amp__t-rex__1203a9_0_75796.jpeg\",\"datePublished\":\"2026-03-02T08:12:25+00:00\",\"dateModified\":\"2026-03-14T11:39:46+00:00\",\"breadcrumb\":{\"@id\":\"https:\/\/tourcruiser.com\/fr\/products\/doublet-x-asics-gel-quantum-360-amp-t-rex\/#breadcrumb\"},\"inLanguage\":\"fr-FR\",\"potentialAction\":[{\"@type\":\"ReadAction\",\"target\":[\"https:\/\/tourcruiser.com\/fr\/products\/doublet-x-asics-gel-quantum-360-amp-t-rex\/\"]}]},{\"@type\":\"ImageObject\",\"inLanguage\":\"fr-FR\",\"@id\":\"https:\/\/tourcruiser.com\/fr\/products\/doublet-x-asics-gel-quantum-360-amp-t-rex\/#primaryimage\",\"url\":\"https:\/\/images.novelship.com\/product\/doublet_x_asics_gel_quantum_360_amp__t-rex__1203a9_0_75796.jpeg\",\"contentUrl\":\"https:\/\/images.novelship.com\/product\/doublet_x_asics_gel_quantum_360_amp__t-rex__1203a9_0_75796.jpeg\"},{\"@type\":\"BreadcrumbList\",\"@id\":\"https:\/\/tourcruiser.com\/fr\/products\/doublet-x-asics-gel-quantum-360-amp-t-rex\/#breadcrumb\",\"itemListElement\":[{\"@type\":\"ListItem\",\"position\":1,\"name\":\"Home\",\"item\":\"https:\/\/tourcruiser.com\/fr\/\"},{\"@type\":\"ListItem\",\"position\":2,\"name\":\"Shop\",\"item\":\"https:\/\/tourcruiser.com\/fr\/shop\/\"},{\"@type\":\"ListItem\",\"position\":3,\"name\":\"Doublet x ASICS Gel Quantum 360 AMP 'T-Rex'\"}]},{\"@type\":\"WebSite\",\"@id\":\"https:\/\/tourcruiser.com\/fr\/#website\",\"url\":\"https:\/\/tourcruiser.com\/fr\/\",\"name\":\"Styloral Jewelry Shop\",\"description\":\"Tourcruiser Sneaker Store \u2014 L\u2019endroit o\u00f9 l\u2019univers rencontre votre singularit\u00e9.\",\"publisher\":{\"@id\":\"https:\/\/tourcruiser.com\/fr\/#organization\"},\"potentialAction\":[{\"@type\":\"SearchAction\",\"target\":{\"@type\":\"EntryPoint\",\"urlTemplate\":\"https:\/\/tourcruiser.com\/fr\/?s={search_term_string}\"},\"query-input\":{\"@type\":\"PropertyValueSpecification\",\"valueRequired\":true,\"valueName\":\"search_term_string\"}}],\"inLanguage\":\"fr-FR\"},{\"@type\":\"Organization\",\"@id\":\"https:\/\/tourcruiser.com\/fr\/#organization\",\"name\":\"STYLORAL PTE. LTD\",\"url\":\"https:\/\/tourcruiser.com\/fr\/\",\"logo\":{\"@type\":\"ImageObject\",\"inLanguage\":\"fr-FR\",\"@id\":\"https:\/\/tourcruiser.com\/fr\/#\/schema\/logo\/image\/\",\"url\":\"https:\/\/www.tourcruiser.com\/wp-content\/uploads\/2025\/12\/logo.png\",\"contentUrl\":\"https:\/\/www.tourcruiser.com\/wp-content\/uploads\/2025\/12\/logo.png\",\"width\":200,\"height\":65,\"caption\":\"STYLORAL PTE. LTD\"},\"image\":{\"@id\":\"https:\/\/tourcruiser.com\/fr\/#\/schema\/logo\/image\/\"}}]}<\/script>\n<!-- \/ Yoast SEO plugin. -->","yoast_head_json":{"title":"Doublet x ASICS Gel Quantum 360 AMP 'T-Rex' - TOURCRUISER PTE. LTD","robots":{"index":"index","follow":"follow","max-snippet":"max-snippet:-1","max-image-preview":"max-image-preview:large","max-video-preview":"max-video-preview:-1"},"canonical":"https:\/\/tourcruiser.com\/fr\/products\/doublet-x-asics-gel-quantum-360-amp-t-rex\/","og_locale":"fr_FR","og_type":"article","og_title":"Doublet x ASICS Gel Quantum 360 AMP 'T-Rex' - TOURCRUISER PTE. LTD","og_description":"ASICS Gel Quantum 360 AMP \u201d\u201d Brown\/Red-Cream","og_url":"https:\/\/tourcruiser.com\/fr\/products\/doublet-x-asics-gel-quantum-360-amp-t-rex\/","og_site_name":"Tourcruiser Sneaker Store","article_modified_time":"2026-03-14T11:39:46+00:00","twitter_card":"summary_large_image","twitter_image":"https:\/\/images.novelship.com\/product\/doublet_x_asics_gel_quantum_360_amp__t-rex__1203a9_0_75796.jpeg","twitter_misc":{"Dur\u00e9e de lecture estim\u00e9e":"1 minute"},"schema":{"@context":"https:\/\/schema.org","@graph":[{"@type":"WebPage","@id":"https:\/\/tourcruiser.com\/fr\/products\/doublet-x-asics-gel-quantum-360-amp-t-rex\/","url":"https:\/\/tourcruiser.com\/fr\/products\/doublet-x-asics-gel-quantum-360-amp-t-rex\/","name":"Doublet x ASICS Gel Quantum 360 AMP 'T-Rex' - TOURCRUISER PTE. LTD","isPartOf":{"@id":"https:\/\/tourcruiser.com\/fr\/#website"},"primaryImageOfPage":{"@id":"https:\/\/tourcruiser.com\/fr\/products\/doublet-x-asics-gel-quantum-360-amp-t-rex\/#primaryimage"},"image":{"@id":"https:\/\/tourcruiser.com\/fr\/products\/doublet-x-asics-gel-quantum-360-amp-t-rex\/#primaryimage"},"thumbnailUrl":"https:\/\/images.novelship.com\/product\/doublet_x_asics_gel_quantum_360_amp__t-rex__1203a9_0_75796.jpeg","datePublished":"2026-03-02T08:12:25+00:00","dateModified":"2026-03-14T11:39:46+00:00","breadcrumb":{"@id":"https:\/\/tourcruiser.com\/fr\/products\/doublet-x-asics-gel-quantum-360-amp-t-rex\/#breadcrumb"},"inLanguage":"fr-FR","potentialAction":[{"@type":"ReadAction","target":["https:\/\/tourcruiser.com\/fr\/products\/doublet-x-asics-gel-quantum-360-amp-t-rex\/"]}]},{"@type":"ImageObject","inLanguage":"fr-FR","@id":"https:\/\/tourcruiser.com\/fr\/products\/doublet-x-asics-gel-quantum-360-amp-t-rex\/#primaryimage","url":"https:\/\/images.novelship.com\/product\/doublet_x_asics_gel_quantum_360_amp__t-rex__1203a9_0_75796.jpeg","contentUrl":"https:\/\/images.novelship.com\/product\/doublet_x_asics_gel_quantum_360_amp__t-rex__1203a9_0_75796.jpeg"},{"@type":"BreadcrumbList","@id":"https:\/\/tourcruiser.com\/fr\/products\/doublet-x-asics-gel-quantum-360-amp-t-rex\/#breadcrumb","itemListElement":[{"@type":"ListItem","position":1,"name":"Home","item":"https:\/\/tourcruiser.com\/fr\/"},{"@type":"ListItem","position":2,"name":"Shop","item":"https:\/\/tourcruiser.com\/fr\/shop\/"},{"@type":"ListItem","position":3,"name":"Doublet x ASICS Gel Quantum 360 AMP 'T-Rex'"}]},{"@type":"WebSite","@id":"https:\/\/tourcruiser.com\/fr\/#website","url":"https:\/\/tourcruiser.com\/fr\/","name":"Styloral Jewelry Shop","description":"Tourcruiser Sneaker Store \u2014 L\u2019endroit o\u00f9 l\u2019univers rencontre votre singularit\u00e9.","publisher":{"@id":"https:\/\/tourcruiser.com\/fr\/#organization"},"potentialAction":[{"@type":"SearchAction","target":{"@type":"EntryPoint","urlTemplate":"https:\/\/tourcruiser.com\/fr\/?s={search_term_string}"},"query-input":{"@type":"PropertyValueSpecification","valueRequired":true,"valueName":"search_term_string"}}],"inLanguage":"fr-FR"},{"@type":"Organization","@id":"https:\/\/tourcruiser.com\/fr\/#organization","name":"STYLORAL PTE. LTD","url":"https:\/\/tourcruiser.com\/fr\/","logo":{"@type":"ImageObject","inLanguage":"fr-FR","@id":"https:\/\/tourcruiser.com\/fr\/#\/schema\/logo\/image\/","url":"https:\/\/www.tourcruiser.com\/wp-content\/uploads\/2025\/12\/logo.png","contentUrl":"https:\/\/www.tourcruiser.com\/wp-content\/uploads\/2025\/12\/logo.png","width":200,"height":65,"caption":"STYLORAL PTE. LTD"},"image":{"@id":"https:\/\/tourcruiser.com\/fr\/#\/schema\/logo\/image\/"}}]}},"_links":{"self":[{"href":"https:\/\/tourcruiser.com\/fr\/wp-json\/wp\/v2\/product\/53065","targetHints":{"allow":["GET"]}}],"collection":[{"href":"https:\/\/tourcruiser.com\/fr\/wp-json\/wp\/v2\/product"}],"about":[{"href":"https:\/\/tourcruiser.com\/fr\/wp-json\/wp\/v2\/types\/product"}],"replies":[{"embeddable":true,"href":"https:\/\/tourcruiser.com\/fr\/wp-json\/wp\/v2\/comments?post=53065"}],"wp:featuredmedia":[{"embeddable":true,"href":"https:\/\/tourcruiser.com\/fr\/wp-json\/wp\/v2\/media\/53066"}],"wp:attachment":[{"href":"https:\/\/tourcruiser.com\/fr\/wp-json\/wp\/v2\/media?parent=53065"}],"wp:term":[{"taxonomy":"product_brand","embeddable":true,"href":"https:\/\/tourcruiser.com\/fr\/wp-json\/wp\/v2\/product_brand?post=53065"},{"taxonomy":"product_cat","embeddable":true,"href":"https:\/\/tourcruiser.com\/fr\/wp-json\/wp\/v2\/product_cat?post=53065"},{"taxonomy":"product_tag","embeddable":true,"href":"https:\/\/tourcruiser.com\/fr\/wp-json\/wp\/v2\/product_tag?post=53065"}],"curies":[{"name":"wp","href":"https:\/\/api.w.org\/{rel}","templated":true}]}}