{"id":52833,"date":"2026-03-02T15:12:06","date_gmt":"2026-03-02T08:12:06","guid":{"rendered":"http:\/\/tourcruiser.com\/product\/kiko-kostadinov-x-asics-ub10-s-gel-kayano-20-hunter-green-jade"},"modified":"2026-03-14T18:39:20","modified_gmt":"2026-03-14T11:39:20","slug":"kiko-kostadinov-x-asics-ub10-s-gel-kayano-20-hunter-green-jade","status":"publish","type":"product","link":"https:\/\/tourcruiser.com\/fr\/products\/kiko-kostadinov-x-asics-ub10-s-gel-kayano-20-hunter-green-jade\/","title":{"rendered":"Kiko Kostadinov x ASICS UB10-S Gel Kayano 20 &lsquo;Hunter Green Jade&rsquo;"},"content":{"rendered":"<p>Avec la Kiko Kostadinov x ASICS UB10-S Gel Kayano 20 \u00ab\u00a0Hunter Green Jade\u00a0\u00bb, affirmez votre style avec une touche d&rsquo;originalit\u00e9\u00a0: une fusion magistrale entre design trail et technologie haute performance. Son design bicolore saisissant, associant un vert chasseur profond \u00e0 des accents jade \u00e9clatants, cr\u00e9e un look \u00e0 la fois expressif et polyvalent. Bas\u00e9e sur la silhouette embl\u00e9matique de la Gel Kayano 20, cette sneaker offre un confort et un maintien exceptionnels pour toutes vos activit\u00e9s gr\u00e2ce \u00e0 la technologie d&rsquo;amorti innovante d&rsquo;ASICS. Les empi\u00e8cements textur\u00e9s et les inserts en mesh respirant garantissent durabilit\u00e9 et ventilation, tandis que la semelle ext\u00e9rieure robuste assure une adh\u00e9rence et une stabilit\u00e9 optimales sur tous les terrains. Id\u00e9ale pour les explorateurs urbains comme pour les passionn\u00e9s de plein air, cette chaussure allie fonctionnalit\u00e9 et style avant-gardiste, une signature du design innovant de Kiko Kostadinov. Que vous soyez \u00e0 la pointe de la mode en ville ou en qu\u00eate de nouvelles aventures, cette collaboration dynamique vous offre la qualit\u00e9 premium et le design innovant qui font la renomm\u00e9e d&rsquo;ASICS. Affirmez votre style \u00e0 chaque pas avec l&rsquo;\u00e9dition \u00ab\u00a0Hunter Green Jade\u00a0\u00bb, qui allie avec brio style, performance et polyvalence. Coloris\u00a0: Vert chasseur\/Jade. R\u00e9f\u00e9rence\u00a0: 1203A640-300. Tige\u00a0: Mesh. Semelle interm\u00e9diaire\u00a0: Gel. Couleur\u00a0: Vert. Saison\u00a0: Automne. Ann\u00e9e de sortie\u00a0: 2024.<\/p>\n","protected":false},"excerpt":{"rendered":"<p>ASICS Gel Kayano 20 \u201d\u201d Hunter Green\/Jade<\/p>\n","protected":false},"featured_media":52834,"comment_status":"open","ping_status":"closed","template":"","meta":[],"product_brand":[],"product_cat":[10792],"product_tag":[10791,10750,10753,10754,10765,10768,10758],"class_list":{"0":"post-52833","1":"product","2":"type-product","3":"status-publish","4":"has-post-thumbnail","6":"product_cat-asics","7":"product_tag-asics","8":"product_tag-athleisure-shoes","9":"product_tag-gift-for-him","10":"product_tag-lifestyle-casual-shoes","11":"product_tag-lifestyle-shoes-running-inspired","12":"product_tag-retro-running-shoes","13":"product_tag-under-retail","14":"wcpa_has_options","16":"first","17":"instock","18":"sale","19":"taxable","20":"shipping-taxable","21":"purchasable","22":"product-type-simple"},"wcpa_form_fields":{"rules":{"pric_overide_base_price":false,"pric_overide_base_price_if_gt_zero":false,"pric_overide_base_price_fully":false,"pric_cal_option_once":false,"pric_use_as_fee":false,"bind_quantity":false,"quantity_bind_formula":false},"fields":[{"type":"color-group","required":true,"elementId":"wcpa-color-group-69a5ab08ee12d","label":"Taille","inline":true,"priceOptions":"different_for_all","pricingType":"fixed","className":"hassizechart product-shoes-size-eu product-shoes-size","name":"color-group-69a5ab08ee136","disp_type":"square","selection_type":"tick-border","disp_size":"50","show_label_inside":true,"adjust_width":true,"cart_display_type":"text","other_text":"Other","cl_rule":"show","col":6,"values":[{"label":"36","value":"EU 36","price":"","pimage":"","pimage_id":"","pthumb":"","color":"","selected":true},{"label":"37","value":"EU 37","price":"","pimage":"","pimage_id":"","pthumb":"","color":""},{"label":"37.5","value":"EU 37.5","price":"","pimage":"","pimage_id":"","pthumb":"","color":""},{"label":"38","value":"EU 38","price":"","pimage":"","pimage_id":"","pthumb":"","color":""},{"label":"38.5","value":"EU 38.5","price":"","pimage":"","pimage_id":"","pthumb":"","color":""},{"label":"39","value":"EU 39","price":"","pimage":"","pimage_id":"","pthumb":"","color":""},{"label":"39.5","value":"EU 39.5","price":"","pimage":"","pimage_id":"","pthumb":"","color":""},{"label":"40","value":"EU 40","price":"","pimage":"","pimage_id":"","pthumb":"","color":""},{"label":"40.5","value":"EU 40.5","price":"","pimage":"","pimage_id":"","pthumb":"","color":""},{"label":" 41.5","value":"EU 41.5","price":"","pimage":"","pimage_id":"","pthumb":"","color":""},{"label":"42","value":"EU 42","price":"","pimage":"","pimage_id":"","pthumb":"","color":""},{"label":"42.5","value":"EU 42.5","price":"","pimage":"","pimage_id":"","pthumb":"","color":""},{"label":"43","value":"EU 43","price":"","pimage":"","pimage_id":"","pthumb":"","color":""},{"label":"44","value":"EU 44","price":"","pimage":"","pimage_id":"","pthumb":"","color":""},{"label":"44.5","value":"EU 44.5","price":"","pimage":"","pimage_id":"","pthumb":"","color":""},{"label":"45","value":"EU 45","price":"","pimage":"","pimage_id":"","pthumb":"","color":""},{"label":"45.5","value":"EU 45.5","price":"","pimage":"","pimage_id":"","pthumb":"","color":""},{"label":"46","value":"EU 46","price":"","pimage":"","pimage_id":"","pthumb":"","color":""},{"label":"46.5","value":"EU 46.5","price":"","pimage":"","pimage_id":"","pthumb":"","color":""},{"label":"47","value":"EU 47","price":"","pimage":"","pimage_id":"","pthumb":"","color":""}],"relations":[{"operator":false,"rules":[]}],"form_id":184311,"form_rules":{"pric_cal_option_once":false,"exclude_from_discount":false,"pric_use_as_fee":false,"fee_label":"Fee","render_after_acb":false,"disp_hide_options_price":false}}]},"yoast_head":"<!-- This site is optimized with the Yoast SEO plugin v26.5 - https:\/\/yoast.com\/wordpress\/plugins\/seo\/ -->\n<title>Kiko Kostadinov x ASICS UB10-S Gel Kayano 20 &#039;Hunter Green Jade&#039; - TOURCRUISER PTE. LTD<\/title>\n<meta name=\"robots\" content=\"index, follow, max-snippet:-1, max-image-preview:large, max-video-preview:-1\" \/>\n<link rel=\"canonical\" href=\"https:\/\/tourcruiser.com\/fr\/products\/kiko-kostadinov-x-asics-ub10-s-gel-kayano-20-hunter-green-jade\/\" \/>\n<meta property=\"og:locale\" content=\"fr_FR\" \/>\n<meta property=\"og:type\" content=\"article\" \/>\n<meta property=\"og:title\" content=\"Kiko Kostadinov x ASICS UB10-S Gel Kayano 20 &#039;Hunter Green Jade&#039; - TOURCRUISER PTE. LTD\" \/>\n<meta property=\"og:description\" content=\"ASICS Gel Kayano 20 \u201d\u201d Hunter Green\/Jade\" \/>\n<meta property=\"og:url\" content=\"https:\/\/tourcruiser.com\/fr\/products\/kiko-kostadinov-x-asics-ub10-s-gel-kayano-20-hunter-green-jade\/\" \/>\n<meta property=\"og:site_name\" content=\"Tourcruiser Sneaker Store\" \/>\n<meta property=\"article:modified_time\" content=\"2026-03-14T11:39:20+00:00\" \/>\n<meta name=\"twitter:card\" content=\"summary_large_image\" \/>\n<meta name=\"twitter:image\" content=\"https:\/\/images.novelship.com\/product\/kiko_kostadinov_x_asics_ub10-s_gel_kayano_20__hunt_0_61575.jpeg\" \/>\n<meta name=\"twitter:label1\" content=\"Dur\u00e9e de lecture estim\u00e9e\" \/>\n\t<meta name=\"twitter:data1\" content=\"1 minute\" \/>\n<script type=\"application\/ld+json\" class=\"yoast-schema-graph\">{\"@context\":\"https:\/\/schema.org\",\"@graph\":[{\"@type\":\"WebPage\",\"@id\":\"https:\/\/tourcruiser.com\/fr\/products\/kiko-kostadinov-x-asics-ub10-s-gel-kayano-20-hunter-green-jade\/\",\"url\":\"https:\/\/tourcruiser.com\/fr\/products\/kiko-kostadinov-x-asics-ub10-s-gel-kayano-20-hunter-green-jade\/\",\"name\":\"Kiko Kostadinov x ASICS UB10-S Gel Kayano 20 'Hunter Green Jade' - TOURCRUISER PTE. LTD\",\"isPartOf\":{\"@id\":\"https:\/\/tourcruiser.com\/fr\/#website\"},\"primaryImageOfPage\":{\"@id\":\"https:\/\/tourcruiser.com\/fr\/products\/kiko-kostadinov-x-asics-ub10-s-gel-kayano-20-hunter-green-jade\/#primaryimage\"},\"image\":{\"@id\":\"https:\/\/tourcruiser.com\/fr\/products\/kiko-kostadinov-x-asics-ub10-s-gel-kayano-20-hunter-green-jade\/#primaryimage\"},\"thumbnailUrl\":\"https:\/\/images.novelship.com\/product\/kiko_kostadinov_x_asics_ub10-s_gel_kayano_20__hunt_0_61575.jpeg\",\"datePublished\":\"2026-03-02T08:12:06+00:00\",\"dateModified\":\"2026-03-14T11:39:20+00:00\",\"breadcrumb\":{\"@id\":\"https:\/\/tourcruiser.com\/fr\/products\/kiko-kostadinov-x-asics-ub10-s-gel-kayano-20-hunter-green-jade\/#breadcrumb\"},\"inLanguage\":\"fr-FR\",\"potentialAction\":[{\"@type\":\"ReadAction\",\"target\":[\"https:\/\/tourcruiser.com\/fr\/products\/kiko-kostadinov-x-asics-ub10-s-gel-kayano-20-hunter-green-jade\/\"]}]},{\"@type\":\"ImageObject\",\"inLanguage\":\"fr-FR\",\"@id\":\"https:\/\/tourcruiser.com\/fr\/products\/kiko-kostadinov-x-asics-ub10-s-gel-kayano-20-hunter-green-jade\/#primaryimage\",\"url\":\"https:\/\/images.novelship.com\/product\/kiko_kostadinov_x_asics_ub10-s_gel_kayano_20__hunt_0_61575.jpeg\",\"contentUrl\":\"https:\/\/images.novelship.com\/product\/kiko_kostadinov_x_asics_ub10-s_gel_kayano_20__hunt_0_61575.jpeg\"},{\"@type\":\"BreadcrumbList\",\"@id\":\"https:\/\/tourcruiser.com\/fr\/products\/kiko-kostadinov-x-asics-ub10-s-gel-kayano-20-hunter-green-jade\/#breadcrumb\",\"itemListElement\":[{\"@type\":\"ListItem\",\"position\":1,\"name\":\"Home\",\"item\":\"https:\/\/tourcruiser.com\/fr\/\"},{\"@type\":\"ListItem\",\"position\":2,\"name\":\"Shop\",\"item\":\"https:\/\/tourcruiser.com\/fr\/shop\/\"},{\"@type\":\"ListItem\",\"position\":3,\"name\":\"Kiko Kostadinov x ASICS UB10-S Gel Kayano 20 'Hunter Green Jade'\"}]},{\"@type\":\"WebSite\",\"@id\":\"https:\/\/tourcruiser.com\/fr\/#website\",\"url\":\"https:\/\/tourcruiser.com\/fr\/\",\"name\":\"Styloral Jewelry Shop\",\"description\":\"Tourcruiser Sneaker Store \u2014 L\u2019endroit o\u00f9 l\u2019univers rencontre votre singularit\u00e9.\",\"publisher\":{\"@id\":\"https:\/\/tourcruiser.com\/fr\/#organization\"},\"potentialAction\":[{\"@type\":\"SearchAction\",\"target\":{\"@type\":\"EntryPoint\",\"urlTemplate\":\"https:\/\/tourcruiser.com\/fr\/?s={search_term_string}\"},\"query-input\":{\"@type\":\"PropertyValueSpecification\",\"valueRequired\":true,\"valueName\":\"search_term_string\"}}],\"inLanguage\":\"fr-FR\"},{\"@type\":\"Organization\",\"@id\":\"https:\/\/tourcruiser.com\/fr\/#organization\",\"name\":\"STYLORAL PTE. LTD\",\"url\":\"https:\/\/tourcruiser.com\/fr\/\",\"logo\":{\"@type\":\"ImageObject\",\"inLanguage\":\"fr-FR\",\"@id\":\"https:\/\/tourcruiser.com\/fr\/#\/schema\/logo\/image\/\",\"url\":\"https:\/\/www.tourcruiser.com\/wp-content\/uploads\/2025\/12\/logo.png\",\"contentUrl\":\"https:\/\/www.tourcruiser.com\/wp-content\/uploads\/2025\/12\/logo.png\",\"width\":200,\"height\":65,\"caption\":\"STYLORAL PTE. LTD\"},\"image\":{\"@id\":\"https:\/\/tourcruiser.com\/fr\/#\/schema\/logo\/image\/\"}}]}<\/script>\n<!-- \/ Yoast SEO plugin. -->","yoast_head_json":{"title":"Kiko Kostadinov x ASICS UB10-S Gel Kayano 20 'Hunter Green Jade' - TOURCRUISER PTE. LTD","robots":{"index":"index","follow":"follow","max-snippet":"max-snippet:-1","max-image-preview":"max-image-preview:large","max-video-preview":"max-video-preview:-1"},"canonical":"https:\/\/tourcruiser.com\/fr\/products\/kiko-kostadinov-x-asics-ub10-s-gel-kayano-20-hunter-green-jade\/","og_locale":"fr_FR","og_type":"article","og_title":"Kiko Kostadinov x ASICS UB10-S Gel Kayano 20 'Hunter Green Jade' - TOURCRUISER PTE. LTD","og_description":"ASICS Gel Kayano 20 \u201d\u201d Hunter Green\/Jade","og_url":"https:\/\/tourcruiser.com\/fr\/products\/kiko-kostadinov-x-asics-ub10-s-gel-kayano-20-hunter-green-jade\/","og_site_name":"Tourcruiser Sneaker Store","article_modified_time":"2026-03-14T11:39:20+00:00","twitter_card":"summary_large_image","twitter_image":"https:\/\/images.novelship.com\/product\/kiko_kostadinov_x_asics_ub10-s_gel_kayano_20__hunt_0_61575.jpeg","twitter_misc":{"Dur\u00e9e de lecture estim\u00e9e":"1 minute"},"schema":{"@context":"https:\/\/schema.org","@graph":[{"@type":"WebPage","@id":"https:\/\/tourcruiser.com\/fr\/products\/kiko-kostadinov-x-asics-ub10-s-gel-kayano-20-hunter-green-jade\/","url":"https:\/\/tourcruiser.com\/fr\/products\/kiko-kostadinov-x-asics-ub10-s-gel-kayano-20-hunter-green-jade\/","name":"Kiko Kostadinov x ASICS UB10-S Gel Kayano 20 'Hunter Green Jade' - TOURCRUISER PTE. LTD","isPartOf":{"@id":"https:\/\/tourcruiser.com\/fr\/#website"},"primaryImageOfPage":{"@id":"https:\/\/tourcruiser.com\/fr\/products\/kiko-kostadinov-x-asics-ub10-s-gel-kayano-20-hunter-green-jade\/#primaryimage"},"image":{"@id":"https:\/\/tourcruiser.com\/fr\/products\/kiko-kostadinov-x-asics-ub10-s-gel-kayano-20-hunter-green-jade\/#primaryimage"},"thumbnailUrl":"https:\/\/images.novelship.com\/product\/kiko_kostadinov_x_asics_ub10-s_gel_kayano_20__hunt_0_61575.jpeg","datePublished":"2026-03-02T08:12:06+00:00","dateModified":"2026-03-14T11:39:20+00:00","breadcrumb":{"@id":"https:\/\/tourcruiser.com\/fr\/products\/kiko-kostadinov-x-asics-ub10-s-gel-kayano-20-hunter-green-jade\/#breadcrumb"},"inLanguage":"fr-FR","potentialAction":[{"@type":"ReadAction","target":["https:\/\/tourcruiser.com\/fr\/products\/kiko-kostadinov-x-asics-ub10-s-gel-kayano-20-hunter-green-jade\/"]}]},{"@type":"ImageObject","inLanguage":"fr-FR","@id":"https:\/\/tourcruiser.com\/fr\/products\/kiko-kostadinov-x-asics-ub10-s-gel-kayano-20-hunter-green-jade\/#primaryimage","url":"https:\/\/images.novelship.com\/product\/kiko_kostadinov_x_asics_ub10-s_gel_kayano_20__hunt_0_61575.jpeg","contentUrl":"https:\/\/images.novelship.com\/product\/kiko_kostadinov_x_asics_ub10-s_gel_kayano_20__hunt_0_61575.jpeg"},{"@type":"BreadcrumbList","@id":"https:\/\/tourcruiser.com\/fr\/products\/kiko-kostadinov-x-asics-ub10-s-gel-kayano-20-hunter-green-jade\/#breadcrumb","itemListElement":[{"@type":"ListItem","position":1,"name":"Home","item":"https:\/\/tourcruiser.com\/fr\/"},{"@type":"ListItem","position":2,"name":"Shop","item":"https:\/\/tourcruiser.com\/fr\/shop\/"},{"@type":"ListItem","position":3,"name":"Kiko Kostadinov x ASICS UB10-S Gel Kayano 20 'Hunter Green Jade'"}]},{"@type":"WebSite","@id":"https:\/\/tourcruiser.com\/fr\/#website","url":"https:\/\/tourcruiser.com\/fr\/","name":"Styloral Jewelry Shop","description":"Tourcruiser Sneaker Store \u2014 L\u2019endroit o\u00f9 l\u2019univers rencontre votre singularit\u00e9.","publisher":{"@id":"https:\/\/tourcruiser.com\/fr\/#organization"},"potentialAction":[{"@type":"SearchAction","target":{"@type":"EntryPoint","urlTemplate":"https:\/\/tourcruiser.com\/fr\/?s={search_term_string}"},"query-input":{"@type":"PropertyValueSpecification","valueRequired":true,"valueName":"search_term_string"}}],"inLanguage":"fr-FR"},{"@type":"Organization","@id":"https:\/\/tourcruiser.com\/fr\/#organization","name":"STYLORAL PTE. LTD","url":"https:\/\/tourcruiser.com\/fr\/","logo":{"@type":"ImageObject","inLanguage":"fr-FR","@id":"https:\/\/tourcruiser.com\/fr\/#\/schema\/logo\/image\/","url":"https:\/\/www.tourcruiser.com\/wp-content\/uploads\/2025\/12\/logo.png","contentUrl":"https:\/\/www.tourcruiser.com\/wp-content\/uploads\/2025\/12\/logo.png","width":200,"height":65,"caption":"STYLORAL PTE. LTD"},"image":{"@id":"https:\/\/tourcruiser.com\/fr\/#\/schema\/logo\/image\/"}}]}},"_links":{"self":[{"href":"https:\/\/tourcruiser.com\/fr\/wp-json\/wp\/v2\/product\/52833","targetHints":{"allow":["GET"]}}],"collection":[{"href":"https:\/\/tourcruiser.com\/fr\/wp-json\/wp\/v2\/product"}],"about":[{"href":"https:\/\/tourcruiser.com\/fr\/wp-json\/wp\/v2\/types\/product"}],"replies":[{"embeddable":true,"href":"https:\/\/tourcruiser.com\/fr\/wp-json\/wp\/v2\/comments?post=52833"}],"wp:featuredmedia":[{"embeddable":true,"href":"https:\/\/tourcruiser.com\/fr\/wp-json\/wp\/v2\/media\/52834"}],"wp:attachment":[{"href":"https:\/\/tourcruiser.com\/fr\/wp-json\/wp\/v2\/media?parent=52833"}],"wp:term":[{"taxonomy":"product_brand","embeddable":true,"href":"https:\/\/tourcruiser.com\/fr\/wp-json\/wp\/v2\/product_brand?post=52833"},{"taxonomy":"product_cat","embeddable":true,"href":"https:\/\/tourcruiser.com\/fr\/wp-json\/wp\/v2\/product_cat?post=52833"},{"taxonomy":"product_tag","embeddable":true,"href":"https:\/\/tourcruiser.com\/fr\/wp-json\/wp\/v2\/product_tag?post=52833"}],"curies":[{"name":"wp","href":"https:\/\/api.w.org\/{rel}","templated":true}]}}