{"id":5218,"date":"2026-02-20T14:27:05","date_gmt":"2026-02-20T07:27:05","guid":{"rendered":"http:\/\/tourcruiser.com\/product\/chase-b-x-travis-scott-x-jordan-jumpman-jack-tr-black-night-silver-ih7971-001"},"modified":"2026-03-14T17:34:49","modified_gmt":"2026-03-14T10:34:49","slug":"chase-b-x-travis-scott-x-jordan-jumpman-jack-tr-black-night-silver-ih7971-001","status":"publish","type":"product","link":"https:\/\/tourcruiser.com\/fr\/products\/chase-b-x-travis-scott-x-jordan-jumpman-jack-tr-black-night-silver-ih7971-001\/","title":{"rendered":"Chase B x Travis Scott x Jordan Jumpman Jack TR &lsquo;Black Night Silver&rsquo;"},"content":{"rendered":"<p>Affirmez votre style avec la Chase B x Travis Scott x Air Jordan Jumpman Jack TR \u00ab\u00a0Black Night Silver\u00a0\u00bb IH7971-001. Cette collaboration audacieuse allie style urbain et mat\u00e9riaux haute performance, avec une empeigne noire \u00e9l\u00e9gante rehauss\u00e9e de d\u00e9tails argent\u00e9s. Profitez d&rsquo;un confort et d&rsquo;une durabilit\u00e9 exceptionnels gr\u00e2ce \u00e0 une fabrication haut de gamme\u00a0: un mod\u00e8le id\u00e9al pour les collectionneurs et les passionn\u00e9s de mode. Affirmez votre style dans la rue avec ces sneakers uniques, con\u00e7ues pour les fans de sneakers du monde entier qui appr\u00e9cient l&rsquo;innovation et la qualit\u00e9. Coloris\u00a0: Noir\/Argent Nuit\/Anthracite\/Vert Illusion\/Corail Craie. Code article\u00a0: IH7971-001. Mati\u00e8re de l&#8217;empeigne\u00a0: Cuir. Couleur\u00a0: Noir.<\/p>\n","protected":false},"excerpt":{"rendered":"<p>Jordan Air Jordan Jumpman Jack TR \u2014 Black\/Night Silver\/Anthracite\/Illusion Green\/Coral Chalk<\/p>\n","protected":false},"featured_media":5219,"comment_status":"open","ping_status":"closed","template":"","meta":[],"product_brand":[],"product_cat":[218],"product_tag":[],"class_list":{"0":"post-5218","1":"product","2":"type-product","3":"status-publish","4":"has-post-thumbnail","6":"product_cat-air-jordan-2026","7":"wcpa_has_options","9":"first","10":"instock","11":"taxable","12":"shipping-taxable","13":"purchasable","14":"product-type-simple"},"wcpa_form_fields":{"rules":{"pric_overide_base_price":false,"pric_overide_base_price_if_gt_zero":false,"pric_overide_base_price_fully":false,"pric_cal_option_once":false,"pric_use_as_fee":false,"bind_quantity":false,"quantity_bind_formula":false},"fields":[{"type":"color-group","required":true,"elementId":"wcpa-color-group-66c4a75505e74","label":"Taille","inline":true,"priceOptions":"different_for_all","pricingType":"fixed","className":"hassizechart product-shoes-size-eu product-shoes-size","name":"color-group-66c4a75505e89","disp_type":"square","selection_type":"tick-border","disp_size":"44","show_label_inside":true,"adjust_width":true,"cart_display_type":"text","other_text":"Other","cl_rule":"show","col":6,"values":[{"label":"35.5","value":"EU 35.5","price":"","pimage":"","pimage_id":"","pthumb":"","color":""},{"label":"36","value":"EU 36","price":"","pimage":"","pimage_id":"","pthumb":"","color":"","selected":true},{"label":"36.5","value":"EU 36.5","price":"","pimage":"","pimage_id":"","pthumb":"","color":""},{"label":"37.5","value":"EU 37.5","price":"","pimage":"","pimage_id":"","pthumb":"","color":""},{"label":"38","value":"EU 38","price":"","pimage":"","pimage_id":"","pthumb":"","color":""},{"label":"38.5","value":"EU 38.5","price":"","pimage":"","pimage_id":"","pthumb":"","color":""},{"label":"39","value":"EU 39","price":"","pimage":"","pimage_id":"","pthumb":"","color":""},{"label":"40","value":"EU 40","price":"","pimage":"","pimage_id":"","pthumb":"","color":""},{"label":"40.5","value":"EU 40.5","price":"","pimage":"","pimage_id":"","pthumb":"","color":""},{"label":"41","value":"EU 41","price":"","pimage":"","pimage_id":"","pthumb":"","color":""},{"label":"42","value":"EU 42","price":"","pimage":"","pimage_id":"","pthumb":"","color":""},{"label":"42.5","value":"EU 42.5","price":"","pimage":"","pimage_id":"","pthumb":"","color":""},{"label":"43","value":"EU 43","price":"","pimage":"","pimage_id":"","pthumb":"","color":""},{"label":"44","value":"EU 44","price":"","pimage":"","pimage_id":"","pthumb":"","color":""},{"label":"44.5","value":"EU 44.5","price":"","pimage":"","pimage_id":"","pthumb":"","color":""},{"label":"45","value":"EU 45","price":"","pimage":"","pimage_id":"","pthumb":"","color":""},{"label":"45.5","value":"EU 45.5","price":"","pimage":"","pimage_id":"","pthumb":"","color":""},{"label":"46","value":"EU 46","price":"","pimage":"","pimage_id":"","pthumb":"","color":""},{"label":"47","value":"EU 47","price":"","pimage":"","pimage_id":"","pthumb":"","color":""},{"label":"47.5","value":"EU 47.5","price":"","pimage":"","pimage_id":"","pthumb":"","color":""},{"label":"48","value":"EU 48","price":"","pimage":"","pimage_id":"","pthumb":"","color":""}],"relations":[{"operator":false,"rules":[]}],"form_id":18106,"form_rules":{"pric_cal_option_once":false,"exclude_from_discount":false,"pric_use_as_fee":false,"fee_label":"Fee","render_after_acb":false,"disp_hide_options_price":false}}]},"yoast_head":"<!-- This site is optimized with the Yoast SEO plugin v26.5 - https:\/\/yoast.com\/wordpress\/plugins\/seo\/ -->\n<title>Chase B x Travis Scott x Jordan Jumpman Jack TR &#039;Black Night Silver&#039; - TOURCRUISER PTE. LTD<\/title>\n<meta name=\"robots\" content=\"index, follow, max-snippet:-1, max-image-preview:large, max-video-preview:-1\" \/>\n<link rel=\"canonical\" href=\"https:\/\/tourcruiser.com\/fr\/products\/chase-b-x-travis-scott-x-jordan-jumpman-jack-tr-black-night-silver-ih7971-001\/\" \/>\n<meta property=\"og:locale\" content=\"fr_FR\" \/>\n<meta property=\"og:type\" content=\"article\" \/>\n<meta property=\"og:title\" content=\"Chase B x Travis Scott x Jordan Jumpman Jack TR &#039;Black Night Silver&#039; - TOURCRUISER PTE. LTD\" \/>\n<meta property=\"og:description\" content=\"Jordan Air Jordan Jumpman Jack TR \u2014 Black\/Night Silver\/Anthracite\/Illusion Green\/Coral Chalk\" \/>\n<meta property=\"og:url\" content=\"https:\/\/tourcruiser.com\/fr\/products\/chase-b-x-travis-scott-x-jordan-jumpman-jack-tr-black-night-silver-ih7971-001\/\" \/>\n<meta property=\"og:site_name\" content=\"Tourcruiser Sneaker Store\" \/>\n<meta property=\"article:modified_time\" content=\"2026-03-14T10:34:49+00:00\" \/>\n<meta name=\"twitter:card\" content=\"summary_large_image\" \/>\n<meta name=\"twitter:image\" content=\"https:\/\/images.novelship.com\/product\/chase_b_x_travis_scott_x_jordan_jumpman_jack_tr__b_0_68440.png\" \/>\n<meta name=\"twitter:label1\" content=\"Dur\u00e9e de lecture estim\u00e9e\" \/>\n\t<meta name=\"twitter:data1\" content=\"1 minute\" \/>\n<script type=\"application\/ld+json\" class=\"yoast-schema-graph\">{\"@context\":\"https:\/\/schema.org\",\"@graph\":[{\"@type\":\"WebPage\",\"@id\":\"https:\/\/tourcruiser.com\/fr\/products\/chase-b-x-travis-scott-x-jordan-jumpman-jack-tr-black-night-silver-ih7971-001\/\",\"url\":\"https:\/\/tourcruiser.com\/fr\/products\/chase-b-x-travis-scott-x-jordan-jumpman-jack-tr-black-night-silver-ih7971-001\/\",\"name\":\"Chase B x Travis Scott x Jordan Jumpman Jack TR 'Black Night Silver' - TOURCRUISER PTE. LTD\",\"isPartOf\":{\"@id\":\"https:\/\/tourcruiser.com\/fr\/#website\"},\"primaryImageOfPage\":{\"@id\":\"https:\/\/tourcruiser.com\/fr\/products\/chase-b-x-travis-scott-x-jordan-jumpman-jack-tr-black-night-silver-ih7971-001\/#primaryimage\"},\"image\":{\"@id\":\"https:\/\/tourcruiser.com\/fr\/products\/chase-b-x-travis-scott-x-jordan-jumpman-jack-tr-black-night-silver-ih7971-001\/#primaryimage\"},\"thumbnailUrl\":\"https:\/\/images.novelship.com\/product\/chase_b_x_travis_scott_x_jordan_jumpman_jack_tr__b_0_68440.png\",\"datePublished\":\"2026-02-20T07:27:05+00:00\",\"dateModified\":\"2026-03-14T10:34:49+00:00\",\"breadcrumb\":{\"@id\":\"https:\/\/tourcruiser.com\/fr\/products\/chase-b-x-travis-scott-x-jordan-jumpman-jack-tr-black-night-silver-ih7971-001\/#breadcrumb\"},\"inLanguage\":\"fr-FR\",\"potentialAction\":[{\"@type\":\"ReadAction\",\"target\":[\"https:\/\/tourcruiser.com\/fr\/products\/chase-b-x-travis-scott-x-jordan-jumpman-jack-tr-black-night-silver-ih7971-001\/\"]}]},{\"@type\":\"ImageObject\",\"inLanguage\":\"fr-FR\",\"@id\":\"https:\/\/tourcruiser.com\/fr\/products\/chase-b-x-travis-scott-x-jordan-jumpman-jack-tr-black-night-silver-ih7971-001\/#primaryimage\",\"url\":\"https:\/\/images.novelship.com\/product\/chase_b_x_travis_scott_x_jordan_jumpman_jack_tr__b_0_68440.png\",\"contentUrl\":\"https:\/\/images.novelship.com\/product\/chase_b_x_travis_scott_x_jordan_jumpman_jack_tr__b_0_68440.png\"},{\"@type\":\"BreadcrumbList\",\"@id\":\"https:\/\/tourcruiser.com\/fr\/products\/chase-b-x-travis-scott-x-jordan-jumpman-jack-tr-black-night-silver-ih7971-001\/#breadcrumb\",\"itemListElement\":[{\"@type\":\"ListItem\",\"position\":1,\"name\":\"Home\",\"item\":\"https:\/\/tourcruiser.com\/fr\/\"},{\"@type\":\"ListItem\",\"position\":2,\"name\":\"Shop\",\"item\":\"https:\/\/tourcruiser.com\/fr\/shop\/\"},{\"@type\":\"ListItem\",\"position\":3,\"name\":\"Chase B x Travis Scott x Jordan Jumpman Jack TR 'Black Night Silver'\"}]},{\"@type\":\"WebSite\",\"@id\":\"https:\/\/tourcruiser.com\/fr\/#website\",\"url\":\"https:\/\/tourcruiser.com\/fr\/\",\"name\":\"Styloral Jewelry Shop\",\"description\":\"Tourcruiser Sneaker Store \u2014 L\u2019endroit o\u00f9 l\u2019univers rencontre votre singularit\u00e9.\",\"publisher\":{\"@id\":\"https:\/\/tourcruiser.com\/fr\/#organization\"},\"potentialAction\":[{\"@type\":\"SearchAction\",\"target\":{\"@type\":\"EntryPoint\",\"urlTemplate\":\"https:\/\/tourcruiser.com\/fr\/?s={search_term_string}\"},\"query-input\":{\"@type\":\"PropertyValueSpecification\",\"valueRequired\":true,\"valueName\":\"search_term_string\"}}],\"inLanguage\":\"fr-FR\"},{\"@type\":\"Organization\",\"@id\":\"https:\/\/tourcruiser.com\/fr\/#organization\",\"name\":\"STYLORAL PTE. LTD\",\"url\":\"https:\/\/tourcruiser.com\/fr\/\",\"logo\":{\"@type\":\"ImageObject\",\"inLanguage\":\"fr-FR\",\"@id\":\"https:\/\/tourcruiser.com\/fr\/#\/schema\/logo\/image\/\",\"url\":\"https:\/\/www.tourcruiser.com\/wp-content\/uploads\/2025\/12\/logo.png\",\"contentUrl\":\"https:\/\/www.tourcruiser.com\/wp-content\/uploads\/2025\/12\/logo.png\",\"width\":200,\"height\":65,\"caption\":\"STYLORAL PTE. LTD\"},\"image\":{\"@id\":\"https:\/\/tourcruiser.com\/fr\/#\/schema\/logo\/image\/\"}}]}<\/script>\n<!-- \/ Yoast SEO plugin. -->","yoast_head_json":{"title":"Chase B x Travis Scott x Jordan Jumpman Jack TR 'Black Night Silver' - TOURCRUISER PTE. LTD","robots":{"index":"index","follow":"follow","max-snippet":"max-snippet:-1","max-image-preview":"max-image-preview:large","max-video-preview":"max-video-preview:-1"},"canonical":"https:\/\/tourcruiser.com\/fr\/products\/chase-b-x-travis-scott-x-jordan-jumpman-jack-tr-black-night-silver-ih7971-001\/","og_locale":"fr_FR","og_type":"article","og_title":"Chase B x Travis Scott x Jordan Jumpman Jack TR 'Black Night Silver' - TOURCRUISER PTE. LTD","og_description":"Jordan Air Jordan Jumpman Jack TR \u2014 Black\/Night Silver\/Anthracite\/Illusion Green\/Coral Chalk","og_url":"https:\/\/tourcruiser.com\/fr\/products\/chase-b-x-travis-scott-x-jordan-jumpman-jack-tr-black-night-silver-ih7971-001\/","og_site_name":"Tourcruiser Sneaker Store","article_modified_time":"2026-03-14T10:34:49+00:00","twitter_card":"summary_large_image","twitter_image":"https:\/\/images.novelship.com\/product\/chase_b_x_travis_scott_x_jordan_jumpman_jack_tr__b_0_68440.png","twitter_misc":{"Dur\u00e9e de lecture estim\u00e9e":"1 minute"},"schema":{"@context":"https:\/\/schema.org","@graph":[{"@type":"WebPage","@id":"https:\/\/tourcruiser.com\/fr\/products\/chase-b-x-travis-scott-x-jordan-jumpman-jack-tr-black-night-silver-ih7971-001\/","url":"https:\/\/tourcruiser.com\/fr\/products\/chase-b-x-travis-scott-x-jordan-jumpman-jack-tr-black-night-silver-ih7971-001\/","name":"Chase B x Travis Scott x Jordan Jumpman Jack TR 'Black Night Silver' - TOURCRUISER PTE. LTD","isPartOf":{"@id":"https:\/\/tourcruiser.com\/fr\/#website"},"primaryImageOfPage":{"@id":"https:\/\/tourcruiser.com\/fr\/products\/chase-b-x-travis-scott-x-jordan-jumpman-jack-tr-black-night-silver-ih7971-001\/#primaryimage"},"image":{"@id":"https:\/\/tourcruiser.com\/fr\/products\/chase-b-x-travis-scott-x-jordan-jumpman-jack-tr-black-night-silver-ih7971-001\/#primaryimage"},"thumbnailUrl":"https:\/\/images.novelship.com\/product\/chase_b_x_travis_scott_x_jordan_jumpman_jack_tr__b_0_68440.png","datePublished":"2026-02-20T07:27:05+00:00","dateModified":"2026-03-14T10:34:49+00:00","breadcrumb":{"@id":"https:\/\/tourcruiser.com\/fr\/products\/chase-b-x-travis-scott-x-jordan-jumpman-jack-tr-black-night-silver-ih7971-001\/#breadcrumb"},"inLanguage":"fr-FR","potentialAction":[{"@type":"ReadAction","target":["https:\/\/tourcruiser.com\/fr\/products\/chase-b-x-travis-scott-x-jordan-jumpman-jack-tr-black-night-silver-ih7971-001\/"]}]},{"@type":"ImageObject","inLanguage":"fr-FR","@id":"https:\/\/tourcruiser.com\/fr\/products\/chase-b-x-travis-scott-x-jordan-jumpman-jack-tr-black-night-silver-ih7971-001\/#primaryimage","url":"https:\/\/images.novelship.com\/product\/chase_b_x_travis_scott_x_jordan_jumpman_jack_tr__b_0_68440.png","contentUrl":"https:\/\/images.novelship.com\/product\/chase_b_x_travis_scott_x_jordan_jumpman_jack_tr__b_0_68440.png"},{"@type":"BreadcrumbList","@id":"https:\/\/tourcruiser.com\/fr\/products\/chase-b-x-travis-scott-x-jordan-jumpman-jack-tr-black-night-silver-ih7971-001\/#breadcrumb","itemListElement":[{"@type":"ListItem","position":1,"name":"Home","item":"https:\/\/tourcruiser.com\/fr\/"},{"@type":"ListItem","position":2,"name":"Shop","item":"https:\/\/tourcruiser.com\/fr\/shop\/"},{"@type":"ListItem","position":3,"name":"Chase B x Travis Scott x Jordan Jumpman Jack TR 'Black Night Silver'"}]},{"@type":"WebSite","@id":"https:\/\/tourcruiser.com\/fr\/#website","url":"https:\/\/tourcruiser.com\/fr\/","name":"Styloral Jewelry Shop","description":"Tourcruiser Sneaker Store \u2014 L\u2019endroit o\u00f9 l\u2019univers rencontre votre singularit\u00e9.","publisher":{"@id":"https:\/\/tourcruiser.com\/fr\/#organization"},"potentialAction":[{"@type":"SearchAction","target":{"@type":"EntryPoint","urlTemplate":"https:\/\/tourcruiser.com\/fr\/?s={search_term_string}"},"query-input":{"@type":"PropertyValueSpecification","valueRequired":true,"valueName":"search_term_string"}}],"inLanguage":"fr-FR"},{"@type":"Organization","@id":"https:\/\/tourcruiser.com\/fr\/#organization","name":"STYLORAL PTE. LTD","url":"https:\/\/tourcruiser.com\/fr\/","logo":{"@type":"ImageObject","inLanguage":"fr-FR","@id":"https:\/\/tourcruiser.com\/fr\/#\/schema\/logo\/image\/","url":"https:\/\/www.tourcruiser.com\/wp-content\/uploads\/2025\/12\/logo.png","contentUrl":"https:\/\/www.tourcruiser.com\/wp-content\/uploads\/2025\/12\/logo.png","width":200,"height":65,"caption":"STYLORAL PTE. LTD"},"image":{"@id":"https:\/\/tourcruiser.com\/fr\/#\/schema\/logo\/image\/"}}]}},"_links":{"self":[{"href":"https:\/\/tourcruiser.com\/fr\/wp-json\/wp\/v2\/product\/5218","targetHints":{"allow":["GET"]}}],"collection":[{"href":"https:\/\/tourcruiser.com\/fr\/wp-json\/wp\/v2\/product"}],"about":[{"href":"https:\/\/tourcruiser.com\/fr\/wp-json\/wp\/v2\/types\/product"}],"replies":[{"embeddable":true,"href":"https:\/\/tourcruiser.com\/fr\/wp-json\/wp\/v2\/comments?post=5218"}],"wp:featuredmedia":[{"embeddable":true,"href":"https:\/\/tourcruiser.com\/fr\/wp-json\/wp\/v2\/media\/5219"}],"wp:attachment":[{"href":"https:\/\/tourcruiser.com\/fr\/wp-json\/wp\/v2\/media?parent=5218"}],"wp:term":[{"taxonomy":"product_brand","embeddable":true,"href":"https:\/\/tourcruiser.com\/fr\/wp-json\/wp\/v2\/product_brand?post=5218"},{"taxonomy":"product_cat","embeddable":true,"href":"https:\/\/tourcruiser.com\/fr\/wp-json\/wp\/v2\/product_cat?post=5218"},{"taxonomy":"product_tag","embeddable":true,"href":"https:\/\/tourcruiser.com\/fr\/wp-json\/wp\/v2\/product_tag?post=5218"}],"curies":[{"name":"wp","href":"https:\/\/api.w.org\/{rel}","templated":true}]}}