{"id":50970,"date":"2026-03-02T15:09:22","date_gmt":"2026-03-02T08:09:22","guid":{"rendered":"http:\/\/tourcruiser.com\/product\/nike-mercurial-superfly-10-elite-united"},"modified":"2026-03-14T18:36:00","modified_gmt":"2026-03-14T11:36:00","slug":"nike-mercurial-superfly-10-elite-united","status":"publish","type":"product","link":"https:\/\/tourcruiser.com\/fr\/products\/nike-mercurial-superfly-10-elite-united\/","title":{"rendered":"Nike Mercurial Superfly 10 Elite United"},"content":{"rendered":"<p>Vivez une vitesse et une pr\u00e9cision in\u00e9gal\u00e9es sur le terrain avec la Nike Mercurial Superfly 10 Elite United HF1603-500, con\u00e7ue pour des performances optimales et un confort absolu. Pens\u00e9e pour les athl\u00e8tes les plus exigeants, cette chaussure de football innovante est dot\u00e9e d&rsquo;une empeigne Flyknit profil\u00e9e qui \u00e9pouse parfaitement le pied, offrant un contr\u00f4le exceptionnel et une agilit\u00e9 accrue. Le col Dynamic Fit assure un maintien et une stabilit\u00e9 parfaits de la cheville lors des mouvements rapides, tandis que la mati\u00e8re Vaporposite+ l\u00e9g\u00e8re permet une acc\u00e9l\u00e9ration explosive et une r\u00e9activit\u00e9 optimale. \u00c9quip\u00e9e d&rsquo;une semelle ext\u00e9rieure Aerotrak de pointe et d&rsquo;une configuration de crampons en chevrons, la Mercurial Superfly 10 garantit une adh\u00e9rence optimale sur terrain sec, vous donnant l&rsquo;assurance n\u00e9cessaire pour dominer chaque match. Son design embl\u00e9matique arbore un coloris moderne et saisissant qui incarne l&rsquo;esprit d&rsquo;innovation et sublime votre style sur et en dehors du terrain. Que vous soyez professionnel ou jeune joueur ambitieux, ces chaussures de football sont con\u00e7ues pour vous aider \u00e0 repousser vos limites. Am\u00e9liorez votre jeu avec la Nike Mercurial Superfly 10 Elite United HF1603-500 \u2013 l&rsquo;alliance parfaite du design, de la technologie et de la performance, con\u00e7ue pour les joueurs les plus exigeants au monde. Prenez le contr\u00f4le, repoussez vos limites et red\u00e9finissez vos possibilit\u00e9s avec une chaussure \u00e0 la hauteur de vos ambitions. Coloris\u00a0: Violet agate\/Bleu clair. Code article\u00a0: HF1603-500. Tige\u00a0: Flyknit. Semelle interm\u00e9diaire\u00a0: Zoom Air. Couleur\u00a0: Violet.<\/p>\n","protected":false},"excerpt":{"rendered":"<p>Nike Mercurial Superfly 10 Elite United \u201d\u201d Purple Agate\/Barely Bolt<\/p>\n","protected":false},"featured_media":50971,"comment_status":"open","ping_status":"closed","template":"","meta":[],"product_brand":[],"product_cat":[10803],"product_tag":[10799,10800,10801,10802,10986,10987,10758],"class_list":{"0":"post-50970","1":"product","2":"type-product","3":"status-publish","4":"has-post-thumbnail","6":"product_cat-nike","7":"product_tag-ankle-support-basketball-shoes","8":"product_tag-basketball-shoes","9":"product_tag-nike","10":"product_tag-performance-sport-shoes","11":"product_tag-soccer-shoes","12":"product_tag-soccer-shoes-football-cleats","13":"product_tag-under-retail","14":"wcpa_has_options","16":"first","17":"instock","18":"sale","19":"taxable","20":"shipping-taxable","21":"purchasable","22":"product-type-simple"},"wcpa_form_fields":{"rules":{"pric_overide_base_price":false,"pric_overide_base_price_if_gt_zero":false,"pric_overide_base_price_fully":false,"pric_cal_option_once":false,"pric_use_as_fee":false,"bind_quantity":false,"quantity_bind_formula":false},"fields":[{"type":"color-group","required":true,"elementId":"wcpa-color-group-66c4a75505e74","label":"Taille","inline":true,"priceOptions":"different_for_all","pricingType":"fixed","className":"hassizechart product-shoes-size-eu product-shoes-size","name":"color-group-66c4a75505e89","disp_type":"square","selection_type":"tick-border","disp_size":"44","show_label_inside":true,"adjust_width":true,"cart_display_type":"text","other_text":"Other","cl_rule":"show","col":6,"values":[{"label":"35.5","value":"EU 35.5","price":"","pimage":"","pimage_id":"","pthumb":"","color":""},{"label":"36","value":"EU 36","price":"","pimage":"","pimage_id":"","pthumb":"","color":"","selected":true},{"label":"36.5","value":"EU 36.5","price":"","pimage":"","pimage_id":"","pthumb":"","color":""},{"label":"37.5","value":"EU 37.5","price":"","pimage":"","pimage_id":"","pthumb":"","color":""},{"label":"38","value":"EU 38","price":"","pimage":"","pimage_id":"","pthumb":"","color":""},{"label":"38.5","value":"EU 38.5","price":"","pimage":"","pimage_id":"","pthumb":"","color":""},{"label":"39","value":"EU 39","price":"","pimage":"","pimage_id":"","pthumb":"","color":""},{"label":"40","value":"EU 40","price":"","pimage":"","pimage_id":"","pthumb":"","color":""},{"label":"40.5","value":"EU 40.5","price":"","pimage":"","pimage_id":"","pthumb":"","color":""},{"label":"41","value":"EU 41","price":"","pimage":"","pimage_id":"","pthumb":"","color":""},{"label":"42","value":"EU 42","price":"","pimage":"","pimage_id":"","pthumb":"","color":""},{"label":"42.5","value":"EU 42.5","price":"","pimage":"","pimage_id":"","pthumb":"","color":""},{"label":"43","value":"EU 43","price":"","pimage":"","pimage_id":"","pthumb":"","color":""},{"label":"44","value":"EU 44","price":"","pimage":"","pimage_id":"","pthumb":"","color":""},{"label":"44.5","value":"EU 44.5","price":"","pimage":"","pimage_id":"","pthumb":"","color":""},{"label":"45","value":"EU 45","price":"","pimage":"","pimage_id":"","pthumb":"","color":""},{"label":"45.5","value":"EU 45.5","price":"","pimage":"","pimage_id":"","pthumb":"","color":""},{"label":"46","value":"EU 46","price":"","pimage":"","pimage_id":"","pthumb":"","color":""},{"label":"47","value":"EU 47","price":"","pimage":"","pimage_id":"","pthumb":"","color":""},{"label":"47.5","value":"EU 47.5","price":"","pimage":"","pimage_id":"","pthumb":"","color":""},{"label":"48","value":"EU 48","price":"","pimage":"","pimage_id":"","pthumb":"","color":""}],"relations":[{"operator":false,"rules":[]}],"form_id":18106,"form_rules":{"pric_cal_option_once":false,"exclude_from_discount":false,"pric_use_as_fee":false,"fee_label":"Fee","render_after_acb":false,"disp_hide_options_price":false}}]},"yoast_head":"<!-- This site is optimized with the Yoast SEO plugin v26.5 - https:\/\/yoast.com\/wordpress\/plugins\/seo\/ -->\n<title>Nike Mercurial Superfly 10 Elite United - TOURCRUISER PTE. LTD<\/title>\n<meta name=\"robots\" content=\"index, follow, max-snippet:-1, max-image-preview:large, max-video-preview:-1\" \/>\n<link rel=\"canonical\" href=\"https:\/\/tourcruiser.com\/fr\/products\/nike-mercurial-superfly-10-elite-united\/\" \/>\n<meta property=\"og:locale\" content=\"fr_FR\" \/>\n<meta property=\"og:type\" content=\"article\" \/>\n<meta property=\"og:title\" content=\"Nike Mercurial Superfly 10 Elite United - TOURCRUISER PTE. LTD\" \/>\n<meta property=\"og:description\" content=\"Nike Mercurial Superfly 10 Elite United \u201d\u201d Purple Agate\/Barely Bolt\" \/>\n<meta property=\"og:url\" content=\"https:\/\/tourcruiser.com\/fr\/products\/nike-mercurial-superfly-10-elite-united\/\" \/>\n<meta property=\"og:site_name\" content=\"Tourcruiser Sneaker Store\" \/>\n<meta property=\"article:modified_time\" content=\"2026-03-14T11:36:00+00:00\" \/>\n<meta name=\"twitter:card\" content=\"summary_large_image\" \/>\n<meta name=\"twitter:image\" content=\"https:\/\/images.novelship.com\/product\/nike_mercurial_superfly_10_elite_united_hf1603-500_0_48118.png\" \/>\n<meta name=\"twitter:label1\" content=\"Dur\u00e9e de lecture estim\u00e9e\" \/>\n\t<meta name=\"twitter:data1\" content=\"1 minute\" \/>\n<script type=\"application\/ld+json\" class=\"yoast-schema-graph\">{\"@context\":\"https:\/\/schema.org\",\"@graph\":[{\"@type\":\"WebPage\",\"@id\":\"https:\/\/tourcruiser.com\/fr\/products\/nike-mercurial-superfly-10-elite-united\/\",\"url\":\"https:\/\/tourcruiser.com\/fr\/products\/nike-mercurial-superfly-10-elite-united\/\",\"name\":\"Nike Mercurial Superfly 10 Elite United - TOURCRUISER PTE. LTD\",\"isPartOf\":{\"@id\":\"https:\/\/tourcruiser.com\/fr\/#website\"},\"primaryImageOfPage\":{\"@id\":\"https:\/\/tourcruiser.com\/fr\/products\/nike-mercurial-superfly-10-elite-united\/#primaryimage\"},\"image\":{\"@id\":\"https:\/\/tourcruiser.com\/fr\/products\/nike-mercurial-superfly-10-elite-united\/#primaryimage\"},\"thumbnailUrl\":\"https:\/\/images.novelship.com\/product\/nike_mercurial_superfly_10_elite_united_hf1603-500_0_48118.png\",\"datePublished\":\"2026-03-02T08:09:22+00:00\",\"dateModified\":\"2026-03-14T11:36:00+00:00\",\"breadcrumb\":{\"@id\":\"https:\/\/tourcruiser.com\/fr\/products\/nike-mercurial-superfly-10-elite-united\/#breadcrumb\"},\"inLanguage\":\"fr-FR\",\"potentialAction\":[{\"@type\":\"ReadAction\",\"target\":[\"https:\/\/tourcruiser.com\/fr\/products\/nike-mercurial-superfly-10-elite-united\/\"]}]},{\"@type\":\"ImageObject\",\"inLanguage\":\"fr-FR\",\"@id\":\"https:\/\/tourcruiser.com\/fr\/products\/nike-mercurial-superfly-10-elite-united\/#primaryimage\",\"url\":\"https:\/\/images.novelship.com\/product\/nike_mercurial_superfly_10_elite_united_hf1603-500_0_48118.png\",\"contentUrl\":\"https:\/\/images.novelship.com\/product\/nike_mercurial_superfly_10_elite_united_hf1603-500_0_48118.png\"},{\"@type\":\"BreadcrumbList\",\"@id\":\"https:\/\/tourcruiser.com\/fr\/products\/nike-mercurial-superfly-10-elite-united\/#breadcrumb\",\"itemListElement\":[{\"@type\":\"ListItem\",\"position\":1,\"name\":\"Home\",\"item\":\"https:\/\/tourcruiser.com\/fr\/\"},{\"@type\":\"ListItem\",\"position\":2,\"name\":\"Shop\",\"item\":\"https:\/\/tourcruiser.com\/fr\/shop\/\"},{\"@type\":\"ListItem\",\"position\":3,\"name\":\"Nike Mercurial Superfly 10 Elite United\"}]},{\"@type\":\"WebSite\",\"@id\":\"https:\/\/tourcruiser.com\/fr\/#website\",\"url\":\"https:\/\/tourcruiser.com\/fr\/\",\"name\":\"Styloral Jewelry Shop\",\"description\":\"Tourcruiser Sneaker Store \u2014 L\u2019endroit o\u00f9 l\u2019univers rencontre votre singularit\u00e9.\",\"publisher\":{\"@id\":\"https:\/\/tourcruiser.com\/fr\/#organization\"},\"potentialAction\":[{\"@type\":\"SearchAction\",\"target\":{\"@type\":\"EntryPoint\",\"urlTemplate\":\"https:\/\/tourcruiser.com\/fr\/?s={search_term_string}\"},\"query-input\":{\"@type\":\"PropertyValueSpecification\",\"valueRequired\":true,\"valueName\":\"search_term_string\"}}],\"inLanguage\":\"fr-FR\"},{\"@type\":\"Organization\",\"@id\":\"https:\/\/tourcruiser.com\/fr\/#organization\",\"name\":\"STYLORAL PTE. LTD\",\"url\":\"https:\/\/tourcruiser.com\/fr\/\",\"logo\":{\"@type\":\"ImageObject\",\"inLanguage\":\"fr-FR\",\"@id\":\"https:\/\/tourcruiser.com\/fr\/#\/schema\/logo\/image\/\",\"url\":\"https:\/\/www.tourcruiser.com\/wp-content\/uploads\/2025\/12\/logo.png\",\"contentUrl\":\"https:\/\/www.tourcruiser.com\/wp-content\/uploads\/2025\/12\/logo.png\",\"width\":200,\"height\":65,\"caption\":\"STYLORAL PTE. LTD\"},\"image\":{\"@id\":\"https:\/\/tourcruiser.com\/fr\/#\/schema\/logo\/image\/\"}}]}<\/script>\n<!-- \/ Yoast SEO plugin. -->","yoast_head_json":{"title":"Nike Mercurial Superfly 10 Elite United - TOURCRUISER PTE. LTD","robots":{"index":"index","follow":"follow","max-snippet":"max-snippet:-1","max-image-preview":"max-image-preview:large","max-video-preview":"max-video-preview:-1"},"canonical":"https:\/\/tourcruiser.com\/fr\/products\/nike-mercurial-superfly-10-elite-united\/","og_locale":"fr_FR","og_type":"article","og_title":"Nike Mercurial Superfly 10 Elite United - TOURCRUISER PTE. LTD","og_description":"Nike Mercurial Superfly 10 Elite United \u201d\u201d Purple Agate\/Barely Bolt","og_url":"https:\/\/tourcruiser.com\/fr\/products\/nike-mercurial-superfly-10-elite-united\/","og_site_name":"Tourcruiser Sneaker Store","article_modified_time":"2026-03-14T11:36:00+00:00","twitter_card":"summary_large_image","twitter_image":"https:\/\/images.novelship.com\/product\/nike_mercurial_superfly_10_elite_united_hf1603-500_0_48118.png","twitter_misc":{"Dur\u00e9e de lecture estim\u00e9e":"1 minute"},"schema":{"@context":"https:\/\/schema.org","@graph":[{"@type":"WebPage","@id":"https:\/\/tourcruiser.com\/fr\/products\/nike-mercurial-superfly-10-elite-united\/","url":"https:\/\/tourcruiser.com\/fr\/products\/nike-mercurial-superfly-10-elite-united\/","name":"Nike Mercurial Superfly 10 Elite United - TOURCRUISER PTE. LTD","isPartOf":{"@id":"https:\/\/tourcruiser.com\/fr\/#website"},"primaryImageOfPage":{"@id":"https:\/\/tourcruiser.com\/fr\/products\/nike-mercurial-superfly-10-elite-united\/#primaryimage"},"image":{"@id":"https:\/\/tourcruiser.com\/fr\/products\/nike-mercurial-superfly-10-elite-united\/#primaryimage"},"thumbnailUrl":"https:\/\/images.novelship.com\/product\/nike_mercurial_superfly_10_elite_united_hf1603-500_0_48118.png","datePublished":"2026-03-02T08:09:22+00:00","dateModified":"2026-03-14T11:36:00+00:00","breadcrumb":{"@id":"https:\/\/tourcruiser.com\/fr\/products\/nike-mercurial-superfly-10-elite-united\/#breadcrumb"},"inLanguage":"fr-FR","potentialAction":[{"@type":"ReadAction","target":["https:\/\/tourcruiser.com\/fr\/products\/nike-mercurial-superfly-10-elite-united\/"]}]},{"@type":"ImageObject","inLanguage":"fr-FR","@id":"https:\/\/tourcruiser.com\/fr\/products\/nike-mercurial-superfly-10-elite-united\/#primaryimage","url":"https:\/\/images.novelship.com\/product\/nike_mercurial_superfly_10_elite_united_hf1603-500_0_48118.png","contentUrl":"https:\/\/images.novelship.com\/product\/nike_mercurial_superfly_10_elite_united_hf1603-500_0_48118.png"},{"@type":"BreadcrumbList","@id":"https:\/\/tourcruiser.com\/fr\/products\/nike-mercurial-superfly-10-elite-united\/#breadcrumb","itemListElement":[{"@type":"ListItem","position":1,"name":"Home","item":"https:\/\/tourcruiser.com\/fr\/"},{"@type":"ListItem","position":2,"name":"Shop","item":"https:\/\/tourcruiser.com\/fr\/shop\/"},{"@type":"ListItem","position":3,"name":"Nike Mercurial Superfly 10 Elite United"}]},{"@type":"WebSite","@id":"https:\/\/tourcruiser.com\/fr\/#website","url":"https:\/\/tourcruiser.com\/fr\/","name":"Styloral Jewelry Shop","description":"Tourcruiser Sneaker Store \u2014 L\u2019endroit o\u00f9 l\u2019univers rencontre votre singularit\u00e9.","publisher":{"@id":"https:\/\/tourcruiser.com\/fr\/#organization"},"potentialAction":[{"@type":"SearchAction","target":{"@type":"EntryPoint","urlTemplate":"https:\/\/tourcruiser.com\/fr\/?s={search_term_string}"},"query-input":{"@type":"PropertyValueSpecification","valueRequired":true,"valueName":"search_term_string"}}],"inLanguage":"fr-FR"},{"@type":"Organization","@id":"https:\/\/tourcruiser.com\/fr\/#organization","name":"STYLORAL PTE. LTD","url":"https:\/\/tourcruiser.com\/fr\/","logo":{"@type":"ImageObject","inLanguage":"fr-FR","@id":"https:\/\/tourcruiser.com\/fr\/#\/schema\/logo\/image\/","url":"https:\/\/www.tourcruiser.com\/wp-content\/uploads\/2025\/12\/logo.png","contentUrl":"https:\/\/www.tourcruiser.com\/wp-content\/uploads\/2025\/12\/logo.png","width":200,"height":65,"caption":"STYLORAL PTE. LTD"},"image":{"@id":"https:\/\/tourcruiser.com\/fr\/#\/schema\/logo\/image\/"}}]}},"_links":{"self":[{"href":"https:\/\/tourcruiser.com\/fr\/wp-json\/wp\/v2\/product\/50970","targetHints":{"allow":["GET"]}}],"collection":[{"href":"https:\/\/tourcruiser.com\/fr\/wp-json\/wp\/v2\/product"}],"about":[{"href":"https:\/\/tourcruiser.com\/fr\/wp-json\/wp\/v2\/types\/product"}],"replies":[{"embeddable":true,"href":"https:\/\/tourcruiser.com\/fr\/wp-json\/wp\/v2\/comments?post=50970"}],"wp:featuredmedia":[{"embeddable":true,"href":"https:\/\/tourcruiser.com\/fr\/wp-json\/wp\/v2\/media\/50971"}],"wp:attachment":[{"href":"https:\/\/tourcruiser.com\/fr\/wp-json\/wp\/v2\/media?parent=50970"}],"wp:term":[{"taxonomy":"product_brand","embeddable":true,"href":"https:\/\/tourcruiser.com\/fr\/wp-json\/wp\/v2\/product_brand?post=50970"},{"taxonomy":"product_cat","embeddable":true,"href":"https:\/\/tourcruiser.com\/fr\/wp-json\/wp\/v2\/product_cat?post=50970"},{"taxonomy":"product_tag","embeddable":true,"href":"https:\/\/tourcruiser.com\/fr\/wp-json\/wp\/v2\/product_tag?post=50970"}],"curies":[{"name":"wp","href":"https:\/\/api.w.org\/{rel}","templated":true}]}}