{"id":50761,"date":"2026-03-02T15:09:03","date_gmt":"2026-03-02T08:09:03","guid":{"rendered":"http:\/\/tourcruiser.com\/product\/tokyo-design-studio-x-new-balance-niobium-concept-2-pigmentnatural-indigo"},"modified":"2026-03-14T18:35:27","modified_gmt":"2026-03-14T11:35:27","slug":"tokyo-design-studio-x-new-balance-niobium-concept-2-pigmentnatural-indigo","status":"publish","type":"product","link":"https:\/\/tourcruiser.com\/fr\/products\/tokyo-design-studio-x-new-balance-niobium-concept-2-pigmentnatural-indigo\/","title":{"rendered":"Tokyo Design Studio x New Balance Niobium Concept 2 &lsquo;Pigment\/Natural Indigo&rsquo;"},"content":{"rendered":"<p>D\u00e9couvrez la sneaker Tokyo Design Studio x New Balance Niobium Concept 2 en coloris Pigment\/Indigo Naturel. Cette collaboration allie le design innovant de Tokyo Design Studio \u00e0 la qualit\u00e9 reconnue de New Balance. Avec leur \u00e9l\u00e9gante palette de couleurs Pigment et Indigo Naturel, ces sneakers sont non seulement tendance, mais aussi exceptionnellement confortables et r\u00e9sistantes. Offrez-vous une sneaker d&rsquo;exception avec cette \u00e9dition limit\u00e9e.<\/p>\n<p>Coloris\u00a0: Pigment\/Indigo Naturel<\/p>\n<p>Code article\u00a0: MSNB2NC2<\/p>\n<p>Tige\u00a0: Mesh<\/p>\n<p>Semelle interm\u00e9diaire\u00a0: Fresh Foam X<\/p>\n<p>Couleur\u00a0: Noir<\/p>\n<p>Saison\u00a0: \u00c9t\u00e9<\/p>\n<p>Couleur\u00a0: Noir<\/p>\n","protected":false},"excerpt":{"rendered":"<p>New Balance Niobium Concept 2 \u201d\u201d Pigment\/Natural Indigo<\/p>\n","protected":false},"featured_media":50762,"comment_status":"open","ping_status":"closed","template":"","meta":[],"product_brand":[],"product_cat":[10771],"product_tag":[10750,10753,10754,10765,10766,10768,10758],"class_list":{"0":"post-50761","1":"product","2":"type-product","3":"status-publish","4":"has-post-thumbnail","6":"product_cat-new-balance","7":"product_tag-athleisure-shoes","8":"product_tag-gift-for-him","9":"product_tag-lifestyle-casual-shoes","10":"product_tag-lifestyle-shoes-running-inspired","11":"product_tag-new-balance","12":"product_tag-retro-running-shoes","13":"product_tag-under-retail","14":"wcpa_has_options","16":"first","17":"instock","18":"sale","19":"taxable","20":"shipping-taxable","21":"purchasable","22":"product-type-simple"},"wcpa_form_fields":{"rules":{"pric_overide_base_price":false,"pric_overide_base_price_if_gt_zero":false,"pric_overide_base_price_fully":false,"pric_cal_option_once":false,"pric_use_as_fee":false,"bind_quantity":false,"quantity_bind_formula":false},"fields":[{"type":"color-group","required":true,"elementId":"wcpa-color-group-66c4a928225d2","label":"Taille","inline":true,"priceOptions":"different_for_all","pricingType":"fixed","className":"hassizechart product-shoes-size-eu product-shoes-size","name":"color-group-66c4a928225e2","disp_type":"square","selection_type":"tick-border","disp_size":"50","show_label_inside":true,"adjust_width":true,"cart_display_type":"text","other_text":"Other","cl_rule":"show","col":6,"values":[{"label":"35","value":"EU 35","price":"","pimage":"","pimage_id":"","pthumb":"","color":""},{"label":"36","value":"EU 36","price":"","pimage":"","pimage_id":"","pthumb":"","color":"","selected":true},{"label":"37","value":"EU 37","price":"","pimage":"","pimage_id":"","pthumb":"","color":""},{"label":"37.5","value":"EU 37.5","price":"","pimage":"","pimage_id":"","pthumb":"","color":""},{"label":"38","value":"EU 38","price":"","pimage":"","pimage_id":"","pthumb":"","color":""},{"label":"38.5","value":"EU 38.5","price":"","pimage":"","pimage_id":"","pthumb":"","color":""},{"label":"39","value":"EU 39","price":"","pimage":"","pimage_id":"","pthumb":"","color":""},{"label":"39.5","value":"EU 39.5","price":"","pimage":"","pimage_id":"","pthumb":"","color":""},{"label":"40","value":"EU 40","price":"","pimage":"","pimage_id":"","pthumb":"","color":""},{"label":"40.5","value":"EU 40.5","price":"","pimage":"","pimage_id":"","pthumb":"","color":""},{"label":" 41.5","value":"EU 41.5","price":"","pimage":"","pimage_id":"","pthumb":"","color":""},{"label":"42","value":"EU 42","price":"","pimage":"","pimage_id":"","pthumb":"","color":""},{"label":"42.5","value":"EU 42.5","price":"","pimage":"","pimage_id":"","pthumb":"","color":""},{"label":"43","value":"EU 43","price":"","pimage":"","pimage_id":"","pthumb":"","color":""},{"label":"44","value":"EU 44","price":"","pimage":"","pimage_id":"","pthumb":"","color":""},{"label":"44.5","value":"EU 44.5","price":"","pimage":"","pimage_id":"","pthumb":"","color":""},{"label":"45","value":"EU 45","price":"","pimage":"","pimage_id":"","pthumb":"","color":""},{"label":"45.5","value":"EU 45.5","price":"","pimage":"","pimage_id":"","pthumb":"","color":""},{"label":"46","value":"EU 46","price":"","pimage":"","pimage_id":"","pthumb":"","color":""}],"relations":[{"operator":false,"rules":[]}],"form_id":24803,"form_rules":{"pric_cal_option_once":false,"exclude_from_discount":false,"pric_use_as_fee":false,"fee_label":"Fee","render_after_acb":false,"disp_hide_options_price":false}}]},"yoast_head":"<!-- This site is optimized with the Yoast SEO plugin v26.5 - https:\/\/yoast.com\/wordpress\/plugins\/seo\/ -->\n<title>Tokyo Design Studio x New Balance Niobium Concept 2 &#039;Pigment\/Natural Indigo&#039; - TOURCRUISER PTE. LTD<\/title>\n<meta name=\"robots\" content=\"index, follow, max-snippet:-1, max-image-preview:large, max-video-preview:-1\" \/>\n<link rel=\"canonical\" href=\"https:\/\/tourcruiser.com\/fr\/products\/tokyo-design-studio-x-new-balance-niobium-concept-2-pigmentnatural-indigo\/\" \/>\n<meta property=\"og:locale\" content=\"fr_FR\" \/>\n<meta property=\"og:type\" content=\"article\" \/>\n<meta property=\"og:title\" content=\"Tokyo Design Studio x New Balance Niobium Concept 2 &#039;Pigment\/Natural Indigo&#039; - TOURCRUISER PTE. LTD\" \/>\n<meta property=\"og:description\" content=\"New Balance Niobium Concept 2 \u201d\u201d Pigment\/Natural Indigo\" \/>\n<meta property=\"og:url\" content=\"https:\/\/tourcruiser.com\/fr\/products\/tokyo-design-studio-x-new-balance-niobium-concept-2-pigmentnatural-indigo\/\" \/>\n<meta property=\"og:site_name\" content=\"Tourcruiser Sneaker Store\" \/>\n<meta property=\"article:modified_time\" content=\"2026-03-14T11:35:27+00:00\" \/>\n<meta name=\"twitter:card\" content=\"summary_large_image\" \/>\n<meta name=\"twitter:image\" content=\"https:\/\/images.novelship.com\/product\/tokyo_design_studio_x_new_balance_niobium_concept__0_51239.jpeg\" \/>\n<script type=\"application\/ld+json\" class=\"yoast-schema-graph\">{\"@context\":\"https:\/\/schema.org\",\"@graph\":[{\"@type\":\"WebPage\",\"@id\":\"https:\/\/tourcruiser.com\/fr\/products\/tokyo-design-studio-x-new-balance-niobium-concept-2-pigmentnatural-indigo\/\",\"url\":\"https:\/\/tourcruiser.com\/fr\/products\/tokyo-design-studio-x-new-balance-niobium-concept-2-pigmentnatural-indigo\/\",\"name\":\"Tokyo Design Studio x New Balance Niobium Concept 2 'Pigment\/Natural Indigo' - TOURCRUISER PTE. LTD\",\"isPartOf\":{\"@id\":\"https:\/\/tourcruiser.com\/fr\/#website\"},\"primaryImageOfPage\":{\"@id\":\"https:\/\/tourcruiser.com\/fr\/products\/tokyo-design-studio-x-new-balance-niobium-concept-2-pigmentnatural-indigo\/#primaryimage\"},\"image\":{\"@id\":\"https:\/\/tourcruiser.com\/fr\/products\/tokyo-design-studio-x-new-balance-niobium-concept-2-pigmentnatural-indigo\/#primaryimage\"},\"thumbnailUrl\":\"https:\/\/images.novelship.com\/product\/tokyo_design_studio_x_new_balance_niobium_concept__0_51239.jpeg\",\"datePublished\":\"2026-03-02T08:09:03+00:00\",\"dateModified\":\"2026-03-14T11:35:27+00:00\",\"breadcrumb\":{\"@id\":\"https:\/\/tourcruiser.com\/fr\/products\/tokyo-design-studio-x-new-balance-niobium-concept-2-pigmentnatural-indigo\/#breadcrumb\"},\"inLanguage\":\"fr-FR\",\"potentialAction\":[{\"@type\":\"ReadAction\",\"target\":[\"https:\/\/tourcruiser.com\/fr\/products\/tokyo-design-studio-x-new-balance-niobium-concept-2-pigmentnatural-indigo\/\"]}]},{\"@type\":\"ImageObject\",\"inLanguage\":\"fr-FR\",\"@id\":\"https:\/\/tourcruiser.com\/fr\/products\/tokyo-design-studio-x-new-balance-niobium-concept-2-pigmentnatural-indigo\/#primaryimage\",\"url\":\"https:\/\/images.novelship.com\/product\/tokyo_design_studio_x_new_balance_niobium_concept__0_51239.jpeg\",\"contentUrl\":\"https:\/\/images.novelship.com\/product\/tokyo_design_studio_x_new_balance_niobium_concept__0_51239.jpeg\"},{\"@type\":\"BreadcrumbList\",\"@id\":\"https:\/\/tourcruiser.com\/fr\/products\/tokyo-design-studio-x-new-balance-niobium-concept-2-pigmentnatural-indigo\/#breadcrumb\",\"itemListElement\":[{\"@type\":\"ListItem\",\"position\":1,\"name\":\"Home\",\"item\":\"https:\/\/tourcruiser.com\/fr\/\"},{\"@type\":\"ListItem\",\"position\":2,\"name\":\"Shop\",\"item\":\"https:\/\/tourcruiser.com\/fr\/shop\/\"},{\"@type\":\"ListItem\",\"position\":3,\"name\":\"Tokyo Design Studio x New Balance Niobium Concept 2 'Pigment\/Natural Indigo'\"}]},{\"@type\":\"WebSite\",\"@id\":\"https:\/\/tourcruiser.com\/fr\/#website\",\"url\":\"https:\/\/tourcruiser.com\/fr\/\",\"name\":\"Styloral Jewelry Shop\",\"description\":\"Tourcruiser Sneaker Store \u2014 L\u2019endroit o\u00f9 l\u2019univers rencontre votre singularit\u00e9.\",\"publisher\":{\"@id\":\"https:\/\/tourcruiser.com\/fr\/#organization\"},\"potentialAction\":[{\"@type\":\"SearchAction\",\"target\":{\"@type\":\"EntryPoint\",\"urlTemplate\":\"https:\/\/tourcruiser.com\/fr\/?s={search_term_string}\"},\"query-input\":{\"@type\":\"PropertyValueSpecification\",\"valueRequired\":true,\"valueName\":\"search_term_string\"}}],\"inLanguage\":\"fr-FR\"},{\"@type\":\"Organization\",\"@id\":\"https:\/\/tourcruiser.com\/fr\/#organization\",\"name\":\"STYLORAL PTE. LTD\",\"url\":\"https:\/\/tourcruiser.com\/fr\/\",\"logo\":{\"@type\":\"ImageObject\",\"inLanguage\":\"fr-FR\",\"@id\":\"https:\/\/tourcruiser.com\/fr\/#\/schema\/logo\/image\/\",\"url\":\"https:\/\/www.tourcruiser.com\/wp-content\/uploads\/2025\/12\/logo.png\",\"contentUrl\":\"https:\/\/www.tourcruiser.com\/wp-content\/uploads\/2025\/12\/logo.png\",\"width\":200,\"height\":65,\"caption\":\"STYLORAL PTE. LTD\"},\"image\":{\"@id\":\"https:\/\/tourcruiser.com\/fr\/#\/schema\/logo\/image\/\"}}]}<\/script>\n<!-- \/ Yoast SEO plugin. -->","yoast_head_json":{"title":"Tokyo Design Studio x New Balance Niobium Concept 2 'Pigment\/Natural Indigo' - TOURCRUISER PTE. LTD","robots":{"index":"index","follow":"follow","max-snippet":"max-snippet:-1","max-image-preview":"max-image-preview:large","max-video-preview":"max-video-preview:-1"},"canonical":"https:\/\/tourcruiser.com\/fr\/products\/tokyo-design-studio-x-new-balance-niobium-concept-2-pigmentnatural-indigo\/","og_locale":"fr_FR","og_type":"article","og_title":"Tokyo Design Studio x New Balance Niobium Concept 2 'Pigment\/Natural Indigo' - TOURCRUISER PTE. LTD","og_description":"New Balance Niobium Concept 2 \u201d\u201d Pigment\/Natural Indigo","og_url":"https:\/\/tourcruiser.com\/fr\/products\/tokyo-design-studio-x-new-balance-niobium-concept-2-pigmentnatural-indigo\/","og_site_name":"Tourcruiser Sneaker Store","article_modified_time":"2026-03-14T11:35:27+00:00","twitter_card":"summary_large_image","twitter_image":"https:\/\/images.novelship.com\/product\/tokyo_design_studio_x_new_balance_niobium_concept__0_51239.jpeg","schema":{"@context":"https:\/\/schema.org","@graph":[{"@type":"WebPage","@id":"https:\/\/tourcruiser.com\/fr\/products\/tokyo-design-studio-x-new-balance-niobium-concept-2-pigmentnatural-indigo\/","url":"https:\/\/tourcruiser.com\/fr\/products\/tokyo-design-studio-x-new-balance-niobium-concept-2-pigmentnatural-indigo\/","name":"Tokyo Design Studio x New Balance Niobium Concept 2 'Pigment\/Natural Indigo' - TOURCRUISER PTE. LTD","isPartOf":{"@id":"https:\/\/tourcruiser.com\/fr\/#website"},"primaryImageOfPage":{"@id":"https:\/\/tourcruiser.com\/fr\/products\/tokyo-design-studio-x-new-balance-niobium-concept-2-pigmentnatural-indigo\/#primaryimage"},"image":{"@id":"https:\/\/tourcruiser.com\/fr\/products\/tokyo-design-studio-x-new-balance-niobium-concept-2-pigmentnatural-indigo\/#primaryimage"},"thumbnailUrl":"https:\/\/images.novelship.com\/product\/tokyo_design_studio_x_new_balance_niobium_concept__0_51239.jpeg","datePublished":"2026-03-02T08:09:03+00:00","dateModified":"2026-03-14T11:35:27+00:00","breadcrumb":{"@id":"https:\/\/tourcruiser.com\/fr\/products\/tokyo-design-studio-x-new-balance-niobium-concept-2-pigmentnatural-indigo\/#breadcrumb"},"inLanguage":"fr-FR","potentialAction":[{"@type":"ReadAction","target":["https:\/\/tourcruiser.com\/fr\/products\/tokyo-design-studio-x-new-balance-niobium-concept-2-pigmentnatural-indigo\/"]}]},{"@type":"ImageObject","inLanguage":"fr-FR","@id":"https:\/\/tourcruiser.com\/fr\/products\/tokyo-design-studio-x-new-balance-niobium-concept-2-pigmentnatural-indigo\/#primaryimage","url":"https:\/\/images.novelship.com\/product\/tokyo_design_studio_x_new_balance_niobium_concept__0_51239.jpeg","contentUrl":"https:\/\/images.novelship.com\/product\/tokyo_design_studio_x_new_balance_niobium_concept__0_51239.jpeg"},{"@type":"BreadcrumbList","@id":"https:\/\/tourcruiser.com\/fr\/products\/tokyo-design-studio-x-new-balance-niobium-concept-2-pigmentnatural-indigo\/#breadcrumb","itemListElement":[{"@type":"ListItem","position":1,"name":"Home","item":"https:\/\/tourcruiser.com\/fr\/"},{"@type":"ListItem","position":2,"name":"Shop","item":"https:\/\/tourcruiser.com\/fr\/shop\/"},{"@type":"ListItem","position":3,"name":"Tokyo Design Studio x New Balance Niobium Concept 2 'Pigment\/Natural Indigo'"}]},{"@type":"WebSite","@id":"https:\/\/tourcruiser.com\/fr\/#website","url":"https:\/\/tourcruiser.com\/fr\/","name":"Styloral Jewelry Shop","description":"Tourcruiser Sneaker Store \u2014 L\u2019endroit o\u00f9 l\u2019univers rencontre votre singularit\u00e9.","publisher":{"@id":"https:\/\/tourcruiser.com\/fr\/#organization"},"potentialAction":[{"@type":"SearchAction","target":{"@type":"EntryPoint","urlTemplate":"https:\/\/tourcruiser.com\/fr\/?s={search_term_string}"},"query-input":{"@type":"PropertyValueSpecification","valueRequired":true,"valueName":"search_term_string"}}],"inLanguage":"fr-FR"},{"@type":"Organization","@id":"https:\/\/tourcruiser.com\/fr\/#organization","name":"STYLORAL PTE. LTD","url":"https:\/\/tourcruiser.com\/fr\/","logo":{"@type":"ImageObject","inLanguage":"fr-FR","@id":"https:\/\/tourcruiser.com\/fr\/#\/schema\/logo\/image\/","url":"https:\/\/www.tourcruiser.com\/wp-content\/uploads\/2025\/12\/logo.png","contentUrl":"https:\/\/www.tourcruiser.com\/wp-content\/uploads\/2025\/12\/logo.png","width":200,"height":65,"caption":"STYLORAL PTE. LTD"},"image":{"@id":"https:\/\/tourcruiser.com\/fr\/#\/schema\/logo\/image\/"}}]}},"_links":{"self":[{"href":"https:\/\/tourcruiser.com\/fr\/wp-json\/wp\/v2\/product\/50761","targetHints":{"allow":["GET"]}}],"collection":[{"href":"https:\/\/tourcruiser.com\/fr\/wp-json\/wp\/v2\/product"}],"about":[{"href":"https:\/\/tourcruiser.com\/fr\/wp-json\/wp\/v2\/types\/product"}],"replies":[{"embeddable":true,"href":"https:\/\/tourcruiser.com\/fr\/wp-json\/wp\/v2\/comments?post=50761"}],"wp:featuredmedia":[{"embeddable":true,"href":"https:\/\/tourcruiser.com\/fr\/wp-json\/wp\/v2\/media\/50762"}],"wp:attachment":[{"href":"https:\/\/tourcruiser.com\/fr\/wp-json\/wp\/v2\/media?parent=50761"}],"wp:term":[{"taxonomy":"product_brand","embeddable":true,"href":"https:\/\/tourcruiser.com\/fr\/wp-json\/wp\/v2\/product_brand?post=50761"},{"taxonomy":"product_cat","embeddable":true,"href":"https:\/\/tourcruiser.com\/fr\/wp-json\/wp\/v2\/product_cat?post=50761"},{"taxonomy":"product_tag","embeddable":true,"href":"https:\/\/tourcruiser.com\/fr\/wp-json\/wp\/v2\/product_tag?post=50761"}],"curies":[{"name":"wp","href":"https:\/\/api.w.org\/{rel}","templated":true}]}}