{"id":50715,"date":"2026-03-02T15:08:59","date_gmt":"2026-03-02T08:08:59","guid":{"rendered":"http:\/\/tourcruiser.com\/product\/always-do-what-you-should-do-x-adidas-pro-model-adv-black-semi-solar-slime"},"modified":"2026-03-14T18:35:25","modified_gmt":"2026-03-14T11:35:25","slug":"always-do-what-you-should-do-x-adidas-pro-model-adv-black-semi-solar-slime","status":"publish","type":"product","link":"https:\/\/tourcruiser.com\/fr\/products\/always-do-what-you-should-do-x-adidas-pro-model-adv-black-semi-solar-slime\/","title":{"rendered":"Always Do What You Should Do x adidas Pro Model ADV &lsquo;Black Semi Solar Slime&rsquo;"},"content":{"rendered":"<p>Am\u00e9liorez votre style en skate avec la Always Do What You Should Do x adidas Pro Model ADV \u00ab Black Semi Solar Slime \u00bb JP7637 \u2013 une combinaison premium de style, de confort et de performance. Con\u00e7ue en collaboration avec Always Do What You Should Do, cette silhouette adidas embl\u00e9matique arbore une tige noire \u00e9l\u00e9gante rehauss\u00e9e de touches Semi-Solar Slime \u00e9clatantes, alliant une esth\u00e9tique saisissante \u00e0 une robustesse \u00e0 toute \u00e9preuve pour un look urbain affirm\u00e9. Fabriqu\u00e9e \u00e0 partir de mat\u00e9riaux haut de gamme, la Pro Model ADV offre un maintien et une durabilit\u00e9 exceptionnels, la rendant parfaite pour les sessions intenses, sur et hors de la planche. La semelle interm\u00e9diaire amortissante assure une protection optimale contre les chocs, tandis que la semelle ext\u00e9rieure adh\u00e9rente garantit un contr\u00f4le pr\u00e9cis et une traction fiable pour chaque figure. Cette sneaker en \u00e9dition limit\u00e9e combine fonctionnalit\u00e9 et design unique et captivant, ce qui en fait la compagne id\u00e9ale des skateparks et des rues. Donnez un nouveau look \u00e0 votre collection de sneakers avec ce mod\u00e8le exceptionnel qui fusionne culture skate moderne et style cr\u00e9atif. Coloris : Noir\/Semi-Solar Slime\/Bleu marine. Code article : JP7637. Mati\u00e8re de la tige : Cuir verni. Couleur : Noir. Saison : Printemps. Ann\u00e9e de sortie : 2025.<\/p>\n","protected":false},"excerpt":{"rendered":"<p>adidas Pro Model ADV \u201d\u201d Core Black\/Semi Solar Slime\/Collegiate Navy<\/p>\n","protected":false},"featured_media":50716,"comment_status":"open","ping_status":"closed","template":"","meta":[],"product_brand":[],"product_cat":[10760],"product_tag":[10759,10750,10754,10777,10756,10758],"class_list":{"0":"post-50715","1":"product","2":"type-product","3":"status-publish","4":"has-post-thumbnail","6":"product_cat-adidas","7":"product_tag-adidas","8":"product_tag-athleisure-shoes","9":"product_tag-lifestyle-casual-shoes","10":"product_tag-lifestyle-shoes-basketball-inspired","11":"product_tag-retro-casual-shoes","12":"product_tag-under-retail","13":"wcpa_has_options","15":"first","16":"instock","17":"taxable","18":"shipping-taxable","19":"purchasable","20":"product-type-simple"},"wcpa_form_fields":{"rules":{"pric_overide_base_price":false,"pric_overide_base_price_if_gt_zero":false,"pric_overide_base_price_fully":false,"pric_cal_option_once":false,"pric_use_as_fee":false,"bind_quantity":false,"quantity_bind_formula":false},"fields":[{"type":"color-group","required":true,"elementId":"wcpa-color-group-66c4a7f817afe","label":"Taille","inline":true,"priceOptions":"different_for_all","pricingType":"fixed","className":"hassizechart product-shoes-size-eu product-shoes-size","name":"color-group-66c4a7f817b18","disp_type":"square","selection_type":"tick-border","disp_size":"50","show_label_inside":true,"adjust_width":true,"cart_display_type":"text","other_text":"Other","cl_rule":"show","col":6,"values":[{"label":"35","value":"EU 35","price":"","pimage":"","pimage_id":"","pthumb":"","color":""},{"label":"35.5","value":"EU 35.5","price":"","pimage":"","pimage_id":"","pthumb":"","color":""},{"label":"36","value":"EU 36","price":"","pimage":"","pimage_id":"","pthumb":"","color":"","selected":true},{"label":"36 2\/3","value":"EU 36 2\/3","price":"","pimage":"","pimage_id":"","pthumb":"","color":""},{"label":"37 1\/3","value":"EU 37 1\/3","price":"","pimage":"","pimage_id":"","pthumb":"","color":""},{"label":"38","value":"EU 38","price":"","pimage":"","pimage_id":"","pthumb":"","color":""},{"label":"38 2\/3","value":"EU 38 2\/3","price":"","pimage":"","pimage_id":"","pthumb":"","color":""},{"label":"39 1\/3","value":"EU 39 1\/3","price":"","pimage":"","pimage_id":"","pthumb":"","color":""},{"label":"40","value":"EU 40","price":"","pimage":"","pimage_id":"","pthumb":"","color":""},{"label":"40 2\/3","value":"EU 40 2\/3","price":"","pimage":"","pimage_id":"","pthumb":"","color":""},{"label":"41 1\/3","value":"EU 41 1\/3","price":"","pimage":"","pimage_id":"","pthumb":"","color":""},{"label":"42","value":"EU 42","price":"","pimage":"","pimage_id":"","pthumb":"","color":""},{"label":"42 2\/3","value":"EU 42 2\/3","price":"","pimage":"","pimage_id":"","pthumb":"","color":""},{"label":"43 1\/3","value":"EU 43 1\/3","price":"","pimage":"","pimage_id":"","pthumb":"","color":""},{"label":"44","value":"EU 44","price":"","pimage":"","pimage_id":"","pthumb":"","color":""},{"label":"44 2\/3","value":"EU 44 2\/3","price":"","pimage":"","pimage_id":"","pthumb":"","color":""},{"label":"45 1\/3","value":"EU 45 1\/3","price":"","pimage":"","pimage_id":"","pthumb":"","color":""},{"label":"46","value":"EU 46","price":"","pimage":"","pimage_id":"","pthumb":"","color":""},{"label":"46 2\/3","value":"EU 46 2\/3","price":"","pimage":"","pimage_id":"","pthumb":"","color":""},{"label":"47 1\/3","value":"EU 47 1\/3","price":"","pimage":"","pimage_id":"","pthumb":"","color":""}],"relations":[{"operator":false,"rules":[]}],"form_id":24802,"form_rules":{"pric_cal_option_once":false,"exclude_from_discount":false,"pric_use_as_fee":false,"fee_label":"Fee","render_after_acb":false,"disp_hide_options_price":false}}]},"yoast_head":"<!-- This site is optimized with the Yoast SEO plugin v26.5 - https:\/\/yoast.com\/wordpress\/plugins\/seo\/ -->\n<title>Always Do What You Should Do x adidas Pro Model ADV &#039;Black Semi Solar Slime&#039; - TOURCRUISER PTE. LTD<\/title>\n<meta name=\"robots\" content=\"index, follow, max-snippet:-1, max-image-preview:large, max-video-preview:-1\" \/>\n<link rel=\"canonical\" href=\"https:\/\/tourcruiser.com\/fr\/products\/always-do-what-you-should-do-x-adidas-pro-model-adv-black-semi-solar-slime\/\" \/>\n<meta property=\"og:locale\" content=\"fr_FR\" \/>\n<meta property=\"og:type\" content=\"article\" \/>\n<meta property=\"og:title\" content=\"Always Do What You Should Do x adidas Pro Model ADV &#039;Black Semi Solar Slime&#039; - TOURCRUISER PTE. LTD\" \/>\n<meta property=\"og:description\" content=\"adidas Pro Model ADV \u201d\u201d Core Black\/Semi Solar Slime\/Collegiate Navy\" \/>\n<meta property=\"og:url\" content=\"https:\/\/tourcruiser.com\/fr\/products\/always-do-what-you-should-do-x-adidas-pro-model-adv-black-semi-solar-slime\/\" \/>\n<meta property=\"og:site_name\" content=\"Tourcruiser Sneaker Store\" \/>\n<meta property=\"article:modified_time\" content=\"2026-03-14T11:35:25+00:00\" \/>\n<meta name=\"twitter:card\" content=\"summary_large_image\" \/>\n<meta name=\"twitter:image\" content=\"https:\/\/images.novelship.com\/product\/always_do_what_you_should_do_x_adidas_pro_model_ad_0_70385.jpeg\" \/>\n<meta name=\"twitter:label1\" content=\"Dur\u00e9e de lecture estim\u00e9e\" \/>\n\t<meta name=\"twitter:data1\" content=\"1 minute\" \/>\n<script type=\"application\/ld+json\" class=\"yoast-schema-graph\">{\"@context\":\"https:\/\/schema.org\",\"@graph\":[{\"@type\":\"WebPage\",\"@id\":\"https:\/\/tourcruiser.com\/fr\/products\/always-do-what-you-should-do-x-adidas-pro-model-adv-black-semi-solar-slime\/\",\"url\":\"https:\/\/tourcruiser.com\/fr\/products\/always-do-what-you-should-do-x-adidas-pro-model-adv-black-semi-solar-slime\/\",\"name\":\"Always Do What You Should Do x adidas Pro Model ADV 'Black Semi Solar Slime' - TOURCRUISER PTE. LTD\",\"isPartOf\":{\"@id\":\"https:\/\/tourcruiser.com\/fr\/#website\"},\"primaryImageOfPage\":{\"@id\":\"https:\/\/tourcruiser.com\/fr\/products\/always-do-what-you-should-do-x-adidas-pro-model-adv-black-semi-solar-slime\/#primaryimage\"},\"image\":{\"@id\":\"https:\/\/tourcruiser.com\/fr\/products\/always-do-what-you-should-do-x-adidas-pro-model-adv-black-semi-solar-slime\/#primaryimage\"},\"thumbnailUrl\":\"https:\/\/images.novelship.com\/product\/always_do_what_you_should_do_x_adidas_pro_model_ad_0_70385.jpeg\",\"datePublished\":\"2026-03-02T08:08:59+00:00\",\"dateModified\":\"2026-03-14T11:35:25+00:00\",\"breadcrumb\":{\"@id\":\"https:\/\/tourcruiser.com\/fr\/products\/always-do-what-you-should-do-x-adidas-pro-model-adv-black-semi-solar-slime\/#breadcrumb\"},\"inLanguage\":\"fr-FR\",\"potentialAction\":[{\"@type\":\"ReadAction\",\"target\":[\"https:\/\/tourcruiser.com\/fr\/products\/always-do-what-you-should-do-x-adidas-pro-model-adv-black-semi-solar-slime\/\"]}]},{\"@type\":\"ImageObject\",\"inLanguage\":\"fr-FR\",\"@id\":\"https:\/\/tourcruiser.com\/fr\/products\/always-do-what-you-should-do-x-adidas-pro-model-adv-black-semi-solar-slime\/#primaryimage\",\"url\":\"https:\/\/images.novelship.com\/product\/always_do_what_you_should_do_x_adidas_pro_model_ad_0_70385.jpeg\",\"contentUrl\":\"https:\/\/images.novelship.com\/product\/always_do_what_you_should_do_x_adidas_pro_model_ad_0_70385.jpeg\"},{\"@type\":\"BreadcrumbList\",\"@id\":\"https:\/\/tourcruiser.com\/fr\/products\/always-do-what-you-should-do-x-adidas-pro-model-adv-black-semi-solar-slime\/#breadcrumb\",\"itemListElement\":[{\"@type\":\"ListItem\",\"position\":1,\"name\":\"Home\",\"item\":\"https:\/\/tourcruiser.com\/fr\/\"},{\"@type\":\"ListItem\",\"position\":2,\"name\":\"Shop\",\"item\":\"https:\/\/tourcruiser.com\/fr\/shop\/\"},{\"@type\":\"ListItem\",\"position\":3,\"name\":\"Always Do What You Should Do x adidas Pro Model ADV 'Black Semi Solar Slime'\"}]},{\"@type\":\"WebSite\",\"@id\":\"https:\/\/tourcruiser.com\/fr\/#website\",\"url\":\"https:\/\/tourcruiser.com\/fr\/\",\"name\":\"Styloral Jewelry Shop\",\"description\":\"Tourcruiser Sneaker Store \u2014 L\u2019endroit o\u00f9 l\u2019univers rencontre votre singularit\u00e9.\",\"publisher\":{\"@id\":\"https:\/\/tourcruiser.com\/fr\/#organization\"},\"potentialAction\":[{\"@type\":\"SearchAction\",\"target\":{\"@type\":\"EntryPoint\",\"urlTemplate\":\"https:\/\/tourcruiser.com\/fr\/?s={search_term_string}\"},\"query-input\":{\"@type\":\"PropertyValueSpecification\",\"valueRequired\":true,\"valueName\":\"search_term_string\"}}],\"inLanguage\":\"fr-FR\"},{\"@type\":\"Organization\",\"@id\":\"https:\/\/tourcruiser.com\/fr\/#organization\",\"name\":\"STYLORAL PTE. LTD\",\"url\":\"https:\/\/tourcruiser.com\/fr\/\",\"logo\":{\"@type\":\"ImageObject\",\"inLanguage\":\"fr-FR\",\"@id\":\"https:\/\/tourcruiser.com\/fr\/#\/schema\/logo\/image\/\",\"url\":\"https:\/\/www.tourcruiser.com\/wp-content\/uploads\/2025\/12\/logo.png\",\"contentUrl\":\"https:\/\/www.tourcruiser.com\/wp-content\/uploads\/2025\/12\/logo.png\",\"width\":200,\"height\":65,\"caption\":\"STYLORAL PTE. LTD\"},\"image\":{\"@id\":\"https:\/\/tourcruiser.com\/fr\/#\/schema\/logo\/image\/\"}}]}<\/script>\n<!-- \/ Yoast SEO plugin. -->","yoast_head_json":{"title":"Always Do What You Should Do x adidas Pro Model ADV 'Black Semi Solar Slime' - TOURCRUISER PTE. LTD","robots":{"index":"index","follow":"follow","max-snippet":"max-snippet:-1","max-image-preview":"max-image-preview:large","max-video-preview":"max-video-preview:-1"},"canonical":"https:\/\/tourcruiser.com\/fr\/products\/always-do-what-you-should-do-x-adidas-pro-model-adv-black-semi-solar-slime\/","og_locale":"fr_FR","og_type":"article","og_title":"Always Do What You Should Do x adidas Pro Model ADV 'Black Semi Solar Slime' - TOURCRUISER PTE. LTD","og_description":"adidas Pro Model ADV \u201d\u201d Core Black\/Semi Solar Slime\/Collegiate Navy","og_url":"https:\/\/tourcruiser.com\/fr\/products\/always-do-what-you-should-do-x-adidas-pro-model-adv-black-semi-solar-slime\/","og_site_name":"Tourcruiser Sneaker Store","article_modified_time":"2026-03-14T11:35:25+00:00","twitter_card":"summary_large_image","twitter_image":"https:\/\/images.novelship.com\/product\/always_do_what_you_should_do_x_adidas_pro_model_ad_0_70385.jpeg","twitter_misc":{"Dur\u00e9e de lecture estim\u00e9e":"1 minute"},"schema":{"@context":"https:\/\/schema.org","@graph":[{"@type":"WebPage","@id":"https:\/\/tourcruiser.com\/fr\/products\/always-do-what-you-should-do-x-adidas-pro-model-adv-black-semi-solar-slime\/","url":"https:\/\/tourcruiser.com\/fr\/products\/always-do-what-you-should-do-x-adidas-pro-model-adv-black-semi-solar-slime\/","name":"Always Do What You Should Do x adidas Pro Model ADV 'Black Semi Solar Slime' - TOURCRUISER PTE. LTD","isPartOf":{"@id":"https:\/\/tourcruiser.com\/fr\/#website"},"primaryImageOfPage":{"@id":"https:\/\/tourcruiser.com\/fr\/products\/always-do-what-you-should-do-x-adidas-pro-model-adv-black-semi-solar-slime\/#primaryimage"},"image":{"@id":"https:\/\/tourcruiser.com\/fr\/products\/always-do-what-you-should-do-x-adidas-pro-model-adv-black-semi-solar-slime\/#primaryimage"},"thumbnailUrl":"https:\/\/images.novelship.com\/product\/always_do_what_you_should_do_x_adidas_pro_model_ad_0_70385.jpeg","datePublished":"2026-03-02T08:08:59+00:00","dateModified":"2026-03-14T11:35:25+00:00","breadcrumb":{"@id":"https:\/\/tourcruiser.com\/fr\/products\/always-do-what-you-should-do-x-adidas-pro-model-adv-black-semi-solar-slime\/#breadcrumb"},"inLanguage":"fr-FR","potentialAction":[{"@type":"ReadAction","target":["https:\/\/tourcruiser.com\/fr\/products\/always-do-what-you-should-do-x-adidas-pro-model-adv-black-semi-solar-slime\/"]}]},{"@type":"ImageObject","inLanguage":"fr-FR","@id":"https:\/\/tourcruiser.com\/fr\/products\/always-do-what-you-should-do-x-adidas-pro-model-adv-black-semi-solar-slime\/#primaryimage","url":"https:\/\/images.novelship.com\/product\/always_do_what_you_should_do_x_adidas_pro_model_ad_0_70385.jpeg","contentUrl":"https:\/\/images.novelship.com\/product\/always_do_what_you_should_do_x_adidas_pro_model_ad_0_70385.jpeg"},{"@type":"BreadcrumbList","@id":"https:\/\/tourcruiser.com\/fr\/products\/always-do-what-you-should-do-x-adidas-pro-model-adv-black-semi-solar-slime\/#breadcrumb","itemListElement":[{"@type":"ListItem","position":1,"name":"Home","item":"https:\/\/tourcruiser.com\/fr\/"},{"@type":"ListItem","position":2,"name":"Shop","item":"https:\/\/tourcruiser.com\/fr\/shop\/"},{"@type":"ListItem","position":3,"name":"Always Do What You Should Do x adidas Pro Model ADV 'Black Semi Solar Slime'"}]},{"@type":"WebSite","@id":"https:\/\/tourcruiser.com\/fr\/#website","url":"https:\/\/tourcruiser.com\/fr\/","name":"Styloral Jewelry Shop","description":"Tourcruiser Sneaker Store \u2014 L\u2019endroit o\u00f9 l\u2019univers rencontre votre singularit\u00e9.","publisher":{"@id":"https:\/\/tourcruiser.com\/fr\/#organization"},"potentialAction":[{"@type":"SearchAction","target":{"@type":"EntryPoint","urlTemplate":"https:\/\/tourcruiser.com\/fr\/?s={search_term_string}"},"query-input":{"@type":"PropertyValueSpecification","valueRequired":true,"valueName":"search_term_string"}}],"inLanguage":"fr-FR"},{"@type":"Organization","@id":"https:\/\/tourcruiser.com\/fr\/#organization","name":"STYLORAL PTE. LTD","url":"https:\/\/tourcruiser.com\/fr\/","logo":{"@type":"ImageObject","inLanguage":"fr-FR","@id":"https:\/\/tourcruiser.com\/fr\/#\/schema\/logo\/image\/","url":"https:\/\/www.tourcruiser.com\/wp-content\/uploads\/2025\/12\/logo.png","contentUrl":"https:\/\/www.tourcruiser.com\/wp-content\/uploads\/2025\/12\/logo.png","width":200,"height":65,"caption":"STYLORAL PTE. LTD"},"image":{"@id":"https:\/\/tourcruiser.com\/fr\/#\/schema\/logo\/image\/"}}]}},"_links":{"self":[{"href":"https:\/\/tourcruiser.com\/fr\/wp-json\/wp\/v2\/product\/50715","targetHints":{"allow":["GET"]}}],"collection":[{"href":"https:\/\/tourcruiser.com\/fr\/wp-json\/wp\/v2\/product"}],"about":[{"href":"https:\/\/tourcruiser.com\/fr\/wp-json\/wp\/v2\/types\/product"}],"replies":[{"embeddable":true,"href":"https:\/\/tourcruiser.com\/fr\/wp-json\/wp\/v2\/comments?post=50715"}],"wp:featuredmedia":[{"embeddable":true,"href":"https:\/\/tourcruiser.com\/fr\/wp-json\/wp\/v2\/media\/50716"}],"wp:attachment":[{"href":"https:\/\/tourcruiser.com\/fr\/wp-json\/wp\/v2\/media?parent=50715"}],"wp:term":[{"taxonomy":"product_brand","embeddable":true,"href":"https:\/\/tourcruiser.com\/fr\/wp-json\/wp\/v2\/product_brand?post=50715"},{"taxonomy":"product_cat","embeddable":true,"href":"https:\/\/tourcruiser.com\/fr\/wp-json\/wp\/v2\/product_cat?post=50715"},{"taxonomy":"product_tag","embeddable":true,"href":"https:\/\/tourcruiser.com\/fr\/wp-json\/wp\/v2\/product_tag?post=50715"}],"curies":[{"name":"wp","href":"https:\/\/api.w.org\/{rel}","templated":true}]}}