{"id":48329,"date":"2026-03-02T15:05:40","date_gmt":"2026-03-02T08:05:40","guid":{"rendered":"http:\/\/tourcruiser.com\/product\/women-nike-react-pegasus-trail-4-gore-tex-emerald-rise-sequoia"},"modified":"2026-03-21T11:09:17","modified_gmt":"2026-03-21T04:09:17","slug":"women-nike-react-pegasus-trail-4-gore-tex-emerald-rise-sequoia","status":"publish","type":"product","link":"https:\/\/tourcruiser.com\/fr\/products\/women-nike-react-pegasus-trail-4-gore-tex-emerald-rise-sequoia\/","title":{"rendered":"(Women) Nike React Pegasus Trail 4 Gore-Tex &lsquo;Emerald Rise Sequoia&rsquo;"},"content":{"rendered":"<p>D\u00e9couvrez la Nike React Pegasus Trail 4 Gore-Tex \u00ab\u00a0Emerald Rise Sequoia\u00a0\u00bb pour femme\u00a0: la compagne id\u00e9ale pour toutes vos aventures en plein air\u00a0! Profitez d\u2019un confort in\u00e9gal\u00e9 et de performances optimales gr\u00e2ce \u00e0 l\u2019amorti r\u00e9actif en mousse React et \u00e0 une adh\u00e9rence durable. L\u2019empeigne imperm\u00e9able Gore-Tex garde vos pieds au sec m\u00eame par temps humide, tandis que les empi\u00e8cements en mesh respirant assurent une ventilation optimale. Son design polyvalent la rend parfaite pour le trail, la randonn\u00e9e et toutes vos activit\u00e9s outdoor. Vivez des exp\u00e9riences inoubliables avec la \u00ab\u00a0Emerald Rise Sequoia\u00a0\u00bb d\u00e8s aujourd\u2019hui\u00a0! Coloris\u00a0: Emerald Rise\/Amber Brown\/Ember Glow\/Sequoia. Code article\u00a0: DJ7929-301. Empeigne\u00a0: Gore-Tex. Semelle interm\u00e9diaire\u00a0: React. Couleur\u00a0: Turquoise.<\/p>\n","protected":false},"excerpt":{"rendered":"<p>Nike React Pegasus Trail 4 Gore-Tex \u201d\u201d Emerald Rise\/Amber Brown\/Ember Glow\/Sequoia<\/p>\n","protected":false},"featured_media":48330,"comment_status":"open","ping_status":"closed","template":"","meta":[],"product_brand":[],"product_cat":[10809],"product_tag":[10926,10801,10882,11230,11231,10839,10802,10840,11006,10758,11116],"class_list":{"0":"post-48329","1":"product","2":"type-product","3":"status-publish","4":"has-post-thumbnail","6":"product_cat-nike-women","7":"product_tag-gift-for-her","8":"product_tag-nike","9":"product_tag-nike-running-shoes","10":"product_tag-nike-trail-running-shoes","11":"product_tag-oxstreet-shoes","12":"product_tag-performance-running-shoes","13":"product_tag-performance-sport-shoes","14":"product_tag-running-shoes","15":"product_tag-trail-running-shoes","16":"product_tag-under-retail","17":"product_tag-waterproof-hiking-shoes","18":"wcpa_has_options","20":"first","21":"outofstock","22":"taxable","23":"shipping-taxable","24":"purchasable","25":"product-type-simple"},"wcpa_form_fields":{"rules":{"pric_overide_base_price":false,"pric_overide_base_price_if_gt_zero":false,"pric_overide_base_price_fully":false,"pric_cal_option_once":false,"pric_use_as_fee":false,"bind_quantity":false,"quantity_bind_formula":false},"fields":[{"type":"color-group","required":true,"elementId":"wcpa-color-group-66c4a75505e74","label":"Taille","inline":true,"priceOptions":"different_for_all","pricingType":"fixed","className":"hassizechart product-shoes-size-eu product-shoes-size","name":"color-group-66c4a75505e89","disp_type":"square","selection_type":"tick-border","disp_size":"44","show_label_inside":true,"adjust_width":true,"cart_display_type":"text","other_text":"Other","cl_rule":"show","col":6,"values":[{"label":"35.5","value":"EU 35.5","price":"","pimage":"","pimage_id":"","pthumb":"","color":""},{"label":"36","value":"EU 36","price":"","pimage":"","pimage_id":"","pthumb":"","color":"","selected":true},{"label":"36.5","value":"EU 36.5","price":"","pimage":"","pimage_id":"","pthumb":"","color":""},{"label":"37.5","value":"EU 37.5","price":"","pimage":"","pimage_id":"","pthumb":"","color":""},{"label":"38","value":"EU 38","price":"","pimage":"","pimage_id":"","pthumb":"","color":""},{"label":"38.5","value":"EU 38.5","price":"","pimage":"","pimage_id":"","pthumb":"","color":""},{"label":"39","value":"EU 39","price":"","pimage":"","pimage_id":"","pthumb":"","color":""},{"label":"40","value":"EU 40","price":"","pimage":"","pimage_id":"","pthumb":"","color":""},{"label":"40.5","value":"EU 40.5","price":"","pimage":"","pimage_id":"","pthumb":"","color":""},{"label":"41","value":"EU 41","price":"","pimage":"","pimage_id":"","pthumb":"","color":""},{"label":"42","value":"EU 42","price":"","pimage":"","pimage_id":"","pthumb":"","color":""},{"label":"42.5","value":"EU 42.5","price":"","pimage":"","pimage_id":"","pthumb":"","color":""},{"label":"43","value":"EU 43","price":"","pimage":"","pimage_id":"","pthumb":"","color":""},{"label":"44","value":"EU 44","price":"","pimage":"","pimage_id":"","pthumb":"","color":""},{"label":"44.5","value":"EU 44.5","price":"","pimage":"","pimage_id":"","pthumb":"","color":""},{"label":"45","value":"EU 45","price":"","pimage":"","pimage_id":"","pthumb":"","color":""},{"label":"45.5","value":"EU 45.5","price":"","pimage":"","pimage_id":"","pthumb":"","color":""},{"label":"46","value":"EU 46","price":"","pimage":"","pimage_id":"","pthumb":"","color":""},{"label":"47","value":"EU 47","price":"","pimage":"","pimage_id":"","pthumb":"","color":""},{"label":"47.5","value":"EU 47.5","price":"","pimage":"","pimage_id":"","pthumb":"","color":""},{"label":"48","value":"EU 48","price":"","pimage":"","pimage_id":"","pthumb":"","color":""}],"relations":[{"operator":false,"rules":[]}],"form_id":18106,"form_rules":{"pric_cal_option_once":false,"exclude_from_discount":false,"pric_use_as_fee":false,"fee_label":"Fee","render_after_acb":false,"disp_hide_options_price":false}}]},"yoast_head":"<!-- This site is optimized with the Yoast SEO plugin v26.5 - https:\/\/yoast.com\/wordpress\/plugins\/seo\/ -->\n<title>(Women) Nike React Pegasus Trail 4 Gore-Tex &#039;Emerald Rise Sequoia&#039; - TOURCRUISER PTE. LTD<\/title>\n<meta name=\"robots\" content=\"index, follow, max-snippet:-1, max-image-preview:large, max-video-preview:-1\" \/>\n<link rel=\"canonical\" href=\"https:\/\/tourcruiser.com\/fr\/products\/women-nike-react-pegasus-trail-4-gore-tex-emerald-rise-sequoia\/\" \/>\n<meta property=\"og:locale\" content=\"fr_FR\" \/>\n<meta property=\"og:type\" content=\"article\" \/>\n<meta property=\"og:title\" content=\"(Women) Nike React Pegasus Trail 4 Gore-Tex &#039;Emerald Rise Sequoia&#039; - TOURCRUISER PTE. LTD\" \/>\n<meta property=\"og:description\" content=\"Nike React Pegasus Trail 4 Gore-Tex \u201d\u201d Emerald Rise\/Amber Brown\/Ember Glow\/Sequoia\" \/>\n<meta property=\"og:url\" content=\"https:\/\/tourcruiser.com\/fr\/products\/women-nike-react-pegasus-trail-4-gore-tex-emerald-rise-sequoia\/\" \/>\n<meta property=\"og:site_name\" content=\"Tourcruiser Sneaker Store\" \/>\n<meta property=\"article:modified_time\" content=\"2026-03-21T04:09:17+00:00\" \/>\n<meta name=\"twitter:card\" content=\"summary_large_image\" \/>\n<meta name=\"twitter:image\" content=\"https:\/\/images.novelship.com\/product\/_women__nike_react_pegasus_trail_4_gore-tex__emera_0_91710.jpeg\" \/>\n<meta name=\"twitter:label1\" content=\"Dur\u00e9e de lecture estim\u00e9e\" \/>\n\t<meta name=\"twitter:data1\" content=\"1 minute\" \/>\n<script type=\"application\/ld+json\" class=\"yoast-schema-graph\">{\"@context\":\"https:\/\/schema.org\",\"@graph\":[{\"@type\":\"WebPage\",\"@id\":\"https:\/\/tourcruiser.com\/fr\/products\/women-nike-react-pegasus-trail-4-gore-tex-emerald-rise-sequoia\/\",\"url\":\"https:\/\/tourcruiser.com\/fr\/products\/women-nike-react-pegasus-trail-4-gore-tex-emerald-rise-sequoia\/\",\"name\":\"(Women) Nike React Pegasus Trail 4 Gore-Tex 'Emerald Rise Sequoia' - TOURCRUISER PTE. LTD\",\"isPartOf\":{\"@id\":\"https:\/\/tourcruiser.com\/fr\/#website\"},\"primaryImageOfPage\":{\"@id\":\"https:\/\/tourcruiser.com\/fr\/products\/women-nike-react-pegasus-trail-4-gore-tex-emerald-rise-sequoia\/#primaryimage\"},\"image\":{\"@id\":\"https:\/\/tourcruiser.com\/fr\/products\/women-nike-react-pegasus-trail-4-gore-tex-emerald-rise-sequoia\/#primaryimage\"},\"thumbnailUrl\":\"https:\/\/images.novelship.com\/product\/_women__nike_react_pegasus_trail_4_gore-tex__emera_0_91710.jpeg\",\"datePublished\":\"2026-03-02T08:05:40+00:00\",\"dateModified\":\"2026-03-21T04:09:17+00:00\",\"breadcrumb\":{\"@id\":\"https:\/\/tourcruiser.com\/fr\/products\/women-nike-react-pegasus-trail-4-gore-tex-emerald-rise-sequoia\/#breadcrumb\"},\"inLanguage\":\"fr-FR\",\"potentialAction\":[{\"@type\":\"ReadAction\",\"target\":[\"https:\/\/tourcruiser.com\/fr\/products\/women-nike-react-pegasus-trail-4-gore-tex-emerald-rise-sequoia\/\"]}]},{\"@type\":\"ImageObject\",\"inLanguage\":\"fr-FR\",\"@id\":\"https:\/\/tourcruiser.com\/fr\/products\/women-nike-react-pegasus-trail-4-gore-tex-emerald-rise-sequoia\/#primaryimage\",\"url\":\"https:\/\/images.novelship.com\/product\/_women__nike_react_pegasus_trail_4_gore-tex__emera_0_91710.jpeg\",\"contentUrl\":\"https:\/\/images.novelship.com\/product\/_women__nike_react_pegasus_trail_4_gore-tex__emera_0_91710.jpeg\"},{\"@type\":\"BreadcrumbList\",\"@id\":\"https:\/\/tourcruiser.com\/fr\/products\/women-nike-react-pegasus-trail-4-gore-tex-emerald-rise-sequoia\/#breadcrumb\",\"itemListElement\":[{\"@type\":\"ListItem\",\"position\":1,\"name\":\"Home\",\"item\":\"https:\/\/tourcruiser.com\/fr\/\"},{\"@type\":\"ListItem\",\"position\":2,\"name\":\"Shop\",\"item\":\"https:\/\/tourcruiser.com\/fr\/shop\/\"},{\"@type\":\"ListItem\",\"position\":3,\"name\":\"(Women) Nike React Pegasus Trail 4 Gore-Tex 'Emerald Rise Sequoia'\"}]},{\"@type\":\"WebSite\",\"@id\":\"https:\/\/tourcruiser.com\/fr\/#website\",\"url\":\"https:\/\/tourcruiser.com\/fr\/\",\"name\":\"Styloral Jewelry Shop\",\"description\":\"Tourcruiser Sneaker Store \u2014 L\u2019endroit o\u00f9 l\u2019univers rencontre votre singularit\u00e9.\",\"publisher\":{\"@id\":\"https:\/\/tourcruiser.com\/fr\/#organization\"},\"potentialAction\":[{\"@type\":\"SearchAction\",\"target\":{\"@type\":\"EntryPoint\",\"urlTemplate\":\"https:\/\/tourcruiser.com\/fr\/?s={search_term_string}\"},\"query-input\":{\"@type\":\"PropertyValueSpecification\",\"valueRequired\":true,\"valueName\":\"search_term_string\"}}],\"inLanguage\":\"fr-FR\"},{\"@type\":\"Organization\",\"@id\":\"https:\/\/tourcruiser.com\/fr\/#organization\",\"name\":\"STYLORAL PTE. LTD\",\"url\":\"https:\/\/tourcruiser.com\/fr\/\",\"logo\":{\"@type\":\"ImageObject\",\"inLanguage\":\"fr-FR\",\"@id\":\"https:\/\/tourcruiser.com\/fr\/#\/schema\/logo\/image\/\",\"url\":\"https:\/\/www.tourcruiser.com\/wp-content\/uploads\/2025\/12\/logo.png\",\"contentUrl\":\"https:\/\/www.tourcruiser.com\/wp-content\/uploads\/2025\/12\/logo.png\",\"width\":200,\"height\":65,\"caption\":\"STYLORAL PTE. LTD\"},\"image\":{\"@id\":\"https:\/\/tourcruiser.com\/fr\/#\/schema\/logo\/image\/\"}}]}<\/script>\n<!-- \/ Yoast SEO plugin. -->","yoast_head_json":{"title":"(Women) Nike React Pegasus Trail 4 Gore-Tex 'Emerald Rise Sequoia' - TOURCRUISER PTE. LTD","robots":{"index":"index","follow":"follow","max-snippet":"max-snippet:-1","max-image-preview":"max-image-preview:large","max-video-preview":"max-video-preview:-1"},"canonical":"https:\/\/tourcruiser.com\/fr\/products\/women-nike-react-pegasus-trail-4-gore-tex-emerald-rise-sequoia\/","og_locale":"fr_FR","og_type":"article","og_title":"(Women) Nike React Pegasus Trail 4 Gore-Tex 'Emerald Rise Sequoia' - TOURCRUISER PTE. LTD","og_description":"Nike React Pegasus Trail 4 Gore-Tex \u201d\u201d Emerald Rise\/Amber Brown\/Ember Glow\/Sequoia","og_url":"https:\/\/tourcruiser.com\/fr\/products\/women-nike-react-pegasus-trail-4-gore-tex-emerald-rise-sequoia\/","og_site_name":"Tourcruiser Sneaker Store","article_modified_time":"2026-03-21T04:09:17+00:00","twitter_card":"summary_large_image","twitter_image":"https:\/\/images.novelship.com\/product\/_women__nike_react_pegasus_trail_4_gore-tex__emera_0_91710.jpeg","twitter_misc":{"Dur\u00e9e de lecture estim\u00e9e":"1 minute"},"schema":{"@context":"https:\/\/schema.org","@graph":[{"@type":"WebPage","@id":"https:\/\/tourcruiser.com\/fr\/products\/women-nike-react-pegasus-trail-4-gore-tex-emerald-rise-sequoia\/","url":"https:\/\/tourcruiser.com\/fr\/products\/women-nike-react-pegasus-trail-4-gore-tex-emerald-rise-sequoia\/","name":"(Women) Nike React Pegasus Trail 4 Gore-Tex 'Emerald Rise Sequoia' - TOURCRUISER PTE. LTD","isPartOf":{"@id":"https:\/\/tourcruiser.com\/fr\/#website"},"primaryImageOfPage":{"@id":"https:\/\/tourcruiser.com\/fr\/products\/women-nike-react-pegasus-trail-4-gore-tex-emerald-rise-sequoia\/#primaryimage"},"image":{"@id":"https:\/\/tourcruiser.com\/fr\/products\/women-nike-react-pegasus-trail-4-gore-tex-emerald-rise-sequoia\/#primaryimage"},"thumbnailUrl":"https:\/\/images.novelship.com\/product\/_women__nike_react_pegasus_trail_4_gore-tex__emera_0_91710.jpeg","datePublished":"2026-03-02T08:05:40+00:00","dateModified":"2026-03-21T04:09:17+00:00","breadcrumb":{"@id":"https:\/\/tourcruiser.com\/fr\/products\/women-nike-react-pegasus-trail-4-gore-tex-emerald-rise-sequoia\/#breadcrumb"},"inLanguage":"fr-FR","potentialAction":[{"@type":"ReadAction","target":["https:\/\/tourcruiser.com\/fr\/products\/women-nike-react-pegasus-trail-4-gore-tex-emerald-rise-sequoia\/"]}]},{"@type":"ImageObject","inLanguage":"fr-FR","@id":"https:\/\/tourcruiser.com\/fr\/products\/women-nike-react-pegasus-trail-4-gore-tex-emerald-rise-sequoia\/#primaryimage","url":"https:\/\/images.novelship.com\/product\/_women__nike_react_pegasus_trail_4_gore-tex__emera_0_91710.jpeg","contentUrl":"https:\/\/images.novelship.com\/product\/_women__nike_react_pegasus_trail_4_gore-tex__emera_0_91710.jpeg"},{"@type":"BreadcrumbList","@id":"https:\/\/tourcruiser.com\/fr\/products\/women-nike-react-pegasus-trail-4-gore-tex-emerald-rise-sequoia\/#breadcrumb","itemListElement":[{"@type":"ListItem","position":1,"name":"Home","item":"https:\/\/tourcruiser.com\/fr\/"},{"@type":"ListItem","position":2,"name":"Shop","item":"https:\/\/tourcruiser.com\/fr\/shop\/"},{"@type":"ListItem","position":3,"name":"(Women) Nike React Pegasus Trail 4 Gore-Tex 'Emerald Rise Sequoia'"}]},{"@type":"WebSite","@id":"https:\/\/tourcruiser.com\/fr\/#website","url":"https:\/\/tourcruiser.com\/fr\/","name":"Styloral Jewelry Shop","description":"Tourcruiser Sneaker Store \u2014 L\u2019endroit o\u00f9 l\u2019univers rencontre votre singularit\u00e9.","publisher":{"@id":"https:\/\/tourcruiser.com\/fr\/#organization"},"potentialAction":[{"@type":"SearchAction","target":{"@type":"EntryPoint","urlTemplate":"https:\/\/tourcruiser.com\/fr\/?s={search_term_string}"},"query-input":{"@type":"PropertyValueSpecification","valueRequired":true,"valueName":"search_term_string"}}],"inLanguage":"fr-FR"},{"@type":"Organization","@id":"https:\/\/tourcruiser.com\/fr\/#organization","name":"STYLORAL PTE. LTD","url":"https:\/\/tourcruiser.com\/fr\/","logo":{"@type":"ImageObject","inLanguage":"fr-FR","@id":"https:\/\/tourcruiser.com\/fr\/#\/schema\/logo\/image\/","url":"https:\/\/www.tourcruiser.com\/wp-content\/uploads\/2025\/12\/logo.png","contentUrl":"https:\/\/www.tourcruiser.com\/wp-content\/uploads\/2025\/12\/logo.png","width":200,"height":65,"caption":"STYLORAL PTE. LTD"},"image":{"@id":"https:\/\/tourcruiser.com\/fr\/#\/schema\/logo\/image\/"}}]}},"_links":{"self":[{"href":"https:\/\/tourcruiser.com\/fr\/wp-json\/wp\/v2\/product\/48329","targetHints":{"allow":["GET"]}}],"collection":[{"href":"https:\/\/tourcruiser.com\/fr\/wp-json\/wp\/v2\/product"}],"about":[{"href":"https:\/\/tourcruiser.com\/fr\/wp-json\/wp\/v2\/types\/product"}],"replies":[{"embeddable":true,"href":"https:\/\/tourcruiser.com\/fr\/wp-json\/wp\/v2\/comments?post=48329"}],"wp:featuredmedia":[{"embeddable":true,"href":"https:\/\/tourcruiser.com\/fr\/wp-json\/wp\/v2\/media\/48330"}],"wp:attachment":[{"href":"https:\/\/tourcruiser.com\/fr\/wp-json\/wp\/v2\/media?parent=48329"}],"wp:term":[{"taxonomy":"product_brand","embeddable":true,"href":"https:\/\/tourcruiser.com\/fr\/wp-json\/wp\/v2\/product_brand?post=48329"},{"taxonomy":"product_cat","embeddable":true,"href":"https:\/\/tourcruiser.com\/fr\/wp-json\/wp\/v2\/product_cat?post=48329"},{"taxonomy":"product_tag","embeddable":true,"href":"https:\/\/tourcruiser.com\/fr\/wp-json\/wp\/v2\/product_tag?post=48329"}],"curies":[{"name":"wp","href":"https:\/\/api.w.org\/{rel}","templated":true}]}}