{"id":48216,"date":"2026-03-02T15:05:32","date_gmt":"2026-03-02T08:05:32","guid":{"rendered":"http:\/\/tourcruiser.com\/product\/cp-company-x-adidas-wimberly-spzl-sand-bliss"},"modified":"2026-03-14T18:29:06","modified_gmt":"2026-03-14T11:29:06","slug":"cp-company-x-adidas-wimberly-spzl-sand-bliss","status":"publish","type":"product","link":"https:\/\/tourcruiser.com\/fr\/products\/cp-company-x-adidas-wimberly-spzl-sand-bliss\/","title":{"rendered":"C.P. Company x adidas Wimberly SPZL &lsquo;Sand Bliss&rsquo;"},"content":{"rendered":"<p>La C.P. Company x adidas Wimberly SPZL \u00ab Sand Bliss \u00bb IH3299 est une fusion moderne de tradition et d&rsquo;innovation. Elle associe l&rsquo;esth\u00e9tique streetwear embl\u00e9matique de C.P. Company \u00e0 l&rsquo;esprit design inspir\u00e9 des archives d&rsquo;adidas Spezial. Cette collaboration exclusive pr\u00e9sente une empeigne en daim premium couleur sable, des d\u00e9tails subtils issus du co-branding et des finitions fonctionnelles qui marient \u00e0 la perfection confort urbain et style intemporel. Sa silhouette \u00e9l\u00e9gante est compl\u00e9t\u00e9e par une semelle ext\u00e9rieure en caoutchouc l\u00e9ger pour une adh\u00e9rence et un confort optimaux, rendant la chaussure aussi polyvalente au quotidien qu&rsquo;avec des tenues tendance. Cette \u00e9dition limit\u00e9e a \u00e9t\u00e9 con\u00e7ue pour les passionn\u00e9s de sneakers du monde entier qui appr\u00e9cient le savoir-faire, l&rsquo;authenticit\u00e9 et le luxe discret. Il red\u00e9finit la culture sneaker en rendant hommage aux influences classiques du design tout en r\u00e9pondant aux exigences modernes.<\/p>\n","protected":false},"excerpt":{"rendered":"<p>adidas Spezial Wimberly \u201d\u201d Sand\/Cloud White\/Bliss<\/p>\n","protected":false},"featured_media":48217,"comment_status":"open","ping_status":"closed","template":"","meta":[],"product_brand":[],"product_cat":[10760],"product_tag":[10759,10750,10754,11460],"class_list":{"0":"post-48216","1":"product","2":"type-product","3":"status-publish","4":"has-post-thumbnail","6":"product_cat-adidas","7":"product_tag-adidas","8":"product_tag-athleisure-shoes","9":"product_tag-lifestyle-casual-shoes","10":"product_tag-lifestyle-shoes-casual","11":"wcpa_has_options","13":"first","14":"instock","15":"taxable","16":"shipping-taxable","17":"purchasable","18":"product-type-simple"},"wcpa_form_fields":{"rules":{"pric_overide_base_price":false,"pric_overide_base_price_if_gt_zero":false,"pric_overide_base_price_fully":false,"pric_cal_option_once":false,"pric_use_as_fee":false,"bind_quantity":false,"quantity_bind_formula":false},"fields":[{"type":"color-group","required":true,"elementId":"wcpa-color-group-66c4a7f817afe","label":"Taille","inline":true,"priceOptions":"different_for_all","pricingType":"fixed","className":"hassizechart product-shoes-size-eu product-shoes-size","name":"color-group-66c4a7f817b18","disp_type":"square","selection_type":"tick-border","disp_size":"50","show_label_inside":true,"adjust_width":true,"cart_display_type":"text","other_text":"Other","cl_rule":"show","col":6,"values":[{"label":"35","value":"EU 35","price":"","pimage":"","pimage_id":"","pthumb":"","color":""},{"label":"35.5","value":"EU 35.5","price":"","pimage":"","pimage_id":"","pthumb":"","color":""},{"label":"36","value":"EU 36","price":"","pimage":"","pimage_id":"","pthumb":"","color":"","selected":true},{"label":"36 2\/3","value":"EU 36 2\/3","price":"","pimage":"","pimage_id":"","pthumb":"","color":""},{"label":"37 1\/3","value":"EU 37 1\/3","price":"","pimage":"","pimage_id":"","pthumb":"","color":""},{"label":"38","value":"EU 38","price":"","pimage":"","pimage_id":"","pthumb":"","color":""},{"label":"38 2\/3","value":"EU 38 2\/3","price":"","pimage":"","pimage_id":"","pthumb":"","color":""},{"label":"39 1\/3","value":"EU 39 1\/3","price":"","pimage":"","pimage_id":"","pthumb":"","color":""},{"label":"40","value":"EU 40","price":"","pimage":"","pimage_id":"","pthumb":"","color":""},{"label":"40 2\/3","value":"EU 40 2\/3","price":"","pimage":"","pimage_id":"","pthumb":"","color":""},{"label":"41 1\/3","value":"EU 41 1\/3","price":"","pimage":"","pimage_id":"","pthumb":"","color":""},{"label":"42","value":"EU 42","price":"","pimage":"","pimage_id":"","pthumb":"","color":""},{"label":"42 2\/3","value":"EU 42 2\/3","price":"","pimage":"","pimage_id":"","pthumb":"","color":""},{"label":"43 1\/3","value":"EU 43 1\/3","price":"","pimage":"","pimage_id":"","pthumb":"","color":""},{"label":"44","value":"EU 44","price":"","pimage":"","pimage_id":"","pthumb":"","color":""},{"label":"44 2\/3","value":"EU 44 2\/3","price":"","pimage":"","pimage_id":"","pthumb":"","color":""},{"label":"45 1\/3","value":"EU 45 1\/3","price":"","pimage":"","pimage_id":"","pthumb":"","color":""},{"label":"46","value":"EU 46","price":"","pimage":"","pimage_id":"","pthumb":"","color":""},{"label":"46 2\/3","value":"EU 46 2\/3","price":"","pimage":"","pimage_id":"","pthumb":"","color":""},{"label":"47 1\/3","value":"EU 47 1\/3","price":"","pimage":"","pimage_id":"","pthumb":"","color":""}],"relations":[{"operator":false,"rules":[]}],"form_id":24802,"form_rules":{"pric_cal_option_once":false,"exclude_from_discount":false,"pric_use_as_fee":false,"fee_label":"Fee","render_after_acb":false,"disp_hide_options_price":false}}]},"yoast_head":"<!-- This site is optimized with the Yoast SEO plugin v26.5 - https:\/\/yoast.com\/wordpress\/plugins\/seo\/ -->\n<title>C.P. Company x adidas Wimberly SPZL &#039;Sand Bliss&#039; - TOURCRUISER PTE. LTD<\/title>\n<meta name=\"robots\" content=\"index, follow, max-snippet:-1, max-image-preview:large, max-video-preview:-1\" \/>\n<link rel=\"canonical\" href=\"https:\/\/tourcruiser.com\/fr\/products\/cp-company-x-adidas-wimberly-spzl-sand-bliss\/\" \/>\n<meta property=\"og:locale\" content=\"fr_FR\" \/>\n<meta property=\"og:type\" content=\"article\" \/>\n<meta property=\"og:title\" content=\"C.P. Company x adidas Wimberly SPZL &#039;Sand Bliss&#039; - TOURCRUISER PTE. LTD\" \/>\n<meta property=\"og:description\" content=\"adidas Spezial Wimberly \u201d\u201d Sand\/Cloud White\/Bliss\" \/>\n<meta property=\"og:url\" content=\"https:\/\/tourcruiser.com\/fr\/products\/cp-company-x-adidas-wimberly-spzl-sand-bliss\/\" \/>\n<meta property=\"og:site_name\" content=\"Tourcruiser Sneaker Store\" \/>\n<meta property=\"article:modified_time\" content=\"2026-03-14T11:29:06+00:00\" \/>\n<meta name=\"twitter:card\" content=\"summary_large_image\" \/>\n<meta name=\"twitter:image\" content=\"https:\/\/images.novelship.com\/product\/c_p__company_x_adidas_wimberly_spzl__sand_bliss__i_0_29442.jpeg\" \/>\n<meta name=\"twitter:label1\" content=\"Dur\u00e9e de lecture estim\u00e9e\" \/>\n\t<meta name=\"twitter:data1\" content=\"1 minute\" \/>\n<script type=\"application\/ld+json\" class=\"yoast-schema-graph\">{\"@context\":\"https:\/\/schema.org\",\"@graph\":[{\"@type\":\"WebPage\",\"@id\":\"https:\/\/tourcruiser.com\/fr\/products\/cp-company-x-adidas-wimberly-spzl-sand-bliss\/\",\"url\":\"https:\/\/tourcruiser.com\/fr\/products\/cp-company-x-adidas-wimberly-spzl-sand-bliss\/\",\"name\":\"C.P. Company x adidas Wimberly SPZL 'Sand Bliss' - TOURCRUISER PTE. LTD\",\"isPartOf\":{\"@id\":\"https:\/\/tourcruiser.com\/fr\/#website\"},\"primaryImageOfPage\":{\"@id\":\"https:\/\/tourcruiser.com\/fr\/products\/cp-company-x-adidas-wimberly-spzl-sand-bliss\/#primaryimage\"},\"image\":{\"@id\":\"https:\/\/tourcruiser.com\/fr\/products\/cp-company-x-adidas-wimberly-spzl-sand-bliss\/#primaryimage\"},\"thumbnailUrl\":\"https:\/\/images.novelship.com\/product\/c_p__company_x_adidas_wimberly_spzl__sand_bliss__i_0_29442.jpeg\",\"datePublished\":\"2026-03-02T08:05:32+00:00\",\"dateModified\":\"2026-03-14T11:29:06+00:00\",\"breadcrumb\":{\"@id\":\"https:\/\/tourcruiser.com\/fr\/products\/cp-company-x-adidas-wimberly-spzl-sand-bliss\/#breadcrumb\"},\"inLanguage\":\"fr-FR\",\"potentialAction\":[{\"@type\":\"ReadAction\",\"target\":[\"https:\/\/tourcruiser.com\/fr\/products\/cp-company-x-adidas-wimberly-spzl-sand-bliss\/\"]}]},{\"@type\":\"ImageObject\",\"inLanguage\":\"fr-FR\",\"@id\":\"https:\/\/tourcruiser.com\/fr\/products\/cp-company-x-adidas-wimberly-spzl-sand-bliss\/#primaryimage\",\"url\":\"https:\/\/images.novelship.com\/product\/c_p__company_x_adidas_wimberly_spzl__sand_bliss__i_0_29442.jpeg\",\"contentUrl\":\"https:\/\/images.novelship.com\/product\/c_p__company_x_adidas_wimberly_spzl__sand_bliss__i_0_29442.jpeg\"},{\"@type\":\"BreadcrumbList\",\"@id\":\"https:\/\/tourcruiser.com\/fr\/products\/cp-company-x-adidas-wimberly-spzl-sand-bliss\/#breadcrumb\",\"itemListElement\":[{\"@type\":\"ListItem\",\"position\":1,\"name\":\"Home\",\"item\":\"https:\/\/tourcruiser.com\/fr\/\"},{\"@type\":\"ListItem\",\"position\":2,\"name\":\"Shop\",\"item\":\"https:\/\/tourcruiser.com\/fr\/shop\/\"},{\"@type\":\"ListItem\",\"position\":3,\"name\":\"C.P. Company x adidas Wimberly SPZL 'Sand Bliss'\"}]},{\"@type\":\"WebSite\",\"@id\":\"https:\/\/tourcruiser.com\/fr\/#website\",\"url\":\"https:\/\/tourcruiser.com\/fr\/\",\"name\":\"Styloral Jewelry Shop\",\"description\":\"Tourcruiser Sneaker Store \u2014 L\u2019endroit o\u00f9 l\u2019univers rencontre votre singularit\u00e9.\",\"publisher\":{\"@id\":\"https:\/\/tourcruiser.com\/fr\/#organization\"},\"potentialAction\":[{\"@type\":\"SearchAction\",\"target\":{\"@type\":\"EntryPoint\",\"urlTemplate\":\"https:\/\/tourcruiser.com\/fr\/?s={search_term_string}\"},\"query-input\":{\"@type\":\"PropertyValueSpecification\",\"valueRequired\":true,\"valueName\":\"search_term_string\"}}],\"inLanguage\":\"fr-FR\"},{\"@type\":\"Organization\",\"@id\":\"https:\/\/tourcruiser.com\/fr\/#organization\",\"name\":\"STYLORAL PTE. LTD\",\"url\":\"https:\/\/tourcruiser.com\/fr\/\",\"logo\":{\"@type\":\"ImageObject\",\"inLanguage\":\"fr-FR\",\"@id\":\"https:\/\/tourcruiser.com\/fr\/#\/schema\/logo\/image\/\",\"url\":\"https:\/\/www.tourcruiser.com\/wp-content\/uploads\/2025\/12\/logo.png\",\"contentUrl\":\"https:\/\/www.tourcruiser.com\/wp-content\/uploads\/2025\/12\/logo.png\",\"width\":200,\"height\":65,\"caption\":\"STYLORAL PTE. LTD\"},\"image\":{\"@id\":\"https:\/\/tourcruiser.com\/fr\/#\/schema\/logo\/image\/\"}}]}<\/script>\n<!-- \/ Yoast SEO plugin. -->","yoast_head_json":{"title":"C.P. Company x adidas Wimberly SPZL 'Sand Bliss' - TOURCRUISER PTE. LTD","robots":{"index":"index","follow":"follow","max-snippet":"max-snippet:-1","max-image-preview":"max-image-preview:large","max-video-preview":"max-video-preview:-1"},"canonical":"https:\/\/tourcruiser.com\/fr\/products\/cp-company-x-adidas-wimberly-spzl-sand-bliss\/","og_locale":"fr_FR","og_type":"article","og_title":"C.P. Company x adidas Wimberly SPZL 'Sand Bliss' - TOURCRUISER PTE. LTD","og_description":"adidas Spezial Wimberly \u201d\u201d Sand\/Cloud White\/Bliss","og_url":"https:\/\/tourcruiser.com\/fr\/products\/cp-company-x-adidas-wimberly-spzl-sand-bliss\/","og_site_name":"Tourcruiser Sneaker Store","article_modified_time":"2026-03-14T11:29:06+00:00","twitter_card":"summary_large_image","twitter_image":"https:\/\/images.novelship.com\/product\/c_p__company_x_adidas_wimberly_spzl__sand_bliss__i_0_29442.jpeg","twitter_misc":{"Dur\u00e9e de lecture estim\u00e9e":"1 minute"},"schema":{"@context":"https:\/\/schema.org","@graph":[{"@type":"WebPage","@id":"https:\/\/tourcruiser.com\/fr\/products\/cp-company-x-adidas-wimberly-spzl-sand-bliss\/","url":"https:\/\/tourcruiser.com\/fr\/products\/cp-company-x-adidas-wimberly-spzl-sand-bliss\/","name":"C.P. Company x adidas Wimberly SPZL 'Sand Bliss' - TOURCRUISER PTE. LTD","isPartOf":{"@id":"https:\/\/tourcruiser.com\/fr\/#website"},"primaryImageOfPage":{"@id":"https:\/\/tourcruiser.com\/fr\/products\/cp-company-x-adidas-wimberly-spzl-sand-bliss\/#primaryimage"},"image":{"@id":"https:\/\/tourcruiser.com\/fr\/products\/cp-company-x-adidas-wimberly-spzl-sand-bliss\/#primaryimage"},"thumbnailUrl":"https:\/\/images.novelship.com\/product\/c_p__company_x_adidas_wimberly_spzl__sand_bliss__i_0_29442.jpeg","datePublished":"2026-03-02T08:05:32+00:00","dateModified":"2026-03-14T11:29:06+00:00","breadcrumb":{"@id":"https:\/\/tourcruiser.com\/fr\/products\/cp-company-x-adidas-wimberly-spzl-sand-bliss\/#breadcrumb"},"inLanguage":"fr-FR","potentialAction":[{"@type":"ReadAction","target":["https:\/\/tourcruiser.com\/fr\/products\/cp-company-x-adidas-wimberly-spzl-sand-bliss\/"]}]},{"@type":"ImageObject","inLanguage":"fr-FR","@id":"https:\/\/tourcruiser.com\/fr\/products\/cp-company-x-adidas-wimberly-spzl-sand-bliss\/#primaryimage","url":"https:\/\/images.novelship.com\/product\/c_p__company_x_adidas_wimberly_spzl__sand_bliss__i_0_29442.jpeg","contentUrl":"https:\/\/images.novelship.com\/product\/c_p__company_x_adidas_wimberly_spzl__sand_bliss__i_0_29442.jpeg"},{"@type":"BreadcrumbList","@id":"https:\/\/tourcruiser.com\/fr\/products\/cp-company-x-adidas-wimberly-spzl-sand-bliss\/#breadcrumb","itemListElement":[{"@type":"ListItem","position":1,"name":"Home","item":"https:\/\/tourcruiser.com\/fr\/"},{"@type":"ListItem","position":2,"name":"Shop","item":"https:\/\/tourcruiser.com\/fr\/shop\/"},{"@type":"ListItem","position":3,"name":"C.P. Company x adidas Wimberly SPZL 'Sand Bliss'"}]},{"@type":"WebSite","@id":"https:\/\/tourcruiser.com\/fr\/#website","url":"https:\/\/tourcruiser.com\/fr\/","name":"Styloral Jewelry Shop","description":"Tourcruiser Sneaker Store \u2014 L\u2019endroit o\u00f9 l\u2019univers rencontre votre singularit\u00e9.","publisher":{"@id":"https:\/\/tourcruiser.com\/fr\/#organization"},"potentialAction":[{"@type":"SearchAction","target":{"@type":"EntryPoint","urlTemplate":"https:\/\/tourcruiser.com\/fr\/?s={search_term_string}"},"query-input":{"@type":"PropertyValueSpecification","valueRequired":true,"valueName":"search_term_string"}}],"inLanguage":"fr-FR"},{"@type":"Organization","@id":"https:\/\/tourcruiser.com\/fr\/#organization","name":"STYLORAL PTE. LTD","url":"https:\/\/tourcruiser.com\/fr\/","logo":{"@type":"ImageObject","inLanguage":"fr-FR","@id":"https:\/\/tourcruiser.com\/fr\/#\/schema\/logo\/image\/","url":"https:\/\/www.tourcruiser.com\/wp-content\/uploads\/2025\/12\/logo.png","contentUrl":"https:\/\/www.tourcruiser.com\/wp-content\/uploads\/2025\/12\/logo.png","width":200,"height":65,"caption":"STYLORAL PTE. LTD"},"image":{"@id":"https:\/\/tourcruiser.com\/fr\/#\/schema\/logo\/image\/"}}]}},"_links":{"self":[{"href":"https:\/\/tourcruiser.com\/fr\/wp-json\/wp\/v2\/product\/48216","targetHints":{"allow":["GET"]}}],"collection":[{"href":"https:\/\/tourcruiser.com\/fr\/wp-json\/wp\/v2\/product"}],"about":[{"href":"https:\/\/tourcruiser.com\/fr\/wp-json\/wp\/v2\/types\/product"}],"replies":[{"embeddable":true,"href":"https:\/\/tourcruiser.com\/fr\/wp-json\/wp\/v2\/comments?post=48216"}],"wp:featuredmedia":[{"embeddable":true,"href":"https:\/\/tourcruiser.com\/fr\/wp-json\/wp\/v2\/media\/48217"}],"wp:attachment":[{"href":"https:\/\/tourcruiser.com\/fr\/wp-json\/wp\/v2\/media?parent=48216"}],"wp:term":[{"taxonomy":"product_brand","embeddable":true,"href":"https:\/\/tourcruiser.com\/fr\/wp-json\/wp\/v2\/product_brand?post=48216"},{"taxonomy":"product_cat","embeddable":true,"href":"https:\/\/tourcruiser.com\/fr\/wp-json\/wp\/v2\/product_cat?post=48216"},{"taxonomy":"product_tag","embeddable":true,"href":"https:\/\/tourcruiser.com\/fr\/wp-json\/wp\/v2\/product_tag?post=48216"}],"curies":[{"name":"wp","href":"https:\/\/api.w.org\/{rel}","templated":true}]}}