{"id":48131,"date":"2026-03-02T15:05:24","date_gmt":"2026-03-02T08:05:24","guid":{"rendered":"http:\/\/tourcruiser.com\/product\/limited-edt-x-sbtg-x-new-balance-580-urban-islander-part-ii"},"modified":"2026-03-14T18:29:00","modified_gmt":"2026-03-14T11:29:00","slug":"limited-edt-x-sbtg-x-new-balance-580-urban-islander-part-ii","status":"publish","type":"product","link":"https:\/\/tourcruiser.com\/fr\/products\/limited-edt-x-sbtg-x-new-balance-580-urban-islander-part-ii\/","title":{"rendered":"Limited Edt x SBTG x New Balance 580 &lsquo;Urban Islander Part II&rsquo;"},"content":{"rendered":"<p>D\u00e9couvrez la SBTG x New Balance 580 \u00ab\u00a0Urban Islander Part II\u00a0\u00bb MT580LT2, une \u00e9dition limit\u00e9e. Cette collaboration exclusive allie l&rsquo;esth\u00e9tique insulaire embl\u00e9matique de SBTG \u00e0 la silhouette classique de la New Balance 580. La sneaker arbore un m\u00e9lange vibrant de couleurs et de textures, notamment du cuir exotique et du daim premium. Limit\u00e9e \u00e0 100 paires dans le monde, cette pi\u00e8ce de collection pr\u00e9sente des d\u00e9tails uniques qui rendent hommage \u00e0 la culture urbaine de Singapour. Enrichissez votre collection de sneakers avec cette collaboration incontournable, fusion de modernit\u00e9 et de tradition. Code article\u00a0: MT580LT2 Tige\u00a0: Daim Semelle interm\u00e9diaire\u00a0: Abzor Couleur\u00a0: Beige Ann\u00e9e de sortie\u00a0: 2023<\/p>\n","protected":false},"excerpt":{"rendered":"<p>LTD Edt SBTG NB 580 &lsquo;Urban Islander Part II&rsquo;<\/p>\n","protected":false},"featured_media":48132,"comment_status":"open","ping_status":"closed","template":"","meta":[],"product_brand":[],"product_cat":[10771],"product_tag":[10750,10753,10754,10765,10766,10768,10758],"class_list":{"0":"post-48131","1":"product","2":"type-product","3":"status-publish","4":"has-post-thumbnail","6":"product_cat-new-balance","7":"product_tag-athleisure-shoes","8":"product_tag-gift-for-him","9":"product_tag-lifestyle-casual-shoes","10":"product_tag-lifestyle-shoes-running-inspired","11":"product_tag-new-balance","12":"product_tag-retro-running-shoes","13":"product_tag-under-retail","14":"wcpa_has_options","16":"first","17":"instock","18":"sale","19":"taxable","20":"shipping-taxable","21":"purchasable","22":"product-type-simple"},"wcpa_form_fields":{"rules":{"pric_overide_base_price":false,"pric_overide_base_price_if_gt_zero":false,"pric_overide_base_price_fully":false,"pric_cal_option_once":false,"pric_use_as_fee":false,"bind_quantity":false,"quantity_bind_formula":false},"fields":[{"type":"color-group","required":true,"elementId":"wcpa-color-group-66c4a928225d2","label":"Taille","inline":true,"priceOptions":"different_for_all","pricingType":"fixed","className":"hassizechart product-shoes-size-eu product-shoes-size","name":"color-group-66c4a928225e2","disp_type":"square","selection_type":"tick-border","disp_size":"50","show_label_inside":true,"adjust_width":true,"cart_display_type":"text","other_text":"Other","cl_rule":"show","col":6,"values":[{"label":"35","value":"EU 35","price":"","pimage":"","pimage_id":"","pthumb":"","color":""},{"label":"36","value":"EU 36","price":"","pimage":"","pimage_id":"","pthumb":"","color":"","selected":true},{"label":"37","value":"EU 37","price":"","pimage":"","pimage_id":"","pthumb":"","color":""},{"label":"37.5","value":"EU 37.5","price":"","pimage":"","pimage_id":"","pthumb":"","color":""},{"label":"38","value":"EU 38","price":"","pimage":"","pimage_id":"","pthumb":"","color":""},{"label":"38.5","value":"EU 38.5","price":"","pimage":"","pimage_id":"","pthumb":"","color":""},{"label":"39","value":"EU 39","price":"","pimage":"","pimage_id":"","pthumb":"","color":""},{"label":"39.5","value":"EU 39.5","price":"","pimage":"","pimage_id":"","pthumb":"","color":""},{"label":"40","value":"EU 40","price":"","pimage":"","pimage_id":"","pthumb":"","color":""},{"label":"40.5","value":"EU 40.5","price":"","pimage":"","pimage_id":"","pthumb":"","color":""},{"label":" 41.5","value":"EU 41.5","price":"","pimage":"","pimage_id":"","pthumb":"","color":""},{"label":"42","value":"EU 42","price":"","pimage":"","pimage_id":"","pthumb":"","color":""},{"label":"42.5","value":"EU 42.5","price":"","pimage":"","pimage_id":"","pthumb":"","color":""},{"label":"43","value":"EU 43","price":"","pimage":"","pimage_id":"","pthumb":"","color":""},{"label":"44","value":"EU 44","price":"","pimage":"","pimage_id":"","pthumb":"","color":""},{"label":"44.5","value":"EU 44.5","price":"","pimage":"","pimage_id":"","pthumb":"","color":""},{"label":"45","value":"EU 45","price":"","pimage":"","pimage_id":"","pthumb":"","color":""},{"label":"45.5","value":"EU 45.5","price":"","pimage":"","pimage_id":"","pthumb":"","color":""},{"label":"46","value":"EU 46","price":"","pimage":"","pimage_id":"","pthumb":"","color":""}],"relations":[{"operator":false,"rules":[]}],"form_id":24803,"form_rules":{"pric_cal_option_once":false,"exclude_from_discount":false,"pric_use_as_fee":false,"fee_label":"Fee","render_after_acb":false,"disp_hide_options_price":false}}]},"yoast_head":"<!-- This site is optimized with the Yoast SEO plugin v26.5 - https:\/\/yoast.com\/wordpress\/plugins\/seo\/ -->\n<title>Limited Edt x SBTG x New Balance 580 &#039;Urban Islander Part II&#039; - TOURCRUISER PTE. LTD<\/title>\n<meta name=\"robots\" content=\"index, follow, max-snippet:-1, max-image-preview:large, max-video-preview:-1\" \/>\n<link rel=\"canonical\" href=\"https:\/\/tourcruiser.com\/fr\/products\/limited-edt-x-sbtg-x-new-balance-580-urban-islander-part-ii\/\" \/>\n<meta property=\"og:locale\" content=\"fr_FR\" \/>\n<meta property=\"og:type\" content=\"article\" \/>\n<meta property=\"og:title\" content=\"Limited Edt x SBTG x New Balance 580 &#039;Urban Islander Part II&#039; - TOURCRUISER PTE. LTD\" \/>\n<meta property=\"og:description\" content=\"LTD Edt SBTG NB 580 &#039;Urban Islander Part II&#039;\" \/>\n<meta property=\"og:url\" content=\"https:\/\/tourcruiser.com\/fr\/products\/limited-edt-x-sbtg-x-new-balance-580-urban-islander-part-ii\/\" \/>\n<meta property=\"og:site_name\" content=\"Tourcruiser Sneaker Store\" \/>\n<meta property=\"article:modified_time\" content=\"2026-03-14T11:29:00+00:00\" \/>\n<meta name=\"twitter:card\" content=\"summary_large_image\" \/>\n<meta name=\"twitter:image\" content=\"https:\/\/images.novelship.com\/product\/limited_edt_x_sbtg_x_new_balance_580__urban_island_0_58761.jpeg\" \/>\n<meta name=\"twitter:label1\" content=\"Dur\u00e9e de lecture estim\u00e9e\" \/>\n\t<meta name=\"twitter:data1\" content=\"1 minute\" \/>\n<script type=\"application\/ld+json\" class=\"yoast-schema-graph\">{\"@context\":\"https:\/\/schema.org\",\"@graph\":[{\"@type\":\"WebPage\",\"@id\":\"https:\/\/tourcruiser.com\/fr\/products\/limited-edt-x-sbtg-x-new-balance-580-urban-islander-part-ii\/\",\"url\":\"https:\/\/tourcruiser.com\/fr\/products\/limited-edt-x-sbtg-x-new-balance-580-urban-islander-part-ii\/\",\"name\":\"Limited Edt x SBTG x New Balance 580 'Urban Islander Part II' - TOURCRUISER PTE. LTD\",\"isPartOf\":{\"@id\":\"https:\/\/tourcruiser.com\/fr\/#website\"},\"primaryImageOfPage\":{\"@id\":\"https:\/\/tourcruiser.com\/fr\/products\/limited-edt-x-sbtg-x-new-balance-580-urban-islander-part-ii\/#primaryimage\"},\"image\":{\"@id\":\"https:\/\/tourcruiser.com\/fr\/products\/limited-edt-x-sbtg-x-new-balance-580-urban-islander-part-ii\/#primaryimage\"},\"thumbnailUrl\":\"https:\/\/images.novelship.com\/product\/limited_edt_x_sbtg_x_new_balance_580__urban_island_0_58761.jpeg\",\"datePublished\":\"2026-03-02T08:05:24+00:00\",\"dateModified\":\"2026-03-14T11:29:00+00:00\",\"breadcrumb\":{\"@id\":\"https:\/\/tourcruiser.com\/fr\/products\/limited-edt-x-sbtg-x-new-balance-580-urban-islander-part-ii\/#breadcrumb\"},\"inLanguage\":\"fr-FR\",\"potentialAction\":[{\"@type\":\"ReadAction\",\"target\":[\"https:\/\/tourcruiser.com\/fr\/products\/limited-edt-x-sbtg-x-new-balance-580-urban-islander-part-ii\/\"]}]},{\"@type\":\"ImageObject\",\"inLanguage\":\"fr-FR\",\"@id\":\"https:\/\/tourcruiser.com\/fr\/products\/limited-edt-x-sbtg-x-new-balance-580-urban-islander-part-ii\/#primaryimage\",\"url\":\"https:\/\/images.novelship.com\/product\/limited_edt_x_sbtg_x_new_balance_580__urban_island_0_58761.jpeg\",\"contentUrl\":\"https:\/\/images.novelship.com\/product\/limited_edt_x_sbtg_x_new_balance_580__urban_island_0_58761.jpeg\"},{\"@type\":\"BreadcrumbList\",\"@id\":\"https:\/\/tourcruiser.com\/fr\/products\/limited-edt-x-sbtg-x-new-balance-580-urban-islander-part-ii\/#breadcrumb\",\"itemListElement\":[{\"@type\":\"ListItem\",\"position\":1,\"name\":\"Home\",\"item\":\"https:\/\/tourcruiser.com\/fr\/\"},{\"@type\":\"ListItem\",\"position\":2,\"name\":\"Shop\",\"item\":\"https:\/\/tourcruiser.com\/fr\/shop\/\"},{\"@type\":\"ListItem\",\"position\":3,\"name\":\"Limited Edt x SBTG x New Balance 580 'Urban Islander Part II'\"}]},{\"@type\":\"WebSite\",\"@id\":\"https:\/\/tourcruiser.com\/fr\/#website\",\"url\":\"https:\/\/tourcruiser.com\/fr\/\",\"name\":\"Styloral Jewelry Shop\",\"description\":\"Tourcruiser Sneaker Store \u2014 L\u2019endroit o\u00f9 l\u2019univers rencontre votre singularit\u00e9.\",\"publisher\":{\"@id\":\"https:\/\/tourcruiser.com\/fr\/#organization\"},\"potentialAction\":[{\"@type\":\"SearchAction\",\"target\":{\"@type\":\"EntryPoint\",\"urlTemplate\":\"https:\/\/tourcruiser.com\/fr\/?s={search_term_string}\"},\"query-input\":{\"@type\":\"PropertyValueSpecification\",\"valueRequired\":true,\"valueName\":\"search_term_string\"}}],\"inLanguage\":\"fr-FR\"},{\"@type\":\"Organization\",\"@id\":\"https:\/\/tourcruiser.com\/fr\/#organization\",\"name\":\"STYLORAL PTE. LTD\",\"url\":\"https:\/\/tourcruiser.com\/fr\/\",\"logo\":{\"@type\":\"ImageObject\",\"inLanguage\":\"fr-FR\",\"@id\":\"https:\/\/tourcruiser.com\/fr\/#\/schema\/logo\/image\/\",\"url\":\"https:\/\/www.tourcruiser.com\/wp-content\/uploads\/2025\/12\/logo.png\",\"contentUrl\":\"https:\/\/www.tourcruiser.com\/wp-content\/uploads\/2025\/12\/logo.png\",\"width\":200,\"height\":65,\"caption\":\"STYLORAL PTE. LTD\"},\"image\":{\"@id\":\"https:\/\/tourcruiser.com\/fr\/#\/schema\/logo\/image\/\"}}]}<\/script>\n<!-- \/ Yoast SEO plugin. -->","yoast_head_json":{"title":"Limited Edt x SBTG x New Balance 580 'Urban Islander Part II' - TOURCRUISER PTE. LTD","robots":{"index":"index","follow":"follow","max-snippet":"max-snippet:-1","max-image-preview":"max-image-preview:large","max-video-preview":"max-video-preview:-1"},"canonical":"https:\/\/tourcruiser.com\/fr\/products\/limited-edt-x-sbtg-x-new-balance-580-urban-islander-part-ii\/","og_locale":"fr_FR","og_type":"article","og_title":"Limited Edt x SBTG x New Balance 580 'Urban Islander Part II' - TOURCRUISER PTE. LTD","og_description":"LTD Edt SBTG NB 580 'Urban Islander Part II'","og_url":"https:\/\/tourcruiser.com\/fr\/products\/limited-edt-x-sbtg-x-new-balance-580-urban-islander-part-ii\/","og_site_name":"Tourcruiser Sneaker Store","article_modified_time":"2026-03-14T11:29:00+00:00","twitter_card":"summary_large_image","twitter_image":"https:\/\/images.novelship.com\/product\/limited_edt_x_sbtg_x_new_balance_580__urban_island_0_58761.jpeg","twitter_misc":{"Dur\u00e9e de lecture estim\u00e9e":"1 minute"},"schema":{"@context":"https:\/\/schema.org","@graph":[{"@type":"WebPage","@id":"https:\/\/tourcruiser.com\/fr\/products\/limited-edt-x-sbtg-x-new-balance-580-urban-islander-part-ii\/","url":"https:\/\/tourcruiser.com\/fr\/products\/limited-edt-x-sbtg-x-new-balance-580-urban-islander-part-ii\/","name":"Limited Edt x SBTG x New Balance 580 'Urban Islander Part II' - TOURCRUISER PTE. LTD","isPartOf":{"@id":"https:\/\/tourcruiser.com\/fr\/#website"},"primaryImageOfPage":{"@id":"https:\/\/tourcruiser.com\/fr\/products\/limited-edt-x-sbtg-x-new-balance-580-urban-islander-part-ii\/#primaryimage"},"image":{"@id":"https:\/\/tourcruiser.com\/fr\/products\/limited-edt-x-sbtg-x-new-balance-580-urban-islander-part-ii\/#primaryimage"},"thumbnailUrl":"https:\/\/images.novelship.com\/product\/limited_edt_x_sbtg_x_new_balance_580__urban_island_0_58761.jpeg","datePublished":"2026-03-02T08:05:24+00:00","dateModified":"2026-03-14T11:29:00+00:00","breadcrumb":{"@id":"https:\/\/tourcruiser.com\/fr\/products\/limited-edt-x-sbtg-x-new-balance-580-urban-islander-part-ii\/#breadcrumb"},"inLanguage":"fr-FR","potentialAction":[{"@type":"ReadAction","target":["https:\/\/tourcruiser.com\/fr\/products\/limited-edt-x-sbtg-x-new-balance-580-urban-islander-part-ii\/"]}]},{"@type":"ImageObject","inLanguage":"fr-FR","@id":"https:\/\/tourcruiser.com\/fr\/products\/limited-edt-x-sbtg-x-new-balance-580-urban-islander-part-ii\/#primaryimage","url":"https:\/\/images.novelship.com\/product\/limited_edt_x_sbtg_x_new_balance_580__urban_island_0_58761.jpeg","contentUrl":"https:\/\/images.novelship.com\/product\/limited_edt_x_sbtg_x_new_balance_580__urban_island_0_58761.jpeg"},{"@type":"BreadcrumbList","@id":"https:\/\/tourcruiser.com\/fr\/products\/limited-edt-x-sbtg-x-new-balance-580-urban-islander-part-ii\/#breadcrumb","itemListElement":[{"@type":"ListItem","position":1,"name":"Home","item":"https:\/\/tourcruiser.com\/fr\/"},{"@type":"ListItem","position":2,"name":"Shop","item":"https:\/\/tourcruiser.com\/fr\/shop\/"},{"@type":"ListItem","position":3,"name":"Limited Edt x SBTG x New Balance 580 'Urban Islander Part II'"}]},{"@type":"WebSite","@id":"https:\/\/tourcruiser.com\/fr\/#website","url":"https:\/\/tourcruiser.com\/fr\/","name":"Styloral Jewelry Shop","description":"Tourcruiser Sneaker Store \u2014 L\u2019endroit o\u00f9 l\u2019univers rencontre votre singularit\u00e9.","publisher":{"@id":"https:\/\/tourcruiser.com\/fr\/#organization"},"potentialAction":[{"@type":"SearchAction","target":{"@type":"EntryPoint","urlTemplate":"https:\/\/tourcruiser.com\/fr\/?s={search_term_string}"},"query-input":{"@type":"PropertyValueSpecification","valueRequired":true,"valueName":"search_term_string"}}],"inLanguage":"fr-FR"},{"@type":"Organization","@id":"https:\/\/tourcruiser.com\/fr\/#organization","name":"STYLORAL PTE. LTD","url":"https:\/\/tourcruiser.com\/fr\/","logo":{"@type":"ImageObject","inLanguage":"fr-FR","@id":"https:\/\/tourcruiser.com\/fr\/#\/schema\/logo\/image\/","url":"https:\/\/www.tourcruiser.com\/wp-content\/uploads\/2025\/12\/logo.png","contentUrl":"https:\/\/www.tourcruiser.com\/wp-content\/uploads\/2025\/12\/logo.png","width":200,"height":65,"caption":"STYLORAL PTE. LTD"},"image":{"@id":"https:\/\/tourcruiser.com\/fr\/#\/schema\/logo\/image\/"}}]}},"_links":{"self":[{"href":"https:\/\/tourcruiser.com\/fr\/wp-json\/wp\/v2\/product\/48131","targetHints":{"allow":["GET"]}}],"collection":[{"href":"https:\/\/tourcruiser.com\/fr\/wp-json\/wp\/v2\/product"}],"about":[{"href":"https:\/\/tourcruiser.com\/fr\/wp-json\/wp\/v2\/types\/product"}],"replies":[{"embeddable":true,"href":"https:\/\/tourcruiser.com\/fr\/wp-json\/wp\/v2\/comments?post=48131"}],"wp:featuredmedia":[{"embeddable":true,"href":"https:\/\/tourcruiser.com\/fr\/wp-json\/wp\/v2\/media\/48132"}],"wp:attachment":[{"href":"https:\/\/tourcruiser.com\/fr\/wp-json\/wp\/v2\/media?parent=48131"}],"wp:term":[{"taxonomy":"product_brand","embeddable":true,"href":"https:\/\/tourcruiser.com\/fr\/wp-json\/wp\/v2\/product_brand?post=48131"},{"taxonomy":"product_cat","embeddable":true,"href":"https:\/\/tourcruiser.com\/fr\/wp-json\/wp\/v2\/product_cat?post=48131"},{"taxonomy":"product_tag","embeddable":true,"href":"https:\/\/tourcruiser.com\/fr\/wp-json\/wp\/v2\/product_tag?post=48131"}],"curies":[{"name":"wp","href":"https:\/\/api.w.org\/{rel}","templated":true}]}}