{"id":4791,"date":"2025-12-25T12:57:09","date_gmt":"2025-12-25T05:57:09","guid":{"rendered":"https:\/\/tourcruiser.com\/product\/unique-birthstone-two-stone-ring-mother-daughter-ring-unique-family-birthstone-ring-spouse-dual-birthstone-ring-toi-et-moi-ring-for-gift\/"},"modified":"2026-03-14T17:34:33","modified_gmt":"2026-03-14T10:34:33","slug":"unique-birthstone-two-stone-ring-mother-daughter-ring-unique-family-birthstone-ring-spouse-dual-birthstone-ring-toi-et-moi-ring-for-gift","status":"publish","type":"product","link":"https:\/\/tourcruiser.com\/fr\/products\/unique-birthstone-two-stone-ring-mother-daughter-ring-unique-family-birthstone-ring-spouse-dual-birthstone-ring-toi-et-moi-ring-for-gift\/","title":{"rendered":"Unique Birthstone Two Stone Ring Mother Daughter Ring, Unique Family Birthstone Ring, Spouse Dual Birthstone Ring, Toi Et Moi Ring For Gift"},"content":{"rendered":"<p>Cette bague est sp\u00e9cialement con\u00e7ue pour les femmes \u00e9l\u00e9gantes. Un large choix de polices est disponible, et son design est \u00e0 la fois simple et raffin\u00e9. C&rsquo;est un cadeau id\u00e9al pour un anniversaire, la Saint-Valentin, No\u00ebl ou un anniversaire de mariage.<\/p>\n<p>\u2764 D\u00c9TAILS<\/p>\n<p>\u2022 Mati\u00e8re : Argent sterling 925 \/ Acier titane<\/p>\n<p>\u2022 Couleur : Argent, Or, Or rose<\/p>\n<p>\u2022 Largeur : 2 \u00e0 3 mm<\/p>\n<p>\u2022 Personnalisation : Chaque bague peut \u00eatre grav\u00e9e avec un message de 13 caract\u00e8res maximum.<\/p>\n<p>\u2022 Emballage : Coffret cadeau \u00e9l\u00e9gant<\/p>\n","protected":false},"excerpt":{"rendered":"<p>Cette bague est sp\u00e9cialement con\u00e7ue pour les femmes \u00e9l\u00e9gantes. Un large choix de polices est disponible, et son design est \u00e0 la fois simple et raffin\u00e9. C&rsquo;est un cadeau id\u00e9al pour un anniversaire, la Saint-Valentin, No\u00ebl ou un anniversaire de mariage. \u2764 D\u00c9TAILS \u2022 Mati\u00e8re : Argent sterling 925 \/ Acier titane \u2022 Couleur : [&hellip;]<\/p>\n","protected":false},"featured_media":4790,"comment_status":"open","ping_status":"closed","template":"","meta":[],"product_brand":[],"product_cat":[207,208],"product_tag":[215],"class_list":{"0":"post-4791","1":"product","2":"type-product","3":"status-publish","4":"has-post-thumbnail","6":"product_cat-jewelrys","7":"product_cat-rings-jewelrys","8":"product_tag-rings","10":"first","11":"instock","12":"taxable","13":"shipping-taxable","14":"purchasable","15":"product-type-simple"},"wcpa_form_fields":null,"yoast_head":"<!-- This site is optimized with the Yoast SEO plugin v26.5 - https:\/\/yoast.com\/wordpress\/plugins\/seo\/ -->\n<title>Unique Birthstone Two Stone Ring Mother Daughter Ring, Unique Family Birthstone Ring, Spouse Dual Birthstone Ring, Toi Et Moi Ring For Gift - TOURCRUISER PTE. LTD<\/title>\n<meta name=\"robots\" content=\"index, follow, max-snippet:-1, max-image-preview:large, max-video-preview:-1\" \/>\n<link rel=\"canonical\" href=\"https:\/\/tourcruiser.com\/\" \/>\n<meta property=\"og:locale\" content=\"fr_FR\" \/>\n<meta property=\"og:type\" content=\"article\" \/>\n<meta property=\"og:title\" content=\"Unique Birthstone Two Stone Ring Mother Daughter Ring, Unique Family Birthstone Ring, Spouse Dual Birthstone Ring, Toi Et Moi Ring For Gift - TOURCRUISER PTE. LTD\" \/>\n<meta property=\"og:description\" content=\"Cette bague est sp\u00e9cialement con\u00e7ue pour les femmes \u00e9l\u00e9gantes. Un large choix de polices est disponible, et son design est \u00e0 la fois simple et raffin\u00e9. C&rsquo;est un cadeau id\u00e9al pour un anniversaire, la Saint-Valentin, No\u00ebl ou un anniversaire de mariage. \u2764 D\u00c9TAILS \u2022 Mati\u00e8re : Argent sterling 925 \/ Acier titane \u2022 Couleur : [&hellip;]\" \/>\n<meta property=\"og:url\" content=\"\/\" \/>\n<meta property=\"og:site_name\" content=\"Tourcruiser Sneaker Store\" \/>\n<meta property=\"article:modified_time\" content=\"2026-03-14T10:34:33+00:00\" \/>\n<meta property=\"og:image\" content=\"https:\/\/tourcruiser.com\/wp-content\/uploads\/2025\/12\/il_900x900.6348498553_667o.jpg\" \/>\n\t<meta property=\"og:image:width\" content=\"900\" \/>\n\t<meta property=\"og:image:height\" content=\"900\" \/>\n\t<meta property=\"og:image:type\" content=\"image\/jpeg\" \/>\n<meta name=\"twitter:card\" content=\"summary_large_image\" \/>\n<script type=\"application\/ld+json\" class=\"yoast-schema-graph\">{\"@context\":\"https:\/\/schema.org\",\"@graph\":[{\"@type\":\"WebPage\",\"@id\":\"\/\",\"url\":\"https:\/\/tourcruiser.com\/\",\"name\":\"Unique Birthstone Two Stone Ring Mother Daughter Ring, Unique Family Birthstone Ring, Spouse Dual Birthstone Ring, Toi Et Moi Ring For Gift - TOURCRUISER PTE. LTD\",\"isPartOf\":{\"@id\":\"https:\/\/tourcruiser.com\/fr\/#website\"},\"primaryImageOfPage\":{\"@id\":\"https:\/\/tourcruiser.com\/#primaryimage\"},\"image\":{\"@id\":\"https:\/\/tourcruiser.com\/#primaryimage\"},\"thumbnailUrl\":\"https:\/\/tourcruiser.com\/wp-content\/uploads\/2025\/12\/il_900x900.6348498553_667o.jpg\",\"datePublished\":\"2025-12-25T05:57:09+00:00\",\"dateModified\":\"2026-03-14T10:34:33+00:00\",\"breadcrumb\":{\"@id\":\"https:\/\/tourcruiser.com\/#breadcrumb\"},\"inLanguage\":\"fr-FR\",\"potentialAction\":[{\"@type\":\"ReadAction\",\"target\":[\"https:\/\/tourcruiser.com\/\"]}]},{\"@type\":\"ImageObject\",\"inLanguage\":\"fr-FR\",\"@id\":\"https:\/\/tourcruiser.com\/#primaryimage\",\"url\":\"https:\/\/tourcruiser.com\/wp-content\/uploads\/2025\/12\/il_900x900.6348498553_667o.jpg\",\"contentUrl\":\"https:\/\/tourcruiser.com\/wp-content\/uploads\/2025\/12\/il_900x900.6348498553_667o.jpg\",\"width\":900,\"height\":900},{\"@type\":\"BreadcrumbList\",\"@id\":\"https:\/\/tourcruiser.com\/#breadcrumb\",\"itemListElement\":[{\"@type\":\"ListItem\",\"position\":1,\"name\":\"Home\",\"item\":\"https:\/\/tourcruiser.com\/fr\/\"},{\"@type\":\"ListItem\",\"position\":2,\"name\":\"Shop\",\"item\":\"https:\/\/tourcruiser.com\/fr\/shop\/\"},{\"@type\":\"ListItem\",\"position\":3,\"name\":\"Unique Birthstone Two Stone Ring Mother Daughter Ring, Unique Family Birthstone Ring, Spouse Dual Birthstone Ring, Toi Et Moi Ring For Gift\"}]},{\"@type\":\"WebSite\",\"@id\":\"https:\/\/tourcruiser.com\/fr\/#website\",\"url\":\"https:\/\/tourcruiser.com\/fr\/\",\"name\":\"Styloral Jewelry Shop\",\"description\":\"Tourcruiser Sneaker Store \u2014 L\u2019endroit o\u00f9 l\u2019univers rencontre votre singularit\u00e9.\",\"publisher\":{\"@id\":\"https:\/\/tourcruiser.com\/fr\/#organization\"},\"potentialAction\":[{\"@type\":\"SearchAction\",\"target\":{\"@type\":\"EntryPoint\",\"urlTemplate\":\"https:\/\/tourcruiser.com\/fr\/?s={search_term_string}\"},\"query-input\":{\"@type\":\"PropertyValueSpecification\",\"valueRequired\":true,\"valueName\":\"search_term_string\"}}],\"inLanguage\":\"fr-FR\"},{\"@type\":\"Organization\",\"@id\":\"https:\/\/tourcruiser.com\/fr\/#organization\",\"name\":\"STYLORAL PTE. LTD\",\"url\":\"https:\/\/tourcruiser.com\/fr\/\",\"logo\":{\"@type\":\"ImageObject\",\"inLanguage\":\"fr-FR\",\"@id\":\"https:\/\/tourcruiser.com\/fr\/#\/schema\/logo\/image\/\",\"url\":\"https:\/\/www.tourcruiser.com\/wp-content\/uploads\/2025\/12\/logo.png\",\"contentUrl\":\"https:\/\/www.tourcruiser.com\/wp-content\/uploads\/2025\/12\/logo.png\",\"width\":200,\"height\":65,\"caption\":\"STYLORAL PTE. LTD\"},\"image\":{\"@id\":\"https:\/\/tourcruiser.com\/fr\/#\/schema\/logo\/image\/\"}}]}<\/script>\n<!-- \/ Yoast SEO plugin. -->","yoast_head_json":{"title":"Unique Birthstone Two Stone Ring Mother Daughter Ring, Unique Family Birthstone Ring, Spouse Dual Birthstone Ring, Toi Et Moi Ring For Gift - TOURCRUISER PTE. LTD","robots":{"index":"index","follow":"follow","max-snippet":"max-snippet:-1","max-image-preview":"max-image-preview:large","max-video-preview":"max-video-preview:-1"},"canonical":"https:\/\/tourcruiser.com\/","og_locale":"fr_FR","og_type":"article","og_title":"Unique Birthstone Two Stone Ring Mother Daughter Ring, Unique Family Birthstone Ring, Spouse Dual Birthstone Ring, Toi Et Moi Ring For Gift - TOURCRUISER PTE. LTD","og_description":"Cette bague est sp\u00e9cialement con\u00e7ue pour les femmes \u00e9l\u00e9gantes. Un large choix de polices est disponible, et son design est \u00e0 la fois simple et raffin\u00e9. C&rsquo;est un cadeau id\u00e9al pour un anniversaire, la Saint-Valentin, No\u00ebl ou un anniversaire de mariage. \u2764 D\u00c9TAILS \u2022 Mati\u00e8re : Argent sterling 925 \/ Acier titane \u2022 Couleur : [&hellip;]","og_url":"\/","og_site_name":"Tourcruiser Sneaker Store","article_modified_time":"2026-03-14T10:34:33+00:00","og_image":[{"width":900,"height":900,"url":"https:\/\/tourcruiser.com\/wp-content\/uploads\/2025\/12\/il_900x900.6348498553_667o.jpg","type":"image\/jpeg"}],"twitter_card":"summary_large_image","schema":{"@context":"https:\/\/schema.org","@graph":[{"@type":"WebPage","@id":"\/","url":"https:\/\/tourcruiser.com\/","name":"Unique Birthstone Two Stone Ring Mother Daughter Ring, Unique Family Birthstone Ring, Spouse Dual Birthstone Ring, Toi Et Moi Ring For Gift - TOURCRUISER PTE. LTD","isPartOf":{"@id":"https:\/\/tourcruiser.com\/fr\/#website"},"primaryImageOfPage":{"@id":"https:\/\/tourcruiser.com\/#primaryimage"},"image":{"@id":"https:\/\/tourcruiser.com\/#primaryimage"},"thumbnailUrl":"https:\/\/tourcruiser.com\/wp-content\/uploads\/2025\/12\/il_900x900.6348498553_667o.jpg","datePublished":"2025-12-25T05:57:09+00:00","dateModified":"2026-03-14T10:34:33+00:00","breadcrumb":{"@id":"https:\/\/tourcruiser.com\/#breadcrumb"},"inLanguage":"fr-FR","potentialAction":[{"@type":"ReadAction","target":["https:\/\/tourcruiser.com\/"]}]},{"@type":"ImageObject","inLanguage":"fr-FR","@id":"https:\/\/tourcruiser.com\/#primaryimage","url":"https:\/\/tourcruiser.com\/wp-content\/uploads\/2025\/12\/il_900x900.6348498553_667o.jpg","contentUrl":"https:\/\/tourcruiser.com\/wp-content\/uploads\/2025\/12\/il_900x900.6348498553_667o.jpg","width":900,"height":900},{"@type":"BreadcrumbList","@id":"https:\/\/tourcruiser.com\/#breadcrumb","itemListElement":[{"@type":"ListItem","position":1,"name":"Home","item":"https:\/\/tourcruiser.com\/fr\/"},{"@type":"ListItem","position":2,"name":"Shop","item":"https:\/\/tourcruiser.com\/fr\/shop\/"},{"@type":"ListItem","position":3,"name":"Unique Birthstone Two Stone Ring Mother Daughter Ring, Unique Family Birthstone Ring, Spouse Dual Birthstone Ring, Toi Et Moi Ring For Gift"}]},{"@type":"WebSite","@id":"https:\/\/tourcruiser.com\/fr\/#website","url":"https:\/\/tourcruiser.com\/fr\/","name":"Styloral Jewelry Shop","description":"Tourcruiser Sneaker Store \u2014 L\u2019endroit o\u00f9 l\u2019univers rencontre votre singularit\u00e9.","publisher":{"@id":"https:\/\/tourcruiser.com\/fr\/#organization"},"potentialAction":[{"@type":"SearchAction","target":{"@type":"EntryPoint","urlTemplate":"https:\/\/tourcruiser.com\/fr\/?s={search_term_string}"},"query-input":{"@type":"PropertyValueSpecification","valueRequired":true,"valueName":"search_term_string"}}],"inLanguage":"fr-FR"},{"@type":"Organization","@id":"https:\/\/tourcruiser.com\/fr\/#organization","name":"STYLORAL PTE. LTD","url":"https:\/\/tourcruiser.com\/fr\/","logo":{"@type":"ImageObject","inLanguage":"fr-FR","@id":"https:\/\/tourcruiser.com\/fr\/#\/schema\/logo\/image\/","url":"https:\/\/www.tourcruiser.com\/wp-content\/uploads\/2025\/12\/logo.png","contentUrl":"https:\/\/www.tourcruiser.com\/wp-content\/uploads\/2025\/12\/logo.png","width":200,"height":65,"caption":"STYLORAL PTE. LTD"},"image":{"@id":"https:\/\/tourcruiser.com\/fr\/#\/schema\/logo\/image\/"}}]}},"_links":{"self":[{"href":"https:\/\/tourcruiser.com\/fr\/wp-json\/wp\/v2\/product\/4791","targetHints":{"allow":["GET"]}}],"collection":[{"href":"https:\/\/tourcruiser.com\/fr\/wp-json\/wp\/v2\/product"}],"about":[{"href":"https:\/\/tourcruiser.com\/fr\/wp-json\/wp\/v2\/types\/product"}],"replies":[{"embeddable":true,"href":"https:\/\/tourcruiser.com\/fr\/wp-json\/wp\/v2\/comments?post=4791"}],"wp:featuredmedia":[{"embeddable":true,"href":"https:\/\/tourcruiser.com\/fr\/wp-json\/wp\/v2\/media\/4790"}],"wp:attachment":[{"href":"https:\/\/tourcruiser.com\/fr\/wp-json\/wp\/v2\/media?parent=4791"}],"wp:term":[{"taxonomy":"product_brand","embeddable":true,"href":"https:\/\/tourcruiser.com\/fr\/wp-json\/wp\/v2\/product_brand?post=4791"},{"taxonomy":"product_cat","embeddable":true,"href":"https:\/\/tourcruiser.com\/fr\/wp-json\/wp\/v2\/product_cat?post=4791"},{"taxonomy":"product_tag","embeddable":true,"href":"https:\/\/tourcruiser.com\/fr\/wp-json\/wp\/v2\/product_tag?post=4791"}],"curies":[{"name":"wp","href":"https:\/\/api.w.org\/{rel}","templated":true}]}}