{"id":47210,"date":"2026-03-02T15:04:01","date_gmt":"2026-03-02T08:04:01","guid":{"rendered":"http:\/\/tourcruiser.com\/product\/mercurial-vapor-16-elite-x-nike-air-max-95-se-fg-white-black"},"modified":"2026-03-17T00:33:04","modified_gmt":"2026-03-16T17:33:04","slug":"mercurial-vapor-16-elite-x-nike-air-max-95-se-fg-white-black","status":"publish","type":"product","link":"https:\/\/tourcruiser.com\/fr\/products\/mercurial-vapor-16-elite-x-nike-air-max-95-se-fg-white-black\/","title":{"rendered":"Mercurial Vapor 16 Elite x Nike Air Max 95 SE FG &lsquo;White Black&rsquo;"},"content":{"rendered":"<p>Am\u00e9liorez votre jeu avec la Mercurial Vapor 16 Elite x Nike Air Max 95 SE FG \u00ab\u00a0Blanc Noir\u00a0\u00bb, une fusion innovante entre design footballistique ax\u00e9 sur la vitesse et style r\u00e9tro. Con\u00e7ue pour des performances optimales sur terrain ferme, cette chaussure de football au design saisissant arbore une palette de couleurs dynamique inspir\u00e9e de la silhouette iconique de l&rsquo;Air Max 95, m\u00ealant harmonieusement blanc, noir et touches audacieuses. L&#8217;empeigne Flyknit offre un maintien l\u00e9ger et ajust\u00e9 pour un confort in\u00e9gal\u00e9, tandis que la technologie NikeGrip assure une adh\u00e9rence optimale pour des changements de direction rapides et des courses explosives. Dot\u00e9e d&rsquo;une unit\u00e9 Zoom Air r\u00e9active et d&rsquo;une semelle Aerotrak, cette chaussure maximise le retour d&rsquo;\u00e9nergie et l&rsquo;acc\u00e9l\u00e9ration, offrant un avantage d\u00e9cisif aux joueurs de tous niveaux. La configuration avanc\u00e9e des crampons favorise les mouvements multidirectionnels, la rendant id\u00e9ale pour un jeu rapide. Cette collaboration est con\u00e7ue pour celles et ceux qui appr\u00e9cient \u00e0 la fois la performance et le style. Elle souligne l&rsquo;engagement de Nike envers l&rsquo;innovation et la tradition, en pr\u00e9sentant une chaussure de football performante sur et en dehors du terrain.<\/p>\n","protected":false},"excerpt":{"rendered":"<p>Nike Mercurial Vapor 16 Elite FG \u201d\u201d White\/Black<\/p>\n","protected":false},"featured_media":47211,"comment_status":"open","ping_status":"closed","template":"","meta":[],"product_brand":[],"product_cat":[10803],"product_tag":[10750,10801,10802,10768,10987],"class_list":{"0":"post-47210","1":"product","2":"type-product","3":"status-publish","4":"has-post-thumbnail","6":"product_cat-nike","7":"product_tag-athleisure-shoes","8":"product_tag-nike","9":"product_tag-performance-sport-shoes","10":"product_tag-retro-running-shoes","11":"product_tag-soccer-shoes-football-cleats","12":"wcpa_has_options","14":"first","15":"outofstock","16":"taxable","17":"shipping-taxable","18":"purchasable","19":"product-type-simple"},"wcpa_form_fields":{"rules":{"pric_overide_base_price":false,"pric_overide_base_price_if_gt_zero":false,"pric_overide_base_price_fully":false,"pric_cal_option_once":false,"pric_use_as_fee":false,"bind_quantity":false,"quantity_bind_formula":false},"fields":[{"type":"color-group","required":true,"elementId":"wcpa-color-group-66c4a75505e74","label":"Taille","inline":true,"priceOptions":"different_for_all","pricingType":"fixed","className":"hassizechart product-shoes-size-eu product-shoes-size","name":"color-group-66c4a75505e89","disp_type":"square","selection_type":"tick-border","disp_size":"44","show_label_inside":true,"adjust_width":true,"cart_display_type":"text","other_text":"Other","cl_rule":"show","col":6,"values":[{"label":"35.5","value":"EU 35.5","price":"","pimage":"","pimage_id":"","pthumb":"","color":""},{"label":"36","value":"EU 36","price":"","pimage":"","pimage_id":"","pthumb":"","color":"","selected":true},{"label":"36.5","value":"EU 36.5","price":"","pimage":"","pimage_id":"","pthumb":"","color":""},{"label":"37.5","value":"EU 37.5","price":"","pimage":"","pimage_id":"","pthumb":"","color":""},{"label":"38","value":"EU 38","price":"","pimage":"","pimage_id":"","pthumb":"","color":""},{"label":"38.5","value":"EU 38.5","price":"","pimage":"","pimage_id":"","pthumb":"","color":""},{"label":"39","value":"EU 39","price":"","pimage":"","pimage_id":"","pthumb":"","color":""},{"label":"40","value":"EU 40","price":"","pimage":"","pimage_id":"","pthumb":"","color":""},{"label":"40.5","value":"EU 40.5","price":"","pimage":"","pimage_id":"","pthumb":"","color":""},{"label":"41","value":"EU 41","price":"","pimage":"","pimage_id":"","pthumb":"","color":""},{"label":"42","value":"EU 42","price":"","pimage":"","pimage_id":"","pthumb":"","color":""},{"label":"42.5","value":"EU 42.5","price":"","pimage":"","pimage_id":"","pthumb":"","color":""},{"label":"43","value":"EU 43","price":"","pimage":"","pimage_id":"","pthumb":"","color":""},{"label":"44","value":"EU 44","price":"","pimage":"","pimage_id":"","pthumb":"","color":""},{"label":"44.5","value":"EU 44.5","price":"","pimage":"","pimage_id":"","pthumb":"","color":""},{"label":"45","value":"EU 45","price":"","pimage":"","pimage_id":"","pthumb":"","color":""},{"label":"45.5","value":"EU 45.5","price":"","pimage":"","pimage_id":"","pthumb":"","color":""},{"label":"46","value":"EU 46","price":"","pimage":"","pimage_id":"","pthumb":"","color":""},{"label":"47","value":"EU 47","price":"","pimage":"","pimage_id":"","pthumb":"","color":""},{"label":"47.5","value":"EU 47.5","price":"","pimage":"","pimage_id":"","pthumb":"","color":""},{"label":"48","value":"EU 48","price":"","pimage":"","pimage_id":"","pthumb":"","color":""}],"relations":[{"operator":false,"rules":[]}],"form_id":18106,"form_rules":{"pric_cal_option_once":false,"exclude_from_discount":false,"pric_use_as_fee":false,"fee_label":"Fee","render_after_acb":false,"disp_hide_options_price":false}}]},"yoast_head":"<!-- This site is optimized with the Yoast SEO plugin v26.5 - https:\/\/yoast.com\/wordpress\/plugins\/seo\/ -->\n<title>Mercurial Vapor 16 Elite x Nike Air Max 95 SE FG &#039;White Black&#039; - TOURCRUISER PTE. LTD<\/title>\n<meta name=\"robots\" content=\"index, follow, max-snippet:-1, max-image-preview:large, max-video-preview:-1\" \/>\n<link rel=\"canonical\" href=\"https:\/\/tourcruiser.com\/fr\/products\/mercurial-vapor-16-elite-x-nike-air-max-95-se-fg-white-black\/\" \/>\n<meta property=\"og:locale\" content=\"fr_FR\" \/>\n<meta property=\"og:type\" content=\"article\" \/>\n<meta property=\"og:title\" content=\"Mercurial Vapor 16 Elite x Nike Air Max 95 SE FG &#039;White Black&#039; - TOURCRUISER PTE. LTD\" \/>\n<meta property=\"og:description\" content=\"Nike Mercurial Vapor 16 Elite FG \u201d\u201d White\/Black\" \/>\n<meta property=\"og:url\" content=\"https:\/\/tourcruiser.com\/fr\/products\/mercurial-vapor-16-elite-x-nike-air-max-95-se-fg-white-black\/\" \/>\n<meta property=\"og:site_name\" content=\"Tourcruiser Sneaker Store\" \/>\n<meta property=\"article:modified_time\" content=\"2026-03-16T17:33:04+00:00\" \/>\n<meta name=\"twitter:card\" content=\"summary_large_image\" \/>\n<meta name=\"twitter:image\" content=\"https:\/\/images.novelship.com\/product\/mercurial_vapor_16_elite_x_nike_air_max_95_se_fg___0_55692.jpeg\" \/>\n<meta name=\"twitter:label1\" content=\"Dur\u00e9e de lecture estim\u00e9e\" \/>\n\t<meta name=\"twitter:data1\" content=\"1 minute\" \/>\n<script type=\"application\/ld+json\" class=\"yoast-schema-graph\">{\"@context\":\"https:\/\/schema.org\",\"@graph\":[{\"@type\":\"WebPage\",\"@id\":\"https:\/\/tourcruiser.com\/fr\/products\/mercurial-vapor-16-elite-x-nike-air-max-95-se-fg-white-black\/\",\"url\":\"https:\/\/tourcruiser.com\/fr\/products\/mercurial-vapor-16-elite-x-nike-air-max-95-se-fg-white-black\/\",\"name\":\"Mercurial Vapor 16 Elite x Nike Air Max 95 SE FG 'White Black' - TOURCRUISER PTE. LTD\",\"isPartOf\":{\"@id\":\"https:\/\/tourcruiser.com\/fr\/#website\"},\"primaryImageOfPage\":{\"@id\":\"https:\/\/tourcruiser.com\/fr\/products\/mercurial-vapor-16-elite-x-nike-air-max-95-se-fg-white-black\/#primaryimage\"},\"image\":{\"@id\":\"https:\/\/tourcruiser.com\/fr\/products\/mercurial-vapor-16-elite-x-nike-air-max-95-se-fg-white-black\/#primaryimage\"},\"thumbnailUrl\":\"https:\/\/images.novelship.com\/product\/mercurial_vapor_16_elite_x_nike_air_max_95_se_fg___0_55692.jpeg\",\"datePublished\":\"2026-03-02T08:04:01+00:00\",\"dateModified\":\"2026-03-16T17:33:04+00:00\",\"breadcrumb\":{\"@id\":\"https:\/\/tourcruiser.com\/fr\/products\/mercurial-vapor-16-elite-x-nike-air-max-95-se-fg-white-black\/#breadcrumb\"},\"inLanguage\":\"fr-FR\",\"potentialAction\":[{\"@type\":\"ReadAction\",\"target\":[\"https:\/\/tourcruiser.com\/fr\/products\/mercurial-vapor-16-elite-x-nike-air-max-95-se-fg-white-black\/\"]}]},{\"@type\":\"ImageObject\",\"inLanguage\":\"fr-FR\",\"@id\":\"https:\/\/tourcruiser.com\/fr\/products\/mercurial-vapor-16-elite-x-nike-air-max-95-se-fg-white-black\/#primaryimage\",\"url\":\"https:\/\/images.novelship.com\/product\/mercurial_vapor_16_elite_x_nike_air_max_95_se_fg___0_55692.jpeg\",\"contentUrl\":\"https:\/\/images.novelship.com\/product\/mercurial_vapor_16_elite_x_nike_air_max_95_se_fg___0_55692.jpeg\"},{\"@type\":\"BreadcrumbList\",\"@id\":\"https:\/\/tourcruiser.com\/fr\/products\/mercurial-vapor-16-elite-x-nike-air-max-95-se-fg-white-black\/#breadcrumb\",\"itemListElement\":[{\"@type\":\"ListItem\",\"position\":1,\"name\":\"Home\",\"item\":\"https:\/\/tourcruiser.com\/fr\/\"},{\"@type\":\"ListItem\",\"position\":2,\"name\":\"Shop\",\"item\":\"https:\/\/tourcruiser.com\/fr\/shop\/\"},{\"@type\":\"ListItem\",\"position\":3,\"name\":\"Mercurial Vapor 16 Elite x Nike Air Max 95 SE FG 'White Black'\"}]},{\"@type\":\"WebSite\",\"@id\":\"https:\/\/tourcruiser.com\/fr\/#website\",\"url\":\"https:\/\/tourcruiser.com\/fr\/\",\"name\":\"Styloral Jewelry Shop\",\"description\":\"Tourcruiser Sneaker Store \u2014 L\u2019endroit o\u00f9 l\u2019univers rencontre votre singularit\u00e9.\",\"publisher\":{\"@id\":\"https:\/\/tourcruiser.com\/fr\/#organization\"},\"potentialAction\":[{\"@type\":\"SearchAction\",\"target\":{\"@type\":\"EntryPoint\",\"urlTemplate\":\"https:\/\/tourcruiser.com\/fr\/?s={search_term_string}\"},\"query-input\":{\"@type\":\"PropertyValueSpecification\",\"valueRequired\":true,\"valueName\":\"search_term_string\"}}],\"inLanguage\":\"fr-FR\"},{\"@type\":\"Organization\",\"@id\":\"https:\/\/tourcruiser.com\/fr\/#organization\",\"name\":\"STYLORAL PTE. LTD\",\"url\":\"https:\/\/tourcruiser.com\/fr\/\",\"logo\":{\"@type\":\"ImageObject\",\"inLanguage\":\"fr-FR\",\"@id\":\"https:\/\/tourcruiser.com\/fr\/#\/schema\/logo\/image\/\",\"url\":\"https:\/\/www.tourcruiser.com\/wp-content\/uploads\/2025\/12\/logo.png\",\"contentUrl\":\"https:\/\/www.tourcruiser.com\/wp-content\/uploads\/2025\/12\/logo.png\",\"width\":200,\"height\":65,\"caption\":\"STYLORAL PTE. LTD\"},\"image\":{\"@id\":\"https:\/\/tourcruiser.com\/fr\/#\/schema\/logo\/image\/\"}}]}<\/script>\n<!-- \/ Yoast SEO plugin. -->","yoast_head_json":{"title":"Mercurial Vapor 16 Elite x Nike Air Max 95 SE FG 'White Black' - TOURCRUISER PTE. LTD","robots":{"index":"index","follow":"follow","max-snippet":"max-snippet:-1","max-image-preview":"max-image-preview:large","max-video-preview":"max-video-preview:-1"},"canonical":"https:\/\/tourcruiser.com\/fr\/products\/mercurial-vapor-16-elite-x-nike-air-max-95-se-fg-white-black\/","og_locale":"fr_FR","og_type":"article","og_title":"Mercurial Vapor 16 Elite x Nike Air Max 95 SE FG 'White Black' - TOURCRUISER PTE. LTD","og_description":"Nike Mercurial Vapor 16 Elite FG \u201d\u201d White\/Black","og_url":"https:\/\/tourcruiser.com\/fr\/products\/mercurial-vapor-16-elite-x-nike-air-max-95-se-fg-white-black\/","og_site_name":"Tourcruiser Sneaker Store","article_modified_time":"2026-03-16T17:33:04+00:00","twitter_card":"summary_large_image","twitter_image":"https:\/\/images.novelship.com\/product\/mercurial_vapor_16_elite_x_nike_air_max_95_se_fg___0_55692.jpeg","twitter_misc":{"Dur\u00e9e de lecture estim\u00e9e":"1 minute"},"schema":{"@context":"https:\/\/schema.org","@graph":[{"@type":"WebPage","@id":"https:\/\/tourcruiser.com\/fr\/products\/mercurial-vapor-16-elite-x-nike-air-max-95-se-fg-white-black\/","url":"https:\/\/tourcruiser.com\/fr\/products\/mercurial-vapor-16-elite-x-nike-air-max-95-se-fg-white-black\/","name":"Mercurial Vapor 16 Elite x Nike Air Max 95 SE FG 'White Black' - TOURCRUISER PTE. LTD","isPartOf":{"@id":"https:\/\/tourcruiser.com\/fr\/#website"},"primaryImageOfPage":{"@id":"https:\/\/tourcruiser.com\/fr\/products\/mercurial-vapor-16-elite-x-nike-air-max-95-se-fg-white-black\/#primaryimage"},"image":{"@id":"https:\/\/tourcruiser.com\/fr\/products\/mercurial-vapor-16-elite-x-nike-air-max-95-se-fg-white-black\/#primaryimage"},"thumbnailUrl":"https:\/\/images.novelship.com\/product\/mercurial_vapor_16_elite_x_nike_air_max_95_se_fg___0_55692.jpeg","datePublished":"2026-03-02T08:04:01+00:00","dateModified":"2026-03-16T17:33:04+00:00","breadcrumb":{"@id":"https:\/\/tourcruiser.com\/fr\/products\/mercurial-vapor-16-elite-x-nike-air-max-95-se-fg-white-black\/#breadcrumb"},"inLanguage":"fr-FR","potentialAction":[{"@type":"ReadAction","target":["https:\/\/tourcruiser.com\/fr\/products\/mercurial-vapor-16-elite-x-nike-air-max-95-se-fg-white-black\/"]}]},{"@type":"ImageObject","inLanguage":"fr-FR","@id":"https:\/\/tourcruiser.com\/fr\/products\/mercurial-vapor-16-elite-x-nike-air-max-95-se-fg-white-black\/#primaryimage","url":"https:\/\/images.novelship.com\/product\/mercurial_vapor_16_elite_x_nike_air_max_95_se_fg___0_55692.jpeg","contentUrl":"https:\/\/images.novelship.com\/product\/mercurial_vapor_16_elite_x_nike_air_max_95_se_fg___0_55692.jpeg"},{"@type":"BreadcrumbList","@id":"https:\/\/tourcruiser.com\/fr\/products\/mercurial-vapor-16-elite-x-nike-air-max-95-se-fg-white-black\/#breadcrumb","itemListElement":[{"@type":"ListItem","position":1,"name":"Home","item":"https:\/\/tourcruiser.com\/fr\/"},{"@type":"ListItem","position":2,"name":"Shop","item":"https:\/\/tourcruiser.com\/fr\/shop\/"},{"@type":"ListItem","position":3,"name":"Mercurial Vapor 16 Elite x Nike Air Max 95 SE FG 'White Black'"}]},{"@type":"WebSite","@id":"https:\/\/tourcruiser.com\/fr\/#website","url":"https:\/\/tourcruiser.com\/fr\/","name":"Styloral Jewelry Shop","description":"Tourcruiser Sneaker Store \u2014 L\u2019endroit o\u00f9 l\u2019univers rencontre votre singularit\u00e9.","publisher":{"@id":"https:\/\/tourcruiser.com\/fr\/#organization"},"potentialAction":[{"@type":"SearchAction","target":{"@type":"EntryPoint","urlTemplate":"https:\/\/tourcruiser.com\/fr\/?s={search_term_string}"},"query-input":{"@type":"PropertyValueSpecification","valueRequired":true,"valueName":"search_term_string"}}],"inLanguage":"fr-FR"},{"@type":"Organization","@id":"https:\/\/tourcruiser.com\/fr\/#organization","name":"STYLORAL PTE. LTD","url":"https:\/\/tourcruiser.com\/fr\/","logo":{"@type":"ImageObject","inLanguage":"fr-FR","@id":"https:\/\/tourcruiser.com\/fr\/#\/schema\/logo\/image\/","url":"https:\/\/www.tourcruiser.com\/wp-content\/uploads\/2025\/12\/logo.png","contentUrl":"https:\/\/www.tourcruiser.com\/wp-content\/uploads\/2025\/12\/logo.png","width":200,"height":65,"caption":"STYLORAL PTE. LTD"},"image":{"@id":"https:\/\/tourcruiser.com\/fr\/#\/schema\/logo\/image\/"}}]}},"_links":{"self":[{"href":"https:\/\/tourcruiser.com\/fr\/wp-json\/wp\/v2\/product\/47210","targetHints":{"allow":["GET"]}}],"collection":[{"href":"https:\/\/tourcruiser.com\/fr\/wp-json\/wp\/v2\/product"}],"about":[{"href":"https:\/\/tourcruiser.com\/fr\/wp-json\/wp\/v2\/types\/product"}],"replies":[{"embeddable":true,"href":"https:\/\/tourcruiser.com\/fr\/wp-json\/wp\/v2\/comments?post=47210"}],"wp:featuredmedia":[{"embeddable":true,"href":"https:\/\/tourcruiser.com\/fr\/wp-json\/wp\/v2\/media\/47211"}],"wp:attachment":[{"href":"https:\/\/tourcruiser.com\/fr\/wp-json\/wp\/v2\/media?parent=47210"}],"wp:term":[{"taxonomy":"product_brand","embeddable":true,"href":"https:\/\/tourcruiser.com\/fr\/wp-json\/wp\/v2\/product_brand?post=47210"},{"taxonomy":"product_cat","embeddable":true,"href":"https:\/\/tourcruiser.com\/fr\/wp-json\/wp\/v2\/product_cat?post=47210"},{"taxonomy":"product_tag","embeddable":true,"href":"https:\/\/tourcruiser.com\/fr\/wp-json\/wp\/v2\/product_tag?post=47210"}],"curies":[{"name":"wp","href":"https:\/\/api.w.org\/{rel}","templated":true}]}}