{"id":47050,"date":"2026-03-02T15:03:46","date_gmt":"2026-03-02T08:03:46","guid":{"rendered":"http:\/\/tourcruiser.com\/product\/son-heung-min-x-adidas-adizero-f50-elite-laceless-fg-taegeuk7"},"modified":"2026-03-14T18:26:58","modified_gmt":"2026-03-14T11:26:58","slug":"son-heung-min-x-adidas-adizero-f50-elite-laceless-fg-taegeuk7","status":"publish","type":"product","link":"https:\/\/tourcruiser.com\/fr\/products\/son-heung-min-x-adidas-adizero-f50-elite-laceless-fg-taegeuk7\/","title":{"rendered":"Son Heung-Min x adidas Adizero F50 Elite Laceless FG &lsquo;TAEGEUK7&rsquo;"},"content":{"rendered":"<p>D\u00e9couvrez des performances et un style in\u00e9gal\u00e9s avec la Son Heung-Min x adidas Adizero F50 Elite Laceless FG \u00ab\u00a0TAEGEUK7\u00a0\u00bb JQ5071, con\u00e7ue pour la vitesse, la pr\u00e9cision et une touche de fiert\u00e9 sud-cor\u00e9enne. Cette chaussure de football en \u00e9dition sp\u00e9ciale incarne l&rsquo;innovation\u00a0: le design Adizero sans lacets assure un ajustement optimal et un contr\u00f4le maximal du ballon. La tige l\u00e9g\u00e8re garantit l&rsquo;agilit\u00e9, tandis que la semelle ext\u00e9rieure pour terrain ferme offre une excellente traction et une vitesse explosive sur gazon naturel. Orn\u00e9es de graphismes complexes inspir\u00e9s du Taegeuk et des d\u00e9tails signature de Son Heung-Min, ces chaussures allient h\u00e9ritage culturel et technologie sportive de pointe. La \u00ab\u00a0TAEGEUK7\u00a0\u00bb est id\u00e9ale pour les joueurs exigeants qui recherchent des performances optimales et un style distinctif sur le terrain, red\u00e9finissant ainsi la domination. Coloris\u00a0: Blanc nuage\/Noir\/Rouge vif. R\u00e9f\u00e9rence\u00a0: JQ5071. Mati\u00e8re de la tige\u00a0: Fibertouch. Couleur\u00a0: Blanc. Ann\u00e9e de sortie\u00a0: 2025.<\/p>\n","protected":false},"excerpt":{"rendered":"<p>adidas F50 Elite Laceless FG Son Heung-min TAEGEUK7 \u201d\u201d Cloud White\/Core Black\/Bright Red<\/p>\n","protected":false},"featured_media":47051,"comment_status":"open","ping_status":"closed","template":"","meta":[],"product_brand":[],"product_cat":[10760],"product_tag":[10759,11087,17099,10802,10986,10987,10758],"class_list":{"0":"post-47050","1":"product","2":"type-product","3":"status-publish","4":"has-post-thumbnail","6":"product_cat-adidas","7":"product_tag-adidas","8":"product_tag-firm-ground-fg-football-boots","9":"product_tag-laceless-football-boots","10":"product_tag-performance-sport-shoes","11":"product_tag-soccer-shoes","12":"product_tag-soccer-shoes-football-cleats","13":"product_tag-under-retail","14":"wcpa_has_options","16":"first","17":"instock","18":"taxable","19":"shipping-taxable","20":"purchasable","21":"product-type-simple"},"wcpa_form_fields":{"rules":{"pric_overide_base_price":false,"pric_overide_base_price_if_gt_zero":false,"pric_overide_base_price_fully":false,"pric_cal_option_once":false,"pric_use_as_fee":false,"bind_quantity":false,"quantity_bind_formula":false},"fields":[{"type":"color-group","required":true,"elementId":"wcpa-color-group-66c4a7f817afe","label":"Taille","inline":true,"priceOptions":"different_for_all","pricingType":"fixed","className":"hassizechart product-shoes-size-eu product-shoes-size","name":"color-group-66c4a7f817b18","disp_type":"square","selection_type":"tick-border","disp_size":"50","show_label_inside":true,"adjust_width":true,"cart_display_type":"text","other_text":"Other","cl_rule":"show","col":6,"values":[{"label":"35","value":"EU 35","price":"","pimage":"","pimage_id":"","pthumb":"","color":""},{"label":"35.5","value":"EU 35.5","price":"","pimage":"","pimage_id":"","pthumb":"","color":""},{"label":"36","value":"EU 36","price":"","pimage":"","pimage_id":"","pthumb":"","color":"","selected":true},{"label":"36 2\/3","value":"EU 36 2\/3","price":"","pimage":"","pimage_id":"","pthumb":"","color":""},{"label":"37 1\/3","value":"EU 37 1\/3","price":"","pimage":"","pimage_id":"","pthumb":"","color":""},{"label":"38","value":"EU 38","price":"","pimage":"","pimage_id":"","pthumb":"","color":""},{"label":"38 2\/3","value":"EU 38 2\/3","price":"","pimage":"","pimage_id":"","pthumb":"","color":""},{"label":"39 1\/3","value":"EU 39 1\/3","price":"","pimage":"","pimage_id":"","pthumb":"","color":""},{"label":"40","value":"EU 40","price":"","pimage":"","pimage_id":"","pthumb":"","color":""},{"label":"40 2\/3","value":"EU 40 2\/3","price":"","pimage":"","pimage_id":"","pthumb":"","color":""},{"label":"41 1\/3","value":"EU 41 1\/3","price":"","pimage":"","pimage_id":"","pthumb":"","color":""},{"label":"42","value":"EU 42","price":"","pimage":"","pimage_id":"","pthumb":"","color":""},{"label":"42 2\/3","value":"EU 42 2\/3","price":"","pimage":"","pimage_id":"","pthumb":"","color":""},{"label":"43 1\/3","value":"EU 43 1\/3","price":"","pimage":"","pimage_id":"","pthumb":"","color":""},{"label":"44","value":"EU 44","price":"","pimage":"","pimage_id":"","pthumb":"","color":""},{"label":"44 2\/3","value":"EU 44 2\/3","price":"","pimage":"","pimage_id":"","pthumb":"","color":""},{"label":"45 1\/3","value":"EU 45 1\/3","price":"","pimage":"","pimage_id":"","pthumb":"","color":""},{"label":"46","value":"EU 46","price":"","pimage":"","pimage_id":"","pthumb":"","color":""},{"label":"46 2\/3","value":"EU 46 2\/3","price":"","pimage":"","pimage_id":"","pthumb":"","color":""},{"label":"47 1\/3","value":"EU 47 1\/3","price":"","pimage":"","pimage_id":"","pthumb":"","color":""}],"relations":[{"operator":false,"rules":[]}],"form_id":24802,"form_rules":{"pric_cal_option_once":false,"exclude_from_discount":false,"pric_use_as_fee":false,"fee_label":"Fee","render_after_acb":false,"disp_hide_options_price":false}}]},"yoast_head":"<!-- This site is optimized with the Yoast SEO plugin v26.5 - https:\/\/yoast.com\/wordpress\/plugins\/seo\/ -->\n<title>Son Heung-Min x adidas Adizero F50 Elite Laceless FG &#039;TAEGEUK7&#039; - TOURCRUISER PTE. LTD<\/title>\n<meta name=\"robots\" content=\"index, follow, max-snippet:-1, max-image-preview:large, max-video-preview:-1\" \/>\n<link rel=\"canonical\" href=\"https:\/\/tourcruiser.com\/fr\/products\/son-heung-min-x-adidas-adizero-f50-elite-laceless-fg-taegeuk7\/\" \/>\n<meta property=\"og:locale\" content=\"fr_FR\" \/>\n<meta property=\"og:type\" content=\"article\" \/>\n<meta property=\"og:title\" content=\"Son Heung-Min x adidas Adizero F50 Elite Laceless FG &#039;TAEGEUK7&#039; - TOURCRUISER PTE. LTD\" \/>\n<meta property=\"og:description\" content=\"adidas F50 Elite Laceless FG Son Heung-min TAEGEUK7 \u201d\u201d Cloud White\/Core Black\/Bright Red\" \/>\n<meta property=\"og:url\" content=\"https:\/\/tourcruiser.com\/fr\/products\/son-heung-min-x-adidas-adizero-f50-elite-laceless-fg-taegeuk7\/\" \/>\n<meta property=\"og:site_name\" content=\"Tourcruiser Sneaker Store\" \/>\n<meta property=\"article:modified_time\" content=\"2026-03-14T11:26:58+00:00\" \/>\n<meta name=\"twitter:card\" content=\"summary_large_image\" \/>\n<meta name=\"twitter:image\" content=\"https:\/\/images.novelship.com\/product\/son_heung-min_x_adidas_adizero_f50_elite_laceless__0_22775.jpeg\" \/>\n<meta name=\"twitter:label1\" content=\"Dur\u00e9e de lecture estim\u00e9e\" \/>\n\t<meta name=\"twitter:data1\" content=\"1 minute\" \/>\n<script type=\"application\/ld+json\" class=\"yoast-schema-graph\">{\"@context\":\"https:\/\/schema.org\",\"@graph\":[{\"@type\":\"WebPage\",\"@id\":\"https:\/\/tourcruiser.com\/fr\/products\/son-heung-min-x-adidas-adizero-f50-elite-laceless-fg-taegeuk7\/\",\"url\":\"https:\/\/tourcruiser.com\/fr\/products\/son-heung-min-x-adidas-adizero-f50-elite-laceless-fg-taegeuk7\/\",\"name\":\"Son Heung-Min x adidas Adizero F50 Elite Laceless FG 'TAEGEUK7' - TOURCRUISER PTE. LTD\",\"isPartOf\":{\"@id\":\"https:\/\/tourcruiser.com\/fr\/#website\"},\"primaryImageOfPage\":{\"@id\":\"https:\/\/tourcruiser.com\/fr\/products\/son-heung-min-x-adidas-adizero-f50-elite-laceless-fg-taegeuk7\/#primaryimage\"},\"image\":{\"@id\":\"https:\/\/tourcruiser.com\/fr\/products\/son-heung-min-x-adidas-adizero-f50-elite-laceless-fg-taegeuk7\/#primaryimage\"},\"thumbnailUrl\":\"https:\/\/images.novelship.com\/product\/son_heung-min_x_adidas_adizero_f50_elite_laceless__0_22775.jpeg\",\"datePublished\":\"2026-03-02T08:03:46+00:00\",\"dateModified\":\"2026-03-14T11:26:58+00:00\",\"breadcrumb\":{\"@id\":\"https:\/\/tourcruiser.com\/fr\/products\/son-heung-min-x-adidas-adizero-f50-elite-laceless-fg-taegeuk7\/#breadcrumb\"},\"inLanguage\":\"fr-FR\",\"potentialAction\":[{\"@type\":\"ReadAction\",\"target\":[\"https:\/\/tourcruiser.com\/fr\/products\/son-heung-min-x-adidas-adizero-f50-elite-laceless-fg-taegeuk7\/\"]}]},{\"@type\":\"ImageObject\",\"inLanguage\":\"fr-FR\",\"@id\":\"https:\/\/tourcruiser.com\/fr\/products\/son-heung-min-x-adidas-adizero-f50-elite-laceless-fg-taegeuk7\/#primaryimage\",\"url\":\"https:\/\/images.novelship.com\/product\/son_heung-min_x_adidas_adizero_f50_elite_laceless__0_22775.jpeg\",\"contentUrl\":\"https:\/\/images.novelship.com\/product\/son_heung-min_x_adidas_adizero_f50_elite_laceless__0_22775.jpeg\"},{\"@type\":\"BreadcrumbList\",\"@id\":\"https:\/\/tourcruiser.com\/fr\/products\/son-heung-min-x-adidas-adizero-f50-elite-laceless-fg-taegeuk7\/#breadcrumb\",\"itemListElement\":[{\"@type\":\"ListItem\",\"position\":1,\"name\":\"Home\",\"item\":\"https:\/\/tourcruiser.com\/fr\/\"},{\"@type\":\"ListItem\",\"position\":2,\"name\":\"Shop\",\"item\":\"https:\/\/tourcruiser.com\/fr\/shop\/\"},{\"@type\":\"ListItem\",\"position\":3,\"name\":\"Son Heung-Min x adidas Adizero F50 Elite Laceless FG 'TAEGEUK7'\"}]},{\"@type\":\"WebSite\",\"@id\":\"https:\/\/tourcruiser.com\/fr\/#website\",\"url\":\"https:\/\/tourcruiser.com\/fr\/\",\"name\":\"Styloral Jewelry Shop\",\"description\":\"Tourcruiser Sneaker Store \u2014 L\u2019endroit o\u00f9 l\u2019univers rencontre votre singularit\u00e9.\",\"publisher\":{\"@id\":\"https:\/\/tourcruiser.com\/fr\/#organization\"},\"potentialAction\":[{\"@type\":\"SearchAction\",\"target\":{\"@type\":\"EntryPoint\",\"urlTemplate\":\"https:\/\/tourcruiser.com\/fr\/?s={search_term_string}\"},\"query-input\":{\"@type\":\"PropertyValueSpecification\",\"valueRequired\":true,\"valueName\":\"search_term_string\"}}],\"inLanguage\":\"fr-FR\"},{\"@type\":\"Organization\",\"@id\":\"https:\/\/tourcruiser.com\/fr\/#organization\",\"name\":\"STYLORAL PTE. LTD\",\"url\":\"https:\/\/tourcruiser.com\/fr\/\",\"logo\":{\"@type\":\"ImageObject\",\"inLanguage\":\"fr-FR\",\"@id\":\"https:\/\/tourcruiser.com\/fr\/#\/schema\/logo\/image\/\",\"url\":\"https:\/\/www.tourcruiser.com\/wp-content\/uploads\/2025\/12\/logo.png\",\"contentUrl\":\"https:\/\/www.tourcruiser.com\/wp-content\/uploads\/2025\/12\/logo.png\",\"width\":200,\"height\":65,\"caption\":\"STYLORAL PTE. LTD\"},\"image\":{\"@id\":\"https:\/\/tourcruiser.com\/fr\/#\/schema\/logo\/image\/\"}}]}<\/script>\n<!-- \/ Yoast SEO plugin. -->","yoast_head_json":{"title":"Son Heung-Min x adidas Adizero F50 Elite Laceless FG 'TAEGEUK7' - TOURCRUISER PTE. LTD","robots":{"index":"index","follow":"follow","max-snippet":"max-snippet:-1","max-image-preview":"max-image-preview:large","max-video-preview":"max-video-preview:-1"},"canonical":"https:\/\/tourcruiser.com\/fr\/products\/son-heung-min-x-adidas-adizero-f50-elite-laceless-fg-taegeuk7\/","og_locale":"fr_FR","og_type":"article","og_title":"Son Heung-Min x adidas Adizero F50 Elite Laceless FG 'TAEGEUK7' - TOURCRUISER PTE. LTD","og_description":"adidas F50 Elite Laceless FG Son Heung-min TAEGEUK7 \u201d\u201d Cloud White\/Core Black\/Bright Red","og_url":"https:\/\/tourcruiser.com\/fr\/products\/son-heung-min-x-adidas-adizero-f50-elite-laceless-fg-taegeuk7\/","og_site_name":"Tourcruiser Sneaker Store","article_modified_time":"2026-03-14T11:26:58+00:00","twitter_card":"summary_large_image","twitter_image":"https:\/\/images.novelship.com\/product\/son_heung-min_x_adidas_adizero_f50_elite_laceless__0_22775.jpeg","twitter_misc":{"Dur\u00e9e de lecture estim\u00e9e":"1 minute"},"schema":{"@context":"https:\/\/schema.org","@graph":[{"@type":"WebPage","@id":"https:\/\/tourcruiser.com\/fr\/products\/son-heung-min-x-adidas-adizero-f50-elite-laceless-fg-taegeuk7\/","url":"https:\/\/tourcruiser.com\/fr\/products\/son-heung-min-x-adidas-adizero-f50-elite-laceless-fg-taegeuk7\/","name":"Son Heung-Min x adidas Adizero F50 Elite Laceless FG 'TAEGEUK7' - TOURCRUISER PTE. LTD","isPartOf":{"@id":"https:\/\/tourcruiser.com\/fr\/#website"},"primaryImageOfPage":{"@id":"https:\/\/tourcruiser.com\/fr\/products\/son-heung-min-x-adidas-adizero-f50-elite-laceless-fg-taegeuk7\/#primaryimage"},"image":{"@id":"https:\/\/tourcruiser.com\/fr\/products\/son-heung-min-x-adidas-adizero-f50-elite-laceless-fg-taegeuk7\/#primaryimage"},"thumbnailUrl":"https:\/\/images.novelship.com\/product\/son_heung-min_x_adidas_adizero_f50_elite_laceless__0_22775.jpeg","datePublished":"2026-03-02T08:03:46+00:00","dateModified":"2026-03-14T11:26:58+00:00","breadcrumb":{"@id":"https:\/\/tourcruiser.com\/fr\/products\/son-heung-min-x-adidas-adizero-f50-elite-laceless-fg-taegeuk7\/#breadcrumb"},"inLanguage":"fr-FR","potentialAction":[{"@type":"ReadAction","target":["https:\/\/tourcruiser.com\/fr\/products\/son-heung-min-x-adidas-adizero-f50-elite-laceless-fg-taegeuk7\/"]}]},{"@type":"ImageObject","inLanguage":"fr-FR","@id":"https:\/\/tourcruiser.com\/fr\/products\/son-heung-min-x-adidas-adizero-f50-elite-laceless-fg-taegeuk7\/#primaryimage","url":"https:\/\/images.novelship.com\/product\/son_heung-min_x_adidas_adizero_f50_elite_laceless__0_22775.jpeg","contentUrl":"https:\/\/images.novelship.com\/product\/son_heung-min_x_adidas_adizero_f50_elite_laceless__0_22775.jpeg"},{"@type":"BreadcrumbList","@id":"https:\/\/tourcruiser.com\/fr\/products\/son-heung-min-x-adidas-adizero-f50-elite-laceless-fg-taegeuk7\/#breadcrumb","itemListElement":[{"@type":"ListItem","position":1,"name":"Home","item":"https:\/\/tourcruiser.com\/fr\/"},{"@type":"ListItem","position":2,"name":"Shop","item":"https:\/\/tourcruiser.com\/fr\/shop\/"},{"@type":"ListItem","position":3,"name":"Son Heung-Min x adidas Adizero F50 Elite Laceless FG 'TAEGEUK7'"}]},{"@type":"WebSite","@id":"https:\/\/tourcruiser.com\/fr\/#website","url":"https:\/\/tourcruiser.com\/fr\/","name":"Styloral Jewelry Shop","description":"Tourcruiser Sneaker Store \u2014 L\u2019endroit o\u00f9 l\u2019univers rencontre votre singularit\u00e9.","publisher":{"@id":"https:\/\/tourcruiser.com\/fr\/#organization"},"potentialAction":[{"@type":"SearchAction","target":{"@type":"EntryPoint","urlTemplate":"https:\/\/tourcruiser.com\/fr\/?s={search_term_string}"},"query-input":{"@type":"PropertyValueSpecification","valueRequired":true,"valueName":"search_term_string"}}],"inLanguage":"fr-FR"},{"@type":"Organization","@id":"https:\/\/tourcruiser.com\/fr\/#organization","name":"STYLORAL PTE. LTD","url":"https:\/\/tourcruiser.com\/fr\/","logo":{"@type":"ImageObject","inLanguage":"fr-FR","@id":"https:\/\/tourcruiser.com\/fr\/#\/schema\/logo\/image\/","url":"https:\/\/www.tourcruiser.com\/wp-content\/uploads\/2025\/12\/logo.png","contentUrl":"https:\/\/www.tourcruiser.com\/wp-content\/uploads\/2025\/12\/logo.png","width":200,"height":65,"caption":"STYLORAL PTE. LTD"},"image":{"@id":"https:\/\/tourcruiser.com\/fr\/#\/schema\/logo\/image\/"}}]}},"_links":{"self":[{"href":"https:\/\/tourcruiser.com\/fr\/wp-json\/wp\/v2\/product\/47050","targetHints":{"allow":["GET"]}}],"collection":[{"href":"https:\/\/tourcruiser.com\/fr\/wp-json\/wp\/v2\/product"}],"about":[{"href":"https:\/\/tourcruiser.com\/fr\/wp-json\/wp\/v2\/types\/product"}],"replies":[{"embeddable":true,"href":"https:\/\/tourcruiser.com\/fr\/wp-json\/wp\/v2\/comments?post=47050"}],"wp:featuredmedia":[{"embeddable":true,"href":"https:\/\/tourcruiser.com\/fr\/wp-json\/wp\/v2\/media\/47051"}],"wp:attachment":[{"href":"https:\/\/tourcruiser.com\/fr\/wp-json\/wp\/v2\/media?parent=47050"}],"wp:term":[{"taxonomy":"product_brand","embeddable":true,"href":"https:\/\/tourcruiser.com\/fr\/wp-json\/wp\/v2\/product_brand?post=47050"},{"taxonomy":"product_cat","embeddable":true,"href":"https:\/\/tourcruiser.com\/fr\/wp-json\/wp\/v2\/product_cat?post=47050"},{"taxonomy":"product_tag","embeddable":true,"href":"https:\/\/tourcruiser.com\/fr\/wp-json\/wp\/v2\/product_tag?post=47050"}],"curies":[{"name":"wp","href":"https:\/\/api.w.org\/{rel}","templated":true}]}}