{"id":46933,"date":"2026-03-02T15:03:35","date_gmt":"2026-03-02T08:03:35","guid":{"rendered":"http:\/\/tourcruiser.com\/product\/women-nikecourt-air-zoom-vapor-pro-pink-foam-glacier-blue"},"modified":"2026-03-14T18:26:49","modified_gmt":"2026-03-14T11:26:49","slug":"women-nikecourt-air-zoom-vapor-pro-pink-foam-glacier-blue","status":"publish","type":"product","link":"https:\/\/tourcruiser.com\/fr\/products\/women-nikecourt-air-zoom-vapor-pro-pink-foam-glacier-blue\/","title":{"rendered":"(Women) NikeCourt Air Zoom Vapor Pro &lsquo;Pink Foam Glacier Blue&rsquo;"},"content":{"rendered":"<p>Am\u00e9liorez votre jeu avec la NikeCourt Air Zoom Vapor Pro (Femme) dans le coloris captivant \u00ab\u00a0Pink Foam Glacier Blue\u00a0\u00bb (CZ0222-400). Gr\u00e2ce \u00e0 leur empeigne en mesh respirant, ces chaussures de tennis offrent une ventilation et un maintien exceptionnels. L&rsquo;unit\u00e9 Air Zoom innovante assure un amorti r\u00e9actif pour des mouvements explosifs, tandis que la semelle ext\u00e9rieure en caoutchouc r\u00e9sistant garantit une adh\u00e9rence optimale sur toutes les surfaces. Enfilez ces baskets \u00e9l\u00e9gantes et dominez le terrain \u00e0 chaque pas.<\/p>\n<ul>\n<li><strong>Coloris\u00a0:<\/strong> Bleu glacier\/Blanc\/Rose mousse\/Bleu nuit<\/li>\n<li><strong>R\u00e9f\u00e9rence\u00a0:<\/strong> CZ0222-400<\/li>\n<li><strong>Tige\u00a0:<\/strong> Mesh<\/li>\n<li><strong>Semelle interm\u00e9diaire\u00a0:<\/strong> Zoom Air<\/li>\n<li><strong>Couleur\u00a0:<\/strong> Multicolore<\/li>\n<li><strong>Saison\u00a0:<\/strong> \u00c9t\u00e9<\/li>\n<li><strong>Ann\u00e9e de sortie\u00a0:<\/strong> 2022<\/li>\n<\/ul>\n","protected":false},"excerpt":{"rendered":"<p>Nike NikeCourt Air Zoom Vapor Pro \u201d\u201d Glacier Blue\/White\/Pink Foam\/Midnight Navy<\/p>\n","protected":false},"featured_media":46934,"comment_status":"open","ping_status":"closed","template":"","meta":[],"product_brand":[],"product_cat":[10809],"product_tag":[11081,10926,10801,10802,11082],"class_list":{"0":"post-46933","1":"product","2":"type-product","3":"status-publish","4":"has-post-thumbnail","6":"product_cat-nike-women","7":"product_tag-clay-court-tennis-shoes","8":"product_tag-gift-for-her","9":"product_tag-nike","10":"product_tag-performance-sport-shoes","11":"product_tag-tennis-shoes","12":"wcpa_has_options","14":"first","15":"instock","16":"taxable","17":"shipping-taxable","18":"purchasable","19":"product-type-simple"},"wcpa_form_fields":{"rules":{"pric_overide_base_price":false,"pric_overide_base_price_if_gt_zero":false,"pric_overide_base_price_fully":false,"pric_cal_option_once":false,"pric_use_as_fee":false,"bind_quantity":false,"quantity_bind_formula":false},"fields":[{"type":"color-group","required":true,"elementId":"wcpa-color-group-66c4a75505e74","label":"Taille","inline":true,"priceOptions":"different_for_all","pricingType":"fixed","className":"hassizechart product-shoes-size-eu product-shoes-size","name":"color-group-66c4a75505e89","disp_type":"square","selection_type":"tick-border","disp_size":"44","show_label_inside":true,"adjust_width":true,"cart_display_type":"text","other_text":"Other","cl_rule":"show","col":6,"values":[{"label":"35.5","value":"EU 35.5","price":"","pimage":"","pimage_id":"","pthumb":"","color":""},{"label":"36","value":"EU 36","price":"","pimage":"","pimage_id":"","pthumb":"","color":"","selected":true},{"label":"36.5","value":"EU 36.5","price":"","pimage":"","pimage_id":"","pthumb":"","color":""},{"label":"37.5","value":"EU 37.5","price":"","pimage":"","pimage_id":"","pthumb":"","color":""},{"label":"38","value":"EU 38","price":"","pimage":"","pimage_id":"","pthumb":"","color":""},{"label":"38.5","value":"EU 38.5","price":"","pimage":"","pimage_id":"","pthumb":"","color":""},{"label":"39","value":"EU 39","price":"","pimage":"","pimage_id":"","pthumb":"","color":""},{"label":"40","value":"EU 40","price":"","pimage":"","pimage_id":"","pthumb":"","color":""},{"label":"40.5","value":"EU 40.5","price":"","pimage":"","pimage_id":"","pthumb":"","color":""},{"label":"41","value":"EU 41","price":"","pimage":"","pimage_id":"","pthumb":"","color":""},{"label":"42","value":"EU 42","price":"","pimage":"","pimage_id":"","pthumb":"","color":""},{"label":"42.5","value":"EU 42.5","price":"","pimage":"","pimage_id":"","pthumb":"","color":""},{"label":"43","value":"EU 43","price":"","pimage":"","pimage_id":"","pthumb":"","color":""},{"label":"44","value":"EU 44","price":"","pimage":"","pimage_id":"","pthumb":"","color":""},{"label":"44.5","value":"EU 44.5","price":"","pimage":"","pimage_id":"","pthumb":"","color":""},{"label":"45","value":"EU 45","price":"","pimage":"","pimage_id":"","pthumb":"","color":""},{"label":"45.5","value":"EU 45.5","price":"","pimage":"","pimage_id":"","pthumb":"","color":""},{"label":"46","value":"EU 46","price":"","pimage":"","pimage_id":"","pthumb":"","color":""},{"label":"47","value":"EU 47","price":"","pimage":"","pimage_id":"","pthumb":"","color":""},{"label":"47.5","value":"EU 47.5","price":"","pimage":"","pimage_id":"","pthumb":"","color":""},{"label":"48","value":"EU 48","price":"","pimage":"","pimage_id":"","pthumb":"","color":""}],"relations":[{"operator":false,"rules":[]}],"form_id":18106,"form_rules":{"pric_cal_option_once":false,"exclude_from_discount":false,"pric_use_as_fee":false,"fee_label":"Fee","render_after_acb":false,"disp_hide_options_price":false}}]},"yoast_head":"<!-- This site is optimized with the Yoast SEO plugin v26.5 - https:\/\/yoast.com\/wordpress\/plugins\/seo\/ -->\n<title>(Women) NikeCourt Air Zoom Vapor Pro &#039;Pink Foam Glacier Blue&#039; - TOURCRUISER PTE. LTD<\/title>\n<meta name=\"robots\" content=\"index, follow, max-snippet:-1, max-image-preview:large, max-video-preview:-1\" \/>\n<link rel=\"canonical\" href=\"https:\/\/tourcruiser.com\/fr\/products\/women-nikecourt-air-zoom-vapor-pro-pink-foam-glacier-blue\/\" \/>\n<meta property=\"og:locale\" content=\"fr_FR\" \/>\n<meta property=\"og:type\" content=\"article\" \/>\n<meta property=\"og:title\" content=\"(Women) NikeCourt Air Zoom Vapor Pro &#039;Pink Foam Glacier Blue&#039; - TOURCRUISER PTE. LTD\" \/>\n<meta property=\"og:description\" content=\"Nike NikeCourt Air Zoom Vapor Pro \u201d\u201d Glacier Blue\/White\/Pink Foam\/Midnight Navy\" \/>\n<meta property=\"og:url\" content=\"https:\/\/tourcruiser.com\/fr\/products\/women-nikecourt-air-zoom-vapor-pro-pink-foam-glacier-blue\/\" \/>\n<meta property=\"og:site_name\" content=\"Tourcruiser Sneaker Store\" \/>\n<meta property=\"article:modified_time\" content=\"2026-03-14T11:26:49+00:00\" \/>\n<meta name=\"twitter:card\" content=\"summary_large_image\" \/>\n<meta name=\"twitter:image\" content=\"https:\/\/images.novelship.com\/product\/_women__nikecourt_air_zoom_vapor_pro__pink_foam_gl_0_49671.jpeg\" \/>\n<meta name=\"twitter:label1\" content=\"Dur\u00e9e de lecture estim\u00e9e\" \/>\n\t<meta name=\"twitter:data1\" content=\"1 minute\" \/>\n<script type=\"application\/ld+json\" class=\"yoast-schema-graph\">{\"@context\":\"https:\/\/schema.org\",\"@graph\":[{\"@type\":\"WebPage\",\"@id\":\"https:\/\/tourcruiser.com\/fr\/products\/women-nikecourt-air-zoom-vapor-pro-pink-foam-glacier-blue\/\",\"url\":\"https:\/\/tourcruiser.com\/fr\/products\/women-nikecourt-air-zoom-vapor-pro-pink-foam-glacier-blue\/\",\"name\":\"(Women) NikeCourt Air Zoom Vapor Pro 'Pink Foam Glacier Blue' - TOURCRUISER PTE. LTD\",\"isPartOf\":{\"@id\":\"https:\/\/tourcruiser.com\/fr\/#website\"},\"primaryImageOfPage\":{\"@id\":\"https:\/\/tourcruiser.com\/fr\/products\/women-nikecourt-air-zoom-vapor-pro-pink-foam-glacier-blue\/#primaryimage\"},\"image\":{\"@id\":\"https:\/\/tourcruiser.com\/fr\/products\/women-nikecourt-air-zoom-vapor-pro-pink-foam-glacier-blue\/#primaryimage\"},\"thumbnailUrl\":\"https:\/\/images.novelship.com\/product\/_women__nikecourt_air_zoom_vapor_pro__pink_foam_gl_0_49671.jpeg\",\"datePublished\":\"2026-03-02T08:03:35+00:00\",\"dateModified\":\"2026-03-14T11:26:49+00:00\",\"breadcrumb\":{\"@id\":\"https:\/\/tourcruiser.com\/fr\/products\/women-nikecourt-air-zoom-vapor-pro-pink-foam-glacier-blue\/#breadcrumb\"},\"inLanguage\":\"fr-FR\",\"potentialAction\":[{\"@type\":\"ReadAction\",\"target\":[\"https:\/\/tourcruiser.com\/fr\/products\/women-nikecourt-air-zoom-vapor-pro-pink-foam-glacier-blue\/\"]}]},{\"@type\":\"ImageObject\",\"inLanguage\":\"fr-FR\",\"@id\":\"https:\/\/tourcruiser.com\/fr\/products\/women-nikecourt-air-zoom-vapor-pro-pink-foam-glacier-blue\/#primaryimage\",\"url\":\"https:\/\/images.novelship.com\/product\/_women__nikecourt_air_zoom_vapor_pro__pink_foam_gl_0_49671.jpeg\",\"contentUrl\":\"https:\/\/images.novelship.com\/product\/_women__nikecourt_air_zoom_vapor_pro__pink_foam_gl_0_49671.jpeg\"},{\"@type\":\"BreadcrumbList\",\"@id\":\"https:\/\/tourcruiser.com\/fr\/products\/women-nikecourt-air-zoom-vapor-pro-pink-foam-glacier-blue\/#breadcrumb\",\"itemListElement\":[{\"@type\":\"ListItem\",\"position\":1,\"name\":\"Home\",\"item\":\"https:\/\/tourcruiser.com\/fr\/\"},{\"@type\":\"ListItem\",\"position\":2,\"name\":\"Shop\",\"item\":\"https:\/\/tourcruiser.com\/fr\/shop\/\"},{\"@type\":\"ListItem\",\"position\":3,\"name\":\"(Women) NikeCourt Air Zoom Vapor Pro 'Pink Foam Glacier Blue'\"}]},{\"@type\":\"WebSite\",\"@id\":\"https:\/\/tourcruiser.com\/fr\/#website\",\"url\":\"https:\/\/tourcruiser.com\/fr\/\",\"name\":\"Styloral Jewelry Shop\",\"description\":\"Tourcruiser Sneaker Store \u2014 L\u2019endroit o\u00f9 l\u2019univers rencontre votre singularit\u00e9.\",\"publisher\":{\"@id\":\"https:\/\/tourcruiser.com\/fr\/#organization\"},\"potentialAction\":[{\"@type\":\"SearchAction\",\"target\":{\"@type\":\"EntryPoint\",\"urlTemplate\":\"https:\/\/tourcruiser.com\/fr\/?s={search_term_string}\"},\"query-input\":{\"@type\":\"PropertyValueSpecification\",\"valueRequired\":true,\"valueName\":\"search_term_string\"}}],\"inLanguage\":\"fr-FR\"},{\"@type\":\"Organization\",\"@id\":\"https:\/\/tourcruiser.com\/fr\/#organization\",\"name\":\"STYLORAL PTE. LTD\",\"url\":\"https:\/\/tourcruiser.com\/fr\/\",\"logo\":{\"@type\":\"ImageObject\",\"inLanguage\":\"fr-FR\",\"@id\":\"https:\/\/tourcruiser.com\/fr\/#\/schema\/logo\/image\/\",\"url\":\"https:\/\/www.tourcruiser.com\/wp-content\/uploads\/2025\/12\/logo.png\",\"contentUrl\":\"https:\/\/www.tourcruiser.com\/wp-content\/uploads\/2025\/12\/logo.png\",\"width\":200,\"height\":65,\"caption\":\"STYLORAL PTE. LTD\"},\"image\":{\"@id\":\"https:\/\/tourcruiser.com\/fr\/#\/schema\/logo\/image\/\"}}]}<\/script>\n<!-- \/ Yoast SEO plugin. -->","yoast_head_json":{"title":"(Women) NikeCourt Air Zoom Vapor Pro 'Pink Foam Glacier Blue' - TOURCRUISER PTE. LTD","robots":{"index":"index","follow":"follow","max-snippet":"max-snippet:-1","max-image-preview":"max-image-preview:large","max-video-preview":"max-video-preview:-1"},"canonical":"https:\/\/tourcruiser.com\/fr\/products\/women-nikecourt-air-zoom-vapor-pro-pink-foam-glacier-blue\/","og_locale":"fr_FR","og_type":"article","og_title":"(Women) NikeCourt Air Zoom Vapor Pro 'Pink Foam Glacier Blue' - TOURCRUISER PTE. LTD","og_description":"Nike NikeCourt Air Zoom Vapor Pro \u201d\u201d Glacier Blue\/White\/Pink Foam\/Midnight Navy","og_url":"https:\/\/tourcruiser.com\/fr\/products\/women-nikecourt-air-zoom-vapor-pro-pink-foam-glacier-blue\/","og_site_name":"Tourcruiser Sneaker Store","article_modified_time":"2026-03-14T11:26:49+00:00","twitter_card":"summary_large_image","twitter_image":"https:\/\/images.novelship.com\/product\/_women__nikecourt_air_zoom_vapor_pro__pink_foam_gl_0_49671.jpeg","twitter_misc":{"Dur\u00e9e de lecture estim\u00e9e":"1 minute"},"schema":{"@context":"https:\/\/schema.org","@graph":[{"@type":"WebPage","@id":"https:\/\/tourcruiser.com\/fr\/products\/women-nikecourt-air-zoom-vapor-pro-pink-foam-glacier-blue\/","url":"https:\/\/tourcruiser.com\/fr\/products\/women-nikecourt-air-zoom-vapor-pro-pink-foam-glacier-blue\/","name":"(Women) NikeCourt Air Zoom Vapor Pro 'Pink Foam Glacier Blue' - TOURCRUISER PTE. LTD","isPartOf":{"@id":"https:\/\/tourcruiser.com\/fr\/#website"},"primaryImageOfPage":{"@id":"https:\/\/tourcruiser.com\/fr\/products\/women-nikecourt-air-zoom-vapor-pro-pink-foam-glacier-blue\/#primaryimage"},"image":{"@id":"https:\/\/tourcruiser.com\/fr\/products\/women-nikecourt-air-zoom-vapor-pro-pink-foam-glacier-blue\/#primaryimage"},"thumbnailUrl":"https:\/\/images.novelship.com\/product\/_women__nikecourt_air_zoom_vapor_pro__pink_foam_gl_0_49671.jpeg","datePublished":"2026-03-02T08:03:35+00:00","dateModified":"2026-03-14T11:26:49+00:00","breadcrumb":{"@id":"https:\/\/tourcruiser.com\/fr\/products\/women-nikecourt-air-zoom-vapor-pro-pink-foam-glacier-blue\/#breadcrumb"},"inLanguage":"fr-FR","potentialAction":[{"@type":"ReadAction","target":["https:\/\/tourcruiser.com\/fr\/products\/women-nikecourt-air-zoom-vapor-pro-pink-foam-glacier-blue\/"]}]},{"@type":"ImageObject","inLanguage":"fr-FR","@id":"https:\/\/tourcruiser.com\/fr\/products\/women-nikecourt-air-zoom-vapor-pro-pink-foam-glacier-blue\/#primaryimage","url":"https:\/\/images.novelship.com\/product\/_women__nikecourt_air_zoom_vapor_pro__pink_foam_gl_0_49671.jpeg","contentUrl":"https:\/\/images.novelship.com\/product\/_women__nikecourt_air_zoom_vapor_pro__pink_foam_gl_0_49671.jpeg"},{"@type":"BreadcrumbList","@id":"https:\/\/tourcruiser.com\/fr\/products\/women-nikecourt-air-zoom-vapor-pro-pink-foam-glacier-blue\/#breadcrumb","itemListElement":[{"@type":"ListItem","position":1,"name":"Home","item":"https:\/\/tourcruiser.com\/fr\/"},{"@type":"ListItem","position":2,"name":"Shop","item":"https:\/\/tourcruiser.com\/fr\/shop\/"},{"@type":"ListItem","position":3,"name":"(Women) NikeCourt Air Zoom Vapor Pro 'Pink Foam Glacier Blue'"}]},{"@type":"WebSite","@id":"https:\/\/tourcruiser.com\/fr\/#website","url":"https:\/\/tourcruiser.com\/fr\/","name":"Styloral Jewelry Shop","description":"Tourcruiser Sneaker Store \u2014 L\u2019endroit o\u00f9 l\u2019univers rencontre votre singularit\u00e9.","publisher":{"@id":"https:\/\/tourcruiser.com\/fr\/#organization"},"potentialAction":[{"@type":"SearchAction","target":{"@type":"EntryPoint","urlTemplate":"https:\/\/tourcruiser.com\/fr\/?s={search_term_string}"},"query-input":{"@type":"PropertyValueSpecification","valueRequired":true,"valueName":"search_term_string"}}],"inLanguage":"fr-FR"},{"@type":"Organization","@id":"https:\/\/tourcruiser.com\/fr\/#organization","name":"STYLORAL PTE. LTD","url":"https:\/\/tourcruiser.com\/fr\/","logo":{"@type":"ImageObject","inLanguage":"fr-FR","@id":"https:\/\/tourcruiser.com\/fr\/#\/schema\/logo\/image\/","url":"https:\/\/www.tourcruiser.com\/wp-content\/uploads\/2025\/12\/logo.png","contentUrl":"https:\/\/www.tourcruiser.com\/wp-content\/uploads\/2025\/12\/logo.png","width":200,"height":65,"caption":"STYLORAL PTE. LTD"},"image":{"@id":"https:\/\/tourcruiser.com\/fr\/#\/schema\/logo\/image\/"}}]}},"_links":{"self":[{"href":"https:\/\/tourcruiser.com\/fr\/wp-json\/wp\/v2\/product\/46933","targetHints":{"allow":["GET"]}}],"collection":[{"href":"https:\/\/tourcruiser.com\/fr\/wp-json\/wp\/v2\/product"}],"about":[{"href":"https:\/\/tourcruiser.com\/fr\/wp-json\/wp\/v2\/types\/product"}],"replies":[{"embeddable":true,"href":"https:\/\/tourcruiser.com\/fr\/wp-json\/wp\/v2\/comments?post=46933"}],"wp:featuredmedia":[{"embeddable":true,"href":"https:\/\/tourcruiser.com\/fr\/wp-json\/wp\/v2\/media\/46934"}],"wp:attachment":[{"href":"https:\/\/tourcruiser.com\/fr\/wp-json\/wp\/v2\/media?parent=46933"}],"wp:term":[{"taxonomy":"product_brand","embeddable":true,"href":"https:\/\/tourcruiser.com\/fr\/wp-json\/wp\/v2\/product_brand?post=46933"},{"taxonomy":"product_cat","embeddable":true,"href":"https:\/\/tourcruiser.com\/fr\/wp-json\/wp\/v2\/product_cat?post=46933"},{"taxonomy":"product_tag","embeddable":true,"href":"https:\/\/tourcruiser.com\/fr\/wp-json\/wp\/v2\/product_tag?post=46933"}],"curies":[{"name":"wp","href":"https:\/\/api.w.org\/{rel}","templated":true}]}}