{"id":4675,"date":"2025-12-25T12:51:50","date_gmt":"2025-12-25T05:51:50","guid":{"rendered":"https:\/\/tourcruiser.com\/product\/sarcastic-surgeon-sunflower-bracelet-gifts-christmas-holiday-gifts-for-surgeon-birthday-message-card-surgeon-because-greatness-is-woven-into-the-fabric-2\/"},"modified":"2026-03-14T17:34:19","modified_gmt":"2026-03-14T10:34:19","slug":"sarcastic-surgeon-sunflower-bracelet-gifts-christmas-holiday-gifts-for-surgeon-birthday-message-card-surgeon-because-greatness-is-woven-into-the-fabric-2","status":"publish","type":"product","link":"https:\/\/tourcruiser.com\/fr\/products\/sarcastic-surgeon-sunflower-bracelet-gifts-christmas-holiday-gifts-for-surgeon-birthday-message-card-surgeon-because-greatness-is-woven-into-the-fabric-2\/","title":{"rendered":"Sarcastic Surgeon Sunflower Bracelet Gifts, Christmas Holiday Gifts for Surgeon Birthday Message Card, Surgeon: Because greatness is woven into the fabric"},"content":{"rendered":"<p>Il y a des personnes dans nos vies qui illuminent nos journ\u00e9es, nous emplissant de joie et de positivit\u00e9. Confectionn\u00e9 avec amour et attention, ce bracelet est un cadeau pr\u00e9cieux pour quiconque a besoin de se rappeler sa capacit\u00e9 inn\u00e9e \u00e0 r\u00e9pandre le bonheur \u2013 pour un anniversaire, un anniversaire de mariage, No\u00ebl, la f\u00eate des M\u00e8res, ou simplement pour dire \u00ab Je t&rsquo;aime \u00bb.<\/p>\n<p>Orn\u00e9 d&rsquo;un magnifique pendentif tournesol, symbole de joie, d&rsquo;optimisme et d&rsquo;honn\u00eatet\u00e9.<\/p>\n<p>Fabriqu\u00e9 en argent sterling 925, avec des p\u00e9tales plaqu\u00e9s or 18 carats.<\/p>\n<p>Livr\u00e9 avec une carte message touchante dans un coffret cadeau de 7,5 x 7,5 cm.<\/p>\n<p>La cha\u00eene mesure 17 cm de long et est dot\u00e9e d&rsquo;une cha\u00eenette d&rsquo;extension ajustable de 3,3 cm, convenant ainsi \u00e0 tous les poignets et chevilles. Le pendentif mesure 2,5 cm de long.<\/p>\n<p>CADEAU ID\u00c9AL \u2013 Le tournesol repr\u00e9sente le bonheur, l&rsquo;optimisme, l&rsquo;honn\u00eatet\u00e9, la long\u00e9vit\u00e9, la paix, l&rsquo;admiration et la d\u00e9votion. Ce magnifique bracelet tournesol est un cadeau de qualit\u00e9 sup\u00e9rieure pour votre ni\u00e8ce, une fa\u00e7on id\u00e9ale d&rsquo;exprimer votre amour.<\/p>\n<p>HAUTE QUALIT\u00c9 &#8211; Ce bracelet tournesol est fabriqu\u00e9 en argent sterling 925 et ses p\u00e9tales sont plaqu\u00e9s or 18 carats. Hypoallerg\u00e9nique, il est tr\u00e8s agr\u00e9able \u00e0 porter.<\/p>\n<p>TAILLE AJUSTABLE &#8211; La cha\u00eene mesure 17 cm et poss\u00e8de une cha\u00eenette d&rsquo;extension pour s&rsquo;adapter \u00e0 tous les poignets et chevilles. Le pendentif mesure 2,5 cm.<\/p>\n<p>CARTE MESSAGE &#8211; Ce bracelet tournesol est accompagn\u00e9 d&rsquo;une carte message dans une petite bo\u00eete de 7,5 x 7,5 cm qui fera assur\u00e9ment plaisir \u00e0 la personne qui le recevra.<\/p>\n<p>CADEAU SIGNIFICATIF &#8211; Ce bracelet est un cadeau id\u00e9al pour un anniversaire, une remise de dipl\u00f4me, la f\u00eate des M\u00e8res, un anniversaire de mariage, Thanksgiving, No\u00ebl, la Saint-Valentin et toutes autres occasions.<\/p>\n","protected":false},"excerpt":{"rendered":"<p>Il y a des personnes dans nos vies qui illuminent nos journ\u00e9es, nous emplissant de joie et de positivit\u00e9. Confectionn\u00e9 avec amour et attention, ce bracelet est un cadeau pr\u00e9cieux pour quiconque a besoin de se rappeler sa capacit\u00e9 inn\u00e9e \u00e0 r\u00e9pandre le bonheur \u2013 pour un anniversaire, un anniversaire de mariage, No\u00ebl, la f\u00eate [&hellip;]<\/p>\n","protected":false},"featured_media":4667,"comment_status":"open","ping_status":"closed","template":"","meta":[],"product_brand":[],"product_cat":[211,207],"product_tag":[217],"class_list":{"0":"post-4675","1":"product","2":"type-product","3":"status-publish","4":"has-post-thumbnail","6":"product_cat-bracelets-jewelrys","7":"product_cat-jewelrys","8":"product_tag-bracelets","10":"first","11":"instock","12":"taxable","13":"shipping-taxable","14":"purchasable","15":"product-type-simple"},"wcpa_form_fields":null,"yoast_head":"<!-- This site is optimized with the Yoast SEO plugin v26.5 - https:\/\/yoast.com\/wordpress\/plugins\/seo\/ -->\n<title>Sarcastic Surgeon Sunflower Bracelet Gifts, Christmas Holiday Gifts for Surgeon Birthday Message Card, Surgeon: Because greatness is woven into the fabric - TOURCRUISER PTE. LTD<\/title>\n<meta name=\"robots\" content=\"index, follow, max-snippet:-1, max-image-preview:large, max-video-preview:-1\" \/>\n<link rel=\"canonical\" href=\"https:\/\/tourcruiser.com\/\" \/>\n<meta property=\"og:locale\" content=\"fr_FR\" \/>\n<meta property=\"og:type\" content=\"article\" \/>\n<meta property=\"og:title\" content=\"Sarcastic Surgeon Sunflower Bracelet Gifts, Christmas Holiday Gifts for Surgeon Birthday Message Card, Surgeon: Because greatness is woven into the fabric - TOURCRUISER PTE. LTD\" \/>\n<meta property=\"og:description\" content=\"Il y a des personnes dans nos vies qui illuminent nos journ\u00e9es, nous emplissant de joie et de positivit\u00e9. Confectionn\u00e9 avec amour et attention, ce bracelet est un cadeau pr\u00e9cieux pour quiconque a besoin de se rappeler sa capacit\u00e9 inn\u00e9e \u00e0 r\u00e9pandre le bonheur \u2013 pour un anniversaire, un anniversaire de mariage, No\u00ebl, la f\u00eate [&hellip;]\" \/>\n<meta property=\"og:url\" content=\"\/\" \/>\n<meta property=\"og:site_name\" content=\"Tourcruiser Sneaker Store\" \/>\n<meta property=\"article:modified_time\" content=\"2026-03-14T10:34:19+00:00\" \/>\n<meta property=\"og:image\" content=\"https:\/\/styloral.com\/wp-content\/uploads\/2025\/12\/sarcastic-surgeon-sunflower-bracelet-gifts-christmas-holiday-gifts-for-surgeon-birthday-message-card-surgeon-because-greatness-is-woven-into-the-fabric-of-every-day-coworkers-friends-mallard-moon-gift.png\" \/>\n\t<meta property=\"og:image:width\" content=\"1200\" \/>\n\t<meta property=\"og:image:height\" content=\"1200\" \/>\n\t<meta property=\"og:image:type\" content=\"image\/png\" \/>\n<meta name=\"twitter:card\" content=\"summary_large_image\" \/>\n<meta name=\"twitter:label1\" content=\"Dur\u00e9e de lecture estim\u00e9e\" \/>\n\t<meta name=\"twitter:data1\" content=\"2 minutes\" \/>\n<script type=\"application\/ld+json\" class=\"yoast-schema-graph\">{\"@context\":\"https:\/\/schema.org\",\"@graph\":[{\"@type\":\"WebPage\",\"@id\":\"\/\",\"url\":\"https:\/\/tourcruiser.com\/\",\"name\":\"Sarcastic Surgeon Sunflower Bracelet Gifts, Christmas Holiday Gifts for Surgeon Birthday Message Card, Surgeon: Because greatness is woven into the fabric - TOURCRUISER PTE. LTD\",\"isPartOf\":{\"@id\":\"https:\/\/tourcruiser.com\/fr\/#website\"},\"primaryImageOfPage\":{\"@id\":\"https:\/\/tourcruiser.com\/#primaryimage\"},\"image\":{\"@id\":\"https:\/\/tourcruiser.com\/#primaryimage\"},\"thumbnailUrl\":\"https:\/\/styloral.com\/wp-content\/uploads\/2025\/12\/sarcastic-surgeon-sunflower-bracelet-gifts-christmas-holiday-gifts-for-surgeon-birthday-message-card-surgeon-because-greatness-is-woven-into-the-fabric-of-every-day-coworkers-friends-mallard-moon-gift.png\",\"datePublished\":\"2025-12-25T05:51:50+00:00\",\"dateModified\":\"2026-03-14T10:34:19+00:00\",\"breadcrumb\":{\"@id\":\"https:\/\/tourcruiser.com\/#breadcrumb\"},\"inLanguage\":\"fr-FR\",\"potentialAction\":[{\"@type\":\"ReadAction\",\"target\":[\"https:\/\/tourcruiser.com\/\"]}]},{\"@type\":\"ImageObject\",\"inLanguage\":\"fr-FR\",\"@id\":\"https:\/\/tourcruiser.com\/#primaryimage\",\"url\":\"https:\/\/styloral.com\/wp-content\/uploads\/2025\/12\/sarcastic-surgeon-sunflower-bracelet-gifts-christmas-holiday-gifts-for-surgeon-birthday-message-card-surgeon-because-greatness-is-woven-into-the-fabric-of-every-day-coworkers-friends-mallard-moon-gift.png\",\"contentUrl\":\"https:\/\/styloral.com\/wp-content\/uploads\/2025\/12\/sarcastic-surgeon-sunflower-bracelet-gifts-christmas-holiday-gifts-for-surgeon-birthday-message-card-surgeon-because-greatness-is-woven-into-the-fabric-of-every-day-coworkers-friends-mallard-moon-gift.png\",\"width\":1200,\"height\":1200},{\"@type\":\"BreadcrumbList\",\"@id\":\"https:\/\/tourcruiser.com\/#breadcrumb\",\"itemListElement\":[{\"@type\":\"ListItem\",\"position\":1,\"name\":\"Home\",\"item\":\"https:\/\/tourcruiser.com\/fr\/\"},{\"@type\":\"ListItem\",\"position\":2,\"name\":\"Shop\",\"item\":\"https:\/\/tourcruiser.com\/fr\/shop\/\"},{\"@type\":\"ListItem\",\"position\":3,\"name\":\"Sarcastic Surgeon Sunflower Bracelet Gifts, Christmas Holiday Gifts for Surgeon Birthday Message Card, Surgeon: Because greatness is woven into the fabric\"}]},{\"@type\":\"WebSite\",\"@id\":\"https:\/\/tourcruiser.com\/fr\/#website\",\"url\":\"https:\/\/tourcruiser.com\/fr\/\",\"name\":\"Styloral Jewelry Shop\",\"description\":\"Tourcruiser Sneaker Store \u2014 L\u2019endroit o\u00f9 l\u2019univers rencontre votre singularit\u00e9.\",\"publisher\":{\"@id\":\"https:\/\/tourcruiser.com\/fr\/#organization\"},\"potentialAction\":[{\"@type\":\"SearchAction\",\"target\":{\"@type\":\"EntryPoint\",\"urlTemplate\":\"https:\/\/tourcruiser.com\/fr\/?s={search_term_string}\"},\"query-input\":{\"@type\":\"PropertyValueSpecification\",\"valueRequired\":true,\"valueName\":\"search_term_string\"}}],\"inLanguage\":\"fr-FR\"},{\"@type\":\"Organization\",\"@id\":\"https:\/\/tourcruiser.com\/fr\/#organization\",\"name\":\"STYLORAL PTE. LTD\",\"url\":\"https:\/\/tourcruiser.com\/fr\/\",\"logo\":{\"@type\":\"ImageObject\",\"inLanguage\":\"fr-FR\",\"@id\":\"https:\/\/tourcruiser.com\/fr\/#\/schema\/logo\/image\/\",\"url\":\"https:\/\/www.tourcruiser.com\/wp-content\/uploads\/2025\/12\/logo.png\",\"contentUrl\":\"https:\/\/www.tourcruiser.com\/wp-content\/uploads\/2025\/12\/logo.png\",\"width\":200,\"height\":65,\"caption\":\"STYLORAL PTE. LTD\"},\"image\":{\"@id\":\"https:\/\/tourcruiser.com\/fr\/#\/schema\/logo\/image\/\"}}]}<\/script>\n<!-- \/ Yoast SEO plugin. -->","yoast_head_json":{"title":"Sarcastic Surgeon Sunflower Bracelet Gifts, Christmas Holiday Gifts for Surgeon Birthday Message Card, Surgeon: Because greatness is woven into the fabric - TOURCRUISER PTE. LTD","robots":{"index":"index","follow":"follow","max-snippet":"max-snippet:-1","max-image-preview":"max-image-preview:large","max-video-preview":"max-video-preview:-1"},"canonical":"https:\/\/tourcruiser.com\/","og_locale":"fr_FR","og_type":"article","og_title":"Sarcastic Surgeon Sunflower Bracelet Gifts, Christmas Holiday Gifts for Surgeon Birthday Message Card, Surgeon: Because greatness is woven into the fabric - TOURCRUISER PTE. LTD","og_description":"Il y a des personnes dans nos vies qui illuminent nos journ\u00e9es, nous emplissant de joie et de positivit\u00e9. Confectionn\u00e9 avec amour et attention, ce bracelet est un cadeau pr\u00e9cieux pour quiconque a besoin de se rappeler sa capacit\u00e9 inn\u00e9e \u00e0 r\u00e9pandre le bonheur \u2013 pour un anniversaire, un anniversaire de mariage, No\u00ebl, la f\u00eate [&hellip;]","og_url":"\/","og_site_name":"Tourcruiser Sneaker Store","article_modified_time":"2026-03-14T10:34:19+00:00","og_image":[{"width":1200,"height":1200,"url":"https:\/\/styloral.com\/wp-content\/uploads\/2025\/12\/sarcastic-surgeon-sunflower-bracelet-gifts-christmas-holiday-gifts-for-surgeon-birthday-message-card-surgeon-because-greatness-is-woven-into-the-fabric-of-every-day-coworkers-friends-mallard-moon-gift.png","type":"image\/png"}],"twitter_card":"summary_large_image","twitter_misc":{"Dur\u00e9e de lecture estim\u00e9e":"2 minutes"},"schema":{"@context":"https:\/\/schema.org","@graph":[{"@type":"WebPage","@id":"\/","url":"https:\/\/tourcruiser.com\/","name":"Sarcastic Surgeon Sunflower Bracelet Gifts, Christmas Holiday Gifts for Surgeon Birthday Message Card, Surgeon: Because greatness is woven into the fabric - TOURCRUISER PTE. LTD","isPartOf":{"@id":"https:\/\/tourcruiser.com\/fr\/#website"},"primaryImageOfPage":{"@id":"https:\/\/tourcruiser.com\/#primaryimage"},"image":{"@id":"https:\/\/tourcruiser.com\/#primaryimage"},"thumbnailUrl":"https:\/\/styloral.com\/wp-content\/uploads\/2025\/12\/sarcastic-surgeon-sunflower-bracelet-gifts-christmas-holiday-gifts-for-surgeon-birthday-message-card-surgeon-because-greatness-is-woven-into-the-fabric-of-every-day-coworkers-friends-mallard-moon-gift.png","datePublished":"2025-12-25T05:51:50+00:00","dateModified":"2026-03-14T10:34:19+00:00","breadcrumb":{"@id":"https:\/\/tourcruiser.com\/#breadcrumb"},"inLanguage":"fr-FR","potentialAction":[{"@type":"ReadAction","target":["https:\/\/tourcruiser.com\/"]}]},{"@type":"ImageObject","inLanguage":"fr-FR","@id":"https:\/\/tourcruiser.com\/#primaryimage","url":"https:\/\/styloral.com\/wp-content\/uploads\/2025\/12\/sarcastic-surgeon-sunflower-bracelet-gifts-christmas-holiday-gifts-for-surgeon-birthday-message-card-surgeon-because-greatness-is-woven-into-the-fabric-of-every-day-coworkers-friends-mallard-moon-gift.png","contentUrl":"https:\/\/styloral.com\/wp-content\/uploads\/2025\/12\/sarcastic-surgeon-sunflower-bracelet-gifts-christmas-holiday-gifts-for-surgeon-birthday-message-card-surgeon-because-greatness-is-woven-into-the-fabric-of-every-day-coworkers-friends-mallard-moon-gift.png","width":1200,"height":1200},{"@type":"BreadcrumbList","@id":"https:\/\/tourcruiser.com\/#breadcrumb","itemListElement":[{"@type":"ListItem","position":1,"name":"Home","item":"https:\/\/tourcruiser.com\/fr\/"},{"@type":"ListItem","position":2,"name":"Shop","item":"https:\/\/tourcruiser.com\/fr\/shop\/"},{"@type":"ListItem","position":3,"name":"Sarcastic Surgeon Sunflower Bracelet Gifts, Christmas Holiday Gifts for Surgeon Birthday Message Card, Surgeon: Because greatness is woven into the fabric"}]},{"@type":"WebSite","@id":"https:\/\/tourcruiser.com\/fr\/#website","url":"https:\/\/tourcruiser.com\/fr\/","name":"Styloral Jewelry Shop","description":"Tourcruiser Sneaker Store \u2014 L\u2019endroit o\u00f9 l\u2019univers rencontre votre singularit\u00e9.","publisher":{"@id":"https:\/\/tourcruiser.com\/fr\/#organization"},"potentialAction":[{"@type":"SearchAction","target":{"@type":"EntryPoint","urlTemplate":"https:\/\/tourcruiser.com\/fr\/?s={search_term_string}"},"query-input":{"@type":"PropertyValueSpecification","valueRequired":true,"valueName":"search_term_string"}}],"inLanguage":"fr-FR"},{"@type":"Organization","@id":"https:\/\/tourcruiser.com\/fr\/#organization","name":"STYLORAL PTE. LTD","url":"https:\/\/tourcruiser.com\/fr\/","logo":{"@type":"ImageObject","inLanguage":"fr-FR","@id":"https:\/\/tourcruiser.com\/fr\/#\/schema\/logo\/image\/","url":"https:\/\/www.tourcruiser.com\/wp-content\/uploads\/2025\/12\/logo.png","contentUrl":"https:\/\/www.tourcruiser.com\/wp-content\/uploads\/2025\/12\/logo.png","width":200,"height":65,"caption":"STYLORAL PTE. LTD"},"image":{"@id":"https:\/\/tourcruiser.com\/fr\/#\/schema\/logo\/image\/"}}]}},"_links":{"self":[{"href":"https:\/\/tourcruiser.com\/fr\/wp-json\/wp\/v2\/product\/4675","targetHints":{"allow":["GET"]}}],"collection":[{"href":"https:\/\/tourcruiser.com\/fr\/wp-json\/wp\/v2\/product"}],"about":[{"href":"https:\/\/tourcruiser.com\/fr\/wp-json\/wp\/v2\/types\/product"}],"replies":[{"embeddable":true,"href":"https:\/\/tourcruiser.com\/fr\/wp-json\/wp\/v2\/comments?post=4675"}],"wp:featuredmedia":[{"embeddable":true,"href":"https:\/\/tourcruiser.com\/fr\/wp-json\/wp\/v2\/media\/4667"}],"wp:attachment":[{"href":"https:\/\/tourcruiser.com\/fr\/wp-json\/wp\/v2\/media?parent=4675"}],"wp:term":[{"taxonomy":"product_brand","embeddable":true,"href":"https:\/\/tourcruiser.com\/fr\/wp-json\/wp\/v2\/product_brand?post=4675"},{"taxonomy":"product_cat","embeddable":true,"href":"https:\/\/tourcruiser.com\/fr\/wp-json\/wp\/v2\/product_cat?post=4675"},{"taxonomy":"product_tag","embeddable":true,"href":"https:\/\/tourcruiser.com\/fr\/wp-json\/wp\/v2\/product_tag?post=4675"}],"curies":[{"name":"wp","href":"https:\/\/api.w.org\/{rel}","templated":true}]}}