{"id":4650,"date":"2025-12-25T12:51:29","date_gmt":"2025-12-25T05:51:29","guid":{"rendered":"https:\/\/tourcruiser.com\/product\/uncle-black-rope-bracelet-everyone-wishes-they-had-inspirational-bracelet-for-uncle-uncle-gifts-birthday-christmas-unique-gifts-for-uncle\/"},"modified":"2026-03-14T17:34:15","modified_gmt":"2026-03-14T10:34:15","slug":"uncle-black-rope-bracelet-everyone-wishes-they-had-inspirational-bracelet-for-uncle-uncle-gifts-birthday-christmas-unique-gifts-for-uncle","status":"publish","type":"product","link":"https:\/\/tourcruiser.com\/fr\/products\/uncle-black-rope-bracelet-everyone-wishes-they-had-inspirational-bracelet-for-uncle-uncle-gifts-birthday-christmas-unique-gifts-for-uncle\/","title":{"rendered":"Uncle Black Rope Bracelet, Everyone wishes they had, Inspirational Bracelet For Uncle, Uncle Gifts, Birthday Christmas Unique Gifts For Uncle"},"content":{"rendered":"<p>Notre bracelet \u00e0 fermoir coulissant grav\u00e9, r\u00e9alis\u00e9 \u00e0 la main, transcende le style et la symbolique pour devenir un cadeau v\u00e9ritablement pr\u00e9cieux. Confectionn\u00e9 avec soin et pr\u00e9cision, ce bracelet capture l&rsquo;essence d&rsquo;une personne ch\u00e8re et s&rsquo;adapte \u00e0 toutes les occasions. Con\u00e7u pour un \u00eatre aim\u00e9, ce bracelet porte un message sinc\u00e8re qui touche directement l&rsquo;\u00e2me. Que ce soit pour la Saint-Valentin, Thanksgiving, No\u00ebl, un anniversaire, une f\u00eate ou tout autre moment important, ce cadeau exprime avec \u00e9l\u00e9gance votre amour et votre reconnaissance. D\u00e9couvrez la beaut\u00e9 d&rsquo;un savoir-faire artisanal d&rsquo;exception. Soigneusement cr\u00e9\u00e9 par des artisans qualifi\u00e9s, chaque bracelet pr\u00e9sente des d\u00e9tails raffin\u00e9s qui refl\u00e8tent vos \u00e9motions et intentions les plus profondes. Mesurant environ 23 centim\u00e8tres de long et enti\u00e8rement ajustable, ce bracelet offre un design intemporel qui s&rsquo;adapte confortablement \u00e0 tous les poignets, alliant \u00e9l\u00e9gance et confort au quotidien. Fabriqu\u00e9 en argent, en acier inoxydable noir et en silicone, ce bracelet allie sophistication et durabilit\u00e9. R\u00e9sistant \u00e0 la rouille, \u00e0 la corrosion et au ternissement, il est con\u00e7u pour durer des ann\u00e9es. Chaque bracelet est pr\u00e9sent\u00e9 dans une pochette en velours noir haut de gamme, ajoutant une touche d&rsquo;\u00e9l\u00e9gance suppl\u00e9mentaire et garantissant une exp\u00e9rience de d\u00e9ballage m\u00e9morable.<\/p>\n","protected":false},"excerpt":{"rendered":"<p>Notre bracelet \u00e0 fermoir coulissant grav\u00e9, r\u00e9alis\u00e9 \u00e0 la main, transcende le style et la symbolique pour devenir un cadeau v\u00e9ritablement pr\u00e9cieux. Confectionn\u00e9 avec soin et pr\u00e9cision, ce bracelet capture l&rsquo;essence d&rsquo;une personne ch\u00e8re et s&rsquo;adapte \u00e0 toutes les occasions. Con\u00e7u pour un \u00eatre aim\u00e9, ce bracelet porte un message sinc\u00e8re qui touche directement l&rsquo;\u00e2me. [&hellip;]<\/p>\n","protected":false},"featured_media":4649,"comment_status":"open","ping_status":"closed","template":"","meta":[],"product_brand":[],"product_cat":[211,207],"product_tag":[217],"class_list":{"0":"post-4650","1":"product","2":"type-product","3":"status-publish","4":"has-post-thumbnail","6":"product_cat-bracelets-jewelrys","7":"product_cat-jewelrys","8":"product_tag-bracelets","10":"first","11":"instock","12":"taxable","13":"shipping-taxable","14":"purchasable","15":"product-type-simple"},"wcpa_form_fields":null,"yoast_head":"<!-- This site is optimized with the Yoast SEO plugin v26.5 - https:\/\/yoast.com\/wordpress\/plugins\/seo\/ -->\n<title>Uncle Black Rope Bracelet, Everyone wishes they had, Inspirational Bracelet For Uncle, Uncle Gifts, Birthday Christmas Unique Gifts For Uncle - TOURCRUISER PTE. LTD<\/title>\n<meta name=\"robots\" content=\"index, follow, max-snippet:-1, max-image-preview:large, max-video-preview:-1\" \/>\n<link rel=\"canonical\" href=\"https:\/\/tourcruiser.com\/\" \/>\n<meta property=\"og:locale\" content=\"fr_FR\" \/>\n<meta property=\"og:type\" content=\"article\" \/>\n<meta property=\"og:title\" content=\"Uncle Black Rope Bracelet, Everyone wishes they had, Inspirational Bracelet For Uncle, Uncle Gifts, Birthday Christmas Unique Gifts For Uncle - TOURCRUISER PTE. LTD\" \/>\n<meta property=\"og:description\" content=\"Notre bracelet \u00e0 fermoir coulissant grav\u00e9, r\u00e9alis\u00e9 \u00e0 la main, transcende le style et la symbolique pour devenir un cadeau v\u00e9ritablement pr\u00e9cieux. Confectionn\u00e9 avec soin et pr\u00e9cision, ce bracelet capture l&rsquo;essence d&rsquo;une personne ch\u00e8re et s&rsquo;adapte \u00e0 toutes les occasions. Con\u00e7u pour un \u00eatre aim\u00e9, ce bracelet porte un message sinc\u00e8re qui touche directement l&rsquo;\u00e2me. [&hellip;]\" \/>\n<meta property=\"og:url\" content=\"\/\" \/>\n<meta property=\"og:site_name\" content=\"Tourcruiser Sneaker Store\" \/>\n<meta property=\"article:modified_time\" content=\"2026-03-14T10:34:15+00:00\" \/>\n<meta property=\"og:image\" content=\"https:\/\/tourcruiser.com\/wp-content\/uploads\/2025\/12\/uncle-black-rope-bracelet-everyone-wishes-they-had-inspirational-bracelet-for-uncle-uncle-gifts-birthday-christmas-unique-gifts-for-uncle-mallard-moon-gift-shop-1.jpg\" \/>\n\t<meta property=\"og:image:width\" content=\"1908\" \/>\n\t<meta property=\"og:image:height\" content=\"1908\" \/>\n\t<meta property=\"og:image:type\" content=\"image\/jpeg\" \/>\n<meta name=\"twitter:card\" content=\"summary_large_image\" \/>\n<meta name=\"twitter:label1\" content=\"Dur\u00e9e de lecture estim\u00e9e\" \/>\n\t<meta name=\"twitter:data1\" content=\"1 minute\" \/>\n<script type=\"application\/ld+json\" class=\"yoast-schema-graph\">{\"@context\":\"https:\/\/schema.org\",\"@graph\":[{\"@type\":\"WebPage\",\"@id\":\"\/\",\"url\":\"https:\/\/tourcruiser.com\/\",\"name\":\"Uncle Black Rope Bracelet, Everyone wishes they had, Inspirational Bracelet For Uncle, Uncle Gifts, Birthday Christmas Unique Gifts For Uncle - TOURCRUISER PTE. LTD\",\"isPartOf\":{\"@id\":\"https:\/\/tourcruiser.com\/fr\/#website\"},\"primaryImageOfPage\":{\"@id\":\"https:\/\/tourcruiser.com\/#primaryimage\"},\"image\":{\"@id\":\"https:\/\/tourcruiser.com\/#primaryimage\"},\"thumbnailUrl\":\"https:\/\/tourcruiser.com\/wp-content\/uploads\/2025\/12\/uncle-black-rope-bracelet-everyone-wishes-they-had-inspirational-bracelet-for-uncle-uncle-gifts-birthday-christmas-unique-gifts-for-uncle-mallard-moon-gift-shop-1.jpg\",\"datePublished\":\"2025-12-25T05:51:29+00:00\",\"dateModified\":\"2026-03-14T10:34:15+00:00\",\"breadcrumb\":{\"@id\":\"https:\/\/tourcruiser.com\/#breadcrumb\"},\"inLanguage\":\"fr-FR\",\"potentialAction\":[{\"@type\":\"ReadAction\",\"target\":[\"https:\/\/tourcruiser.com\/\"]}]},{\"@type\":\"ImageObject\",\"inLanguage\":\"fr-FR\",\"@id\":\"https:\/\/tourcruiser.com\/#primaryimage\",\"url\":\"https:\/\/tourcruiser.com\/wp-content\/uploads\/2025\/12\/uncle-black-rope-bracelet-everyone-wishes-they-had-inspirational-bracelet-for-uncle-uncle-gifts-birthday-christmas-unique-gifts-for-uncle-mallard-moon-gift-shop-1.jpg\",\"contentUrl\":\"https:\/\/tourcruiser.com\/wp-content\/uploads\/2025\/12\/uncle-black-rope-bracelet-everyone-wishes-they-had-inspirational-bracelet-for-uncle-uncle-gifts-birthday-christmas-unique-gifts-for-uncle-mallard-moon-gift-shop-1.jpg\",\"width\":1908,\"height\":1908},{\"@type\":\"BreadcrumbList\",\"@id\":\"https:\/\/tourcruiser.com\/#breadcrumb\",\"itemListElement\":[{\"@type\":\"ListItem\",\"position\":1,\"name\":\"Home\",\"item\":\"https:\/\/tourcruiser.com\/fr\/\"},{\"@type\":\"ListItem\",\"position\":2,\"name\":\"Shop\",\"item\":\"https:\/\/tourcruiser.com\/fr\/shop\/\"},{\"@type\":\"ListItem\",\"position\":3,\"name\":\"Uncle Black Rope Bracelet, Everyone wishes they had, Inspirational Bracelet For Uncle, Uncle Gifts, Birthday Christmas Unique Gifts For Uncle\"}]},{\"@type\":\"WebSite\",\"@id\":\"https:\/\/tourcruiser.com\/fr\/#website\",\"url\":\"https:\/\/tourcruiser.com\/fr\/\",\"name\":\"Styloral Jewelry Shop\",\"description\":\"Tourcruiser Sneaker Store \u2014 L\u2019endroit o\u00f9 l\u2019univers rencontre votre singularit\u00e9.\",\"publisher\":{\"@id\":\"https:\/\/tourcruiser.com\/fr\/#organization\"},\"potentialAction\":[{\"@type\":\"SearchAction\",\"target\":{\"@type\":\"EntryPoint\",\"urlTemplate\":\"https:\/\/tourcruiser.com\/fr\/?s={search_term_string}\"},\"query-input\":{\"@type\":\"PropertyValueSpecification\",\"valueRequired\":true,\"valueName\":\"search_term_string\"}}],\"inLanguage\":\"fr-FR\"},{\"@type\":\"Organization\",\"@id\":\"https:\/\/tourcruiser.com\/fr\/#organization\",\"name\":\"STYLORAL PTE. LTD\",\"url\":\"https:\/\/tourcruiser.com\/fr\/\",\"logo\":{\"@type\":\"ImageObject\",\"inLanguage\":\"fr-FR\",\"@id\":\"https:\/\/tourcruiser.com\/fr\/#\/schema\/logo\/image\/\",\"url\":\"https:\/\/www.tourcruiser.com\/wp-content\/uploads\/2025\/12\/logo.png\",\"contentUrl\":\"https:\/\/www.tourcruiser.com\/wp-content\/uploads\/2025\/12\/logo.png\",\"width\":200,\"height\":65,\"caption\":\"STYLORAL PTE. LTD\"},\"image\":{\"@id\":\"https:\/\/tourcruiser.com\/fr\/#\/schema\/logo\/image\/\"}}]}<\/script>\n<!-- \/ Yoast SEO plugin. -->","yoast_head_json":{"title":"Uncle Black Rope Bracelet, Everyone wishes they had, Inspirational Bracelet For Uncle, Uncle Gifts, Birthday Christmas Unique Gifts For Uncle - TOURCRUISER PTE. LTD","robots":{"index":"index","follow":"follow","max-snippet":"max-snippet:-1","max-image-preview":"max-image-preview:large","max-video-preview":"max-video-preview:-1"},"canonical":"https:\/\/tourcruiser.com\/","og_locale":"fr_FR","og_type":"article","og_title":"Uncle Black Rope Bracelet, Everyone wishes they had, Inspirational Bracelet For Uncle, Uncle Gifts, Birthday Christmas Unique Gifts For Uncle - TOURCRUISER PTE. LTD","og_description":"Notre bracelet \u00e0 fermoir coulissant grav\u00e9, r\u00e9alis\u00e9 \u00e0 la main, transcende le style et la symbolique pour devenir un cadeau v\u00e9ritablement pr\u00e9cieux. Confectionn\u00e9 avec soin et pr\u00e9cision, ce bracelet capture l&rsquo;essence d&rsquo;une personne ch\u00e8re et s&rsquo;adapte \u00e0 toutes les occasions. Con\u00e7u pour un \u00eatre aim\u00e9, ce bracelet porte un message sinc\u00e8re qui touche directement l&rsquo;\u00e2me. [&hellip;]","og_url":"\/","og_site_name":"Tourcruiser Sneaker Store","article_modified_time":"2026-03-14T10:34:15+00:00","og_image":[{"width":1908,"height":1908,"url":"https:\/\/tourcruiser.com\/wp-content\/uploads\/2025\/12\/uncle-black-rope-bracelet-everyone-wishes-they-had-inspirational-bracelet-for-uncle-uncle-gifts-birthday-christmas-unique-gifts-for-uncle-mallard-moon-gift-shop-1.jpg","type":"image\/jpeg"}],"twitter_card":"summary_large_image","twitter_misc":{"Dur\u00e9e de lecture estim\u00e9e":"1 minute"},"schema":{"@context":"https:\/\/schema.org","@graph":[{"@type":"WebPage","@id":"\/","url":"https:\/\/tourcruiser.com\/","name":"Uncle Black Rope Bracelet, Everyone wishes they had, Inspirational Bracelet For Uncle, Uncle Gifts, Birthday Christmas Unique Gifts For Uncle - TOURCRUISER PTE. LTD","isPartOf":{"@id":"https:\/\/tourcruiser.com\/fr\/#website"},"primaryImageOfPage":{"@id":"https:\/\/tourcruiser.com\/#primaryimage"},"image":{"@id":"https:\/\/tourcruiser.com\/#primaryimage"},"thumbnailUrl":"https:\/\/tourcruiser.com\/wp-content\/uploads\/2025\/12\/uncle-black-rope-bracelet-everyone-wishes-they-had-inspirational-bracelet-for-uncle-uncle-gifts-birthday-christmas-unique-gifts-for-uncle-mallard-moon-gift-shop-1.jpg","datePublished":"2025-12-25T05:51:29+00:00","dateModified":"2026-03-14T10:34:15+00:00","breadcrumb":{"@id":"https:\/\/tourcruiser.com\/#breadcrumb"},"inLanguage":"fr-FR","potentialAction":[{"@type":"ReadAction","target":["https:\/\/tourcruiser.com\/"]}]},{"@type":"ImageObject","inLanguage":"fr-FR","@id":"https:\/\/tourcruiser.com\/#primaryimage","url":"https:\/\/tourcruiser.com\/wp-content\/uploads\/2025\/12\/uncle-black-rope-bracelet-everyone-wishes-they-had-inspirational-bracelet-for-uncle-uncle-gifts-birthday-christmas-unique-gifts-for-uncle-mallard-moon-gift-shop-1.jpg","contentUrl":"https:\/\/tourcruiser.com\/wp-content\/uploads\/2025\/12\/uncle-black-rope-bracelet-everyone-wishes-they-had-inspirational-bracelet-for-uncle-uncle-gifts-birthday-christmas-unique-gifts-for-uncle-mallard-moon-gift-shop-1.jpg","width":1908,"height":1908},{"@type":"BreadcrumbList","@id":"https:\/\/tourcruiser.com\/#breadcrumb","itemListElement":[{"@type":"ListItem","position":1,"name":"Home","item":"https:\/\/tourcruiser.com\/fr\/"},{"@type":"ListItem","position":2,"name":"Shop","item":"https:\/\/tourcruiser.com\/fr\/shop\/"},{"@type":"ListItem","position":3,"name":"Uncle Black Rope Bracelet, Everyone wishes they had, Inspirational Bracelet For Uncle, Uncle Gifts, Birthday Christmas Unique Gifts For Uncle"}]},{"@type":"WebSite","@id":"https:\/\/tourcruiser.com\/fr\/#website","url":"https:\/\/tourcruiser.com\/fr\/","name":"Styloral Jewelry Shop","description":"Tourcruiser Sneaker Store \u2014 L\u2019endroit o\u00f9 l\u2019univers rencontre votre singularit\u00e9.","publisher":{"@id":"https:\/\/tourcruiser.com\/fr\/#organization"},"potentialAction":[{"@type":"SearchAction","target":{"@type":"EntryPoint","urlTemplate":"https:\/\/tourcruiser.com\/fr\/?s={search_term_string}"},"query-input":{"@type":"PropertyValueSpecification","valueRequired":true,"valueName":"search_term_string"}}],"inLanguage":"fr-FR"},{"@type":"Organization","@id":"https:\/\/tourcruiser.com\/fr\/#organization","name":"STYLORAL PTE. LTD","url":"https:\/\/tourcruiser.com\/fr\/","logo":{"@type":"ImageObject","inLanguage":"fr-FR","@id":"https:\/\/tourcruiser.com\/fr\/#\/schema\/logo\/image\/","url":"https:\/\/www.tourcruiser.com\/wp-content\/uploads\/2025\/12\/logo.png","contentUrl":"https:\/\/www.tourcruiser.com\/wp-content\/uploads\/2025\/12\/logo.png","width":200,"height":65,"caption":"STYLORAL PTE. LTD"},"image":{"@id":"https:\/\/tourcruiser.com\/fr\/#\/schema\/logo\/image\/"}}]}},"_links":{"self":[{"href":"https:\/\/tourcruiser.com\/fr\/wp-json\/wp\/v2\/product\/4650","targetHints":{"allow":["GET"]}}],"collection":[{"href":"https:\/\/tourcruiser.com\/fr\/wp-json\/wp\/v2\/product"}],"about":[{"href":"https:\/\/tourcruiser.com\/fr\/wp-json\/wp\/v2\/types\/product"}],"replies":[{"embeddable":true,"href":"https:\/\/tourcruiser.com\/fr\/wp-json\/wp\/v2\/comments?post=4650"}],"wp:featuredmedia":[{"embeddable":true,"href":"https:\/\/tourcruiser.com\/fr\/wp-json\/wp\/v2\/media\/4649"}],"wp:attachment":[{"href":"https:\/\/tourcruiser.com\/fr\/wp-json\/wp\/v2\/media?parent=4650"}],"wp:term":[{"taxonomy":"product_brand","embeddable":true,"href":"https:\/\/tourcruiser.com\/fr\/wp-json\/wp\/v2\/product_brand?post=4650"},{"taxonomy":"product_cat","embeddable":true,"href":"https:\/\/tourcruiser.com\/fr\/wp-json\/wp\/v2\/product_cat?post=4650"},{"taxonomy":"product_tag","embeddable":true,"href":"https:\/\/tourcruiser.com\/fr\/wp-json\/wp\/v2\/product_tag?post=4650"}],"curies":[{"name":"wp","href":"https:\/\/api.w.org\/{rel}","templated":true}]}}